{"id":15595,"date":"2024-09-21T15:54:09","date_gmt":"2024-09-21T15:54:09","guid":{"rendered":"https:\/\/travelshelper.com\/staging\/?page_id=15595"},"modified":"2026-03-11T21:36:27","modified_gmt":"2026-03-11T21:36:27","slug":"krabi","status":"publish","type":"page","link":"https:\/\/travelshelper.com\/de\/destinations\/asia\/thailand\/krabi\/","title":{"rendered":"Krabi"},"content":{"rendered":"<p>Krabi liegt auf einem schmalen Landstrich, wo der Fluss sich zur Phang Nga-Bucht verbreitert. Unter einem oft von schnellen Wolken durchzogenen Himmel trifft die rote Erde auf das aquamarinblaue Wasser. Die Stadt, die 2020 etwas mehr als 32.000 Einwohner z\u00e4hlte, wirkt klein und doch am Rande von etwas Riesigem. Entlang des Flussufers thronen h\u00f6lzerne L\u00e4den auf Stelzen, deren L\u00e4den im Morgengrauen klappern, wenn Boote, beladen mit Reis, Obst und Netzen voller gefangener Fische, vorbeigleiten. Weiter im Landesinneren s\u00e4umen niedrige Geb\u00e4ude mit abbl\u00e4tternder Farbe die Stra\u00dfen, die zu einem gesch\u00e4ftigen Zentralmarkt f\u00fchren, wo die Luft zu gleichen Teilen von Chilidampf und Meeresbrise durchweht ist. An diesem Ort \u2013 650 Kilometer s\u00fcdlich der Hauptstadt \u2013 scheinen der Rhythmus des Lebens und der Gezeiten jeden Augenblick zu pr\u00e4gen.<\/p>\n<p>In den letzten Jahren des 18. Jahrhunderts, kurz nachdem sich der thail\u00e4ndische Hof in Bangkok niedergelassen hatte, entsandte der Gouverneur von Nakhon Si Thammarat einen Wesir namens Phra Palad mit der Aufsicht \u00fcber einen Elefantenkraal in diese Stadt an der Flussm\u00fcndung. Der von Chao Phraya Nakhon Noi erlassene Befehl sollte dem wachsenden K\u00f6nigreich eine stetige Versorgung mit Kriegs- und Zeremonienelefanten sichern. Der Bau des Kraals zog nicht nur Mahouts und Handwerker an, sondern ganze Haushalte auf der Suche nach neuen M\u00f6glichkeiten. Sie lie\u00dfen sich in drei Weilern nieder \u2013 Pakasai, Khlong Pon und Pak Lao \u2013 und entwickelten entlang der schlammigen Ufer und Seitenkan\u00e4le jeweils ihre eigene Identit\u00e4t. Im Jahr 1872 erkannte K\u00f6nig Chulalongkorn die Ansammlung von D\u00f6rfern als eine einzige Gemeinde an und verlieh ihr den Namen Krabi, eine Bezeichnung, die auf ein altes Banner mit einem Affenemblem zur\u00fcckgeht. Zwei Jahre sp\u00e4ter erlangte die Stadt ihre administrative Unabh\u00e4ngigkeit von Nakhon Si Thammarat und unterstand nun direkt Bangkok. Ihr erster Gouverneur, Luang Thep Sena, \u00fcbernahm die Leitung eines Zust\u00e4ndigkeitsbereichs, der nicht mehr nur ein Satellit seines fr\u00fcheren Oberherrn, sondern eine eigenst\u00e4ndige Provinz war.<\/p>\n<p>Heute lebt Krabis Wirtschaft weitgehend von Besuchern, die der unverf\u00e4lschte Charme der Provinz und die raue Sch\u00f6nheit der umliegenden Inseln anziehen. Obwohl gro\u00dfe Teile der Provinz \u2013 Hat Noppharat Thara\u2013Mu Ko Phi Phi, Khao Phanom Bencha, Than Bokkhorani und die Meeresschutzgebiete \u2013 zum Nationalpark erkl\u00e4rt wurden, ist Krabi selbst eher ein Ausgangspunkt als ein Ziel. Von hier aus erkunden Tagesausfl\u00fcgler und Langzeitg\u00e4ste die \u00fcber 80 nahegelegenen Inseln, darunter die beliebten Attraktionen Ko Lanta und Ko Phi Phi. Im Landesinneren st\u00fcrzen Wasserf\u00e4lle durch den dichten Wald von Khao Phanom Bencha, w\u00e4hrend die Kalksteinh\u00f6hlen von Than Bokkhorani Kammern verbergen, aus denen Stalaktiten wie Kerzenwachs tropfen. Entlang der K\u00fcste bieten Mangrovenw\u00e4lder Reihern und Waranen Schutz. \u00dcberall laden Paddeltouren, Vogelbeobachtungen oder Wanderungen ein, mit F\u00fchrern, die genau wissen, wo Nashornv\u00f6gel nisten oder wo versteckte T\u00fcmpel zu finden sind.<\/p>\n<p>Die der Stadt am n\u00e4chsten gelegenen Str\u00e4nde \u2013 Ao Nang und Railay \u2013 sind von Klippen geformt, die fast senkrecht aus dem Sand ragen. Railay, das nur mit dem Langheckboot erreichbar ist, ist zu einem Anziehungspunkt f\u00fcr Kletterer geworden, die sich an \u00fcber Jahrtausende aus dem Kalkstein gehauenen L\u00f6chern und \u00dcberh\u00e4ngen versuchen wollen. Das j\u00e4hrliche Rock and Fire Festival Mitte April ist ein Adrenalinrausch, wenn die Kletterer auf Routen wie der ber\u00fchmten Vierfachseill\u00e4nge \u201eHumanality\u201c um Tempo und Stil wetteifern. Bei Flut wird Deep Water Soloing zu einer \u00dcbung f\u00fcr Gleichgewicht und Mut, wenn sich die Kletterer \u00fcber kilometerweit aufgew\u00fchltem Wasser an vom Meer geschrubbten W\u00e4nden entlangtasten. Trainer mehrerer lokaler Schulen treffen die Anf\u00e4nger im Morgengrauen am Strand, w\u00e4hrend erfahrenere Kletterer Seile zu entlegenen, vor der K\u00fcste sichtbaren Inselchen schleppen. Bei jedem Aufstieg ver\u00e4ndern das t\u00fcrkisfarbene Meer und die fernen Karstt\u00fcrme die Perspektive darauf, was es bedeutet, an der Grenze zwischen Luft und Fels zu stehen.<\/p>\n<p>Nicht alle Wunder liegen im Meer oder im Himmel. Bei Ban Laem Pho \u2013 etwa vierzig Kilometer nord\u00f6stlich der Stadt \u2013 liegt auf einer schmalen Landzunge ein Strand, dessen Sand Millionen versteinerter Schneckenh\u00e4user enth\u00e4lt. Diese \u00dcberreste sind etwa vierzig Millionen Jahre alt, als S\u00fc\u00dfwassers\u00fcmpfe diese heutige K\u00fcstenebene bedeckten. Sonnenlicht f\u00e4llt durch Mangrovenbl\u00e4tter und beleuchtet verkalkte Helixe und Spiralen, die in die Uferlinie eingebettet sind. Wissenschaftler und Hobby-Fossiliensammler kommen gleicherma\u00dfen mit Pinseln und Notizb\u00fcchern hierher und achten darauf, die zerbrechlichen Fragmente nicht zu besch\u00e4digen. \u00dcber uns blitzen Eisv\u00f6gel blau und gr\u00fcn auf, w\u00e4hrend Warane mit ihren gespaltenen Zungen nach im Schlamm vergrabenen Krabben suchen.<\/p>\n<p>Das Klima in Krabi spiegelt seine Lage an der Andamanensee wider. Von M\u00e4rz bis Anfang Dezember tragen Monsunwinde Feuchtigkeit an Land, und die zehnmonatige Regenzeit kann tagelangen, ununterbrochenen Regen bringen. Zwischen den St\u00fcrmen tanzen sonnenbeschienene Flecken auf der Wasseroberfl\u00e4che, und Stra\u00dfen k\u00f6nnen sich von staubigen Pisten in braune B\u00e4che verwandeln. In der Hitze vor den Regenf\u00e4llen stiegen die Thermometer am 31. M\u00e4rz 2023 auf bis zu 39,6 \u00b0C; umgekehrt sank der k\u00e4lteste Morgen, der hier jemals gemessen wurde, am 11. Januar 2009 auf 15,3 \u00b0C. Solche Extreme sind selten, aber sie erinnern die Bewohner daran, dass diese Landschaft von Kontrasten lebt \u2013 angeschwollene Fl\u00fcsse, die sich durch Kalksteinh\u00fcgel schneiden; pl\u00f6tzliche B\u00f6en vor klarem Himmel.<\/p>\n<p>Der Zugang zu Krabi hat sich seit den Anf\u00e4ngen der Flussboote und unbefestigten Wege erheblich weiterentwickelt. Seit 1999 verbindet der internationale Flughafen Krabi (KBV) die Region direkt mit Bangkok, Kuala Lumpur und saisonalen Charterfl\u00fcgen aus Europa. Der Flughafen liegt etwa 15 Kilometer vom Stadtzentrum entfernt und ist durch klimatisierte Busse erreichbar, die Passagiere vor dem Provinzgericht absetzen oder sie weiter zu den Str\u00e4nden von Ao Nang oder Had Yao bringen. Inl\u00e4ndische Fluggesellschaften \u2013 Air Asia, Bangkok Airways und Thai Airways \u2013 bieten mehrmals t\u00e4glich Verbindungen in die Hauptstadt an, w\u00e4hrend ein einziger Flug pro Tag Krabi mit Ko Samui verbindet. Internationale Routen konzentrieren sich auf Kuala Lumpur, wobei in der Hochsaison Charterfl\u00fcge verkehren.<\/p>\n<p>Neben dem Flugverkehr bleiben Stra\u00dfe und Schiene wichtige Verkehrswege. Der n\u00e4chste Bahnhof liegt in Surat Thani, dreieinhalb Stunden mit dem Bus oder Minivan n\u00f6rdlich gelegen, w\u00e4hrend Thung Song Junction s\u00fcdlich liegt und st\u00fcndlich mit Minivans verkehrt. Die Busse fahren vom Talad Kao Terminal in Krabi \u2013 sauber, gut ausgeschildert und mit kostenlosem WLAN \u2013 zum Southern Bus Terminal in Bangkok ab und ben\u00f6tigen etwa zw\u00f6lf Stunden. F\u00fcr k\u00fcrzere Strecken bringen private Minivans Reisende gegen einen g\u00fcnstigen Fahrpreis in weniger als zweieinhalb Stunden nach Surat Thani. Entlang der Andamanenk\u00fcste pendeln st\u00fcndlich wei\u00dfe Songthaews zwischen Krabi Town, Maharaj Road und Ao Nang Junction, auf deren Dachgep\u00e4cktr\u00e4gern Rucks\u00e4cke und Angelruten h\u00e4ngen.<\/p>\n<p>\u00dcber den Wasserweg verbinden regelm\u00e4\u00dfige F\u00e4hren Krabi mit Ko Phi Phi, Ko Jum und Ko Lanta. Die meisten F\u00e4hren legen von einem modernen Passagierhafen drei Kilometer au\u00dferhalb des Stadtzentrums ab und meiden die \u00e4lteren Piers, die f\u00fcr langsamere Schiffe vorgesehen waren. Reiseb\u00fcros und Hotelschalter verkaufen Tickets, die oft den Transfer mit dem Songthaew zum Pier beinhalten. Erfahrene Reisende wissen, dass ein Kauf kurz vor der Abfahrt Kosten spart. In der Hochsaison sind die F\u00e4hrpl\u00e4ne stark ausgelastet, in der Nebensaison k\u00f6nnen die Fahrpl\u00e4ne auf nur zwei Abfahrten pro Tag reduziert sein.<\/p>\n<p>Innerhalb der Stadtgrenzen zeichnen sich zwei unterschiedliche Gesichter ab. Entlang des Highway 4 wimmelt es in einer Reihe von Stra\u00dfenl\u00e4den und kleinen Einkaufszentren von Reisenden auf der Suche nach Snacks, SIM-Karten und schnellen Souvenirs. Weiter im Inneren, abseits des Verkehrsl\u00e4rms, \u00f6ffnet sich ein \u00fcbersichtliches Stra\u00dfennetz mit Caf\u00e9s und Bars, in denen Live-Bands Coversongs westlicher Hits schmettern. Hier mischen sich einheimische Familien mit Auswanderern und Rucksacktouristen, und das Tempo verlangsamt sich auf das gem\u00e4chliche Klicken von Mok-Mok-Telefonen und das Zischen von Espressomaschinen. Um ein tieferes Gef\u00fchl f\u00fcr den Ort zu bekommen, verweilen Besucher oft in diesem ruhigeren Viertel, probieren im Morgengrauen Kokosnusspfannkuchen oder schl\u00fcrfen Kr\u00e4utertee unter den Wedeln eines jahrhundertealten Banyanbaums.<\/p>\n<p>Kulturelle Sehensw\u00fcrdigkeiten liegen nur eine kurze Fahrt vom Stadtzentrum entfernt. Auf einem Kalksteinh\u00fcgel etwa drei Kilometer nordnord\u00f6stlich liegt Wat Tham Sua \u2013 oft auch Tigerh\u00f6hlentempel genannt \u2013 halb im Laub verborgen. Der H\u00f6hlenschrein an seinem Fu\u00df zeigt vergoldete Buddhafiguren, die am Felsen aufgereiht sind. Der Legende nach durchstreifte einst ein Tiger diese H\u00f6hlen. Zwei Treppen f\u00fchren von der Anlage hinauf: Eine f\u00fchrt \u00fcber 1.237 Stufen zu einem Buddha auf einem Berggipfel mit Panoramablick auf Reisfelder und K\u00fcste; die andere f\u00fchrt durch ein Tal namens \u201eWunderland\u201c, das mit kleineren Schreinen und Waldwegen \u00fcbers\u00e4t ist. Schilder warnen davor, die dort lebenden Affen zu f\u00fcttern, deren flinke H\u00e4nde und gelegentliche Bisse daran erinnern, dass hier noch Wildnis herrscht.<\/p>\n<p>N\u00e4her an der Stadt, an der Maharat Road, fangen die wei\u00df get\u00fcnchten Mauern und geschwungenen B\u00f6gen des Wat Kaew Korawaram die Sonne wie elfenbeinfarbene Kerzen ein. Erst vor wenigen Jahrzehnten fertiggestellt, erinnert sein Design an eine mehrschichtige Hochzeitstorte, die vor einem Hintergrund aus Palmwedeln zu leuchten scheint. Das Dhara Massage and Spa, versteckt in einer engen Gasse abseits der Issara Road, ist auf Touristenkarten kaum zu finden. Doch Einheimische und Eingeweihte loben die gr\u00fcndlichen Behandlungen, die von zwei Frauen durchgef\u00fchrt werden, deren Qualifikation und Sorgfalt ihnen eine treue Anh\u00e4ngerschaft eingebracht haben.<\/p>\n<p>F\u00fcr ein tieferes Eintauchen in die Mangroven bieten sich halbt\u00e4gige Mangroventouren an, die etwa 1.500 bis 2.500 Baht kosten und kleine Gruppen durch labyrinthartige Kan\u00e4le f\u00fchren, in denen Reiher an freiliegenden Wurzeln entlangschleichen. Eint\u00e4gige Bootsausfl\u00fcge \u2013 je nach Schiffstyp zwischen 1.000 und 3.000 Baht kosten \u2013 kombinieren Besuche von vier Inseln, darunter Hong und Phi Phi, und beinhalten in der Regel Transfers, Mittagessen, frisches Obst sowie die Grundausstattung zum Schnorcheln und Schwimmwesten. Reiseleiter verteilen Trockens\u00e4cke und sorgen daf\u00fcr, dass auch bei \u00dcberfahrten mit dem Schnellboot das Gef\u00fchl der Vertrautheit mit diesen Kalksteininseln erhalten bleibt.<\/p>\n<p>Wenn es Abend wird, erhellen Live-Musik und leise Gespr\u00e4che die Bars im Stadtzentrum. Die Rocky Bar, hoch \u00fcber dem Fluss gelegen, ist bekannt f\u00fcr ihre abendlichen Auff\u00fchrungen und zieht Scharen von Touristen und Thail\u00e4ndern an. Andere tummeln sich in den Stra\u00dfencaf\u00e9s, wo ein k\u00fchles Chang oder Singha die schw\u00fcle Tageszeit mildert. Die Gespr\u00e4che drehen sich um Klettertouren, den Preis von F\u00e4hrtickets, die besten Stra\u00dfenst\u00e4nde und den Zeitplan der Fl\u00fcge zur\u00fcck nach Bangkok. In diesen Gespr\u00e4chen \u2013 bei gemeinsamen Rollern oder an Tischen unter Bambuslampen \u2013 offenbart sich Krabis wahres Wesen: ein Ort, an dem Geschichte und moderne Wanderer aufeinandertreffen, wo der Flusslauf die Ank\u00fcnfte und Abreisen widerspiegelt, die das Leben an Thailands Westk\u00fcste pr\u00e4gen.<\/p>","protected":false},"excerpt":{"rendered":"<p>Die charmante K\u00fcstenstadt Krabi, die Hauptstadt der Provinz Krabi im S\u00fcden Thailands, liegt 650 Kilometer s\u00fcdlich von Bangkok. Mit 32.644 Einwohnern (Stand 2020) ist diese florierende Gemeinde eine Heimat f\u00fcr viele Menschen. An der Westk\u00fcste gelegen, wo der Krabi-Fluss in die Phang Nga-Bucht m\u00fcndet, ist Krabi ein Tor zu einigen der spektakul\u00e4rsten Naturwunder Thailands und hat sich zu einem wichtigen Teil der vom Tourismus gepr\u00e4gten Wirtschaft der Region entwickelt.<\/p>","protected":false},"author":1,"featured_media":4579,"parent":15536,"menu_order":0,"comment_status":"closed","ping_status":"closed","template":"elementor_theme","meta":{"_eb_attr":"","footnotes":""},"class_list":["post-15595","page","type-page","status-publish","has-post-thumbnail"],"_links":{"self":[{"href":"https:\/\/travelshelper.com\/de\/wp-json\/wp\/v2\/pages\/15595","targetHints":{"allow":["GET"]}}],"collection":[{"href":"https:\/\/travelshelper.com\/de\/wp-json\/wp\/v2\/pages"}],"about":[{"href":"https:\/\/travelshelper.com\/de\/wp-json\/wp\/v2\/types\/page"}],"author":[{"embeddable":true,"href":"https:\/\/travelshelper.com\/de\/wp-json\/wp\/v2\/users\/1"}],"replies":[{"embeddable":true,"href":"https:\/\/travelshelper.com\/de\/wp-json\/wp\/v2\/comments?post=15595"}],"version-history":[{"count":0,"href":"https:\/\/travelshelper.com\/de\/wp-json\/wp\/v2\/pages\/15595\/revisions"}],"up":[{"embeddable":true,"href":"https:\/\/travelshelper.com\/de\/wp-json\/wp\/v2\/pages\/15536"}],"wp:featuredmedia":[{"embeddable":true,"href":"https:\/\/travelshelper.com\/de\/wp-json\/wp\/v2\/media\/4579"}],"wp:attachment":[{"href":"https:\/\/travelshelper.com\/de\/wp-json\/wp\/v2\/media?parent=15595"}],"curies":[{"name":"wp","href":"https:\/\/api.w.org\/{rel}","templated":true}]}}