{"id":15466,"date":"2024-09-21T13:48:07","date_gmt":"2024-09-21T13:48:07","guid":{"rendered":"https:\/\/travelshelper.com\/staging\/?page_id=15466"},"modified":"2026-03-11T21:44:36","modified_gmt":"2026-03-11T21:44:36","slug":"asgabat","status":"publish","type":"page","link":"https:\/\/travelshelper.com\/de\/destinations\/asia\/turkmenistan\/ashgabat\/","title":{"rendered":"A\u015fgabat"},"content":{"rendered":"<p>Am Rande der Karakum-W\u00fcste, gesch\u00fctzt von den Ausl\u00e4ufern des Kopetdag, erhebt sich Aschgabat wie eine Fata Morgana aus hellem Sand. Auf einer H\u00f6he zwischen zweihundert und zweihundertf\u00fcnfundf\u00fcnfzig Metern \u00fcber dem Meeresspiegel ruht die Stadt auf den Sedimenten des urzeitlichen Paratethys-Meeres. Ihre Fundamente sind zugleich fragil und geschichtstr\u00e4chtig. Weniger als drei\u00dfig Kilometer von der iranischen Grenze entfernt, liegt Aschgabat in einer erdbebengef\u00e4hrdeten Oasenebene, trotzt jedoch den Erdbewegungen mit einer Entschlossenheit \u2013 einer Entschlossenheit, die ihren Charakter seit dem Moment pr\u00e4gt, als russische Soldaten 1881 erstmals Karten des Stammesdorfes zeichneten.<\/p>\n<p>Aus einer bescheidenen Siedlung mit Ahal-Tekkiner Jurten \u2013 fr\u00fchen russischen Besuchern zufolge vielleicht viertausend \u2013 entwickelte sich Aschgabat nach 1881 schlagartig zu einer Garnisonsstadt mit weniger als dreitausend Einwohnern, die fast ausschlie\u00dflich aus Russen bestand. Der Bau der Transkaspischen Eisenbahn um die Jahrhundertwende \u00f6ffnete die Stadt f\u00fcr Einwanderer aus dem Kaukasus, dem Wolga-Tal und Persien, wodurch sich ihre Bev\u00f6lkerung innerhalb eines Jahrzehnts fast verdoppelte. 1911 bev\u00f6lkerten rund 45.000 Einwohner die Stra\u00dfen; ethnische Russen bildeten die Mehrheit, begleitet von Armeniern, Persern und vereinzelten anderen Gruppen. 1924 wurde die Siedlung, damals unter dem sowjetischen Namen Poltoratsk bekannt, Sitz der Turkmenischen Sozialistischen Sowjetrepublik, und bald darauf begann der Anteil der Turkmenen innerhalb der Stadtgrenzen zu steigen, wenn auch allm\u00e4hlich, da die sowjetische Politik die Gesellschaft umgestaltete. Trotz dieser Ver\u00e4nderungen zerst\u00f6rte ein verheerendes Erdbeben im Oktober 1948 gro\u00dfe Teile des Stadtbildes, brachte Trag\u00f6dien \u00fcber die Stra\u00dfen von Aschgabat und legte ganze Stadtviertel in Schutt und Asche.<\/p>\n<p>Doch die Zerst\u00f6rung erwies sich als kaum mehr als ein Vorspiel zur Erneuerung. In den folgenden Jahrzehnten leitete der von den Sowjets erbaute Karakum-Kanal das Wasser des Amudarja von Ost nach West durch die Stadt und sorgte f\u00fcr G\u00e4rten und Neubauten. Als Turkmenistan 1991 seine Unabh\u00e4ngigkeit erlangte, startete Pr\u00e4sident Saparmurat Nijasow ein ehrgeiziges Stadterneuerungsprogramm. Unter seiner Leitung pr\u00e4gten ausl\u00e4ndische Firmen \u2013 vor allem das franz\u00f6sische Bouygues und die t\u00fcrkischen Konzerne Polimeks und Gap \u0130n\u015faat \u2013 eine Architektursprache, die auf griechisch-r\u00f6mischen S\u00e4ulen und persischen Kuppeln wurzelte, jede Oberfl\u00e4che mit leuchtend wei\u00dfem Marmor verkleidet. Ganze Boulevards schimmerten in der Sonne, S\u00e4ulen und Giebel wichen monumentalen Brunnen und Pl\u00e4tzen, die sowohl B\u00fcrger als auch Diplomaten beeindrucken sollten.<\/p>\n<p>Heute hat Aschgabat \u00fcber eine Million Einwohner, wobei Turkmenen mehr als drei Viertel der Bev\u00f6lkerung ausmachen. Russen machen etwa zehn Prozent aus, w\u00e4hrend kleinere Gemeinschaften von Usbeken, Aserbaidschanern, T\u00fcrken und anderen ihre eigenen kulturellen Enklaven unterhalten. Verwaltungstechnisch gliedert sich die Stadt in vier Hauptbezirke: Bagty\u00fdarlyk, Berkararlyk, B\u00fczme\u00fdin und K\u00f6petdag. Diese Bezirke umfassen eine Reihe von Mikrodistrikten \u2013 nummerierte Sektoren und benannte Viertel wie Howdan A, B und W sowie die Parahat-Reihe \u2013, die jeweils zur Rationalisierung der Versorgungs- und Wohnungsverwaltung eingerichtet wurden, jedoch ohne unabh\u00e4ngige lokale Verwaltung. Die sich ver\u00e4ndernden Grenzen dieser Einheiten spiegeln Aschgabats st\u00e4ndige Neuerfindung wider: Bezirke, die einst Lenins und Nijasows Namen trugen, wurden zusammengelegt und umbenannt, w\u00e4hrend Pl\u00e4ne f\u00fcr einen f\u00fcnften Bezirk, Altyn etraby, im neu getauften Erholungsgebiet Golden Lake, im Jahr 2020 angek\u00fcndigt wurden.<\/p>\n<p>Hinter der gl\u00e4nzenden Fassade der Stadterneuerung verbarg sich jedoch ein menschlicher Preis. Der Abriss marmorverkleideter Wohnt\u00fcrme f\u00fchrte oft zum Abriss von Einfamilienh\u00e4usern \u2013 Wohnh\u00e4user, die nach dem Erdbeben von 1948 wiederaufgebaut, aber nie offiziell registriert wurden \u2013, und in vielen F\u00e4llen wurden die Mieter ohne Entsch\u00e4digung vertrieben. Stadtteile wie Ruhabat und ehemalige Datschensiedlungen in Berzengi und Choganly verschwanden unter Bulldozern und lie\u00dfen ihre Bewohner hilflos zur\u00fcck.<\/p>\n<p>Geografisch gesehen herrscht in Aschgabat ein Klima, das unwirtlich und zugleich beeindruckend ist. Die Sommer sind gl\u00fchend hei\u00df: Nachmittagstemperaturen im Juli erreichen regelm\u00e4\u00dfig durchschnittlich 38,3 \u00b0C, selten sogar \u00fcber 47 \u00b0C. Die N\u00e4chte bieten nur eine milde Abk\u00fchlung mit Tiefsttemperaturen um 23,8 \u00b0C. Die Winter sind kurz und k\u00fchl, das Thermometer f\u00e4llt gelegentlich knapp unter den Gefrierpunkt; historische Aufzeichnungen verzeichnen einen Tiefstwert von \u201324,1 \u00b0C im Jahr 1969. Die Niederschlagsmenge kann der unerbittlichen Sonne kaum etwas anhaben und \u00fcbersteigt selten zweihundert Millimeter pro Jahr. Dennoch verzeichnete die Stadt im April 2022 \u00fcber dreihundert Millimeter Niederschlag, was die monatlichen Durchschnittswerte sprengte und die Einwohner an die Launenhaftigkeit dieser w\u00fcstenges\u00e4umten Ebene erinnerte.<\/p>\n<p>Die Architektur bleibt Aschgabats auff\u00e4lligstes Wahrzeichen. Nach Nijasows Tod im Jahr 2006 verschwand die Vorliebe f\u00fcr Kuppeln, au\u00dfer in sakralen R\u00e4umen, und wich modernistischen Motiven, die die Funktion eines Geb\u00e4udes signalisieren. Ein Globus thront auf dem Au\u00dfenministerium, dessen Inneres als Konferenzsaal dient; eine stilisierte M\u00fcnze kr\u00f6nt die Entwicklungsbank; das Ministerium f\u00fcr Gesundheit und Medizinindustrie hat die Form eines Caduceus; eine Zahnklinik \u00e4hnelt einem \u00fcberdimensionalen Backenzahn; und das falkenf\u00f6rmige Terminal des internationalen Flughafens von Aschgabat ragt gen Himmel; seine 2,3 Milliarden Dollar teure Erweiterung erm\u00f6glicht die Abfertigung von vierzehn Millionen Passagieren pro Jahr.<\/p>\n<p>Die wei\u00dfe Marmorfassade erstreckt sich bis zum Fernsehturm, dessen achteckiger Stern von Oguzkhan \u2013 das Emblem der alten t\u00fcrkischen Abstammung \u2013 als gr\u00f6\u00dfter architektonischer Stern ins Guinness-Buch der Rekorde aufgenommen wurde. St\u00e4dtische Denkm\u00e4ler sind in H\u00fclle und F\u00fclle entstanden: Seit der Unabh\u00e4ngigkeit wurden neben Statuen von Lenin und Puschkin auch Ehrungen f\u00fcr Magtymguly Pyragy, Taras Schewtschenko, Alp Arslan und Mustafa Kemal Atat\u00fcrk aufgestellt. In Parks wie Ylham und dem WDNCh-Komplex wachen Heldenb\u00fcsten \u00fcber baumges\u00e4umte Promenaden. Ein vergoldetes Nijasow-Bildnis rotierte einst auf dem Neutralit\u00e4tsbogen und orientierte sich der Sonne zu, bis es 2010 unter Pr\u00e4sident Gurbanguly Berdimuhamedow entfernt wurde.<\/p>\n<p>J\u00fcngste Erg\u00e4nzungen zeugen von der anhaltenden staatlichen F\u00f6rderung \u00f6ffentlicher Kunst. Im Mai 2015 wurde nahe dem Nationalstadion ein monumentales Abbild des amtierenden Pr\u00e4sidenten eingeweiht. 2020 entstanden bronzene Denkm\u00e4ler zum Gedenken an die turkmenische Hunderasse Alabay, und auf kreisf\u00f6rmigen Pl\u00e4tzen wurde ein Fahrraddenkmal enth\u00fcllt. Im Mai 2024 wurde am Fu\u00dfe des Kopetdag eine sechzig Meter hohe Skulptur von Magtymguly Pyragy errichtet, dem Dichter und Philosophen des 18. Jahrhunderts, dessen Verse das turkmenische Bewusstsein pr\u00e4gen. Im darauffolgenden Oktober wurde im Lachyn-Park eine Statue des kasachischen Dichters Abai Qunanbaiuly aufgestellt, die den transnationalen kulturellen Dialog der Stadt unterstreicht. Innerhalb des Kultur- und Parkkomplexes Magtymguly Pyragy zollen 24 Marmorfiguren Gr\u00f6\u00dfen von Dante und Goethe bis Tagore und Langston Hughes Tribut, jede einzelne mit der Absicht eingefangen, den einzigartigen Geist ihres Werks heraufzubeschw\u00f6ren.<\/p>\n<p>Doch hinter all dem Glanz verbirgt sich die Erinnerung. Die Gedenkst\u00e4tte Bekrewe w\u00fcrdigt die Opfer der Schlacht von Geok Tepe und des Zweiten Weltkriegs. Sie zeigt einen bronzenen Stier, der den Globus tr\u00e4gt \u2013 eine Anspielung auf das Erdbeben von 1948 \u2013 und turkmenische Krieger, die eine trauernde Witwe flankieren. Die staatliche Gedenkst\u00e4tte Halk Hakydasy, er\u00f6ffnet 2014, erinnert an die Opfer der Konflikte des sp\u00e4ten 19. Jahrhunderts, des Zweiten Weltkriegs und der Erdbebenopfer. Ihre W\u00e4nde sind mit Flachreliefs aus der turkmenischen Geschichte geschm\u00fcckt.<\/p>\n<p>Religi\u00f6se Architektur pr\u00e4gt eine weitere Ebene der Vergangenheit Aschgabats. 1908 entstand in der Stadt das erste Bah\u00e1&#039;\u00ed-Gebetshaus der Welt, umgeben von formellen G\u00e4rten und erg\u00e4nzt durch eine Schule, ein Krankenhaus, ein G\u00e4stehaus und Unterk\u00fcnfte f\u00fcr G\u00e4rtner. Im Zuge der sowjetischen S\u00e4kularisierung wurde das Anwesen 1928 aufgegeben und als Kunstgalerie umfunktioniert, bis es durch das Erdbeben irreparabel besch\u00e4digt und 1963 abgerissen wurde. Heute umfasst die religi\u00f6se Landschaft Moscheen wie die T\u00fcrkmenba\u015fy-Ruhy-Moschee, das t\u00fcrkisch finanzierte \u00c4rtogrul-Gazy-Geb\u00e4ude nach dem Vorbild der Istanbuler Sultan-Ahmed-Moschee und kleinere Nachbarschaftsheiligt\u00fcmer. Auch die Kirchen bestehen weiter: F\u00fcnf christliche Gottesh\u00e4user, darunter vier russisch-orthodoxe Pfarreien \u2013 St. Alexander Newski, St. Nikolaus der Wundert\u00e4ter, Christus die Auferstehung und St. Kyrill und Method \u2013 und eine r\u00f6misch-katholische Kapelle innerhalb der p\u00e4pstlichen Nuntiatur weisen trotz der offiziellen Kontrolle religi\u00f6ser Minderheiten eine bescheidene christliche Pr\u00e4senz auf.<\/p>\n<p>Das kulturelle Leben entfaltet sich in den Museen und Theatern, die \u00fcber die marmornen Pl\u00e4tze verstreut sind. Das Staatliche Museum des Staatlichen Kulturzentrums Turkmenistans pr\u00e4sentiert auf \u00fcber 160.000 Quadratmetern Sammlungen von parthischen Altert\u00fcmern bis hin zu moderner Teppichweberei, w\u00e4hrend das Pr\u00e4sidentenmuseum die Innen- und Au\u00dfenpolitik der Republik dokumentiert. Das Museum f\u00fcr Ethnografie und Lokalgeschichte untersucht die turkmenische Flora und Folklore, und private Initiativen wie der 2024 er\u00f6ffnete ART-bazar zeigen zeitgen\u00f6ssisches Kunsthandwerk. Veranstaltungsorte f\u00fcr darstellende K\u00fcnste \u2013 vom Nationalen Musik- und Dramatheater Magtymguly bis zum Turkmenischen Staatszirkus \u2013 bieten Programme mit Oper, Drama und Puppenspiel. Kinos, darunter das bahnbrechende dreidimensionale A\u015fgabat-Kino, befinden sich neben sechs weiteren Leinw\u00e4nden, von denen einige in neuen Einkaufskomplexen untergebracht sind. Die Staatsbibliothek, die 1892 gegr\u00fcndet und 1992 mit Nationalstatus ausgezeichnet wurde, verf\u00fcgt \u00fcber mehr als sechs Millionen B\u00e4nde. Die staatliche Kinderbibliothek mit einer Viertelmillion Artikeln f\u00f6rdert junge Leser.<\/p>\n<p>Parklandschaften bieten Erholung von Marmor und Verkehr. Der 1929 angelegte Botanische Garten, der \u00e4lteste seiner Art in Zentralasien, erstreckt sich \u00fcber 18 Hektar und beherbergt \u00fcber 500 Pflanzenarten. Der erste Park \u2013 der Aschgabat-Park \u2013 stammt aus dem Jahr 1887 und ist nach wie vor ein beliebtes Ziel f\u00fcr Familienausfl\u00fcge. Weitere Gr\u00fcnfl\u00e4chen wie G\u00fcne\u015f, der Turkmenisch-T\u00fcrkische Freundschaftspark und der Unabh\u00e4ngigkeitspark spiegeln die diplomatischen Beziehungen wider. Die k\u00fcnstliche Uferpromenade am Goldenen See l\u00e4dt zu Freizeitaktivit\u00e4ten und Wassersport ein. Der Vergn\u00fcgungspark \u201eWelt der Turkmenbashi-Geschichten\u201c mit seinen staatlich gef\u00f6rderten Fahrgesch\u00e4ften bietet eine lokale Variante internationaler Unterhaltung.<\/p>\n<p>Unter dieser Infrastrukturschicht ist Aschgabat f\u00fcr Ausl\u00e4nder eine kostspielige Realit\u00e4t. Umfragen aus den Jahren 2019 und 2020 stuften sie als die teuerste Stadt der Welt f\u00fcr Auswanderer und die zweitteuerste insgesamt ein, eine Folge der starken Inflation und hoher Einfuhrz\u00f6lle. Der innerst\u00e4dtische Nahverkehr besteht aus Bussen \u2013 \u00fcber 700 Fahrzeuge bedienen ein \u00fcber 2000 Kilometer langes Streckennetz \u2013 und Taxis, die an kleinen gr\u00fcnen Dachschildern zu erkennen sind. Eine 2016 er\u00f6ffnete Einschienenbahn-Schleife innerhalb des Olympischen Dorfes ist die erste Zentralasiens, und Seilbahnen verbinden die st\u00e4dtischen Durchgangsstra\u00dfen mit den Ausl\u00e4ufern des Kopetdag-Gebirges. Au\u00dferhalb der Stadtgrenzen verbinden 600 Kilometer Autobahn Aschgabat mit Tejen, Mary und T\u00fcrkmenabat und dar\u00fcber hinaus mit den Nachbarstaaten, w\u00e4hrend der wiederbelebte Bahnhof ein Ankerplatz f\u00fcr die Fernstrecken der Transkaspischen und Transkarakum-Linie ist.<\/p>\n<p>Aschgabats Name hat sich mit jeder Epoche gewandelt: einst \u201eStadt der Liebe\u201c, heute allgemein \u201eStadt des wei\u00dfen Marmors\u201c genannt. Hier pr\u00e4gte die Vision eines Mannes \u2013 zun\u00e4chst der Kolonialverwaltung, dann einer Sowjetrepublik und schlie\u00dflich eines unabh\u00e4ngigen Staates \u2013 jeden Platz und jede Fassade. Besucher der marmorverkleideten Terminals k\u00f6nnten sich f\u00fchlen, als w\u00e4ren sie in eine andere Welt eingetreten, in der Symmetrie und Ma\u00dfstab vorherrschen und jede S\u00e4ule, jede Kuppel und jedes Denkmal zwischen der Schwere der Geschichte und der Stille der W\u00fcste vermittelt. In dieser Spannung liegt das Wesen Aschgabats: zugleich zerbrechlich und unbezwingbar, eine aus Sand und \u00dcberzeugung geformte Hauptstadt, stets im Gleichgewicht zwischen dem Flackern der Erde und dem Glanz des Ehrgeizes.<\/p>","protected":false},"excerpt":{"rendered":"<p>Aschgabat, die Hauptstadt und bev\u00f6lkerungsreichste Stadt Turkmenistans, verk\u00f6rpert die einzigartige Verbindung von Geschichte und Moderne. Die zentralasiatische Stadt mit 1.030.063 Einwohnern (Stand: Volksz\u00e4hlung 2022) liegt eingebettet zwischen der Karakum-W\u00fcste und dem Kopetdag-Gebirge, etwa 50 Kilometer von der iranisch-turkmenischen Grenze entfernt. Als politisches, wirtschaftliches und kulturelles Zentrum bildet Aschgabat das Herz Turkmenistans.<\/p>","protected":false},"author":1,"featured_media":3617,"parent":15457,"menu_order":0,"comment_status":"closed","ping_status":"closed","template":"elementor_theme","meta":{"_eb_attr":"","footnotes":""},"class_list":["post-15466","page","type-page","status-publish","has-post-thumbnail"],"_links":{"self":[{"href":"https:\/\/travelshelper.com\/de\/wp-json\/wp\/v2\/pages\/15466","targetHints":{"allow":["GET"]}}],"collection":[{"href":"https:\/\/travelshelper.com\/de\/wp-json\/wp\/v2\/pages"}],"about":[{"href":"https:\/\/travelshelper.com\/de\/wp-json\/wp\/v2\/types\/page"}],"author":[{"embeddable":true,"href":"https:\/\/travelshelper.com\/de\/wp-json\/wp\/v2\/users\/1"}],"replies":[{"embeddable":true,"href":"https:\/\/travelshelper.com\/de\/wp-json\/wp\/v2\/comments?post=15466"}],"version-history":[{"count":0,"href":"https:\/\/travelshelper.com\/de\/wp-json\/wp\/v2\/pages\/15466\/revisions"}],"up":[{"embeddable":true,"href":"https:\/\/travelshelper.com\/de\/wp-json\/wp\/v2\/pages\/15457"}],"wp:featuredmedia":[{"embeddable":true,"href":"https:\/\/travelshelper.com\/de\/wp-json\/wp\/v2\/media\/3617"}],"wp:attachment":[{"href":"https:\/\/travelshelper.com\/de\/wp-json\/wp\/v2\/media?parent=15466"}],"curies":[{"name":"wp","href":"https:\/\/api.w.org\/{rel}","templated":true}]}}