{"id":15439,"date":"2024-09-21T09:51:32","date_gmt":"2024-09-21T09:51:32","guid":{"rendered":"https:\/\/travelshelper.com\/staging\/?page_id=15439"},"modified":"2026-03-11T21:53:07","modified_gmt":"2026-03-11T21:53:07","slug":"sanaa","status":"publish","type":"page","link":"https:\/\/travelshelper.com\/de\/destinations\/asia\/yemen\/sanaa\/","title":{"rendered":"Sanaa"},"content":{"rendered":"<p>Mit einer H\u00f6he von rund 2.300 Metern \u00fcber dem Meeresspiegel sticht Sanaa unter den Hauptst\u00e4dten der Welt hervor. Im Morgengrauen in einen d\u00fcnnen Schleier aus Bergnebel geh\u00fcllt und eingerahmt von den dramatischen Silhouetten von Jabal An-Nabi Shu&#039;ayb und Jabal Tiyal, zieht die Stadt nicht durch Tamtam, sondern durch ihre ruhige Pr\u00e4senz die Aufmerksamkeit auf sich. Die offiziell als Sanaa bezeichnete Stadt ist de jure die Hauptstadt des Jemen und mit knapp \u00fcber 3,29 Millionen Einwohnern (Stand 2023) das bev\u00f6lkerungsreichste urbane Zentrum des Landes. Nach der Einnahme Sanaas durch die Huthi Ende 2014 und der anschlie\u00dfenden Erkl\u00e4rung Adens zur provisorischen Hauptstadt im M\u00e4rz 2015 befindet sich der Regierungssitz nun jedoch in Aden. Trotz dieser Verschiebung bekr\u00e4ftigt die Verfassung die Vorrangstellung Sanaas und sein Name bleibt fest in der Identit\u00e4t des Jemen verankert.<\/p>\n<p>Sanaa liegt in einer weiten Hochebene, die lokal als Haql Sanaa bekannt ist. Diese Hochebene erstreckt sich von Nord nach S\u00fcd 50 bis 60 Kilometer und von Ost nach West bis zu 25 Kilometer. Sie ist von Klippen und Gebirgsr\u00fccken ges\u00e4umt, durch die saisonale Wadis flie\u00dfen. Der Wadi al-Kharid entw\u00e4ssert einen Gro\u00dfteil der n\u00f6rdlichen Ausdehnung und leitet sein Wasser in Richtung al-Dschouf, w\u00e4hrend die s\u00fcdlichen Ausl\u00e4ufer eine Wasserscheide bilden, die sowohl den al-Kharid als auch den Wadi Siham speist, der in die Tihama-Tiefebene am Roten Meer flie\u00dft. An der engsten Stelle der Stadt erhebt sich etwa 500 Meter \u00f6stlich der Jabal Nuqum. An seinen H\u00e4ngen befanden sich einst Eisenverarbeitungs- und Onyxsteinbr\u00fcche, die der Geograph al-Hamdani im 10. Jahrhundert beschrieb. Im Westen zeichnet sich der Aufstieg zum h\u00f6chsten Gipfel des Jemen ab \u2013 Jabal An-Nabi Shu&#039;ayb \u2013 dessen Gipfel nur knapp 20 Kilometer von der Stadt entfernt liegt und ein stiller W\u00e4chter \u00fcber das Jahrhunderte alte Leben unter ihm ist.<\/p>\n<p>Sanaas Wachstum wurde von dieser Topografie gepr\u00e4gt. Die Stadt erstreckte sich \u00fcberwiegend entlang einer Nord-S\u00fcd-Achse, begrenzt von Ost nach West. Ihre Expansion im 20. Jahrhundert wurde durch Landflucht und die Ernennung zur Hauptstadt der Republik in den 1960er Jahren vorangetrieben. Es entstanden zwei unterschiedliche Stadtstrukturen: die kompakte Altstadt (al-Qadeemah) und die weitl\u00e4ufigen neueren Stadtteile, die zusammen als al-Jadid bekannt sind. Die Altstadt, die 1986 zum UNESCO-Weltkulturerbe erkl\u00e4rt wurde, bewahrt \u00fcber 26 Jahrhunderte ununterbrochener Besiedlung und verf\u00fcgt \u00fcber mehr als 100 Moscheen, zw\u00f6lf traditionelle Hammams und rund 6.500 Wohneinheiten. Ihr charakteristisches Merkmal \u2013 bis zu achtst\u00f6ckige Turmh\u00e4user aus lokalem Stein und gebrannten Ziegeln \u2013 wird durch filigrane Stuckarbeiten und die ikonischen Buntglasfenster (Qamariya) akzentuiert. Diese Behausungen waren einst die Unterkunft f\u00fcr Gro\u00dffamilien. Als die S\u00f6hne heirateten, wurden Stockwerke hinzugef\u00fcgt und die Dachterrassen in Empfangsr\u00e4ume f\u00fcr den Nachmittag \u2013 die Mafraj \u2013 umgewandelt, wo in aller Ruhe Qat-Sitzungen abgehalten wurden.<\/p>\n<p>Jenseits der alten Mauern zeugen die neueren Stadtviertel von rasanter Urbanisierung und einem sich wandelnden Architekturgeschmack. Im S\u00fcden und Westen bieten niedrige \u201eneue Villen\u201c mit eingez\u00e4unten G\u00e4rten eine willkommene Abwechslung zum dichten Stra\u00dfenverkehr, w\u00e4hrend sich in den n\u00f6rdlichen und \u00f6stlichen Vororten Stahlbetonh\u00e4user im \u201e\u00e4gyptischen\u201c Stil erheben. Doch auch hier bleibt der Reiz der Tradition erhalten: \u201eNeo-traditionelle\u201c Turmh\u00e4user, aus Betonbl\u00f6cken gebaut und mit Ziegeln und Stein verkleidet, spiegeln die Vertikalit\u00e4t und Ornamentik der Altstadt wider. Diese Hybride sind eine Hommage an die Vergangenheit und erf\u00fcllen zugleich moderne Anspr\u00fcche.<\/p>\n<p>Innerhalb dieses Mosaiks stechen mehrere Viertel hervor. Al-Tahrir, in den 1960er Jahren als gesellschaftliches und kommerzielles Zentrum der Stadt konzipiert, dient heute vor allem als Zentrum f\u00fcr \u00f6ffentliche Versammlungen und Freizeit. Bi&#039;r al-Azab, einst als t\u00fcrkisches Viertel und nach der R\u00fcckkehr der Exilanten im sp\u00e4ten 17. Jahrhundert als j\u00fcdisches Viertel bekannt, hat sich zu einem diplomatischen und administrativen Bezirk entwickelt, in dem sich Botschaften, das B\u00fcro des Premierministers und die Abgeordnetenkammer befinden. Zwischen den beiden Ringstra\u00dfen Sanaas \u2013 dem inneren Ring und Sittin \u2013 liegen die dichten Souk-Korridore von al-Hasabah, Shumayla und Hayil, wo H\u00e4ndler unter den Vord\u00e4chern gesch\u00e4ftiger Arkaden Gew\u00fcrze, Textilien und Kupferwaren anbieten. Im S\u00fcdwesten zieht der Boulevard von Haddah Menschen an, die eine zuverl\u00e4ssigere Versorgung suchen, und hat seit den 1990er Jahren den Bau von Hochh\u00e4usern beg\u00fcnstigt.<\/p>\n<p>Klimatisch nimmt Sanaa unter den arabischen St\u00e4dten eine Nische ein. Das Klima ist kalt und w\u00fcstenartig, und die j\u00e4hrliche Niederschlagsmenge betr\u00e4gt rund 265 Millimeter \u2013 gerade genug, um die Kalksteinh\u00fcgel zu formen, aber ausreichend f\u00fcr Terrasseng\u00e4rten und kleine Bauernh\u00f6fe auf den umliegenden H\u00f6hen. Die Temperaturen schwanken im Jahresverlauf kaum; die k\u00fchlen Morgen im Januar weichen angenehmen Tagen, w\u00e4hrend die W\u00e4rme im Juli durch abendliche Brisen gemildert wird. Die H\u00f6henlage der Stadt verst\u00e4rkt jedoch die Sonneneinstrahlung: Selbst in der \u201ek\u00fchlen\u201c Jahreszeit ist die ultraviolette Strahlung deutlich st\u00e4rker als in tiefer gelegenen Regionen im Norden.<\/p>\n<p>Demografisch ist Sanaa gepr\u00e4gt von Jugend und Vielfalt. Fast sechzig Prozent der Einwohner des Gouvernements Amanat al-Asimah sind unter achtzehn Jahre alt, und die Zahl der M\u00e4nner ist im Verh\u00e4ltnis 1,10:1 leicht h\u00f6her als die der Frauen. Die Mehrheit bekennt sich zum zaiditischen Islam, w\u00e4hrend sunnitische und ismailitische Minderheiten in den neueren Vororten st\u00e4rker vertreten sind \u2013 ein Spiegelbild der Binnenmigration aus den l\u00e4ndlichen Gebieten des Jemen. Seit den 1960er Jahren ist die st\u00e4dtische Bev\u00f6lkerung j\u00e4hrlich um etwa sieben Prozent gewachsen und \u00fcbertrifft damit den nationalen Durchschnitt von 3,2 Prozent.<\/p>\n<p>Wirtschaftlich gesehen ist die Stadt Jemens wichtigster Handels- und Verwaltungsmotor. Fast 40 Prozent der Erwerbst\u00e4tigen sind im \u00f6ffentlichen Sektor besch\u00e4ftigt, und in den Basaren und Seitenstra\u00dfen floriert eine bedeutende informelle Wirtschaft \u2013 sch\u00e4tzungsweise 32 Prozent der nichtstaatlichen Besch\u00e4ftigung. Kleingewerbe und Dienstleistungen dominieren mit fast 59 Prozent der Betriebe und \u00fcber 31 Prozent der Arbeitspl\u00e4tze (Stand 2004). Die allgemeine Verwaltung, obwohl mit weniger Unternehmen vertreten, besch\u00e4ftigt 18 Prozent der Erwerbst\u00e4tigen. An dritter Stelle steht das verarbeitende Gewerbe mit rund 12 Prozent der Unternehmen und Arbeitspl\u00e4tze. Hotels und Restaurants sind hier st\u00e4rker konzentriert als anderswo im Jemen und bedienen Diplomaten, Entwicklungshelfer und die wenigen abenteuerlustigen Reisenden, die die Sicherheitsbeschr\u00e4nkungen zu bew\u00e4ltigen haben.<\/p>\n<p>Der Verkehr in Sanaa ist von starken Kontrasten gepr\u00e4gt. Das formalisierte Stra\u00dfennetz der Stadt, das um zwei Ringe und eine Reihe von Nord-S\u00fcd-Verbindungen herum organisiert ist, tr\u00e4gt die Hauptlast der Staus. 33.000 Taxis befahren die Stra\u00dfen, sind jedoch h\u00e4ufig leer zwischen den Fahrg\u00e4sten und tragen so zu Verkehrskollaps und erh\u00f6hter Schadstoffbelastung bei. In seinem gebirgigen Becken eingeschlossen, ist Sanaa thermischen Inversionen ausgesetzt, die Partikel einschlie\u00dfen, wodurch die Luftqualit\u00e4t mit der in anderen hochgelegenen \u201eBecken\u201c wie Mexiko-Stadt vergleichbar ist. Der \u00f6ffentliche Nahverkehr ist \u00fcberwiegend informell: private Mikrobusse (Dababs), Minibusse (Nuss-Busse) und Taxis decken den Gro\u00dfteil des t\u00e4glichen Pendelverkehrs ab. Im Jahr 2005 bedienten sch\u00e4tzungsweise 4.000 bis 7.000 Dababs, 5.500 bis 7.300 Minibusse und 33.000 Taxis die Stadt. M\u00e4nner sind h\u00e4ufiger auf \u00f6ffentliche Verkehrsmittel angewiesen, w\u00e4hrend Frauen eher zu Fu\u00df gehen. Fahrr\u00e4der und Motorr\u00e4der spielen kaum eine Rolle. Da es keine verbindlichen Fahrpl\u00e4ne gibt, muss man bei l\u00e4ngeren Fahrten h\u00e4ufig umsteigen, und unregelm\u00e4\u00dfige Verbindungen k\u00f6nnen dazu f\u00fchren, dass die Fahrg\u00e4ste ohne R\u00fcckgriff darauf warten m\u00fcssen.<\/p>\n<p>Der internationale Flughafen Sanaa fertigte einst 80 Prozent der jemenitischen Flugg\u00e4ste ab; heute ist er aufgrund anhaltender Konfliktsch\u00e4den f\u00fcr kommerzielle Fl\u00fcge geschlossen. Seit August 2016 ist er geschlossen und durch einen Luftangriff auf den Kontrollturm am 26. Dezember 2024 schwer besch\u00e4digt. Der Flughafen ist heute nur noch in einem bauf\u00e4lligen Zustand und nur f\u00fcr humanit\u00e4re Fl\u00fcge ge\u00f6ffnet. Die 2008 begonnenen Pl\u00e4ne f\u00fcr einen neuen Flughafen liegen seit 2011 auf Eis. Yemenia, die nationale Fluggesellschaft mit Hauptsitz in Sanaa, h\u00e4lt sich trotz dieser Einschr\u00e4nkungen und reduziert ihren Betrieb, wenn m\u00f6glich, auf regionale Charterfl\u00fcge.<\/p>\n<p>Eine Reise nach Sanaa l\u00e4dt zum Eintauchen in eine Welt ein, in der die Zeit ihrem eigenen Tempo folgt. In jedem Stra\u00dfencaf\u00e9 kann man Qat-Kauen beobachten: Nachmittagstreffen, bei denen Freunde und Kollegen in aller Ruhe bei leichten Stimulanzien und Gespr\u00e4chen sinnieren. F\u00fcr viele M\u00e4nner sind die Bl\u00e4tter ein unverzichtbares Ritual, und obwohl sie den Appetit z\u00fcgeln und den Schlaf st\u00f6ren, bleiben sie tief in den gesellschaftlichen Br\u00e4uchen verankert. Ausl\u00e4nder k\u00f6nnen gegen geringe Geb\u00fchr \u2013 oft unter f\u00fcnf US-Dollar pro Kaut \u2013 teilnehmen, sollten aber bei der Weiterreise die gesetzlichen Beschr\u00e4nkungen beachten.<\/p>\n<p>Beim Erkunden der Altstadt passieren Besucher das tausend Jahre alte Bab al-Yaman, dessen geschnitzte Holzt\u00fcr noch immer auf ihren uralten Zapfen schwingt. Im Inneren bietet der Souk al-Milh neben Salz auch Gew\u00fcrze, Rosinen und handgefertigte Keramik an. Im Herzen des Viertels steht die J\u0101mi\u02bf al-Kab\u012br aus dem 7. Jahrhundert \u2013 wohl eine der \u00e4ltesten erhaltenen Moscheen der Welt \u2013, in deren Archiven Fragmente der originalen Koranmanuskripte gefunden wurden. In der N\u00e4he befindet sich das Nationalmuseum in einem restaurierten K\u00f6nigspalast. Seine Galerien zeichnen die Geschichte des Jemen von der Vorgeschichte bis zur osmanischen Herrschaft nach. Das angrenzende Milit\u00e4rmuseum zeigt im Freien Waffen und Uniformen unter flackernden arabischen Beschriftungen und einigen englischen Bildunterschriften.<\/p>\n<p>Jenseits der Stadtmauern f\u00fchrt ein kurzer Ausflug in das gr\u00fcne Tal des Wadi Dhahr, wo sich terrassierte Felder an die H\u00e4nge schmiegen und der in Kalkstein gehauene Felsenpalast eines Imams thront. Dieses Zusammenspiel von Erde und Mauerwerk bildet einen starken Kontrast zu den dichten Stadtvierteln. Innerhalb der Mauern pflegen Kunsthandwerker weiterhin altehrw\u00fcrdige Handwerksk\u00fcnste \u2013 Silberschmiedearbeiten, Kupferstiche und die Herstellung von Halbedelsteinen \u2013, obwohl das Zeitalter der mechanisierten Industrie nur noch eine ferne Erinnerung ist. In fr\u00fcheren Jahrhunderten f\u00f6rderten Minen an nahegelegenen H\u00e4ngen Onyx, Chalcedon und Karneol, und britische Beobachter priesen Sanaas Metallhandwerk einst als \u201eber\u00fchmt\u201c, beklagten aber gleichzeitig seinen allm\u00e4hlichen Niedergang.<\/p>\n<p>Wer ein St\u00fcck jemenitisches Kulturerbe mit nach Hause nehmen m\u00f6chte, muss beim Einkaufen in Sanaa Geduld und Fingerspitzengef\u00fchl beweisen. Handeln wird erwartet; Preise k\u00f6nnen in Rial, Dollar oder Euro angegeben werden, wobei jede W\u00e4hrung nach Ermessen des Verk\u00e4ufers akzeptiert wird. Besondere Aufmerksamkeit verdient der Dschambija \u2013 der Krummdolch der einheimischen M\u00e4nner. K\u00e4ufer sollten beachten, dass diese Klingen, deren Griffe traditionell aus Horn oder Elfenbein geschnitzt sind, heute oft aus Holz oder Bernstein gefertigt werden, von Scheiden aus Silber oder unedlen Metallen und handgen\u00e4hten Lederg\u00fcrteln begleitet werden. Als leichteres Andenken gibt es zahlreiche Broschen und Anh\u00e4nger in Form von Miniatur-Dschambija sowie Halsketten, die mit angeblichem Lapislazuli und anderen Steinen verziert sind \u2013 deren Echtheit selten garantiert ist.<\/p>\n<p>Abends, wenn die Schatten \u00fcber den Terrakotta-D\u00e4chern l\u00e4nger werden, offenbart Sanaa sein wahres Gesicht: ein lebendiges Geflecht aus Bergluft und Lehmw\u00e4nden, aus Gebetsrufen und Kinderlachen, aus H\u00e4ndlern, die unter h\u00f6lzernen T\u00fcrst\u00fcrzen feilschen. Hier verhandeln Moderne und Tradition still miteinander. Die rastlose Bev\u00f6lkerung der Stadt breitet sich immer weiter aus, doch innerhalb der Mauern der Altstadt herrscht die Stille der Jahrhunderte. In Sanaa zu verweilen bedeutet, die in Stein und Ziegel gehauene Widerstandsf\u00e4higkeit zu erleben \u2013 ein gem\u00e4chliches Zeugnis eines Ortes, der sich nicht hetzen l\u00e4sst, selbst wenn sich die Welt jenseits seiner Berge unaufh\u00f6rlich ver\u00e4ndert.<\/p>","protected":false},"excerpt":{"rendered":"<p>Sanaa, die Hauptstadt und gr\u00f6\u00dfte Stadt des Jemen, z\u00e4hlte im Jahr 2023 rund 3.292.497 Einwohner und ist damit ein bedeutendes urbanes Zentrum des Landes. Mit einer H\u00f6he von 2.300 Metern \u00fcber dem Meeresspiegel z\u00e4hlt Sanaa zu den h\u00f6chstgelegenen Hauptst\u00e4dten der Welt. Umgeben ist Sanaa von den Sarawat-Bergen, zu denen Jabal An-Nabi Shu&#039;ayb und Jabal Tiyal geh\u00f6ren, die als die h\u00f6chsten Erhebungen der Arabischen Halbinsel gelten.<\/p>","protected":false},"author":1,"featured_media":3481,"parent":15430,"menu_order":0,"comment_status":"closed","ping_status":"closed","template":"elementor_theme","meta":{"_eb_attr":"","footnotes":""},"class_list":["post-15439","page","type-page","status-publish","has-post-thumbnail"],"_links":{"self":[{"href":"https:\/\/travelshelper.com\/de\/wp-json\/wp\/v2\/pages\/15439","targetHints":{"allow":["GET"]}}],"collection":[{"href":"https:\/\/travelshelper.com\/de\/wp-json\/wp\/v2\/pages"}],"about":[{"href":"https:\/\/travelshelper.com\/de\/wp-json\/wp\/v2\/types\/page"}],"author":[{"embeddable":true,"href":"https:\/\/travelshelper.com\/de\/wp-json\/wp\/v2\/users\/1"}],"replies":[{"embeddable":true,"href":"https:\/\/travelshelper.com\/de\/wp-json\/wp\/v2\/comments?post=15439"}],"version-history":[{"count":0,"href":"https:\/\/travelshelper.com\/de\/wp-json\/wp\/v2\/pages\/15439\/revisions"}],"up":[{"embeddable":true,"href":"https:\/\/travelshelper.com\/de\/wp-json\/wp\/v2\/pages\/15430"}],"wp:featuredmedia":[{"embeddable":true,"href":"https:\/\/travelshelper.com\/de\/wp-json\/wp\/v2\/media\/3481"}],"wp:attachment":[{"href":"https:\/\/travelshelper.com\/de\/wp-json\/wp\/v2\/media?parent=15439"}],"curies":[{"name":"wp","href":"https:\/\/api.w.org\/{rel}","templated":true}]}}