{"id":15420,"date":"2024-09-20T23:51:22","date_gmt":"2024-09-20T23:51:22","guid":{"rendered":"https:\/\/travelshelper.com\/staging\/?page_id=15420"},"modified":"2026-03-11T18:34:32","modified_gmt":"2026-03-11T18:34:32","slug":"ulaanbaatar","status":"publish","type":"page","link":"https:\/\/travelshelper.com\/de\/destinations\/asia\/mongolia\/ulaanbaatar\/","title":{"rendered":"Ulaanbaatar"},"content":{"rendered":"<p>Ulaanbaatar liegt dort, wo H\u00f6henluft auf die Weite der mongolischen Steppe trifft. Auf rund 1.350 Metern \u00fcber dem Meeresspiegel liegt die Stadt in einem Flusstal, das vom Tuul, einem Nebenfluss der Selenge, geformt wurde. Umgeben von vier markanten Gipfeln \u2013 Songino Khairkhan im Westen, Chingeltei und Bayanzurkh im Norden und dem bewaldeten Bogd Khan im S\u00fcden \u2013 trotzt die Stadt dem sibirischen Hochdruckgebiet, das f\u00fcr seine bekannterma\u00dfen bitterkalten Winter und kurzen, warmen Sommer sorgt. Trotz der qu\u00e4lenden Minusgrade von 40 \u00b0C am Morgen ist Ulaanbaatar mit einer Jahresdurchschnittstemperatur von 0,2 \u00b0C die k\u00e4lteste Hauptstadt der Welt \u2013 nur Nuuk in Gr\u00f6nland ist noch k\u00e4lter. Seine Klimaklassifizierung bewegt sich an der Grenze zwischen kalten, halbtrockenen (BSk) und subarktischen (Dwc) Klimatypen. Die starken Schwankungen zwischen sengenden Temperaturen von bis zu 39 \u00b0C im Juli und arktischer Stille im Januar pr\u00e4gen sowohl seine Architektur als auch seine Lebensweise.<\/p>\n\n\n\n<p>Die Wurzeln des modernen Ulaanbaatar reichen bis ins Jahr 1639 zur\u00fcck, als Zanabazar, der erste spirituelle F\u00fchrer des mongolischen Buddhismus, eine mobile Klosterenklave namens \u00d6rg\u00f6\u00f6 gr\u00fcndete. Dieses notgedrungen nomadische religi\u00f6se Zentrum wechselte in fast 140 Jahren 29 Mal seinen Standort, abh\u00e4ngig vom Rhythmus der mongolischen Hirtengesellschaft. Erst 1778 verlie\u00df \u00d6rg\u00f6\u00f6 endg\u00fcltig seine Mobilit\u00e4t und ankerte in der N\u00e4he des Tuul-Flusses an der Karawanenstra\u00dfe zwischen Kjachta an der russisch-chinesischen Grenze und Peking. Mit dem Fall der Qing-Dynastie 1911 entwickelte sich die Stadt \u00fcber ihre kirchlichen Urspr\u00fcnge hinaus zu einem Zentrum der Unabh\u00e4ngigkeit. Unter dem achten Jebtsundamba Khutuktu wurde sie zur Hauptstadt des kurzlebigen Bogd-Khanats und wurde nach der kommunistischen Revolution von 1921 1924 mit der Gr\u00fcndung der Mongolischen Volksrepublik in Ulaanbaatar \u2013 Roter Held \u2013 umbenannt.<\/p>\n\n\n\n<p>Die Planung der Sowjetzeit ver\u00e4nderte Ulaanbaatars Gesicht in den 1950er Jahren. H\u00f6lzerne Jurten wichen einheitlichen Wohnbl\u00f6cken, Boulevards wurden verbreitert und \u00f6ffentliche Pl\u00e4tze erlangten neue Pracht. Der S\u00fcchbaatar-Platz im Herzen der Stadt pr\u00e4sentiert seine Helden: Damdin S\u00fcchbaatar auf seinem Ross und Dschingis Khan, der nach Norden blickt, flankiert vom Regierungspalast und der geschwungenen Friedensstra\u00dfe. Doch Relikte der Vergangenheit sind erhalten geblieben \u2013 das Gandan-Tschinlen-Kloster, der Winterpalast des Bogd Khan und der Choijin-Lama-Tempel erinnern an die Klosterstadt, die einst den Pilgerrouten folgte, die heute in das Stra\u00dfennetz eingezeichnet sind. Seit die demokratischen Proteste des Jahres 1990 die Einparteienherrschaft st\u00fcrzten, hat Ulaanbaatar Migranten in beispielloser Zahl aufgenommen und seine Bev\u00f6lkerung von weniger als einer Million im Jahr 2007 auf etwa 1,6 Millionen bis Ende 2022 verdoppelt.<\/p>\n\n\n\n<p>Dieses rasante Wachstum hat die Infrastruktur \u00fcberholt, sodass zwei Drittel der Bewohner in den Jurtenvierteln am n\u00f6rdlichen Stadtrand leben. Da es dort weder zuverl\u00e4ssige Wasserversorgung noch sanit\u00e4re Einrichtungen und befestigte Stra\u00dfen gibt, sind diese Viertel auf selbstgebaute Jurten und Kohle\u00f6fen angewiesen. Im Winter h\u00fcllen sie die Stadt in einen stickigen Dunst, und Ulaanbaatar z\u00e4hlt zu den St\u00e4dten mit der schlechtesten Luftqualit\u00e4t weltweit. Die Zahl der Lungenentz\u00fcndungen bei Kindern steigt, und die Belastung der \u00f6ffentlichen Gesundheit wird in jeder Labormessung der Feinstaubwerte sp\u00fcrbar. W\u00e4hrenddessen treibt im Zentrum ein Bauboom neue Hochh\u00e4user in den Himmel \u2013 manche genehmigt, andere in der Schwebe \u2013 ein Beweis f\u00fcr eine ebenso florierende wie unregulierte Wirtschaft.<\/p>\n\n\n\n<p>Als politisches und finanzielles Zentrum der Mongolei beherbergt Ulaanbaatar fast die H\u00e4lfte der Landesbev\u00f6lkerung. Getrennt von der umliegenden Provinz T\u00f6v \u2013 deren Hauptstadt Zuunmod 43 Kilometer s\u00fcdlich liegt \u2013 konzentriert die Stadt die kulturellen Einrichtungen, Unternehmenszentralen und Verkehrswege des Landes. MCS Group, Tavan Bogd und Mobicom z\u00e4hlen zu den hier ans\u00e4ssigen lokalen Konzernen, neben ausl\u00e4ndischen Bergbauunternehmen, die die nahegelegenen Goldvorkommen in Boroo und dar\u00fcber hinaus ausbeuten. Der Dienstleistungssektor tr\u00e4gt rund 43 Prozent zum BIP der Stadt bei, der Bergbau weitere 25 Prozent. Die Volatilit\u00e4t der Rohstoffpreise, wie sie sich im Abschwung 2008 zeigte, befl\u00fcgelt jedoch Initiativen zur Diversifizierung und bringt Start-ups in den Bereichen Technologie, Finanzen und Tourismus hervor.<\/p>\n\n\n\n<p>In diesem urbanen Mosaik gedeihen antike und moderne Kunstformen. Kl\u00f6ster bergen Sch\u00e4tze: Die 26,5 Meter hohe vergoldete Avalokite\u015bvara-Statue im Gandan-Kloster und die mit Kuriosit\u00e4ten gef\u00fcllten Galerien des Choijin-Lama-Tempels \u00fcberstanden die S\u00e4uberungen, die so viele religi\u00f6se St\u00e4tten dem Erdboden gleichmachten. Das Zanabazar Museum of Fine Arts beherbergt Meisterwerke des ber\u00fchmtesten mongolischen K\u00fcnstlerheiligen, w\u00e4hrend das Nationalmuseum menschliche Fu\u00dfspuren von der Vorgeschichte bis ins Mongolische Reich nachzeichnet. Das Opernhaus von Ulaanbaatar f\u00fchrt Ballett- und Symphoniekonzerte in Partnerschaft mit Institutionen wie den Bostoner Ensembles f\u00fcr darstellende K\u00fcnste auf. Folkloreensembles \u2013 Tumen Ekh, das Morin Khuur Ensemble und das State Grand National Orchestra \u2013 touren um die Welt und tragen den Klang von Longgesang, Pferdekopfgeige und Tsam-Maskent\u00e4nzen auf ferne B\u00fchnen.<\/p>\n\n\n\n<p>Parks und Naturschutzgebiete bilden einen Bogen um die Stadt. Das Schutzgebiet Bogd Khan Uul, ein 67.300 Hektar gro\u00dfes Relikt des Naturschutzes aus dem 12. Jahrhundert, beherbergt L\u00e4rchen und Kiefern an seinen H\u00e4ngen und erinnert an die Ruinen des Manjusri-Klosters aus dem 12. Jahrhundert. Der 70 Kilometer \u00f6stlich gelegene Gorchi-Tereldsch-Nationalpark l\u00e4dt Tagesausfl\u00fcgler zu seinen Wanderwegen und der 40 Meter hohen Reiterstatue von Dschingis Khan ein, die an seinem Fu\u00df von Souvenirst\u00e4nden eingeengt wird. Innerhalb der Stadtgrenzen soll der 55 Hektar gro\u00dfe National Garden Park mit \u00fcber 100.000 B\u00e4umen die B\u00fcrger im Umweltschutz schulen, w\u00e4hrend kleinere Haine an Pers\u00f6nlichkeiten aus vergangenen Zeiten erinnern oder die Freundschaft zwischen Korea und der Mongolei f\u00f6rdern.<\/p>\n\n\n\n<p>Das Stra\u00dfenbild von Ulaanbaatar verbindet Altes und Neues. Die Friedensallee, einst die Ch\u00f6l\u00f6\u00f6 von \u00d6rg\u00f6\u00f6, erstreckt sich von Ost nach West \u00fcber den zentralen Platz. Auf ihren Gehwegen reihen sich das State Department Store und Caf\u00e9s aneinander, die ged\u00e4mpften Buuz und S\u00fc\u00dfigkeiten anbieten. Die Ringstra\u00dfe Ikh Toiruu folgt den Gebetswegen der Pilger um verschwundene Tempel und kreuzt sich mit Narnii Zam, der Stra\u00dfe der Sonne, die dank japanischer Hilfe entstand. Gleich dahinter erheben sich die n\u00f6rdlichen Ger-Viertel, deren Netz aus unbefestigten Gassen von informellen M\u00e4rkten unterbrochen wird. Im S\u00fcden erstrecken sich wohlhabende Viertel bis zum Tuul, wo Sommerdatschen \u2013 Zuslan, die an russische Datschen erinnern \u2013 zwischen Espen und Weiden thronen, an Wochenenden Grillfeste stattfinden und gelegentlich die Pferde der Hirten am Ende des Tages grasen.<\/p>\n\n\n\n<p>Der \u00f6ffentliche Nahverkehr versorgt eine Stadt mit \u00fcber 660.000 registrierten Fahrzeugen. Busse dominieren: 950 Fahrzeuge von neunzehn Unternehmen bedienen 105 Linien und bef\u00f6rdern t\u00e4glich fast eine halbe Million Fahrg\u00e4ste. Ein Smartcard-Fahrkartensystem namens \u201eU Money\u201c ersetzte 2015 die Schaffner und vereinfachte Fahrten, die f\u00fcr Erwachsene 300\u2013500 T\u00f6gr\u00f6g kosteten. Oberleitungsbusse und Minibusse f\u00fcllen die L\u00fccken; offizielle Taxis, mittlerweile 372 an der Zahl, bedienen gekennzeichnete Haltestellen, w\u00e4hrend nicht lizenzierte Taxis und Mitfahr-Apps wie UBCab im Verborgenen florieren. Der Verkehr schleppt sich auf der Peace Avenue, Ikh Toiruu, Narnii Zam und Chinggis Avenue dahin. Die durchschnittliche Geschwindigkeit in der Hauptverkehrszeit sank 2021 unter 9 km\/h und d\u00fcrfte sich angesichts zunehmender Staus weiter verlangsamen.<\/p>\n\n\n\n<p>Ulaanbaatar ist \u00fcber die Transmongolische Eisenbahn mit Russland und China verbunden, und f\u00fcnf Hubschrauberlandepl\u00e4tze pr\u00e4gen die Skyline. Der 2021 in Sergelen in der Provinz T\u00f6v er\u00f6ffnete internationale Flughafen Dschingis Khan ersetzte den alten Flughafen Buyant-Ukhaa. Von seinen Terminals aus werden Verbindungen nach Europa, Ostasien und zu nationalen Aimag-Zentren angeboten, die durch Shuttlebusse und Autobahnen mit der Stadt verbunden sind. Innerhalb der Stadt k\u00e4mpfen Verkehrsplaner mit \u00dcberschwemmungen; nur 16 Prozent der asphaltierten Stra\u00dfen verf\u00fcgen \u00fcber eine Entw\u00e4sserung, was die Tauwetter im Fr\u00fchjahr in den Jurtenvierteln zu einer Wassergefahr macht.<\/p>\n\n\n\n<p>F\u00fcr Besucher treffen praktische Aspekte auf historische Aspekte. Geldautomaten gibt es in H\u00fclle und F\u00fclle \u2013 die Banken Golomt und TDB geben T\u00f6gr\u00f6g mit internationalen Karten aus, allerdings fallen Geb\u00fchren von etwa 3 Prozent an, und nur Flughafenautomaten akzeptieren Cirrus. Entlang der Peace Avenue bieten Wechselstuben g\u00fcnstige Kurse, w\u00e4hrend gro\u00dfe Hotels rund um die Uhr Geld tauschen. Die Kriminalit\u00e4t konzentriert sich auf die Peripherie: Jurtenviertel, unbeleuchtete Gassen und \u00fcberf\u00fcllte M\u00e4rkte erfordern Wachsamkeit gegen Taschendiebstahl; das Stadtzentrum ist im Vergleich dazu relativ sicher. Gelegentlich kommt es zu fremdenfeindlichen Vorf\u00e4llen mit betrunkenen Passanten; Diskretion in Bars und Taxis sowie das Reisen in Gruppen bei Nacht mindern das Risiko.<\/p>\n\n\n\n<p>In seiner sechsten Phase \u2013 der monastischen Mobilit\u00e4t von 1639\u20131778, dem Urga der Qing-Dynastie von 1778\u20131924, der sozialistischen Republik von 1924\u20131990, den mageren 1990er Jahren und dem explosiven Wachstum seit 2000 \u2013 offenbart Ulaanbaatar vielf\u00e4ltige Identit\u00e4ten. Jede Schicht hinterl\u00e4sst Spuren: Holzz\u00e4une, die an Tempelanlagen erinnern; Wohnungen aus der Sowjetzeit, die gl\u00e4sernen T\u00fcrmen weichen; lehmbefleckte Jurten, \u00fcberschattet von neonfarbenen Hotelschildern. Inmitten extremer Temperaturen und Ungleichheit bleibt Ulaanbaatar das Herz der Mongolei und formt die Moderne auf der Grundlage nomadischer Br\u00e4uche, buddhistischer Gelehrsamkeit und der Anpassungsf\u00e4higkeit an Notlagen. Seine sich st\u00e4ndig ver\u00e4ndernde Skyline spiegelt die Steppen dahinter wider \u2013 offen zum Himmel, vom Wind geformt und belebt von den Menschen, die dieses kalte Tal ihre Heimat nennen.<\/p>","protected":false},"excerpt":{"rendered":"<p>Ulaanbaatar, die Hauptstadt und gr\u00f6\u00dfte Stadt der Mongolei, hat 1,6 Millionen Einwohner und gilt gemessen an der durchschnittlichen Jahrestemperatur als die k\u00e4lteste Hauptstadt der Welt. Die pulsierende Stadt im Norden der Mongolei auf rund 1.300 Metern H\u00f6he blickt auf eine faszinierende Geschichte zur\u00fcck, die fast vier Jahrhunderte zur\u00fcckreicht. Der Wandel der Stadt von einem nomadischen buddhistischen Klosterzentrum zu einem modernen urbanen Zentrum spiegelt das reiche kulturelle Erbe der Mongolei und ihre Entwicklung als Nation wider.<\/p>","protected":false},"author":1,"featured_media":3043,"parent":15411,"menu_order":0,"comment_status":"closed","ping_status":"closed","template":"elementor_theme","meta":{"_eb_attr":"","footnotes":""},"class_list":["post-15420","page","type-page","status-publish","has-post-thumbnail"],"_links":{"self":[{"href":"https:\/\/travelshelper.com\/de\/wp-json\/wp\/v2\/pages\/15420","targetHints":{"allow":["GET"]}}],"collection":[{"href":"https:\/\/travelshelper.com\/de\/wp-json\/wp\/v2\/pages"}],"about":[{"href":"https:\/\/travelshelper.com\/de\/wp-json\/wp\/v2\/types\/page"}],"author":[{"embeddable":true,"href":"https:\/\/travelshelper.com\/de\/wp-json\/wp\/v2\/users\/1"}],"replies":[{"embeddable":true,"href":"https:\/\/travelshelper.com\/de\/wp-json\/wp\/v2\/comments?post=15420"}],"version-history":[{"count":0,"href":"https:\/\/travelshelper.com\/de\/wp-json\/wp\/v2\/pages\/15420\/revisions"}],"up":[{"embeddable":true,"href":"https:\/\/travelshelper.com\/de\/wp-json\/wp\/v2\/pages\/15411"}],"wp:featuredmedia":[{"embeddable":true,"href":"https:\/\/travelshelper.com\/de\/wp-json\/wp\/v2\/media\/3043"}],"wp:attachment":[{"href":"https:\/\/travelshelper.com\/de\/wp-json\/wp\/v2\/media?parent=15420"}],"curies":[{"name":"wp","href":"https:\/\/api.w.org\/{rel}","templated":true}]}}