{"id":15411,"date":"2024-09-20T23:46:15","date_gmt":"2024-09-20T23:46:15","guid":{"rendered":"https:\/\/travelshelper.com\/staging\/?page_id=15411"},"modified":"2026-03-11T18:34:23","modified_gmt":"2026-03-11T18:34:23","slug":"mongolei","status":"publish","type":"page","link":"https:\/\/travelshelper.com\/de\/destinations\/asia\/mongolia\/","title":{"rendered":"Mongolei"},"content":{"rendered":"<p>Die Mongolei nimmt einen riesigen Teil des asiatischen Binnenlandes ein, ein souver\u00e4nes Territorium von etwa 1.564.116 Quadratkilometern ohne Zugang zu Meeren oder Seen. Im Norden grenzt sie an Russland und im S\u00fcden und S\u00fcdosten an China und ist der gr\u00f6\u00dfte Binnenstaat ohne Binnenmeer. Ihr Relief ist in groben Z\u00fcgen gestaltet: Sanfte Graslandschaften erstrecken sich \u00fcber die zentrale Hochebene, w\u00e4hrend sich im Norden und Westen Gebirgsketten erheben und die W\u00fcste Gobi \u2013 eher Weideland als ein karges Sandmeer \u2013 sich im S\u00fcden erstreckt. Mit einer Gesamtbev\u00f6lkerung von kaum mehr als 3,5 Millionen Einwohnern h\u00e4lt die Mongolei den Rekord f\u00fcr die niedrigste Bev\u00f6lkerungsdichte aller unabh\u00e4ngigen Staaten. Die H\u00e4lfte ihrer Einwohner lebt in Ulaanbaatar, der k\u00e4ltesten Hauptstadt der Welt, wodurch das restliche Gebiet bemerkenswert offen und d\u00fcnn besiedelt ist.<\/p>\n\n\n\n<p>Die \u00f6stlichste Spitze der Mongolei liegt bei etwa 120\u00b0 \u00f6stlicher L\u00e4nge und damit ungef\u00e4hr auf einer H\u00f6he mit Hangzhou in China, w\u00e4hrend ihre Westgrenze sich 87\u00b0 \u00f6stlicher L\u00e4nge n\u00e4hert \u2013 fast der L\u00e4nge von Kalkutta. Seine Breitengradspanne von ungef\u00e4hr 41\u00b0 N bis knapp \u00fcber 52\u00b0 N platziert das Land zwischen den Breitengraden von Rom und Berlin oder zwischen Chicago und Saskatoon. Doch diese geografischen Bezugspunkte t\u00e4uschen \u00fcber die klimatischen Extreme hinweg, die das Leben auf diesem Hochplateau bestimmen. Der j\u00e4hrliche Niederschlag nimmt von Norden nach S\u00fcden ab, von etwa 200\u2013350 Millimetern in den bewaldeten Hochl\u00e4ndern auf bis zu 40 Millimeter in Teilen der Gobi. Die Winter bringen ein unerbittliches sibirisches Hochdruckgebiet mit sich, das die Temperaturen in einigen T\u00e4lern unter -30 \u00b0C fallen l\u00e4sst, w\u00e4hrend die Sommer extreme Hitze und au\u00dferhalb der W\u00fcste heftige Regenf\u00e4lle bringen k\u00f6nnen.<\/p>\n\n\n\n<p>Die Menschheitsgeschichte der Mongolei reicht Jahrtausende nomadischer Konf\u00f6derationen zur\u00fcck. Vor dem Aufstieg Dschingis Khans im Jahr 1206 wurden die Steppen zu verschiedenen Zeiten von den Xiongnu, den Xianbei, den Ruran sowie aufeinanderfolgenden t\u00fcrkischen und uigurischen Khaganaten beherrscht. Als Tem\u00fcjin \u2013 der sp\u00e4tere Dschingis Khan \u2013 die Mongolen vereinte, leitete er die Schaffung des gr\u00f6\u00dften zusammenh\u00e4ngenden Landreichs der Geschichte ein. Unter seinem Enkel Kublai Khan fiel China und die Yuan-Dynastie wurde gegr\u00fcndet. Nach dem Zusammenbruch der Yuan-Dynastie im Jahr 1368 gerieten die mongolischen Fraktionen erneut in einen inneren Konflikt, bis die \u00c4ra Dajan Khans und Tumen Zasagt Khans im 16. Jahrhundert einen relativen Zusammenhalt brachte.<\/p>\n\n\n\n<p>Im 16. Jahrhundert etablierte sich auch der tibetische Buddhismus unter den Mongolen. Unter der Schirmherrschaft der Qing-Dynastie, die im 17. Jahrhundert die \u00c4u\u00dfere Mongolei einverleibte, bl\u00fchten die Klosterinstitutionen: Zu Beginn des 20. Jahrhunderts lebte jeder dritte erwachsene Mann als buddhistischer M\u00f6nch. Der Fall der Qing-Dynastie 1911 erm\u00f6glichte die Unabh\u00e4ngigkeitserkl\u00e4rung; 1921 wurde die volle Autonomie erreicht, 1924 folgte die Gr\u00fcndung einer sowjetisch ausgerichteten sozialistischen Republik. Mit der friedlichen demokratischen Revolution von 1990 und der Verk\u00fcndung einer neuen Verfassung zwei Jahre sp\u00e4ter f\u00fchrte die Mongolei ein Mehrparteiensystem ein und begann den \u00dcbergang zur Marktwirtschaft.<\/p>\n\n\n\n<p>Heute f\u00fchren etwa drei\u00dfig Prozent der Mongolen ein nomadisches oder halbnomadisches Leben. Pferde bleiben der Dreh- und Angelpunkt von Mobilit\u00e4t und Kultur; traditionelle Filz-Gers (im Englischen \u201eJurten\u201c) beherbergen wandernde Familien, angebunden an Schaf-, Ziegen-, Rinder-, Pferde- oder Kamelherden. Obwohl sich Ger-Tempel im 16. und 17. Jahrhundert zu gro\u00dfen Kl\u00f6stern aus Ziegeln und Balken entwickelten, sind die zylindrische Form und die Filzbedeckungen bis heute Sinnbild mongolischen Lebens. Lamakloster begannen oft als Ansammlungen von Gers und erweiterten sich sp\u00e4ter zu sechs- oder zw\u00f6lfeckigen Hallen mit pyramidenf\u00f6rmigen D\u00e4chern \u2013 eine Ann\u00e4herung an die Rundung eines Gers \u2013, bevor sie viereckige Grundrisse und markisenf\u00f6rmige D\u00e4cher entwickelten.<\/p>\n\n\n\n<p>Ethnisch gesehen ist die Mongolei weitgehend homogen: Ethnische Mongolen stellen etwa 95 Prozent der Bev\u00f6lkerung, wobei die Khalcha-Untergruppe 86 Prozent dieser Mehrheit ausmacht. Turkische Minderheiten \u2013 darunter Kasachen und Tuwiner \u2013 stellen etwa viereinhalb Prozent, w\u00e4hrend Russen, Chinesen, Koreaner und Amerikaner kleinere Anteile bilden. Sprachlich ist Mongolisch, ein Mitglied der mongolischen Sprachfamilie, die auf dem Khalcha-Dialekt standardisiert ist, die Staatssprache. Kasachisch dominiert im Bayan-\u00d6lgii-Aimag und Tuwinisch in Teilen von Kh\u00f6vsg\u00f6l. Seit den 1940er Jahren wird Mongolisch in kyrillischer Schrift geschrieben; nach dem demokratischen \u00dcbergang kam es zu einer bescheidenen Wiederbelebung der traditionellen vertikalen Schrift, die 2025 offiziell f\u00fcr den rechtlichen und administrativen Gebrauch neben dem Kyrillischen wiederhergestellt wurde, obwohl der allt\u00e4gliche Gebrauch weitgehend auf zeremonielle Kontexte beschr\u00e4nkt bleibt.<\/p>\n\n\n\n<p>Die Religion in der Mongolei spiegelt verschiedene Glaubensrichtungen wider: Etwas mehr als die H\u00e4lfte der erwachsenen Bev\u00f6lkerung bekennt sich zum Vajrayana-Buddhismus, w\u00e4hrend sich 40 Prozent als nichtreligi\u00f6s bezeichnen. Schamanische Praktiken sind weiterhin kulturelles Fundament, und der Islam, vor allem unter ethnischen Kasachen, macht etwa drei Prozent aus. Die Vermischung buddhistischer und schamanischer Rituale pr\u00e4gt weiterhin gemeinschaftliche und individuelle Zeremonien, von saisonalen Opfergaben bis hin zu Himmelsbestattungen in abgelegenen T\u00e4lern.<\/p>\n\n\n\n<p>Die mongolische Wirtschaft st\u00fctzt sich auf ihr landwirtschaftliches Erbe und ihren Bodenschatz. Viehzucht und Landwirtschaft erwirtschaften zusammen rund 16 Prozent des BIP; der Bergbau \u2013 mit Schwerpunkt auf Kupfer, Kohle, Molybd\u00e4n, Zinn, Wolfram und Gold \u2013 tr\u00e4gt rund 22 Prozent bei. Allein die Kaschmirproduktion deckt ein F\u00fcnftel der weltweiten Rohstoffproduktion ab. Auch Gro\u00df- und Einzelhandel, Dienstleistungen, Transport, Lagerung und Immobilien haben einen bedeutenden Anteil an der Wirtschaftsstruktur. Neben diesen formellen Sektoren pr\u00e4gt jedoch eine informelle Wirtschaft \u2013 die sch\u00e4tzungsweise mindestens ein Drittel des offiziellen BIP ausmacht \u2013 das Leben in Land und Stadt.<\/p>\n\n\n\n<p>Der Au\u00dfenhandel des Landes ist stark auf China ausgerichtet, das fast 80 Prozent der Exporte aufnimmt und etwas mehr als ein Drittel der Importe liefert. Im Jahr 2023 erreichte das reale BIP-Wachstum der Mongolei sieben Prozent, haupts\u00e4chlich getrieben durch die Rekordkohleproduktion f\u00fcr den chinesischen Markt; niedrigere globale Nahrungsmittel- und Treibstoffkosten trugen dazu bei, die Inflation bis Anfang 2024 auf etwa sieben Prozent zu begrenzen. Trotz eines kr\u00e4ftigen Anstiegs der Importmengen wurde ein Leistungsbilanz\u00fcberschuss verzeichnet, doch sinkende Rohstoffpreise k\u00f6nnten das Gleichgewicht in den kommenden Jahren verschieben. Die Weltbank sch\u00e4tzt die mittelfristigen Aussichten der Mongolei als vielversprechend ein, ged\u00e4mpft durch Inflationsdruck, Schwankungen der Auslandsnachfrage und fiskalische Risiken aufgrund von Eventualverbindlichkeiten. Der Asiatischen Entwicklungsbank zufolge lebten im Jahr 2022 etwa 27 Prozent der Mongolen unterhalb der nationalen Armutsgrenze, w\u00e4hrend das BIP pro Kopf bei fast zw\u00f6lftausend US-Dollar lag.<\/p>\n\n\n\n<p>Zur Finanzinfrastruktur geh\u00f6rt die 1991 gegr\u00fcndete Mongolische B\u00f6rse. Im Jahr 2024 notierte sie rund 180 Unternehmen mit einer Marktkapitalisierung von rund 3,2 Milliarden US-Dollar. Die Internationale Finanz-Corporation stuft die Mongolei weltweit als 81. f\u00fcr die Gesch\u00e4ftsfreundlichkeit ein. Kredit- und Bankdienstleistungen konzentrieren sich auf Ulaanbaatar und ausgew\u00e4hlte Provinzzentren, sodass viele Gemeinden in der Region auf informelle Kredite oder Tauschhandel angewiesen sind.<\/p>\n\n\n\n<p>Verkehrsadern durchziehen das riesige Land. Die Transmongolische Eisenbahn verbindet die Transsibirische Eisenbahn im russischen Ulan-Ude, verl\u00e4uft durch Ulaanbaatar und weiter s\u00fcdw\u00e4rts, um in Erenhot an das chinesische Schienennetz anzuschlie\u00dfen. Eine separate G\u00fcterverbindung von den Tavan-Tolgoi-Kohlefeldern bis zur chinesischen Grenze ist rund 233 Kilometer lang. Stra\u00dfen jenseits der befestigten Korridore Ulaanbaats sind meist Schotterstra\u00dfen oder einfache Pisten; befestigte Strecken verlaufen westw\u00e4rts und ostw\u00e4rts entlang der Millennium Road bis an die russische und chinesische Grenze sowie zwischen gr\u00f6\u00dferen St\u00e4dten. Stra\u00dfenbauprojekte zielen darauf ab, die Verkehrsanbindung zu verbessern, doch es gibt nur rund 4.800 Kilometer befestigte Stra\u00dfen, von denen allein 1.800 Kilometer im Jahr 2013 fertiggestellt wurden.<\/p>\n\n\n\n<p>Der Flugverkehr bedient sowohl nationale als auch internationale Bed\u00fcrfnisse. Der internationale Flughafen Chinggis Khaan, etwa 52 Kilometer s\u00fcdlich von Ulaanbaatar, ist das wichtigste Tor. Direktfl\u00fcge verbinden die Mongolei mit S\u00fcdkorea, China, Thailand, Hongkong, Japan, Russland, Deutschland und der T\u00fcrkei. MIAT Mongolian Airlines bedient internationale Strecken; Fluggesellschaften wie Aero Mongolia und Hunnu Airlines bieten nationale und regionale Fl\u00fcge an.<\/p>\n\n\n\n<p>Administrativ ist die Mongolei in einundzwanzig Aimags (Provinzen) und die Provinzgemeinde Ulaanbaatar unterteilt. Jeder Aimag besteht aus mehreren Soums (Unterprovinzen), typischerweise 15 bis 22 pro Provinz. Kulturell und geografisch l\u00e4sst sich das Land in f\u00fcnf Regionen unterteilen: die Zentralmongolei (umfasst Ulaanbaatar und Archangai), die Ostmongolei (das Steppenherz und Geburtsort Dschingis Khans), die Gobi, die Nordmongolei (bewaldete H\u00f6hen und der Kh\u00f6vsg\u00f6l-See) und die Westmongolei (verschiedene St\u00e4mme rund um den Uvs-See und das Tavan-Bogd-Massiv).<\/p>\n\n\n\n<p>Das Tavan-Bogd-Massiv im \u00e4u\u00dfersten Westen der Mongolei erreicht mit dem Kh\u00fciten-Gipfel (4.374 m) seinen H\u00f6hepunkt. Der nahe gelegene Uvs-See und sein umliegendes Becken \u2013 das mit der russischen Republik Tuwa geteilt wird \u2013 geh\u00f6ren zum UNESCO-Welterbe. Der Kh\u00f6vsg\u00f6l-See, ein riesiges S\u00fc\u00dfwasserreservoir im Norden, bietet eine alpine Landschaft und beherbergt einzigartige Wasserarten wie die Sibirische Garnele. Die Fl\u00fcsse Onon und Kherlen, die \u00f6stlichen Zufl\u00fcsse des Amurbeckens, beherbergen das \u00d6stliche Bachneunauge, den Daurischen Flusskrebs und die Perlmuschel. Extreme K\u00e4lteperioden, lokal als Zud bekannt, dezimieren regelm\u00e4\u00dfig den Viehbestand und verdeutlichen die Fragilit\u00e4t der Weidefl\u00e4chen und die wirtschaftlichen Risiken der Weidewirtschaft.<\/p>\n\n\n\n<p>Die mongolische Flagge tr\u00e4gt das Soyombo-Symbol: ein stilisiertes Feuer-Sonnen-Emblem, das Sonne, Mond, Sterne und Himmel darstellt und aus der buddhistischen Kosmologie stammt. Dieses Symbol findet sich auch auf Jurteneing\u00e4ngen, W\u00e4hrungen und \u00f6ffentlichen Geb\u00e4uden. Apropos Geld: Der mongolische T\u00f6gr\u00f6g (ISO-Code MNT, Zeichen \u20ae) ist in St\u00fcckelungen von 1 bis 20.000 im Umlauf. Im Ausland ist der Umtausch von T\u00f6gr\u00f6g in Fremdw\u00e4hrungen selten; Reisenden wird empfohlen, f\u00fcr gr\u00f6\u00dfere Ausgaben US-Dollar mitzuf\u00fchren, obwohl T\u00f6gr\u00f6g in kleinen St\u00fcckelungen f\u00fcr l\u00e4ndliche Transaktionen weiterhin unverzichtbar sind.<\/p>\n\n\n\n<p>Die kulinarischen Praktiken spiegeln das Klima und die Viehwirtschaft wider. Milchprodukte \u2013 Byaslag (Frischk\u00e4se), \u00d6r\u00f6m (Streichrahm) und Aaruul (getrockneter Quark) \u2013 sowie Fleisch dominieren die Ern\u00e4hrung. Buuz (ged\u00e4mpfte Fleischkl\u00f6\u00dfe), Khuushuur (frittierte Fladenbrote mit Fleischf\u00fcllung) und Tsuivan (gebratene Nudeln mit Fleisch) sind die st\u00e4dtischen Grundnahrungsmittel und kosten jeweils einige tausend T\u00f6gr\u00f6g. L\u00e4ndliche Hirten bereiten Boodog zu, einen Ziegen- oder Murmeltierbraten, der in der Haut des Tieres mithilfe von hei\u00dfen Steinen gegart wird, oder Khorkhog, bei dem Hammelfleisch, Gem\u00fcse und hei\u00dfe Steine \u200b\u200bin einem geschlossenen Kessel \u00fcber offenem Feuer k\u00f6cheln. Airag \u2013 fermentierte Stutenmilch \u2013 ist das traditionelle Getr\u00e4nk, w\u00e4hrend Arkhi \u2013 destillierter Milchschnaps \u2013 sowohl medizinische als auch soziale Funktionen erf\u00fcllt. Mongolische Wodkamarken wie Chinggis Khaan, Soyombo und Golden Chinggis sind ebenso weit verbreitet wie importierte und lokale Biere.<\/p>\n\n\n\n<p>Touristen finden au\u00dferhalb der gro\u00dfen St\u00e4dte nur wenige befestigte Stra\u00dfen; \u00dcberlandreisen beinhalten oft Fahrten durch offene Steppen, Ausritte, Kamelkarawanen in der Gobi oder sogar das Nachfahren von Abschnitten der alten Seidenstra\u00dfe. Die Unterk\u00fcnfte reichen von Jurtenlagern nahe Ulaanbaatar bis zu einfachen Unterk\u00fcnften in Provinzst\u00e4dten. Viele Reisende \u00fcbernachten bei Nomadenfamilien \u2013 eine Gelegenheit, gekochtes Hammelfleisch und Milchtee zu genie\u00dfen und Kehlkopfgesang, Adlerjagd oder schamanische Zeremonien mitzuerleben. Naturliebhaber k\u00f6nnen im Khustain-Nuruu-Nationalpark das Przewalski-Pferd, im Altai-Tavan-Bogd den sibirischen Steinbock oder in Uvs Nuur Vogelwanderungen beobachten.<\/p>\n\n\n\n<p>Zu den Sicherheitsaspekten z\u00e4hlen unvorhersehbares Wetter, insbesondere im Winter, und herumstreunende Wachhunde in l\u00e4ndlichen Gebieten. Fehlende Kanaldeckel in st\u00e4dtischen und stadtnahen Gebieten stellen versteckte Gefahren dar, insbesondere bei schlechter Sicht. Besucher sollten die lokalen Empfindlichkeiten respektieren, insbesondere die ausgepr\u00e4gte antichinesische Stimmung: Bezeichnungen der Inneren Mongolei als S\u00fcdmongolei oder Kritik an der chinesischen Politik k\u00f6nnen Ansto\u00df erregen.<\/p>\n\n\n\n<p>Die Mongolei ist eine der letzten offenen Landschaften, in denen nomadische Traditionen im gro\u00dfen Stil fortbestehen. Ihre Gipfel und W\u00fcsten, ihre mit Gers \u00fcbers\u00e4ten Steppen und ihre in winterlichen Inversionsschichten halb verborgenen St\u00e4dte bilden zusammen ein ebenso altes wie anpassungsf\u00e4higes Land, gepr\u00e4gt von Klima, Eroberung und den widerstandsf\u00e4higen Kulturen der Steppe. Hier, unter dem \u201eLand des blauen Himmels\u201c, koexistieren moderne Bestrebungen und uralte Rhythmen in einer ebenso beeindruckenden wie weitl\u00e4ufigen Landschaft.<\/p>","protected":false},"excerpt":{"rendered":"<p>Die Mongolei in Ostasien ist ein Binnenstaat mit 3,5 Millionen Einwohnern. Sie gilt als der am d\u00fcnnsten besiedelte souver\u00e4ne Staat der Welt und erstreckt sich \u00fcber eine Fl\u00e4che von 1.564.116 Quadratkilometern. Das weitl\u00e4ufige Land zwischen Russland im Norden und China im S\u00fcden zeichnet sich durch eine abwechslungsreiche Landschaft aus, die von Grassteppen \u00fcber Bergregionen bis hin zur ber\u00fchmten W\u00fcste Gobi reicht. Als gr\u00f6\u00dfter Binnenstaat ohne Zugang zu einem Meer weist die Mongolei ein unverwechselbares geografisches Profil auf, das ihre Geschichte, Kultur und Entwicklung gepr\u00e4gt hat.<\/p>","protected":false},"author":1,"featured_media":4234,"parent":24063,"menu_order":0,"comment_status":"closed","ping_status":"closed","template":"elementor_theme","meta":{"_eb_attr":"","footnotes":""},"class_list":["post-15411","page","type-page","status-publish","has-post-thumbnail"],"_links":{"self":[{"href":"https:\/\/travelshelper.com\/de\/wp-json\/wp\/v2\/pages\/15411","targetHints":{"allow":["GET"]}}],"collection":[{"href":"https:\/\/travelshelper.com\/de\/wp-json\/wp\/v2\/pages"}],"about":[{"href":"https:\/\/travelshelper.com\/de\/wp-json\/wp\/v2\/types\/page"}],"author":[{"embeddable":true,"href":"https:\/\/travelshelper.com\/de\/wp-json\/wp\/v2\/users\/1"}],"replies":[{"embeddable":true,"href":"https:\/\/travelshelper.com\/de\/wp-json\/wp\/v2\/comments?post=15411"}],"version-history":[{"count":0,"href":"https:\/\/travelshelper.com\/de\/wp-json\/wp\/v2\/pages\/15411\/revisions"}],"up":[{"embeddable":true,"href":"https:\/\/travelshelper.com\/de\/wp-json\/wp\/v2\/pages\/24063"}],"wp:featuredmedia":[{"embeddable":true,"href":"https:\/\/travelshelper.com\/de\/wp-json\/wp\/v2\/media\/4234"}],"wp:attachment":[{"href":"https:\/\/travelshelper.com\/de\/wp-json\/wp\/v2\/media?parent=15411"}],"curies":[{"name":"wp","href":"https:\/\/api.w.org\/{rel}","templated":true}]}}