{"id":15380,"date":"2024-09-20T23:24:32","date_gmt":"2024-09-20T23:24:32","guid":{"rendered":"https:\/\/travelshelper.com\/staging\/?page_id=15380"},"modified":"2026-03-11T18:51:46","modified_gmt":"2026-03-11T18:51:46","slug":"kathmandu","status":"publish","type":"page","link":"https:\/\/travelshelper.com\/de\/destinations\/asia\/nepal\/kathmandu\/","title":{"rendered":"Kathmandu"},"content":{"rendered":"<p>Eingebettet in ein breites, sch\u00fcsself\u00f6rmiges Becken auf knapp 1.300 Metern H\u00f6he ist Kathmandu Zeuge jahrtausendelanger menschlicher Errungenschaften. Ihre Gr\u00fcndung geht auf das zweite Jahrhundert n. Chr. zur\u00fcck und macht die Stadt zu einem der am l\u00e4ngsten ununterbrochen bewohnten urbanen Zentren der Welt. Trotz dynastischer Herrschaft, ausl\u00e4ndischer Invasionen und seismischer Ersch\u00fctterungen hat diese Stadt \u2013 heute die Hauptstadt der Demokratischen Bundesrepublik Nepal \u2013 ihren einzigartigen Charakter bewahrt: Sie ist zugleich Sitz der Macht, Schmelztiegel k\u00fcnstlerischer Innovation, Mittelpunkt hinduistischer und buddhistischer Fr\u00f6mmigkeit und Motor einer in ihrer republikanischen Form noch jungen Volkswirtschaft.<\/p>\n\n\n\n<p>Kathmandu liegt am s\u00fcdwestlichen Rand des Kathmandutals, einem fruchtbaren Becken, umgeben von bewaldeten H\u00fcgeln. Historisch bekannt als Nepal Mandala \u2013 \u201eMandala\u201c steht in der Newar-Sprache sowohl f\u00fcr Wasser als auch f\u00fcr kosmische Ordnung \u2013 war das Tal die Heimat des Newar-Volkes, dessen hochentwickelte urbane Zivilisation inmitten von Terrassenfeldern und den gewundenen L\u00e4ufen von acht Fl\u00fcssen entstand. Diese Wasserwege, allen voran der Bagmati und seine Nebenfl\u00fcsse Bishnumati, Dhobi Khola, Manohara Khola, Hanumante Khola und Tukucha Khola, entspringen aus H\u00f6hen von 1.500 bis 3.000 Metern. Ein alter Kanal f\u00fchrte einst vom Nagarjun-H\u00fcgel nach Balaju und sorgte f\u00fcr wertvolle Bew\u00e4sserung, doch sein Verlauf ist heute verstummt. Die Verwaltungsgrenzen von Kathmandu umfassen 50,7 km\u00b2 und grenzen an Lalitpur (Patan), Kirtipur und einen Ring von Gemeinden, wobei sich die st\u00e4dtische Agglomeration dar\u00fcber hinaus ausdehnt und Bhaktapur erreicht und fast den Talboden ausf\u00fcllt.<\/p>\n\n\n\n<p>Die Stadt ist in 32 Bezirke unterteilt, jeweils ein Mosaik aus Vierteln, deren Grenzen im lokalen Ged\u00e4chtnis fester verankert sind als auf offiziellen Karten. Das Muster aus engen Gassen, versteckten H\u00f6fen und offenen Pl\u00e4tzen wuchs \u00fcber Jahrhunderte organisch und wurde ebenso von dynastischer Schirmherrschaft wie von der Geographie gepr\u00e4gt. Die ersten Licchavi-Herrscher zwischen dem 5. und 9. Jahrhundert hinterlie\u00dfen Inschriften und Mauerwerk; die mittelalterlichen Malla-Herrscher lie\u00dfen ab dem 14. Jahrhundert Pal\u00e4ste, Schreine und Stupas errichten, die noch heute das Stadtzentrum pr\u00e4gen. Der Durbar Square \u2013 sein Name leitet sich vom Persischen ab und bedeutet \u201eHof\u201c \u2013 beherbergte einst vier K\u00f6nigreiche in zwei miteinander verbundenen H\u00f6fen, wo Kasthamandap, Kumari Ghar und der Hanuman-Dhoka-Palast heute noch an vergangene Pracht erinnern.<\/p>\n\n\n\n<p>Kathmandus Klima liegt an der Schnittstelle zwischen subtropischem Tiefland und gem\u00e4\u00dfigtem Hochland. Der Gro\u00dfteil der Stadt, zwischen 1.300 und 1.400 Metern, weist ein feuchtes subtropisches Klima (Cwa nach K\u00f6ppen) mit hei\u00dfen, feuchten Sommern \u2013 Tagesh\u00f6chstwerte oft um die 30 \u00b0C \u2013 und k\u00fchlen, trockenen Wintern auf, in denen die Nachttemperaturen bis nahe an den Gefrierpunkt sinken k\u00f6nnen. Die umliegenden H\u00fcgel, die sich \u00fcber 1.500 Meter erheben, genie\u00dfen ein subtropisches Hochlandklima (Cwb), wo die Tagesschwankungen st\u00e4rker sind und gelegentlich Frost den Boden \u00fcberzieht. Die j\u00e4hrliche Niederschlagsmenge betr\u00e4gt durchschnittlich etwa 1.400 mm, wovon mehr als 65 Prozent mit dem S\u00fcdwestmonsun zwischen Juni und September eintreffen. Rekordtemperaturen haben die Einwohner auf die Probe gestellt: magere 356 mm im Jahr 2001 bei einem schwachen Monsun und \u00fcber 2.900 mm bei der Sintflut im Jahr 2003. Schnee ist in den St\u00e4dten eine Seltenheit, besonders bemerkenswert waren dies die Jahre 1945 und 2007; die niedrigste jemals gemessene Temperatur von -3,5 \u00b0C wurde 1978 gemessen.<\/p>\n\n\n\n<p>\u00d6kologisch gesehen liegt das Tal in der Laub-Monsunwaldzone, in der Eichen, Ulmen, Buchen und Ahornb\u00e4ume gedeihen; an den unteren H\u00e4ngen wachsen subtropische Arten, w\u00e4hrend Nadelb\u00e4ume die h\u00f6heren Bergr\u00fccken durchbrechen. Dieser gr\u00fcne Saum bedeckte einst jeden Hang; heute zerschneiden sich Stadterweiterung und informelle Siedlungen \u00fcber die H\u00e4nge, zerst\u00fcckeln die W\u00e4lder und gef\u00e4hrden die Quellen, die die Stadt versorgen.<\/p>\n\n\n\n<p>Die Volksz\u00e4hlung von 2021 verzeichnete 845.767 Einwohner innerhalb der Stadtgrenzen, die in rund 105.600 Haushalten lebten; die weitere Agglomeration n\u00e4hert sich vier Millionen. 1991 beherbergte Kathmandu weniger als 430.000 Seelen; 2001 stieg diese Zahl auf 672.000 und 2011 auf fast eine Million. Die rasante Urbanisierung \u2013 j\u00e4hrlich um etwa vier Prozent \u2013 \u200b\u200bhat sowohl zu horizontaler Zersiedelung als auch zu vertikaler \u00dcberbev\u00f6lkerung gef\u00fchrt. 2011 lebten in der Stadt 975.543 Menschen in 254.292 Haushalten; Prognosen gehen f\u00fcr 2021 von 1,3 Millionen Einwohnern aus.<\/p>\n\n\n\n<p>Kathmandus Bev\u00f6lkerung ist multiethnisch. Die Newar, deren Zivilisation schon vor dem Namen der Stadt existierte, stellen mit rund 25 Prozent nach wie vor die gr\u00f6\u00dfte indigene Gruppe dar. Die Khas-Gemeinschaft \u2013 Bahuns (Bergbrahmanen) und Chhetris \u2013 macht zusammen rund 43 Prozent aus. Janajati-Gruppen, haupts\u00e4chlich Tamang, Magar, Gurung und Rai, stellen weitere 18 Prozent, w\u00e4hrend Muslime, Marwadis und andere Madheshi-V\u00f6lker in geringerer Zahl leben. 70 Prozent der Einwohner sind zwischen 15 und 59 Jahre alt, was einer jungen Mehrheit mit wachsenden wirtschaftlichen Anspr\u00fcchen entspricht.<\/p>\n\n\n\n<p>Sprachlich gesehen ist Nepali f\u00fcr 62 Prozent der Haushalte Verkehrssprache und Muttersprache. Newari wird in fast einem F\u00fcnftel der Haushalte gesprochen; Tamang, Maithili, Bhojpuri, Gurung, Magar und Sherpa werden seltener gesprochen. Die Englischkenntnisse steigen unter Gebildeten und im Tourismus Besch\u00e4ftigten.<\/p>\n\n\n\n<p>Religion durchdringt das \u00f6ffentliche und private Leben Kathmandus. Hindus bilden die Mehrheit; Buddhisten stellen eine bedeutende Minderheit dar; Islam, Christentum und animistische Traditionen existieren nebeneinander. Feste pr\u00e4gen den Kalender: Bisket Jatra in Bhaktapur Mitte April; die farbenfrohen Newar-Feste Indra Jatra und Gai Jatra; Dashain und Tihar in ganz Nepal; sowie die buddhistischen Feierlichkeiten Losar und Buddha Jayanti. In jedem religi\u00f6sen Bezirk \u2013 seien es die vergoldeten T\u00fcrme des Pashupatinath-Tempels, die tausend Gebetsm\u00fchlen der Bodnath-Stupa oder die Terrassen, die zum Swayambhunath hinauff\u00fchren \u2013 streichen Pilger ehrf\u00fcrchtig \u00fcber die mattierten Steine.<\/p>\n\n\n\n<p>1979 erkl\u00e4rte die UNESCO sieben Denkmalzonen im Tal zum UNESCO-Weltkulturerbe: die Durbar-Pl\u00e4tze von Kathmandu, Patan (Lalitpur) und Bhaktapur; die Hindutempel von Pashupatinath und Changu Narayan; die buddhistischen Stupas von Swayambhunath und Boudhanath. Zusammen erstrecken sie sich \u00fcber 189 Hektar, mit einer Pufferzone von 2.394 Hektar. Der Hanuman-Dhoka-Komplex \u2013 gepr\u00e4gt von Licchavi-Inschriften, Pal\u00e4sten aus der Malla-\u00c4ra und einem Labyrinth aus zehn H\u00f6fen \u2013 kr\u00f6nt den inneren Innenhof des Durbar-Platzes in Kathmandu. \u00dcber f\u00fcnfzig Tempel befinden sich in seinem Umkreis und beherbergen Handwerker, die sich in Holzschnitzerei, Steinbildhauerei und Terrakottakunst auskennen.<\/p>\n\n\n\n<p>Kumari Ghar, angrenzend an den Platz, beherbergt die lebende G\u00f6ttin Kumari Devi. Ausgew\u00e4hlt durch pr\u00e4zise astrologische und k\u00f6rperliche Untersuchungen, verk\u00f6rpert sie die Gottheit Taleju, bis die Menarche oder eine schwere Krankheit sie zum R\u00fcckzug zwingt. Kasthamandap, nach dem die Stadt benannt ist, entstand im 16. Jahrhundert als Rasthaus am Knotenpunkt des indisch-tibetischen Handels. Seine drei pagoden\u00fcberdachten Ebenen bildeten einst den Horizont des Maru-Platzes; ein Gro\u00dfteil des Holzes ging beim Erdbeben 2015 verloren, doch seine Legende lebt weiter.<\/p>\n\n\n\n<p>Pashupatinath am Ufer des Bagmati f\u00fchrt die Shiva-Verehrung auf das 5. Jahrhundert zur\u00fcck. Obwohl Moguleinf\u00e4lle im 14. Jahrhundert fr\u00fche Bauwerke zerst\u00f6rten, gilt der Wiederaufbau aus dem 19. Jahrhundert \u2013 seine Kupfer- und Goldd\u00e4cher gl\u00e4nzen \u00fcber geschnitzten Holzbalken \u2013 als Nepals heiligstes Hindu-Heiligtum. Nur Hindus d\u00fcrfen den inneren Bereich betreten; andere k\u00f6nnen die Ghats und Schreine vom gegen\u00fcberliegenden Ufer aus betrachten.<\/p>\n\n\n\n<p>Boudhanath, elf Kilometer nord\u00f6stlich des Stadtzentrums, ist einer der gr\u00f6\u00dften kugelf\u00f6rmigen Stupas der Welt. Seine wei\u00df get\u00fcnchte Kuppel tr\u00e4gt eine hohe Spitze mit den allsehenden Augen Buddhas. Pilger umrunden den Sockel, drehen Gebetsm\u00fchlen und hissen Fahnen vom Gipfel bis zum Boden, deren Farben leuchtend vor dem Himmel leuchten. Rund um den Stupa gruppieren sich \u00fcber f\u00fcnfzig tibetische Gompas \u2013 ein Erbe der Fl\u00fcchtlinge, die vor Chinas Politik flohen.<\/p>\n\n\n\n<p>Swayambhunath, auf dem nordwestlichen Bergr\u00fccken gelegen, vereint buddhistische und hinduistische Ehrfurcht. Hundert Steinstufen f\u00fchren hinauf zu seiner Kuppel und dem w\u00fcrfelf\u00f6rmigen Schrein, wo gemalte Augen auf allen Seiten ruhen. Im S\u00fcden sitzen Affen zwischen Gebetsfahnen \u2013 ein Zeugnis von Schalk und Hingabe zugleich.<\/p>\n\n\n\n<p>Ranipokhari, der K\u00f6niginnenteich, liegt im Herzen der Stadt. Er wurde 1670 von K\u00f6nig Pratap Malla nach dem tragischen Verlust seiner K\u00f6nigin erbaut. Der zentrale Inseltempel ist einmal j\u00e4hrlich \u00fcber einen Damm zu erreichen: bei Bhai Tika, einer Zeremonie, die eng mit der Geschwisterbindung verbunden ist. Erdbebensch\u00e4den und die anschlie\u00dfende Restaurierung haben das ruhige Wasser und die mit Elefantenskulpturen verzierten Tore wieder zum Leben erweckt.<\/p>\n\n\n\n<p>Abseits seiner Stra\u00dfen ist das Tal eine wahre Fundgrube immaterieller Kunst. Paubha-Malerei \u2013 deren Ikonographie auf den Buddhismus der Ashoka-\u00c4ra zur\u00fcckgeht \u2013 koexistiert mit zeitgen\u00f6ssischen Gem\u00e4lden, die Abstraktion, Gesellschaftskritik und tantrische Motive thematisieren. Bildhauer gestalten Gottheiten aus Bronze und Stein; Tischler schnitzen vergitterte Fenster, die Schatten und Licht in Einklang bringen.<\/p>\n\n\n\n<p>Kathmandu beherbergt eine Vielzahl von Museen. Das Nationalmuseum neben Swayambhunath wurde 1928 als Waffenlager er\u00f6ffnet und zeigt heute Waffen, Reliquien und Kunst \u2013 von mittelalterlichen Kanonen bis hin zu k\u00f6niglichen Insignien. Das nahe gelegene Naturkundemuseum zeigt Tierpr\u00e4parate, Fossilien und botanische Exemplare und bildet Nepals Artenvielfalt ab. Die Museen Tribhuvan und Mahendra ehren ihre gleichnamigen K\u00f6nige mit pers\u00f6nlichen Gegenst\u00e4nden, Briefen und rekonstruierten Gem\u00e4chern. Der Narayanhiti-Palast, Schauplatz des k\u00f6niglichen Massakers von 2001, l\u00e4dt heute Besucher in sein Museum ein, das sich auf einem Gel\u00e4nde befindet, das einst Monarchen vorbehalten war. Das Taragaon-Museum, 1970 von Carl Pruscha konzipiert, dokumentiert ein halbes Jahrhundert Konservierung und Forschung. Bei seiner Sanierung wurden modernes Design und lokale Ziegelhandwerkskunst vereint.<\/p>\n\n\n\n<p>Kunstgalerien gibt es in H\u00fclle und F\u00fclle. Die National Art Gallery, die NEF-ART Gallery und die Nepal Art Council Gallery im Babar Mahal zeigen Ausstellungen, die von Thangka-Rollen bis hin zu Installationen reichen. Die Srijana Contemporary Gallery und die Moti Azima Gallery pr\u00e4sentieren lebende K\u00fcnstler; die J Art Gallery und die NAFA Gallery bieten etablierten und aufstrebenden Talenten eine Plattform. Das britische Kathmandu Contemporary Art Centre verbindet lokale K\u00fcnstler mit einem weltweiten Publikum.<\/p>\n\n\n\n<p>Kathmandus Gaumen verbindet ged\u00e4mpften Linsenreis (Dal Bhat) mit Gem\u00fcsecurrys, Achar und Chutney; Momo \u2013 ged\u00e4mpfte oder frittierte Teigtaschen gef\u00fcllt mit B\u00fcffelfleisch, H\u00fchnchen oder Gem\u00fcse \u2013 konkurriert mittlerweile mit Dal Bhat als Nationalsymbol. Stra\u00dfenst\u00e4nde und Teeh\u00e4user bieten Chiya an, einen gew\u00fcrzten Milchtee, der kr\u00e4ftiger ist als sein tibetisches Pendant. Zu den alkoholischen Traditionen geh\u00f6ren Reiswein (Thwon), Hirseaufguss (Tongba) und destilliertes Raksi; B\u00fcffelfleisch dominiert, w\u00e4hrend Rindfleisch f\u00fcr die meisten Hindus tabu bleibt und Schweinefleisch in verschiedenen Glaubensrichtungen mit unterschiedlichen Tabus behaftet ist. Westliche und kontinentale Speisekarten sind mit dem Tourismus gewachsen und haben hybride Gerichte hervorgebracht \u2013 darunter amerikanisches Chop Suey \u2013 sowie eine Reihe von Luxushotels und Casinos in Thamel und den angrenzenden Bezirken.<\/p>\n\n\n\n<p>Kathmandus Wohlstand beruht auf Handel, Handwerk und Dienstleistungen. Als alter Knotenpunkt auf der Indien-Tibet-Route beg\u00fcnstigte es die Lhasa-Newar-H\u00e4ndler, die Pashmina, Papier und Kunstwerke \u00fcber hohe P\u00e4sse transportierten. Traditionelle Handwerksberufe \u2013 Holzschnitzerei, Metallguss, Weberei, T\u00f6pferei \u2013 bestehen neben Bekleidungsfabriken und Teppichwerkst\u00e4tten fort. Heute erwirtschaftet die Wirtschaft der Metropole \u2013 mit einem j\u00e4hrlichen Umsatz von rund 550 Milliarden Naira \u2013 \u00fcber ein Drittel des nepalesischen BIP. Der Handel erwirtschaftet 21 Prozent der Einnahmen, das verarbeitende Gewerbe 19 Prozent; Landwirtschaft, Bildung, Verkehr und Gastgewerbe tragen den Rest bei. Die Nepal Stock Exchange, die Zentralbank sowie Hauptsitze von Banken, Telekommunikationsunternehmen und internationalen Organisationen befinden sich alle innerhalb der Grenzen des KMC.<\/p>\n\n\n\n<p>Der Tourismus ist nach wie vor von gro\u00dfer Bedeutung. Von weniger als 6.200 Ank\u00fcnften in den fr\u00fchen 1960er Jahren empfing Kathmandu bis zum Jahr 2000 fast eine halbe Million Touristen. B\u00fcrgerkriege d\u00e4mpften das Wachstum, doch nach 2010 sorgte die Stabilit\u00e4t f\u00fcr einen erneuten Aufschwung. 2013 stufte TripAdvisor die Stadt als drittgr\u00f6\u00dftes aufstrebendes Reiseziel weltweit und als f\u00fchrendes Reiseziel in Asien ein. Thamel, ein Labyrinth aus G\u00e4steh\u00e4usern, Restaurants und Gesch\u00e4ften, ist das pulsierende Zentrum des Tourismus; Jhamsikhel \u2013 \u201eJhamel\u201c \u2013 und die historische Freak Street erinnern an die Hippie-Geschichte. Luxushotels, Hostels und Privatunterk\u00fcnfte beherbergen ein vielf\u00e4ltiges Publikum, w\u00e4hrend Trekkingagenturen Besucher auf ihre Himalaya-Abenteuer vorbereiten.<\/p>\n\n\n\n<p>Stra\u00dfen erstrecken sich f\u00e4cherartig entlang des Beckenrandes und des Talbodens \u2013 der Tribhuvan Highway s\u00fcdw\u00e4rts nach Indien, der Araniko Highway nordw\u00e4rts nach China, der Prithvi Highway westw\u00e4rts und der BP Highway ostw\u00e4rts. Sajha-Yatayat-Busse und private Minibusse kreuzen die Talstra\u00dfen; der Obus verband einst Tripureshwor und Suryabinayak, heute nur noch eine Erinnerung. Der Tribhuvan International Airport, das einzige internationale Drehkreuz des Landes, fertigt auf Inlandsstrecken gro\u00dfe Verkehrsflugzeuge \u2013 Boeing 777, Airbus A330, Dreamliner \u2013 sowie Turboprops wie die ATR 72 und Dash 8 ab. Seilbahnen, so rudiment\u00e4r sie auch sein m\u00f6gen, zeugen von Nepals Einfallsreichtum in den Bergregionen.<\/p>\n\n\n\n<p>Kathmandu verk\u00f6rpert Kontraste: alte Steinschreine und verglaste Ufer; gr\u00fcne H\u00fcgel und Betonfl\u00e4chen; hinduistische Riten und buddhistische Ges\u00e4nge; Mei\u00dfel von Handwerkern und klickende Touristenkameras. Seine Identit\u00e4t erwuchs aus der Geographie \u2013 einem fruchtbaren Seebecken im Himalaya \u2013 und entwickelte sich \u00fcber Epochen von Herrschern und Pilgern. Heute, als Sitz einer Bundesrepublik und Provinzhauptstadt, steht es vor den Herausforderungen der Modernisierung: Stadtplanung, Flussverschmutzung, Erdbebengefahr, Denkmalschutz. Doch in seinen Stra\u00dfen erklingen noch immer Tempelglocken, Festtrommeln und das Gemurmel jahrhundertealter Sprachen. In dieser Mischung aus Vergangenheit und Gegenwart bleibt Kathmandu nicht nur eine Stadt, sondern eine lebendige Chronik: ein Ort, an dem Glaube und Handwerk, Handel und Gemeinschaft inmitten der uralten Wache der Berge zusammentreffen.<\/p>","protected":false},"excerpt":{"rendered":"<p>Kathmandu, die Hauptstadt Nepals, verk\u00f6rpert die reiche Geschichte und lebendige Kultur des Landes. Laut der nepalesischen Volksz\u00e4hlung von 2021 hat die Stadt 845.767 Einwohner in 105.649 H\u00e4usern und ist damit die bev\u00f6lkerungsreichste Stadt des Landes. Die angrenzende Agglomeration beherbergt \u00fcber 4 Millionen Einwohner und macht Kathmandu zu einem bedeutenden urbanen Zentrum der Region. Die Stadt liegt im Kathmandutal, inmitten der Hochebenen Zentralnepals auf einer H\u00f6he von 1.400 Metern \u00fcber dem Meeresspiegel. Dies bietet eine einzigartige nat\u00fcrliche Umgebung, die ihre Entwicklung \u00fcber Jahrtausende gepr\u00e4gt hat.<\/p>","protected":false},"author":1,"featured_media":3568,"parent":15371,"menu_order":0,"comment_status":"closed","ping_status":"closed","template":"elementor_theme","meta":{"_eb_attr":"","footnotes":""},"class_list":["post-15380","page","type-page","status-publish","has-post-thumbnail"],"_links":{"self":[{"href":"https:\/\/travelshelper.com\/de\/wp-json\/wp\/v2\/pages\/15380","targetHints":{"allow":["GET"]}}],"collection":[{"href":"https:\/\/travelshelper.com\/de\/wp-json\/wp\/v2\/pages"}],"about":[{"href":"https:\/\/travelshelper.com\/de\/wp-json\/wp\/v2\/types\/page"}],"author":[{"embeddable":true,"href":"https:\/\/travelshelper.com\/de\/wp-json\/wp\/v2\/users\/1"}],"replies":[{"embeddable":true,"href":"https:\/\/travelshelper.com\/de\/wp-json\/wp\/v2\/comments?post=15380"}],"version-history":[{"count":0,"href":"https:\/\/travelshelper.com\/de\/wp-json\/wp\/v2\/pages\/15380\/revisions"}],"up":[{"embeddable":true,"href":"https:\/\/travelshelper.com\/de\/wp-json\/wp\/v2\/pages\/15371"}],"wp:featuredmedia":[{"embeddable":true,"href":"https:\/\/travelshelper.com\/de\/wp-json\/wp\/v2\/media\/3568"}],"wp:attachment":[{"href":"https:\/\/travelshelper.com\/de\/wp-json\/wp\/v2\/media?parent=15380"}],"curies":[{"name":"wp","href":"https:\/\/api.w.org\/{rel}","templated":true}]}}