{"id":15337,"date":"2024-09-20T22:39:43","date_gmt":"2024-09-20T22:39:43","guid":{"rendered":"https:\/\/travelshelper.com\/staging\/?page_id=15337"},"modified":"2026-03-11T18:49:44","modified_gmt":"2026-03-11T18:49:44","slug":"oman","status":"publish","type":"page","link":"https:\/\/travelshelper.com\/de\/destinations\/asia\/oman\/","title":{"rendered":"Oman"},"content":{"rendered":"<p>Oman liegt im s\u00fcd\u00f6stlichen Zipfel der Arabischen Halbinsel. Seine sehnige K\u00fcstenlinie erstreckt sich im Nordosten entlang des Golfs von Oman und im S\u00fcdosten entlang des Arabischen Meeres. Das Sultanat grenzt im Westen an Saudi-Arabien, im Nordwesten und Norden an die Vereinigten Arabischen Emirate und im S\u00fcdwesten an den Jemen. Zu seinem territorialen Reichtum geh\u00f6ren auch zwei Inselstaaten \u2013 Musandam und Madha \u2013, die innerhalb der Emirate liegen. Musandam, hoch \u00fcber der Stra\u00dfe von Hormus gelegen, beherrscht einen der strategisch wichtigsten maritimen Engp\u00e4sse der Welt. Madha, nur etwa siebzig Quadratkilometer gro\u00df, wird von der winzigen, von Schardscha kontrollierten Enklave Nahwa durchbrochen. Innerhalb dieser Grenzen liegt Maskat, Omans Hauptstadt und wichtigste Metropole, um die sich fast die H\u00e4lfte der 5,5 Millionen Einwohner des Landes konzentriert. Mit einer Fl\u00e4che von etwa 309.500 km\u00b2 ist die Geografie Omans zugleich ein Drama aus W\u00fcstenebenen, zerkl\u00fcfteten Bergen, feuchten K\u00fcsten und gelegentlichen smaragdgr\u00fcnen Monsunparadiesen.<\/p>\n\n\n\n<p>Lange bevor \u00d6l die Wirtschaft des Omans ver\u00e4nderte, pr\u00e4gte salzgetr\u00e4nkte Decks und W\u00fcstenwinde sein Schicksal. Mitte des 18. Jahrhunderts hatte sich die Al-Bu-Said-Dynastie zu einer Seemacht entwickelt und den portugiesischen und sp\u00e4ter britischen Einfluss im Indischen Ozean und am Persischen Golf herausgefordert. Auf ihrem H\u00f6hepunkt im 19. Jahrhundert fuhren omanische Schiffe von der iranischen K\u00fcste bis zu den Korallen Sansibars, exportierten Datteln, Weihrauch und Sklaven, importierten Gew\u00fcrze und Textilien und errichteten ein kontinentales Imperium. Obwohl Oman nie formell kolonisiert wurde, fiel es im 20. Jahrhundert unter den Status eines informellen britischen Protektorats, verbunden durch gemeinsame Interessen: Gro\u00dfbritannien sicherte seine Seewege, und Oman trieb die Modernisierung unter Sultan Said bin Taimur und sp\u00e4ter Sultan Qaboos bin Said voran. 1970 \u00fcbernahm Qaboos nach der Absetzung seines Vaters die Thronfolge und leitete einen jahrzehntelangen Aufbau von Institutionen ein, von Schulen und Krankenh\u00e4usern bis hin zu Stra\u00dfen, die die Zentralw\u00fcste durchziehen. Nach seinem Tod im Januar 2020 ging der Thron gem\u00e4\u00df Qaboos&#039; privater Bestimmung reibungslos an seinen Cousin Haitham bin Tariq \u00fcber \u2013 ein Beweis f\u00fcr das Beharren des K\u00f6nigshauses auf Kontinuit\u00e4t.<\/p>\n\n\n\n<p>Oman ist eine absolute Monarchie, in der die Macht in der m\u00e4nnlichen Linie der Familie al-Bu Said weitergegeben wird. Der Sultan \u00fcbt die Exekutive, Legislative und Judikative aus, wobei jedoch f\u00fcr bestimmte lokale und wirtschaftliche Angelegenheiten beratende Gremien eingerichtet werden. International verfolgt Oman einen besonnenen Kurs: Als Mitglied der Vereinten Nationen, der Arabischen Liga, des Golf-Kooperationsrates, der Bewegung der Blockfreien Staaten und der Organisation f\u00fcr Islamische Zusammenarbeit pflegt das Land Beziehungen zu Ost und West und fungiert oft als diskreter Vermittler bei regionalen Spannungen.<\/p>\n\n\n\n<p>Der Gro\u00dfteil Zentralomans besteht aus einer Schotterw\u00fcstenebene, in der die Temperaturen im Sommer regelm\u00e4\u00dfig unter 40 \u00b0C liegen und es kaum Niederschl\u00e4ge gibt \u2013 in Maskat fallen durchschnittlich etwa 100 mm pro Jahr, die meisten davon im Januar. Doch die Geographie bietet einige Nuancen. Das im Norden emporragende Hadschar-Gebirge entzieht den vorbeiziehenden Wolken mehr Feuchtigkeit. In den h\u00f6heren Lagen des Dschabal Akhdar fallen j\u00e4hrlich \u00fcber 400 mm Niederschlag, und im Winter gibt es gelegentlich Schnee. Weiter s\u00fcdlich unterliegt das Dhofar-Gebirge um Salala jeden Sommer dem Monsun des Indischen Ozeans und zieht k\u00fchle, nebelige Luft an, die die Region von Juni bis September in Nebel und Regen taucht; die Tagesh\u00f6chsttemperaturen \u00fcbersteigen selten 30 \u00b0C, und die H\u00fcgel und K\u00fcstenebenen werden gr\u00fcn genug, um Kokosnusshaine und die uralten Weihrauchb\u00e4ume zu beherbergen.<\/p>\n\n\n\n<p>Omans sp\u00e4rliche Vegetation im Landesinneren besteht aus W\u00fcstenstr\u00e4uchern und Gr\u00e4sern, w\u00e4hrend die vom Monsun gepr\u00e4gten Gebiete Dhofars eine kurze Bl\u00fctezeit aufweisen. Das Hadschar-Gebirge beherbergt eine besondere \u00d6koregion, die Heimat des Arabischen Tahrs und einer Vielzahl anderer Arten ist: Leoparden, Steinb\u00f6cke, Oryxantilopen, Hy\u00e4nen, W\u00f6lfe und Hasen streifen durch seine Felsen. Die Vogelwelt reicht von Geiern und Adlern \u00fcber Zugst\u00f6rche bis hin zum juwelenartigen Bienenfresser. Die Meeresgew\u00e4sser sind fischreich, und in den letzten Jahren hat Oman als beliebtes Reiseziel f\u00fcr Walbeobachtungen Aufmerksamkeit erregt \u2013 Arabische Buckelwale, Pottwale und sogar Zwergblauwale besuchen die tiefen Kan\u00e4le vor seiner K\u00fcste.<\/p>\n\n\n\n<p>Dennoch stagniert der Naturschutz. 2007 verkleinerte die Regierung das Schutzgebiet f\u00fcr Arabische Oryxantilopen \u2013 einst ein UNESCO-Weltkulturerbe \u2013 um 90 Prozent, um Land f\u00fcr die \u00d6lf\u00f6rderung freizumachen, was zur Streichung des Schutzgebiets f\u00fchrte. Der Tierschutz bleibt problematisch: Es gibt keine Sterilisations- oder Tierheimprogramme f\u00fcr streunende Hunde, die oft erschossen werden, und auch Katzen werden vernachl\u00e4ssigt. Bedrohte Arten wie der Arabische Leopard, die Gr\u00fcne Meeresschildkr\u00f6te und die Arabische Oryxantilope sind auf Schutzverordnungen angewiesen, doch Durchsetzung und \u00f6ffentliches Bewusstsein hinken den Ambitionen hinterher.<\/p>\n\n\n\n<p>Das Diktum der omanischen Grundsatzung \u2013 \u201eDie Volkswirtschaft basiert auf Gerechtigkeit und den Prinzipien einer freien Wirtschaft\u201c \u2013 koexistiert mit den Realit\u00e4ten eines Rentierstaates. Mineralische Brennstoffe, vor allem \u00d6l und Gas, machten 2018 \u00fcber 80 Prozent des Exportwerts aus; die nachgewiesenen Reserven liegen bei fast 5,5 Milliarden Barrel, womit Oman weltweit auf Platz 25 liegt. Petroleum Development Oman \u00fcberwacht die F\u00f6rderung, w\u00e4hrend das Ministerium f\u00fcr Energie und Mineralien die Infrastruktur verwaltet. Auf die Expansionen nach der Energiekrise in den 1980er Jahren folgte heute eine Stagnation der Produktion, obwohl ein Bauboom rund um die neuen H\u00e4fen in Duqm, Suhar und Salalah herrscht und eine Raffinerie und ein Petrochemiekomplex in Duqm mit einer Kapazit\u00e4t von bis zu 230.000 Barrel pro Tag geplant sind.<\/p>\n\n\n\n<p>Die Regierung hat die Gefahren der \u00d6labh\u00e4ngigkeit jedoch l\u00e4ngst erkannt. Der Tourismus ist der am schnellsten wachsende Sektor und trug 2016 fast 3 Prozent zum BIP bei \u2013 Tendenz steigend. Der World Travel &amp; Tourism Council k\u00fcrte Oman zum am schnellsten wachsenden Reiseziel im Nahen Osten. Er wird getragen vom \u00d6kotourismus \u2013 Meeresschildkr\u00f6ten-Nistpl\u00e4tze in Ras al-Jinz, W\u00fcstenwanderungen in Wahiba Sands, fjord\u00e4hnliche Ausblicke in Musandam \u2013 und dem kulturellen Erbe in Maskat, Nizwa, Bahla und dar\u00fcber hinaus. Die Landwirtschaft ist nach wie vor weitgehend auf Subsistenzwirtschaft ausgerichtet, wobei Datteln (80 Prozent der Obstproduktion) und Fisch (Omans Fischkonsum ist fast doppelt so hoch wie der weltweite Durchschnitt) die wichtigsten Handelsg\u00fcter sind. Die Fischexporte stiegen zwischen 2000 und 2016 um 19 Prozent, vor allem nach Vietnam und in die Vereinigten Arabischen Emirate.<\/p>\n\n\n\n<p>Die Bev\u00f6lkerung Omans \u2013 \u00fcber 4,5 Millionen im Jahr 2020 \u2013 konzentriert sich in Maskat und an der fruchtbaren Batinah-K\u00fcste. Die Omanis gehen auf arabische St\u00e4mme zur\u00fcck, wobei etwa 20 Prozent belutschische Vorfahren haben, deren Vorfahren vor Jahrhunderten eingewandert sind; die belutschischen Gemeinden in Gwadar standen bis in die 1960er Jahre unter der \u00c4gide Omans. Die soziale Landschaft ist gepr\u00e4gt von drei Identit\u00e4ten \u2013 Stammeszugeh\u00f6rigkeit, Ibadi-Islam und Seehandel \u2013 mit regionalen Unterschieden zwischen insularen Binnenst\u00e4mmen und K\u00fcstenh\u00e4ndlern. Die Geburtenraten sind auf ein Reproduktionsniveau gesunken (2,8 im Jahr 2020), w\u00e4hrend Auswanderer, vor allem Wanderarbeiter aus Asien und Afrika, einen erheblichen Anteil der Erwerbsbev\u00f6lkerung ausmachen.<\/p>\n\n\n\n<p>Die Mehrheit der Muslime ist dem Ibadi-Islam verbunden, einem relativ gem\u00e4\u00dfigten Zweig, der sich von der sunnitischen und schiitischen Mehrheit abgrenzt. Auch schafiitische Sunniten und Zw\u00f6lferschiiten haben Anh\u00e4nger. Nichtmuslimische Gemeinschaften \u2013 Christen, Hindus, Sikhs und Buddhisten \u2013 sind gr\u00f6\u00dftenteils im Ausland ans\u00e4ssig und bilden Gemeinden in Maskat, Suhar und Salala. Im Gro\u00dfraum der Hauptstadt gibt es \u00fcber 50 christliche Gemeinschaften. Die arabischen Dialekte variieren: Dhofari-Arabisch im S\u00fcden, Golf-Arabisch nahe der Grenze zu den VAE und Oman-Arabisch im Landesinneren.<\/p>\n\n\n\n<p>Omanische Handwerkskunst und Kleidung zeugen von Tradition und regionalem Stolz. M\u00e4nner tragen die Dishdasha, ein kn\u00f6chellanges, kragenloses Gewand \u2013 meist wei\u00df, manchmal bunt \u2013 mit einer duftenden Quaste am Hals. Bei formellen Anl\u00e4ssen kann die Dishdasha von einem mit Gold- oder Silberf\u00e4den besetzten Bisht (Umhang) bedeckt werden. Die Kleidung der Frauen besteht aus einer Kandoorah-Tunika, bestickten \u00c4rmeln und einem Sirwal (weite Hose), dar\u00fcber ein Kopftuch namens Lihaf; kr\u00e4ftige Farben und handgestickte Motive pr\u00e4gen den regionalen Stil.<\/p>\n\n\n\n<p>Der Schiffsbau diente einst H\u00e4fen wie Sur, wo die Herstellung der Al-Ghanja-Dau, der As Sunbouq und der Al Badan noch immer ein Jahr dauert. Kunsthandwerker fertigen Silbergegenst\u00e4nde \u2013 Rosenwasserstreuer, \u201eNizwa-Boxen\u201c, Khanjar-Dolche mit Griffen aus Sandelholz oder Harz \u2013, die auf Souks in Rial (OMR) getauscht werden k\u00f6nnen. Ein Rial entspricht 1.000 Baisa und liegt bei etwa 2,6008 US-Dollar. Besucher sollten sich vor dem Export von Waffen oder Silberantiquit\u00e4ten \u00fcber die Zollbestimmungen informieren, da ungestempeltes altes Silber trotz seines potenziellen historischen Werts keine offizielle Echtheit besitzt. Mit Kumma bestickte Kappen, Weihrauch aus Dhofar und aus lokalen Harzen destillierte Amouage-Parfums runden die Palette der Kunsthandwerker ab.<\/p>\n\n\n\n<p>Die omanische K\u00fcche vereint Einfachheit und Substanz. Reis und Fladenbrot bilden die Grundlage f\u00fcr Gerichte wie Qabuli \u2013 gew\u00fcrzter Reis mit Fleisch, Erbsen und karamellisierten Zwiebeln \u2013 und Shuwa, ein bis zu zwei Tage lang unter der Erde gegartes Lammfleisch. Harees, ein Brei aus geschrotetem Weizen und Ghee, und Meeresfr\u00fcchtespezialit\u00e4ten wie Mashuai (am Spie\u00df gebratener K\u00f6nigsfisch mit Zitronenreis) spiegeln die Vielfalt der K\u00fcste wider. Stra\u00dfenh\u00e4ndler verkaufen Schawarma-Wraps, Falafel, Mishtaq \u2013 gegrilltes Fleisch mit Tamarinde und Chili \u2013 und Halwa, eine s\u00fc\u00dfe, halbfeste S\u00fc\u00dfspeise, die als Zeichen der Gastfreundschaft mit Kaffee serviert wird.<\/p>\n\n\n\n<p>Reisende nach Oman sollten die \u00f6rtlichen Gepflogenheiten beachten. Alkohol ist nur in lizenzierten Hotels und f\u00fcr Nichtmuslime in ausgew\u00e4hlten Gesch\u00e4ften erh\u00e4ltlich. Der \u00f6ffentliche Konsum ist verboten \u2013 insbesondere w\u00e4hrend des Ramadan, wenn die Gesch\u00e4fte k\u00fcrzer ge\u00f6ffnet sind und tags\u00fcber jeglicher Alkoholkonsum verboten ist. Tragen Sie angemessene Kleidung: Frauen sollten Schultern, Knie und Bauch bedeckt halten; M\u00e4nner tragen Shorts nur im Freien oder am Strand. Homosexualit\u00e4t ist illegal; f\u00fcr LGBT-Besucher ist Diskretion unerl\u00e4sslich.<\/p>\n\n\n\n<p>Autofahren bringt seine eigenen Herausforderungen mit sich. Maskat ist dicht besiedelt, und die W\u00fcstenstra\u00dfen laden zu hohen Geschwindigkeiten und Gefahren ein \u2013 Unf\u00e4lle im Schlaf, unbeleuchtete Fahrzeuge, umherstreunende Kamele. Die Zahl der Verkehrstoten im Oman \u00fcbersteigt die der benachbarten Golfstaaten bei weitem. Umsichtiges Fahren, insbesondere nachts und auf den Wegen des Wadis, ist unerl\u00e4sslich. Feilschen auf M\u00e4rkten ist \u00fcblich, muss aber h\u00f6flich sein. Kraniche, Muezzinrufe und Freitagsgebete pr\u00e4gen den Rhythmus des Alltags, neben Festen wie dem Fastenbrechen und dem Opferfest.<\/p>\n\n\n\n<p>Omans Bev\u00f6lkerung ist f\u00fcr ihre Herzlichkeit und Gastfreundschaft bekannt. Obwohl sie vielen Besuchern exotisch vorkommt, ist ein L\u00e4cheln ma\u00dfvoll: Geschlechtergetrennte gesellschaftliche Sitten f\u00fchren dazu, dass unaufgeforderte Zuneigung gegen\u00fcber dem anderen Geschlecht missverstanden werden kann. Kinderblicke verraten oft blo\u00dfe Neugier. Reisende werden vor allem dazu angehalten, respektvoll \u00fcber Sultan Qaboos \u2013 und seinen Nachfolger \u2013 zu sprechen. Seine f\u00fcnfzigj\u00e4hrige Herrschaft formte ein einst abgeschottetes Sultanat zu dem modernen Staat, den wir heute kennen; \u00f6ffentliche Kritik ist selten und unklug.<\/p>\n\n\n\n<p>Omans Landschaft mit windgepeitschten W\u00fcsten, geformten Bergen und monsunumsp\u00fclten K\u00fcsten spiegelt seine komplexe Geschichte eines Seefahrerimperiums, strategischer Diplomatie und behutsamer Modernisierung wider. Unter Dischdascha und Dattelpalme balanciert das Sultanat Tradition und Reform, steuert \u00f6lbasierten Wohlstand und f\u00f6rdert gleichzeitig Tourismus und bescheidene Industrie. Mit seinen Souks und Silberwerkst\u00e4tten, seinen gefl\u00fcsterten Gebeten in Ibadi-Moscheen und seinen aufstrebenden H\u00e4fen ist Oman eine Studie der Kontraste: zugleich alt und zukunftsorientiert, streng und gro\u00dfz\u00fcgig, abgeschieden und doch global engagiert. Wer hierher reist, erlebt das Zusammenspiel von Sand und Meer, von Stammesrhythmen und Verwaltungsordnung \u2013 ein Zeugnis einer Nation, die durch Jahrhunderte des Wandels ihren eigenen Weg gegangen ist.<\/p>","protected":false},"excerpt":{"rendered":"<p>Oman, which is officially known as the Sultanate of Oman, is a captivating nation located on the southeastern coast of the Arabian Peninsula. At around 5.2 million as of 2024, this nation has seen a noteworthy 2.84% increase from the year before. The capital and biggest city, Muscat, forms the cultural and commercial center of this varied country.<\/p>","protected":false},"author":1,"featured_media":4540,"parent":24063,"menu_order":0,"comment_status":"closed","ping_status":"closed","template":"elementor_theme","meta":{"_eb_attr":"","footnotes":""},"class_list":["post-15337","page","type-page","status-publish","has-post-thumbnail"],"_links":{"self":[{"href":"https:\/\/travelshelper.com\/de\/wp-json\/wp\/v2\/pages\/15337","targetHints":{"allow":["GET"]}}],"collection":[{"href":"https:\/\/travelshelper.com\/de\/wp-json\/wp\/v2\/pages"}],"about":[{"href":"https:\/\/travelshelper.com\/de\/wp-json\/wp\/v2\/types\/page"}],"author":[{"embeddable":true,"href":"https:\/\/travelshelper.com\/de\/wp-json\/wp\/v2\/users\/1"}],"replies":[{"embeddable":true,"href":"https:\/\/travelshelper.com\/de\/wp-json\/wp\/v2\/comments?post=15337"}],"version-history":[{"count":0,"href":"https:\/\/travelshelper.com\/de\/wp-json\/wp\/v2\/pages\/15337\/revisions"}],"up":[{"embeddable":true,"href":"https:\/\/travelshelper.com\/de\/wp-json\/wp\/v2\/pages\/24063"}],"wp:featuredmedia":[{"embeddable":true,"href":"https:\/\/travelshelper.com\/de\/wp-json\/wp\/v2\/media\/4540"}],"wp:attachment":[{"href":"https:\/\/travelshelper.com\/de\/wp-json\/wp\/v2\/media?parent=15337"}],"curies":[{"name":"wp","href":"https:\/\/api.w.org\/{rel}","templated":true}]}}