{"id":15257,"date":"2024-09-20T20:15:15","date_gmt":"2024-09-20T20:15:15","guid":{"rendered":"https:\/\/travelshelper.com\/staging\/?page_id=15257"},"modified":"2026-03-11T19:09:36","modified_gmt":"2026-03-11T19:09:36","slug":"manila","status":"publish","type":"page","link":"https:\/\/travelshelper.com\/de\/destinations\/asia\/philippines\/manila\/","title":{"rendered":"Manila"},"content":{"rendered":"<p>Manila ist zugleich das politische Herz der Philippinen und ein Beweis menschlicher Beharrlichkeit inmitten unaufhaltsamen Wandels. Offiziell Manila genannt, beansprucht sie den Status der Hauptstadt und ist nach Quezon City die zweitbev\u00f6lkerungsreichste Stadt \u2013 1.846.513 Einwohner im Jahr 2020 \u2013 und bildet mit \u00fcber 43.600 Einwohnern pro Quadratkilometer die rechtlich am dichtesten besiedelte Stadt der Welt. Eingebettet in die Bucht von Manila an der Westk\u00fcste Luzons z\u00e4hlt sie zu den wohlhabendsten Regionen S\u00fcdostasiens, und ihre Handelsgeschichte, die sich \u00fcber den Pazifik erstreckt, macht sie zu einer der \u00e4ltesten Weltst\u00e4dte der Welt.<\/p>\n\n\n\n<p>Manilas Stadtkern liegt auf Schwemmland des Pasig-Flusses, der die Stadt in eine n\u00f6rdliche und eine s\u00fcdliche H\u00e4lfte teilt und in die Bucht m\u00fcndet. Im Laufe der Jahrhunderte hat sich die K\u00fcstenlinie durch umfangreiche Landgewinnungsprojekte \u2013 manche wurden umgesetzt, andere nur vorgeschlagen \u2013 nach au\u00dfen verschoben, um Platz f\u00fcr eine Metropole zu schaffen, die 2013 gerade einmal 42,88 Quadratkilometer umfasste. 2017 versprachen Pl\u00e4ne f\u00fcr fast 1.350 Hektar neues Land entlang der Uferpromenade neue Wohn- und Gewerbegebiete. Umweltsch\u00fctzer warnen jedoch, dass diese Vorhaben Gemeinden gef\u00e4hrden k\u00f6nnten, die bereits jetzt \u00fcberschwemmungsgef\u00e4hrdet sind, w\u00e4hrend die Philippinen und die Niederlande gemeinsam einen nachhaltigen Entwicklungsplan f\u00fcr die Bucht von Manila ausarbeiten.<\/p>\n\n\n\n<p>Lange bevor spanische Galeonen zwischen Acapulco und Intramuros verkehrten, bewachte ein befestigtes Tagalog-Gemeinde namens Maynila diese Bucht. Ihr letzter Herrscher, Raja Sulayman, fiel 1571 am Bangkusay Creek und machte Miguel L\u00f3pez de Legazpi den Weg frei, die Steinbefestigungen von Intramuros zu errichten. Unter spanischer Herrschaft diente Manila als Hauptstadt Ostindiens, wurde von Mexiko-Stadt aus verwaltet und entwickelte sich zu einem Dreh- und Angelpunkt im ersten ununterbrochenen Netzwerk des Welthandels. 1901 wurde es die erste Stadt des Landes mit Stadtrecht; 1949 erlangte es durch die \u00fcberarbeitete Charta der Stadt Manila Autonomie.<\/p>\n\n\n\n<p>Manila besteht aus 897 Barangays, die in 100 statistischen Zonen und sechs Kongresswahlbezirken zusammengefasst sind. Bezirk I (441.282 Einwohner) erstreckt sich \u00fcber den westlichen Teil von Tondo, wo sich einst die ausgedehnte M\u00fclldeponie Smokey Mountain befand und heute mittelhohe Wohnh\u00e4user sowie die wichtigsten Hafenterminals im Norden der Stadt liegen. Bezirk II (212.938 Einwohner) umfasst den \u00f6stlichen Teil von Tondo und die labyrinthischen Marktstra\u00dfen von Divisoria. Die Innenstadt von Manila \u2013 Binondo, Quiapo, San Nicolas und Santa Cruz \u2013 bildet Bezirk III (220.029 Einwohner), wobei Binondo als \u00e4ltestes Chinatown der Welt gilt. Sampaloc und der \u201eUniversit\u00e4tsg\u00fcrtel\u201c bilden den Mittelpunkt von Distrikt IV (277.013) und beherbergen die Universit\u00e4t Santo Tomas, Asiens \u00e4lteste noch bestehende Universit\u00e4t, gegr\u00fcndet 1611. Distrikt V (395.065) umfasst Intramuros selbst, neben Ermita und Malate, mit der UNESCO-gesch\u00fctzten San-Agustin-Kirche und der Manila-Kathedrale. Distrikt VI (300.186) erstreckt sich schlie\u00dflich bis nach Santa Ana, wo Kirchen aus dem 18. Jahrhundert und alte Herrenh\u00e4user an ruhigere Zeiten erinnern.<\/p>\n\n\n\n<p>Da Manila am \u00c4quator liegt, herrscht das ganze Jahr \u00fcber gro\u00dfe Hitze; die Temperatur f\u00e4llt selten unter 19 \u00b0C oder steigt \u00fcber 39 \u00b0C. Auf eine kurze Trockenperiode von Dezember bis April folgt eine ausgedehnte Regenzeit \u2013 die Taifunsaison erstreckt sich von Juni bis September \u2013 und die Niederschl\u00e4ge sind zwar heftig, halten aber selten den ganzen Tag an. Und obwohl Manila zu einer Region geh\u00f6rt, die f\u00fcr ihre Artenvielfalt ber\u00fchmt ist \u2013 von Mangroven bis zu Korallenriffen \u2013, sind Gr\u00fcnfl\u00e4chen innerhalb des Stadtgebiets nach wie vor rar. 2007 gab es in Manila nur 4,5 m\u00b2 Parkfl\u00e4che pro Person, weit weniger als die WHO-Empfehlung von 9 m\u00b2. Der Arroceros Forest Park, eine 2,2 Hektar gro\u00dfe Enklave mit einheimischen B\u00e4umen und Vogelhabitaten am Pasig, ist bis heute die \u201eletzte Lunge\u201c der Stadt.<\/p>\n\n\n\n<p>1905 versuchte Daniel Burnham mit seinem Plan \u201eCity Beautiful\u201c, das alte spanische Viertel mit breiten Alleen und repr\u00e4sentativen Pl\u00e4tzen zu bebauen. Doch die Zerst\u00f6rungen des Jahres 1945, als japanische und amerikanische Truppen einen Gro\u00dfteil der bebauten Umgebung dem Erdboden gleichmachten, machten viele dieser Bestrebungen zunichte. Intramuros erlitt schwere Verluste; nur wenige Geb\u00e4ude konnten wiederaufgebaut werden. Heute stehen moderne Hochh\u00e4user neben den restaurierten Kathedralen der Walled City, w\u00e4hrend Denkmalsch\u00fctzer darauf dr\u00e4ngen, die neoklassizistischen Fassaden der Escolta Street zu sanieren und vergessene Kolonialjuwelen wiederzubeleben. Architekten der spanischen \u00c4ra entwarfen Formen des \u201eErdbebenbarocks\u201c \u2013 dicke W\u00e4nde und niedrige Profile \u2013, die einst seismischen Ersch\u00fctterungen standhielten; moderne Bauvorschriften schreiben heute eine Widerstandsf\u00e4higkeit gegen Erdbeben der St\u00e4rke 8,2 vor.<\/p>\n\n\n\n<p>Manilas Bev\u00f6lkerung spiegelt Jahrhunderte der Vermischung wider. W\u00e4hrend 72,7 Prozent der befragten Personen ost-, s\u00fcd- oder s\u00fcdostasiatische Merkmale aufweisen, weisen anthropologische Studien auf afrikanische (4,5 Prozent), europ\u00e4ische (2,7 Prozent), indigene amerikanische (7,3 Prozent) und hispanische Wurzeln (12,7 Prozent) hin. Die Stadt ist nach wie vor \u00fcberwiegend christlich gepr\u00e4gt; 2010 bezeichneten sich 93,5 Prozent der Einwohner als r\u00f6misch-katholisch. Dennoch finden sich Ankl\u00e4nge islamischer, buddhistischer und indigener Glaubensvorstellungen in Manilas Festen und Gemeinderitualen wieder.<\/p>\n\n\n\n<p>Manila ist das f\u00fchrende Zentrum des Landes f\u00fcr Finanzen, Einzelhandel, Tourismus, Medien und Dienstleistungen und beherbergt rund 60.000 Unternehmen. Das BIP, das im Jahr 2023 auf 987,88 Milliarden Rupien gesch\u00e4tzt wurde, tr\u00e4gt 15 Prozent zur Wirtschaftsleistung von Metro Manila bei. Der National Competitiveness Council z\u00e4hlt Manila regelm\u00e4\u00dfig zu den drei gr\u00f6\u00dften St\u00e4dten des Landes. Dieser Status ist auf eine robuste Infrastruktur, eine dynamische Verwaltung und effiziente \u00f6ffentliche Dienste zur\u00fcckzuf\u00fchren. Allein der Tourismus zieht j\u00e4hrlich \u00fcber eine Million Besucher an, die Intramuros, den Rizal Park, Binondo und weitere Orte erkunden m\u00f6chten.<\/p>\n\n\n\n<p>Der 58 Hektar gro\u00dfe Rizal Park erinnert an die Hinrichtung des philippinischen Nationalhelden und markiert landesweit den Nullkilometer f\u00fcr Stra\u00dfen. Die engen Gassen von Intramuros f\u00fchren Besucher an der restaurierten Kathedrale und jahrhundertealten Kl\u00f6stern vorbei, oft mit einer Pferdekutsche. Binondos Mischung aus chinesischen Tempeln, B\u00f6gen und Nudelh\u00e4usern bietet eine lebendige Chronik der Kaufmannsfamilien, deren Vorfahren 1521 ankamen. Museen \u2013 vom Nationalmuseumskomplex im Rizal Park bis hin zu spezialisierten Einrichtungen wie Bahay Tsinoy und dem Licht- und Tonmuseum von Intramuros \u2013 erz\u00e4hlen von Kunst, Anthropologie und Revolutionsgeschichte.<\/p>\n\n\n\n<p>Manilas Stra\u00dfen tragen das Erbe des Nachkriegs-Einfallsreichtums in sich: Jeepneys, umgebaut aus \u00fcberz\u00e4hligen amerikanischen Milit\u00e4rjeeps, sind neben ihren modernen E-Trikes als Ersatz noch immer allgegenw\u00e4rtig. Dreir\u00e4der und Fahrradrikschas schl\u00e4ngeln sich durch schmalere Gassen; handgezogene Trolleys huschen in nervenaufreibenden, unkontrollierten Fahrten \u00fcber stillgelegte Bahnstrecken. Das LRT-System \u2013 die Linien 1 und 2 \u2013 war in den 1970er Jahren Vorreiter f\u00fcr den Stadtverkehr in S\u00fcdostasien und wird schrittweise weiter ausgebaut. Eine einzige Pendlerbahn verbindet den Bahnhof Tutuban mit der Provinz Laguna, w\u00e4hrend die Pasig River Ferry eine alternative Flussverbindung bietet. Dennoch sind die Verkehrsstaus nach wie vor ber\u00fcchtigt; TomTom stufte Manila 2019 weltweit als die Stadt mit den zweitmeisten Verkehrsstaus ein, und aufeinanderfolgende Infrastrukturpl\u00e4ne \u2013 von neuen Viadukten bis zur Nord-S\u00fcd-Pendlerbahn \u2013 haben bisher keine der Nachfrage entsprechende Entlastung gebracht.<\/p>\n\n\n\n<p>H\u00e4ufige Taifune, schwere Erdbeben und der steigende Meeresspiegel machen Manila zu einer der katastrophengef\u00e4hrdetsten St\u00e4dte der Welt, gleichzeitig z\u00e4hlt es zu den am schnellsten wachsenden Ballungszentren S\u00fcdostasiens. Regierungsinitiativen wie der Metro Manila Dream Plan von 2014 sehen vorrangige Projekte bis 2030 vor, um Verkehr, Wohnungsbau und Umweltresilienz zu st\u00e4rken. Landgewinnung, wenn auch umstritten, zielt darauf ab, dringend ben\u00f6tigten Bauland zu schaffen, w\u00e4hrend E-Trike-Verteilungsprogramme den Nahverkehr nachhaltig modernisieren sollen.<\/p>\n\n\n\n<p>Manila nur durch die Brille von Stau, Umweltverschmutzung und historischen Zerst\u00f6rungen zu betrachten, verkennt seinen unverg\u00e4nglichen Charakter. In seinen verwinkelten Gassen und gl\u00e4nzenden T\u00fcrmen verbergen sich Geschichten von Imperium und Widerstand, von geschickter Anpassung und kultureller Fusion. Die Stadt selbst mag am Rande einer multipolaren Metropolregion liegen \u2013 Quezon City und Makati stellen sie in puncto Handel und Nachtleben oft in den Schatten \u2013, doch Manila bleibt die Wiege des philippinischen Kulturerbes. Seine Kirchen, Stammh\u00e4user, Museen und Parks laden zu einem tieferen Verst\u00e4ndnis der Geschichte einer Nation ein. Wer inmitten des gesch\u00e4ftigen Treibens inneh\u00e4lt, kann das subtile Zusammenspiel von Vergangenheit und Gegenwart erkennen, das diesen Ort ausmacht: eine Stadt, die darauf besteht, gelebt und nicht nur beobachtet zu werden.<\/p>","protected":false},"excerpt":{"rendered":"<p>Manila, die Hauptstadt und zweitgr\u00f6\u00dfte Stadt der Philippinen, hatte im Jahr 2020 1.846.513 Einwohner und war damit mit 71.263 Einwohnern pro Quadratkilometer die am dichtesten besiedelte Stadt der Welt. Die lebendige Stadt an der Ostk\u00fcste der Manilabucht auf der Insel Luzon blickt auf eine lange Geschichte und eine aktive Gegenwart zur\u00fcck und ist damit ein zentrales Zentrum der philippinischen Kultur, Wirtschaft und Verwaltung.<\/p>","protected":false},"author":1,"featured_media":2913,"parent":15241,"menu_order":0,"comment_status":"closed","ping_status":"closed","template":"elementor_theme","meta":{"_eb_attr":"","footnotes":""},"class_list":["post-15257","page","type-page","status-publish","has-post-thumbnail"],"_links":{"self":[{"href":"https:\/\/travelshelper.com\/de\/wp-json\/wp\/v2\/pages\/15257","targetHints":{"allow":["GET"]}}],"collection":[{"href":"https:\/\/travelshelper.com\/de\/wp-json\/wp\/v2\/pages"}],"about":[{"href":"https:\/\/travelshelper.com\/de\/wp-json\/wp\/v2\/types\/page"}],"author":[{"embeddable":true,"href":"https:\/\/travelshelper.com\/de\/wp-json\/wp\/v2\/users\/1"}],"replies":[{"embeddable":true,"href":"https:\/\/travelshelper.com\/de\/wp-json\/wp\/v2\/comments?post=15257"}],"version-history":[{"count":0,"href":"https:\/\/travelshelper.com\/de\/wp-json\/wp\/v2\/pages\/15257\/revisions"}],"up":[{"embeddable":true,"href":"https:\/\/travelshelper.com\/de\/wp-json\/wp\/v2\/pages\/15241"}],"wp:featuredmedia":[{"embeddable":true,"href":"https:\/\/travelshelper.com\/de\/wp-json\/wp\/v2\/media\/2913"}],"wp:attachment":[{"href":"https:\/\/travelshelper.com\/de\/wp-json\/wp\/v2\/media?parent=15257"}],"curies":[{"name":"wp","href":"https:\/\/api.w.org\/{rel}","templated":true}]}}