{"id":15241,"date":"2024-09-20T19:44:33","date_gmt":"2024-09-20T19:44:33","guid":{"rendered":"https:\/\/travelshelper.com\/staging\/?page_id=15241"},"modified":"2026-03-11T19:15:03","modified_gmt":"2026-03-11T19:15:03","slug":"philippinen","status":"publish","type":"page","link":"https:\/\/travelshelper.com\/de\/destinations\/asia\/philippines\/","title":{"rendered":"Philippinen"},"content":{"rendered":"<p>Die Philippinen sind eine Archipelrepublik mit \u00fcber 7.600 Inseln im westlichen Pazifik. Ihre Landmasse \u2013 rund 300.000 Quadratkilometer \u2013 erstreckt sich \u00fcber etwa 1.850 Kilometer von der Insel Luzon im Norden bis nach Mindanao im S\u00fcden. Die Inseln lassen sich in drei Hauptgruppen unterteilen: Luzon, Visayas und Mindanao. Die insgesamt \u00fcber 36.000 Kilometer lange K\u00fcste des Landes wird vom S\u00fcdchinesischen Meer, der Philippinischen See und der Celebessee begrenzt. Die Seegrenzen erstrecken sich \u00fcber Taiwan, Japan, Palau, Indonesien, Malaysia, Vietnam und China. Manila ist die Hauptstadt, w\u00e4hrend Quezon City, ebenfalls in Metro Manila, die bev\u00f6lkerungsreichste Stadt ist. Mit \u00fcber 110 Millionen Einwohnern liegen die Philippinen weltweit auf Platz zw\u00f6lf.<\/p>\n\n\n\n<p>Der Mount Apo, mit 2.954 Metern der h\u00f6chste Berg des Landes, thront wachend \u00fcber S\u00fcdmindanao. Im Norden Luzons flie\u00dft der Cagayan-Fluss \u00fcber 520 Kilometer, bevor er in den Babuyan-Kanal m\u00fcndet. Die Bucht von Manila \u2013 an deren Ufern die Hauptstadt liegt \u2013 ist \u00fcber den Pasig-Fluss mit der Laguna de Bay verbunden, dem gr\u00f6\u00dften See des Archipels. Der Ort liegt am westlichen Rand des Pazifischen Feuerrings, wo t\u00e4glich f\u00fcnf Beben registriert werden. Obwohl die meisten Erdst\u00f6\u00dfe unbemerkt bleiben, wurden auf den Inseln bedeutende Ereignisse verzeichnet \u2013 darunter das Moro-Golf-Beben von 1976 und das Luzon-Beben von 1990. 23 Vulkane sind weiterhin aktiv; Mayon, Taal, Canlaon und Bulusan sind die h\u00e4ufigsten Vulkane.<\/p>\n\n\n\n<p>Unter den Erdbebenherden der Philippinen bergen die Philippinen betr\u00e4chtliche Bodensch\u00e4tze. Ihre Geologie weist unerschlossene Goldvorkommen auf \u2013 nach S\u00fcdafrika die zweitgr\u00f6\u00dften \u2013 sowie Kupfer, Palladium, Nickel, Chrom, Molybd\u00e4n, Platin und Zink. Doch Umweltbedenken und sozialer Widerstand haben weite Teile unerschlossen gehalten. Oberirdisch beherbergt der Archipel eines der reichsten Biodiversit\u00e4tszentren der Erde. Seine W\u00e4lder beherbergen sch\u00e4tzungsweise 13.500 Pflanzenarten \u2013 3.500 davon endemisch \u2013, darunter 8.000 Bl\u00fctenpflanzen und fast tausend Orchideen. Die Fauna umfasst \u00fcber 20.000 Insekten-, 686 Vogel- und \u00fcber 500 Reptilien- und S\u00e4ugetierarten, von denen viele nirgendwo sonst zu finden sind. Die marinen \u00d6kosysteme im Korallendreieck beherbergen die weltweit gr\u00f6\u00dfte Vielfalt an K\u00fcstenfischen und beheimaten \u00fcber 3.200 registrierte Fischarten.<\/p>\n\n\n\n<p>Die Philippinen liegen in \u00c4quatorn\u00e4he und haben ein tropisches Seeklima mit drei Jahreszeiten: einer hei\u00dfen, trockenen Periode von M\u00e4rz bis Mai, Regenf\u00e4llen von Juni bis November und k\u00fchleren, trockeneren Monaten von Dezember bis Februar. Die j\u00e4hrliche Niederschlagsmenge variiert stark \u2013 bis zu 5.000 mm an exponierten Osth\u00e4ngen, unter 1.000 mm in gesch\u00fctzten T\u00e4lern. Der Monsun wechselt zweimal j\u00e4hrlich: der s\u00fcdwestliche \u201eHabagat\u201c und der nord\u00f6stliche \u201eAmihan\u201c. J\u00e4hrlich erreichen etwa neunzehn tropische Wirbelst\u00fcrme das philippinische Verantwortungsgebiet; in der Regel erreichen acht oder neun Land. Historische Aufzeichnungen zeigen, dass der schwerste Sturm Mitte Juli 1911 um Baguio 2.210 mm Niederschlag abwarf. Aufgrund seiner Anf\u00e4lligkeit f\u00fcr Wetterextreme und den steigenden Meeresspiegel geh\u00f6rt der Archipel zu den klimaempfindlichsten L\u00e4ndern der Welt.<\/p>\n\n\n\n<p>Um den nat\u00fcrlichen Reichtum des Landes zu sch\u00fctzen, hat die Regierung \u00fcber 200 Schutzgebiete mit einer Fl\u00e4che von \u00fcber 7,7 Millionen Hektar ausgewiesen. Drei dieser Gebiete \u2013 das Tubbataha-Riff, der unterirdische Fluss Puerto Princesa und das Mount Hamiguitan Wildlife Sanctuary \u2013 tragen den Status eines UNESCO-Welterbes. Die Wiederaufforstung und die Wiederherstellung von Lebensr\u00e4umen haben vor dem Hintergrund jahrhundertelanger Abholzung, die die Waldfl\u00e4che von 70 Prozent im Jahr 1900 auf unter 20 Prozent bis zum Ende des 20. Jahrhunderts reduzierte, bescheidene Fortschritte erzielt.<\/p>\n\n\n\n<p>Lange vor dem Kontakt mit Europ\u00e4ern bewohnten Negritos die Inseln. Ihnen folgten aufeinanderfolgende Wellen austronesischer Seefahrer, die animistische Glaubensvorstellungen mitbrachten, gefolgt von hindu-buddhistischen Ideen und der Kriegskultur des Islam im S\u00fcden. Ab dem 9. Jahrhundert f\u00fchrten Handelsbeziehungen mit chinesischen Dynastien zur Ankunft und Integration chinesischer Kaufleute. 1543 taufte der spanische Seefahrer Ruy L\u00f3pez de Villalobos die Inseln zu Ehren Philipps II. von Kastilien \u201eLas Islas Filipinas\u201c. In den folgenden drei Jahrhunderten festigte Spanien den Katholizismus als vorherrschende Religion und machte Manila zu einem Dreh- und Angelpunkt im Galeonenhandel zwischen Asien und Amerika, der Siedler aus Iberien und Lateinamerika anzog.<\/p>\n\n\n\n<p>Im sp\u00e4ten 19. Jahrhundert f\u00fchrten nationalistische Stimmungen zur Philippinischen Revolution von 1896. Der darauffolgende Spanisch-Amerikanische Krieg 1898 f\u00fchrte zur Abtretung des Territoriums durch Spanien an die Vereinigten Staaten. Philippinische F\u00fchrer riefen die Erste Philippinische Republik aus, doch der Philippinisch-Amerikanische Krieg brach aus und brachte den Archipel unter amerikanische Kontrolle. Im Zweiten Weltkrieg folgte die japanische Besatzung, bis US-Streitkr\u00e4fte das Land 1945 befreiten. Am 4. Juli 1946 erlangten die Philippinen die volle Unabh\u00e4ngigkeit.<\/p>\n\n\n\n<p>Die Nachkriegsdemokratie erlebte w\u00e4hrend der Pr\u00e4sidentschaft von Ferdinand Marcos, die von 1972 bis 1981 durch den Kriegszustand gepr\u00e4gt war, eine Unterbrechung. Die People Power Revolution von 1986 st\u00fcrzte Marcos ohne Blutvergie\u00dfen und f\u00fchrte 1987 zur Verfassung der F\u00fcnften Republik. Seitdem hat das Land ein einheitliches Pr\u00e4sidialsystem. Dennoch bestehen weiterhin Probleme wie Armut, Ungleichheit und institutionelle Korruption. Es gibt \u00fcber 100 ethnolinguistische Gruppen, darunter Tagalog, Visayan, Ilocano, Bikol und Waray, sowie indigene Gemeinschaften wie die Igorot und Lumad. Etwa 60 Prozent der Bev\u00f6lkerung leben in K\u00fcstengebieten und mehr als die H\u00e4lfte in st\u00e4dtischen Zentren.<\/p>\n\n\n\n<p>Die philippinische Wirtschaft \u2013 gemessen am nominalen BIP die 34. gr\u00f6\u00dfte weltweit \u2013 hat ihren Schwerpunkt von der Landwirtschaft auf Dienstleistungen und Produktion verlagert. Im Jahr 2025 wird ihre Produktion auf 508 Milliarden US-Dollar gesch\u00e4tzt. Die Erwerbsbev\u00f6lkerung liegt bei fast 50 Millionen, die Arbeitslosenquote bei knapp 3 Prozent. Die internationalen Reserven \u00fcbersteigen 100 Milliarden US-Dollar, und die Schuldenquote ist von einem j\u00fcngsten H\u00f6chststand von 63,7 Prozent auf rund 60 Prozent gesunken. Der Peso ist der Anker f\u00fcr inl\u00e4ndische Transaktionen.<\/p>\n\n\n\n<p>Das Land ist weiterhin Nettoimporteur und hat Auslandsschulden. Zu den wichtigsten Exportg\u00fctern z\u00e4hlen Halbleiter, elektrische Maschinen und elektronische Bauteile, w\u00e4hrend die wichtigsten Importe von Maschinen bis hin zu mineralischen Brennstoffen reichen. Agrarexporte \u2013 Kokosn\u00fcsse, Bananen und Ananas \u2013 untermauern den Status des Landes als weltgr\u00f6\u00dfter Abac\u00e1-Produzent und f\u00fchrender Nickelerzexporteur. Seit 2010 betr\u00e4gt das durchschnittliche BIP-Wachstum j\u00e4hrlich sechs bis sieben Prozent, vor allem getragen vom Dienstleistungssektor. Die wirtschaftlichen Zuw\u00e4chse konzentrieren sich jedoch auf Metro Manila, was die regionalen Unterschiede vertieft. \u00dcberweisungen philippinischer Arbeitnehmer aus dem Ausland \u2013 insgesamt \u00fcber 37 Milliarden US-Dollar im Jahr 2023 \u2013 machen etwa 8,5 Prozent des BIP aus. Das Outsourcing von Gesch\u00e4ftsprozessen floriert: Rund 1,3 Millionen Filipinos sind weltweit in Callcentern t\u00e4tig.<\/p>\n\n\n\n<p>Fast der gesamte Intercity-Verkehr und \u00fcber die H\u00e4lfte des G\u00fcterverkehrs werden \u00fcber Stra\u00dfen abgewickelt. Der Pan-Philippine Highway verbindet die gr\u00f6\u00dferen Inseln, w\u00e4hrend der Strong Republic Nautical Highway Autobahnen und F\u00e4hrlinien integriert. Die legend\u00e4ren Jeepneys teilen sich die Hauptverkehrsadern mit Bussen, Lieferwagen und Dreir\u00e4dern. Metro Manila leidet unter chronischer Verkehrs\u00fcberlastung. Der Schienenverkehr ist nach wie vor rar und beschr\u00e4nkt sich haupts\u00e4chlich auf Metro Manila und die umliegenden Provinzen. Ein Sanierungsplan sieht jedoch eine Verl\u00e4ngerung der Gleisl\u00e4nge von derzeit unter 80 km auf \u00fcber 240 km vor. Der Luftverkehr konzentriert sich auf den Ninoy Aquino International Airport und ein Netzwerk von 90 staatlichen Flugh\u00e4fen, davon acht internationale. Philippine Airlines und Cebu Pacific dominieren den Inlandsflugverkehr. Seeverbindungen, von traditionellen Bancas bis hin zu modernen Schiffen, verbinden mehr als 1.800 H\u00e4fen; Manila, Batangas, Cebu und andere sind zentrale Punkte des ASEAN-Transportnetzwerks.<\/p>\n\n\n\n<p>Mit einem Durchschnittsalter von 25 Jahren und sinkender Wachstumsrate sind die Philippinen zwar jung, aber dennoch urbanisierend: Mehr als die H\u00e4lfte ihrer B\u00fcrger lebt in St\u00e4dten. Die Armut ist von fast 50 Prozent im Jahr 1985 auf rund 18 Prozent im Jahr 2021 gesunken, und die Einkommensungleichheit hat sich seit 2012 abgeschw\u00e4cht. Die ethnische und sprachliche Vielfalt ist nach wie vor hoch, gepr\u00e4gt durch jahrhundertelange Migration und vielf\u00e4ltige koloniale Hinterlassenschaften.<\/p>\n\n\n\n<p>Obwohl der Staat s\u00e4kular ist, spielt der Glaube eine zentrale Rolle. Fast 79 Prozent der Filipinos sind r\u00f6misch-katholisch; protestantische Konfessionen und lokale unabh\u00e4ngige Kirchen bilden die christliche Mehrheit. Der Islam, haupts\u00e4chlich Sunniten, stellt etwa 6 Prozent der Bev\u00f6lkerung und konzentriert sich auf Mindanao und die angrenzenden Inseln.<\/p>\n\n\n\n<p>Die philippinische Kunst geht auf einheimische Schnitzereien und Ritualgegenst\u00e4nde zur\u00fcck. Die spanische Herrschaft brachte religi\u00f6se Malerei und Bildhauerei hervor; Schl\u00fcsselfiguren sind der Retablo-Schnitzer Juan de los Santos und der Maler Damian Domingo, Gr\u00fcnder der ersten Kunstakademie in Binondo im Jahr 1821. Juan Luna und F\u00e9lix Resurrecci\u00f3n Hidalgo erlangten im sp\u00e4ten 19. Jahrhundert internationale Anerkennung. Die Moderne etablierte sich in den Werken von Victorio Edades in den 1920er und 1930er Jahren, w\u00e4hrend Fernando Amorsolos pastorale Szenen die Landschaften der Mitte des Jahrhunderts pr\u00e4gten.<\/p>\n\n\n\n<p>Traditionelle Wohnh\u00e4user reichen vom Nipa- und Bambus-Bahay Kubo bis zum Stein- und Holz-Bahay Na Bato der St\u00e4dte der spanischen Kolonialzeit. Erdbebensichere Barockkirchen \u2013 vier davon bilden ein UNESCO-Ensemble \u2013 zeugen von der lokalen Adaption europ\u00e4ischer Stile. Daniel Burnhams Masterpl\u00e4ne aus der amerikanischen Epoche pr\u00e4gten Teile von Manila und Baguio und f\u00fchrten neoklassizistische Regierungsgeb\u00e4ude und Art-d\u00e9co-Theater ein.<\/p>\n\n\n\n<p>Die philippinische K\u00fcche vereint malaiische, spanische, chinesische und amerikanische Einfl\u00fcsse und bevorzugt ausgewogene s\u00fc\u00df-saure und salzige Aromen. Es gibt unz\u00e4hlige regionale Variationen \u2013 Reis ist nach wie vor ein Grundnahrungsmittel, obwohl in einigen s\u00fcdlichen Gemeinden Maniok vorherrscht. Adobo gilt als inoffizielles Nationalgericht; Lech\u00f3n, Sinigang, Pancit und Lumpia stehen t\u00e4glich auf dem Tisch. Desserts \u2013 Kakanin wie Bibingka und Suman \u2013 enthalten einheimische Zutaten wie Ube und Calamansi. Gegessen wird mit L\u00f6ffel und Gabel, wobei die gemeinschaftliche Kamayan-Tradition, mit den H\u00e4nden zu essen, erhalten geblieben ist.<\/p>\n\n\n\n<p>Die philippinische Etikette spiegelt ostasiatische und hispanische Wurzeln wider. Indirekte Kommunikation ehrt hiya (Scham) und delicadeza (Anstand), w\u00e4hrend der Umgang zwischen Mann und Frau von h\u00f6flichem Machismo gepr\u00e4gt ist. \u00c4ltere Menschen verdienen Respekt und bevorzugte Sitzpl\u00e4tze im \u00f6ffentlichen Nahverkehr; Besucher sollten \u00e4ltere Menschen mit h\u00f6flichen Ehrentiteln ansprechen. Gastfreundschaft ist echt; eine herzliche Begr\u00fc\u00dfung und die Verwendung lokaler Ausdr\u00fccke \u2013 po und opo auf Tagalog \u2013 sind weitreichend. P\u00fcnktlichkeit weicht jedoch oft der sozialen Flexibilit\u00e4t, die als \u201ephilippinische Zeit\u201c bekannt ist.<\/p>\n\n\n\n<p>Vermeiden Sie Schreien und offene Konfrontationen. Wenn Sie jemanden zurechtweisen, bleiben Sie privat. Offene \u00f6ffentliche Liebesbekundungen werden zwar in St\u00e4dten toleriert, sind aber anderswo umstritten. Familienbande bestehen \u00fcber Generationen hinweg unter einem Dach; schlecht \u00fcber Verwandte zu sprechen, ist beleidigend.<\/p>\n\n\n\n<p>Der Tourismus tr\u00e4gt nur bescheidene 5 Prozent zum BIP bei, dennoch ziehen die Philippinen Taucher, Strandurlauber und Kulturreisende an. Boracay, El Nido und Coron stehen international h\u00e4ufig an der Spitze; Cebu, Bohol und Siargao bieten Sonne, Surfen und Kulturerbe. Die Infrastruktur variiert je nach Ort, aber viele Filipinos sprechen Englisch und begr\u00fc\u00dfen Ausl\u00e4nder mit einem breiten L\u00e4cheln. Reisende sollten lokale Gesetze beachten, Br\u00e4uche respektieren und die ungleichen Kontraste des Landes akzeptieren: gl\u00e4nzende Hochh\u00e4user neben informellen Siedlungen, ruhige K\u00fcsten inmitten vulkanischer H\u00fcgel, stille Andacht inmitten lebhafter Feste.<\/p>\n\n\n\n<p>Auf jeder Insel, in jeder Stadt pr\u00e4sentieren die Philippinen einen fortw\u00e4hrenden Dialog zwischen Land und Meer, Vergangenheit und Gegenwart, Herausforderung und Widerstandsf\u00e4higkeit. Ihre St\u00e4rke liegt in der Hybridit\u00e4t \u2013 der V\u00f6lker, Landschaften und Geschichten \u2013, verbunden durch gemeinsamen Glauben, Festlichkeit und einen stillen Optimismus, der trotz St\u00fcrmen, Erdbeben und politischen Belastungen anh\u00e4lt. Die Philippinen kennenzulernen bedeutet, eine Nation zu erleben, die sich Insel f\u00fcr Insel, Generation f\u00fcr Generation, st\u00e4ndig neu erfindet.<\/p>","protected":false},"excerpt":{"rendered":"<p>Die Philippinen sind ein Archipelstaat in S\u00fcdostasien mit einer Bev\u00f6lkerung von \u00fcber 110 Millionen Menschen, verteilt auf 7.641 Inseln. Die Republik der Philippinen liegt strategisch g\u00fcnstig im westlichen Pazifik und umfasst eine Fl\u00e4che von rund 300.000 Quadratkilometern. Der philippinische Archipel besteht aus drei geografischen Hauptregionen: Luzon im Norden, Visayas im Zentrum und Mindanao im S\u00fcden. Die Inseln grenzen an gro\u00dfe Gew\u00e4sser: das S\u00fcdchinesische Meer im Westen, die Philippinische See im Osten und die Celebessee im S\u00fcden. Diese Besonderheiten bereichern das maritime Erbe des Landes und f\u00f6rdern ein vielf\u00e4ltiges \u00d6kosystem.<\/p>","protected":false},"author":1,"featured_media":3745,"parent":24063,"menu_order":0,"comment_status":"closed","ping_status":"closed","template":"elementor_theme","meta":{"_eb_attr":"","footnotes":""},"class_list":["post-15241","page","type-page","status-publish","has-post-thumbnail"],"_links":{"self":[{"href":"https:\/\/travelshelper.com\/de\/wp-json\/wp\/v2\/pages\/15241","targetHints":{"allow":["GET"]}}],"collection":[{"href":"https:\/\/travelshelper.com\/de\/wp-json\/wp\/v2\/pages"}],"about":[{"href":"https:\/\/travelshelper.com\/de\/wp-json\/wp\/v2\/types\/page"}],"author":[{"embeddable":true,"href":"https:\/\/travelshelper.com\/de\/wp-json\/wp\/v2\/users\/1"}],"replies":[{"embeddable":true,"href":"https:\/\/travelshelper.com\/de\/wp-json\/wp\/v2\/comments?post=15241"}],"version-history":[{"count":0,"href":"https:\/\/travelshelper.com\/de\/wp-json\/wp\/v2\/pages\/15241\/revisions"}],"up":[{"embeddable":true,"href":"https:\/\/travelshelper.com\/de\/wp-json\/wp\/v2\/pages\/24063"}],"wp:featuredmedia":[{"embeddable":true,"href":"https:\/\/travelshelper.com\/de\/wp-json\/wp\/v2\/media\/3745"}],"wp:attachment":[{"href":"https:\/\/travelshelper.com\/de\/wp-json\/wp\/v2\/media?parent=15241"}],"curies":[{"name":"wp","href":"https:\/\/api.w.org\/{rel}","templated":true}]}}