{"id":15222,"date":"2024-09-20T19:23:30","date_gmt":"2024-09-20T19:23:30","guid":{"rendered":"https:\/\/travelshelper.com\/staging\/?page_id=15222"},"modified":"2026-03-11T20:16:20","modified_gmt":"2026-03-11T20:16:20","slug":"medina","status":"publish","type":"page","link":"https:\/\/travelshelper.com\/de\/destinations\/asia\/saudi-arabia\/medina\/","title":{"rendered":"Medina"},"content":{"rendered":"<p>Medina nimmt in der Geschichte der Menschheit eine einzigartige Stellung ein: eine Siedlung, die dem Islam um weit \u00fcber ein Jahrtausend vorausging und dennoch im siebten Jahrhundert unserer Zeitrechnung die Welt unwiderruflich ver\u00e4nderte. Heute erinnert ihr Name \u2013 al-Mad\u012bnah al-Munawwarah, \u201eDie erleuchtete Stadt\u201c \u2013 sowohl an die leuchtende Aura des Glaubens als auch an die vielschichtigen menschlichen Bem\u00fchungen, die ihre Steine, G\u00e4rten und W\u00fcsten geformt haben. Auf fast 600 Quadratkilometern des Hedschas-Plateaus leben rund 1,4 Millionen Menschen in der Stadt, darunter alteingesessene saudische Familien sowie Migranten und Pilger, die von ihrer religi\u00f6sen, kulturellen und wirtschaftlichen Anziehungskraft angezogen werden.<\/p>\n\n\n\n<p>Medinas Identit\u00e4t wurde seit seiner fr\u00fchesten Entstehung als Yathrib an der Schnittstelle von Handel, Landwirtschaft und Stammesb\u00fcndnissen gepr\u00e4gt. Die fruchtbaren Wadis Aql, Aqiq und Himdh sammelten die sp\u00e4rlichen Regenf\u00e4lle, um Palmenhaine und Getreide in einer ansonsten trockenen Umgebung aus Basaltb\u00f6den und Vulkanasche zu erhalten. Umliegende Bergr\u00fccken \u2013 Sal&#039;aa im Nordwesten, Jabal al-Ir im S\u00fcden und die hohen H\u00f6hen des Berges Uhud \u2013 bildeten ein Plateau, das schon lange vor Mohammeds Auswanderung aus Mekka im Jahr 622 n. Chr. zur Besiedlung einlud. In diesen vorislamischen Jahrhunderten wurde das Land von j\u00fcdisch-arabischen St\u00e4mmen verwaltet, unterbrochen von Ansammlungen von Basaltsteint\u00fcrmen, die auf die strategische Bedeutung dieses Kreuzungspunkts hindeuteten.<\/p>\n\n\n\n<p>Mit der Ankunft Mohammeds und seiner Anh\u00e4nger \u2013 der Muh\u0101jir\u016bn aus Mekka und der Ans\u0101r aus Yathrib \u2013 begann f\u00fcr die Stadt eine neue \u00c4ra. Sie wurde in Mad\u012bnat an-Nab\u012b (\u201eStadt des Propheten\u201c) und sp\u00e4ter in al-Mad\u012bnah al-Munawwarah umbenannt und wurde zur Wiege muslimischen Gemeinschaftslebens und muslimischer Regierungsf\u00fchrung. Die Prophetenmoschee erhob sich am Rande der fr\u00fchen Siedlung neben Mohammeds eigenem Wohnhaus, einem einfachen, von Dattelpalmenst\u00e4mmen eingerahmten und mit Stoff bedeckten Hof. Hier versammelte sich die entstehende muslimische Ummah, betete und richtete, w\u00e4hrend die umliegenden Dattelplantagen f\u00fcr Lebensunterhalt und Einkommen sorgten. Als sich der Schwerpunkt der im Koran aufgezeichneten Offenbarungen von mekkanischen Kapiteln auf l\u00e4ngere, gemeinschaftsorientierte medinensische Suren verlagerte, vertiefte der junge Glaube seine rechtlichen, ethischen und sozialen Grundlagen.<\/p>\n\n\n\n<p>Heute wird Medinas Skyline von der erweiterten Prophetenmoschee dominiert. Ihre leuchtend gr\u00fcne Kuppel kr\u00f6nt die Rawda, die Grabkammer des Propheten, neben denen von Abu Bakr und Umar. Unter einem Baldachin aus 250 Taschenschirmen verweilen Gl\u00e4ubige an der Kanzel \u2013 oder Minbar \u2013, wo Mohammed einst sprach. Die sukzessiven Erweiterungen der Moschee, darunter osmanische S\u00e4ulen und moderne Einrichtungen, spiegeln die sich entfaltende Geschichte des Islam wider. Wenige Kilometer entfernt steht die Quba-Moschee \u2013 errichtet an Mohammeds erstem Halt au\u00dferhalb von Yathrib \u2013 als \u00e4ltestes islamisches Gotteshaus. Der \u00dcberlieferung nach haben zwei hier am Samstag dargebrachte Rak\u02bfat den Wert einer ganzen Umra-Pilgerfahrt, was ihren Platz in der religi\u00f6sen Praxis festigt. Die Qiblatayn-Moschee, wo die Gebetsrichtung von Jerusalem nach Mekka verlagert wurde, verankert die sich entfaltende spirituelle Geschichte der Stadt noch st\u00e4rker in Stein und M\u00f6rtel.<\/p>\n\n\n\n<p>Medinas Kulturerbe geht jedoch \u00fcber seine Moscheen hinaus. Der Al-Baq\u012b-Friedhof am s\u00fcdlichen Stadtrand beherbergt die Gr\u00e4ber fr\u00fcherer Gef\u00e4hrten und verehrter Pers\u00f6nlichkeiten, deren Leben die muslimische Fr\u00f6mmigkeit pr\u00e4gte. Der Berg Uhud, Schauplatz der gleichnamigen Schlacht im Jahr 625 n. Chr., erinnert noch heute an den Mut und die Opferbereitschaft, die die Entschlossenheit der Gemeinde pr\u00e4gten. Selbst die vulkanischen H\u00fcgel im S\u00fcden, einst stille Monumente der geologischen Zeit, bieten Pilgern und Einwohnern Schatten und Weitblick.<\/p>\n\n\n\n<p>Im Laufe der Jahrhunderte wechselte Medina die Macht: von den Raschidun-Kalifen \u00fcber die Umayyaden und Abbasiden; sp\u00e4ter unter mamlukischen und osmanischen Gouverneuren; kurzzeitig Teil der ersten saudischen und \u00e4gyptisch-osmanischen Machtsph\u00e4ren; und schlie\u00dflich, 1925, wurde es in das moderne K\u00f6nigreich Saudi-Arabien eingegliedert. Jede Epoche hinterlie\u00df ihre Spuren \u2013 sei es die zwischen 1904 und 1908 von den Osmanen erbaute Hedschas-Eisenbahn, deren Endstation in Medina heute ein stilles Museum ist, oder die unter saudischer Herrschaft entstandenen Autobahnen und Stadtbezirke. Die zw\u00f6lf Verwaltungsbezirke umfassen heute sowohl dicht besiedelte Stadtviertel als auch Olivenhaine, erloschene Vulkankegel und trockene Schluchten.<\/p>\n\n\n\n<p>Medinas Klima unterstreicht seinen W\u00fcstenoasencharakter. Auf 620 Metern \u00fcber dem Meeresspiegel \u2013 fast doppelt so hoch wie Mekka \u2013 herrschen sengende Sommer mit regelm\u00e4\u00dfig \u00fcber 45 \u00b0C, w\u00e4hrend die Wintern\u00e4chte bis auf 8 \u00b0C sinken. Niederschl\u00e4ge sind selten und fallen haupts\u00e4chlich von November bis Mai. Sie n\u00e4hren die Palmen und Dattelsorten, die seit langem die Grundlage der lokalen Agrarwirtschaft bilden. 1920 bauten Bauern 139 Dattelsorten sowie an die Auenb\u00f6den angepasstes Gem\u00fcse an. Obwohl die Stadt \u00fcber ihre Obstg\u00e4rten hinausgewachsen ist, erinnern die landwirtschaftlichen Fl\u00e4chen am Stadtrand und die umliegenden Vulkanfelder noch immer an ihr \u00f6kologisches Erbe.<\/p>\n\n\n\n<p>Medinas sozio\u00f6konomische Landschaft ist heute gepr\u00e4gt von religi\u00f6sem Tourismus, kulturellen Initiativen und einer aufstrebenden Industrie. Als zweitheiligste Stadt des Islam \u2013 nach Mekka und vor Jerusalem \u2013 zieht sie j\u00e4hrlich Millionen von Menschen an, sei es Pilger auf dem Hadsch oder Besucher, die das ganze Jahr \u00fcber ihre Moscheen und historischen St\u00e4tten besuchen. Um sie zu unterst\u00fctzen, ist der K\u00f6nig-Fahd-Komplex f\u00fcr den Druck des Heiligen Korans der weltweit gr\u00f6\u00dfte Koranverlag und vertreibt Hunderttausende von B\u00e4nden in Dutzenden von Sprachen. In der N\u00e4he dokumentieren das Al-Madinah-Museum und das Dar-Al-Madinah-Museum das arch\u00e4ologische, architektonische und spirituelle Erbe der Stadt, w\u00e4hrend das Hedschas-Eisenbahnmuseum \u00dcberreste osmanischer Dampfmaschinen bewahrt.<\/p>\n\n\n\n<p>Neben diesen Institutionen spiegeln das Madinah Arts Center und Foren f\u00fcr arabische Kalligrafie und Live-Skulptur ein wachsendes Engagement f\u00fcr die bildenden und darstellenden K\u00fcnste wider. Letzteres bringt K\u00fcnstler aus der gesamten Region zusammen, um die antiken Wurzeln der Skulptur zu erforschen und eine neue Generation zu inspirieren, w\u00e4hrend das Zentrum f\u00fcr arabische Kalligrafie \u2013 heute Prince Mohammed bin Salman Center \u2013 den Anspruch signalisiert, die Schrift zu einer internationalen Disziplin zu erheben.<\/p>\n\n\n\n<p>Die wirtschaftliche Diversifizierung hat zur Entstehung zweier Industriezonen mit \u00fcber 230 Fabriken gef\u00fchrt, die alles von Erd\u00f6lderivaten bis hin zu Lebensmitteln produzieren. Die 2010 er\u00f6ffnete Knowledge Economic City verspricht weiteres Wachstum in den Bereichen Technologie und Immobilienentwicklung. Auch die Verkehrsanbindung hat sich verbessert: Der internationale Flughafen Prince Mohammad bin Abdulaziz, ausgezeichnet mit seiner LEED-Gold-Zertifizierung und internationalen Ingenieurpreisen, bef\u00f6rderte 2018 \u00fcber acht Millionen Passagiere. Die Haramain-Hochgeschwindigkeitsbahn verbindet Medina mit Mekka, Dschidda und der King Abdullah Economic City mit 300 km\/h.<\/p>\n\n\n\n<p>Innerhalb der Stadt wurde der \u00f6ffentliche Nahverkehr von einem einzigen Busunternehmen im Jahr 2012 auf Dutzende von Linien ausgebaut \u2013 darunter auch spezielle Sightseeing-Linien \u2013, die Gl\u00e4ubige und Besucher zu wichtigen Sehensw\u00fcrdigkeiten bringen. Pl\u00e4ne f\u00fcr einen Schnellbusverkehr und sogar ein dreigleisiges U-Bahn-Netz spiegeln die Vision der Stadt Medina von einem modernen Stadtbild wider, das die Vergangenheit w\u00fcrdigt und gleichzeitig den heutigen Anforderungen gerecht wird.<\/p>\n\n\n\n<p>Medinas demografisches Gef\u00fcge ist ebenso vielschichtig. Saudische Staatsb\u00fcrger machen fast 59 Prozent der Einwohner aus, w\u00e4hrend Ausl\u00e4nder \u2013 oft im religi\u00f6sen Tourismus, im \u00f6ffentlichen Dienst oder in der Industrie \u2013 den Rest ausmachen. Sunniten verschiedener Rechtsrichtungen \u00fcberwiegen, doch die Stadt beherbergt auch lebendige Gemeinden von Schiiten, ausgewanderten Christen, Hindus und anderen, die jenseits der Haram-Grenze leben und zu ihrer multikulturellen Atmosph\u00e4re beitragen.<\/p>\n\n\n\n<p>Schlie\u00dflich ist ein Besuch in Medina heute vertraut und neu zugleich. Nichtmuslime d\u00fcrfen sich nun dem \u00e4u\u00dferen Bereich der Prophetenmoschee n\u00e4hern \u2013 eine \u00c4nderung, die 2021 eingef\u00fchrt wurde \u2013, der Zutritt bleibt jedoch Gl\u00e4ubigen vorbehalten. Innerhalb und au\u00dferhalb des heiligen Bezirks m\u00fcssen Besucher die angemessene Kleiderordnung beachten, da selbst ein fl\u00fcchtiger Fehltritt in diesem zutiefst respektvollen Kontext unerw\u00fcnschte Aufmerksamkeit erregen kann. Personen mit einem Hadsch-Visum m\u00fcssen sich auf staatlich geregelten Wegen bewegen, w\u00e4hrend Personen mit einem gew\u00f6hnlichen Touristenvisum in einer Stadt willkommen sind, deren geschichtstr\u00e4chtige Vergangenheit sowohl Hingabe als auch Neugier belohnt.<\/p>\n\n\n\n<p>Medinas Wesen liegt im Zusammenspiel seiner alten Steine \u200b\u200bund modernen Ambitionen, seiner W\u00fcstenfundamente und kultivierten Palmen, seiner heiligen Moscheen und gesch\u00e4ftigen M\u00e4rkte. Hier hallen die Echos der Offenbarungen des siebten Jahrhunderts wider, inmitten des Summens der Hochgeschwindigkeitsz\u00fcge und des Fl\u00fcsterns der Dattelpalmen. \u00dcber seine T\u00e4ler und H\u00fcgel hinweg sp\u00fcrt man eine Kontinuit\u00e4t der Bestimmung: ein Ort, an dem Glaube Gemeinschaft entstehen lie\u00df, an dem Gemeinschaft Strukturen der Gerechtigkeit und N\u00e4chstenliebe erforderte und an dem sich diese Strukturen in Stein, Stahl und Geist weiterentwickeln. Im Rhythmus des Gebets, im Schatten der Schirmd\u00e4cher und in den Kalligrafie-Werkst\u00e4tten, die seine Pl\u00e4tze beleben, steht Medina sowohl als best\u00e4ndiger Zufluchtsort als auch als lebendige Stadt \u2013 gepr\u00e4gt von der Vergangenheit, verbunden mit der Gegenwart und geleitet von Prinzipien, die seine Stra\u00dfen seit fast vierzehn Jahrhunderten erleuchten.<\/p>","protected":false},"excerpt":{"rendered":"<p>Medina, offiziell Al-Madinah al-Munawwarah genannt, ist mit 1.411.599 Einwohnern (Stand 2022) die viertgr\u00f6\u00dfte Stadt Saudi-Arabiens. Diese historische Stadt, reich an islamischer Geschichte und Tradition, nimmt in der muslimischen Welt eine herausragende Stellung ein. Medina liegt im Westen Saudi-Arabiens und ist die Hauptstadt der Provinz Medina in der Region Hedschas mit einer Fl\u00e4che von 589 Quadratkilometern. Das Stadtgebiet umfasst 293 Quadratkilometer und wird vom beeindruckenden Hedschas-Gebirge, weiten T\u00e4lern, Ackerland und erloschenen Vulkanen begrenzt.<\/p>","protected":false},"author":1,"featured_media":3526,"parent":15191,"menu_order":0,"comment_status":"closed","ping_status":"closed","template":"elementor_theme","meta":{"_eb_attr":"","footnotes":""},"class_list":["post-15222","page","type-page","status-publish","has-post-thumbnail"],"_links":{"self":[{"href":"https:\/\/travelshelper.com\/de\/wp-json\/wp\/v2\/pages\/15222","targetHints":{"allow":["GET"]}}],"collection":[{"href":"https:\/\/travelshelper.com\/de\/wp-json\/wp\/v2\/pages"}],"about":[{"href":"https:\/\/travelshelper.com\/de\/wp-json\/wp\/v2\/types\/page"}],"author":[{"embeddable":true,"href":"https:\/\/travelshelper.com\/de\/wp-json\/wp\/v2\/users\/1"}],"replies":[{"embeddable":true,"href":"https:\/\/travelshelper.com\/de\/wp-json\/wp\/v2\/comments?post=15222"}],"version-history":[{"count":0,"href":"https:\/\/travelshelper.com\/de\/wp-json\/wp\/v2\/pages\/15222\/revisions"}],"up":[{"embeddable":true,"href":"https:\/\/travelshelper.com\/de\/wp-json\/wp\/v2\/pages\/15191"}],"wp:featuredmedia":[{"embeddable":true,"href":"https:\/\/travelshelper.com\/de\/wp-json\/wp\/v2\/media\/3526"}],"wp:attachment":[{"href":"https:\/\/travelshelper.com\/de\/wp-json\/wp\/v2\/media?parent=15222"}],"curies":[{"name":"wp","href":"https:\/\/api.w.org\/{rel}","templated":true}]}}