{"id":14938,"date":"2024-09-20T12:42:58","date_gmt":"2024-09-20T12:42:58","guid":{"rendered":"https:\/\/travelshelper.com\/staging\/?page_id=14938"},"modified":"2026-03-11T18:19:34","modified_gmt":"2026-03-11T18:19:34","slug":"almaty","status":"publish","type":"page","link":"https:\/\/travelshelper.com\/de\/destinations\/asia\/kazakhstan\/almaty\/","title":{"rendered":"Almaty"},"content":{"rendered":"<p>Almaty liegt in einer weiten Ebene am Fu\u00dfe des Transili-Alatau. Sein Netz aus breiten Boulevards und Alleen erstreckt sich von rund 700 Metern \u00fcber dem Meeresspiegel am n\u00f6rdlichen Stadtrand bis auf fast 900 Meter H\u00f6he an den Bergh\u00e4ngen. Zwei Fl\u00fcsse, der Gro\u00dfe und der Kleine Almaty, entspringen den Gipfeln und durchschneiden die Stadt, bevor sie in die Steppe m\u00fcnden. Mit \u00fcber zwei Millionen Einwohnern im Gro\u00dfraum ist Almaty die zweitgr\u00f6\u00dfte Stadt Zentralasiens und die viertgr\u00f6\u00dfte der Gemeinschaft Unabh\u00e4ngiger Staaten.<\/p>\n\n\n\n<p>Die 1854 als russischer Milit\u00e4rst\u00fctzpunkt am linken Ufer des Almaty-Flusses gegr\u00fcndete Siedlung erhielt den Namen Verny, bevor sie die sowjetische Bezeichnung Alma-Ata annahm. H\u00e4ufige Erdbeben pr\u00e4gten die fr\u00fche Stadtentwicklung: Das Beben von 1887 zerst\u00f6rte fast 1800 Backsteinh\u00e4user und forderte \u00fcber 300 Todesopfer. Beim Wiederaufbau \u00fcbernahm die Stadt Formen der russischen Renaissance unter Architekten wie Paul Gourdet, dessen Entw\u00fcrfe f\u00fcr B\u00fcrgerhochschulen und Kaufmannsresidenzen kunstvolle Details mit lokalem Holz verbanden. Eine 1907 aus Tien-Shan-Fichte erbaute Holzkathedrale von Andrei Zenkov \u00fcberstand ein nachfolgendes Beben der St\u00e4rke 10 und steht heute restauriert als eines der h\u00f6chsten Holzbauwerke weltweit.<\/p>\n\n\n\n<p>W\u00e4hrend des Zweiten Weltkriegs siedelten sich Industrie und Institutionen au\u00dferhalb der Front an und brachten Universit\u00e4ten, Krankenh\u00e4user und eine multikulturelle Belegschaft mit, darunter Slawen, Uiguren und Koreaner. Ab 1929 war Almaty Hauptstadt der Kasachischen Sozialistischen Sowjetrepublik und kurzzeitig auch des unabh\u00e4ngigen Kasachstans, bis die Regierung 1997 ihren Sitz nach Norden, nach Akmola (heute Astana), verlegte. Trotz der Abtretung dieses Status beh\u00e4lt Almaty seine Autonomie als \u201eStadt von republikanischer Bedeutung\u201c und umfasst acht Verwaltungsbezirke.<\/p>\n\n\n\n<p>Wirtschaftlich erwirtschaftet Almaty rund ein F\u00fcnftel des kasachischen BIP und beherbergt die gr\u00f6\u00dften Finanzinstitute des Landes \u2013 die Halyk Bank, die Kaspi Bank \u2013 sowie die kasachische B\u00f6rse. Firment\u00fcrme pr\u00e4gen die Skyline mit Relikten der sowjetischen Moderne: dem Hotel Kazakhstan von 1977 und dem 1970 fertiggestellten Palast der Republik. Ein aktuelles Projekt, der Almaty Financial District und der Esentai Park, vereint B\u00fcrohochh\u00e4user und das erste Ritz-Carlton des Landes in einem 37-st\u00f6ckigen Mehrzweckturm, der vom Team des New Yorker 7 World Trade Centers entworfen wurde.<\/p>\n\n\n\n<p>Zum st\u00e4dtischen Nahverkehr geh\u00f6ren die 2011 er\u00f6ffnete Almaty Metro sowie ein ausgedehntes Netz aus Bussen, Oberleitungsbussen und Regionalbahnen am Bahnhof Almaty-2. Der internationale Flughafen Almaty, f\u00fcnfzehn Kilometer nord\u00f6stlich des Zentrums, bef\u00f6rdert j\u00e4hrlich \u00fcber neun Millionen Passagiere und verbindet die Stadt mit Zielen in Europa, Asien und dar\u00fcber hinaus. Inl\u00e4ndische Fluggesellschaften verbinden alle regionalen Hauptst\u00e4dte, und Air Astana hat hier ihren Hauptsitz. Seit 2016 gibt es ein Fahrradverleihsystem namens Almaty-bike, und Fernbusterminals bedienen Verbindungen nach Kirgisistan und China.<\/p>\n\n\n\n<p>Das kulturelle Leben in Almaty r\u00fchrt von seiner Lage an der Seidenstra\u00dfe und der Anwesenheit russischer Intellektueller her, die im 19. Jahrhundert hierher exiliert waren. Das 1934 gegr\u00fcndete kasachische Staatsopern- und Balletttheater Abai ist neben dem russischen Dramatheater Auezov, dem englischsprachigen KELT der KIMEP-Universit\u00e4t und dem experimentellen Artishock der Mittelpunkt der Theaterszene. Rund um die Zenkov-Kathedrale im Park der 28 Panfilov-Gardesoldaten \u2013 eine Hommage an die heldenhaften Infanteristen, die den deutschen Vormarsch auf Moskau verz\u00f6gerten \u2013 scharen sich Museen. Dort zeichnet das zentrale Staatsmuseum die kasachische Geschichte von den pr\u00e4historischen Nomaden bis zum modernen Stadtleben nach; das staatliche Kunstmuseum Kastejew bewahrt Werke kasachischer Meister neben europ\u00e4ischen Gem\u00e4lden auf, die aus Moskau und Leningrad gestiftet wurden; und eine Reihe spezialisierter Sammlungen untersucht Musikinstrumente, Milit\u00e4rgeschichte, Eisenbahnen und bedeutende lokale Pers\u00f6nlichkeiten wie den Dramatiker Mukhtar Auezov oder den Komponisten Nurgisa Tlendiev.<\/p>\n\n\n\n<p>Gr\u00fcnfl\u00e4chen pr\u00e4gen einen Gro\u00dfteil des Stadtbildes. Im Sommer sprudeln Springbrunnen entlang der Fu\u00dfg\u00e4ngerpromenaden, deren Bew\u00e4sserungsnetz an das Abflusswasser der Berge angeschlossen ist. Jedes Fr\u00fchjahr feiert die Stadt den \u201eTag der Springbrunnen\u201c, an dem \u00fcber hundert Wasserspiele nach der Winterruhe wieder zum Leben erwachen. Stadtparks \u2013 der Park des Ersten Pr\u00e4sidenten mit seinen dendrologischen Sammlungen und der Panfilov-Park unterhalb der Zenkov-Kathedrale \u2013 bieten schattige Alleen und ehrw\u00fcrdige Denkm\u00e4ler. Am Stadtrand beginnt der Ile-Alatau-Nationalpark in bewaldeten Ausl\u00e4ufern und bietet Wanderwege, die zu alpinen Wiesen hinauff\u00fchren.<\/p>\n\n\n\n<p>Almaty ist ein Zentrum des Wintersports. Medeu, die Eislaufbahn auf 1.691 Metern H\u00f6he, erhielt den Spitznamen \u201eFabrik der Rekorde\u201c, nachdem Athleten auf dem sorgf\u00e4ltig gepflegten Eis in der d\u00fcnnen Bergluft \u00fcber hundert Weltrekorde aufgestellt hatten. Noch h\u00f6her gelegen, \u00f6ffnet das Skigebiet Shymbulak auf 2.200 Metern H\u00f6he von November bis Mai und bietet Nachtskifahren auf den h\u00f6chsten beleuchteten Pisten der Welt. Der Gro\u00dfe Almaty-See auf 2.511 Metern H\u00f6he liegt 15 Stra\u00dfenkilometer entfernt. Auf seiner t\u00fcrkisfarbenen Oberfl\u00e4che spiegeln sich \u00fcber 4000 Meter hohe Gipfel wider und dient als wichtiges Trinkwasserreservoir.<\/p>\n\n\n\n<p>Das Klima ist von gro\u00dfen Extremen gepr\u00e4gt. Die Sommertemperaturen erreichen im Juli durchschnittlich 23,8 \u00b0C, w\u00e4hrend die Tiefsttemperaturen im Januar durchschnittlich \u20134,7 \u00b0C betragen. Der Frost beginnt typischerweise Mitte Oktober und weicht Mitte April den Fr\u00fchlingswinden. Dennoch kann bis in den Mai hinein Schnee fallen \u2013 1987 sogar bis zum 17. Juni \u2013, und im Stadtzentrum, das durch seine W\u00e4rmeinsel gesch\u00fctzt ist, beginnt der Frost im Vergleich zu den n\u00f6rdlichen Vororten etwa eine Woche sp\u00e4ter. Die j\u00e4hrliche Niederschlagsmenge betr\u00e4gt 650\u2013700 mm, wobei mehr als ein Drittel in den Monaten April und Mai f\u00e4llt. Der Wind weht meist aus S\u00fcdosten und erreicht an etwa zw\u00f6lf Tagen im Jahr Geschwindigkeiten von \u00fcber 15 m\/s.<\/p>\n\n\n\n<p>Die Sehensw\u00fcrdigkeiten geben einen \u00dcberblick \u00fcber die verschiedenen Schichten Almatys. Die Himmelfahrtskathedrale mit ihrer leuchtenden Fassade in Puderzucker- und Vanillet\u00f6nen \u00fcberstand die ersten Erdbeben und nahm 1997 den orthodoxen Gottesdienst wieder auf. In der N\u00e4he befinden sich die elegante St.-Nikolaus-Kathedrale, die Zentralmoschee mit ihrem Marmorinterieur und die wiedererrichtete Sophienkathedrale auf einem ehemaligen Klostergel\u00e4nde. Eine Seilbahn verbindet die Stadt mit dem H\u00fcgel K\u00f6k T\u00f6be, wo sich neben einem 371,5 Meter hohen Fernsehturm ein Vergn\u00fcgungspark und Restaurants befinden \u2013 eine erdbebensichere Stahlkonstruktion, die nachts im Scheinwerferlicht sichtbar ist.<\/p>\n\n\n\n<p>Feste und Veranstaltungen pr\u00e4gen den Kalender. Nauryz Myrami, das um den 21. M\u00e4rz gefeiert wird, begeht die Fr\u00fchlingstagundnachtgleiche mit Familienessen und Stra\u00dfenfesten. Der Almaty-Marathon und ein Indie-Filmfestival finden jedes Jahr im September statt. Im Winter war das Medeu-Tal Austragungsort der Asiatischen Winterspiele 2011 und der Winteruniversiade 2017. Die Stadt bewarb sich zudem um die Ausrichtung der Olympischen Winterspiele 2022 und unterstrich damit ihre Eignung f\u00fcr internationale Wettbewerbe. Im Bereich der \u00f6ffentlichen Gesundheit pr\u00e4gte die Alma-Ata-Konferenz zur Prim\u00e4rversorgung von 1978 die globale Politik zur Gemeinschaftsmedizin.<\/p>\n\n\n\n<p>Bildung ist seit langem ein Teil der Identit\u00e4t der Stadt und konzentriert sich auf die Al-Farabi Kazakh National University und Institutionen wie die Kazakh-British Technical University, die International Information Technology University und die Narxoz University. Diese ziehen Studierende aus ganz Zentralasien an.<\/p>\n\n\n\n<p>Almatys Kultur ist tief in seinem Boden verwurzelt. In den umliegenden Ausl\u00e4ufern wachsen Wild\u00e4pfel (Malus sieversii), die genetischen Vorfahren moderner Sorten. Diese einheimische Frucht gibt der Stadt ihren Namen \u2013 \u201eAlma\u201c bedeutet Apfel \u2013 und erinnert an eine Landschaft, in der einst nomadische Hirten ihre Herden unter apfelbedeckten W\u00e4ldern weideten. Heute vereint die \u201eHauptstadt des S\u00fcdens\u201c sowjetisches Erbe, globale Finanzwelt und aufstrebende Innovationen. Ihre Hochhausviertel grenzen an gr\u00fcne Parks, und ihre Bergpfade f\u00fchren direkt hinter die Stadtgrenze. Im Laufe von mehr als anderthalb Jahrhunderten ist Almaty sowohl zu einer Verbindung zur Vergangenheit Kasachstans als auch zu einer Plattform f\u00fcr dessen sich entwickelnde Zukunft geworden.<\/p>","protected":false},"excerpt":{"rendered":"<p>Almaty, die bev\u00f6lkerungsreichste Stadt Kasachstans, hat \u00fcber zwei Millionen Einwohner. Eingebettet in den Ausl\u00e4ufern des Transili-Alatau-Gebirges auf einer H\u00f6he von 700 bis 900 Metern \u00fcber dem Meeresspiegel, pr\u00e4gte die Stadt Kasachstan ma\u00dfgeblich \u2013 sowohl als ehemalige Hauptstadt als auch als kulturelles und wirtschaftliches Zentrum des Landes.<\/p>","protected":false},"author":1,"featured_media":4130,"parent":14923,"menu_order":0,"comment_status":"closed","ping_status":"closed","template":"elementor_theme","meta":{"_eb_attr":"","footnotes":""},"class_list":["post-14938","page","type-page","status-publish","has-post-thumbnail"],"_links":{"self":[{"href":"https:\/\/travelshelper.com\/de\/wp-json\/wp\/v2\/pages\/14938","targetHints":{"allow":["GET"]}}],"collection":[{"href":"https:\/\/travelshelper.com\/de\/wp-json\/wp\/v2\/pages"}],"about":[{"href":"https:\/\/travelshelper.com\/de\/wp-json\/wp\/v2\/types\/page"}],"author":[{"embeddable":true,"href":"https:\/\/travelshelper.com\/de\/wp-json\/wp\/v2\/users\/1"}],"replies":[{"embeddable":true,"href":"https:\/\/travelshelper.com\/de\/wp-json\/wp\/v2\/comments?post=14938"}],"version-history":[{"count":0,"href":"https:\/\/travelshelper.com\/de\/wp-json\/wp\/v2\/pages\/14938\/revisions"}],"up":[{"embeddable":true,"href":"https:\/\/travelshelper.com\/de\/wp-json\/wp\/v2\/pages\/14923"}],"wp:featuredmedia":[{"embeddable":true,"href":"https:\/\/travelshelper.com\/de\/wp-json\/wp\/v2\/media\/4130"}],"wp:attachment":[{"href":"https:\/\/travelshelper.com\/de\/wp-json\/wp\/v2\/media?parent=14938"}],"curies":[{"name":"wp","href":"https:\/\/api.w.org\/{rel}","templated":true}]}}