{"id":14785,"date":"2024-09-20T09:34:11","date_gmt":"2024-09-20T09:34:11","guid":{"rendered":"https:\/\/travelshelper.com\/staging\/?page_id=14785"},"modified":"2026-03-11T18:16:36","modified_gmt":"2026-03-11T18:16:36","slug":"kirgisistan","status":"publish","type":"page","link":"https:\/\/travelshelper.com\/de\/destinations\/asia\/kyrgyzstan\/","title":{"rendered":"Kirgisistan"},"content":{"rendered":"<p>Kirgisistan, offiziell Kirgisische Republik, liegt in einem zerkl\u00fcfteten Streifen Zentralasiens. Sein Territorium wird von den hoch aufragenden Gebirgsketten des Tian Shan und des Pamir begrenzt. Die Republik grenzt im Norden an Kasachstan, im Westen an Usbekistan, im S\u00fcden an Tadschikistan und im Osten an China und erstreckt sich zwischen dem 39. und 44. n\u00f6rdlichen Breitengrad sowie dem 69. und 81. \u00f6stlichen L\u00e4ngengrad. Bischkek, das Verwaltungszentrum, liegt in den n\u00f6rdlichen Ausl\u00e4ufern des Gebirges, w\u00e4hrend Osch \u2013 die zweitgr\u00f6\u00dfte Stadt Kirgisistans und eine der \u00e4ltesten st\u00e4dtischen Siedlungen der Region \u2013 in der N\u00e4he der fruchtbaren Ausl\u00e4ufer des Ferghanatals liegt. Der Staat z\u00e4hlt etwas mehr als sieben Millionen Einwohner, haupts\u00e4chlich ethnische Kirgisen, neben betr\u00e4chtlichen usbekischen und russischen Gemeinden. Dieser Artikel untersucht die geografischen Konturen Kirgisistans, seine komplexe Vergangenheit und die sozialen und wirtschaftlichen Kr\u00e4fte, die seine Gegenwart pr\u00e4gen.<\/p>\n\n\n\n<p>Die menschliche Pr\u00e4senz im heutigen Kirgisistan reicht bis zu Nomadenst\u00e4mmen zur\u00fcck, die die Steppen lange vor den schriftlichen Aufzeichnungen durchstreiften. Die Jenissei-Kirgisen errichteten im fr\u00fchen Mittelalter ein Khaganat, das jedoch von aufeinanderfolgenden t\u00fcrkischen Konf\u00f6derationen \u00fcbernommen wurde. Im 13. Jahrhundert gliederte das Mongolische Reich die Region ein; die einheimische Herrschaft kam zeitweise unter mongolischen Nachfolgestaaten und sp\u00e4ter unter dem Dschungaren-Khanat wieder auf. Nach dem Fall der Dschungaren bildeten Kirgisen und verwandte Kiptschakengruppen bis 1876 Teil des Kokand-Khanats, bis das zaristische Russland das Gebiet annektierte. In den folgenden sechs Jahrzehnten verwandelten slawische Siedler tiefer gelegene Weiden in Ackerland, w\u00e4hrend es gelegentlich zu lokalen Aufst\u00e4nden gegen die kaiserliche Wehrpflicht kam.<\/p>\n\n\n\n<p>Unter sowjetischer Verwaltung entstand innerhalb der Russischen Sowjetrepublik die Autonome Oblast Karakirgisisch, die 1926 in Kirgisische Autonome Sozialistische Sowjetrepublik umbenannt und 1936 zur Unionsrepublik erhoben wurde. Frunse \u2013 ehemals Pischpek \u2013 wurde zur Hauptstadt, und Russifizierung, Industrialisierung und Kollektivierung pr\u00e4gten die Gesellschaft. Die kirgisische Sprache \u00fcbernahm die lateinische und sp\u00e4ter die kyrillische Schrift, die Schulpflicht f\u00fchrte zu fortgeschrittener Alphabetisierung, und das Manas-Epos wurde schriftlich festgehalten. Die Sowjetzeit brachte auch die Deportation von Minderheiten \u2013 Deutschen, Tschetschenen und Polen \u2013 mit sich, was die Vielfalt der Region noch verst\u00e4rkte.<\/p>\n\n\n\n<p>Als Michail Gorbatschows Reformen 1990 Moskaus Einfluss lockerten, f\u00fchrte die Unabh\u00e4ngigkeitsbewegung zur Wahl von Askar Akajew zum Pr\u00e4sidenten. Am 31. August 1991 erkl\u00e4rte Kirgisistan seine Unabh\u00e4ngigkeit von der Sowjetunion. Die Republik passte ihre Verfassung an, \u00e4nderte die englische und russische Schreibweise an das kirgisische Endonym an und gab der Hauptstadt wieder ihren urspr\u00fcnglichen Namen Bischkek.<\/p>\n\n\n\n<p>Mit der Unabh\u00e4ngigkeit \u00fcbernahm Kirgisistan ein starkes Pr\u00e4sidialmodell. Unzufriedenheit mit Akajews zunehmend autorit\u00e4rer Amtszeit f\u00fchrte 2005 zur \u201eTulpenrevolution\u201c, die Kurmanbek Bakijew an die Macht brachte. Auch Bakijews Regierung k\u00e4mpfte mit Verfassungsstreitigkeiten und Vorw\u00fcrfen des Wahlbetrugs. 2010 f\u00fchrten Volksunruhen zu einem weiteren Wandel, und ein parlamentarisch-pr\u00e4sidentielles Hybridsystem entstand. Im darauffolgenden Jahrzehnt f\u00fchrten sich ver\u00e4ndernde Machtverh\u00e4ltnisse zwischen Exekutive und Legislative zu einem semipr\u00e4sidentiellen System, bis Reformen im Jahr 2021 die dominante Rolle des Pr\u00e4sidenten wiederherstellten. W\u00e4hrend dieser Zeit flammten in den s\u00fcdlichen Provinzen ethnische Spannungen \u2013 insbesondere zwischen Kirgisen und Usbeken \u2013 auf, w\u00e4hrend wirtschaftliche Not und umstrittene Wahlen periodisch Proteste ausl\u00f6sten.<\/p>\n\n\n\n<p>Etwa 80 Prozent Kirgisistans liegen \u00fcber 1.500 Metern H\u00f6he. Berggipfel \u00fcbersteigen oft 7.000 Meter; der Dschengisch Tschokusu (ehemals Pik Pobeda) an der chinesischen Grenze erreicht 7.439 Meter und ist damit der n\u00f6rdlichste Siebentausender der Welt. T\u00e4ler \u2013 vor allem die der Fl\u00fcsse Naryn und Karadarja \u2013 schl\u00e4ngeln sich zwischen den Bergr\u00fccken hindurch und speisen den Syrdarja, der einst den Aralsee erreichte, bevor sein Wasser f\u00fcr den bew\u00e4sserten Baumwollanbau in den flussabw\u00e4rts gelegenen Bundesstaaten umgeleitet wurde. Der Fluss Tschu flie\u00dft durch den Norden und flie\u00dft anschlie\u00dfend weiter nach Kasachstan. Starke Schneef\u00e4lle im Winter l\u00f6sen im Fr\u00fchjahr \u00dcberschwemmungen aus, die die Flussufer umformen und Siedlungen flussabw\u00e4rts bedrohen, w\u00e4hrend das Abflusswasser zahlreiche Wasserkraftwerke mit Strom versorgt.<\/p>\n\n\n\n<p>Issyk-Kul, ein Salzsee auf 1.607 Metern H\u00f6he im nord\u00f6stlichen Teil des Tian Shan, ist nach dem Titicacasee der zweitgr\u00f6\u00dfte Alpensee der Welt. Sein Name, der auf Kirgisisch \u201ewarmer See\u201c bedeutet, spiegelt das Fehlen von Wintereis trotz eisiger Temperaturen wider. Ackerland macht weniger als 8 Prozent der Gesamtfl\u00e4che aus; die Ackerfl\u00e4chen konzentrieren sich auf die n\u00f6rdlichen Ebenen und die Randgebiete des Fergana-Beckens. Bewaldete H\u00e4nge mit Nadelbaumbest\u00e4nden gehen in alpine Wiesen, halbw\u00fcstenartige Ausl\u00e4ufer und W\u00fcste in tieferen Lagen \u00fcber und beherbergen sieben verschiedene terrestrische \u00d6kosysteme. Im Jahr 2019 belegte Kirgisistan in einer globalen Studie den 13. Platz hinsichtlich der Integrit\u00e4t seiner Waldlandschaft.<\/p>\n\n\n\n<p>Kontinentale Einfl\u00fcsse dominieren, doch die H\u00f6henlage f\u00fchrt zu regionalen Kontrasten. Das Fergana-Tal ist subtropisch hei\u00df, mit Sommertemperaturen von fast 40 \u00b0C und milden Wintern. In den n\u00f6rdlichen Vorgebirgen herrschen gem\u00e4\u00dfigte Bedingungen. In den Hochgebirgen reichen die Bedingungen von trocken-kontinental bis polar; oberhalb von 3.000 Metern liegt die meiste Zeit des Jahres Schnee. Im Winter k\u00f6nnen die Temperaturen in exponierten Gebieten unter \u201320 \u00b0C fallen, was selbst in einigen tiefer gelegenen Becken \u00fcber einen Monat lang zu starker Schneedecke f\u00fchrt. Im Tiefland betr\u00e4gt die Durchschnittstemperatur im Januar etwa \u20136 \u00b0C, w\u00e4hrend der Juli durchschnittlich 24 \u00b0C erreicht.<\/p>\n\n\n\n<p>Kirgisistan ist in sieben Regionen (Oblustar) und zwei St\u00e4dte von nationaler Bedeutung \u2013 Bischkek und Osch \u2013 unterteilt, die au\u00dferhalb der regionalen Zust\u00e4ndigkeit liegen. Die Regionen sind in 44 Distrikte (Aymaqtar) unterteilt, die jeweils von einem Gouverneur (Akim) verwaltet werden, der vom Pr\u00e4sidenten \u00fcber die regionalen Beh\u00f6rden ernannt wird. Die Distrikte unterteilen sich weiter in l\u00e4ndliche Gemeinden (Ayyl \u00d6km\u00f6t\u00fc), die D\u00f6rfer ohne eigenen Gemeindestatus umfassen. Die Regionen sind: Batken, Ch\u00fcy, Jalal-Abad, Naryn, Osch, Talas und Issyk-Kul. Jede Region weist unterschiedliche Landschaften und Wirtschaftsprofile auf \u2013 von der abgelegenen Berglandschaft Naryns bis zu den landwirtschaftlichen Weiten Ch\u00fcys.<\/p>\n\n\n\n<p>Kirgisistan belegt Platz 117 im Index der menschlichen Entwicklung und ist nach Tadschikistan das zweit\u00e4rmste Land Zentralasiens. Seine Wirtschaft im Umbruch ist stark vom Export von Mineralien \u2013 insbesondere Gold, Kohle und Uran \u2013 und von den \u00dcberweisungen der sch\u00e4tzungsweise 800.000 im Ausland, vor allem in Russland, arbeitenden Kirgisen abh\u00e4ngig. Die Staatsbank, die Nationalbank der Kirgisischen Republik, verwaltet die Ausgabe von Bargeld \u2013 den Kirgisischen Som (KGS) \u2013 und stimmt die Geldpolitik auf Steuerreformen ab. Nach dem Zusammenbruch der Sowjetunion brachen die Exportm\u00e4rkte ein, was schmerzhafte Anpassungen erforderlich machte: die Einstellung von Preissubventionen, die Einf\u00fchrung einer Mehrwertsteuer und die K\u00fcrzung der \u00f6ffentlichen Ausgaben. Der Beitritt zur Welthandelsorganisation am 20. Dezember 1998 signalisierte ein Bekenntnis zur Liberalisierung.<\/p>\n\n\n\n<p>Die Landwirtschaft trug 2002 \u00fcber 35 Prozent zum BIP bei und besch\u00e4ftigte rund die H\u00e4lfte der Erwerbst\u00e4tigen. Die Viehzucht dominiert, wobei Schafe, Rinder und Pferde auf Bergweiden gehalten werden und Wolle, Fleisch und Milchprodukte produzieren. Der Ackerbau konzentriert sich auf Weizen, Zuckerr\u00fcben, Kartoffeln, Baumwolle und Tabak. Hohe Importkosten f\u00fcr Agrochemikalien und Treibstoff schr\u00e4nken jedoch die Mechanisierung ein, sodass viele Kleinbauern auf Pferde und Handarbeit angewiesen sind. Die Verarbeitung landwirtschaftlicher Produkte, insbesondere zu Milchprodukten, Fleisch und Baumwolle, bietet Investitionsm\u00f6glichkeiten.<\/p>\n\n\n\n<p>Der Reichtum an Bodensch\u00e4tzen ist die Grundlage der Metallurgie: Der Goldabbau in der Kumtor-Mine hat trotz Umweltbedenken ausl\u00e4ndische Partner angezogen. Der Ausbau der Wasserkraft nutzt das Abflusswasser aus den Bergen und k\u00f6nnte so den Export von Elektrizit\u00e4t steigern. Die Erd\u00f6l- und Erdgasreserven sind vernachl\u00e4ssigbar, sodass Importe zur Deckung des Inlandsbedarfs erforderlich sind.<\/p>\n\n\n\n<p>Im August 2020 betrug die Bev\u00f6lkerungszahl rund 6,59 Millionen, davon 34,4 Prozent unter 15 Jahren und 6,2 Prozent \u00fcber 65 Jahre. Stadtbewohner machen etwa ein Drittel der Gesamtbev\u00f6lkerung aus, was einer durchschnittlichen Bev\u00f6lkerungsdichte von 25 Personen pro Quadratkilometer entspricht. Ethnische Kirgisen stellen 77,8 Prozent, Usbeken 14,2 Prozent, haupts\u00e4chlich im S\u00fcden, und Russen 3,8 Prozent, konzentriert um Bischkek und Tsch\u00fci. Zu den kleineren Gruppen z\u00e4hlen Dunganen, Tadschiken, Uiguren, Kasachen und andere, die insgesamt \u00fcber 80 verschiedene Gemeinschaften bilden. Seit der Unabh\u00e4ngigkeit ist der Anteil der ethnischen Kirgisen von rund 50 Prozent im Jahr 1979 auf \u00fcber 70 Prozent im Jahr 2013 gestiegen, da viele Russen, Ukrainer und Deutsche auswanderten.<\/p>\n\n\n\n<p>Kirgisen betreiben traditionell saisonale Viehzucht und treiben ihr Vieh im Sommer auf Hochlandweiden (Jailoo) und leben dort in tragbaren Rundzelten, sogenannten Jurten. Usbeken und Tadschiken hingegen betreiben Bew\u00e4sserungslandwirtschaft in der Fergana-Ebene. W\u00e4hrend die Landflucht zugenommen hat, bleiben diese Muster in l\u00e4ndlichen Gebieten bestehen. Im Welthungerindex 2024 belegt Kirgisistan Platz 36 von 127 L\u00e4ndern und wird mit einem Wert von 6,8 als niedrige Hungersnot eingestuft.<\/p>\n\n\n\n<p>Kirgisisch, ein Zweig der Turksprache Kiptschak, ist Staatssprache; Russisch hat seit 2000 ebenfalls offiziellen Status. Kirgisisch verwendet die 1941 eingef\u00fchrte kyrillische Schrift. Eine auf Latein basierende Reform, die der Umstellung im benachbarten Kasachstan nachempfunden ist, wird weiterhin diskutiert; im April 2023 setzte Russland Milchexporte aus, nachdem der Vorsitzende der Sprachkommission eine Umstellung auf Latein vorgeschlagen hatte. Die landesweiten Rundfunk- und Printmedien senden in beiden Sprachen, obwohl die russischen Sender \u2013 unterst\u00fctzt von Moskau \u2013 weiterhin eine hohe Einschaltquote haben, insbesondere in st\u00e4dtischen und n\u00f6rdlichen Bezirken. In Bischkek zeigten Umfragedaten aus dem Jahr 2020, dass 55,6 Prozent der Haushalte zu Hause Russisch und 43,6 Prozent Kirgisisch sprachen; landesweit verwendeten 70,9 Prozent Kirgisisch im Inland. Gesch\u00e4ftliche und offizielle Angelegenheiten werden h\u00e4ufig auf Russisch abgehalten, obwohl Parlamentssitzungen mittlerweile standardm\u00e4\u00dfig auf Kirgisisch mit Simultan\u00fcbersetzung abgehalten werden.<\/p>\n\n\n\n<p>Der Islam dominiert: Laut Sch\u00e4tzungen des CIA World Factbook aus dem Jahr 2017 bezeichneten sich 90 Prozent der B\u00fcrger als Muslime, haupts\u00e4chlich als Konfessionslose oder als Sunniten der hanafitischen Rechtsschule. Selbstidentifikationsumfragen aus dem Jahr 2012 ergaben jedoch, dass 64 Prozent sich einfach als \u201eMuslim\u201c bezeichneten und nur 23 Prozent Sunniten. W\u00e4hrend der Sowjetzeit war der Atheismus offiziell vorherrschend. Seit der Unabh\u00e4ngigkeit haben die Religionsaus\u00fcbung und der Bau von Moscheen zugenommen, begleitet von Rufen nach einer Wiederherstellung der spirituellen Werte. Ein Pew-Bericht aus dem Jahr 2009 verzeichnete eine Anh\u00e4ngerschaft von 86,3 Prozent zum Islam. Kleine christliche Minderheiten \u2013 vorwiegend russisch-orthodox, ukrainisch-orthodox, lutherisch, t\u00e4uferisch und r\u00f6misch-katholisch \u2013 machen etwa 7 Prozent aus. Die Zeugen Jehovas haben zwischen 5.000 und 10.000 Anh\u00e4nger. Es gibt noch eine Handvoll Juden, haupts\u00e4chlich Bucharer und Aschkenasim. Volks- und Sufi-Traditionen bestehen weiterhin neben aus dem Buddhismus stammenden Br\u00e4uchen, wie etwa dem Anbinden von Gebetsfahnen an heilige B\u00e4ume.<\/p>\n\n\n\n<p>Die alpine Topographie beschr\u00e4nkt Stra\u00dfen auf enge T\u00e4ler und hohe P\u00e4sse \u2013 oft \u00fcber 3.000 Meter \u2013, die Lawinen und Erdrutschen ausgesetzt sind. Eine moderne Nord-S\u00fcd-Autobahn zwischen Bischkek und Osch, die mit Unterst\u00fctzung der Asiatischen Entwicklungsbank fertiggestellt wurde, verbesserte die Verbindung zwischen den Ts\u00fcy- und Fergana-T\u00e4lern. Es gibt Pl\u00e4ne f\u00fcr einen ostw\u00e4rts f\u00fchrenden Zweig Richtung China. Die Gesamtl\u00e4nge der Stra\u00dfen betr\u00e4gt ca. 34.000 km, davon 22.600 km asphaltiert; unbefestigte Abschnitte (7.700 km) k\u00f6nnen bei N\u00e4sse gef\u00e4hrlich werden.<\/p>\n\n\n\n<p>Die Schieneninfrastruktur, die ohne R\u00fccksicht auf sp\u00e4tere Grenzen gebaut wurde, umfasst heute rund 370 km Breitspurgleise, die aufgrund der unterbrochenen Verbindungen zu Usbekistan und Kasachstan nur sporadisch genutzt werden. 2022 begannen die Arbeiten an einer 186 km langen Verl\u00e4ngerung von Balyktschy nach Karaketsche f\u00fcr den Kohletransport; im Juni 2023 wurde die Strecke Balyktschy\u2013Bischkek er\u00f6ffnet. Der Bau der chinesisch-kirgisisch-usbekischen Eisenbahn, die Teil der Belt and Road Initiative ist, soll im Juli 2025 beginnen und sich \u00fcber 523 km durch die drei Staaten erstrecken.<\/p>\n\n\n\n<p>Der internationale Flughafen Manas in der N\u00e4he von Bischkek ist das Zentrum des Flugverkehrs und bietet Verbindungen nach Moskau, Almaty, Istanbul und Dubai. Der Flughafen Osch bietet t\u00e4gliche Verbindungen in die Hauptstadt sowie Fl\u00fcge zu wichtigen russischen und zentralasiatischen St\u00e4dten. Dschalalabat unterh\u00e4lt Verbindungen nach Bischkek und saisonale Verbindungen nach Issyk-Kul. Viele Flugpl\u00e4tze aus der Sowjetzeit sind stillgelegt oder werden nur milit\u00e4risch genutzt. Kirgisische Fluggesellschaften stehen aus Sicherheitsgr\u00fcnden auf der Sperrliste der Europ\u00e4ischen Union.<\/p>\n\n\n\n<p>Berglandschaften, Bergseen und Kulturdenkm\u00e4ler pr\u00e4gen den Reiz Kirgisistans. An der Nordk\u00fcste des Issyk-Kul liegen die Ferienorte Tscholponata, Kara-Oi und Bosteri. Die j\u00e4hrliche Besucherzahl erreichte 2006\/07 einen H\u00f6chststand von \u00fcber einer Million, bevor die regionale Instabilit\u00e4t die Zahl reduzierte. Das Alai-Tal und der Son-Kul-See ziehen w\u00e4hrend der Sommernomaden Hirten und Wanderer an. Das Naturschutzgebiet Sary-Tschelek l\u00e4dt zum Wandern zwischen Gletscherseen und Mischw\u00e4ldern ein. Die steinerne Karawanserei von Tasch Rabat aus dem 15. Jahrhundert liegt an der ehemaligen Seidenstra\u00dfe. Der Burana-Turm, ein Minarett aus dem 10. Jahrhundert nahe Tokmok, erinnert an die Hauptstadt Balasagun. Der Ala-Artscha-Nationalpark, eine halbe Stunde von Bischkek entfernt, bietet \u00fcber 4.000 Meter hohe Gipfel und markierte Wanderwege.<\/p>\n\n\n\n<p>Stadtbesucher erkunden Bischkeks Pl\u00e4tze, Museen und Basare aus der Sowjetzeit. Oschs weitl\u00e4ufiger Freiluftmarkt findet t\u00e4glich in der N\u00e4he von Sulaiman-Too statt, dem einzigen UNESCO-Weltkulturerbe des Landes. L\u00e4ndliche Siedlungen wie Arslanbob, bekannt f\u00fcr seine Walnussw\u00e4lder und islamische Pilgerst\u00e4tte, oder Kochkor, ein Ausgangspunkt f\u00fcr Song-Kul-Wanderungen, pr\u00e4sentieren lokales Kunsthandwerk und l\u00e4ndliche Lebensweisen. Reisende k\u00f6nnen in Jurten \u00fcbernachten, Beshbarmak und Manti probieren und Festivals mit Reitsport, Musik und m\u00fcndlicher Poesie besuchen. In ausgew\u00e4hlten T\u00e4lern werden auch Jagd-, Fischerei- und Heliskiing-Dienste angeboten.<\/p>\n\n\n\n<p>Aufgrund der verwestlichten Gesellschaftsnormen \u2013 trotz der nominellen muslimischen Mehrheit \u2013 ist die Kleiderordnung in den St\u00e4dten weiterhin locker, in den l\u00e4ndlichen Gebieten im S\u00fcden ist jedoch konservative Kleidung ratsam. Die Kleinkriminalit\u00e4t hat in den letzten Jahren zugenommen; nach Einbruch der Dunkelheit ist in den Stadtkernen Vorsicht geboten. Notrufe sind unter den Nummern 101 (Feuerwehr), 102 (Polizei) und 103 (Medizin) erreichbar, die internationale Vorwahl lautet +996.<\/p>\n\n\n\n<p>Kirgisistan verbindet seine raue Geografie mit best\u00e4ndigen kulturellen Praktiken und einer von Kaiserreich und Revolution gepr\u00e4gten Geschichte. Seine Wirtschaft ist von Geld\u00fcberweisungen und Rohstoffindustrie abh\u00e4ngig und strebt gleichzeitig eine Diversifizierung durch Wasserkraft und Tourismus an. Die sprachliche Dualit\u00e4t unterstreicht komplexe Identit\u00e4ten, und das religi\u00f6se Leben verbindet Tradition mit s\u00e4kularer Herrschaft. Verbesserungen im Verkehrswesen \u00fcberbr\u00fccken weiterhin die Gebirgsunterschiede, auch wenn regionale Integrationsprojekte bevorstehen. Wer seine P\u00e4sse und T\u00e4ler durchquert, erlebt eine anspruchsvolle und zugleich faszinierende Landschaft \u2013 eine Republik, die sowohl von ihren Konturen als auch von ihren Menschen gepr\u00e4gt ist.<\/p>","protected":false},"excerpt":{"rendered":"<p>Kirgisistan in Zentralasien ist ein Beispiel f\u00fcr die tiefgr\u00fcndige Geschichte und die atemberaubenden Naturlandschaften der Region. Der offiziell Kirgisische Binnenstaat liegt strategisch g\u00fcnstig in den Bergen Tian Shan und Pamir. Mit \u00fcber 7 Millionen Einwohnern ist Bischkek, die Hauptstadt und gr\u00f6\u00dfte Stadt Kirgisistans, das politische und wirtschaftliche Zentrum. Im Norden liegt Kasachstan, im Westen Usbekistan, im S\u00fcden Tadschikistan und im Osten und S\u00fcdosten China. Das Land grenzt an jedes dieser L\u00e4nder und ist somit ein Knotenpunkt vieler Zivilisationen und Einfl\u00fcsse.<\/p>","protected":false},"author":1,"featured_media":3487,"parent":24063,"menu_order":0,"comment_status":"closed","ping_status":"closed","template":"elementor_theme","meta":{"_eb_attr":"","footnotes":""},"class_list":["post-14785","page","type-page","status-publish","has-post-thumbnail"],"_links":{"self":[{"href":"https:\/\/travelshelper.com\/de\/wp-json\/wp\/v2\/pages\/14785","targetHints":{"allow":["GET"]}}],"collection":[{"href":"https:\/\/travelshelper.com\/de\/wp-json\/wp\/v2\/pages"}],"about":[{"href":"https:\/\/travelshelper.com\/de\/wp-json\/wp\/v2\/types\/page"}],"author":[{"embeddable":true,"href":"https:\/\/travelshelper.com\/de\/wp-json\/wp\/v2\/users\/1"}],"replies":[{"embeddable":true,"href":"https:\/\/travelshelper.com\/de\/wp-json\/wp\/v2\/comments?post=14785"}],"version-history":[{"count":0,"href":"https:\/\/travelshelper.com\/de\/wp-json\/wp\/v2\/pages\/14785\/revisions"}],"up":[{"embeddable":true,"href":"https:\/\/travelshelper.com\/de\/wp-json\/wp\/v2\/pages\/24063"}],"wp:featuredmedia":[{"embeddable":true,"href":"https:\/\/travelshelper.com\/de\/wp-json\/wp\/v2\/media\/3487"}],"wp:attachment":[{"href":"https:\/\/travelshelper.com\/de\/wp-json\/wp\/v2\/media?parent=14785"}],"curies":[{"name":"wp","href":"https:\/\/api.w.org\/{rel}","templated":true}]}}