{"id":14764,"date":"2024-09-20T09:03:31","date_gmt":"2024-09-20T09:03:31","guid":{"rendered":"https:\/\/travelshelper.com\/staging\/?page_id=14764"},"modified":"2026-03-11T18:19:15","modified_gmt":"2026-03-11T18:19:15","slug":"kuwait","status":"publish","type":"page","link":"https:\/\/travelshelper.com\/de\/destinations\/asia\/kuwait\/","title":{"rendered":"Kuwait"},"content":{"rendered":"<p>Kuwait erstreckt sich \u00fcber einen schmalen W\u00fcstenstreifen an der Grenze zwischen der Arabischen Halbinsel und dem Persischen Golf. Im Norden grenzt es an den Irak, im S\u00fcden an Saudi-Arabien; jenseits seiner rund 500 km langen K\u00fcste grenzt es an den Iran. Trotz seiner geringen Fl\u00e4che \u2013 Kuwait ist einer der kleinsten Staaten der Welt \u2013 ist Kuwait ein regionales Zentrum f\u00fcr Handel, Kultur und Energie. Fast alle 4,82 Millionen Einwohner leben im Gro\u00dfraum Kuwait-Stadt, wo nur knapp 1,53 Millionen die Staatsb\u00fcrgerschaft besitzen und die \u00fcbrigen aus \u00fcber hundert L\u00e4ndern stammen. Diese au\u00dfergew\u00f6hnliche Bev\u00f6lkerungsmischung macht Kuwait zu einer der am st\u00e4rksten von Auswanderern abh\u00e4ngigen Gesellschaften weltweit.<\/p>\n\n\n\n<p>Die menschliche Pr\u00e4senz in der Region reicht bis in die Antike zur\u00fcck, angezogen durch den maritimen Zugang nahe der M\u00fcndung von Tigris und Euphrat. Zu Beginn des 18. Jahrhunderts ging die Stammesherrschaft unter das Emirat Bani Khalid \u00fcber; bald darauf vereinigte sich die lokale F\u00fchrung unter der Familie Al Sabah, und 1899 schloss Kuwait ein Protektoratsabkommen mit Gro\u00dfbritannien, das die au\u00dfenpolitische Kontrolle im Austausch f\u00fcr milit\u00e4rische Sicherheit abgab. Ein bescheidener Handelshafen sicherte das Scheichtum, bis 1938 in Burgan die ersten \u00d6lvorkommen entdeckt wurden. 1946 begannen die Exporte, die in den folgenden Jahrzehnten einen Modernisierungsschub finanzierten. Mit der Aufk\u00fcndigung des Vertrags im Juni 1961 erlangte Kuwait die volle Souver\u00e4nit\u00e4t, und vor dem Hintergrund der B\u00f6rsenturbulenzen der fr\u00fchen 1980er Jahre nahmen staatliche Institutionen Gestalt an.<\/p>\n\n\n\n<p>Irakische Truppen unter Saddam Hussein marschierten am 2. August 1990 in Kuwait ein und annektierten es. Als Begr\u00fcndung f\u00fchrten sie Produktionsstreitigkeiten und Gebietsanspr\u00fcche an. Eine von den USA gef\u00fchrte Koalition befreite das Land in einem kurzen Bodenkrieg, der am 26. Februar 1991 endete, einem Tag, der heute als Tag der Befreiung gilt. Die Wiederaufbaukosten \u00fcberstiegen f\u00fcnf Milliarden US-Dollar und konzentrierten sich haupts\u00e4chlich auf die Reparatur der \u00d6linfrastruktur und die Beseitigung der \u00f6kologischen Folgen von \u00fcber 500 gezielten \u00d6lbr\u00e4nden. Diese Br\u00e4nde verursachten rund 35,7 km\u00b2 \u00d6lseen, machten die W\u00fcstengebiete im Osten unbewohnbar und verschmutzten die K\u00fcsten mit Kohlenwasserstoffr\u00fcckst\u00e4nden, die die Meeres\u00f6kosysteme zerst\u00f6rten.<\/p>\n\n\n\n<p>Kuwait bleibt ein Emirat: Die herrschende Familie Al Sabah besetzt die h\u00f6chsten \u00c4mter, und der Emir ist Staatsoberhaupt gem\u00e4\u00df einer Verfassung, die Erbherrschaft mit einer gew\u00e4hlten Nationalversammlung verbindet. Der malikitisch-sunnitische Islam ist die offizielle Religion, der sch\u00e4tzungsweise zwei Drittel der B\u00fcrger angeh\u00f6ren; der Gro\u00dfteil der \u00fcbrigen Bev\u00f6lkerung ist schiitisch. Ein betr\u00e4chtlicher Anteil der ausl\u00e4ndischen Bev\u00f6lkerung kommt aus christlichen, hinduistischen, sikhistischen und buddhistischen Gemeinden, von denen Christen aus Kerala fast 18 Prozent der Bev\u00f6lkerung stellen. Amtssprache ist modernes Hocharabisch; in der Umgangssprache dominiert kuwaitisches Arabisch, angereichert mit Entlehnungen aus dem Persischen, indischen Sprachen, T\u00fcrkisch, Englisch und Italienisch. Englisch dient als Verkehrssprache im Gesch\u00e4ftsleben, w\u00e4hrend Franz\u00f6sisch in der Geisteswissenschaft nur begrenzt Anwendung findet.<\/p>\n\n\n\n<p>Kuwait erstreckt sich geografisch zwischen 28\u00b0 N und 31\u00b0 N sowie 46\u00b0 O und 49\u00b0 O. Das Land liegt \u00fcberwiegend auf Meeresh\u00f6he und erreicht am Mutla-R\u00fccken nur 306 m. Zehn Inseln s\u00e4umen die K\u00fcste, allen voran Bubiyan \u2013 die mit 860 km\u00b2 gr\u00f6\u00dfte Insel des Landes \u2013, die durch einen 2,38 km langen Damm verbunden sind. Nur 0,6 Prozent der Landesfl\u00e4che sind landwirtschaftlich nutzbar; der Rest ist mit sp\u00e4rlichem Buschland bewachsen. Die Bucht von Kuwait bietet einen nat\u00fcrlichen Tiefwasserhafen, der die Uferpromenade von Kuwait-Stadt bildet.<\/p>\n\n\n\n<p>Das Klima reicht von milden Wintertemperaturen durch Nordwinde bis zu den hei\u00dfesten Sommern der Welt. Die Schamal-Winde im Juni und Juli peitschen Sandst\u00fcrme auf; Wintern\u00e4chte k\u00f6nnen aufgrund der geografischen Breite und der N\u00e4he zu Irak und Iran k\u00fchl sein. Der Rekordwert liegt bei 54,0 \u00b0C und wurde am 21. Juli 2016 in Mitriba gemessen. Niederschl\u00e4ge sind selten und saisonal; der Fr\u00fchling bringt warme Tage und gelegentliche Gewitter.<\/p>\n\n\n\n<p>\u00d6l ist die Grundlage f\u00fcr Kuwaits einkommensstarke Wirtschaft, die \u00fcber die sechstgr\u00f6\u00dften nachgewiesenen Reserven der Welt verf\u00fcgt \u2013 allein im Burgan-Feld rund 70 Milliarden Barrel. Kohlenwasserstoffe machen fast 90 Prozent der Exporte aus, der Gro\u00dfteil entf\u00e4llt auf Flugzeuge und organische Chemikalien. Kuwait weist eine geringe wirtschaftliche Diversifizierung auf, und die CO2-Emissionen pro Kopf geh\u00f6ren zu den h\u00f6chsten weltweit. Der Umweltschutz hat sich schrittweise verbessert: Es gibt f\u00fcnf von der IUCN anerkannte Schutzgebiete, und 2018 wurde das Mubarak al-Kabeer-Reservat auf der Insel Bubiyan als Ramsar-Schutzgebiet ausgewiesen. Es dient als wichtiger Rastplatz f\u00fcr Zugv\u00f6gel und beherbergt die weltweit gr\u00f6\u00dfte Brutkolonie von Krabbenregenpfeifern.<\/p>\n\n\n\n<p>Administrativ ist das Staatsgebiet in sechs Gouvernements unterteilt: Capital (Al Asimah), Hawalli, Farwaniya, Mubarak Al-Kabeer, Ahmadi und Jahra. Jedes Gouvernement besteht aus mehreren Gebieten; insgesamt verf\u00fcgen sie \u00fcber ein Stra\u00dfennetz von mehr als 5.700 km, davon mehr als 4.800 km asphaltierte Autobahnen. Der Pkw dominiert den Verkehr \u2013 es gibt weder Eisenbahn noch U-Bahn \u2013 und wird von der staatlichen Kuwait Public Transportation Company und den privaten Betreibern CityBus und Kuwait Gulf Link unterst\u00fctzt. Taxis, erkennbar an gelben Nummernschildern, fahren gr\u00f6\u00dftenteils ohne Taxameter, w\u00e4hrend app-basierte Dienste wie Careem an Bedeutung gewonnen haben. Der Flugverkehr konzentriert sich auf den Kuwait International Airport, den Hauptsitz von Kuwait Airways und Standort des Luftwaffenst\u00fctzpunkts Al Mubarak; zwei private Fluggesellschaften, Jazeera und Wataniya, erg\u00e4nzen das Angebot. Im Mai 2025 haben vierzehn ausl\u00e4ndische Fluggesellschaften ihren Flugbetrieb aus Management- und Wettbewerbsgr\u00fcnden eingestellt, was Fragen zur regionalen Rolle des Flughafens aufwirft.<\/p>\n\n\n\n<p>Der Seehandel ist von den H\u00e4fen Shuwaikh und Shuaiba abh\u00e4ngig, die 2006 neben Mina al-Ahmadi \u00fcber 750.000 TEU umgeschlagen haben. Der neue Hafen Mubarak Al Kabeer auf der Insel Bubiyan, der sich im Bau befindet, soll j\u00e4hrlich zwei Millionen TEU abfertigen. Der Schifffahrtssektor z\u00e4hlt zu den gr\u00f6\u00dften der Region.<\/p>\n\n\n\n<p>Trotz des \u00d6lreichtums bleibt der Tourismus aufgrund der begrenzten Infrastruktur und des Alkoholverbots bescheiden. Die Ausgaben f\u00fcr Inlandsreisen erreichten 2020 6,1 Milliarden US-Dollar. Der World Travel &amp; Tourism Council bezeichnete Kuwait 2019 als die am schnellsten wachsende Reisewirtschaft im Vergleich zu anderen L\u00e4ndern, mit einem Plus von 11,6 Prozent gegen\u00fcber dem Vorjahr. Zu den kulturellen Attraktionen z\u00e4hlt das Hala Febrayer Festival, das jeden Februar mit Konzerten, Paraden und Karnevalsveranstaltungen die Befreiung Kuwaits feiert. Das Projekt Sabah Al Ahmad Sea City und der neu er\u00f6ffnete Kuwait National Cultural District \u2013 ein 1-Milliarden-Dollar-Projekt mit Kulturzentren, Parkanlagen und palastartigen Kulturdenkm\u00e4lern \u2013 signalisieren den Wunsch nach einer breiteren Kreativwirtschaft.<\/p>\n\n\n\n<p>Kuwait war ein Pionier der arabischen Golfkunst: Die bildende Kunst begann in den 1930ern mit Mojeb al-Dousaris Portr\u00e4tmalerei und in den 1960ern mit Khalifa Al-Qattans \u201eZirkulismus\u201c-Theorie. Heute zeigen \u00fcber 30 Galerien Werke von Sami Mohammad, Thuraya Al-Baqsami und Suzan Bushnaq. Die theatralischen K\u00fcnste reichen bis in die 1920er Jahre zur\u00fcck. Staatlich gef\u00f6rderte \u00f6ffentliche Theater, die vom Nationalen Rat f\u00fcr Kultur, Kunst und Literatur finanziert werden, veranstalten jedes Jahr ein Festival, und lokale Dramen ziehen in der ganzen Region ein Publikum an. Fernsehserien \u2013 mindestens 15 Serien pro Jahr \u2013 werden \u00fcber den gesamten Golf ausgestrahlt, was Kuwait den Spitznamen \u201eHollywood des Golfs\u201c eingebracht hat. W\u00e4hrend des Ramadan werden Seifenopern ausgestrahlt, wenn sich Familien in der Abendd\u00e4mmerung treffen. Musiktraditionen wie Sawt und Fijiri spiegeln das Erbe der Seefahrt wider. Die Aufnahmen begannen bereits 1912. Die zeitgen\u00f6ssische Khaliji-Musik erfreut sich panarabischer Beliebtheit und K\u00fcnstler wie Nawal El Kuwaiti und Abdallah Al Rowaished gehen auf ausgedehnte Tourneen.<\/p>\n\n\n\n<p>Die gesellschaftlichen Normen folgen dem Grundsatz \u201eLeben und leben lassen\u201c, mit gro\u00dfz\u00fcgigem Spielraum in Kleidung und Verhalten, solange die Gesetze des \u00f6ffentlichen Anstands eingehalten werden. Die Beleidigung einer anderen Person des \u00f6ffentlichen Lebens verst\u00f6\u00dft gegen weit gefasste Verleumdungsgesetze. W\u00e4hrend des Ramadan ist der \u00f6ffentliche Konsum von Speisen, Getr\u00e4nken oder Tabak verboten. Homosexuelle Handlungen bleiben weiterhin strafbar, obwohl \u00fcbliche Zuneigungsbekundungen innerhalb des gleichen Geschlechts ohne Stigmatisierung erfolgen.<\/p>\n\n\n\n<p>St\u00e4dte in der N\u00e4he von Kuwait-Stadt offenbaren unterschiedliche Lebenswelten: Jahras historische Viertel liegen westlich, Ahmadi beherbergt eine \u00d6lraffinerie, Hawalli und Farwaniya bieten dichte Wohngebiete und H\u00e4fen, w\u00e4hrend Salmiyas Str\u00e4nde und Immobilien Familien und Auswanderer anziehen. Abgelegene Reiseziele wie Khairan und Bnaider beherbergen Yachtclubs und Wassersport; die vom Krieg gezeichnete Insel Failaka bietet heute historische Unterk\u00fcnfte, die mit regelm\u00e4\u00dfigen F\u00e4hrverbindungen erreichbar sind.<\/p>\n\n\n\n<p>Einreisebestimmungen variieren je nach Nationalit\u00e4t. B\u00fcrger des Golfkooperationsrats (GCC) reisen ohne Visum; Einwohner vieler westlicher und asiatischer Staaten k\u00f6nnen bei der Ankunft am Flughafen ein Visum beantragen, w\u00e4hrend andere eine vorherige Genehmigung ben\u00f6tigen. Alle Ankommenden m\u00fcssen israelische Stempel vermeiden, da diese die Einreise ung\u00fcltig machen. Vom Flughafen aus stehen \u00f6ffentliche Verkehrsmittel wie Taxis, Limousinenservices und ein Bus f\u00fcr 0,25 KWD in die Innenstadt zur Verf\u00fcgung. Fahrpl\u00e4ne und Streckeninformationen erfordern jedoch eine fr\u00fchzeitige Planung.<\/p>\n\n\n\n<p>Kuwaits Entwicklung \u2013 vom W\u00fcstenhafen zum Erd\u00f6l-Kraftwerk \u2013 ist gepr\u00e4gt von Kontrasten zwischen Wohlstand und Umwelt, zwischen Tradition und Moderne. Die kompakte Geographie t\u00e4uscht \u00fcber ein komplexes Geflecht aus Geschichte, Kultur und Handel hinweg. W\u00e4hrend die Kohlenwasserstoffe die finanziellen Reserven sichern, streben neue Bestrebungen im Kreativ- und Dienstleistungssektor nach einer Erweiterung des Horizonts. Das Land steht an einem Wendepunkt, an dem seine Vergangenheit die gegenw\u00e4rtige Identit\u00e4t pr\u00e4gt und strategische Entscheidungen eine vielf\u00e4ltigere Zukunft gestalten werden.<\/p>","protected":false},"excerpt":{"rendered":"<p>Kuwait, offiziell bekannt als Staat Kuwait, liegt in Westasien, nahe der Nordgrenze Ostarabiens, am \u00e4u\u00dfersten Ende des Persischen Golfs. Kuwait, dessen Bev\u00f6lkerung im Jahr 2024 4,93 Millionen betrug \u2013 ein Anstieg von 1,98 % gegen\u00fcber dem Vorjahr \u2013, befindet sich an einer wichtigen Stelle, die den Irak im Norden von Saudi-Arabien im S\u00fcden trennt. Das Land erstreckt sich \u00fcber eine rund 500 Kilometer lange K\u00fcste entlang des Persischen Golfs und hat eine Seegrenze zum Iran.<\/p>","protected":false},"author":1,"featured_media":4387,"parent":24063,"menu_order":0,"comment_status":"closed","ping_status":"closed","template":"elementor_theme","meta":{"_eb_attr":"","footnotes":""},"class_list":["post-14764","page","type-page","status-publish","has-post-thumbnail"],"_links":{"self":[{"href":"https:\/\/travelshelper.com\/de\/wp-json\/wp\/v2\/pages\/14764","targetHints":{"allow":["GET"]}}],"collection":[{"href":"https:\/\/travelshelper.com\/de\/wp-json\/wp\/v2\/pages"}],"about":[{"href":"https:\/\/travelshelper.com\/de\/wp-json\/wp\/v2\/types\/page"}],"author":[{"embeddable":true,"href":"https:\/\/travelshelper.com\/de\/wp-json\/wp\/v2\/users\/1"}],"replies":[{"embeddable":true,"href":"https:\/\/travelshelper.com\/de\/wp-json\/wp\/v2\/comments?post=14764"}],"version-history":[{"count":0,"href":"https:\/\/travelshelper.com\/de\/wp-json\/wp\/v2\/pages\/14764\/revisions"}],"up":[{"embeddable":true,"href":"https:\/\/travelshelper.com\/de\/wp-json\/wp\/v2\/pages\/24063"}],"wp:featuredmedia":[{"embeddable":true,"href":"https:\/\/travelshelper.com\/de\/wp-json\/wp\/v2\/media\/4387"}],"wp:attachment":[{"href":"https:\/\/travelshelper.com\/de\/wp-json\/wp\/v2\/media?parent=14764"}],"curies":[{"name":"wp","href":"https:\/\/api.w.org\/{rel}","templated":true}]}}