{"id":14752,"date":"2024-09-20T08:45:57","date_gmt":"2024-09-20T08:45:57","guid":{"rendered":"https:\/\/travelshelper.com\/staging\/?page_id=14752"},"modified":"2026-03-11T18:13:30","modified_gmt":"2026-03-11T18:13:30","slug":"tripolis","status":"publish","type":"page","link":"https:\/\/travelshelper.com\/de\/destinations\/asia\/lebanon\/tripoli\/","title":{"rendered":"Tripolis"},"content":{"rendered":"<p>Tripolis liegt auf einem Felsvorsprung 81 Kilometer n\u00f6rdlich von Beirut und bietet einen herrlichen Blick auf das \u00f6stliche Mittelmeer. Als zweitgr\u00f6\u00dfte Stadt des Libanon und Hauptstadt des Nordgouvernements markiert sie den n\u00f6rdlichsten Seehafen des Landes. \u00dcber Jahrhunderte hinweg diente sie als Knotenpunkt verschiedener Reiche und Religionen. Ihr Stadtbild zeugt von der Macht ph\u00f6nizischer Seefahrer, griechischer Siedler, Kreuzritter, mamlukischer Statthalter und osmanischer Verwalter. In aufeinanderfolgenden Schichten hinterlie\u00df jede Zivilisation Steine \u200b\u200bund Geschichten, die sich miteinander verwoben und sowohl die Skyline als auch die sozialen Konturen der Stadt pr\u00e4gten.<\/p>\n\n\n\n<p>Der fr\u00fcheste dokumentierte Name, Athar, erscheint in ph\u00f6nizischen Annalen des 14. Jahrhunderts v. Chr. Griechische Kolonisten benannten die Stadt in Tripolis um \u2013 w\u00f6rtlich \u201edrei St\u00e4dte\u201c \u2013, woraus sich das moderne arabische Wort \u1e6car\u0101bulus entwickelte. In der arabischen Welt erhielt sie den Zusatz ash-Sh\u0101m, \u201eder Levante\u201c, um sie von ihrem libyschen Namensvetter zu unterscheiden. Unter der Herrschaft der Kreuzfahrer errichtete Raimund von Saint-Gilles 1102 die erste Festung und taufte sie Mont P\u00e8lerin. Die Zitadelle brannte 1289 nieder und erhob sich 1307\u201308 unter Emir Essendemir Kurgi wieder. Ihr massives Tor, mit einer Inschrift von S\u00fcleyman dem Pr\u00e4chtigen versehen, zeugt von der sp\u00e4teren osmanischen Restauration; ein weiterer Feldzug im fr\u00fchen 19. Jahrhundert unter Gouverneur Mustafa Agha Barbar verst\u00e4rkte ihre W\u00e4lle und Kammern.<\/p>\n\n\n\n<p>Die Altstadt von Tripolis tr\u00e4gt noch immer die Spuren ihrer mamlukischen Erneuerer. Die Stra\u00dfen verengen sich, um Belagerungsmaschinen abzuwehren; gew\u00f6lbte Br\u00fccken \u00fcberspannen die von hohen Mauern umgebenen Gassen; verborgene Schie\u00dfscharten boten einst Wachen Schutz. Rund um die verwinkelten Gassen befinden sich M\u00e4rkte und Karawansereien \u2013 die Khans, die einst H\u00e4ndler auf dem Weg nach Aleppo oder Damaskus beherbergten. In diesen Gassen \u00fcben Handwerker uralte Berufe aus \u2013 Seifensieder pressen Oliven\u00f6l zu harten Laiben; Kupferschmiede h\u00e4mmern Tabletts; Tischler schnitzen Intarsienk\u00e4sten. H\u00e4usliches Summen begleitet die ruhigen Gebetsrufe und das L\u00e4uten der Glocken maronitischer und orthodoxer Kirchen.<\/p>\n\n\n\n<p>Auch die religi\u00f6se Architektur der Mamlukenzeit ist erhalten geblieben. Die Gro\u00dfe Mansouri-Moschee, eine Reihe st\u00e4dtischer Hammams und die nahegelegene Madrassa al-Uthmaniyya veranschaulichen das Zusammenspiel von Funktion und Ornament dieser Zeit. F\u00fcnf Badeh\u00e4user sind erhalten: Abed, Izz El-Din, Hajeb, Jadid und An-Nouri. Letzteres wurde 1333 von Gouverneur Nur El-Din in der N\u00e4he der Gro\u00dfen Moschee gegr\u00fcndet. Bei seinem Besuch im Jahr 1355 bemerkte Ibn Battutah \u201esch\u00f6ne B\u00e4der\u201c inmitten von G\u00e4rten mit Wasserkan\u00e4len \u2013 eine Beschreibung, die in diesen k\u00fchlen, gew\u00f6lbten R\u00e4umen noch heute nachklingt.<\/p>\n\n\n\n<p>Nur einen kurzen Spaziergang von der Altstadt entfernt liegt der Al-Tell-Platz mit seinem Uhrturm, der 1906 zum 30. Jahrestag der Herrschaft von Sultan Abdulhamid II. errichtet wurde. Ein Geschenk des osmanischen Hofes, zeigen seine vier Zifferbl\u00e4tter auch nach einer Renovierung im Jahr 1992 noch immer die Zeit an. In der N\u00e4he wacht die Zitadelle, deren Sandsteinmauern von vier verschiedenen Epochen gepr\u00e4gt sind.<\/p>\n\n\n\n<p>Vor der K\u00fcste bilden vier kleine Inseln \u2013 die Palm Islands \u2013 ein Naturschutzgebiet. Die gr\u00f6\u00dfte, die lokal als Rabbits&#039; Island bekannt ist, erstreckt sich \u00fcber rund zwanzig Hektar. Eingef\u00fchrte europ\u00e4ische Kaninchen weideten einst unter franz\u00f6sischem Mandat auf ihren Sandfl\u00e4chen; heute bieten sie gef\u00e4hrdeten Unechten Karettschildkr\u00f6ten, seltenen M\u00f6nchsrobben und Zugv\u00f6geln Schutz. Ausgrabungen im Jahr 1973 brachten Behausungen aus der Kreuzfahrerzeit zutage und verbinden so das Gr\u00fcn der K\u00fcste mit jahrhundertealter menschlicher Pr\u00e4senz. Die UNESCO erkl\u00e4rte die Inseln 1992 zum Schutzgebiet und verbot Feuer und Camping, um sowohl die Tierwelt als auch das Kulturerbe zu sch\u00fctzen.<\/p>\n\n\n\n<p>Hinter der Kanincheninsel liegen die Bakar-Inseln, die einst unter osmanischer Herrschaft als Werft an Adel und Khiereddine Abdulwahab verpachtet wurden und noch heute Schifffahrtsunternehmen bedienen. Im Westen bietet die Ramkin-Insel einen breiten Sandstrand mit steilen Kalksteinklippen im Hintergrund. Zusammen bilden diese Inseln das Hafenviertel El Mina von Tripolis, das mit der Stadt selbst zu einem zusammenh\u00e4ngenden K\u00fcstengebiet verschmilzt.<\/p>\n\n\n\n<p>Die demografische Zusammensetzung der Stadt spiegelt das gesamte Mosaik des Libanon wider. 2014 waren \u00fcber 92 Prozent der registrierten W\u00e4hler Muslime, davon bezeichneten sich etwa 82 Prozent als Sunniten und 8,7 Prozent als Alawiten; Christen machten knapp \u00fcber 7 Prozent aus. Heute machen Christen \u2013 griechisch-orthodoxe, maronitische, melkitische, syrische und armenische \u2013 weniger als 5 Prozent der Stadtbev\u00f6lkerung aus. Sunnitische Viertel wie Bab al-Tabbaneh liegen gef\u00e4hrlich nahe am mehrheitlich alawitischen Jabal Mohsen, und seit 2011 kam es wiederholt zu Spannungen, da Konflikte im benachbarten Syrien zu entsprechenden B\u00fcndnissen f\u00fchrten. Diese Konfrontationen haben die Stabilit\u00e4t Tripolis\u2018 untergraben und die wirtschaftliche Not einer Stadt versch\u00e4rft, die lange Zeit zwischen wohlhabenderen H\u00e4ndlern und \u00e4rmeren Vierteln gespalten war.<\/p>\n\n\n\n<p>Das Klima in Tripolis ist milder. Die Winterregen fallen zwischen Dezember und M\u00e4rz, w\u00e4hrend die Sommer trocken bleiben. Die Meeresstr\u00f6mung mildert die Wintertemperaturen um etwa zehn Grad Celsius im Vergleich zu den T\u00e4lern im Landesinneren; im Sommer k\u00fchlt die K\u00fcstenbrise die Temperaturen um etwa sieben Grad ab. Schneefall gibt es in der Stadt h\u00f6chstens einmal pro Jahrzehnt, doch Hagelst\u00fcrme im Winter treten regelm\u00e4\u00dfig auf.<\/p>\n\n\n\n<p>Innerhalb der Stadt findet religi\u00f6se Vielfalt architektonischen Ausdruck. Hinter der Mansouri-Moschee und mittelalterlichen Hammams liegen zwei Dutzend Moscheen unterschiedlichen Alters: Mamluken-Bauten wie die Taynal-Moschee, Arghoun Shah und Al-Attar; osmanische Bauten wie Abou Bakr Al-Siddeeq und Al-Rahma; und die imposante Omar Ibn El-Khattab am Rande der Altstadt. Zu den christlichen Wahrzeichen z\u00e4hlen die St.-Michael-Kathedrale (maronitisch), St. Elie (griechisch-orthodox), St. Ephrem (syrisch-orthodox), St. Franziskus (r\u00f6misch-katholisch), St. Georg (melkitisch), St. Hokekalousd (armenisch-orthodox), Unsere Liebe Frau von der Verk\u00fcndigung (melkitisch) und die Nationale Evangelische Kirche von Tripolis.<\/p>\n\n\n\n<p>Eine moderne Intervention, das internationale Messegel\u00e4nde Rachid Karami, befindet sich am s\u00fcdlichen Stadtrand. Der 1962 vom brasilianischen Architekten Oscar Niemeyer f\u00fcr eine Weltausstellung konzipierte Bau wurde 1975 mit dem Ausbruch des libanesischen B\u00fcrgerkriegs eingestellt. Auf rund 75 Hektar stehen noch 15 skelettartige, unvollendete Geb\u00e4ude, deren geschwungene D\u00e4cher und Pilotis eine in der Zeit erstarrte utopische Vision erahnen lassen. Administrative Tr\u00e4gheit und zeitweilige Unruhen haben das Gel\u00e4nde weitgehend ungenutzt gelassen, flankiert von einem verfallenden Hotel. 2023 nahm die UNESCO den Komplex sowohl in die Welterbeliste als auch in die Liste des gef\u00e4hrdeten Welterbes auf und w\u00fcrdigte damit seinen kulturellen Wert und seinen prek\u00e4ren Zustand.<\/p>\n\n\n\n<p>Der Transport nach Tripolis erfolgt auf traditionellen Routen. Vom Beiruter Bahnhof Charles Helou k\u00f6nnen Besucher einen Bus mit arabischer Aufschrift \u2013 oft \u201eTrablos Express\u201c genannt \u2013 besteigen oder sich ein Taxi teilen, dessen Fahrpreis dem Preis f\u00fcr vier Personen entspricht. Minibusse verkehren von den Bahnh\u00f6fen Cola und Daoura. Im Zentrum von Tripolis berechnen Sammeltaxis 1.000 LL pro Passagier, f\u00fcr l\u00e4ngere Strecken sogar 2.000 LL. Der Hafen wickelt haupts\u00e4chlich Fracht ab, Med Star betreibt jedoch die einzige Linienf\u00e4hre im Libanon.<\/p>\n\n\n\n<p>Der Markt in der Altstadt von Tripolis ist nach wie vor ein Mittelpunkt des kulinarischen und handwerklichen Erbes des Libanon. Sonntagmorgens str\u00f6men Gruppen aus Beirut in die Konditoreien von Hallab, angezogen von klebrigem Maamoul und Knafeh. Obwohl viele H\u00e4ndler unter dem Namen Hallab handeln, pflegen Rafaat Hallab (gegr\u00fcndet 1881) und Abdel Rahman Al Hallab die ungebrochene Tradition des Konditors aus dem 19. Jahrhundert, der erstmals tripolitanische S\u00fc\u00dfigkeiten verfeinerte.<\/p>\n\n\n\n<p>In einer Landschaft, die von wirtschaftlicher Ungleichheit und sporadischen Unruhen gepr\u00e4gt ist, ist Tripolis ein Ort architektonischer Schichten und menschlichen Schaffens. Seine engen Gassen und versteckten Innenh\u00f6fe zeigen die Spuren von Seefahrern, Kaufleuten und Herrschern, die eine Stadt formten, die zugleich widerstandsf\u00e4hig und unruhig ist. Hier erinnern antike Steine \u200b\u200bund moderne Ruinen an einen st\u00e4ndigen Dialog zwischen Vergangenheit und Gegenwart und laden diejenigen ein, die verweilen, die in jedem Bogen und jeder Gasse eingeschriebenen Geschichten zu entdecken.<\/p>","protected":false},"excerpt":{"rendered":"<p>Tripolis, die zweitgr\u00f6\u00dfte Stadt des Libanon, liegt 81 Kilometer n\u00f6rdlich von Beirut und hat sch\u00e4tzungsweise rund 730.000 Einwohner. Die dynamische Stadt liegt am \u00f6stlichen Mittelmeer und ist der n\u00f6rdlichste Seehafen des Libanon. Sie ist Sitz des Distrikts Tripolis und des Gouvernements Nord. Neben einer kleinen alawitischen Bev\u00f6lkerung und verschiedenen christlichen Konfessionen, darunter Maroniten und Armenier, die die kulturelle Vielfalt der Stadt bereichern, ist die Bev\u00f6lkerungsstruktur \u00fcberwiegend sunnitisch-muslimisch.<\/p>","protected":false},"author":1,"featured_media":2828,"parent":14746,"menu_order":0,"comment_status":"closed","ping_status":"closed","template":"elementor_theme","meta":{"_eb_attr":"","footnotes":""},"class_list":["post-14752","page","type-page","status-publish","has-post-thumbnail"],"_links":{"self":[{"href":"https:\/\/travelshelper.com\/de\/wp-json\/wp\/v2\/pages\/14752","targetHints":{"allow":["GET"]}}],"collection":[{"href":"https:\/\/travelshelper.com\/de\/wp-json\/wp\/v2\/pages"}],"about":[{"href":"https:\/\/travelshelper.com\/de\/wp-json\/wp\/v2\/types\/page"}],"author":[{"embeddable":true,"href":"https:\/\/travelshelper.com\/de\/wp-json\/wp\/v2\/users\/1"}],"replies":[{"embeddable":true,"href":"https:\/\/travelshelper.com\/de\/wp-json\/wp\/v2\/comments?post=14752"}],"version-history":[{"count":0,"href":"https:\/\/travelshelper.com\/de\/wp-json\/wp\/v2\/pages\/14752\/revisions"}],"up":[{"embeddable":true,"href":"https:\/\/travelshelper.com\/de\/wp-json\/wp\/v2\/pages\/14746"}],"wp:featuredmedia":[{"embeddable":true,"href":"https:\/\/travelshelper.com\/de\/wp-json\/wp\/v2\/media\/2828"}],"wp:attachment":[{"href":"https:\/\/travelshelper.com\/de\/wp-json\/wp\/v2\/media?parent=14752"}],"curies":[{"name":"wp","href":"https:\/\/api.w.org\/{rel}","templated":true}]}}