{"id":14746,"date":"2024-09-20T08:40:01","date_gmt":"2024-09-20T08:40:01","guid":{"rendered":"https:\/\/travelshelper.com\/staging\/?page_id=14746"},"modified":"2026-03-11T18:14:02","modified_gmt":"2026-03-11T18:14:02","slug":"libanon","status":"publish","type":"page","link":"https:\/\/travelshelper.com\/de\/destinations\/asia\/lebanon\/","title":{"rendered":"Libanon"},"content":{"rendered":"<p>Der Libanon erstreckt sich \u00fcber einen schmalen Landstreifen am \u00f6stlichen Mittelmeerufer. Kalksteinr\u00fccken erheben sich abrupt aus einer schmalen K\u00fcstenebene und weichen landeinw\u00e4rts dem fruchtbaren Bekaa-Tal und dahinter dem Antilibanon-Gebirge. Das Land erstreckt sich \u00fcber etwas mehr als zehntausend Quadratkilometer und grenzt im Norden und Osten an Syrien, im S\u00fcden an Israel und im Westen an das Mittelmeer. Etwas mehr als f\u00fcnf Millionen Menschen leben innerhalb des Landes, haupts\u00e4chlich in und um Beirut, der Hauptstadt und dem wichtigsten Hafen des Landes.<\/p>\n\n\n\n<p>Die menschliche Pr\u00e4senz reicht mindestens bis 5000 v. Chr. zur\u00fcck. Vom dritten Jahrtausend v. Chr. bis zur Mitte des ersten Jahrtausends v. Chr. bildeten die K\u00fcstenst\u00e4dte den Kern Ph\u00f6niziens, dessen Kaufleute und Schiffsbauer Kolonien im gesamten Mittelmeerraum gr\u00fcndeten. 64 v. Chr. brachte die r\u00f6mische Herrschaft neue Stra\u00dfen, Theater und Tempel. Im siebten Jahrhundert n. Chr. ging die Kontrolle auf aufeinanderfolgende islamische Kalifate \u00fcber; in sp\u00e4teren Jahrhunderten wurden die Staaten der Kreuzfahrer durch die Herrschaft der Ayyubiden und schlie\u00dflich der Mamluken abgel\u00f6st. Die osmanische Verwaltung setzte sich im fr\u00fchen 15. Jahrhundert durch, doch unter Sultan Abdulmejid I. schufen die Tanzimat-Reformen Mitte des 19. Jahrhunderts das Mutasarrifate im Libanongebirge, einen halbautonomen Bezirk zum Schutz der maronitischen Christen.<\/p>\n\n\n\n<p>Der Zusammenbruch der osmanischen Macht nach dem Ersten Weltkrieg brachte den Libanon unter franz\u00f6sisches Mandat. 1920 entstand der Gro\u00dflibanon, dessen Grenzen sich ostw\u00e4rts bis ins Bekaa-Tal erstreckten. Die Unabh\u00e4ngigkeit wurde 1943 erreicht, basierend auf einer Verfassung, die politische \u00c4mter nach religi\u00f6ser Zugeh\u00f6rigkeit zuordnete \u2013 ein System, das ein Gleichgewicht zwischen christlichen, muslimischen und drusischen Gemeinschaften schaffen sollte. Der Frieden hielt bis 1975 an, als konfessionelle Spannungen in einen B\u00fcrgerkrieg ausarteten. Die K\u00e4mpfe dauerten bis 1990 an. In dieser Zeit intervenierten syrische Streitkr\u00e4fte (1976\u20132005), und die israelischen Einf\u00e4lle im S\u00fcden hielten an. Der Konflikt mit Israel flammte zeitweise wieder auf und gipfelte in mehreren Invasionen; die j\u00fcngste Konfrontation begann im Oktober 2023 und ist bis heute ungel\u00f6st.<\/p>\n\n\n\n<p>Topographisch unterteilt sich der Libanon in vier unterschiedliche Regionen. Eine schmale K\u00fcstenebene aus Meeresablagerungen und Flussschwemmungen weitet sich nahe der syrischen Grenze und verengt sich an der israelischen Grenze zu felsigen Landzungen. Im Landesinneren verl\u00e4uft das Libanongebirge \u2013 Kalkstein- und Sandsteingipfel, die sich bei Qurnat as Sawda\u02be \u00fcber 3000 Meter erheben \u2013 parallel zur K\u00fcste, ist von steilen Schluchten durchzogen und jeden Winter mit Schnee bedeckt. Weiter \u00f6stlich liegt das Bekaa-Tal in einem Graben, der sich bis nach Ostafrika erstreckt. Seine tiefen B\u00f6den beherbergen Weinberge und Obstg\u00e4rten. Jenseits des Tals erhebt sich das Antilibanon-Massiv, das mit dem Berg Hermon seinen H\u00f6hepunkt erreicht, dessen H\u00e4nge die umstrittenen Schebaa-Farmen \u00fcberspannen.<\/p>\n\n\n\n<p>Die Fl\u00fcsse des Libanon sind kurz und nicht schiffbar. Dreizehn entspringen in den westlichen Bergen und flie\u00dfen westw\u00e4rts zum Meer. Der Litani ist der l\u00e4ngste Fluss und flie\u00dft nordw\u00e4rts durch die Bekaa-Ebene, bevor er nach Westen abbiegt. Saisonale Sturzb\u00e4che f\u00fcllen ihre Betten jeden Winter neu, w\u00e4hrend Quellen und Bew\u00e4sserungskan\u00e4le die Landwirtschaft in den trockenen Sommermonaten sichern.<\/p>\n\n\n\n<p>Das Klima variiert je nach H\u00f6henlage. In den K\u00fcstengebieten fallen die meisten Niederschl\u00e4ge zwischen November und M\u00e4rz, wobei die Winter k\u00fchl und die Sommer feucht sind. Oberhalb von 1.000 Metern fallen die Wintertemperaturen unter den Gefrierpunkt, und starker Schneefall kann bis in den Mai hinein anhalten. Im Februar 2025 brachte ein polares Wettersystem namens Sturm Adam Schneef\u00e4lle bis in H\u00f6hen von 300 Metern und rekordverd\u00e4chtig niedrige Temperaturen in den Bergen.<\/p>\n\n\n\n<p>Verwaltungstechnisch sind neun Gouvernorate in 25 Distrikte und zahlreiche Gemeinden unterteilt. Die libanesische Wirtschaft basiert auf Laissez-faire-Prinzipien. Die meisten Transaktionen erfolgen in US-Dollar. Kapitalfl\u00fcsse sind grenz\u00fcberschreitend. Die 1994 gegr\u00fcndete und durch das Investitionsgesetz Nr. 360 von 2001 gest\u00e4rkte Investment Development Authority of Lebanon f\u00f6rdert ausl\u00e4ndische Direktinvestitionen in Technologie, Agrarwirtschaft und erneuerbare Energien.<\/p>\n\n\n\n<p>Dennoch ist die Wirtschaft in den letzten Jahren zusammengebrochen. Von 2018 bis 2023 schrumpfte das BIP um 40 Prozent. Das libanesische Pfund verlor gegen\u00fcber dem Dollar 95 Prozent seines Wertes. Die Inflation stieg auf \u00fcber 200 Prozent. Der offizielle Wechselkurs wurde zum ersten Mal seit 25 Jahren abgeschafft. Banken f\u00fchrten informelle Kapitalverkehrskontrollen ein. Bis 2023 lebten drei von vier Libanesen unterhalb der Armutsgrenze. Die Weltbank stuft diesen Abschwung als einen der schwersten seit dem 19. Jahrhundert ein. Seine Wurzeln liegen in einem langj\u00e4hrigen Finanzierungsprogramm der Zentralbank, die sich zu hohen Zinsen Dollar lieh, um \u00f6ffentliche Defizite zu finanzieren. Als das Einlagenwachstum nachlie\u00df, brach das System zusammen und gipfelte 2020 in einem Zahlungsausfall und der Hafenexplosion in Beirut im selben Jahr.<\/p>\n\n\n\n<p>Vor dieser Krise, von der osmanischen \u00c4ra bis in die 1960er Jahre, florierte der Libanon als regionales Banken- und Vertriebszentrum. Der Handel mit Lebensmitteln, Textilien, Schmuck und Teppichen sicherte einen steigenden Lebensstandard. Der Wiederaufbau nach dem Krieg orientierte die Wirtschaft auf Dienstleistungen um \u2013 Banken, Immobilien und Tourismus besch\u00e4ftigen heute zwei Drittel der Erwerbst\u00e4tigen und erwirtschaften einen \u00e4hnlichen Anteil am BIP. \u00dcberweisungen der weitverzweigten Diaspora trugen 2008 rund ein F\u00fcnftel zum Nationaleinkommen bei. Diese Netzwerke erstrecken sich bis nach Afrika, Amerika und Australien, wo libanesische Gemeinden Unternehmen vom Einzelhandel bis zum Baugewerbe betreiben.<\/p>\n\n\n\n<p>Der Tourismus trug einst ein Zehntel zum BIP bei. Auf seinem H\u00f6hepunkt im Jahr 2009 \u00fcberstiegen die Ank\u00fcnfte 1,8 Millionen; Beirut wurde von einer internationalen Zeitung zum weltweit beliebtesten Reiseziel gek\u00fcrt. Zehn Jahre sp\u00e4ter f\u00fchrten regionale Unruhen im benachbarten Syrien zu einem R\u00fcckgang der Besucherzahlen um 37 Prozent. Im Mai 2025 hoben die Vereinigten Arabischen Emirate ihr langj\u00e4hriges Einreiseverbot auf und weckten damit neue Hoffnungen auf eine Erholung.<\/p>\n\n\n\n<p>Die Bev\u00f6lkerungsentwicklung des Libanon ist weiterhin sensibel. Seit 1932, als die Christen eine knappe Mehrheit bildeten, fand keine Volksz\u00e4hlung mehr statt. Sch\u00e4tzungen f\u00fcr 2021 gehen von einer Gesamtbev\u00f6lkerung von 5,6 Millionen aus, darunter fast eine Million Fl\u00fcchtlinge aus Syrien und Pal\u00e4stina. Die Zahl der libanesischen Staatsangeh\u00f6rigen betr\u00e4gt etwa 4,7 Millionen. Die religi\u00f6se Vielfalt z\u00e4hlt zu den h\u00f6chsten in der Region. Vier muslimische Sekten, zw\u00f6lf christliche Kirchen sowie Drusen und eine winzige j\u00fcdische Gemeinde sind offiziell anerkannt. J\u00fcngste Studien deuten darauf hin, dass Muslime (einschlie\u00dflich Drusen) etwa zwei Drittel der Bev\u00f6lkerung ausmachen und Christen ein Drittel. Umfragedaten deuten auf einen leichten R\u00fcckgang der Religionsaus\u00fcbung unter den j\u00fcngeren Generationen hin.<\/p>\n\n\n\n<p>Die Sprache spiegelt diese Vielfalt wider. Arabisch ist die Amtssprache, w\u00e4hrend Hocharabisch f\u00fcr Printmedien und formelle Ansprachen reserviert ist. Im Alltag ist das umgangssprachliche libanesische Arabisch vorherrschend. Franz\u00f6sisch hat weiterhin Rechtsstatus und wird in Wirtschaft und Bildung gesprochen; fast 40 Prozent der Libanesen bezeichnen sich als frankophon. Englisch hat in Wissenschaft und Wirtschaft an Bedeutung gewonnen, und beide europ\u00e4ischen Sprachen haben bei vielen st\u00e4dtischen Jugendlichen Arabisch verdr\u00e4ngt. Armenische, griechische und assyrische Sprachen haben sich in diesen Gemeinschaften erhalten.<\/p>\n\n\n\n<p>Das kulturelle Leben ist gepr\u00e4gt von seinen ph\u00f6nizischen Urspr\u00fcngen, seinem r\u00f6mischen Erbe, seinem arabischen Erbe sowie seiner osmanischen und franz\u00f6sischen Herrschaft. Musik verbindet modale Formen mit westlicher Instrumentierung. Die Literatur setzt sich mit Krieg, Exil und Identit\u00e4t auseinander. Religi\u00f6se und weltliche Feste spiegeln lokale Traditionen und diasporische Feierlichkeiten wider. Weltweit betreiben libanesische K\u00f6che fast zehntausend Restaurants und bieten Gerichte wie Kibbe \u2013 eine Mischung aus Lammhackfleisch und Weizenschrot \u2013 und Taboul\u00e9, einen Salat aus Petersilie, Tomaten und Bulgur, sowie regionale Variationen von Mezze-Aufstrichen an.<\/p>\n\n\n\n<p>St\u00e4dte bieten unterschiedliche Profile. Beirut verbindet Fassaden aus osmanischer Zeit mit modernen Glast\u00fcrmen und bildet so ein Mosaik aus Vierteln, in denen Caf\u00e9s bis auf die B\u00fcrgersteige reichen und das Nachtleben sowohl in geschlossenen Clubs als auch in Strandbars pulsiert. Tripolis, das noch immer die mamlukische Architektur und die Kreuzfahrerzitadelle bewahrt, zeigt die Spuren des B\u00fcrgerkriegs und leidet unter relativer Armut. Sidon bewahrt seine Karawansereien, mittelalterlichen Souks und K\u00fcstenpromenaden. Tyros birgt an seinen breiten Str\u00e4nden ph\u00f6nizische und r\u00f6mische Ruinen. Byblos gilt als eine der \u00e4ltesten durchgehend bewohnten Siedlungen der Welt; seine Burg und sein alter Hafen sind von lebhaften M\u00e4rkten umgeben.<\/p>\n\n\n\n<p>Besucher reisen haupts\u00e4chlich mit dem Flugzeug \u00fcber den internationalen Flughafen Beirut an, der von Middle East Airlines sowie verschiedenen regionalen und europ\u00e4ischen Fluggesellschaften angeflogen wird. Busse und Sammeltaxis verbinden Damaskus mit anderen syrischen St\u00e4dten. Zweimal w\u00f6chentlich verkehrt eine F\u00e4hre zwischen Tripolis und der T\u00fcrkei. Innerhalb des Libanon ist das Auto nach wie vor das effizienteste Verkehrsmittel auf unebenen Stra\u00dfen; Mietpreise m\u00fcssen ausgehandelt werden, ebenso wie die Fahrpreise f\u00fcr \u201eServicetaxis\u201c, die wie informelle Kleinbusse funktionieren. Uber bietet in Beirut Internetzugang an, und Autobahnen durchschneiden Berge und Ebenen, wobei Schlagl\u00f6cher und unvorhersehbare Fahrweise Wachsamkeit erfordern.<\/p>\n\n\n\n<p>Soziale Gepflogenheiten betonen Respekt vor \u00c4lteren, indirekte Kommunikation und Gastfreundschaft. Die Kleiderordnung variiert: Dezente Kleidung eignet sich f\u00fcr religi\u00f6se St\u00e4tten und konservative Viertel; in den Innenst\u00e4dten ist eher westlicher Stil erlaubt. Besucher sollten Diskussionen \u00fcber sensible politische Themen in Grenzn\u00e4he vermeiden und auf unh\u00f6fliche Gesten wie Fingerwinken verzichten. S\u00fcdliche Gebiete unter Milizeneinfluss bergen zus\u00e4tzliche Risiken; in Arsal im n\u00f6rdlichen Bekaa-Gebiet kam es vereinzelt zu Entf\u00fchrungen, weshalb von einer Reise abgeraten wird.<\/p>\n\n\n\n<p>Pilger, Wissenschaftler und Touristen finden im Libanon eine Mischung aus verschiedenen Zivilisationen und Klimazonen: Olivenhaine auf Meeresh\u00f6he, schneebedeckte Gipfel im Fr\u00fchling und T\u00e4ler, in denen Weinreben Wein hervorbringen, der vor einem Jahrhundert noch unbekannt war. Die kompakte Geografie vereint Kontraste \u2013 K\u00fcste und Berge, Reichtum und Not, Tradition und Innovation \u2013 und pr\u00e4gt eine Gesellschaft, die trotz Konflikten und wirtschaftlichem Zusammenbruch besteht. In dieser Verschmelzung von Geschichte und Landschaft bleibt der Libanon ein Zeugnis f\u00fcr die Anpassungsf\u00e4higkeit unter Druck und f\u00fcr das Fortbestehen menschlicher Gemeinschaften im \u00f6stlichen Mittelmeerraum.<\/p>","protected":false},"excerpt":{"rendered":"<p>Der Libanon liegt in der Levante-Region Westasiens und hat auf einer Fl\u00e4che von 10.452 Quadratkilometern eine Bev\u00f6lkerung von \u00fcber f\u00fcnf Millionen. Mit Grenzen zu Syrien im Norden und Osten, Israel im S\u00fcden und dem Mittelmeer im Westen liegt dieses kleine, aber kulturell reiche Land strategisch g\u00fcnstig am \u00dcbergang zwischen Mittelmeerraum und arabischem Hinterland. Die unmittelbare N\u00e4he Zyperns \u2013 nur einen Katzensprung von der libanesischen K\u00fcste entfernt \u2013 unterstreicht seine zentrale Stellung in der Region zus\u00e4tzlich.<\/p>","protected":false},"author":1,"featured_media":3645,"parent":24063,"menu_order":0,"comment_status":"closed","ping_status":"closed","template":"elementor_theme","meta":{"_eb_attr":"","footnotes":""},"class_list":["post-14746","page","type-page","status-publish","has-post-thumbnail"],"_links":{"self":[{"href":"https:\/\/travelshelper.com\/de\/wp-json\/wp\/v2\/pages\/14746","targetHints":{"allow":["GET"]}}],"collection":[{"href":"https:\/\/travelshelper.com\/de\/wp-json\/wp\/v2\/pages"}],"about":[{"href":"https:\/\/travelshelper.com\/de\/wp-json\/wp\/v2\/types\/page"}],"author":[{"embeddable":true,"href":"https:\/\/travelshelper.com\/de\/wp-json\/wp\/v2\/users\/1"}],"replies":[{"embeddable":true,"href":"https:\/\/travelshelper.com\/de\/wp-json\/wp\/v2\/comments?post=14746"}],"version-history":[{"count":0,"href":"https:\/\/travelshelper.com\/de\/wp-json\/wp\/v2\/pages\/14746\/revisions"}],"up":[{"embeddable":true,"href":"https:\/\/travelshelper.com\/de\/wp-json\/wp\/v2\/pages\/24063"}],"wp:featuredmedia":[{"embeddable":true,"href":"https:\/\/travelshelper.com\/de\/wp-json\/wp\/v2\/media\/3645"}],"wp:attachment":[{"href":"https:\/\/travelshelper.com\/de\/wp-json\/wp\/v2\/media?parent=14746"}],"curies":[{"name":"wp","href":"https:\/\/api.w.org\/{rel}","templated":true}]}}