{"id":14616,"date":"2024-09-19T21:24:23","date_gmt":"2024-09-19T21:24:23","guid":{"rendered":"https:\/\/travelshelper.com\/staging\/?page_id=14616"},"modified":"2026-03-11T22:25:06","modified_gmt":"2026-03-11T22:25:06","slug":"weisrussland","status":"publish","type":"page","link":"https:\/\/travelshelper.com\/de\/destinations\/europe\/belarus\/","title":{"rendered":"Wei\u00dfrussland"},"content":{"rendered":"<p>Wei\u00dfrussland, offiziell Republik Belarus, nimmt eine zentrale Lage in Osteuropa ein. Es erstreckt sich \u00fcber 207.600 Quadratkilometer und liegt zwischen 51\u00b0 und 57\u00b0 Nord sowie 23\u00b0 und 33\u00b0 Ost. Es grenzt im Osten und Nordosten an Russland, im S\u00fcden an die Ukraine, im Westen an Polen sowie im Nordwesten an Litauen und Lettland. Die Republik mit rund 9,1 Millionen Einwohnern ist in sechs Verwaltungsregionen gegliedert, wobei die Hauptstadt Minsk einen Sonderstatus genie\u00dft. Das relativ flache Gebiet, gepr\u00e4gt von ausgedehnten Sumpfgebieten und weiten Waldfl\u00e4chen, pr\u00e4sentiert eine unaufdringliche und zugleich abwechslungsreiche Landschaft.<\/p>\n<p>Wei\u00dfrussland erhebt sich am Dsjarschynskaja Hara nur 345 Meter \u00fcber dem Meeresspiegel und f\u00e4llt am niedrigsten Ufer des Flusses Memel auf 90 Meter ab. Das Gel\u00e4nde ist sanft. Das hemiboreale Klima beschert Wei\u00dfrussland Winter mit mittleren Januar-Tiefsttemperaturen von \u20134 \u00b0C im S\u00fcdwesten um Brest bis \u20138 \u00b0C im Nordosten bei Witebsk, w\u00e4hrend die Sommer k\u00fchl und feucht bleiben und durchschnittlich 18 \u00b0C erreichen. Die j\u00e4hrlichen Niederschlagsmengen schwanken zwischen 550 und 700 Millimetern und spiegeln die \u00dcbergangslage zwischen kontinentalem und maritimem Klima wider. Ein dichtes Netz von Fl\u00fcssen und rund 11.000 Seen erg\u00e4nzt die drei Hauptfl\u00fcsse Memel, Prypjat und Dnjepr, die das Land \u00fcber ihre Laufwege mit der Ostsee und dem Schwarzen Meer verbinden.<\/p>\n<p>Fast 43 Prozent der belarussischen Fl\u00e4che waren 2020 bewaldet, ein Anstieg gegen\u00fcber rund 37 Prozent im Jahr 1990. Von den 8,8 Millionen Hektar Waldfl\u00e4che regenerieren sich rund 6,6 Millionen Hektar auf nat\u00fcrliche Weise, w\u00e4hrend 2,2 Millionen Hektar durch geplante Aufforstung entstanden sind. Nur ein kleiner Teil, etwa zwei Prozent, weist noch die typischen Merkmale eines Prim\u00e4rwaldes auf, doch rund 16 Prozent aller W\u00e4lder liegen in offiziell gesch\u00fctzten Zonen. Dieser Baumreichtum koexistiert neben sumpfigen Tiefebenen, insbesondere in der Polesie-Region, wo Torfvorkommen sowohl ein \u00f6kologisches Merkmal als auch eine nutzbare Ressource darstellen.<\/p>\n<p>Unter seinen B\u00f6den birgt Wei\u00dfrussland bescheidene Mengen an \u00d6l und Erdgas sowie reichlichere Bodensch\u00e4tze: Granit, Dolomit, Mergel, Kreide, Sand, Kies und Ton. Dennoch sind die Folgen der Tschernobyl-Katastrophe von 1986 noch sp\u00fcrbar: Rund siebzig Prozent des radioaktiven Niederschlags des havarierten ukrainischen Reaktors schlugen sich auf wei\u00dfrussischem Gebiet nieder und verseuchten sch\u00e4tzungsweise ein F\u00fcnftel der Landesfl\u00e4che, vor allem im S\u00fcdosten. Internationale Bem\u00fchungen, angef\u00fchrt von den Vereinten Nationen und verb\u00fcndeten Organisationen, zielen darauf ab, die C\u00e4sium-137-Konzentration im Boden durch landwirtschaftliche Eingriffe \u2013 darunter Rapsanbau und die Anwendung von Bindemitteln \u2013 zu senken, w\u00e4hrend Forstwirtschaft und Landbewirtschaftung an die langfristigen Strahlenbeschr\u00e4nkungen angepasst werden.<\/p>\n<p>Die heutigen Grenzen von Belarus entwickelten sich weitgehend im 20. Jahrhundert. Nach dem Zerfall der Polnisch-Litauischen Union im sp\u00e4ten 18. Jahrhundert fielen die Gebiete an das Russische Reich. Nach den Wirren der Russischen Revolution k\u00e4mpften mehrere kurzlebige Staaten um die Vorherrschaft, was 1919 in der Gr\u00fcndung der Wei\u00dfrussischen Sozialistischen Sowjetrepublik gipfelte. Im Polnisch-Sowjetischen Krieg (1918\u20131921) fiel fast die H\u00e4lfte dieser Gebiete an Polen, doch die sowjetische Invasion Ostpolens 1939 machte einen Gro\u00dfteil dieser Verluste wieder gut. Die endg\u00fcltige Grenzziehung kristallisierte sich nach dem Zweiten Weltkrieg heraus, als die sowjetische Verwaltungspraxis die sechs Regionen Belarus und den Sonderstatus Minsks konsolidierte.<\/p>\n<p>Der Zweite Weltkrieg richtete verheerende Sch\u00e4den an der Gesellschaft und Wirtschaft Wei\u00dfrusslands an: Milit\u00e4reins\u00e4tze und Besatzung forderten fast ein Viertel der Bev\u00f6lkerung das Leben und vernichteten die H\u00e4lfte der Industrie- und Landwirtschaftskapazit\u00e4ten. Inmitten dieser Zerst\u00f6rung entstand eine widerstandsf\u00e4hige Partisanenbewegung \u2013 vereint durch die Entschlossenheit gegen die Nazis und bemerkenswert vielf\u00e4ltig in ihrer Zusammensetzung \u2013, die die Nachkriegspolitik jahrzehntelang pr\u00e4gte. 1945 begann die Wei\u00dfrussische SSR als Gr\u00fcndungsmitglied der Vereinten Nationen neben der Sowjetunion einen rasanten Wandel von einem Agrarhinterland zu einer Industrierepublik, geleitet von zentraler Planung und Kollektivierung.<\/p>\n<p>Als der Wind des Wandels durch Osteuropa fegte, proklamierte der Oberste Sowjet von Belarus am 27. Juli 1990 seine Souver\u00e4nit\u00e4t. Innerhalb eines Jahres f\u00fchrte der Zerfall der Sowjetunion am 25. August 1991 zur vollst\u00e4ndigen Unabh\u00e4ngigkeit. Drei Jahre sp\u00e4ter folgte eine neue Verfassung, und 1994 wurde Alexander Lukaschenko in der einzigen freien Wahl des Landes seit der Unabh\u00e4ngigkeit zum Pr\u00e4sidenten gew\u00e4hlt. In seiner fast drei Jahrzehnte w\u00e4hrenden Amtszeit blieb der Staat weitgehend verstaatlicht, unabh\u00e4ngige Medien und die Zivilgesellschaft wurden unterdr\u00fcckt, und die Machtkonzentration erfolgte in einer stark zentralisierten Exekutive. Die Presse- und Versammlungsfreiheit geh\u00f6ren zu den am st\u00e4rksten eingeschr\u00e4nkten in Europa, und die Todesstrafe ist nach wie vor in Kraft.<\/p>\n<p>Belarus unterh\u00e4lt ein Netz internationaler Verbindungen: Es geh\u00f6rt den Vereinten Nationen, der Gemeinschaft Unabh\u00e4ngiger Staaten, der Organisation f\u00fcr kollektive Sicherheit (OSZE) und der Eurasischen Wirtschaftsunion an und ist Mitglied der Organisation f\u00fcr Sicherheit und Zusammenarbeit in Europa (OSZE) sowie der Bewegung der Blockfreien Staaten. Es bestehen weiterhin bilaterale Beziehungen zur Europ\u00e4ischen Union, obwohl ein Beitritt nie angestrebt wurde. Bem\u00fchungen um einen Beitritt zum Europarat im Jahr 1993 scheiterten aufgrund von Wahlunregelm\u00e4\u00dfigkeiten und Menschenrechtsbedenken. Das begrenzte Engagement in diesem Gremium endete 2022 vollst\u00e4ndig, nachdem Belarus die russische Invasion in der Ukraine erm\u00f6glicht hatte.<\/p>\n<p>Wirtschaftlich belegt Belarus im Index der menschlichen Entwicklung der Vereinten Nationen den 60. Platz, was trotz seines Status als Entwicklungsland eine sehr hohe menschliche Entwicklung signalisiert. Im Jahr 2019 trug das verarbeitende Gewerbe rund 31 Prozent zum BIP bei und besch\u00e4ftigte knapp 35 Prozent der Erwerbst\u00e4tigen, wobei sein Wachstum hinter dem der Gesamtwirtschaft zur\u00fcckblieb. Die Landwirtschaft sichert die Lebensgrundlage der l\u00e4ndlichen Bev\u00f6lkerung, wobei Kartoffeln und Vieh zu den wichtigsten Erzeugnissen z\u00e4hlen. Die staatliche Kontrolle gro\u00dfer Unternehmen bleibt bestehen, auch wenn begrenzte Marktreformen und internationaler Handel eine moderate wirtschaftliche Diversifizierung erm\u00f6glichen.<\/p>\n<p>Die W\u00e4hrungsgeschichte ist von Phasen der Instabilit\u00e4t gepr\u00e4gt. Der belarussische Rubel wurde im Mai 1992 eingef\u00fchrt, um die sowjetische W\u00e4hrung zu ersetzen, und erfuhr zwei Umstellungen: zun\u00e4chst im Jahr 2000 und dann im Juli 2016, als aus 10.000 alten Rubeln ein neuer Rubel (BYN) wurde. Eine drastische Abwertung im Mai 2011 \u2013 als die W\u00e4hrung an einem einzigen Tag rund 56 Prozent ihres Wertes gegen\u00fcber dem US-Dollar verlor \u2013 f\u00fchrte zu einem Rettungsantrag an den Internationalen W\u00e4hrungsfonds. Phasen von Preiskontrollen, darunter ein im Oktober 2022 angek\u00fcndigtes Einfrieren der Preise zur Eind\u00e4mmung der Lebensmittelinflation, verdeutlichen die interventionistische Haltung der Regierung. Im Januar 2023 legalisierte ein Gesetz die unbefugte Nutzung geistigen Eigentums aus als \u201eunfreundlich\u201c geltenden L\u00e4ndern.<\/p>\n<p>Der Bankensektor besteht aus zwei Ebenen: der Nationalbank der Republik Belarus an der Spitze und 25 darunterliegenden kommerziellen Instituten. Geldpolitik, Kreditvergabe und Wechselkursmanagement unterliegen weiterhin strenger staatlicher Aufsicht und spiegeln die umfassende staatliche Einflussnahme auf die Wirtschaft wider.<\/p>\n<p>Die Bev\u00f6lkerung von Belarus betr\u00e4gt rund 9,41 Millionen Menschen (Volksz\u00e4hlung 2019). Sie ist \u00fcberwiegend belarussisch (etwa 84,9 Prozent). Die russischen, polnischen und ukrainischen Minderheiten stellen 7,5 Prozent, 3,1 Prozent bzw. 1,7 Prozent. Bei einer durchschnittlichen Bev\u00f6lkerungsdichte von fast 50 Personen pro Quadratkilometer leben rund 70 Prozent der Bev\u00f6lkerung in st\u00e4dtischen Gebieten. Minsk mit fast zwei Millionen Einwohnern bildet das politische, kulturelle und wirtschaftliche Zentrum. Weitere wichtige St\u00e4dte sind Gomel (481.000), Mogiljow (365.100), Witebsk (342.400), Grodno (314.800) und Brest (298.300).<\/p>\n<p>Der nat\u00fcrliche Bev\u00f6lkerungsr\u00fcckgang wurde durch die Nettozuwanderung geringf\u00fcgig ausgeglichen. 2007 verzeichnete Belarus eine negative Wachstumsrate von 0,41 Prozent, gest\u00fctzt durch eine Geburtenrate von 1,22 Kindern pro Frau \u2013 weit unter dem Reproduktionsniveau. Die Nettozuwanderung von etwa +0,38 pro Tausend steht im Gegensatz zu den in anderen Teilen der Region beobachteten Abwanderungen. Das demografische Profil ist \u00e4lter: 2015 waren rund 14 Prozent der Bev\u00f6lkerung 65 Jahre oder \u00e4lter, und das Durchschnittsalter von 34 Jahren d\u00fcrfte bis Mitte des Jahrhunderts auf \u00fcber 60 Jahre steigen. Die durchschnittliche Lebenserwartung betr\u00e4gt 72,15 Jahre \u2013 78,1 Jahre f\u00fcr Frauen und 66,5 Jahre f\u00fcr M\u00e4nner \u2013, und die Alphabetisierungsrate liegt bei \u00fcber 99 Prozent der \u00fcber 15-J\u00e4hrigen.<\/p>\n<p>Die religi\u00f6se Zugeh\u00f6rigkeit spiegelt die Dominanz der Ostorthodoxen Kirche wider, der rund 48 Prozent der Bev\u00f6lkerung angeh\u00f6ren. Volksz\u00e4hlungsdaten aus dem Jahr 2011 zeigen, dass 59 Prozent eine religi\u00f6se Identit\u00e4t bekennen: Davon bekennen sich rund 82 Prozent zum belarussischen Exarchat der Russisch-Orthodoxen Kirche, w\u00e4hrend kleinere orthodoxe K\u00f6rperschaften und eine belarussische autokephale orthodoxe Kirche existieren. Katholiken stellen etwa 7,1 Prozent \u2013 \u200b\u200bvor allem in den westlichen Regionen \u2013, w\u00e4hrend protestantische Konfessionen, griechisch-katholische, j\u00fcdische, muslimische und neuheidnische Gruppen den Rest ausmachen. Etwa 41 Prozent der Belarussen bezeichnen sich selbst als nicht religi\u00f6s.<\/p>\n<p>Zwei Sprachen haben offiziellen Status: Wei\u00dfrussisch und Russisch. Bei der Volksz\u00e4hlung von 2009 gaben 53 Prozent der Befragten Wei\u00dfrussisch als Muttersprache an, 41 Prozent Russisch. Dennoch dominiert Russisch in rund 70 Prozent der Haushalte die Alltagssprache, Wei\u00dfrussisch hingegen nur 23 Prozent. Seit Mitte der 1990er Jahre hat sich der Russischunterricht in st\u00e4dtischen Bildungseinrichtungen stark verlagert, und die j\u00e4hrliche Produktion wei\u00dfrussischsprachiger Literatur ist deutlich zur\u00fcckgegangen.<\/p>\n<p>Belarus verf\u00fcgt \u00fcber vier UNESCO-Welterbest\u00e4tten. Der Schlosskomplex Mir und das Wohn- und Verteidigungsensemble des Schlosses Nesvizh verk\u00f6rpern sp\u00e4tmittelalterliche Architektur und aristokratische Planung. Der transnationale Struve-Bogen erinnert an geod\u00e4tische Leistungen des 19. Jahrhunderts und markiert Vermessungspunkte in zehn L\u00e4ndern. Schlie\u00dflich bieten die Urw\u00e4lder des Bia\u0142owie\u017ca-Urwalds \u2013 auf belarussischer Seite als Belovezhskaya Pushcha bekannt \u2013 europ\u00e4ischen Bisons Schutz zwischen urzeitlichen Eichen und Kiefern und bieten einen lebendigen Einblick in das vorindustrielle Europa.<\/p>\n<p>Jenseits dieser Sehensw\u00fcrdigkeiten sto\u00dfen Besucher auf \u00dcberreste einer reicheren architektonischen Vergangenheit, die gr\u00f6\u00dftenteils im Zweiten Weltkrieg oder durch Nachkriegsplanung verloren ging. Minsk, nach seiner Kriegszerst\u00f6rung vollst\u00e4ndig wiederaufgebaut, verbindet heute monumentale sozialistisch-realistische Bauten mit modernen Caf\u00e9s, Museen und Kulturst\u00e4tten. Der Unabh\u00e4ngigkeitsplatz, eingerahmt vom ehemaligen KGB-Hauptquartier und dem Nationalen Staatsmuseum, ist der Mittelpunkt des st\u00e4dtischen Lebens. In der N\u00e4he erinnert das j\u00fcdische Zaslavsky-Denkmal an verlorene Gemeinden.<\/p>\n<p>In Brest an der Westgrenze erinnert die Festung aus dem 19. Jahrhundert an den sowjetischen Widerstand w\u00e4hrend der Operation Barbarossa. Um einen Einblick in das l\u00e4ndliche Handwerk des 19. Jahrhunderts zu erhalten, k\u00f6nnen Reisende das Freilichtmuseum Dudutki besuchen. In Holz- und Strohbauten werden T\u00f6pferei, Tischlerei, Backen und Kunsthandwerk vorgef\u00fchrt. Das Pripjat-Reservat und die Braslauer Seenregion bieten R\u00fcckzugsorte in der Natur mit Feuchtgebieten, Inseln und bewaldeten Ufern. Vier Nationalparks \u2013 Beloweschskaja Puschtscha, Pripjatski, Braslawer Seen und Osipowitschski \u2013 bieten vielf\u00e4ltige Lebensr\u00e4ume f\u00fcr Wildtiere und M\u00f6glichkeiten f\u00fcr Erkundungen in aller Ruhe.<\/p>\n<p>Die Sicherheitsaspekte \u00e4hneln denen eines streng \u00fcberwachten Staates. Kleinkriminalit\u00e4t gegen Besucher ist selten, dennoch ist bei Finanztransaktionen Vorsicht geboten, da Betrug und Cyberkriminalit\u00e4t vorkommen. Die Beh\u00f6rden betreiben umfassende \u00dcberwachung: Hotelzimmer, Kommunikationsmittel und pers\u00f6nliche Gegenst\u00e4nde k\u00f6nnen kontrolliert werden. Das Fotografieren von Milit\u00e4r-, Regierungs- oder Grenzanlagen kann zu beh\u00f6rdlicher R\u00fcge f\u00fchren. Trunkenheit in der \u00d6ffentlichkeit und die Verwendung von Schimpfw\u00f6rtern werden mit Geldstrafen oder Haft geahndet.<\/p>\n<p>Politische Versammlungen laufen Gefahr, abrupt unterdr\u00fcckt zu werden; abweichende Meinungen werden bestraft, und die freie Meinungs\u00e4u\u00dferung ist stark eingeschr\u00e4nkt. Demonstranten tragen oft das historische wei\u00df-rot-wei\u00dfe Banner von 1918\u20131995, ein Symbol der Diaspora und der Opposition; sein Erscheinen in der \u00d6ffentlichkeit bedeutet ein erh\u00f6htes Risiko der Verhaftung. Selbst so harmlose Gesten wie Applaus k\u00f6nnen unerw\u00fcnschte Aufmerksamkeit erregen, da sie von Regimekritikern \u00fcbernommen wurden. Ausl\u00e4ndische Journalisten, insbesondere polnischer Herkunft, wurden mit Einreiseverweigerungen, Inhaftierungen und Verh\u00f6ren konfrontiert.<\/p>\n<p>Die Einstellung gegen\u00fcber LGBT-Besuchern bleibt konservativ. Obwohl einvernehmliche gleichgeschlechtliche Beziehungen gesetzlich nicht mehr kriminalisiert werden, ist die gesellschaftliche Akzeptanz \u2013 insbesondere unter \u00e4lteren Generationen \u2013 begrenzt, und \u00f6ffentliche Liebesbekundungen werden nicht empfohlen. Die Fahrbedingungen variieren von vertretbar auf Hauptverkehrsstra\u00dfen bis gef\u00e4hrlich im Winter: Schlagl\u00f6cher, sp\u00e4rliche Beleuchtung, unberechenbares Fu\u00dfg\u00e4ngerverhalten und gelegentliche Missachtung von Verkehrsregeln erfordern Wachsamkeit.<\/p>\n<p>Die Gesundheitsversorgung entspricht nicht den westlichen Standards. Einrichtungen verf\u00fcgen oft nicht \u00fcber moderne Ger\u00e4te, und Sprachbarrieren erschweren die Anreise f\u00fcr Menschen, die weder Russisch noch Wei\u00dfrussisch sprechen. Die Reaktionszeit von Krankenwagen kann mehr als 30 Minuten betragen, sodass eine medizinische Evakuierung der zuverl\u00e4ssigste Weg zu einer besseren Versorgung ist. Tuberkulose stellt eine wachsende Herausforderung dar, und Leitungswasser ist f\u00fcr den direkten Verzehr nicht geeignet; Flaschenwasser wird dringend empfohlen. Lebensmittel werden sowohl bakteriell als auch radiologisch untersucht, wobei Produkte aus einem Umkreis von 50 Kilometern um den Reaktor von Tschernobyl weiterhin verboten sind.<\/p>\n<p>Die Etikette in Belarus spiegelt eine eher zur\u00fcckhaltende Kultur wider. Belarussen legen Wert auf Zur\u00fcckhaltung in der \u00d6ffentlichkeit, da ein L\u00e4cheln gegen\u00fcber Fremden als Unaufrichtigkeit oder Spott interpretiert werden kann. Erste Begegnungen f\u00fchren oft zu knappen Antworten statt \u00fcberschw\u00e4nglicher W\u00e4rme; Vertrauen und Offenheit entwickeln sich allm\u00e4hlich. Ritterlichkeit bleibt weiterhin \u00fcblich: M\u00e4nner bieten Frauen oft praktische Hilfe an, die wiederum solche H\u00f6flichkeiten erwarten. Politische Diskussionen, insbesondere \u00fcber Pr\u00e4sident Lukaschenko oder das sowjetische Erbe, sollten vermieden werden, da solche Themen Unbehagen oder offizielle Repressalien hervorrufen k\u00f6nnen.<\/p>\n<p>In den ruhigen D\u00f6rfern und modernen Metropolen Wei\u00dfrusslands pr\u00e4gt das Zusammenspiel von historischem Bruch und kulturellem Fortbestand eine Umgebung, die zugleich herausfordernd und zugleich unaufdringlich ist. Obwohl ein Gro\u00dfteil der Vergangenheit \u2013 durch Kriegsgewalt und gleichf\u00f6rmigen Wiederaufbau \u2013 verloren gegangen ist, sind Spuren in zerst\u00f6rten W\u00e4ldern, im Mauerwerk von Burgen und im stoischen Rhythmus des Alltags erhalten geblieben. Wer bereit ist, \u00fcber oberfl\u00e4chliche Eindr\u00fccke hinauszublicken, dem bietet Wei\u00dfrussland ein Erlebnis von Widerstandsf\u00e4higkeit und Kontinuit\u00e4t, gepr\u00e4gt von der ungeschminkten Realit\u00e4t seiner Menschen und der subtilen Sch\u00f6nheit eines Landes im st\u00e4ndigen, wenn auch verhaltenen Wandel.<\/p>","protected":false},"excerpt":{"rendered":"<p>Mit einer gesch\u00e4tzten Bev\u00f6lkerung von fast 9,1 Millionen Einwohnern ist Wei\u00dfrussland \u2013 offiziell Republik Belarus \u2013 ein Binnenstaat in Osteuropa. Die strategische Lage Wei\u00dfrusslands an der Schnittstelle zwischen Europa und Asien hat seine historische Entwicklung, seine kulturelle Identit\u00e4t und seine geopolitische Bedeutung gepr\u00e4gt. Das Land liegt fl\u00e4chenm\u00e4\u00dfig an 13. Stelle in Europa und verf\u00fcgt \u00fcber eine Fl\u00e4che von 207.600 Quadratkilometern (80.200 Quadratmeilen). Wei\u00dfrussland wird im Osten und Nordosten von Russland, im S\u00fcden von der Ukraine, im Westen von Polen sowie im Nordwesten von Litauen und Lettland umgeben. Die Entwicklung des Landes und seine historischen Interaktionen mit den umliegenden Staaten wurden stark von seiner geografischen Lage beeinflusst.<\/p>","protected":false},"author":1,"featured_media":2825,"parent":24078,"menu_order":0,"comment_status":"closed","ping_status":"closed","template":"elementor_theme","meta":{"_eb_attr":"","footnotes":""},"class_list":["post-14616","page","type-page","status-publish","has-post-thumbnail"],"_links":{"self":[{"href":"https:\/\/travelshelper.com\/de\/wp-json\/wp\/v2\/pages\/14616","targetHints":{"allow":["GET"]}}],"collection":[{"href":"https:\/\/travelshelper.com\/de\/wp-json\/wp\/v2\/pages"}],"about":[{"href":"https:\/\/travelshelper.com\/de\/wp-json\/wp\/v2\/types\/page"}],"author":[{"embeddable":true,"href":"https:\/\/travelshelper.com\/de\/wp-json\/wp\/v2\/users\/1"}],"replies":[{"embeddable":true,"href":"https:\/\/travelshelper.com\/de\/wp-json\/wp\/v2\/comments?post=14616"}],"version-history":[{"count":0,"href":"https:\/\/travelshelper.com\/de\/wp-json\/wp\/v2\/pages\/14616\/revisions"}],"up":[{"embeddable":true,"href":"https:\/\/travelshelper.com\/de\/wp-json\/wp\/v2\/pages\/24078"}],"wp:featuredmedia":[{"embeddable":true,"href":"https:\/\/travelshelper.com\/de\/wp-json\/wp\/v2\/media\/2825"}],"wp:attachment":[{"href":"https:\/\/travelshelper.com\/de\/wp-json\/wp\/v2\/media?parent=14616"}],"curies":[{"name":"wp","href":"https:\/\/api.w.org\/{rel}","templated":true}]}}