{"id":14583,"date":"2024-09-19T20:15:59","date_gmt":"2024-09-19T20:15:59","guid":{"rendered":"https:\/\/travelshelper.com\/staging\/?page_id=14583"},"modified":"2026-03-11T22:31:50","modified_gmt":"2026-03-11T22:31:50","slug":"genk","status":"publish","type":"page","link":"https:\/\/travelshelper.com\/de\/destinations\/europe\/belgium\/genk\/","title":{"rendered":"Genk"},"content":{"rendered":"<p>Genk nimmt einen besonderen Platz in der belgischen Stadtlandschaft ein. Sein Charakter ist gepr\u00e4gt von Jahrhunderten ruhigen Landlebens, pl\u00f6tzlichem industriellen Umbruch und entschlossener Neuerfindung in den letzten Jahrzehnten. Gelegen am Ufer des Albertkanals in der Provinz Limburg, auf halbem Weg zwischen den H\u00e4fen Antwerpens und den Stahlwerken L\u00fcttichs, ist Genk heute Zeugnis und Tribut an die komplexen Kr\u00e4fte, die Flandern gepr\u00e4gt haben: sich verschiebende Grenzen, ressourcenbedingte Migration, k\u00fcnstlerische Bl\u00fcte und wirtschaftliche Widerstandsf\u00e4higkeit.<\/p>\n<p>Lange vor dem L\u00e4rm der Maschinen und dem Rauschen der Lastk\u00e4hne auf dem Kanal entstand die Siedlung Genk als bescheidenes keltisches Dorf. Arch\u00e4ologische Fragmente deuten auf eine fr\u00fche Holzkapelle aus dem 10. Jahrhundert hin \u2013 ein Beweis f\u00fcr die allm\u00e4hliche Ausbreitung des Christentums. 1108 taucht der Ort in einer Klosterurkunde unter dem Namen Geneche auf, als die Abtei Rohlic seine L\u00e4ndereien in Besitz nahm. Im Mittelalter geh\u00f6rte Genk zur Grafschaft Loon; 1365 ging das Gebiet an das F\u00fcrstbistum L\u00fcttich \u00fcber, was den Alltagsrhythmus jedoch kaum unmittelbar ver\u00e4nderte.<\/p>\n<p>Genk blieb w\u00e4hrend eines Gro\u00dfteils seiner mittelalterlichen und fr\u00fchneuzeitlichen Existenz eine kleine Agrargemeinde. Zu Beginn des 19. Jahrhunderts erlebte die Region S\u00fcdbelgien einen rasanten industriellen Wandel \u2013 Kohlebergwerke, Eisenh\u00fctten und Textilfabriken entstanden rund um Charleroi, L\u00fcttich und Mons \u2013 doch Limburg mit seinen sandigen B\u00f6den und dem Mangel an Mineralienvorkommen hielt an \u00e4lteren Anbaumethoden fest. Im Jahr 1900 hatte Genk etwa zweitausend Einwohner, und die Bebauung bestand kaum aus verstreuten Bauernh\u00e4usern und einigen Handwerksl\u00e4den.<\/p>\n<p>Es war genau diese ruhige, unscheinbare Landschaft, die im sp\u00e4ten 19. Jahrhundert eine Gruppe von Malern und Schriftstellern anzog. Zu ihnen geh\u00f6rte Neel Doff, ein Schriftsteller, dessen Darstellungen von Landarbeit und sozialer Ungleichheit von den Feldern und Gassen Genks inspiriert wurden. Einigen Berichten zufolge kamen mehr als vierhundert K\u00fcnstler durch die Gegend und arbeiteten im Freien in der Tradition der Freilichtmalerei. Ihre Leinw\u00e4nde fingen das wechselnde Licht auf Heideland und Birkenhainen, die ruhige Geometrie der Nebengeb\u00e4ude und das Glitzern der Wasserwege ein. F\u00fcr kurze Zeit existierte Genk sowohl als landwirtschaftliches Hinterland als auch als Ort kreativer Forschung.<\/p>\n<p>Das Schicksal der Stadt \u00e4nderte sich 1901 unwiderruflich, als der Geologe Andr\u00e9 Dumont im nahegelegenen Dorf As Spuren von Kohle entdeckte. Schon bald entdeckten Goldsucher Vorkommen unter Genk, und innerhalb weniger Jahre drangen drei Minensch\u00e4chte \u2013 Zwartberg, Waterschei und Winterslag \u2013 in den Untergrund vor. Das \u201eschwarze Gold\u201c, wie die Bergleute es nannten, l\u00e4utete eine \u00c4ra dramatischen Wachstums ein. Scharen belgischer Arbeiter kamen, gefolgt von Einwanderern aus Italien, Griechenland und der T\u00fcrkei. Rund um die Zechen entstanden Wohnsiedlungen, und die noch junge st\u00e4dtische Infrastruktur hatte M\u00fche, mit dem pl\u00f6tzlichen Bev\u00f6lkerungswachstum Schritt zu halten. In den folgenden Jahrzehnten \u00fcbertraf Genk alle limburgischen St\u00e4dte mit Ausnahme der Provinzhauptstadt Hasselt und erreichte Mitte des 20. Jahrhunderts einen H\u00f6chststand von etwa 70.000 Einwohnern.<\/p>\n<p>Kohle bescherte der Gemeinde Wohlstand und zugleich Verwundbarkeit. Die Bergwerke boten sichere Arbeitspl\u00e4tze, waren aber von den globalen Schwankungen der Energiem\u00e4rkte abh\u00e4ngig. In den Jahren unmittelbar nach dem Zweiten Weltkrieg hielten verbesserte Mechanisierung und die Binnennachfrage den Betrieb aufrecht. Doch 1966 schloss die Zeche Zwartberg \u2013 einst ein gesch\u00e4ftiger Bienenstock \u2013 ihre Sch\u00e4chte. Winterslag hielt bis 1986 und Waterschei bis 1987 durch; innerhalb einer Generation waren die S\u00e4ulen des Wohlstands von Genk verstummt.<\/p>\n<p>Die Schlie\u00dfung der Gruben stellte eine gewaltige Herausforderung dar. Wie sollten Zehntausende von Arbeitspl\u00e4tzen ersetzt werden, die einst durch den Tiefbau geschaffen wurden? Die lokalen Entscheidungstr\u00e4ger wandten sich neuen industriellen Wegen zu. Der Albertkanal zog Unternehmen der Leichtindustrie und Logistik an; Autobahnen verbanden Genk effektiver mit Antwerpen und L\u00fcttich. Als Symbol f\u00fcr Optimismus und Kontinuit\u00e4t er\u00f6ffnete die Ford Motor Company das Karosserie- und Montagewerk in Genk, zeitweise mit rund 5.000 Mitarbeitern der gr\u00f6\u00dfte Arbeitgeber der Stadt. Fast 30 Jahre lang montierte das Werk Mondeo-Limousinen sowie die Modelle Galaxy und S-MAX und integrierte Genk in die globale Automobil-Zulieferkette. Die endg\u00fcltige Schlie\u00dfung im Jahr 2014 markierte das Ende eines industriellen Kapitels, verlieh aber auch der Suche nach neuen wirtschaftlichen Ankerpunkten Dringlichkeit.<\/p>\n<p>Das vielleicht eindrucksvollste Beispiel f\u00fcr einfallsreiche Wiederverwendung ist die Umwandlung des alten Zechengel\u00e4ndes von Winterslag in C-Mine. Im Jahr 2000 kaufte die Stadt die verlassenen Geb\u00e4ude von der Limburgse Reconversie Maatschappij. Durch die architektonische Restaurierung entstand ein Kreativzentrum zur F\u00f6rderung kultureller und wissensbasierter Unternehmen. 2005 bezeichnete der Name C-Mine einen Komplex, der vier ineinandergreifende Funktionen erf\u00fcllte: Berufsausbildung, Kreativwirtschaft, Freizeiterlebnisse und k\u00fcnstlerische Produktion. Eine Hochschule nutzte die Klassenzimmer, die einst zum Umziehen in die Bergwerkskleidung genutzt wurden; Start-ups und Designstudios fanden in ehemaligen Werkst\u00e4tten ein Zuhause; ein Kulturzentrum und ein Kino ziehen Besucher aus ganz Flandern an. Heute beherbergt C-Mine \u00fcber vierzig Unternehmen und Organisationen und besch\u00e4ftigt mehr als dreihundert Fachkr\u00e4fte in Bereichen von Spielen und Apps bis hin zu B\u00fchnentechnik und Industriedesign.<\/p>\n<p>Die Identit\u00e4t Genks beruht heute teilweise auf diesen Konvergenzen \u2013 zwischen Vergangenheit und Zukunft, Industrie und Kunst, lokalem Leben und internationalem Austausch. Seine Rolle als eines der Tore zum Nationalpark Hoge Kempen, der 2006 als Flanderns erster Nationalpark er\u00f6ffnet wurde, unterstreicht das Engagement f\u00fcr den Erhalt und die Regeneration der vom Bergbau gezeichneten Naturlandschaften. Besucher folgen Fu\u00dfwegen durch Heide und Kiefernhaine oder erklimmen die ehemalige Abraumhalde \u201eTerril\u201c, um einen gr\u00fcnen Flickenteppich zu \u00fcberblicken, der sich das Land langsam zur\u00fcckerobert hat. Innerhalb der Stadtgrenzen bietet das Landgut Bokrijk eine andere Perspektive auf das Kulturerbe: ein Freilichtmuseum, in dem authentische Bauernh\u00e4user, Weberh\u00e4user und Windm\u00fchlen aus ganz Flandern an das Landleben im 17. bis 19. Jahrhundert erinnern. W\u00e4hrend der Saison erwecken kost\u00fcmierte Dolmetscher vergangene Br\u00e4uche und Handwerke zum Leben und f\u00fchren G\u00e4ste durch den Alltag der Schmiedekunst, Spitzenherstellung und des Brotbackens.<\/p>\n<p>Doch Genk bewahrt auch intimere Spuren seiner Kulturgeschichte. Das Museum Emile Van Doren erinnert an die Generation der Landschaftsmaler, die hier zwischen 1840 und 1940 t\u00e4tig waren. Kleine Galerien und Ateliers pr\u00e4gen die Altstadt, und \u00f6ffentliche Kunstinstallationen erinnern an das Bergbauerbe: Ein monumentales F\u00f6rderger\u00fcst sticht als Wahrzeichen hervor, w\u00e4hrend Haldenwege zu kunstvollen Skulpturen lokaler und internationaler K\u00fcnstler f\u00fchren. Auch der Sonnenuhrenpark bietet mehr als nur eine verg\u00e4ngliche Kuriosit\u00e4t; seine Stein- und Metallgnomone verweisen nicht nur auf den Zyklus der Tage, sondern auch auf den der Generationen, auf menschliches Schaffen, das wie der Sonnenbogen auf- und abgeht.<\/p>\n<p>Neben kulturellen Unternehmen ist Genk auch weiterhin ein lebendiges Wirtschaftsleben. Das Industriegebiet entlang des Albertkanals bietet \u00fcber 45.000 Menschen Arbeit und macht die Stadt nach Antwerpen und Gent zum drittwichtigsten Besch\u00e4ftigungszentrum Flanderns. Logistikunternehmen verteilen G\u00fcter \u00fcber Wasser, Stra\u00dfe und Schiene; Hersteller produzieren Komponenten f\u00fcr die Automobil-, Lebensmittel- und Chemieindustrie. Ein kleiner Flugplatz im Nordosten erm\u00f6glicht Privatfl\u00fcge und Schulungen; die Bahnverbindung nach Hasselt bietet Pendlern und Reisenden regelm\u00e4\u00dfige Verbindungen.<\/p>\n<p>Sportliche Erfolge haben Genks nationales Ansehen gest\u00e4rkt. Der Fu\u00dfballverein KRC Genk, der 1996 in die erste Liga aufstieg, eroberte schnell seinen Platz in der belgischen Elite, sicherte sich 1999, 2002, 2011 und 2019 Meistertitel und holte zwischen 1998 und 2021 f\u00fcnfmal den belgischen Pokal. Die Heimspielst\u00e4tte des Vereins, die Luminus Arena, bietet Platz f\u00fcr 25.000 Zuschauer und ist Austragungsort von Konzerten und Veranstaltungen au\u00dferhalb des Sports. Auch europ\u00e4ische Erfolge haben Genks Ansehen gest\u00e4rkt: In der UEFA Europa League 2016\/17 erreichte das Team das Viertelfinale und feierte einen entscheidenden 5:2-Sieg \u00fcber den heimischen Rivalen KAA Gent. Auch Motorsportfans kommen auf der Karting Genk auf ihre Kosten, einer CIK-FIA-zertifizierten Strecke, auf der bereits mehrfach Weltmeisterschaften ausgetragen wurden.<\/p>\n<p>Das soziale Gef\u00fcge der Stadt spiegelt die Geschichte der Arbeitsmigration wider. Etwa ein Viertel der Einwohner hat einen ausl\u00e4ndischen Hintergrund und repr\u00e4sentiert \u00fcber 80 Nationalit\u00e4ten, darunter auch bedeutende Gruppen aus Italien, der T\u00fcrkei und Griechenland. Insbesondere die t\u00fcrkische Bev\u00f6lkerung z\u00e4hlt gemessen an der lokalen Bev\u00f6lkerung zu den gr\u00f6\u00dften in Belgien. Diese Vielfalt erfordert zwar kontinuierliche Integrationsbem\u00fchungen, bereichert aber auch das kulturelle Leben Genks: Ethnische Restaurants, Festivals mit regionaler Musik und Tanz sowie Vereine zur Sprach- und Denkmalpflege beleben das st\u00e4dtische Milieu.<\/p>\n<p>Genks j\u00e4hrlicher Veranstaltungskalender vereint Tradition und Innovation. Die Karnevalszeit, die an den liturgischen Kalender gebunden ist, entfaltet sich rund um Aschermittwoch mit farbenfrohen Umz\u00fcgen und Maskenb\u00e4llen. Im Fr\u00fchling ehrt die Stadt die Maik\u00f6nigin mit einem Blumenumzug, der in einem Feuerwerk gipfelt \u2013 ein Spektakel, das Besucher aus ganz Limburg anzieht. Im Sp\u00e4therbst fand einst das Motives Festival statt, ein Treffen neuer Jazzstr\u00f6mungen. Obwohl dieses Festival eingestellt wurde, finden in Genk immer noch Musikabende im C-Mine und im Europlanetarium statt, wo Konzerte unter der Kuppel Musik mit immersiven Projektionen kombinieren. 2012 war Genk Mitausrichter der Manifesta, der europ\u00e4ischen Biennale f\u00fcr zeitgen\u00f6ssische Kunst. Damit schloss sich Genk internationalen Plattformen wie Venedig und Kassel an und bewies seine F\u00e4higkeit, als B\u00fchne f\u00fcr hochkar\u00e4tigen kulturellen Austausch zu dienen.<\/p>\n<p>Trotz der starken Industriepr\u00e4senz balanciert Genk heute seine Identit\u00e4t zwischen Stahl und Hefter, zwischen historischer Erinnerung und Zukunftsperspektiven. Die Stadt, die den Spitznamen \u201eDe Groene Stad\u201c (Gr\u00fcne Stadt) tr\u00e4gt, bewahrt innerhalb ihrer Stadtgrenzen vereinzelte W\u00e4lder und Wiesen. Das Naturschutzgebiet \u201eDe Maten\u201c, ein Mosaik aus Feuchtgebieten und Waldst\u00fccken nahe dem Stadtzentrum, dient sowohl als Zufluchtsort f\u00fcr Wildtiere als auch als Erholungsparadies f\u00fcr die Einwohner. Kattevennen, der Freizeitpark neben dem Europlanetarium, bietet inmitten seiner Freifl\u00e4chen Wanderwege, interaktive Ausstellungen und Spielpl\u00e4tze. Ein Netz aus Radwegen schl\u00e4ngelt sich durch ehemalige Bergbaugebiete und entlang des Kanals und l\u00e4dt zur Erkundung von Natur und Kulturerbe ein.<\/p>\n<p>W\u00e4hrend Genk sich weiterentwickelt, bleibt es in den komplexen Erz\u00e4hlungen der Limburger Vergangenheit verankert. Seine keltischen Wurzeln, mittelalterlichen Verbindungen und landwirtschaftlichen Traditionen bildeten die B\u00fchne f\u00fcr die k\u00fcnstlerische Bl\u00fctezeit des 19. Jahrhunderts, die jedoch vom Dr\u00f6hnen der kohlebetriebenen Mechanisierung \u00fcberholt wurde. Die postindustrielle Wende, gepr\u00e4gt von der Schlie\u00dfung von Gruben und dem Aufkommen einer Kreativwirtschaft, hat die Zukunft der Stadt neu definiert, ohne ihre Geschichte auszul\u00f6schen. In ihren Stra\u00dfen und Pl\u00e4tzen, in der Rundung eines restaurierten F\u00f6rderger\u00fcsts und dem Turm einer jahrhundertealten Kirche bleiben die Schichten der Erinnerung der Stadt sichtbar. Doch erst im Alltag seiner fast 65.000 Einwohner, die Dutzende Sprachen sprechen und in Fabriken, Ateliers und B\u00fcros arbeiten, findet Genks Geschichte ihren vollen Ausdruck \u2013 eine Erz\u00e4hlung, die sich noch immer am Zusammenfluss von Boden, Wasser, Arbeit und Kunst entfaltet.<\/p>","protected":false},"excerpt":{"rendered":"<p>Genk in der belgischen Provinz Limburg veranschaulicht die Auswirkungen der Industrialisierung und der kulturellen Vielfalt am besten. Mit rund 65.000 Einwohnern hat sich die Gemeinde von einem kleinen Dorf zu einem bedeutenden Industriezentrum Flanderns entwickelt. Strategisch g\u00fcnstig am Albertkanal zwischen Antwerpen und L\u00fcttich gelegen, hat sich Genk zu einem wichtigen Knotenpunkt der belgischen Wirtschaft in der N\u00e4he der Provinzhauptstadt Hasselt entwickelt.<\/p>","protected":false},"author":1,"featured_media":3338,"parent":14562,"menu_order":0,"comment_status":"closed","ping_status":"closed","template":"elementor_theme","meta":{"_eb_attr":"","footnotes":""},"class_list":["post-14583","page","type-page","status-publish","has-post-thumbnail"],"_links":{"self":[{"href":"https:\/\/travelshelper.com\/de\/wp-json\/wp\/v2\/pages\/14583","targetHints":{"allow":["GET"]}}],"collection":[{"href":"https:\/\/travelshelper.com\/de\/wp-json\/wp\/v2\/pages"}],"about":[{"href":"https:\/\/travelshelper.com\/de\/wp-json\/wp\/v2\/types\/page"}],"author":[{"embeddable":true,"href":"https:\/\/travelshelper.com\/de\/wp-json\/wp\/v2\/users\/1"}],"replies":[{"embeddable":true,"href":"https:\/\/travelshelper.com\/de\/wp-json\/wp\/v2\/comments?post=14583"}],"version-history":[{"count":0,"href":"https:\/\/travelshelper.com\/de\/wp-json\/wp\/v2\/pages\/14583\/revisions"}],"up":[{"embeddable":true,"href":"https:\/\/travelshelper.com\/de\/wp-json\/wp\/v2\/pages\/14562"}],"wp:featuredmedia":[{"embeddable":true,"href":"https:\/\/travelshelper.com\/de\/wp-json\/wp\/v2\/media\/3338"}],"wp:attachment":[{"href":"https:\/\/travelshelper.com\/de\/wp-json\/wp\/v2\/media?parent=14583"}],"curies":[{"name":"wp","href":"https:\/\/api.w.org\/{rel}","templated":true}]}}