{"id":14525,"date":"2024-09-19T17:49:14","date_gmt":"2024-09-19T17:49:14","guid":{"rendered":"https:\/\/travelshelper.com\/staging\/?page_id=14525"},"modified":"2026-03-11T22:28:58","modified_gmt":"2026-03-11T22:28:58","slug":"sarajevo","status":"publish","type":"page","link":"https:\/\/travelshelper.com\/de\/destinations\/europe\/bosnia-and-herzegovina\/sarajevo\/","title":{"rendered":"Sarajevo"},"content":{"rendered":"<p>Sarajevo liegt in einem schmalen Becken im Herzen des Balkans. Seine tiefliegenden Stra\u00dfen und dichten D\u00e4cher werden auf drei Seiten von den Felsen und bewaldeten H\u00e4ngen des Dinarischen Gebirges eingerahmt. Auf einer H\u00f6he von 518 Metern \u00fcber dem Meeresspiegel erstreckt sich die Stadt etwa f\u00fcnf Kilometer von Ost nach West entlang des Flusses Miljacka. In ihrem Stadtgebiet leben rund 275.524 Einwohner, w\u00e4hrend der Gro\u00dfraum, der den Kanton Sarajevo, angrenzende Gemeinden und Teile der Republika Srpska umfasst, \u00fcber 555.000 Einwohner z\u00e4hlt. Dieses Zusammenspiel von Geografie, Bev\u00f6lkerung und Geschichte hat eine Metropole geformt, deren Charakter gleicherma\u00dfen im Summen moderner Stra\u00dfen und der ruhigen Weite der umgebenden Gipfel liegt.<\/p>\n<p>Ab dem 15. Jahrhundert, als die osmanischen Truppen ihre Grenzen nach Europa vordrangen, entwickelte sich Sarajevo zu einer regionalen Hochburg. Die Siedlung zog H\u00e4ndler, Handwerker und Verwalter an, die ein Marktviertel \u2013 die Ba\u0161\u010dar\u0161ija \u2013 gr\u00fcndeten, das bis heute das kulturelle Herz der Stadt bildet. \u00dcber Jahrhunderte hinweg hinterlie\u00df die Herrschaft der verschiedenen Imperien unausl\u00f6schliche Spuren: schlanke Minarette neben Kircht\u00fcrmen, h\u00f6lzerne Brunnenkioske inmitten neugotischer Steinfassaden und ein Stra\u00dfenbild, in dem gepflasterte Gassen an \u00f6sterreichisch-ungarischen Stadth\u00e4usern vorbei in osmanische Innenh\u00f6fe f\u00fchren.<\/p>\n<p>Im sp\u00e4ten 19. Jahrhundert verfolgte Sarajevos F\u00fchrung neben imperialen Ambitionen auch technologische Innovationen. 1885 er\u00f6ffnete die Stadt die erste durchgehend elektrische Stra\u00dfenbahn Europas \u2013 und die zweite weltweit \u2013, die Randbezirke mit den Gesch\u00e4ften und Kaffeeh\u00e4usern der Ba\u0161\u010dar\u0161ija verband. Anfangs noch von Pferden gezogen, wurde das Netz ein Jahrzehnt sp\u00e4ter elektrifiziert. Die Stra\u00dfenbahnen verkehrten parallel zu den Hauptverkehrsstra\u00dfen in Ost-West-Richtung, w\u00e4hrend die Miljacka ihren zentralen Weg durch Markt und Ministerium f\u00fchrte.<\/p>\n<p>Hundert Jahre zuvor war Sarajevo ebenfalls durch eine Trag\u00f6die in die moderne Geschichte eingegangen. Am 28. Juni 1914 erschoss der bosnisch-serbische Nationalist Gavrilo Princip Erzherzog Franz Ferdinand und dessen Frau in ihrer Wagenkolonne. Diese Kugel veranlasste \u00d6sterreich-Ungarn, Serbien den Krieg zu erkl\u00e4ren und den Ersten Weltkrieg auszul\u00f6sen. In der Folgezeit fiel Bosnien und Herzegowina von der osmanischen in die habsburgische Herrschaft und wurde schlie\u00dflich Teil des multikulturellen K\u00f6nigreichs Jugoslawien.<\/p>\n<p>Zwischen den Weltkriegen erlebte Sarajevo den Aufstieg von Bildungs- und Kultureinrichtungen, die seinen sp\u00e4teren Ruf als Balkanhauptstadt der Bildung und Kunst vorwegnahmen. Das erste islamische Polytechnikum der Stadt, gegr\u00fcndet in der fr\u00fchen osmanischen Zeit, wurde Teil der Universit\u00e4t Sarajevo \u2013 der \u00e4ltesten Hochschule des ehemaligen Jugoslawiens. 1949, nach der Befreiung von der Achsenm\u00e4chte-Besatzung, entstanden unter der Flagge der Sozialistischen F\u00f6derativen Republik Jugoslawien neue Verwaltungsgeb\u00e4ude, Forschungszentren und Fabriken, und die Bev\u00f6lkerung der Stadt wuchs rasant.<\/p>\n<p>Der Winter 1984 markierte einen weiteren Meilenstein. Sarajevo war Gastgeber der XIV. Olympischen Winterspiele und bescherte den f\u00fcnf nahegelegenen Bergen \u2013 Treskavica (2.088 m), Bjela\u0161nica (2.067 m), Jahorina (1.913 m), Trebevi\u0107 (1.627 m) und Igman (1.502 m) \u2013 Austragungsorte f\u00fcr Skifahren, Bobfahren und Skispringen. Diese sogenannten Olympischen Berge sind nach wie vor Touristenattraktionen; ihre Lifte und Pisten wurden in der Nachkriegszeit revitalisiert, und die 2018 rekonstruierte Trebevi\u0107-Seilbahn bef\u00f6rdert Besucher nun vom Talboden zu Aussichtspunkten mit Panoramablick.<\/p>\n<p>Die Spiele von Sarajevo verk\u00f6rperten einen Moment des Optimismus, der bald verflogen sein sollte. Von April 1992 bis Februar 1996 erduldete die Stadt eine Belagerung, die l\u00e4nger dauerte als die von Stalingrad oder Leningrad. Scharfsch\u00fctzenfeuer, Artilleriebeschuss und Mangel an Nahrungsmitteln pr\u00e4gten ihre Stra\u00dfen, Br\u00fccken und das Leben ihrer B\u00fcrger. Doch selbst w\u00e4hrend dieser 1.425 Tage ging das kulturelle Leben in Kellern und provisorischen Theatern weiter, und die Ba\u0161\u010dar\u0161ija sorgte weiterhin f\u00fcr Kaffee und einen Anschein von Alltag.<\/p>\n<p>Der Wiederaufbau nach dem Bosnienkrieg war eine Verbindung von Wiederherstellung und Innovation. 1997 wurde die Zentralbank von Bosnien und Herzegowina in Sarajevo er\u00f6ffnet und 2002 nahm die Sarajevoer B\u00f6rse den Handel auf. Die Branchen verlagerten sich: Ein einst gro\u00dfer Produktionsstandort aus der kommunistischen \u00c4ra schrumpfte, aber Unternehmen aus den Bereichen Telekommunikation (BH Telecom), Pharma (Bosnalijek), Energie (Energopetrol) und Brauerei (Sarajevska pivara) haben nach wie vor hier ihren Hauptsitz. Handelszahlen aus dem Jahr 2019 zeigen Exporte im Wert von rund 1,4 Milliarden Konvertiblen Mark \u2013 angef\u00fchrt von Maschinen und chemischen Produkten \u2013, w\u00e4hrend die Importe sich 4,9 Milliarden n\u00e4herten, wobei der Gro\u00dfteil aus Kroatien und Deutschland kam. Der durchschnittliche Bruttomonatslohn lag Anfang 2023 bei 2.497 KM (ca. 1.269 \u20ac), die Nettol\u00f6hne bei fast 1.585 KM (805 \u20ac), was auf eine bescheidene, aber stetige Erholung hindeutet.<\/p>\n<p>Auch kulturelle Institutionen haben wieder an Bedeutung gewonnen. 2011 bewarb sich Sarajevo um den Titel Kulturhauptstadt Europas 2014 und war Gastgeber des Europ\u00e4ischen Olympischen Jugendfestivals. 2019 wurde die Stadt von der UNESCO als \u201eKreative Stadt des Films\u201c ausgezeichnet \u2013 eine von nur achtzehn weltweit. Dies spiegelt eine Filmindustrie wider, die seit langem von lokalen Schulen, Festivals und dem filmischen Erbe der Olympischen Spiele 1984 gef\u00f6rdert wird.<\/p>\n<p>Geografisch liegt Sarajevo nahe der Landesmitte, in der historischen Region Bosnien-Herzegowina. Das Tal, einst eine fruchtbare Aue, ist heute von weitl\u00e4ufigen Vororten und Industriegebieten gepr\u00e4gt. Vier st\u00e4dtische Gemeinden \u2013 Stari Grad (Altstadt), Centar, Novo Sarajevo und Novi Grad \u2013 erstrecken sich \u00fcber rund 402 Quadratkilometer. Der gr\u00f6\u00dfere Ballungsraum umfasst Ilid\u017ea, Had\u017ei\u0107i, Vogo\u0161\u0107a und Ilija\u0161. Au\u00dferhalb der F\u00f6deration Bosnien und Herzegowina liegen mehrere Gemeinden der Republika Srpska, die zusammen Isto\u010dno Sarajevo bilden.<\/p>\n<p>Das Klima ist ein \u00dcbergangsklima zwischen ozeanisch und feucht-kontinental. Die j\u00e4hrlichen Niederschl\u00e4ge fallen an etwa 75 Tagen gleichm\u00e4\u00dfig \u00fcber das Jahr verteilt, w\u00e4hrend die Durchschnittstemperatur bei 10 \u00b0C liegt. Im Januar liegen die Tagestiefsttemperaturen bei etwa -0,5 \u00b0C; im Juli liegen die H\u00f6chsttemperaturen bei etwa 19,7 \u00b0C. Die Extremwerte reichten von -26,2 \u00b0C im Januar 1942 bis \u00fcber 40 \u00b0C im August 1946 und 2008. Winterliche Inversionsschichten k\u00f6nnen Schadstoffe im Becken einschlie\u00dfen und so bei gef\u00e4hrdeten Bewohnern Atemwegsprobleme ausl\u00f6sen.<\/p>\n<p>Der Fluss Miljacka ist nach wie vor die zentrale Verkehrsader der Stadt. Er entspringt in der N\u00e4he des Berges Jahorina und flie\u00dft elf Kilometer durch Sarajevo, bevor er in die Bosna m\u00fcndet. Flussaufw\u00e4rts bietet die Quelle des Vrelo Miljacka schattige Teiche und Promenaden; westlich davon lockt der Vrelo Bosne bei Ilid\u017ea mit seinen klaren Quellen Wochenendausfl\u00fcgler an. Kleinere Nebenfl\u00fcsse \u2013 darunter der Ko\u0161evski Potok \u2013 speisen das Wasserstra\u00dfennetz, das einst M\u00fchlen antrieb und sp\u00e4ter die st\u00e4dtische Versorgung sicherte.<\/p>\n<p>Administrativ umfasst der Kanton Sarajevo vier Gemeinden, deren Gesamtbev\u00f6lkerung laut Volksz\u00e4hlung von 2013 rund 413.593 betrug: Stari Grad (36.976), Centar (55.181), Novo Sarajevo (64.814) und Novi Grad (118.553). Die demografische Struktur der Stadt, die einst gleichm\u00e4\u00dfig unter Bosniaken, Serben, Kroaten und kleineren Gruppen aufgeteilt war, ver\u00e4nderte sich w\u00e4hrend und nach dem Krieg grundlegend. 1991 bezeichneten sich fast 30 Prozent der Einwohner als Serben; in der Nachkriegszeit sank dieser Anteil aufgrund von Vertreibung und Umsiedlung drastisch. Heute ist Sarajevos Identit\u00e4t nach wie vor in seiner Geschichte des Zusammenlebens verwurzelt \u2013 oft beschworen durch den Spitznamen \u201eJerusalem des Balkans\u201c \u2013, auch wenn der gegenw\u00e4rtige gesellschaftliche Druck eine Ann\u00e4herung an die drei konstituierenden Nationen f\u00f6rdert.<\/p>\n<p>Der Verkehr spiegelt sowohl Einschr\u00e4nkung als auch Erneuerung wider. Schmale Stra\u00dfen schr\u00e4nken den Autoverkehr ein, erleichtern aber den Fu\u00dfg\u00e4nger- und Fahrradverkehr, insbesondere in der Altstadt. Zwei Autobahnen \u2013 die Titova Ulica und die Ost-West-Autobahn Zmaj od Bosne (E761) \u2013 f\u00fchren den Durchgangsverkehr, w\u00e4hrend der Korridor Vc (die transeurop\u00e4ische Strecke Budapest\u2013Plo\u010de) die Vorortringstra\u00dfe kreuzt. Das seit 1885 in Betrieb befindliche Stra\u00dfenbahnsystem umfasst heute sieben Linien; Oberleitungsbusse und Busse erg\u00e4nzen das Angebot. In den letzten Jahren wurde die Flotte modernisiert: 25 Oberleitungsbusse BKM 433, 15 Stra\u00dfenbahnen Stadler Tango (die erste kommt im Dezember 2023), zus\u00e4tzliche Busse und Gleissanierungen bis September 2023. Der Hauptbahnhof aus dem Jahr 1882, der 1949 wiederaufgebaut wurde, verbindet Sarajevo westw\u00e4rts mit Industriegebieten und \u00fcber die elektrifizierte Strecke Sarajevo\u2013Plo\u010de mit der Adriak\u00fcste. Vorschl\u00e4ge f\u00fcr eine Metro in Sarajevo, die erstmals Anfang der 2010er Jahre gepr\u00fcft wurden, sehen eine Stadtbahn unter der Miljacka vor, allerdings werden Finanzierung und Umweltpr\u00fcfungen noch diskutiert.<\/p>\n<p>Der internationale Flughafen Sarajevo liegt etwa acht Kilometer s\u00fcdwestlich des Stadtzentrums und wurde 1930 zun\u00e4chst als Grasflugplatz im Vorort Butmir angelegt. 1969 wurde er auf die heutige Asphaltpiste und das Terminal verlegt. Internationale Fl\u00fcge nach Frankfurt starteten 1970. W\u00e4hrend des Krieges wurden Hilfseins\u00e4tze auf dem Rollfeld durchgef\u00fchrt. Seit Dayton hat er seine kommerzielle Rolle zur\u00fcckerobert und fertigte 2017 fast eine Million Passagiere ab \u2013 \u00fcber 60 Prozent des nationalen Flughafenverkehrs. Zwischen 2012 und 2018 wurde das Terminal im Rahmen einer 25 Millionen Euro teuren Erweiterung um 7.000 m\u00b2 vergr\u00f6\u00dfert und mit dem Einkaufszentrum Sarajevo Airport Center verbunden.<\/p>\n<p>Die Altstadt (Stari Grad) ist nach wie vor die Hauptattraktion der Stadt. An ihrer Ostseite pulsiert der Basar Ba\u0161\u010dar\u0161ija unter Arkaden aus der osmanischen Zeit, wo Kupferhandwerker, Holzarbeiter und Konditoren ihrem Handwerk nachgehen. In seiner Mitte steht der Sebilj, ein h\u00f6lzerner Brunnen aus dem 18. Jahrhundert, der 1891 versetzt wurde und sowohl f\u00fcr sein flie\u00dfendes Wasser als auch f\u00fcr die Tauben bekannt ist, die sich auf dem ihn umgebenden Platz versammeln. In der N\u00e4he befindet sich die Herz-Jesu-Kathedrale \u2013 ab 1884 im neugotischen Stil vom Architekten Josip Vanca\u0161 erbaut \u2013, die einen Platz pr\u00e4gt, dessen Steinfassade mit romanischen T\u00fcrmchen und einer achteckigen Rosette geschm\u00fcckt ist. Die Fresken im Inneren und der Marmoraltar erinnern an die Fr\u00f6mmigkeit des sp\u00e4ten 19. Jahrhunderts.<\/p>\n<p>Andere osmanische Relikte sind nur einen kurzen Spaziergang entfernt: Mori\u0107a Han, die einzige noch existierende von drei Karawansereien, die zuletzt in den 1970er Jahren wiederaufgebaut wurde und noch immer ein Restaurant und Ausstellungsr\u00e4ume beherbergt; die Ta\u0161lihan-Ruinen, die unter dem Hotel Europe freigelegt und als Nationaldenkmal eingetragen wurden; und der Uhrturm neben der Gazi-Husrev-Beg-Moschee, wo ein auf dem Mond basierender Mechanismus noch immer die Zeit nach Sonnenuntergang statt nach Mitternacht anzeigt und alle paar Tage vom beauftragten Muvekit der Stadt neu kalibriert wird.<\/p>\n<p>Einen Block weiter s\u00fcdlich zeugt die Vije\u0107nica \u2013 das Rathaus von Sarajevo \u2013 von \u00f6sterreichisch-ungarischem Unternehmergeist. Entworfen im pseudo-maurischen Stil und 1894 fertiggestellt, diente es bis 1992 als National- und Universit\u00e4tsbibliothek, bis seine 1,5 Millionen B\u00e4nde durch Granatfeuer zerst\u00f6rt wurden. Von 1996 bis 2013 wurde es mit internationaler Unterst\u00fctzung sorgf\u00e4ltig restauriert und als Veranstaltungsort f\u00fcr Ausstellungen, Konzerte und protokollarische Veranstaltungen wiederer\u00f6ffnet. Nicht weit entfernt befindet sich das Offizierskasino (Dom Oru\u017eanih Snaga) von 1881 mit seinen pr\u00e4chtigen Empfangss\u00e4len, einst das soziale Zentrum der Stadt und heute Schauplatz kultureller Zusammenk\u00fcnfte.<\/p>\n<p>Jenseits der verwinkelten Gassen der Altstadt bieten Sarajevos Gr\u00fcnfl\u00e4chen Erholung. Der Veliki-Park, eingebettet zwischen mehreren zentralen Vierteln, beherbergt ein Denkmal f\u00fcr die Kinder von Sarajevo; Hastahana in Marijin Dvor l\u00e4dt zu gem\u00fctlichen Nachmittagen inmitten \u00f6sterreichisch-ungarischer Architektur ein; und der Dariva-Weg entlang der Miljacka f\u00fchrt zur Ziegenbr\u00fccke \u2013 einer Br\u00fccke aus dem 16. Jahrhundert, die lokal als Kozija \u0106uprija bekannt ist. Am 24. Dezember 2012 wurde ein Freundschaftspark aus Zink und Bronze er\u00f6ffnet, um an die Beziehungen zu Baku zu erinnern.<\/p>\n<p>Sicherheitsbedenken gr\u00fcnden eher auf historischen Hinterlassenschaften als auf der gegenw\u00e4rtigen Gewalt. Einst war die Stadt am Trebevi\u0107 und anderswo von Minenfeldern umgeben; 2020 wurde Trebevi\u0107 f\u00fcr vollst\u00e4ndig ger\u00e4umt erkl\u00e4rt, obwohl einige Gefahrenzonen weiterhin durch Schilder gekennzeichnet sind. Besuchern wird empfohlen, auf asphaltierten Stra\u00dfen zu bleiben und Randgebiete mit erh\u00f6hter Kriminalit\u00e4tsrate wie Alipa\u0161ino Polje und Teile von Novi Grad zu meiden. Taschendiebe, insbesondere in \u00fcberf\u00fcllten Stra\u00dfenbahnen und Bussen, stellen gelegentlich ein Risiko dar. Die Verkehrsunfallrate liegt \u00fcber dem europ\u00e4ischen Durchschnitt, was die Notwendigkeit der Wachsamkeit beim \u00dcberqueren stark befahrener Stra\u00dfen unterstreicht. W\u00e4hrend der Winterinversionsperioden ist die Luftverschmutzung nachts am h\u00f6chsten; Personen mit Atemwegserkrankungen sollten entsprechende Medikamente mitf\u00fchren.<\/p>\n<p>Der Respekt eines Besuchers f\u00fcr Sarajevos vielf\u00e4ltige religi\u00f6se und kulturelle Traditionen bereichert jeden Aufenthalt. Moscheen, orthodoxe und katholische Kirchen sowie eine restaurierte Synagoge stehen oft nur wenige Blocks entfernt und erinnern an eine Zeit, als die Gemeinden unter osmanischer, habsburgischer und jugoslawischer Herrschaft koexistierten. In konservativeren Vierteln wird von Frauen erwartet, dass sie beim Betreten von Moscheen Haare und Schultern bedecken; die meisten Touristenattraktionen bieten am Eingang Schals an. Einheimische nehmen oft an gemeinsamen Mahlzeiten teil, die die bosnische Gastfreundschaft widerspiegeln \u2013 Gerichte, die zwar kein Schweinefleisch, aber Wein enthalten. Ein dezentes Bewusstsein f\u00fcr soziale Empfindlichkeiten ist genauso wertvoll wie jede Empfehlung aus einem Reisef\u00fchrer.<\/p>\n<p>Sarajevos unverwechselbares Stadtbild entsteht aus den Schichten von Imperium und Ideologie, Zerst\u00f6rung und Erneuerung. Hier l\u00e4uten Stra\u00dfenbahnglocken unter modernen Wohnt\u00fcrmen, und der Duft von ger\u00f6stetem \u010cevap\u0131 zieht an der restaurierten Silhouette einer ausgebrannten Bibliothek vorbei. Die Berge dr\u00e4ngen sich und bieten H\u00e4nge zum Skifahren und Wandern; Parks und Flussquellen locken mit k\u00fchlem Schatten. Hier, zwischen Ost und West, bleibt die Vergangenheit der Stadt lebendig, auch wenn ihre Menschen erneut auf eine ungewisse Zukunft hinarbeiten.<\/p>","protected":false},"excerpt":{"rendered":"<p>Sarajevo, die Hauptstadt und gr\u00f6\u00dfte Stadt Bosnien-Herzegowinas, verk\u00f6rpert die komplexe Geschichte und kulturelle Vielfalt Europas. Das auf dem Balkan gelegene urbane Zentrum z\u00e4hlt 275.504 Einwohner innerhalb seiner Verwaltungsgrenzen; der Gro\u00dfraum Sarajevo, bestehend aus dem Kanton Sarajevo, Ost-Sarajevo und den umliegenden Gemeinden, z\u00e4hlt insgesamt 555.210 Einwohner. Die strategische Lage der Stadt im Sarajevo-Tal, begrenzt von den Dinarischen Alpen und durchflossen vom Fluss Miljacka, pr\u00e4gt ihre jahrhundertelange Rolle als Knotenpunkt der Zivilisationen.<\/p>","protected":false},"author":1,"featured_media":3512,"parent":14500,"menu_order":0,"comment_status":"closed","ping_status":"closed","template":"elementor_theme","meta":{"_eb_attr":"","footnotes":""},"class_list":["post-14525","page","type-page","status-publish","has-post-thumbnail"],"_links":{"self":[{"href":"https:\/\/travelshelper.com\/de\/wp-json\/wp\/v2\/pages\/14525","targetHints":{"allow":["GET"]}}],"collection":[{"href":"https:\/\/travelshelper.com\/de\/wp-json\/wp\/v2\/pages"}],"about":[{"href":"https:\/\/travelshelper.com\/de\/wp-json\/wp\/v2\/types\/page"}],"author":[{"embeddable":true,"href":"https:\/\/travelshelper.com\/de\/wp-json\/wp\/v2\/users\/1"}],"replies":[{"embeddable":true,"href":"https:\/\/travelshelper.com\/de\/wp-json\/wp\/v2\/comments?post=14525"}],"version-history":[{"count":0,"href":"https:\/\/travelshelper.com\/de\/wp-json\/wp\/v2\/pages\/14525\/revisions"}],"up":[{"embeddable":true,"href":"https:\/\/travelshelper.com\/de\/wp-json\/wp\/v2\/pages\/14500"}],"wp:featuredmedia":[{"embeddable":true,"href":"https:\/\/travelshelper.com\/de\/wp-json\/wp\/v2\/media\/3512"}],"wp:attachment":[{"href":"https:\/\/travelshelper.com\/de\/wp-json\/wp\/v2\/media?parent=14525"}],"curies":[{"name":"wp","href":"https:\/\/api.w.org\/{rel}","templated":true}]}}