{"id":14490,"date":"2024-09-19T16:11:29","date_gmt":"2024-09-19T16:11:29","guid":{"rendered":"https:\/\/travelshelper.com\/staging\/?page_id=14490"},"modified":"2026-03-11T22:47:50","modified_gmt":"2026-03-11T22:47:50","slug":"dubrovnik","status":"publish","type":"page","link":"https:\/\/travelshelper.com\/de\/destinations\/europe\/croatia\/dubrovnik\/","title":{"rendered":"Dubrovnik"},"content":{"rendered":"<p>Dubrovnik liegt am s\u00fcdlichen Ende der dalmatinischen K\u00fcste Kroatiens, seine alten Stadtmauern \u00fcberblicken die kobaltblaue Adria. Die Stadt gilt seit langem als eines der wichtigsten Reiseziele im Mittelmeerraum und diente nacheinander als maritimer Umschlagplatz, als unabh\u00e4ngige Republik und in der heutigen Zeit sowohl als UNESCO-Weltkulturerbe als auch als Zentrum des Massentourismus. Im Jahr 2021 z\u00e4hlte die Gemeinde Dubrovnik 41.562 Einwohner, doch im Jahr 2023 verzeichnete sie die Besonderheit, fast 27,4 Besucher pro Einwohner zu beherbergen \u2013 ein Verh\u00e4ltnis, das sowohl ihre anhaltende Attraktivit\u00e4t als auch den Druck des Overtourism unterstreicht.<\/p>\n<p>Die Urspr\u00fcnge der Stadt reichen bis ins 7. Jahrhundert zur\u00fcck, als Fl\u00fcchtlinge aus der zerst\u00f6rten r\u00f6mischen Siedlung Epidaurum eine neue Gemeinde namens Ragusa gr\u00fcndeten. Zun\u00e4chst unter byzantinischer \u00c4gide, sp\u00e4ter unter venezianischem Einfluss, entwickelte sich Ragusa zwischen dem 14. und 19. Jahrhundert zur Republik Ragusa. Der Seehandel bildete das wirtschaftliche R\u00fcckgrat der Republik und erm\u00f6glichte es ihr, Venedig an Reichtum und diplomatischem Geschick Konkurrenz zu machen. Im 15. und 16. Jahrhundert befuhr Ragusas Flotte das Mittelmeer mit Ladungen voller Salz, Wolle und Oliven\u00f6l. Gleichzeitig entwickelte sich die Stadt zu einer Wiege der kroatischen Literatur: Dichter wie Ivan Vidali\u0107 priesen sie als \u201eKrone der kroatischen St\u00e4dte\u201c, und Dramatiker und Gelehrte erlebten unter ihrer Schirmherrschaft eine Bl\u00fctezeit.<\/p>\n<p>Am 6. April 1667 wurde diese wohlhabende Republik fast vollst\u00e4ndig zerst\u00f6rt, als ein schweres Erdbeben gro\u00dfe Teile des mittelalterlichen Stadtkerns dem Erdboden gleichmachte. Die mit umsichtiger Sparsamkeit durchgef\u00fchrten Restaurierungsarbeiten pr\u00e4gten das einheitliche barocke Erscheinungsbild, das bis heute erhalten ist, insbesondere entlang der Placa \u2013 auch Stradun genannt \u2013, der breiten, von Ost nach West verlaufenden Hauptstra\u00dfe im Herzen der Altstadt. Ihr glattes, vom jahrhundertelangen Fu\u00dfg\u00e4ngerverkehr abgenutztes Kalksteinpflaster f\u00fchrt vom Pile-Tor am Westportal vorbei an gotischen und Renaissance-Pal\u00e4sten, die im barocken Gewand wiedergeboren wurden. Kaufmannsst\u00e4nde, familiengef\u00fchrte Caf\u00e9s und die niedrigen B\u00f6gen der knie\u00e4hnlichen T\u00fcren pr\u00e4gen ein Stra\u00dfenbild, das von Notwendigkeit und Widerstandsf\u00e4higkeit gepr\u00e4gt ist.<\/p>\n<p>Napoleonische Truppen besetzten Dubrovnik 1806, l\u00f6sten die Republik Ragusa auf und gliederten ihre Gebiete zun\u00e4chst in das K\u00f6nigreich Italien und dann in die Illyrischen Provinzen ein. Im 19. Jahrhundert geh\u00f6rte die Stadt zum K\u00f6nigreich Dalmatien der \u00f6sterreichischen Monarchie und wurde 1918 nach der Gr\u00fcndung Jugoslawiens Teil des K\u00f6nigreichs. 1929 wurde sie Teil der Banschaft Zeta und sp\u00e4ter der Banschaft Kroatien. Im Zweiten Weltkrieg wurde Dubrovnik dem Achsenstaat Kroatien einverleibt, bevor es wieder in die Sozialistische Republik Kroatien innerhalb Titos Jugoslawiens integriert wurde.<\/p>\n<p>Ende 1991, als Kroatien seine Unabh\u00e4ngigkeit erkl\u00e4rte, wurde Dubrovnik sieben Monate lang von der jugoslawischen Volksarmee belagert. Der Beschuss richtete erhebliche Sch\u00e4den an den Befestigungsanlagen und Denkm\u00e4lern an. In den 1990er Jahren und bis in die ersten Jahre des neuen Jahrtausends wurde die Altstadt durch sorgf\u00e4ltige Restaurierungsarbeiten nach UNESCO-Standards wiederbelebt. Diese Bem\u00fchungen reparierten nicht nur die besch\u00e4digten Mauern, sondern stellten auch Dubrovniks kulturelle Vitalit\u00e4t wieder her und machten die Stadt zu einer beliebten B\u00fchne f\u00fcr internationale Film- und Fernsehproduktionen.<\/p>\n<p>Heutige Besucher erleben eine Stadt voller Kontraste: Mittelalterliche Stadtmauern mit einem Umfang von fast zwei Kilometern, vier bis sechs Meter dicke T\u00fcrme und T\u00fcrmchen auf der Landseite, die sich zur Seeseite hin schlank pr\u00e4sentieren, umschlie\u00dfen die kompakte Altstadt. Die Mauern umfassen die Festung Minceta, die dem Renaissance-Architekten Juraj Dalmatinac zugeschrieben wird; die seew\u00e4rts gelegene Festung Bokar, die von Michelozzo entworfen wurde; und die dreieckige Festung St. Johann, die heute das Schifffahrtsmuseum und ein Aquarium beherbergt. Wanderer k\u00f6nnen am Pile-Tor beginnen und die Stadtmauern im Morgen- oder Abendgrauen erklimmen, um den Menschenmassen im Hochsommer zu entgehen, und die roten Ziegeld\u00e4cher bewundern, die vor dem adriatischen Horizont gl\u00e4nzen.<\/p>\n<p>Innerhalb der Mauern zeugen st\u00e4dtische Denkm\u00e4ler von Jahrhunderten kommunaler Identit\u00e4t. Der Gro\u00dfe Onofrio-Brunnen, eingelassen in die Flanke des Pile-Tors, stand einst am Ende des Aqu\u00e4dukts von Onofrio della Cava aus dem Jahr 1438; seine sechzehn geschnitzten Maskaronen speien noch heute frisches Wasser. Ein kleineres Gegenst\u00fcck begr\u00fc\u00dft Passanten auf dem Lu\u017ea-Platz neben dem Sponza-Palast im Stil der Gotik und Renaissance, einem der wenigen Geb\u00e4ude, das seine Form vor 1667 bewahrt hat und heute das Stadtarchiv beherbergt. Ganz in der N\u00e4he befindet sich der Rektorenpalast mit seiner kunstvollen Treppe und Kreuzg\u00e4ngen, Zeugnisse der Stadtverwaltung w\u00e4hrend der Ragusaner Republik.<\/p>\n<p>Die religi\u00f6sen Bauwerke der Stadt spiegeln ihr vielf\u00e4ltiges Erbe wider. Das Franziskanerkloster auf der Placa beherbergt einen romanischen Kreuzgang, die dritt\u00e4lteste Apotheke Europas (in Betrieb seit 1317) und eine Bibliothek mit 30.000 B\u00e4nden. Gegen\u00fcber ehrt die barocke St.-Blasius-Kirche jedes Jahr am 3. Februar den Schutzpatron von Dubrovnik mit einer Messe, einer Prozession und einem Stadtfest. Die Mari\u00e4 Himmelfahrt geweihte Kathedrale, die nach dem Erdbeben von 1667 wiederaufgebaut wurde, beherbergt Reliquien des Heiligen Blasius und einen Schatz mit 138 Reliquiaren, die am Festtag des Heiligen verwendet werden. Weitere religi\u00f6se St\u00e4tten sind die Jesuitenkirche St. Ignatius, die \u00fcber eine geschwungene Treppe erreichbar ist, die der Spanischen Treppe in Rom nachempfunden ist; das festungsartige Dominikanerkloster mit einem Kunstmuseum; und die kleine, aber reich ausgestattete mittelalterliche Synagoge, eine der \u00e4ltesten noch in Betrieb befindlichen Synagogen Europas.<\/p>\n<p>Kulturelle Einrichtungen reichen \u00fcber heilige St\u00e4tten hinaus. Das Arboretum Trsteno, gegr\u00fcndet vor 1492, ist nach wie vor der \u00e4lteste \u00f6ffentliche botanische Garten der Welt. Auf der Insel Lokrum, einem bewaldeten Eiland, das mit der F\u00e4hre zw\u00f6lf Minuten vom Alten Hafen entfernt liegt, befinden sich die Ruinen eines Benediktinerklosters aus dem 13. Jahrhundert, ein botanischer Garten und eine Festung, die Richard L\u00f6wenherz nach seinem Schiffbruch im Jahr 1192 Schutz bot. Europ\u00e4ische Fl\u00fcchtlinge haben hier schon seit langem Asyl gesucht: 1544 legte ein Schiff mit portugiesischen Conversos an den Docks von Dubrovnik an und bereicherte die Kaufmannsklasse und das intellektuelle Milieu der Stadt. 1929 beschrieb George Bernard Shaw Dubrovnik als \u201eHimmel auf Erden\u201c, eine Meinung, die von K\u00f6nigen, Staatsm\u00e4nnern und in den letzten Jahren von den Produzenten einer gro\u00dfen Fernsehserie geteilt wurde, die die Mauern in eine fiktive Hauptstadt verwandelte.<\/p>\n<p>Festivals und Klima pr\u00e4gen den Rhythmus der Stadt. Jeden Sommer finden 45 Tage lang Theaterst\u00fccke, Konzerte und Stra\u00dfenauff\u00fchrungen auf Pl\u00e4tzen und in Pal\u00e4sten beim Dubrovnik Summer Festival statt. Die Veranstaltung wurde 2007 mit der Gold International Trophy for Quality ausgezeichnet. Klimatisch gesehen liegt Dubrovnik in der K\u00f6ppen-Csa-Zone: Die Sommer sind hei\u00df und relativ trocken mit H\u00f6chsttemperaturen um 28 \u00b0C (82 \u00b0F) im Juli und August und Nachttemperaturen um 23 \u00b0C (73 \u00b0F), w\u00e4hrend die Winter mild sind und die Tagestemperaturen selten unter 13 \u00b0C (55 \u00b0F) fallen. Der lokale Bora-Wind bringt von Oktober bis April k\u00fchle B\u00f6en mit sich, und Gewitter k\u00f6nnen die sommerliche W\u00e4rme st\u00f6ren. Seit 1961 erreichte das Thermometer am 7. August 2012 einen H\u00f6chstwert von 38,4 \u00b0C (101,1 \u00b0F) und fiel am 14. Januar 1968 auf -7,0 \u00b0C (19,4 \u00b0F).<\/p>\n<p>Das Freizeitangebot entlang der dalmatinischen K\u00fcste erstreckt sich \u00fcber mehrere Str\u00e4nde. Direkt vor dem Plo\u010de-Tor bietet der \u00f6ffentliche Strandabschnitt von Banje Kieselsteine, Liegest\u00fchle und Volleyball- und Wasserballpl\u00e4tze \u2013 alles unter dem Blick der Stadtmauer. Weiter westlich erstreckt sich die Halbinsel Lapad mit ihren sandigen Kurven, die von Kiefern beschatteten Promenaden ges\u00e4umt sind und \u00fcber kleine Betonstege verf\u00fcgen \u2013 Relikte aus der Tito-\u00c4ra, die private Sonnenpl\u00e4tze und Leitern zum Meer bieten. Ein kurzer K\u00fcstenweg f\u00fchrt zu einem lokalen Fischrestaurant, wo der Tagesfang am Wasser wartet.<\/p>\n<p>Trotz seines \u00f6ffentlichen Bekanntheitsgrades k\u00e4mpft Dubrovnik mit Overtourism. Bereits 2018 f\u00fchrten die Stadtbeh\u00f6rden Ma\u00dfnahmen zur Regulierung der Kreuzfahrtfahrpl\u00e4ne ein und verbot 2023 Rollgep\u00e4ck in der Altstadt, um den Stra\u00dfenl\u00e4rm zu d\u00e4mpfen. Die Terrassen der Bars im Stradun wurden vor\u00fcbergehend geschlossen, um die Ruhe in der Nachbarschaft zu wahren. Dennoch versucht die Stadt weiterhin, den Erhalt des Kulturerbes mit dem Zugang f\u00fcr Besucher in Einklang zu bringen, um sowohl die Wirtschaft als auch die Lebensqualit\u00e4t zu erhalten.<\/p>\n<p>Museen innerhalb der Stadtmauern bieten Einblicke in die facettenreiche Geschichte Dubrovniks. Das Naturhistorische Museum zeigt hundertj\u00e4hrige Tierpr\u00e4parate; das Ethnografische Museum, untergebracht in einem Getreidespeicher aus dem 16. Jahrhundert, sammelt Trachten und Artefakte; und das Klostermuseum Sigurata bewahrt religi\u00f6se und b\u00fcrgerliche Reliquien auf. Kunstliebhaber k\u00f6nnen das Bukovac-Haus in Cavtat mit Werken des modernistischen Malers Vlaho Bukovac besuchen, w\u00e4hrend sich die Fotoausstellungen bei War Photo Limited mit Themen wie Konflikt und Erinnerung auseinandersetzen. Das Sponza-Palastmuseum bewahrt Staatsarchive auf; das Rektorenpalastmuseum stellt zeitgen\u00f6ssische M\u00f6bel aus; und das Schifffahrtsmuseum in der Festung St. Johann dokumentiert die seefahrerischen Errungenschaften der Republik.<\/p>\n<p>Jeder Besucher begegnet steinigen Stra\u00dfen, die durch Jahrhunderte des Fu\u00dfg\u00e4ngerverkehrs poliert wurden. Der glatte Kalkstein kann unter den F\u00fc\u00dfen t\u00fcckisch sein, besonders bei Feuchtigkeit. Nachts erhellen Laternen \u2013 viele im Stil des 19. Jahrhunderts \u2013 die Hauptstra\u00dfen, doch kleinere Gassen k\u00f6nnen im Schatten liegen und Reisende zur Vorsicht mahnen. Taschendiebstahl ist selten, aber nicht ausgeschlossen; allgemeine Wachsamkeit reicht aus, um die pers\u00f6nliche Sicherheit zu gew\u00e4hrleisten.<\/p>\n<p>Kulinarisch spiegelt die Stadt eher K\u00fcstentradition als Innovation wider. Lokale Meeresfr\u00fcchte \u2013 Makrele, Tintenfisch und Adriagarnelen \u2013 stehen neben Fleischgerichten wie Pa\u0161ticada, einem langsam gegarten Rindfleischeintopf, und Zelena Menestra, einer Mischung aus Kohl und Gem\u00fcse, geschmort mit Schweinefleisch. Zum Nachtisch sorgt die karamellisierte Rozata f\u00fcr eine sanfte S\u00fc\u00dfe. Restaurants dr\u00e4ngen sich in der Altstadt, und die hohen Mieten f\u00fchren zu h\u00f6heren Preisen. In der Flaute von November bis M\u00e4rz schlie\u00dfen viele gehobene Lokale, sodass in ausgew\u00e4hlten Lokalen durch Verhandlungen g\u00fcnstigere Preise erzielt werden k\u00f6nnen. Englischsprachige Speisekarten und Online-Reservierungssysteme kommen der internationalen Kundschaft entgegen.<\/p>\n<p>Der internationale Flughafen von Dubrovnik, zwanzig Kilometer s\u00fcd\u00f6stlich in \u010cilipi gelegen, wird durch regelm\u00e4\u00dfige Shuttlebusse mit Anschluss an Gru\u017e, den wichtigsten Busbahnhof der Stadt, gew\u00e4hrleistet. Innerhalb der Stadtgrenzen verbindet ein modernes Busnetz die Stadtteile von morgens bis abends. Obwohl der Schienenverkehr 1975 eingestellt wurde, ist geplant, die Autobahn A1 \u2013 die heute in Plo\u010de endet \u2013 \u00fcber die k\u00fcrzlich fertiggestellte Pelje\u0161ac-Br\u00fccke oder durch den bosnischen Neum-Korridor zu verl\u00e4ngern, um den Landzugang wiederherzustellen.<\/p>\n<p>Als \u201eK\u00f6nigin der Adria\u201c erntet Dubrovnik Bewunderung f\u00fcr seine Best\u00e4ndigkeit und Anpassungsf\u00e4higkeit. Von seiner Gr\u00fcndung im 7. Jahrhundert \u00fcber Jahrhunderte republikanischer Autonomie, imperialer Zwischenspiele und Kriegswirren zeugen die Steinmauern und \u00f6ffentlichen Pl\u00e4tze der Stadt von einer einzigartigen Geschichte. Auch heute noch, inmitten des Besucheransturms, ist Dubrovnik ein Ort, an dem mittelalterliche Festungen, barocke Kunst und moderner Tourismus zusammentreffen und zum Nachdenken \u00fcber das fragile Gleichgewicht zwischen Vergangenheit und Gegenwart einladen.<\/p>","protected":false},"excerpt":{"rendered":"<p>Mit 41.562 Einwohnern (laut Volksz\u00e4hlung von 2021) ist Dubrovnik eine Stadt von gro\u00dfer historischer Bedeutung und nat\u00fcrlicher Sch\u00f6nheit an der Adria. Ber\u00fchmte Architektur, eine reiche Geschichte und ein bedeutendes Meeresgebiet pr\u00e4gen diese kroatische Stadt, auch \u201ePerle der Adria\u201c genannt, die Verwaltungshauptstadt der Gespanschaft Dubrovnik-Neretva.<\/p>","protected":false},"author":1,"featured_media":4378,"parent":14435,"menu_order":0,"comment_status":"closed","ping_status":"closed","template":"elementor_theme","meta":{"_eb_attr":"","footnotes":""},"class_list":["post-14490","page","type-page","status-publish","has-post-thumbnail"],"_links":{"self":[{"href":"https:\/\/travelshelper.com\/de\/wp-json\/wp\/v2\/pages\/14490","targetHints":{"allow":["GET"]}}],"collection":[{"href":"https:\/\/travelshelper.com\/de\/wp-json\/wp\/v2\/pages"}],"about":[{"href":"https:\/\/travelshelper.com\/de\/wp-json\/wp\/v2\/types\/page"}],"author":[{"embeddable":true,"href":"https:\/\/travelshelper.com\/de\/wp-json\/wp\/v2\/users\/1"}],"replies":[{"embeddable":true,"href":"https:\/\/travelshelper.com\/de\/wp-json\/wp\/v2\/comments?post=14490"}],"version-history":[{"count":0,"href":"https:\/\/travelshelper.com\/de\/wp-json\/wp\/v2\/pages\/14490\/revisions"}],"up":[{"embeddable":true,"href":"https:\/\/travelshelper.com\/de\/wp-json\/wp\/v2\/pages\/14435"}],"wp:featuredmedia":[{"embeddable":true,"href":"https:\/\/travelshelper.com\/de\/wp-json\/wp\/v2\/media\/4378"}],"wp:attachment":[{"href":"https:\/\/travelshelper.com\/de\/wp-json\/wp\/v2\/media?parent=14490"}],"curies":[{"name":"wp","href":"https:\/\/api.w.org\/{rel}","templated":true}]}}