{"id":14447,"date":"2024-09-19T14:45:46","date_gmt":"2024-09-19T14:45:46","guid":{"rendered":"https:\/\/travelshelper.com\/staging\/?page_id=14447"},"modified":"2026-03-11T22:47:38","modified_gmt":"2026-03-11T22:47:38","slug":"hvar","status":"publish","type":"page","link":"https:\/\/travelshelper.com\/de\/destinations\/europe\/croatia\/hvar\/","title":{"rendered":"Hvar"},"content":{"rendered":"<p>Hvar erstreckt sich in einem schmalen Bogen aus Kalkstein und Dolomit etwa 68 Kilometer vor der dalmatinischen K\u00fcste Kroatiens. Sein R\u00fcckgrat, ein erhabener Grat aus mesozoischem Gestein, trennte die Insel erst nach Jahrtausenden der Landverbindung vor etwa 11.000 Jahren vom Festland. Heute trennen schmale Kan\u00e4le Hvar von seinen Nachbarn \u2013 Bra\u010d im Norden, Vis im Westen und Kor\u010dula im S\u00fcden \u2013, w\u00e4hrend sich die Halbinsel Pelje\u0161ac quer \u00fcber den Neretva-Kanal erstreckt. Im Osten liegt das Festland nur sechs Kilometer entfernt. An Hvars S\u00fcdflanke erstrecken sich der Paklinski-Archipel und \u0160\u0107edro wie Trittsteine \u200b\u200bins offene Meer, und Ze\u010devo schmiegt sich vor die Nordk\u00fcste.<\/p>\n<p>Das Relief der Insel bietet ein klassisches Karstbild: Kaum vorhandene Oberfl\u00e4chenb\u00e4che versickern rasch in Spalten und erfordern einen sorgf\u00e4ltigen Umgang mit dem Regenwasser. An den H\u00e4ngen zeigt sich jahrhundertealte volkst\u00fcmliche Ingenieurskunst in Form von Trockenmauerterrassen und Feldzisternen, die sowohl zur Speicherung wertvoller Feuchtigkeit als auch zur Verhinderung des Bodenabflusses notwendig sind. Solche Methoden erm\u00f6glichen die Bewirtschaftung von Weinbergen, Olivenhainen, Obstg\u00e4rten und Lavendelfeldern, die jede fruchtbare Insel beanspruchen. Weiter oben weichen Kiefernw\u00e4lder der Macchia, wobei Aleppo- und Schwarzkiefern die Landschaft mit Steineichen teilen. Auf der kleinen Insel \u0160\u0107edro gedeiht eine reichere mediterrane Flora, die von der Kargheit, die den Hauptteil von Hvar kennzeichnet, verschont geblieben ist.<\/p>\n<p>Selbst unter den Adriainseln f\u00e4llt die K\u00fcstenebene von Hvar durch ihre ungew\u00f6hnliche Weite und Fruchtbarkeit auf. Hier gr\u00fcndeten griechische Siedler 384 v. Chr. Pharos \u2013 das heutige Stari Grad \u2013 und machten es damit zu einer der ersten zusammenh\u00e4ngenden Stadtanlagen Europas. Dieselben Kolonisten legten ein orthogonales Feldsystem \u00fcber die Ebene, dessen Spuren im Starogradsko polje erhalten geblieben sind, das heute von der UNESCO f\u00fcr sein ungebrochenes landwirtschaftliches Erbe anerkannt ist. Dieser Abdruck griechischer Vision ist trotz \u00fcber zwei Jahrtausenden Anbaus, Jahr f\u00fcr Jahr mit Oliven, Wein und Getreide, noch immer erkennbar.<\/p>\n<p>Arch\u00e4ologische Funde in der Grap\u010deva-H\u00f6hle, nahe dem heutigen Humac, liefern noch \u00e4ltere Beweise f\u00fcr menschliche Pr\u00e4senz. Spiralf\u00f6rmige Keramik aus der neolithischen \u201eHvar-Kultur\u201c verdankt ihren Namen diesen Funden und erinnert an ein Volk, dessen Lebensgeschichten tief im Karst in Steinmauern eingraviert wurden. Solche in der Region einzigartigen Artefakte zeugen von einer Inselgemeinschaft, die sich mit Gravurtechniken auskennt und eine unverwechselbare Bildsprache entwickelt hat.<\/p>\n<p>Im Fr\u00fchmittelalter vermischten sich illyrische Gruppen mit griechischen Nachkommen, bevor slawische Migrationen die Bev\u00f6lkerung ver\u00e4nderten. Sp\u00e4ter geriet Hvar unter venezianische Herrschaft, was der Stadt Seemacht und Wohlstand bescherte. Die Stadt Hvar \u2013 im Gegensatz zu Stari Grad \u2013 entwickelte sich zu einem wichtigen St\u00fctzpunkt an der Adria. Als die Republik Venedig die Kontrolle \u00fcber den Mittelmeerhandel erlangte, investierten ihre Gouverneure in Pal\u00e4ste, kommunale Geb\u00e4ude und eines der ersten \u00f6ffentlichen Theater Europas, das 1612 er\u00f6ffnet wurde. Adelige Familien gaben Steinvillen in Auftrag, deren Fassaden noch heute die Hafenpromenade s\u00e4umen \u2013 Zeugnis einer \u00c4ra, in der Seehandel und Kultur Hand in Hand gingen.<\/p>\n<p>Das 16. Jahrhundert war jedoch alles andere als ruhig. 1510 brach unter dem Banner des Hvarer Aufstands ein lokaler Aufstand gegen die venezianische Herrschaft aus, der durch Spannungen zwischen Adel und B\u00fcrgertum ausgel\u00f6st wurde. Gleichzeitig griffen Piraten und osmanische R\u00e4uber die Nordk\u00fcste an, was den Bau von befestigten T\u00fcrmen und Wachposten erforderlich machte. Diese Bastionen, heute von Wind und Salz verwittert, erinnern an die st\u00fcrmische See und daran, wie weit die Inselbewohner gingen, um ihre Gemeinden zu sch\u00fctzen.<\/p>\n<p>Napoleons kurzes Intermezzo in Dalmatien brachte neue Gesetze und Verwaltungsreformen mit sich, doch 1815 fiel Hvar an das \u00f6sterreichische Kaiserreich. Unter habsburgischer Aufsicht erm\u00f6glichte eine Phase relativer Ruhe den Ausbau der H\u00e4fen, die Entstehung von Kais und einen florierenden Bootsbau. Die Lavendel- und Rosmarinproduktion f\u00fcr Frankreichs Parf\u00fcmerien florierte ebenso wie der Weinexport. 1868 gr\u00fcndeten lokale Unternehmer den Hygieneverein von Hvar, um Besucher willkommen zu hei\u00dfen und Unterkunft und Dienstleistungen zu koordinieren. Diese Organisation legte den Grundstein f\u00fcr Hotels, Caf\u00e9s, Jachth\u00e4fen und kulturelle Einrichtungen, die das moderne Tourismusnetz der Insel pr\u00e4gen.<\/p>\n<p>Doch dieses goldene Zeitalter blieb im 20. Jahrhundert aus. Die Reblausplage vernichtete die Weinberge, und traditionelle Segelschiffe gerieten in Vergessenheit. Wirtschaftliche Not l\u00f6ste Auswanderungswellen aus, da Familien in Amerika und anderswo nach M\u00f6glichkeiten suchten. Dennoch blieb der Duft des Lavendels erhalten, und der Spitzname \u201eLavendelinsel\u201c haftete den violett bl\u00fchenden Feldern an, deren \u00d6le f\u00fcr handwerklich hergestellte Seifen und Parf\u00fcms geerntet wurden.<\/p>\n<p>Ab dem sp\u00e4ten 20. Jahrhundert verdr\u00e4ngte der Tourismus Landwirtschaft und Fischerei zunehmend als wichtigste Wirtschaftss\u00e4ule. Reisef\u00fchrer und Zeitschriften loben Hvar als eine der zehn sch\u00f6nsten Inseln der Welt. Cond\u00e9 Nast Traveler lobt sie regelm\u00e4\u00dfig f\u00fcr ihre Sonneneinstrahlung \u2013 rund 2.715 Stunden im Jahr, also etwa 7,7 Stunden pro Tag, womit sie Dubrovnik \u00fcbertrifft \u2013 und die kristallklaren Wassertemperaturen, die von 14 \u00b0C im Februar auf einen Sommerh\u00f6chstwert von fast 27 \u00b0C steigen. Das Klima entspricht dem K\u00f6ppen-Klimatyp Csa, der durch milde Winter und sonnendurchflutete Sommer gekennzeichnet ist und Restaurants im Freien und Uferpromenaden beg\u00fcnstigt.<\/p>\n<p>Verwaltungsm\u00e4\u00dfig geh\u00f6rt Hvar zur Gespanschaft Split-Dalmatien und besteht aus den beiden St\u00e4dten Hvar und Stari Grad sowie den Gemeinden Jelsa und Su\u0107uraj. Laut der Volksz\u00e4hlung von 2021 verteilen sich die 10.678 Einwohner der Insel ungleichm\u00e4\u00dfig: Die Stadt Hvar z\u00e4hlt 3.979 Einwohner, Stari Grad 2.772. Die Gemeinde Jelsa z\u00e4hlt 3.501 Einwohner und umfasst die Weiler von Pitve bis Vrisnik. Su\u0107uraj \u2013 das \u00f6stliche Tor der Insel \u2013 z\u00e4hlt mit seinen drei Siedlungen 426 Einwohner.<\/p>\n<p>Das Zentrum der Stadt Hvar ist der Stephansplatz, mit rund 4.500 m\u00b2 einer der gr\u00f6\u00dften Pl\u00e4tze Dalmatiens. Orangefarbene Ziegeld\u00e4cher erheben sich in abgestuften B\u00f6gen, und in der Hochsaison tummeln sich Yachten im Hafen. An einem Ende zieht die St.-Stephans-Kathedrale die Blicke auf sich: Ihr vierst\u00f6ckiger Glockenturm, der nach osmanischen Einf\u00e4llen wiederaufgebaut wurde, weist Renaissance- und Barockelemente auf. Daneben befindet sich die Bischofsschatzkammer mit silbernen liturgischen Gef\u00e4\u00dfen, bestickten Gew\u00e4ndern und Ikonen aus dem 13. Jahrhundert. Auf einem H\u00fcgel dar\u00fcber thront die Festung \u0160panjola, die Stadt und Meer \u00fcberblickt und allen, die bereit sind, ihren steilen, gewundenen Weg zu beschreiten, einen Panoramablick bietet.<\/p>\n<p>Stari Grad hingegen hat eine ruhigere Atmosph\u00e4re. F\u00e4hren aus Split legen am Kai an und f\u00fchren Besucher in eine Siedlung, deren Stra\u00dfen den Linien der antiken griechischen Kolonisten folgen. Hier befinden sich kleine Caf\u00e9s in Steinh\u00e4usern, und Olivenb\u00e4ume spenden Schatten auf gepflasterten Gassen. Das Starogradsko polje erstreckt sich landeinw\u00e4rts, seine bunten Felder werden von niedrigen Mauern eingerahmt \u2013 lebendige Zeugnisse einer 2.400 Jahre alten kollektiven Landbewirtschaftung.<\/p>\n<p>Jelsa, zentraler am S\u00fcdufer gelegen, verbindet d\u00f6rfliche Gem\u00fctlichkeit mit einem bescheidenen Yachthafen. Die Stra\u00dfen schl\u00e4ngeln sich bergauf zu bewaldeten H\u00e4ngen, w\u00e4hrend kulturelle Veranstaltungen \u2013 Konzerte und Ausstellungen \u2013 die Sommerabende f\u00fcllen. In der N\u00e4he von Jelsa liegt Humac, ein Weiler auf 350 m H\u00f6he, der weitgehend verlassen ist, aber langsam als Freilichtmuseum wiederbelebt wird. Dort bieten Steinh\u00e4user und eine kleine ethnografische Sammlung Einblicke in das traditionelle Leben inmitten von Lavendel- und Weinterrassen. Unterhalb von Humac ist die Grap\u010deva-H\u00f6hle nur f\u00fcr gef\u00fchrte Gruppen zug\u00e4nglich und bewahrt Stalaktiten sowie \u00dcberreste der neolithischen Vergangenheit Hvars.<\/p>\n<p>Der Transport \u00fcber die Insel und zum Festland ist nach wie vor von entscheidender Bedeutung f\u00fcr das t\u00e4gliche Leben und den Tourismus. Jadrolinija betreibt Autof\u00e4hren von Su\u0107uraj nach Drvenik, eine Fahrt von etwa zwei Stunden, sowie Shuttles nach Vela Luka und Lastovo. Schnelle Tragfl\u00fcgelboote von Krilo Luka verbinden Hvar-Stadt in etwa einer Stunde mit Split und in regelm\u00e4\u00dfigen Abst\u00e4nden mit Vis, Bra\u010d und sogar Dubrovnik. Nach der Ausschiffung werden die F\u00e4hren von Cazmatrans-Bussen abgeholt und bedient Ziele auf dem windgepeitschten, oft ohne Leitplanken verlaufenden Stra\u00dfennetz, wo Vorsicht geboten ist, insbesondere mit gemieteten Motorrollern. Zwei Tankstellen, in Hvar-Stadt und in der N\u00e4he von Jelsa, sind die einzigen Tankstellen f\u00fcr Fahrzeuge. Ein lokales Wassertaxi verkehrt gegen eine geringe Geb\u00fchr zwischen Stari Grad und den F\u00e4hrterminals der Stadt Hvar.<\/p>\n<p>Neben seinem architektonischen Erbe und seinen landwirtschaftlichen Feldern bietet Hvar eine F\u00fclle von Erlebnissen. Bootsfahrer k\u00f6nnen die versteckten Buchten und Sandstr\u00e4nde der Paklinski-Inseln erkunden und an den von Pinien ges\u00e4umten Ufern ankern, um zu picknicken oder zu schwimmen. Wanderer k\u00f6nnen einem K\u00fcstenpfad von der Bucht Dubovica zum Weingut Zlatan Otok folgen und dabei Meerblick mit einer mitt\u00e4glichen Weinverkostung kombinieren, bevor sie mit dem Boot zur\u00fcckkehren. Der Adventure Park Hvar in der N\u00e4he von Jelsa sorgt mit Bogenschie\u00dfen, Paintball und Strandsportarten f\u00fcr Abwechslung. F\u00fcr handwerklich interessierte Besucher f\u00fchren die Benediktinerinnen der Stadt Hvar eine jahrhundertealte Tradition der Spitzenherstellung aus Agavenfasern fort, w\u00e4hrend Galerien wie \u201eMade in Hvar\u201c auf der Pjaca zeitgen\u00f6ssische lokale Kunst pr\u00e4sentieren.<\/p>\n<p>Die Weinproduktion ist ein weiterer kultureller Eckpfeiler. Die S\u00fcdh\u00e4nge bringen kr\u00e4ftige Rotweine aus der Plavac-Mali-Traube hervor, deren Tanningehalt mit den frischen Wei\u00dfweinen der zentralen Ebene mithalten kann. Viele Weing\u00fcter \u00f6ffnen ihre T\u00fcren f\u00fcr Weinproben und laden G\u00e4ste ein, zwischen den Reben zu stehen, die tief in der sonnengetrockneten Erde Hvars verwurzelt sind.<\/p>\n<p>Von neolithischen \u00dcberresten in versteckten H\u00f6hlen bis zu den Kalksteinw\u00e4llen venezianischer Pal\u00e4ste entfaltet sich Hvars Geschichte in Stein, Erde und Meer. Sein Klima, seine Topografie und seine Lage als Seefahrer pr\u00e4gten die Geschichte menschlicher Aktivit\u00e4ten \u2013 von griechischen Bauern bis zu \u00f6sterreichisch-ungarischen Kaufleuten, von Lavendelpfl\u00fcckern bis zu modernen Gastronomen. Heute verbindet die Insel Bewahrung mit Fortschritt und bietet Besuchern eine Landschaft, die zugleich kultiviert und wild ist, wo jede Terrassenmauer und jeder Pflasterstein auf eine Geschichte hinweist, die in Jahrhunderten statt in Jahreszeiten gemessen wird. Hvar gilt nach wie vor als der sonnigste Ort Europas \u2013 ein idealer Ort f\u00fcr alle, die das authentische Zusammenspiel von mediterranem Licht und Inselleben suchen.<\/p>","protected":false},"excerpt":{"rendered":"<p>Hvar liegt in der Adria vor der dalmatinischen K\u00fcste Kroatiens. Die viertgr\u00f6\u00dfte kroatische Insel liegt zwischen Bra\u010d, Vis und Kor\u010dula und hat laut Volksz\u00e4hlung von 2021 10.678 Einwohner. Hvar erstreckt sich \u00fcber 68 Kilometer und ist dank seiner einzigartigen Geologie und reichen Geschichte zu einem Ort von unvergleichlicher Sch\u00f6nheit und kulturellem Wert geworden.<\/p>","protected":false},"author":1,"featured_media":3166,"parent":14435,"menu_order":0,"comment_status":"closed","ping_status":"closed","template":"elementor_theme","meta":{"_eb_attr":"","footnotes":""},"class_list":["post-14447","page","type-page","status-publish","has-post-thumbnail"],"_links":{"self":[{"href":"https:\/\/travelshelper.com\/de\/wp-json\/wp\/v2\/pages\/14447","targetHints":{"allow":["GET"]}}],"collection":[{"href":"https:\/\/travelshelper.com\/de\/wp-json\/wp\/v2\/pages"}],"about":[{"href":"https:\/\/travelshelper.com\/de\/wp-json\/wp\/v2\/types\/page"}],"author":[{"embeddable":true,"href":"https:\/\/travelshelper.com\/de\/wp-json\/wp\/v2\/users\/1"}],"replies":[{"embeddable":true,"href":"https:\/\/travelshelper.com\/de\/wp-json\/wp\/v2\/comments?post=14447"}],"version-history":[{"count":0,"href":"https:\/\/travelshelper.com\/de\/wp-json\/wp\/v2\/pages\/14447\/revisions"}],"up":[{"embeddable":true,"href":"https:\/\/travelshelper.com\/de\/wp-json\/wp\/v2\/pages\/14435"}],"wp:featuredmedia":[{"embeddable":true,"href":"https:\/\/travelshelper.com\/de\/wp-json\/wp\/v2\/media\/3166"}],"wp:attachment":[{"href":"https:\/\/travelshelper.com\/de\/wp-json\/wp\/v2\/media?parent=14447"}],"curies":[{"name":"wp","href":"https:\/\/api.w.org\/{rel}","templated":true}]}}