{"id":14435,"date":"2024-09-19T14:14:16","date_gmt":"2024-09-19T14:14:16","guid":{"rendered":"https:\/\/travelshelper.com\/staging\/?page_id=14435"},"modified":"2026-03-11T22:48:07","modified_gmt":"2026-03-11T22:48:07","slug":"kroatien","status":"publish","type":"page","link":"https:\/\/travelshelper.com\/de\/destinations\/europe\/croatia\/","title":{"rendered":"Kroatien"},"content":{"rendered":"<p>Kroatien liegt am Zusammenfluss von Mittel- und S\u00fcdosteuropa. Seine zerkl\u00fcftete K\u00fcste erstreckt sich \u00fcber mehr als 1.700 Kilometer der Adria. Innerhalb seiner Grenzen \u2013 56.594 Quadratkilometer Land und 128 Quadratkilometer Binnengew\u00e4sser \u2013 umfasst diese Republik eine bemerkenswerte Vielfalt an Landschaften und Kulturen. Im Nordwesten grenzt Kroatien an Slowenien, im Nordosten erstreckt sich die ungarische Tiefebene, im Osten Serbien und weiter s\u00fcdlich Bosnien und Herzegowina sowie Montenegro. Jenseits eines schmalen Meeresstreifens im Westen liegt Italien. Ganz im S\u00fcden, bei Dubrovnik, \u00fcberspannt die Pelje\u0161ac-Br\u00fccke heute den Kanal, der einst die K\u00fcstenexklave vom Festland trennte. Im Landesinneren ist Kroatien in Zagreb und zwanzig Gespanschaften unterteilt, wobei Zagreb \u2013 die Hauptstadt und gr\u00f6\u00dfte Stadt Kroatiens \u2013 sowohl als urbanes Zentrum als auch als eigene Verwaltungseinheit fungiert. Weitere wichtige st\u00e4dtische Zentren sind Split, Rijeka und Osijek, die jeweils unterschiedliche Regionen der Geschichte und Wirtschaft verankern. Fast 3,9 Millionen Menschen leben inmitten der sanften H\u00fcgel des Hrvatsko Zagorje, der fruchtbaren Ebenen Slawoniens, der Kalksteinh\u00f6hen der Dinarischen Alpen und der unz\u00e4hligen Inseln entlang der Adriak\u00fcste.<\/p>\n<p>Die Urspr\u00fcnge des kroatischen Staatswesens reichen bis ins sp\u00e4te 6. Jahrhundert zur\u00fcck, als slawische St\u00e4mme \u2013 sp\u00e4ter als Kroaten bekannt \u2013 das r\u00f6mische Illyrien besiedelten. Bis zum 7. Jahrhundert bildeten sie zwei Herzogt\u00fcmer entlang der dalmatinischen K\u00fcste. 879 erreichte Herzog Branimir die formelle Anerkennung der kroatischen Unabh\u00e4ngigkeit und kn\u00fcpfte Verbindungen zum Papsttum, die als politischer Schutz Bestand hatten. Unter K\u00f6nig Tomislav, der 925 gekr\u00f6nt wurde, entstand Kroatien als K\u00f6nigreich und festigte seine Herrschaft \u00fcber K\u00fcste und Hinterland. Eine dynastische Krise am Ende der Trpimirovi\u0107-Linie f\u00fchrte 1102 zu einer Personalunion mit Ungarn. In den folgenden Jahrhunderten bewahrte der kroatische Adel jedoch auch unter der Herrschaft der Habsburger seine eigenen Rechts- und Verwaltungstraditionen. Angesichts osmanischer Einf\u00e4lle im Jahr 1527 wandte sich das kroatische Parlament erneut den Habsburgern zu und w\u00e4hlte Ferdinand I. zum Thron.<\/p>\n<p>Das 20. Jahrhundert brachte Turbulenzen und Ver\u00e4nderungen mit sich. Im Oktober 1918 erkl\u00e4rte der Staat der Slowenen, Kroaten und Serben seine Unabh\u00e4ngigkeit von der zerfallenden \u00d6sterreichisch-Ungarischen Monarchie, schloss sich aber zwei Monate sp\u00e4ter dem K\u00f6nigreich der Serben, Kroaten und Slowenen an. Nach dem Einmarsch der Achsenm\u00e4chte in Jugoslawien 1941 bildete der Gro\u00dfteil des heutigen Kroatiens den Marionettenstaat Unabh\u00e4ngiges Kroatien. Ein kommunistisch gef\u00fchrter Widerstand setzte sich schlie\u00dflich durch, und die Sozialistische Republik Kroatien wurde ein f\u00f6deraler Teil der Sozialistischen F\u00f6derativen Republik Jugoslawien. Am 25. Juni 1991 proklamierte Kroatien seine Souver\u00e4nit\u00e4t. Es folgte ein vierj\u00e4hriger Konflikt, der erst 1995 mit der Wiederherstellung der territorialen Integrit\u00e4t und der Wiedereingliederung der vertriebenen Bev\u00f6lkerung endete.<\/p>\n<p>Heute ist Kroatien eine demokratische Republik mit parlamentarischem System. Es ist uneingeschr\u00e4nkt an europ\u00e4ischen und internationalen Institutionen beteiligt: \u200b\u200bder Europ\u00e4ischen Union mit ihrer Eurozone und dem Schengen-Raum, der NATO, den Vereinten Nationen, dem Europarat, der OSZE, der Welthandelsorganisation und der Union f\u00fcr den Mittelmeerraum. Als Kandidat f\u00fcr die OECD-Mitgliedschaft hat Kroatien Truppen zur Friedenssicherung der Vereinten Nationen entsandt und hatte einst einen nichtst\u00e4ndigen Sitz im UN-Sicherheitsrat.<\/p>\n<p>Wirtschaftlich gesehen z\u00e4hlt Kroatien zu den Industriel\u00e4ndern mit hohem Einkommen. Das nominale BIP wird im Jahr 2024 voraussichtlich rund 88 Milliarden US-Dollar erreichen, etwa 22.966 US-Dollar pro Kopf, w\u00e4hrend das kaufkraftparit\u00e4tische BIP bei fast 175 Milliarden US-Dollar oder 45.702 US-Dollar pro Person liegt. Das reale Wachstum lag 2023 bei 2,8 Prozent, wobei das BIP pro Kopf etwa 76 Prozent des EU-Durchschnitts entsprach. Der Dienstleistungssektor tr\u00e4gt rund 70 Prozent zur Wirtschaftsleistung bei, die Industrie etwa 26 Prozent und die Landwirtschaft weniger als 4 Prozent. Schiffbau, Lebensmittelverarbeitung, Pharmazeutika, Informationstechnologie und Holz z\u00e4hlen zu den wichtigsten Standbeinen der Industrie. Der Tourismus bleibt besonders wichtig; er erwirtschaftete 2019 fast 10,5 Milliarden Euro und zog vor der Pandemie fast 20 Millionen Besucher an. Seeb\u00e4der und Kulturfestivals entlang der dalmatinischen K\u00fcste, Agrotourismus im Landesinneren und st\u00e4dtische Attraktionen in Zagreb tragen allesamt zur Attraktivit\u00e4t des Landes bei. Die Regierung hat seit Anfang der 2000er Jahre massiv in Stra\u00dfen und Schienen entlang vier paneurop\u00e4ischer Korridore und in ein Offshore-Importterminal f\u00fcr Fl\u00fcssigerdgas, LNG Hrvatska, vor der Insel Krk investiert.<\/p>\n<p>Kroatiens geografisches Profil ist beeindruckend. Die Erhebungen erheben sich bis zum Gipfel der Dinara auf 1.831 Metern \u00fcber dem Meeresspiegel und fallen bis zur Adriak\u00fcste ab. Im Landesinneren bietet das Pannonische Becken flache Ebenen und Flusst\u00e4ler \u2013 Donau und Drau sorgen f\u00fcr Transport und Bew\u00e4sserung \u2013, w\u00e4hrend die Dinarischen Alpen und Karsthochebenen ein zerkl\u00fcftetes R\u00fcckgrat bilden. \u00dcber tausend Inseln und Inselchen, von denen 48 dauerhaft bewohnt sind, liegen verstreut entlang der K\u00fcste; Cres und Krk erstrecken sich jeweils \u00fcber etwa 405 Quadratkilometer. Karstdolinen, unterirdische Fl\u00fcsse und \u00fcber tausend Meter tiefe H\u00f6hlen zeugen vom Kalksteinfundament der Region. Zu den ber\u00fchmtesten Naturwundern z\u00e4hlen die Plitvicer Seen, eine Reihe von sechzehn von Tuffstein umgebenen Seen, deren Wassert\u00f6ne von Azurblau bis Mintgr\u00fcn changieren.<\/p>\n<p>Das Klima ist sehr unterschiedlich. Das kontinentale Kroatien erlebt kalte Winter mit Durchschnittstemperaturen um \u20133 \u00b0C im Januar und warme Sommer mit Temperaturen um 18 \u00b0C im Juli. In Lika und Gorski Kotar, auf \u00fcber 1.200 Metern H\u00f6he, f\u00e4llt viel Schnee. Entlang der Adria mildert der mediterrane Einfluss die Wetterextreme: Die Sommer sind hei\u00df und trocken, die Winter mild und feucht. Die Niederschlagsmenge reicht von 600 Millimetern j\u00e4hrlich in den \u00f6stlichen Ebenen bis zu \u00fcber 3.500 Millimetern auf den Gipfeln der Dinariden. Die sonnigsten Gebiete sind die \u00e4u\u00dferen Inseln \u2013 Hvar und Kor\u010dula \u2013 mit \u00fcber 2.700 Sonnenstunden im Jahr. Zu den Winden z\u00e4hlen die trockene, b\u00f6ige Bora aus Nordosten und der feuchte Jugo aus S\u00fcden.<\/p>\n<p>Kroatiens Infrastruktur hat sich seit der Jahrtausendwende rasant entwickelt. Im Dezember 2020 war das Autobahnnetz \u00fcber 1.300 Kilometer lang und verband die wichtigsten St\u00e4dte \u00fcber die A1 von Zagreb nach Split und die A3 durch Slawonien. Staatsstra\u00dfen speisen dieses Netz, und EuroTAP und EuroTest haben seine hohen Sicherheitsstandards anerkannt. Das Eisenbahnnetz ist rund 2.600 Kilometer lang, davon fast 1.000 Kilometer elektrifiziert. Erhebliche Investitionen im Jahr 2024 \u2013 vor allem ein Darlehen der Europ\u00e4ischen Investitionsbank in H\u00f6he von 400 Millionen Euro \u2013 zielen auf die Modernisierung der Gleise und die Anschaffung von sechs Elektrodieseltriebz\u00fcgen ab, um den Service zwischen Split und Zagreb zu verbessern. Die im Juli 2022 er\u00f6ffnete, 2,4 Kilometer lange Pelje\u0161ac-Br\u00fccke verbindet die s\u00fcdliche Exklave mit dem Festland und verk\u00fcrzt die Strecken nach Kor\u010dula und Lastovo um mehr als 32 Kilometer.<\/p>\n<p>Ein Netzwerk aus sieben internationalen Flugh\u00e4fen bedient in- und ausl\u00e4ndische Reisende. Der Flughafen Franjo Tu\u0111man in Zagreb ist der gr\u00f6\u00dfte, w\u00e4hrend Split, Dubrovnik, Zadar, Pula, Rijeka und Osijek den saisonalen und regionalen Verkehr abwickeln. Ab Mitte 2024 wird Croatia Airlines Flugzeuge des Typs Airbus A220-300 einsetzen und damit Treibstoffverbrauch und Emissionen um 25 Prozent senken. Die Fluggesellschaft erweiterte zudem ihre Strecken und er\u00f6ffnete Direktfl\u00fcge zwischen Zagreb und St\u00e4dten wie Tirana, Berlin, Stockholm und Hamburg.<\/p>\n<p>Der Seeverkehr ist nach wie vor unverzichtbar. Der Hafen von Rijeka bew\u00e4ltigt das gr\u00f6\u00dfte Frachtaufkommen, w\u00e4hrend der Passagierverkehr in Split und Zadar seinen H\u00f6hepunkt erreicht. Der Flussverkehr verl\u00e4uft \u00fcber Vukovar an der Donau und ist mit dem Paneurop\u00e4ischen Verkehrskorridor VII verbunden.<\/p>\n<p>Demografisch gesehen betr\u00e4gt die Bev\u00f6lkerungsdichte Kroatiens etwa 3,87 Millionen, was einer Bev\u00f6lkerungsdichte von etwa 73 Einwohnern pro Quadratkilometer entspricht \u2013 niedriger als in vielen europ\u00e4ischen Staaten. Die Lebenserwartung bei der Geburt lag 2018 bei 76,3 Jahren. Der Unabh\u00e4ngigkeitskrieg f\u00fchrte zu zahlreichen Vertreibungen: \u00dcber 400.000 Kroaten flohen oder wurden aus \u00fcberwiegend besetzten Gebieten vertrieben, und 150.000 bis 200.000 Serben verlie\u00dfen das Land vor der Operation Sturm. In den Folgejahren kehrten viele Menschen zur\u00fcck, neben der Umsiedlung vertriebener Kroaten aus Bosnien und Herzegowina.<\/p>\n<p>Kroatien ist offiziell s\u00e4kular und garantiert Religionsfreiheit. Laut der Volksz\u00e4hlung von 2011 machen Christen \u00fcber 91 Prozent der Bev\u00f6lkerung aus, \u00fcberwiegend r\u00f6misch-katholisch (86 Prozent), gefolgt von orthodoxen und protestantischen Gemeinden. Der Islam macht etwa 1,5 Prozent aus, w\u00e4hrend sich 4,6 Prozent als konfessionslos bezeichnen. Der regelm\u00e4\u00dfige Kirchgang liegt jedoch unter 25 Prozent.<\/p>\n<p>Kroatisch ist die einzige Amtssprache, eine s\u00fcdslawische Sprache mit lateinischer Schrift. Minderheitssprachen \u2013 Tschechisch, Ungarisch, Italienisch, Serbisch und Slowakisch \u2013 genie\u00dfen in Gemeinden, in denen ihre Sprecher mehr als ein Drittel der lokalen Bev\u00f6lkerung ausmachen, offiziellen Status. Auch andere Sprachen wie Albanisch, Bosnisch und T\u00fcrkisch werden anerkannt. Drei Hauptdialekte \u2013 \u0160tokavisch, \u010cakavisch und Kajkavisch \u2013 spiegeln historische Siedlungsmuster wider.<\/p>\n<p>Die Kultur Kroatiens vereint mitteleurop\u00e4ische, mediterrane, balkanische und byzantinische Einfl\u00fcsse. Das Kulturministerium sch\u00fctzt zehn UNESCO-Welterbest\u00e4tten an Land und f\u00fcnfzehn Elemente des immateriellen Kulturerbes und belegt damit weltweit den vierten Platz in dieser Kategorie. Das Erbe der illyrischen Bewegung des 19. Jahrhunderts ist nach wie vor von zentraler Bedeutung und l\u00f6ste eine nationale Renaissance in Literatur, Kunst und Wissenschaft aus. Heute bedienen \u00fcber neunzig professionelle Theater, vierzig Orchester und Ch\u00f6re sowie \u00fcber zweihundert Museen j\u00e4hrlich ein Millionenpublikum. Bibliotheken und Archive, wie das nationale System mit 1.768 Bibliotheken und 26,8 Millionen B\u00e4nden, bewahren eine reiche schriftliche Tradition. Kroatiens Beitrag zur globalen Mode begann im 17. Jahrhundert mit der Krawatte, dem Vorg\u00e4nger der modernen Krawatte.<\/p>\n<p>Die kulinarischen Gepflogenheiten variieren je nach Region. An der K\u00fcste dominieren mediterrane Aromen: Oliven\u00f6l, Knoblauch, Meeresfr\u00fcchte und Pasta; im Landesinneren bringen mitteleurop\u00e4ische und balkanische Einfl\u00fcsse herzhafte Fleischgerichte, S\u00fc\u00dfwasserfische und Gem\u00fcseeint\u00f6pfe hervor. Zwei Weinregionen teilen sich die Karte. Im kontinentalen Slawonien produzieren Weing\u00fcter spritzige Wei\u00dfweine; entlang der istrischen Halbinsel und der Nordk\u00fcste \u00e4hneln Weine italienischen Stilen; und in Dalmatien gedeihen Rotweine unter der mediterranen Sonne. Die j\u00e4hrliche Weinproduktion \u00fcbersteigt 72 Millionen Liter. Die Brautradition entstand im sp\u00e4ten 18. Jahrhundert, wodurch Bier zum meistkonsumierten alkoholischen Getr\u00e4nk des Landes wurde. Elf Restaurants wurden mit Michelin-Sternen ausgezeichnet, 88 weitere wurden f\u00fcr ihre kulinarischen H\u00f6chstleistungen ausgezeichnet.<\/p>\n<p>Der Tourismus pr\u00e4gt Kroatiens internationales Image. Mittelalterliche K\u00fcstenst\u00e4dte \u2013 darunter Dubrovnik, Split, \u0160ibenik und Zadar \u2013 bieten Hochburgen mittelalterlicher Architektur und Sommerfestivals. Der erste Ferienort, Opatija, erlangte Mitte des 19. Jahrhunderts als Kurort der europ\u00e4ischen Elite Ber\u00fchmtheit. Jachth\u00e4fen bieten Platz f\u00fcr \u00fcber 16.000 Yachten und locken nautische Besucher an, die vom klaren, unverschmutzten Wasser und den 116 mit der Blauen Flagge ausgezeichneten Str\u00e4nden angezogen werden. Zu den Attraktionen im Landesinneren z\u00e4hlen die Nationalparks Plitvice und Krka, Bergheilb\u00e4der und Agrotourismus-Bauernh\u00f6fe. Zagreb mit seinen \u00f6sterreichisch-ungarischen Boulevards und der Stra\u00dfencaf\u00e9-Kultur kann es in seiner ganzj\u00e4hrigen Attraktivit\u00e4t mit den K\u00fcstenorten aufnehmen. Kroatien war insbesondere Vorreiter bei kommerziellen FKK-Resorts in Europa; etwa 15 Prozent der j\u00e4hrlichen Besucher \u2013 \u00fcber eine Million Menschen \u2013 praktizieren Naturismus an ausgewiesenen und informellen Str\u00e4nden mit der Kennzeichnung \u201eFKK\u201c.<\/p>\n<p>\u00dcber den Freizeittourismus hinaus hat sich der medizinische Tourismus zu einem Nischensektor entwickelt. Zahnkliniken in Zagreb, Split und Rijeka, die den EU-Bildungsstandards entsprechen, k\u00fcmmern sich um Patienten, die eine kurzfristige Behandlung w\u00fcnschen.<\/p>\n<p>Besucher werden gebeten, Sicherheits- und Gesundheitsaspekte zu beachten. Notdienste sind \u00fcber die 112 erreichbar, und es besteht eine Ausweispflicht. Die Kriminalit\u00e4tsrate ist im regionalen Vergleich niedrig, und F\u00e4lle von Korruption oder Erpressung sind selten. Outdoor-Fans sollten sich bei den \u00f6rtlichen Beh\u00f6rden \u00fcber verbleibende Minenfelder in l\u00e4ndlichen Gebieten informieren \u2013 ein Erbe des Konflikts von 1991\u20131995 \u2013, asphaltierte Stra\u00dfen gelten jedoch als sicher. Der Bora-Wind kann, insbesondere entlang des Velebit-Massivs, Geschwindigkeiten von \u00fcber 200 km\/h erreichen; die Beh\u00f6rden sperren Stra\u00dfen, wenn die Bedingungen gef\u00e4hrlich werden. Touristen wird davon abgeraten, illegale Stripclubs zu besuchen, da diese h\u00e4ufig zu \u00fcberh\u00f6hten Preisen neigen. Obwohl Diskriminierung von LGBT-Personen, insbesondere in l\u00e4ndlichen Gebieten, m\u00f6glich ist, sind st\u00e4dtische Zentren tendenziell toleranter. Leitungswasser gilt allgemein als au\u00dfergew\u00f6hnlich rein, Besucher bevorzugen jedoch m\u00f6glicherweise Flaschenwasser wie Jamnica oder Jana. Reisende, die sich in den Sommermonaten in kontinentale W\u00e4lder begeben, sollten sich durch das Tragen von Schutzkleidung und die Verwendung von Insektenschutzmitteln vor Zecken und verwandten Krankheiten sch\u00fctzen. F\u00fcr die Einreise sind keine Impfungen vorgeschrieben.<\/p>\n<p>Kroatiens vielf\u00e4ltige Landschaften, historische Schichten und kulturelle Vitalit\u00e4t bieten eine einzigartige Begegnung mit den unz\u00e4hligen Hinterlassenschaften Europas. Von den festungsumringten Mauern seiner adriatischen St\u00e4dte bis zum karstgepr\u00e4gten Landesinneren, von der W\u00e4rme der Stra\u00dfen Zagrebs bis zu den stillen Tiefen seiner H\u00f6hlen pr\u00e4sentiert das Land eine Studie der Kontraste. Seine Entwicklung \u2013 von fr\u00fchen Herzogt\u00fcmern \u00fcber mittelalterliche K\u00f6nigreiche, Kaiserreiche und F\u00f6derationen bis hin zur modernen Republik \u2013 spiegelt sich in jedem Stein und Bach, in den Festen und an den Tischen wider, an denen sich Familie und Freunde versammeln. In dieser gelebten Komplexit\u00e4t liegt Kroatiens anhaltender Reiz.<\/p>","protected":false},"excerpt":{"rendered":"<p>Kroatien liegt in Mittel- und S\u00fcdosteuropa und hat eine strategische Lage an der Adriak\u00fcste. Mit rund 3,9 Millionen Einwohnern erstreckt sich dieses Land von au\u00dfergew\u00f6hnlichem Reichtum und Vielfalt \u00fcber eine Fl\u00e4che von 56.594 Quadratkilometern. Die ungew\u00f6hnliche Topographie des Landes hat \u00fcber Jahrtausende hinweg seine geopolitische Bedeutung, seine kulturelle Identit\u00e4t und sein Wirtschaftswachstum entscheidend gepr\u00e4gt.<\/p>","protected":false},"author":1,"featured_media":4899,"parent":24078,"menu_order":0,"comment_status":"closed","ping_status":"closed","template":"elementor_theme","meta":{"_eb_attr":"","footnotes":""},"class_list":["post-14435","page","type-page","status-publish","has-post-thumbnail"],"_links":{"self":[{"href":"https:\/\/travelshelper.com\/de\/wp-json\/wp\/v2\/pages\/14435","targetHints":{"allow":["GET"]}}],"collection":[{"href":"https:\/\/travelshelper.com\/de\/wp-json\/wp\/v2\/pages"}],"about":[{"href":"https:\/\/travelshelper.com\/de\/wp-json\/wp\/v2\/types\/page"}],"author":[{"embeddable":true,"href":"https:\/\/travelshelper.com\/de\/wp-json\/wp\/v2\/users\/1"}],"replies":[{"embeddable":true,"href":"https:\/\/travelshelper.com\/de\/wp-json\/wp\/v2\/comments?post=14435"}],"version-history":[{"count":0,"href":"https:\/\/travelshelper.com\/de\/wp-json\/wp\/v2\/pages\/14435\/revisions"}],"up":[{"embeddable":true,"href":"https:\/\/travelshelper.com\/de\/wp-json\/wp\/v2\/pages\/24078"}],"wp:featuredmedia":[{"embeddable":true,"href":"https:\/\/travelshelper.com\/de\/wp-json\/wp\/v2\/media\/4899"}],"wp:attachment":[{"href":"https:\/\/travelshelper.com\/de\/wp-json\/wp\/v2\/media?parent=14435"}],"curies":[{"name":"wp","href":"https:\/\/api.w.org\/{rel}","templated":true}]}}