{"id":14401,"date":"2024-09-19T13:12:23","date_gmt":"2024-09-19T13:12:23","guid":{"rendered":"https:\/\/travelshelper.com\/staging\/?page_id=14401"},"modified":"2026-03-11T22:44:06","modified_gmt":"2026-03-11T22:44:06","slug":"zypern","status":"publish","type":"page","link":"https:\/\/travelshelper.com\/de\/destinations\/europe\/cyprus\/","title":{"rendered":"Zypern"},"content":{"rendered":"<p>Zypern nimmt eine besondere Lage am Schnittpunkt der Kontinente ein. Seine K\u00fcsten sind von Jahrtausenden der Begegnung gepr\u00e4gt, und seine Gegenwart ist von Teilung und Einheit gepr\u00e4gt. Die Insel erstreckt sich \u00fcber das \u00f6stliche Mittelmeer, ist lang und schmal und misst von einem Ende zum anderen nicht mehr als 240 Kilometer. Sie liegt n\u00e4her am Orient als am Herzen Europas. Dennoch \u00e4hneln Sprache, Br\u00e4uche und politische Strukturen im S\u00fcden am st\u00e4rksten der hellenischen Welt. Im Norden f\u00fchrt eine separate Verwaltung ihre Autorit\u00e4t auf ihre Verbindungen zu Anatolien zur\u00fcck. Gleichzeitig klammern sich zwei souver\u00e4ne britische Milit\u00e4rst\u00fctzpunkte an die S\u00fcdk\u00fcste, Relikte eines Imperiums, dessen Pr\u00e4senz hier in Verkehrsregeln und dem Summen roter Telefonzellen fortbesteht.<\/p>\n<p>Geografisch wird die Silhouette der Insel von zwei Gebirgsketten gepr\u00e4gt, die eine fruchtbare Zentralebene flankieren. Das gewaltige und gefaltete Troodos-Gebirge dominiert den S\u00fcdwesten und erhebt sich am Olymp auf fast 1.952 Meter. Von seinen k\u00fchlen, zedernbewachsenen H\u00f6hen flie\u00dft der Pedieos, Zyperns l\u00e4ngster Wasserlauf, der sich nach Osten schl\u00e4ngelt, bevor er in den Lehmb\u00f6den der Mesaoria-Ebene versickert. Entlang der Nordk\u00fcste bietet das schlanke Kyrenia-Gebirge einen sanfteren Anstieg. Seine Gipfel erreichen kaum tausend Meter, bevor sie abrupt zu einer felsigen K\u00fcste abfallen. Zwischen diesen Erhebungen f\u00e4llt das Land in Weizen-, Gersten- und Gem\u00fcsefelder ab, die die Inselbewohner seit der Jungsteinzeit ern\u00e4hrten.<\/p>\n<p>Menschliche Spuren auf Zypern reichen etwa 13.000 Jahre zur\u00fcck, als kleine Gruppen von J\u00e4gern und Sammlern in K\u00fcstenh\u00f6hlen Schutz suchten. Wenige Jahrtausende sp\u00e4ter besiedelten sie das Land mit den ersten Bauernd\u00f6rfern und legten den Grundstein f\u00fcr eine sesshafte Gesellschaft. In der sp\u00e4ten Bronzezeit hie\u00df die Insel in \u00e4gyptischen und hethitischen Aufzeichnungen Alashiya und war ber\u00fchmt f\u00fcr ihre Kupfer- und Webb\u00e4nder, die sie in das weite Mittelmeergebiet einbanden. Als die mykenischen Griechen um 1400 v. Chr. eintrafen, brachten sie Dialekt, Bestattungsriten und T\u00f6pferstile mit, die auch dann noch Bestand hatten, als sp\u00e4tere Reiche die Insel als Beute beanspruchten.<\/p>\n<p>Die Perser hatten im 6. Jahrhundert v. Chr. die Macht inne, bis Alexander der Gro\u00dfe 333 v. Chr. die Kontrolle an sich riss. Unter den Ptolem\u00e4ern und sp\u00e4ter unter Rom behielt Zypern seinen hellenischen Charakter, \u00fcbernahm aber r\u00f6misches Recht und r\u00f6mische Infrastruktur: Stra\u00dfen, Villen und Amphitheater pr\u00e4gen die Landschaft noch heute. Die \u00f6stliche H\u00e4lfte des R\u00f6mischen Reiches regierte die Insel bis zu den arabischen Einf\u00e4llen im 7. Jahrhundert. Danach wurden K\u00fcstenenklaven und Festungen im Landesinneren zugunsten kl\u00f6sterlicher R\u00fcckzugsorte hoch oben in den Troodos-Bergen aufgegeben. Jahrhunderte sp\u00e4ter befestigten K\u00f6nige der Lusignan-Dynastie und venezianische Kaufleute St\u00e4dte und errichteten Steinmauern und Wassergr\u00e4ben, die noch heute die Altst\u00e4dte von Nikosia und Famagusta umgeben.<\/p>\n<p>Osmanische Soldaten \u00fcberquerten 1571 die Insel und leiteten damit eine \u00c4ra ein, die bis ins sp\u00e4te 19. Jahrhundert reichen sollte. Unter osmanischer Herrschaft gew\u00e4hrte das Feudalsystem t\u00fcrkischen Siedlern neben griechischen Bauern Land und etablierte so die dualistische Gemeinschaft, die bis heute den Kern der modernen Komplexit\u00e4t Zyperns bildet. Byzantinische Kirchen wurden in Moscheen umgewandelt, doch die D\u00f6rfer beteten weiterhin in ihren jahrhundertealten Heiligt\u00fcmern. 1878 ging die Insel unter britische Verwaltung und wurde 1914 vollst\u00e4ndig annektiert. Britische Stempel und Verm\u00e4chtnisse \u2013 Linksverkehr, \u00f6ffentliches Schulsystem, sogar Busfahrpl\u00e4ne \u2013 blieben weit \u00fcber die Unabh\u00e4ngigkeit hinaus bestehen.<\/p>\n<p>Die 1960 gegr\u00fcndete Republik war ein heikler Kompromiss zwischen britischen, griechischen und t\u00fcrkischen Interessen. Gr\u00fcndungspr\u00e4sident Makarios III., ein Erzbischof und sp\u00e4terer Staatsmann, verk\u00f6rperte die Hoffnung der griechisch-zypriotischen Mehrheit auf Selbstbestimmung. Die t\u00fcrkischen Zyprioten, die den hellenischen Ambitionen misstrauten, sahen eine baldige Vereinigung mit Griechenland \u2013 eine Enosis \u2013 voraus. Im Laufe der 1960er Jahre verh\u00e4rtete sich die verfassungsrechtliche Blockade in Gewalt. Interkommunale Konflikte zwangen Tausende t\u00fcrkische Zyprioten in Enklaven. Anfang der 1970er Jahre war die Hoffnung auf Vers\u00f6hnung nahezu zerplatzt.<\/p>\n<p>Am 15. Juli 1974 setzte ein von Teilen der griechischen Junta unterst\u00fctzter Putsch in Nikosia eine nationalistische Regierung ein. F\u00fcnf Tage sp\u00e4ter landeten t\u00fcrkische Truppen an der Nordk\u00fcste, angeblich zum Schutz ihrer Gemeinschaft. Innerhalb weniger Tage kontrollierten sie rund ein Drittel der Insel, und Hunderttausende wurden in beiden Gemeinschaften vertrieben. 1983 erkl\u00e4rte sich die t\u00fcrkisch besetzte Zone zur Republik, die international nur von Ankara anerkannt wurde. Eine schmale, gr\u00fcne Pufferzone der Vereinten Nationen teilt die Insel heute von Ost nach West, w\u00e4hrend Friedensgespr\u00e4che und europ\u00e4ische Vermittlung im Schatten konfliktreicher Vergangenheiten weitergehen.<\/p>\n<p>Trotz politischer Konflikte hat Zypern eine fortschrittliche, einkommensstarke Wirtschaft aufgebaut, die auf Tourismus, Finanzdienstleistungen und Schifffahrt basiert. Seit dem Beitritt zur Europ\u00e4ischen Union im Mai 2004 und der Einf\u00fchrung des Euro im Januar 2008 hat die Republik Zypern Investitionen in den Immobilien-, Gastgewerbe- und Dienstleistungssektor angezogen. Die britischen St\u00fctzpunkte in Akrotiri und Dhekelia sind nach wie vor von strategischer Bedeutung, und Nikosia best\u00e4tigte 2024 seine Absicht, der NATO beizutreten \u2013 ein weiterer Aspekt im komplexen au\u00dfenpolitischen Kalk\u00fcl der Insel. Der t\u00fcrkische Norden, der unter Embargos und eingeschr\u00e4nkter Anerkennung steht, ist stark auf Ankaras Subventionen und die Schattenwirtschaft angewiesen.<\/p>\n<p>Fruchtbare Ebenen, schroffe Berge und fast 1.000 Kilometer K\u00fcste ziehen j\u00e4hrlich fast vier Millionen Besucher an. Sonnenbeschienene Str\u00e4nde \u2013 lange Sand- und Kiesstr\u00e4nde \u2013 ziehen sich fast ununterbrochen hin, nur unterbrochen von Fischerh\u00e4fen und vereinzelten Klosteranlagen. Im Landesinneren beherbergt das Troodos-Hochland D\u00f6rfer, in denen Weinberge an terrassierten H\u00e4ngen haften und jahrhundertealte Kirchen mit byzantinischen Fresken gl\u00e4nzen. Im Norden zeugen die antike Stadt Salamis und die antiken Ruinen von Paphos von einer gemeinsamen Antike. Doch in der Hauptstadt Nikosia erstrecken sich moderne Caf\u00e9s und Galerien bis in die Stra\u00dfen, die vor 500 Jahren von den Venezianern ummauert wurden.<\/p>\n<p>Das Klima der Insel \u2013 mediterran an der K\u00fcste und halbtrocken im Nordosten \u2013 geh\u00f6rt zu den w\u00e4rmsten in der EU. Die Winter bringen Regen \u2013 meist von November bis M\u00e4rz \u2013 und gelegentlich Schnee im Hochland. Die Sommer dauern fast acht Monate, gemildert durch die Meeresbrise, unterbrochen von Hitzewellen. Die Sonneneinstrahlung blendet im Durchschnitt mehr als dreitausend Stunden pro Jahr \u2013 fast doppelt so viel wie in nordeurop\u00e4ischen Hauptst\u00e4dten. Dieses Licht hat sowohl die Landwirtschaft als auch die Freizeit gepr\u00e4gt: Zitrusplantagen, Olivenhaine und Weinberge gedeihen; Schwimmen und Segeln bestimmen die lange Hochsaison.<\/p>\n<p>Ein modernes Stra\u00dfennetz erstreckt sich vom K\u00fcstenstreifen aus. Autobahnen verbinden die wichtigsten H\u00e4fen Limassol und Larnaka mit Nikosia, Larnaka mit Paphos und Nikosia mit Ost und West. Busse bedienen alle gr\u00f6\u00dferen St\u00e4dte, obwohl der Anteil privater Pkw nach wie vor hoch ist. Im Norden der T\u00fcrkei verkehren kleinere Minibusse h\u00e4ufiger, aber weniger zuverl\u00e4ssig. Zwei internationale Flugh\u00e4fen \u2013 Larnaka und Paphos \u2013 bieten Linienfl\u00fcge aus Europa, dem Nahen Osten und anderen L\u00e4ndern an, w\u00e4hrend der Flughafen Ercan im Norden \u00fcber die T\u00fcrkei verkehrt. F\u00e4hren, die 2022 erneuert wurden, verbinden Limassol mit Pir\u00e4us in Griechenland und bieten eine alternative, gem\u00fctliche Anreisem\u00f6glichkeit auf die Insel.<\/p>\n<p>Zyperns Bev\u00f6lkerung von etwas \u00fcber 900.000 im staatlich kontrollierten S\u00fcden ist \u00fcberwiegend griechisch-orthodox, mit einem kleinen Mosaik aus armenischen, maronitischen, lateinisch-katholischen und protestantischen Minderheiten. Bildungs- und Gesundheitsindikatoren geh\u00f6ren zu den h\u00f6chsten in Europa. Im Norden bilden sunnitische Muslime die Mehrheit. Sie leben \u2013 wenn auch etwas abgeschieden \u2013 mit gemeinsamen kulinarischen und musikalischen Traditionen, die aus der Zeit vor der Teilung des 20. Jahrhunderts stammen. Beide Gemeinschaften legen Wert auf Gastfreundschaft: Sie bieten G\u00e4sten Kaffee oder ein Glas gek\u00fchlte Zivania an und laden sie zur Teilnahme an Hochzeiten, Festen und Erntedankfesten ein.<\/p>\n<p>Die Sprache spiegelt diese Dualit\u00e4t wider. Griechisch und T\u00fcrkisch sind Amtssprachen, w\u00e4hrend Englisch \u2013 ein Erbe der Kolonialherrschaft und ein Werkzeug f\u00fcr Handel und Tourismus \u2013 weiterhin eine wichtige Zweitsprache ist. Armenisch und zypriotisch-maronitisches Arabisch genie\u00dfen anerkannten Status als Minderheitensprachen. Im Alltag weichen die Dialekte des zypriotischen Griechisch und T\u00fcrkisch deutlich von ihren Standardformen ab und weisen durch die lokale Geschichte gepr\u00e4gte Redewendungen und Laute auf. In j\u00fcngerer Zeit hat Russisch in Limassol und Paphos an Bedeutung gewonnen, wo russischsprachige Schilder und Gesch\u00e4fte die Bed\u00fcrfnisse einer wachsenden Expatriate-Community bedienen.<\/p>\n<p>Kultureller Ausdruck ist hier untrennbar mit dem Ort verbunden. Die bemalten Kirchen des Troodos-Gebirges \u2013 zehn UNESCO-Welterbest\u00e4tten \u2013 tragen lebendige Fresken, die theologische Erz\u00e4hlungen auf Steinmauern abbilden. Restaurierte Hammams in der Altstadt von Nikosia erinnern an die fr\u00e4nkische und osmanische Zeit der Stadt und bieten Dampfb\u00e4der und Massagen unter antiken Kuppeln. Der Karneval in Limassol findet jedes Jahr im Februar statt, ein farbenfrohes Zwischenspiel, das erst im 20. Jahrhundert begann, aber noch weiter zur\u00fcckreichende Br\u00e4uche maskierter Darbietungen ehrt. Traditionelle T\u00e4nze, vom Tsifteteli bis zur Sousta, beleben Hochzeiten und Dorffeste gleicherma\u00dfen und verbinden die Inselbewohner \u00fcber Sprach- und Glaubensgrenzen hinweg.<\/p>\n<p>Doch unter der geselligen Oberfl\u00e4che verbirgt sich ein Bewusstsein f\u00fcr die Zerbrechlichkeit. J\u00e4ger mit lizenzierten Schrotflinten durchstreifen im Winter die offene Landschaft, und verirrte Schrotkugeln k\u00f6nnen auf Wanderrouten landen. Die Gr\u00fcne Linie ist im Alltagsbewusstsein pr\u00e4sent: Schulen lehren parallele Geschichten, und es gibt weiterhin Bem\u00fchungen um Vers\u00f6hnung in Kunstinitiativen und gemeinsamen Wirtschaftsvorhaben. Die Kriminalit\u00e4tsrate ist nach wie vor niedrig, doch Besuchern wird geraten, ihr Eigentum vor Gelegenheitsdiebstahl zu sch\u00fctzen. Vorsicht ist auch in Ausgehvierteln geboten, wo Kabarettclubs manchmal eine dunklere Unterstr\u00f6mung verdecken.<\/p>\n<p>Das Mosaik Zyperns \u2013 seine Geologie, Geschichte, Gemeinschaften und Wirtschaft \u2013 l\u00e4sst sich nicht einfach beschreiben. Es ist sowohl Zeugnis menschlicher Beharrlichkeit als auch ein Korridor der Auseinandersetzung, in dem Imperien aufeinanderprallten und Nachbarn noch immer vorsichtig ihre Pufferzonen \u00fcberschreiten. Doch die W\u00e4rme von Sonne und Meer, die Gro\u00dfz\u00fcgigkeit an zitronig duftenden Tischen und die Widerstandsf\u00e4higkeit von Traditionen, die hellenische, levantinische und anatolische Elemente vereinen, bleiben erhalten. Wer inneh\u00e4lt und hinschaut, dem bietet Zypern die intime Chronik einer Insel, die sowohl Einheit als auch Spaltung erlebt hat, wo das allt\u00e4gliche Leben unter einem mediterranen Himmel weitergeht, der so best\u00e4ndig und komplex ist wie die Gezeiten selbst.<\/p>","protected":false},"excerpt":{"rendered":"<p>Der Inselstaat Zypern im \u00f6stlichen Mittelmeer nimmt eine strategische Position an der Schnittstelle zwischen Europa, Asien und Afrika ein. Mit rund 1,2 Millionen Einwohnern ist Zypern die drittgr\u00f6\u00dfte und bev\u00f6lkerungsreichste Insel im Mittelmeer und bietet eine einzigartige Kombination aus antiker Geschichte, vielf\u00e4ltiger Kultur und zeitgen\u00f6ssischer Entwicklung. Der Inselstaat, offiziell Republik Zypern, liegt geografisch in Westasien; seine kulturellen und politischen Verbindungen orientieren sich jedoch \u00fcberwiegend an S\u00fcdosteuropa, was dem Land eine bedeutende geopolitische Stellung verleiht.<\/p>","protected":false},"author":1,"featured_media":3022,"parent":24078,"menu_order":0,"comment_status":"closed","ping_status":"closed","template":"elementor_theme","meta":{"_eb_attr":"","footnotes":""},"class_list":["post-14401","page","type-page","status-publish","has-post-thumbnail"],"_links":{"self":[{"href":"https:\/\/travelshelper.com\/de\/wp-json\/wp\/v2\/pages\/14401","targetHints":{"allow":["GET"]}}],"collection":[{"href":"https:\/\/travelshelper.com\/de\/wp-json\/wp\/v2\/pages"}],"about":[{"href":"https:\/\/travelshelper.com\/de\/wp-json\/wp\/v2\/types\/page"}],"author":[{"embeddable":true,"href":"https:\/\/travelshelper.com\/de\/wp-json\/wp\/v2\/users\/1"}],"replies":[{"embeddable":true,"href":"https:\/\/travelshelper.com\/de\/wp-json\/wp\/v2\/comments?post=14401"}],"version-history":[{"count":0,"href":"https:\/\/travelshelper.com\/de\/wp-json\/wp\/v2\/pages\/14401\/revisions"}],"up":[{"embeddable":true,"href":"https:\/\/travelshelper.com\/de\/wp-json\/wp\/v2\/pages\/24078"}],"wp:featuredmedia":[{"embeddable":true,"href":"https:\/\/travelshelper.com\/de\/wp-json\/wp\/v2\/media\/3022"}],"wp:attachment":[{"href":"https:\/\/travelshelper.com\/de\/wp-json\/wp\/v2\/media?parent=14401"}],"curies":[{"name":"wp","href":"https:\/\/api.w.org\/{rel}","templated":true}]}}