{"id":14355,"date":"2024-09-19T09:05:58","date_gmt":"2024-09-19T09:05:58","guid":{"rendered":"https:\/\/travelshelper.com\/staging\/?page_id=14355"},"modified":"2026-03-11T23:15:53","modified_gmt":"2026-03-11T23:15:53","slug":"pilsen","status":"publish","type":"page","link":"https:\/\/travelshelper.com\/de\/destinations\/europe\/czech-republic\/plzen\/","title":{"rendered":"Pilsen"},"content":{"rendered":"<p>Pilsen liegt an einem einzigartigen Ort am Zusammenfluss der vier Fl\u00fcsse M\u017ee, \u00dahlava, \u00daslava und Radbuza, deren Zusammenfluss die Berounka bildet. Die rund 188.000 Einwohner z\u00e4hlende Stadt liegt etwa 78 Kilometer westlich von Prag auf dem sanften H\u00fcgelland des Plasy-Hochlandes und erstreckt sich im Osten und S\u00fcden bis in das \u0160vihov-Hochland. Die h\u00f6chste Erhebung innerhalb der Stadtgrenze ist der H\u00fcgel Chlum mit 416 m \u00fc. M., w\u00e4hrend das Flussbett der Berounka auf 293 m liegt. Im Norden grenzt ein Netz von Fischteichen an die Stadt, und der B\u00f6hmische Stausee an der Radbuza bildet das gr\u00f6\u00dfte Gew\u00e4sser. Diese geografische Lage hat seit \u00fcber sieben Jahrhunderten sowohl Siedlung als auch Industrie gepr\u00e4gt.<\/p>\n<p>Pilsens Urspr\u00fcnge reichen bis ins sp\u00e4te 13. Jahrhundert zur\u00fcck, als es unter den P\u0159emysliden das Stadtrecht erhielt. An wichtigen Handelsrouten gelegen, die B\u00f6hmen mit Bayern verbanden, erlebte es rasch eine Bl\u00fctezeit: Mitte des 14. Jahrhunderts war es die drittgr\u00f6\u00dfte Stadt B\u00f6hmens. Seine strategische Bedeutung erwies sich jedoch als zweischneidiges Schwert. W\u00e4hrend der Hussitenkriege im 15. Jahrhundert ertrug Pilsen drei Belagerungen und entwickelte sich zu einer Bastion des Widerstands gegen die reformistischen Kr\u00e4fte, die das K\u00f6nigreich ersch\u00fctterten. Ein Jahrhundert sp\u00e4ter, zu Beginn des Drei\u00dfigj\u00e4hrigen Krieges, wurde die Stadt erneut belagert, bevor sie von kaiserlichen Truppen erobert wurde.<\/p>\n<p>Das 19. Jahrhundert brachte einen weiteren Wandel mit sich. Als sich Europas politische Konturen ver\u00e4nderten, industrialisierte sich Pilsen mit bemerkenswerter Geschwindigkeit. 1869 wurden die \u0160koda-Werke gegr\u00fcndet, die bald zu einem der f\u00fchrenden Maschinenbauunternehmen \u00d6sterreich-Ungarns und sp\u00e4ter der Tschechoslowakei wurden. \u00dcber die ganze Stadt verteilt entstanden Maschinenwerkst\u00e4tten, Gie\u00dfereien und Eisenbahnwerkst\u00e4tten, die Arbeiter aus l\u00e4ndlichen Gebieten anzogen und Pilsen in die moderne Industriewirtschaft eingliederten. In dieser \u00c4ra, im Jahr 1842, wandte der bayerische Brauer Josef Groll neuartige Methoden zum Brauen von hellem Malz an und braute das erste \u201ePilsner\u201c Bier. Bis heute ist die Pilsner Urquell Brauerei die gr\u00f6\u00dfte des Landes, und auch ihr 1869 gegr\u00fcndetes Schwesterunternehmen Gambrinus genie\u00dft einen hervorragenden Ruf. Beide Marken geh\u00f6ren heute zur Asahi Group Holdings.<\/p>\n<p>Neben seiner industriellen Identit\u00e4t fungiert Pilsen als wirtschaftliches Zentrum Westb\u00f6hmens. Obwohl hier nur 30 Prozent der Bev\u00f6lkerung der Region leben, erwirtschaftet die Stadt rund zwei Drittel des BIP \u2013 ein Ungleichgewicht, das teilweise auf Pendler zur\u00fcckzuf\u00fchren ist, aber vor allem auf die Konzentration von Unternehmen, Forschungsinstituten und Dienstleistern in der Stadt zur\u00fcckzuf\u00fchren ist. 2015 wurde Pilsens kulturelles Erbe gew\u00fcrdigt, als die Stadt zur Kulturhauptstadt Europas gew\u00e4hlt wurde. Das denkmalgesch\u00fctzte Stadtzentrum bewahrt ein au\u00dfergew\u00f6hnliches Ensemble aus Barockkirchen, gotischen Kathedralen und Renaissance-Stadtbauten.<\/p>\n<p>Im Herzen der Altstadt steht die St.-Bartholom\u00e4us-Kathedrale. Ihr gotisches Kirchenschiff wurde im sp\u00e4ten 13. Jahrhundert begonnen, und ihr Turm ist mit 102 m der h\u00f6chste Kirchturm Tschechiens. In der N\u00e4he befindet sich das Renaissance-Rathaus (1554\u201359), das dem italienischen Architekten Giovanni de Statia zugeschrieben wird. Es besticht durch seine schlichte Fassade, die von kunstvollen Pilastern und Arkadenloggien durchbrochen wird. Doch es ist die Gro\u00dfe Synagoge im neomaurischen Stil, die 1893 fertiggestellt wurde und die meisten Besucher \u00fcberrascht: Ihre Hufeisenb\u00f6gen und das polychrome Mauerwerk machen sie zur zweitgr\u00f6\u00dften Synagoge Europas, nur \u00fcbertroffen von der Synagoge in der Doh\u00e1ny-Stra\u00dfe in Budapest.<\/p>\n<p>Unter diesen Wahrzeichen liegt eine andere Welt. Das \u00fcber Jahrhunderte entstandene historische unterirdische Netz von Pilsen erstreckt sich \u00fcber rund zwanzig Kilometer, doch nur rund 750 Meter der Tunnel, die bis zu zw\u00f6lf Meter tief reichen, sind f\u00fcr F\u00fchrungen zug\u00e4nglich. Diese Gew\u00f6lbekeller beherbergten einst Brauereien, Kaufh\u00e4user und st\u00e4dtische Lager und bieten einen Einblick in die mittelalterliche Stadt, die Handel und Festungsbau in Einklang brachte. An der Oberfl\u00e4che befindet sich der ehemalige Wasserturm am Prager Tor \u2013 erbaut 1532 und sp\u00e4ter im franz\u00f6sischen Imperialstil umgebaut (1822) \u2013, dessen originales gotisches Portal erhalten ist. An der Wand befindet sich eine Gedenktafel f\u00fcr Dr. Josef \u0160koda, der 1805 nebenan geboren wurde und dessen gleichnamiges Unternehmen das Schicksal der Stadt entscheidend pr\u00e4gen sollte.<\/p>\n<p>Der Rhythmus des allt\u00e4glichen Lebens in Pilsen ist nach wie vor an die Wasserl\u00e4ufe und die R\u00e4der der Industrie gebunden, doch auch der \u00f6ffentliche Nahverkehr ist hier pr\u00e4sent. Der Gro\u00dfraum Pilsen verf\u00fcgt \u00fcber ein Netz aus Stra\u00dfenbahnen, Obussen und Bussen der PMDP. Fahrkarten, die an Automaten, in Gesch\u00e4ften oder im Auto mit einer kontaktlosen Chipkarte gekauft werden, erm\u00f6glichen die Nutzung aller Verkehrsmittel. Vielfahrer k\u00f6nnen mit der wiederaufladbaren Pilsen-Karte w\u00e4hrend ihrer G\u00fcltigkeitsdauer unbegrenzt fahren. Neben dem \u00f6ffentlichen Nahverkehr kreuzen sich hier f\u00fcnf wichtige Bahnlinien: Linie 170 nach Prag, Beroun und Cheb; 180 nach Taus und Furth im Wald in Deutschland; 183 nach Klatovy und \u017delezn\u00e1 Ruda; 160 nach \u017datec und 190 nach \u010cesk\u00e9 Bud\u011bjovice. Alle Linien laufen am Hauptbahnhof Pilsen zusammen. Reisende mit dem Auto profitieren von der Autobahn D5, die Prag mit N\u00fcrnberg verbindet, w\u00e4hrend ein Flughafen in L\u00edn\u011b, elf Kilometer s\u00fcdwestlich, Inlandsfl\u00fcge und privaten internationalen Verkehr abwickelt.<\/p>\n<p>Das Klima in Pilsen wird als ozeanisch (Cfb) klassifiziert und ist gepr\u00e4gt von gem\u00e4\u00dfigten Sommern und k\u00fchlen Wintern. Die j\u00e4hrliche Niederschlagsmenge betr\u00e4gt durchschnittlich 525 mm, und die mittlere Jahrestemperatur liegt bei 8,4 \u00b0C. Die Extremwerte reichten von -28,0 \u00b0C am 12. Februar 1985 bis 40,1 \u00b0C am 27. Juli 1983 und zeugen vom kontinentalen Einfluss der Region auf die ozeanische Basislinie. Diese Bedingungen beg\u00fcnstigen \u00fcppige, baumges\u00e4umte Boulevards und die zahlreichen Parks, die den historischen Stadtkern umgeben \u2013 ein Gr\u00fcng\u00fcrtel, der von Einwohnern und Besuchern gleicherma\u00dfen gesch\u00e4tzt wird.<\/p>\n<p>Das b\u00fcrgerliche Leben in Pilsen erstreckt sich \u00fcber Handel und Kultur hinaus auf Glauben und Gemeinschaft. Seit dem 31. Mai 1993 ist die Stadt Sitz der r\u00f6misch-katholischen Di\u00f6zese Pilsen mit 818.700 Gl\u00e4ubigen in 72 Pfarreien und zehn Vikariaten. Dem ersten Bischof, Franti\u0161ek Radkovsk\u00fd, folgte der aktuelle Bischof, Tom\u00e1\u0161 Holub; ihr Domsitz befindet sich in St. Bartholom\u00e4us. Auch protestantische Traditionen sind lebendig: Die Evangelische Kirche der B\u00f6hmischen Br\u00fcder unterh\u00e4lt hier ihr westb\u00f6hmisches Seniorat unter der Leitung von Senior Miroslav Hamari von der Gemeinde Koranda und Kirchenvorsteher Josef Bene\u0161; zwei weitere Br\u00fcdergemeinden betreuen Ji\u017en\u00ed p\u0159edm\u011bst\u00ed und das nahegelegene Chr\u00e1st. Die Stadt beherbergt das Bistum Pilsen der Tschechoslowakischen Hussitischen Kirche unter Bischof Filip \u0160tojdl, dessen Bischofssitz jedoch vor\u00fcbergehend nach Mirovice verlegt wurde. Auch die Tschechische Evangelisch-Lutherische Kirche hat hier ihren Hauptsitz; ihre St.-Paulus-Kirche betreut die \u00f6rtlichen Gemeindemitglieder. Andere Konfessionen \u2013 Lutheraner des Augsburger Bekenntnisses, Methodisten, Siebenten-Tags-Adventisten, Br\u00fcdergemeinde, Orthodoxe und Griechisch-Katholische \u2013 tragen zur religi\u00f6sen Vielfalt Pilsens bei.<\/p>\n<p>Museen und Galerien unterstreichen die intellektuelle Bandbreite der Stadt. Das Westb\u00f6hmische Museum in Kopeck\u00e9ho sady zeigt wechselnde Ausstellungen zu Arch\u00e4ologie, Kunst und Geschichte, w\u00e4hrend das st\u00e4dtische Zeughaus Feuerwaffen und R\u00fcstungen aus dem 14. bis 17. Jahrhundert beherbergt. Ganz in der N\u00e4he erz\u00e4hlt das Ethnografische Museum der Region Pilsen von l\u00e4ndlichen Br\u00e4uchen, und das Brauereimuseum verfolgt die lokale Braukunst von den mittelalterlichen M\u00f6nchsrechten \u2013 die 1375 von K\u00f6nig Karl IV. verliehen wurden \u2013 bis zur modernen Produktion. Das Techmania Science Center in einem ehemaligen \u0160koda-Fabrikkomplex l\u00e4dt zur interaktiven Erkundung von Physik und Technik ein. Milit\u00e4rgeschichte findet im Patton Memorial Pilsen ein Zuhause, das der Befreiung durch die 3. US-Armee im Mai 1945 gewidmet ist. Leichtere Kost erwartet Sie im Geistermuseum mit seinem Folkloretableau und im Puppenmuseum, das die geschichtstr\u00e4chtige Marionettentradition von Pilsen w\u00fcrdigt. Das Di\u00f6zesanmuseum im Franziskanerkreuzgang bietet Skulpturen von der Gotik bis zum Barock, seine Galerien sind derzeit jedoch geschlossen.<\/p>\n<p>Kunstliebhaber treffen sich in der Pilsner Stadtkunstgalerie und ihrem Gegenst\u00fcck, den Masn\u00e9 kr\u00e1my (Westb\u00f6hmische Kunstgalerie), sowie in der Ji\u0159\u00ed Trnka Kunstgalerie, benannt nach dem ber\u00fchmten lokalen Puppenspieler und Illustrator. Au\u00dferhalb der Stadtgrenzen liegt der Air Park in Neb\u0159ehovice, wo eine Freilichtausstellung von rund f\u00fcnfzig Flugzeugen an die Verbindungen Pilsens zur Luft- und Raumfahrt erinnert.<\/p>\n<p>Pilsen zu erleben bedeutet, sowohl das Gew\u00f6hnliche als auch das Au\u00dfergew\u00f6hnliche zu genie\u00dfen. Ein Spaziergang durch die Stadtparks offenbart Ausblicke auf Ziegeld\u00e4cher und Kircht\u00fcrme; der Aufstieg zum Glockenturm der St. Bartholom\u00e4us-Kirche belohnt mit einem atemberaubenden Panoramablick auf D\u00e4cher und Flussbiegungen. In Tavernen nahe der Gro\u00dfen Synagoge oder am Radbuza-Kai erinnert ein Glas ungefiltertes Pilsner Urquell an die Brautradition der Stadt. Wer den besonderen Nervenkitzel sucht, kann bei privaten Unternehmen wie MiGFlug &amp; Adventure einen D\u00fcsenj\u00e4ger von einem St\u00fctzpunkt in der N\u00e4he von Pilsen aus steuern \u2013 ein Erlebnis, das zwar kostspielig ist, aber die anhaltende Verbundenheit der Stadt mit Geschwindigkeit und Pr\u00e4zision unterstreicht.<\/p>\n<p>Sportlich ist in Pilsen vor allem der FC Viktoria Pilsen beliebt, dessen Meisterschaftsteam in der Doosan Arena, einem Stadion mit zw\u00f6lftausend Sitzpl\u00e4tzen, nur einen kurzen Spaziergang vom Platz der Republik entfernt, spielt. Eishockeyfans folgen dem HC \u0160koda Pilsen in der Logspeed CZ Arena, wo jeden Winter das Echo der Schlittschuhe auf dem Eis erklingt.<\/p>\n<p>Der Stadtkalender spiegelt die vielschichtige Vergangenheit und dynamische Gegenwart Pilsens wider. Jedes Jahr im Mai, rund um den Jahrestag der Befreiung am 6. Mai 1945, erf\u00fcllt das Befreiungsfestival die Stra\u00dfen mit Musik und Gedenken. Im Sommer findet am letzten Juliwochenende das Puppet Rock Festival statt \u2013 ein Open-Air-Konzert mit Musik und Puppenspiel im Park des Plzen Plaza \u2013 und Anfang August das In The Streets Festival mit Theater-, Tanz- und Stra\u00dfenauff\u00fchrungen auf verschiedenen B\u00fchnen und der gro\u00dfen Plattform des Platzes der Republik. Der H\u00f6hepunkt des Herbstes ist das Pilsner Fest im September, bei dem die urspr\u00fcngliche Brauerei Bierliebhaber zu Ehren ihrer Gr\u00fcndung 1842 einl\u00e4dt.<\/p>\n<p>In Pilsen verflechten sich Geschichte und Moderne. Gotische Steinbauten, Renaissanceb\u00f6gen und maurische Ornamente pr\u00e4gen die von Stra\u00dfenbahnen und Motorrollern belebten Gassen. Fl\u00fcsse treffen aufeinander, und in ihrem Zusammenfluss findet die Stadt sowohl Handel als auch Gem\u00fctlichkeit. Hier ist die Vergangenheit weder versteinert noch vergessen; sie flie\u00dft so sicher wie die Berounka neuen Horizonten entgegen.<\/p>","protected":false},"excerpt":{"rendered":"<p>Pilsen, eine Stadt von bemerkenswerter historischer und kultureller Bedeutung, liegt im Westen der Tschechischen Republik, etwa 78 Kilometer westlich von Prag. Pilsen hat rund 186.000 Einwohner im Stadtgebiet und rund 323.184 im Stadtgebiet und ist damit die viertgr\u00f6\u00dfte Stadt Tschechiens. Das in Westb\u00f6hmen gelegene Stadtzentrum hat \u00fcber Jahrhunderte hinweg ma\u00dfgeblich zur Entwicklung der Region beigetragen und sich von einem mittelalterlichen Handelsposten zu einem modernen Industrie- und Kulturzentrum entwickelt.<\/p>","protected":false},"author":1,"featured_media":2986,"parent":14322,"menu_order":0,"comment_status":"closed","ping_status":"closed","template":"elementor_theme","meta":{"_eb_attr":"","footnotes":""},"class_list":["post-14355","page","type-page","status-publish","has-post-thumbnail"],"_links":{"self":[{"href":"https:\/\/travelshelper.com\/de\/wp-json\/wp\/v2\/pages\/14355","targetHints":{"allow":["GET"]}}],"collection":[{"href":"https:\/\/travelshelper.com\/de\/wp-json\/wp\/v2\/pages"}],"about":[{"href":"https:\/\/travelshelper.com\/de\/wp-json\/wp\/v2\/types\/page"}],"author":[{"embeddable":true,"href":"https:\/\/travelshelper.com\/de\/wp-json\/wp\/v2\/users\/1"}],"replies":[{"embeddable":true,"href":"https:\/\/travelshelper.com\/de\/wp-json\/wp\/v2\/comments?post=14355"}],"version-history":[{"count":0,"href":"https:\/\/travelshelper.com\/de\/wp-json\/wp\/v2\/pages\/14355\/revisions"}],"up":[{"embeddable":true,"href":"https:\/\/travelshelper.com\/de\/wp-json\/wp\/v2\/pages\/14322"}],"wp:featuredmedia":[{"embeddable":true,"href":"https:\/\/travelshelper.com\/de\/wp-json\/wp\/v2\/media\/2986"}],"wp:attachment":[{"href":"https:\/\/travelshelper.com\/de\/wp-json\/wp\/v2\/media?parent=14355"}],"curies":[{"name":"wp","href":"https:\/\/api.w.org\/{rel}","templated":true}]}}