{"id":14301,"date":"2024-09-19T08:21:38","date_gmt":"2024-09-19T08:21:38","guid":{"rendered":"https:\/\/travelshelper.com\/staging\/?page_id=14301"},"modified":"2026-03-11T23:25:07","modified_gmt":"2026-03-11T23:25:07","slug":"kopenhagen","status":"publish","type":"page","link":"https:\/\/travelshelper.com\/de\/destinations\/europe\/denmark\/copenhagen\/","title":{"rendered":"Copenhagen"},"content":{"rendered":"<p>Kopenhagen ist ein Zeugnis der Geschichte der Jahrhunderte \u2013 einst ein bescheidenes Fischerdorf, heute eine florierende nordeurop\u00e4ische Hauptstadt, in der mittelalterliche Stra\u00dfen an elegante, moderne Fassaden grenzen und kulturelle Institutionen und hochmoderne Industrie gleicherma\u00dfen eine wichtige Rolle spielen. Seit ihrer Gr\u00fcndung im 10. Jahrhundert am m\u00e4andernden Wasser des heutigen Gammel Strand war die Stadt Zeuge des Aufstiegs und Falls von Imperien, der Schrecken von Pest und Bombardierungen sowie der stetigen Entwicklung urbaner Visionen. Heute leben in Kopenhagen 1,4 Millionen Menschen in einem Stadtkern, der sich \u00fcber die Inseln Seeland und Amager erstreckt und \u00fcber den \u00d6resund bis nach Malm\u00f6 reicht \u2013 \u00fcber die elegante Br\u00fccke, die die d\u00e4nische und die schwedische K\u00fcste verbindet. Als politischer Sitz, Wirtschaftsmotor und kulturelles Herz D\u00e4nemarks verbindet sie das Erbe k\u00f6niglicher Ambitionen und der Bildung der Aufkl\u00e4rung mit der Dynamik eines Zentrums des 21. Jahrhunderts f\u00fcr Pharmazeutika, Informationstechnologie und saubere Energie. Gleichzeitig bewahrt sie den menschlichen Ma\u00dfstab und die Gr\u00fcnfl\u00e4chen, die sie zu einer der lebenswertesten St\u00e4dte der Welt machen.<\/p>\n<p>Das mittelalterliche Herz der Stadt erwachte erstmals unter der Herrschaft der Wikinger zum Leben. Die bescheidenen Fischerh\u00fctten wichen den befestigten W\u00e4llen, die sp\u00e4ter den Festungsring pr\u00e4gen sollten. Im fr\u00fchen 15. Jahrhundert wurde Kopenhagen zur Hauptstadt erhoben, und im 16. Jahrhundert diente es de facto als monarchischer Sitz der Kalmarer Union, die D\u00e4nemark, Schweden und Norwegen unter einer einzigen Krone vereinte. Der Handel floss durch die Renaissancestra\u00dfen, und die Stadt florierte als kultureller Schmelztiegel Skandinaviens. Das 17. Jahrhundert festigte ihre Rolle als Machtzentrum weiter \u2013 Pal\u00e4ste, Arsenale und Ministerien strahlten Autorit\u00e4t aus, die von einem st\u00e4dtischen Kern ausging, der sich stetig \u00fcber die alten Mauern hinaus ausbreitete. Doch das 18. Jahrhundert brachte sowohl Ungl\u00fcck als auch Erneuerung: Pest und Gro\u00dfbr\u00e4nde verw\u00fcsteten weite Teile der Fachwerkh\u00e4user, woraufhin die Stadtplaner mit Frederiksstaden reagierten, einem prestigetr\u00e4chtigen Viertel mit Rokoko-Villen und breiten Alleen. In dieser \u00c4ra verankerten das K\u00f6nigliche Theater und die Akademie der Sch\u00f6nen K\u00fcnste Kopenhagens kulturelle Ambitionen, auch wenn die Stadt bedauerlicherweise vom Sklavenhandel profitierte, der sich \u00fcber ihre Handelsflotten zog.<\/p>\n<p>Die Wirren der Napoleonischen Kriege erreichten Kopenhagen 1807, als eine britische Flotte die Stadt bombardierte und zur Unterwerfung zwang. Aus den Tr\u00fcmmern dieses Ungl\u00fccks erwuchs das Goldene Zeitalter D\u00e4nemarks \u2013 eine Epoche neoklassizistischer Architektur, k\u00fcnstlerischer Innovation und philosophischer Unruhe, die das Gesicht der Stadt neu pr\u00e4gte. Im 20. Jahrhundert entstand im Zuge des Wiederaufbaus nach dem Krieg der Fingerplan, ein vision\u00e4rer Entwurf, der das Wachstum entlang f\u00fcnf Eisenbahnkorridore lenkte und daf\u00fcr sorgte, dass Wohnungsbau und Handel parallel zur Verkehrsinfrastruktur weiterentwickelt wurden. Die Fertigstellung der \u00d6resundbr\u00fccke um die Jahrtausendwende erweiterte Kopenhagens Einflussbereich weiter, verband die Stadt mit der \u00d6resundregion und Schweden und f\u00f6rderte den wirtschaftlichen und kulturellen Austausch \u00fcber den Sund hinweg.<\/p>\n<p>Geografisch ist Kopenhagen durch seine maritime Lage gepr\u00e4gt. Es liegt an der Ostk\u00fcste Seelands, erstreckt sich s\u00fcdw\u00e4rts bis Amager und umfasst eine Inselgruppe, die in der Bucht zwischen D\u00e4nemark und Schweden schwebt. Auf der anderen Seite des \u00d6resunds liegt Malm\u00f6 42 Kilometer s\u00fcd\u00f6stlich, N\u00e6stved und Odense 85 bzw. 164 Kilometer s\u00fcdwestlich; Aarhus liegt etwa 188 Kilometer nordwestlich, sowohl per Schiff als auch per Stra\u00dfe. Innerhalb dieser Entfernungen strahlt der Einfluss der Stadt \u2013 politisch, kommerziell und kulturell \u2013 aus und verbindet Insel und Festland ebenso geschickt wie ihr Netz aus Br\u00fccken, F\u00e4hren und Tunneln die Stadtteile miteinander verbindet.<\/p>\n<p>Die alten W\u00e4lle, die einst Kopenhagen sch\u00fctzten, pr\u00e4gen noch heute den Festungsring, der heute als gr\u00fcnes Band den mittelalterlichen Stadtkern umgibt. Dahinter entstanden zwischen 1870 und 1915 die Arbeiterviertel des 19. Jahrhunderts \u2013 \u00d8sterbro, N\u00f8rrebro, Vesterbro, Amagerbro. Ihre gitterf\u00f6rmigen Stra\u00dfen waren von Backsteinh\u00e4usern ges\u00e4umt und von kleinen Parks unterbrochen. Die Vororte, die zwischen 1920 und 1960 folgten \u2013 Kongens Enghave, Valby, Vanl\u00f8se und andere \u2013, nahmen einen sanfteren Charakter an, in dem sich niedrige Wohnsiedlungen den Raum mit Gr\u00fcnfl\u00e4chen teilten. Das Parknetz der Stadt und ihre K\u00fcste sind integraler Bestandteil des t\u00e4glichen Lebens: Der Amager Strandpark, eine 2005 er\u00f6ffnete k\u00fcnstliche Strandlandschaft, bietet 4,6 Kilometer Sandstrand und Promenaden weniger als f\u00fcnfzehn Fahrradminuten vom Zentrum entfernt, w\u00e4hrend der Bellevue Beach im Norden und die ber\u00fchmten Hafenb\u00e4der von Islands Brygge das ganze Jahr \u00fcber zum Schwimmen und Entspannen einladen.<\/p>\n<p>Kopenhagens ozeanisches Klima bringt ein wechselhaftes Wechselspiel aus atlantischen Tiefsttemperaturen, milden Sommern und k\u00fchlen Wintern mit sich. Die Niederschl\u00e4ge sind moderat, wobei es von Juli bis September etwas feuchter sein kann. Schnee f\u00e4llt normalerweise zwischen Ende Dezember und Anfang M\u00e4rz und kann bis zu einem halben Meter in 24 Stunden betragen. Die Anzahl der Sonnenstunden schwankt stark \u2013 von etwa acht pro Tag im Juni bis zu knapp anderthalb im Winter. Dadurch wird der Kontrast zwischen einem Hochsommertag von 4:26 bis 21:58 Uhr und dem kurzen Wintertag von 8:37 bis 15:39 Uhr umso deutlicher. Die H\u00f6chsttemperaturen liegen im hitzegek\u00fcssten Juli im Durchschnitt bei 21 \u00b0C, w\u00e4hrend die k\u00e4ltesten Wochen um den Gefrierpunkt liegen.<\/p>\n<p>Kopenhagen ist demografisch gesehen die gr\u00f6\u00dfte Gemeinde D\u00e4nemarks und beherbergte im Jahr 2022 rund 644.000 Einwohner. Z\u00e4hlt man die Vororte Frederiksberg, Drag\u00f8r und T\u00e5rnby statistisch mit ein, steigt die Einwohnerzahl auf 764.000. Das j\u00fcngste Wachstum der Gemeinde ist von der Zuwanderung gepr\u00e4gt: Anfang 2022 hatten fast 27 Prozent der Gemeindebev\u00f6lkerung ihren Ursprung au\u00dferhalb D\u00e4nemarks. Die gr\u00f6\u00dften im Ausland geborenen Gemeinden kamen aus Pakistan, der T\u00fcrkei, dem Irak, Deutschland und Polen. Das religi\u00f6se Leben spiegelt diese Vielfalt wider. Etwas mehr als die H\u00e4lfte der Bev\u00f6lkerung entf\u00e4llt auf die D\u00e4nische Nationalkirche, w\u00e4hrend der Islam mit rund 10 Prozent der Einwohner zur zweitgr\u00f6\u00dften Glaubensrichtung geworden ist und in N\u00f8rrebro und Vestegnen lebendige Gemeinden bildet. Das j\u00fcdische Erbe Kopenhagens reicht bis ins 17. Jahrhundert zur\u00fcck und ist in aktiven Synagogen und dem D\u00e4nischen J\u00fcdischen Museum weiterhin sichtbar.<\/p>\n<p>Kopenhagen ist D\u00e4nemarks Regierungssitz und Sitz des Folketings und der Ministerien, die die nationale Politik bestimmen. Mit der Kopenhagener B\u00f6rse ist die Stadt zugleich das Finanzzentrum des Landes und ein wichtiger Dienstleistungsstandort \u2013 Transport, Kommunikation, Handel und Finanzen besch\u00e4ftigen den Gro\u00dfteil der 350.000 Besch\u00e4ftigten. Zu Beginn des 21. Jahrhunderts haben Investitionen in Informationstechnologie, Pharmazeutika und saubere Technologien das rasante Wachstum des Dienstleistungssektors vorangetrieben. Die Hauptstadtregion verzeichnete 2017 ein BIP von rund 120 Milliarden Euro und geh\u00f6rt damit gemessen am Pro-Kopf-Ertrag zu den f\u00fchrenden Regionen Europas. Kopenhagens Ruf als weltweit f\u00fchrende Stadt der gr\u00fcnen Wirtschaft beruht auf seinem langfristigen Engagement f\u00fcr kohlenstoffarmes Wachstum, Energieeffizienz und nachhaltige Stadtplanung.<\/p>\n<p>Das akademische Leben pulsiert in der ganzen Stadt. Die 1479 gegr\u00fcndete Universit\u00e4t Kopenhagen z\u00e4hlt zu den \u00e4ltesten Hochschulen Europas, w\u00e4hrend die Technische Universit\u00e4t D\u00e4nemark, die Copenhagen Business School und die IT-Universit\u00e4t Kopenhagen Wissenschaftler aus aller Welt anziehen. Auch Sport spielt eine wichtige Rolle: Der FC Kopenhagen und Br\u00f8ndby IF erfreuen sich begeisterter Fu\u00dfballfans, der j\u00e4hrliche Kopenhagen-Marathon f\u00fchrt seit 1980 durch die Stra\u00dfen, und die ber\u00fchmten fahrradfreundlichen Stra\u00dfen der Stadt bergen ein Netz an \u00f6ffentlichen Verkehrsmitteln \u2013 Movia-Busse, die Kopenhagener U-Bahn (seit 2002), die S-Bahn, die Lokaltog-Linien und die K\u00fcstenlinie \u2013, die Pendler und Touristen gleicherma\u00dfen bedienen. Der Flughafen Kopenhagen-Kastrup z\u00e4hlt mit 2,5 Millionen Passagieren pro Monat zu den verkehrsreichsten in den nordischen L\u00e4ndern.<\/p>\n<p>Die Skyline Kopenhagens ist das Ergebnis bewusster Zur\u00fcckhaltung und mutiger Innovation. Der mittelalterliche Kern, bekannt als Middelalderbyen, besteht noch heute aus engen Gassen und alten Kirchen, verankert durch Schloss Christiansborg auf Slotsholmen. Frederiksstaden, im 18. Jahrhundert unter Friedrich V. erbaut, vereint die vier Herrenh\u00e4user von Amalienborg und die Kuppel der Frederikskirche in Rokoko-Harmonie. Jenseits des historischen Zentrums erheben sich auf der \u00d8restad-Ebene und in Holmen zeitgen\u00f6ssische Projekte, darunter das Opernhaus und moderne B\u00fcrokomplexe. Doch der politische Wille hat die Innenstadt lange vor dem Vordringen von Hochh\u00e4usern gesch\u00fctzt. Das Ergebnis ist eine Stadt, die ihre vertikalen Akzente \u2013 die turmbekr\u00f6nten Kirchen Unserer Lieben Frau und St. Nikolaj sowie den drachenschwanzf\u00f6rmigen B\u00f6rsenturm Christians IV. \u2013 ehrt und gleichzeitig eine menschengerechte Skyline bewahrt.<\/p>\n<p>Jeder Bezirk bietet sein eigenes Tableau. Indre By pulsiert mit der weiten Fu\u00dfg\u00e4ngerzone Str\u00f8get, den Kunstausstellungen in Charlottenborg und dem Charme der Kanalpromenade von Nyhavn. Christianshavn mit seinen Wasserstra\u00dfen im holl\u00e4ndischen Stil und der autonomen Enklave Christiania strahlt einen Geist der Toleranz und Kreativit\u00e4t aus. Die Erl\u00f6serkirche ragt neben Hausbooten und Lagerh\u00e4usern, die heute f\u00fcr die nordische K\u00fcche umfunktioniert wurden, in den Himmel. Die Tivoli-G\u00e4rten von Vesterbro zaubern unter den Lichtern der Riesenr\u00e4der eine skurrile Atmosph\u00e4re, w\u00e4hrend das Carlsberg-Viertel Brauereidenkm\u00e4ler inmitten von Kulturst\u00e4tten bewahrt. N\u00f8rrebro hat sich von einem Arbeiterviertel mit Wurzeln zu einer lebendigen, multikulturellen Durchgangsstra\u00dfe gewandelt, deren Mittelpunkt der Sankt Hans Torv und die gr\u00fcne Ruhe des Assistens-Friedhofs sind. Die Botschaften und die Uferpromenade von \u00d8sterbro bieten stattliche Promenaden zur Statue der Kleinen Meerjungfrau und ihrem Gefion-Brunnen mit mythischen Schnitzereien nahe der Stadtmauer von Kastellet. Frederiksberg ist eine gr\u00fcne Gemeinde mit Schloss, Zoo und Theateralleen. S\u00fcdlich der Amagerbr\u00fccke erinnern die Gesch\u00e4fte und Caf\u00e9s von Amagerbro daran, dass sich hier ein lebendiges und zugleich lokales Leben abspielt.<\/p>\n<p>Kopenhagens Museen spiegeln die kulturellen Str\u00f6mungen der Stadt wider. Das Nationalmuseum bietet einen \u00dcberblick \u00fcber die d\u00e4nische und globale Geschichte; das Statens Museum for Kunst zeigt Kunst von mittelalterlichen Altarbildern bis hin zu zeitgen\u00f6ssischen Installationen. Die Ny Carlsberg Glyptotek beherbergt klassische Skulpturen und impressionistische Gem\u00e4lde in glas\u00fcberdachten Galerien; Louisiana liegt am Ufer im Norden der Stadt und verbindet moderne Kunst mit Skulptureng\u00e4rten mit Blick auf den \u00d6resund. Das D\u00e4nische Designmuseum, Thorvaldsens Museum f\u00fcr neoklassische Skulpturen, die unterirdischen Galerien von Cisternerne und die Ordrupgaard-Sammlung mit Kunst des 19. Jahrhunderts vervollst\u00e4ndigen eine Konstellation von Institutionen, die Neugier f\u00f6rdern und den Dialog anregen.<\/p>\n<p>Kopenhagens darstellende K\u00fcnste genie\u00dfen auf B\u00fchnen und in Konzerts\u00e4len internationales Ansehen. Das K\u00f6niglich D\u00e4nische Schauspielhaus und das Opernhaus auf Holmen bieten Ballett-, Schauspiel- und Symphoniekonzerte in R\u00e4umen, die f\u00fcr ihre Akustik und architektonische K\u00fchnheit bekannt sind. Die Konzerthalle im Tivoli und das Jazzfestival \u2013 das jeden Juli amerikanische Auswanderer und einheimische Talente anzieht \u2013 zeugen von einer seit den 1960er Jahren lebendigen Jazztradition. Das Vega in Vesterbro, das zu den besten Konzerts\u00e4len Europas z\u00e4hlt, und Nischenveranstaltungen wie das Festival of Endless Gratitude zeigen eine Stadt, die sowohl Mainstream-Acts als auch Underground-Experimente versteht. Im Sommer verwandelt sich Str\u00f8get in ein Freilufttheater f\u00fcr Stra\u00dfenk\u00fcnstler, Zauberer und Musiker, wo spontane Darbietungen den Fu\u00dfg\u00e4ngerstrom unterbrechen.<\/p>\n<p>Kopenhagens kulinarische Renaissance hat die Stadt an die Spitze der globalen Gastronomie katapultiert. In Amerika ausgebildete Chefk\u00f6che und d\u00e4nische Vision\u00e4re haben gleicherma\u00dfen die Neue Nordische K\u00fcche gef\u00f6rdert, wobei Noma und Geranium internationale Anerkennung erlangten. F\u00fcnfzehn Michelin-Sterne schm\u00fccken die Tische der Stadt, von raffinierten Degustationsmen\u00fcs bis hin zu experimentellen Mischungen aus lokal gesammelten Zutaten. Jenseits der Haute Cuisine verehrt die Stadt Sm\u00f8rrebr\u00f8d \u2013 belegte Roggenbrote, die einfache Bel\u00e4ge mit handwerklicher Kunstfertigkeit vereinen \u2013 und d\u00e4nisches Geb\u00e4ck, das das s\u00fc\u00dfe Erbe von Jahrhunderten in sich tr\u00e4gt. Conditori La Glace, seit 1870 ununterbrochen in Betrieb, gilt als lebendiges Archiv des S\u00fc\u00dfwarenhandwerks. Derweil koexistieren Tradition und Innovation in Kopenhagens Bierszene: Das historische Brauhaus von Carlsberg steht neben Mikrobrauereien, die in ehemaligen Industriegeb\u00e4uden hopfenbetonte Biere z\u00fcchten.<\/p>\n<p>Bei Einbruch der Dunkelheit offenbart Kopenhagen eine Lebendigkeit, die den Eindruck skandinavischer Zur\u00fcckhaltung L\u00fcgen straft. Bars und Clubs in Vesterbro, N\u00f8rrebro, Frederiksberg und Amagerbro haben lange ge\u00f6ffnet \u2013 manche bis zum Morgengrauen \u2013, w\u00e4hrend eine liberale Alkoholkultur den Genuss mit sozialer Verantwortung m\u00e4\u00dfigt. Veranstaltungsorte wie Culture Box, Jolene und ARCH ziehen ein vielf\u00e4ltiges Publikum an, das von elektronischer Musik und Live-Auftritten angezogen wird. Festivals pr\u00e4gen den Kalender: Der Kopenhagener Karneval verwandelt jeden Pfingstsonntag den F\u00e6lledparken, Copenhell l\u00e4dt Metalheads in eine umgebaute Werft ein, Pride steigt im August auf den Rathausplatz, und Copenhagen Distortion belebt Anfang Juni die Stra\u00dfen der Stadt und best\u00e4tigt damit seinen Ruf als gemeinschaftsorientiertes Fest.<\/p>\n<p>Es ist dieses Zusammenspiel \u2013 zwischen langer Geschichte und zukunftsweisendem Design, k\u00f6niglichem Prunk und kreativer Basisarbeit, ruhigen Parks und lebendigen Stra\u00dfen \u2013, das Kopenhagen ausmacht. Unter ihren T\u00fcrmen und an ihren Uferpromenaden offenbart sich die Stadt nicht als statisches Monument, sondern als lebendige Geschichte, die kontinuierlich von denen geschrieben wird, die ihre Alleen entlanggehen, ihre Kan\u00e4le befahren und ihre Skyline pr\u00e4gen. Kopenhagen l\u00e4dt jeden Besucher und Einwohner ein, mitzuerleben, wie sich eine alte Siedlung zu einer modernen Hauptstadt entwickelt hat, ohne dabei den menschlichen Ma\u00dfstab und das Umweltbewusstsein aufzugeben, die ihr gr\u00f6\u00dftes Erbe bleiben.<\/p>","protected":false},"excerpt":{"rendered":"<p>Kopenhagen, die Hauptstadt und gr\u00f6\u00dfte Stadt D\u00e4nemarks, hat 1,4 Millionen Einwohner. Die auf den Inseln Seeland und Amager gelegene Stadt steht f\u00fcr eine lange Geschichte, kulturelle Bedeutung und wirtschaftliche St\u00e4rke. Kopenhagens strategische Lage, durch den \u00d6resund von Malm\u00f6 getrennt, hat seine Rolle als wichtiger Akteur in skandinavischen und europ\u00e4ischen Angelegenheiten ma\u00dfgeblich gepr\u00e4gt.<\/p>","protected":false},"author":1,"featured_media":3002,"parent":14261,"menu_order":0,"comment_status":"closed","ping_status":"closed","template":"elementor_theme","meta":{"_eb_attr":"","footnotes":""},"class_list":["post-14301","page","type-page","status-publish","has-post-thumbnail"],"_links":{"self":[{"href":"https:\/\/travelshelper.com\/de\/wp-json\/wp\/v2\/pages\/14301","targetHints":{"allow":["GET"]}}],"collection":[{"href":"https:\/\/travelshelper.com\/de\/wp-json\/wp\/v2\/pages"}],"about":[{"href":"https:\/\/travelshelper.com\/de\/wp-json\/wp\/v2\/types\/page"}],"author":[{"embeddable":true,"href":"https:\/\/travelshelper.com\/de\/wp-json\/wp\/v2\/users\/1"}],"replies":[{"embeddable":true,"href":"https:\/\/travelshelper.com\/de\/wp-json\/wp\/v2\/comments?post=14301"}],"version-history":[{"count":0,"href":"https:\/\/travelshelper.com\/de\/wp-json\/wp\/v2\/pages\/14301\/revisions"}],"up":[{"embeddable":true,"href":"https:\/\/travelshelper.com\/de\/wp-json\/wp\/v2\/pages\/14261"}],"wp:featuredmedia":[{"embeddable":true,"href":"https:\/\/travelshelper.com\/de\/wp-json\/wp\/v2\/media\/3002"}],"wp:attachment":[{"href":"https:\/\/travelshelper.com\/de\/wp-json\/wp\/v2\/media?parent=14301"}],"curies":[{"name":"wp","href":"https:\/\/api.w.org\/{rel}","templated":true}]}}