{"id":14282,"date":"2024-09-19T08:01:29","date_gmt":"2024-09-19T08:01:29","guid":{"rendered":"https:\/\/travelshelper.com\/staging\/?page_id=14282"},"modified":"2026-03-11T23:24:36","modified_gmt":"2026-03-11T23:24:36","slug":"vejle","status":"publish","type":"page","link":"https:\/\/travelshelper.com\/de\/destinations\/europe\/denmark\/vejle\/","title":{"rendered":"Vejle"},"content":{"rendered":"<p>Vejle, D\u00e4nemarks neuntgr\u00f6\u00dfte Stadt mit 62.011 Einwohnern (Stand: 1. Januar 2025), liegt dort, wo zwei Flusst\u00e4ler auf die Spitze des Vejle-Fjords auf der Halbinsel J\u00fctland treffen. Hier erheben sich steil bewaldete H\u00fcgel zu beiden Seiten einer eiszeitlichen Geschiebelehminsel, die einst Ankerplatz f\u00fcr fr\u00fche Siedlungen war. \u00dcber Jahrhunderte haben Hafen, Eisenbahnknotenpunkte, Autobahnanbindungen und innovative Architektur sowohl die Industrie als auch den Charakter der Stadt gepr\u00e4gt. Vejles fortw\u00e4hrender Dialog zwischen nat\u00fcrlichen Konturen und menschlichem Ehrgeiz zeigt sich in jeder Kurve des Fjords, jedem restaurierten Ufer und jeder modernen Skyline-Silhouette.<\/p>\n<p>Am Wasser erstreckt sich der Vejle Fjord vom Kleinen Belt landeinw\u00e4rts und zieht Schiffe nordw\u00e4rts Richtung Ostsee und weiter durch das Kattegat zum Atlantik. Der urspr\u00fcngliche Stadtkern liegt auf einer Insel aus Geschiebelehm, der von der letzten Eiszeit abgelagert wurde. Hier folgt die Torvegade den Pfaden fr\u00fcher H\u00e4ndler, w\u00e4hrend Glasplatten im Gehweg heute Spuren der mittelalterlichen Marktstra\u00dfe darunter freigeben. Obwohl die Stadt urspr\u00fcnglich eine bescheidene Ansammlung am Flussufer war, sorgte ihre Lage an zwei zusammenlaufenden Wasserstra\u00dfen \u2013 dem Vejle-Fluss und dem schmaleren Grejs-Fluss \u2013 f\u00fcr einen stetigen Fluss von G\u00fctern, Menschen und Ideen.<\/p>\n<p>Oberhalb der Stadt entfalten die bescheidenen Erhebungen der Region eine \u00fcberdimensionale Dramatik. D\u00e4nemarks h\u00f6chster nat\u00fcrlicher Punkt \u00fcbersteigt kaum 170 Meter, und die H\u00fcgel n\u00f6rdlich und s\u00fcdlich von Vejle rahmen den Horizont ein. Das Vejle-Flusstal, das sich ununterbrochen als l\u00e4ngstes Tunneltal des Landes erstreckt, leitet Regenwasser durch sanft abfallende Ufer zum Fjord; das Grejstal schneidet steiler ein und formt D\u00e4nemarks tiefste Schlucht. Beide T\u00e4ler beherbergten einst kleine Bauerngemeinden; heute sind sie von Wanderwegen durchzogen, die Kalksteinschichten, moosbewachsene Felsbrocken und das Rascheln von Buchen und Eichen freigeben.<\/p>\n<p>Das Fu\u00dfg\u00e4ngerzentrum der Stadt liegt an der Algade, einer breiten, gepflasterten Stra\u00dfe mit Gesch\u00e4ften, Caf\u00e9s und dem Einkaufszentrum Bryggen. Das Ende des 20. Jahrhunderts er\u00f6ffnete Einkaufszentrum Bryggen beherbergt 38 Gesch\u00e4fte unter einem einzigen Glasdach, dessen klare Winkel das Licht des Fjords reflektieren. In der N\u00e4he befindet sich das Paladspassagen Social Dining-Konzept im ehemaligen Mary&#039;s Einkaufszentrum. Die ehemaligen Kaufhausetagen wurden in lange Gemeinschaftstische und offene K\u00fcchen umgewandelt, an denen regionale Produzenten Streetfood-Gerichte an langen Gemeinschaftstischen pr\u00e4sentieren und so den einst ruhigen G\u00e4ngen neues Leben einhauchen.<\/p>\n<p>Vejles \u00f6ffentlicher Raum wurde mit ebenso viel Sorgfalt umgestaltet. In den 1990er Jahren verabschiedeten die Stadtplaner D\u00e4nemarks erste formale Architekturpolitik, die Qualit\u00e4t und Einheitlichkeit f\u00fcr neue Bauvorhaben vorschrieb. Am Wasser erhebt sich die Welle \u2013 B\u00f8lgen \u2013 in vier geschwungenen Ebenen aus wei\u00dfem Beton und Glas, wobei jedes freitragende Stockwerk wie ein Echo der Meeresbrise himmelw\u00e4rts ragt. In der N\u00e4he zieren Kunstinstallationen ehemalige Industriekais; und im Rahmen eines aktuellen Projekts wurde der Durchlass freigelegt, der einst den Fluss Grejs unter den Stra\u00dfen der Innenstadt vergrub. Heute flie\u00dft sein klares Wasser entlang eines angelegten Kanals, ges\u00e4umt von Granitbl\u00f6cken und einheimischen Pflanzen.<\/p>\n<p>Der Hafen selbst stammt aus dem Jahr 1827, als das erste Becken f\u00fcr den K\u00fcstenhandel ge\u00f6ffnet wurde. Mitte des 20. Jahrhunderts hatte sich Vejle nach Kopenhagen zum zweitgr\u00f6\u00dften Hafen D\u00e4nemarks entwickelt. Dampfschiffe wie die Hvidbjerg und die Jeppe Jensen verkehrten einst auf Fjord und K\u00fcste und verbanden Vejle mit Badeorten und Anwesen. W\u00e4hrend moderne Frachtterminals weiterhin Masseng\u00fcter umschlagen, schlagen Stadtplaner nun vor, die n\u00f6rdlichen Docks in Uferparks und Wohngebiete umzuwandeln \u2013 Ma\u00dfnahmen, die eine direkte visuelle und physische Verbindung zwischen Stadt und Meer wiederherstellen w\u00fcrden.<\/p>\n<p>Vejles Verkehrsnetz erstreckt sich weit \u00fcber Fjord und Hafen hinaus. Die Europaautobahn E45 \u00fcberspannt den Kleinen Belt \u00fcber die Vejle-Fjordbr\u00fccke, deren Doppelb\u00f6gen Wasser und Himmel \u00fcberspannen. Direkt hinter der Br\u00fccke liegt die Ausfahrt 59 \u2013 liebevoll \u201eGateway E45\u201c genannt \u2013, wo Logistikzentren, Fast-Food-Restaurants und Carpool-Parkpl\u00e4tze einen der verkehrsreichsten G\u00fcterverkehrsknotenpunkte D\u00e4nemarks markieren, der vom nationalen Verkehrszentrum (DTC) verankert wird. Im Norden durchqueren die Mittelj\u00fctlandautobahn und die Hauptstra\u00dfe 28 h\u00fcgeliges Ackerland und verbinden Vejle mit Herning und dar\u00fcber hinaus.<\/p>\n<p>Eisenbahnverbindungen laufen hier ebenso entscheidend zusammen wie Fl\u00fcsse. Der 1868 er\u00f6ffnete Bahnhof Vejle dient als Knotenpunkt zwischen der Ostj\u00fctlandbahn von Aarhus und der Mittelj\u00fctlandbahn von Struer. Richtung S\u00fcden f\u00fchrt die Strecke weiter durch Fredericia, wo sich Verbindungen nach Odense und Kopenhagen, nach Esbjerg \u00fcber Kolding und sogar nach Hamburg verzweigen. Die Zukunft des Bahnhofs ist jedoch weiterhin umstritten: Einige Politiker pl\u00e4dieren f\u00fcr eine zweite Fjordquerung, um die Reisezeiten zwischen Odense und Aarhus zu verk\u00fcrzen \u2013 ein Vorschlag, der den Bahnhof Vejle vollst\u00e4ndig umgehen k\u00f6nnte.<\/p>\n<p>Die Stadtviertel bieten ein buntes Spektrum an Kontrasten. Nahe dem Zentrum erstreckt sich N\u00f8rremarken an bewaldeten H\u00e4ngen, wo das Vejle-Stadion inmitten von Kiefern steht. Im S\u00fcden erstreckt sich S\u00f8ndermarken dort, wo einst ein ehemaliges Herrenhaus stand. Seine Windm\u00fchle thront auf der Klippe, wei\u00df gestrichen vor der Baumgrenze und dient als Wahrzeichen der Stadt. Weiter entfernt, im Talboden von Grejsdalen, finden sich Einfamilienh\u00e4user und enge Gassen. Hover, Lille Grundet und Store Grundet liegen auf den angrenzenden H\u00f6hen. Im Osten blicken M\u00f8lholm und Vinding auf den Fjord, w\u00e4hrend im Westen Skibet und Knabberup liegen und die Stadtgrenze zur l\u00e4ndlichen Zersiedelung markieren.<\/p>\n<p>Industrie und Handel pr\u00e4gten Vejles Stadtbild seit jeher. Textil- und Metallfabriken zogen einst Arbeiter aus ganz J\u00fctland an; heute dominieren Hightech-Unternehmen, Dienstleister und Logistikunternehmen neben Kolding und Fredericia die Besch\u00e4ftigungsstatistik der Region. Der Einzelhandel hat nach wie vor eine wichtige Bedeutung f\u00fcr die Region: Einwohner und Besucher finden entlang der Hauptpromenade eine vielf\u00e4ltige Auswahl an Filialisten und Fachgesch\u00e4ften \u2013 und vom Verkehrsknotenpunkt aus fahren neun lokale Busse in alle Richtungen, um jeden Stadtteil zu bedienen.<\/p>\n<p>Vejle hat jedoch mehr zu bieten als nur Industrie und Architektur; die Stadt ist auch ein Zentrum f\u00fcr Kunst und Bildung. Das Vejle Kunstmuseum, das in einer ehemaligen Industriehalle renoviert wurde, pr\u00e4sentiert die W\u00f6rzner-Sammlung \u2013 darunter COBRA-Werke aus der Mitte des 20. Jahrhunderts \u2013 neben einem seltenen Kupferstich von Rembrandt. Im Stadtmuseum, das in der ehemaligen Spinnerei untergebracht ist, zeichnen Ausstellungen die Entwicklung der Stadt vom mittelalterlichen Marktplatz zum modernen Zentrum nach. Am anderen Ende der Stadt bietet das \u00d8kolariet interaktive Ausstellungen zu \u00d6kologie und Recycling; seine Mitmach-Ausstellungen ziehen Familien und Schulklassen an.<\/p>\n<p>Musikalische Traditionen spiegeln sich ebenso eindrucksvoll wider wie architektonische. Der Komponist Jacob Gade, ber\u00fchmt f\u00fcr seinen Tango Jalousie, wurde in der N\u00e4he geboren; seine Melodien erklingen noch heute im Programm des Vejle Musikteaters, dessen moderner Saal den Fluss \u00fcberblickt. Auch Literaten wie Ulrik Gr\u00e4s und Inger Christensen lie\u00dfen sich von den sanften H\u00fcgeln inspirieren. Die sorgf\u00e4ltige Liebe des Dichters zum Detail spiegelt die vielschichtige Geschichte der Stadt wider, in der jede Steinmauer und jedes Flussufer eine Geschichte von Industrie, Glauben, Kunst und Gemeinschaft erz\u00e4hlt.<\/p>\n<p>Historische Kuriosit\u00e4ten bev\u00f6lkern Vejles \u00e4lteste Bezirke. Die St.-Nikolai-Kirche aus der Mitte des 13. Jahrhunderts beherbergt eine Moorleiche, bekannt als die Haraldsk\u00e6r-Frau, die mit intakter Haut und Haaren aus einem nahegelegenen Torfmoor exhumiert wurde. An einer Wand finden sich schwache Einkerbungen, die angeblich Sch\u00e4delabdr\u00fccke hingerichteter R\u00e4uber darstellen, die im Wald lauerten \u2013 eine lokale Legende, die der steinernen Krypta eine unheimliche Atmosph\u00e4re verleiht. Das angrenzende Alte Gef\u00e4ngnis, das in das Rathaus integriert ist, erhielt nach seiner Restaurierung 1984 einen Versch\u00f6nerungspreis. In seinen kleinen Zellen hallen nun eher die Geschichten der F\u00fchrungen wider als die Gef\u00e4ngnisges\u00e4nge.<\/p>\n<p>Gleich hinter dem Fjord liegen weitere Attraktionen. Familien pilgern zum urspr\u00fcnglichen Legoland in Billund, drei\u00dfig Kilometer s\u00fcdwestlich, und erreichen es mit regelm\u00e4\u00dfigen Busverbindungen vom Verkehrsknotenpunkt Vejle. Geschichtsinteressierte wagen sich nach Jelling, dessen Runensteine \u200b\u200bund Grabh\u00fcgel aus dem 10. Jahrhundert D\u00e4nemarks bedeutendstes UNESCO-Weltkulturerbe bilden und an die k\u00f6niglichen Bekehrungen der Wikingerzeit erinnern. Die N\u00e4he Vejles zu diesen St\u00e4tten bereichert sein eigenes kulturelles Netzwerk und macht die Stadt sowohl zum Tor als auch zum Reiseziel.<\/p>\n<p>Vejle ist zwar bescheiden, doch seine Erz\u00e4hlstr\u00e4nge sind weitreichend. Hier trifft Gletschergeologie auf modernstes Design, mittelalterliche Marktstra\u00dfen verlaufen unter modernen Promenaden, und von Wasserl\u00e4ufen durchzogene T\u00e4ler werden zu gr\u00fcnen Lebensadern. In seinen Gesch\u00e4ften und Konzerts\u00e4len, seinen M\u00fchlen und Museen pflegt Vejle einen Dialog zwischen Vergangenheit und Zukunft. Hier, eingebettet in bewaldete H\u00fcgel und entlang eines Fjords, definiert sich die Stadt bis heute \u2013 nicht durch leere Rhetorik, sondern durch das best\u00e4ndige Zusammenspiel von Landschaft, Arbeit und kreativer Vision.<\/p>","protected":false},"excerpt":{"rendered":"<p>Vejle, eine malerische Fjordstadt in S\u00fcdj\u00fctland, D\u00e4nemark, hat im Jahr 2024 61.706 Einwohner und ist damit die neuntgr\u00f6\u00dfte Stadt des Landes. Am Schnittpunkt von Vejle\u00c5dal und Grejsdalen, wo diese in den inneren Teil des Vejle-Fjords m\u00fcnden, liegt Vejle, ein Beispiel f\u00fcr D\u00e4nemarks historische Bedeutung und nat\u00fcrliche Sch\u00f6nheit.<\/p>","protected":false},"author":1,"featured_media":4494,"parent":14261,"menu_order":0,"comment_status":"closed","ping_status":"closed","template":"elementor_theme","meta":{"_eb_attr":"","footnotes":""},"class_list":["post-14282","page","type-page","status-publish","has-post-thumbnail"],"_links":{"self":[{"href":"https:\/\/travelshelper.com\/de\/wp-json\/wp\/v2\/pages\/14282","targetHints":{"allow":["GET"]}}],"collection":[{"href":"https:\/\/travelshelper.com\/de\/wp-json\/wp\/v2\/pages"}],"about":[{"href":"https:\/\/travelshelper.com\/de\/wp-json\/wp\/v2\/types\/page"}],"author":[{"embeddable":true,"href":"https:\/\/travelshelper.com\/de\/wp-json\/wp\/v2\/users\/1"}],"replies":[{"embeddable":true,"href":"https:\/\/travelshelper.com\/de\/wp-json\/wp\/v2\/comments?post=14282"}],"version-history":[{"count":0,"href":"https:\/\/travelshelper.com\/de\/wp-json\/wp\/v2\/pages\/14282\/revisions"}],"up":[{"embeddable":true,"href":"https:\/\/travelshelper.com\/de\/wp-json\/wp\/v2\/pages\/14261"}],"wp:featuredmedia":[{"embeddable":true,"href":"https:\/\/travelshelper.com\/de\/wp-json\/wp\/v2\/media\/4494"}],"wp:attachment":[{"href":"https:\/\/travelshelper.com\/de\/wp-json\/wp\/v2\/media?parent=14282"}],"curies":[{"name":"wp","href":"https:\/\/api.w.org\/{rel}","templated":true}]}}