{"id":14246,"date":"2024-09-18T22:49:18","date_gmt":"2024-09-18T22:49:18","guid":{"rendered":"https:\/\/travelshelper.com\/staging\/?page_id=14246"},"modified":"2026-03-11T23:39:32","modified_gmt":"2026-03-11T23:39:32","slug":"tallinn","status":"publish","type":"page","link":"https:\/\/travelshelper.com\/de\/destinations\/europe\/estonia\/tallinn\/","title":{"rendered":"Tallinn"},"content":{"rendered":"<p>Tallinn blickt auf Jahrhunderte wechselnder Imperien und moderner Neuerfindungen zur\u00fcck. Seine mittelalterlichen Stadtmauern weichen glasverkleideten B\u00fcrot\u00fcrmen, die vor digitalem Ehrgeiz spr\u00fchen. Als Estlands Hauptstadt und wichtigstes Wirtschaftszentrum beherbergt die Stadt rund 461.000 Einwohner im Kreis Harju am S\u00fcdufer des Finnischen Meerbusens. Tausend Jahre Handel, Eroberungen und kultureller Austausch haben eine Stadt hinterlassen, die sowohl ehrw\u00fcrdig als auch zukunftsorientiert ist. Hier treffen Kalksteinfelsen auf aufstrebende Startups, und Kopfsteinpflaster f\u00fchrt von Klosterkl\u00f6stern zu Coworking-Spaces.<\/p>\n<p>Von den ersten menschlichen Fu\u00dfspuren vor etwa f\u00fcnf Jahrtausenden bis zum gesch\u00e4ftigen F\u00e4hrverkehr zwischen Helsinki, Stockholm und Sankt Petersburg wurde Tallinns Wesen von Meer und Stein gepr\u00e4gt. Die Altstadt, die 1248 L\u00fcbecks Stadtrechte erhielt, ist bis heute eines der sch\u00f6nsten mittelalterlichen Ensembles Europas, gekr\u00f6nt vom befestigten Domberg und umgeben von den alten T\u00fcrmen der Stadtmauer. An denselben Ufern, die einst die Hanseaten beherbergten, befinden sich heute Breitbandkabel und das NATO-Kompetenzzentrum f\u00fcr Cyberabwehr. Dies unterstreicht die Bedeutung einer Stadt, die zugleich H\u00fcterin des kulturellen Erbes und Vorreiterin des digitalen Zeitalters ist.<\/p>\n<p>Ein Blick auf den Horizont offenbart drei Halbinseln \u2013 Kopli, Paljassaare und Kakum\u00e4e \u2013 die in den Golf ragen. Ihre \u00f6ffentlichen Str\u00e4nde bieten Erholung im Sommer, wo die Tagestemperaturen durchschnittlich 19 bis 22 \u00b0C betragen. Im Landesinneren versorgt der \u00dclemiste-See, mit 9,4 km\u00b2 der gr\u00f6\u00dfte See der Stadt, Tallinn mit Wasser. Der kleinere Harku-See liegt westlich davon. Ein versch\u00fcttetes Netzwerk uralter, von Fl\u00fcssen geformter T\u00e4ler, gef\u00fcllt mit quart\u00e4rem Sand und Ton, bildet die Grundlage des Stadtgef\u00fcges, w\u00e4hrend Aufschl\u00fcsse ordovizischen Kalksteins einen baltischen Klint bilden, der sich durch Toompea und dar\u00fcber hinaus zieht. Der h\u00f6chste nat\u00fcrliche Punkt, 64 m \u00fcber dem Meeresspiegel im Stadtteil Hiiu von N\u00f5mme, bietet Ausblicke sowohl auf bewaldete Bergr\u00fccken als auch auf die weit entfernten modernen Vororte.<\/p>\n<p>Klimatisch gesehen balanciert Tallinn zwischen maritimer M\u00e4\u00dfigung und kontinentalen Extremen. Die Winter liegen nahe dem Gefrierpunkt, mit einem Februar-Mittelwert von \u20133,6 \u00b0C und gelegentlichen K\u00e4lteeinbr\u00fcchen von unter \u201318 \u00b0C; die Stadt ist von Schnee bedeckt, w\u00e4hrend die Wolkendecke den Sonnenschein im Dezember auf knapp 21 Stunden begrenzt. Im Gegensatz dazu sind die Tage im Hochsommer mehr als 18 Stunden hell: Der Juli hat durchschnittlich 17,6 \u00b0C und \u00fcber 300 Sonnenstunden. Der j\u00e4hrliche Niederschlag von etwa 700 mm f\u00e4llt gleichm\u00e4\u00dfig, wobei die Fr\u00fchlingsmonate am trockensten sind und der Hochsommer die st\u00e4rksten Regenf\u00e4lle verzeichnet. Diese Variabilit\u00e4t brachte Tallinn in einer Studie aus dem Jahr 2021 den zweifelhaften Ruf als Hauptstadt Europas mit dem unberechenbarsten Wetter ein.<\/p>\n<p>Verwaltungstechnisch ist die Stadt in acht Linnaosa unterteilt \u2013 Bezirke, deren gew\u00e4hlte \u00c4lteste die Zentralregierung in lokalen Angelegenheiten beraten. Innerhalb dieser Bezirke liegen 84 Asum, Stadtteile mit jeweils eigenen offiziellen Grenzen und eigener Identit\u00e4t. Vorstadtsiedlungen aus der Sowjetzeit wie Mustam\u00e4e und Lasnam\u00e4e bilden einen starken Kontrast zu den bewaldeten Villen von N\u00f5mme und dem Handwerkerviertel Kalamaja. Die j\u00fcngste Revitalisierung ehemaliger Industriegebiete \u2013 Rotermanni, Noblessner, Dvigatel \u2013 hat Tallinns Mosaik aus Vergangenheit und Gegenwart weiter zusammengef\u00fcgt.<\/p>\n<p>Tallinn ist demografisch gesehen Estlands kosmopolitischste Stadt. Vor dem Zweiten Weltkrieg machten ethnische Esten \u00fcber 80 Prozent der Bev\u00f6lkerung aus; durch die jahrzehntelange sowjetische Besatzung reduzierte sich dieser Anteil bis 2022 auf etwas mehr als die H\u00e4lfte. Russischsprachige Gemeinden machen heute fast ein Drittel der Einwohner aus, viele besitzen die estnische Staatsb\u00fcrgerschaft, neben bedeutenden Minderheiten von Ukrainern, Finnen und anderen Nationalit\u00e4ten. Estnisch bleibt die Amtssprache, obwohl Russisch im Alltag eine wichtige Rolle spielt und Englisch als Verkehrssprache in Wirtschaft und Tourismus dient.<\/p>\n<p>Die wirtschaftliche Dynamik Tallinns spiegelt sich in der Skyline mit ihren gl\u00e4nzenden Hochh\u00e4usern und digitalen Campus wider. Mehr als die H\u00e4lfte des estnischen BIP erwirtschaftet die Stadt, angetrieben von der Hafenlogistik, Finanzdienstleistungen und einem florierenden IT-Sektor. Estlands Ruf als \u201eSilicon Valley an der Ostsee\u201c wurde durch heimische Giganten wie Skype und Wise sowie die Pr\u00e4senz der EU-IT-Agentur und des NATO-Cyberzentrums gefestigt. 2012 f\u00fchrte Tallinn alle europ\u00e4ischen Hauptst\u00e4dte bei der Anzahl der Startups pro Kopf an; ein Jahrzehnt sp\u00e4ter z\u00e4hlt die Stadt immer noch zu den zehn digitalsten St\u00e4dten weltweit und gl\u00e4nzt als \u201emittelgro\u00dfe europ\u00e4ische Stadt der Zukunft\u201c.<\/p>\n<p>Der Hafen von Tallinn ist nach wie vor eines der verkehrsreichsten Seetore des Baltikums. Er schl\u00e4gt Fracht in Muuga und Passagierf\u00e4hren im Alten Stadthafen um. Allein sein Kreuzfahrtterminal z\u00e4hlte 2013 \u00fcber eine halbe Million Reisende, und Verbindungen nach Helsinki bestehen achtmal t\u00e4glich. Das \u00f6ffentliche Verkehrsnetz der Stadt \u2013 Busse, Stra\u00dfenbahnen und Oberleitungsbusse \u2013 nutzt ein RFID-basiertes Einheitstarifsystem, das seit 2013 f\u00fcr registrierte Einwohner kostenlos ist. Vom Baltischen Bahnhof aus verlaufen S-Bahn-Verbindungen in \u00f6stlicher und westlicher Richtung, w\u00e4hrend die Intercity-Z\u00fcge von Elron Verbindungen nach Tartu, Narva und dar\u00fcber hinaus bieten. Geplante Infrastrukturen wie Rail Baltica und ein geplanter Helsinki-Tunnel versprechen eine noch engere Einbindung Tallinns in das europ\u00e4ische Netz.<\/p>\n<p>Kultur bl\u00fcht in Galerien und auf Freilichtb\u00fchnen gleicherma\u00dfen. Mehr als sechzig Museen umfassen mittelalterliche Zunfthallen, Palastfl\u00fcgel und umfunktionierte Geheimdienstb\u00fcros. Die Zweigstellen des Estnischen Kunstmuseums \u2013 von den modernen Galerien des Kumu bis zu den barocken Salons des Schlosses Kadriorg \u2013 zeigen k\u00fcnstlerische Str\u00f6mungen vom 18. Jahrhundert bis hin zu zeitgen\u00f6ssischen Experimenten. Das Vabamu-Museum f\u00fcr Besatzung und Freiheit und das KGB-Museum zeugen von dunkleren Kapiteln, w\u00e4hrend die Schifffahrts- und Stadtmuseen Seefahrtsgeschichten und urbane Entwicklung w\u00fcrdigen.<\/p>\n<p>Zweimal pro Jahrzehnt erklingen auf dem S\u00e4ngerfestplatz die Harmonien von \u00fcber 30.000 Stimmen im Laulupidu, einem UNESCO-Weltkulturerbe, einem Zeugnis kultureller Widerstandsf\u00e4higkeit, das einst zum Sturz der Sowjetherrschaft beitrug. Ganz in der N\u00e4he lockt das Tallinn Black Nights Filmfestival jeden Herbst \u00fcber 75.000 Cineasten an, pr\u00e4sentiert Hunderte von Filmen und etabliert sich so als Zentrum der Filmkunst in Nordeuropa. Sogar die Verkostungsr\u00e4ume und Caf\u00e9s der Stadt bewahren die Tradition: Das 1864 in der Pikk-Stra\u00dfe gegr\u00fcndete Maiasmokk serviert noch heute Marzipankonfekt, das einst dem russischen Zarenhof pr\u00e4sentiert wurde, w\u00e4hrend Handwerksbrauereien und Wodkabrennereien lokale Interpretationen uralter Rezepte produzieren.<\/p>\n<p>Die hiesige K\u00fcche spiegelt das Auf und Ab des nordischen Handels wider: Aus mit Nelken und Pfeffer eingelegten Sprotten wird V\u00fcrtsikilu hergestellt, das auf dunklem Roggenbrot im ber\u00fchmten Kiluv\u00f5ileib serviert wird; herzhafte Eint\u00f6pfe und Pickles spiegeln die hanseatischen Verbindungen zu L\u00fcbeck und Nowgorod wider. Martsipan, einst 1695 in der Rathausapotheke als Medizin verschrieben, schm\u00fcckt heute die Konditoreien entlang der engen Gassen der Altstadt. Im Sommer erstrecken sich Stra\u00dfencaf\u00e9s bis aufs Kopfsteinpflaster und bieten Schwarzbrotsandwiches, Fen-Seeon-Salate und saisonale Beeren frisch aus den umliegenden W\u00e4ldern an.<\/p>\n<p>Der Tourismus durchstr\u00f6mt die verschiedenen Zeitschichten der Stadt. In den unteren Bezirken der Altstadt herrscht unter dem schlanken Turm der Olafskirche reges Treiben auf dem Raekoja-Platz, w\u00e4hrend oben auf dem Domberg stattliche Kuppeln und T\u00fcrmchen die Machtzentren markieren. Die Zwiebelt\u00fcrme der Alexander-Newski-Kathedrale stehen in strengem Dialog mit der gotischen Silhouette der Marienkathedrale. Jenseits des mittelalterlichen Stadtkerns verbergen die gepflegten G\u00e4rten von Kadriorg den Sommerpalast Peters des Gro\u00dfen und das Kunstmuseum Kumu. In Pirita zieren wei\u00dfe Segel den f\u00fcr die olympische Segelregatta 1980 erbauten Yachthafen, und der Botanische Garten und der Fernsehturm zeugen von Estlands modernen Ambitionen.<\/p>\n<p>Ob man dem Verlauf eines verborgenen Baches folgt, der unter den Stra\u00dfen der Stadt vergraben liegt, oder den wechselnden Konturen der estnischen Herrscher folgt \u2013 Tallinn belohnt diejenigen, die seinen vielschichtigen Echos lauschen. Es l\u00e4dt zum Nachdenken \u00fcber die Widerstandsf\u00e4higkeit der Gemeinschaft im rauen Norden und die nahtlose Integration neuer Technologien innerhalb alter Mauern ein. In jedem Kalksteinbogen, in jeder sorgf\u00e4ltig angelegten Stra\u00dfe und jeder Datenfaser unter dem Hafen erz\u00e4hlt die Stadt eine Geschichte von \u00dcberleben und Neuerfindung. Tallinns Reiz liegt nicht in oberfl\u00e4chlichem Zauber, sondern in der Klarheit, mit der es seine eigene Geschichte offenbart \u2013 und im Versprechen noch zu enth\u00fcllender Identit\u00e4ten.<\/p>","protected":false},"excerpt":{"rendered":"<p>Tallinn, die Hauptstadt und gr\u00f6\u00dfte Stadt Estlands, gilt als Symbol f\u00fcr Geschichte, Kultur und Innovation an der Ostsee. Die dynamische Metropole mit \u00fcber 461.000 Einwohnern (Stand 2024) ist das wichtigste Verwaltungs-, Finanz-, Industrie- und Kulturzentrum des Landes. Die vorteilhafte Lage Tallinns an einer Bucht im Norden Estlands am Finnischen Meerbusen hat die Stadt seit Jahrhunderten gepr\u00e4gt und sie zu einem wichtigen Knotenpunkt im Baltikum gemacht.<\/p>","protected":false},"author":1,"featured_media":3666,"parent":14240,"menu_order":0,"comment_status":"closed","ping_status":"closed","template":"elementor_theme","meta":{"_eb_attr":"","footnotes":""},"class_list":["post-14246","page","type-page","status-publish","has-post-thumbnail"],"_links":{"self":[{"href":"https:\/\/travelshelper.com\/de\/wp-json\/wp\/v2\/pages\/14246","targetHints":{"allow":["GET"]}}],"collection":[{"href":"https:\/\/travelshelper.com\/de\/wp-json\/wp\/v2\/pages"}],"about":[{"href":"https:\/\/travelshelper.com\/de\/wp-json\/wp\/v2\/types\/page"}],"author":[{"embeddable":true,"href":"https:\/\/travelshelper.com\/de\/wp-json\/wp\/v2\/users\/1"}],"replies":[{"embeddable":true,"href":"https:\/\/travelshelper.com\/de\/wp-json\/wp\/v2\/comments?post=14246"}],"version-history":[{"count":0,"href":"https:\/\/travelshelper.com\/de\/wp-json\/wp\/v2\/pages\/14246\/revisions"}],"up":[{"embeddable":true,"href":"https:\/\/travelshelper.com\/de\/wp-json\/wp\/v2\/pages\/14240"}],"wp:featuredmedia":[{"embeddable":true,"href":"https:\/\/travelshelper.com\/de\/wp-json\/wp\/v2\/media\/3666"}],"wp:attachment":[{"href":"https:\/\/travelshelper.com\/de\/wp-json\/wp\/v2\/media?parent=14246"}],"curies":[{"name":"wp","href":"https:\/\/api.w.org\/{rel}","templated":true}]}}