{"id":14240,"date":"2024-09-18T22:41:43","date_gmt":"2024-09-18T22:41:43","guid":{"rendered":"https:\/\/travelshelper.com\/staging\/?page_id=14240"},"modified":"2026-03-11T23:33:52","modified_gmt":"2026-03-11T23:33:52","slug":"estland","status":"publish","type":"page","link":"https:\/\/travelshelper.com\/de\/destinations\/europe\/estonia\/","title":{"rendered":"Estland"},"content":{"rendered":"<p>Estland liegt an der Ostk\u00fcste der Ostsee, eine schlanke Republik mit rund 1,37 Millionen Einwohnern, deren Boden und Geist sowohl heidnische Riten als auch digitale Revolutionen hervorgebracht haben. Auf einer Fl\u00e4che von 45.335 km\u00b2 \u2013 darunter mehr als 2.300 Inseln \u2013 hat sich dieses n\u00f6rdliche Land von seinen neolithischen Siedlungen aus dem Jahr 9.000 v. Chr. zu einer der digital fortschrittlichsten Demokratien Europas entwickelt, die sich der Mitgliedschaft in der Eurozone, der NATO und dem Ruf transparenter Regierungsf\u00fchrung r\u00fchmt. Von den Kalksteinfelsen der Nordk\u00fcste bis zu den torfbedeckten Mooren des s\u00fcdlichen Hochlandes zeichnen Estlands Landschaft und Bev\u00f6lkerung eine Geschichte von Fremdherrschaft, nationalem Erwachen, sowjetischer Besatzung und einer friedlichen \u201eSingenden Revolution\u201c nach, die am 20. August 1991 die Unabh\u00e4ngigkeit wiederherstellte.<\/p>\n<p>Seit jeher siedelten sich estnische St\u00e4mme entlang von Fl\u00fcssen und Seen an. Die mittelalterliche Bekehrung zum Christentum erfolgte erst nach den Nordischen Kreuzz\u00fcgen im 13. Jahrhundert, doch \u00dcberreste vorchristlicher Br\u00e4uche \u00fcberlebten in Folklore und Runenges\u00e4ngen. Die jahrhundertelange Herrschaft des Deutschen Ordens, d\u00e4nischer Monarchen, polnischer K\u00f6nige, schwedischer Herren und schlie\u00dflich des Russischen Reiches konnte die volkst\u00fcmliche Identit\u00e4t, die Mitte des 19. Jahrhunderts im nationalen Erwachen aufflammte, kaum ausl\u00f6schen. Die Unabh\u00e4ngigkeitserkl\u00e4rung im Februar 1918 begr\u00fcndete eine auf demokratischen Idealen gegr\u00fcndete Zwischenkriegsrepublik, deren Neutralit\u00e4t jedoch unter sowjetischer und deutscher Besatzung zerbrach. W\u00e4hrend des Kalten Krieges bewahrten emigrierte Diplomaten und die Exilregierung Estlands Rechtskontinuit\u00e4t, bis der baltische Staat durch gewaltlose Massenproteste und gemeinsamen Widerstand seine Souver\u00e4nit\u00e4t zur\u00fcckerlangte.<\/p>\n<p>Topographisch erstreckt sich die Republik in sanften Abh\u00e4ngen. Die n\u00f6rdlichen und westlichen Tiefebenen gehen in die Hochebenen von Pandivere, Sakala und Otep\u00e4\u00e4 \u00fcber, w\u00e4hrend der 318 Meter hohe Suur Munam\u00e4gi die Haanja-Berge \u00fcberragt. Von Estlands 1.560 nat\u00fcrlichen Seen grenzt die riesige Peipus-Region an Russland, und der V\u00f5rtsj\u00e4rv liegt vollst\u00e4ndig innerhalb des Landes. Weniger als ein Dutzend Fl\u00fcsse sind l\u00e4nger als 100 Kilometer, vor allem der V\u00f5handu und der P\u00e4rnu. Fast ein Viertel des Landes ist von Mooren und S\u00fcmpfen gepr\u00e4gt \u2013 verworrene Feuchtgebiete, in denen Torf und Sumpfwald zusammentreffen \u2013 und bieten Arten, die anderswo in Europa verschwunden sind, Zuflucht.<\/p>\n<p>Das Klima hier ist weder rein kontinental noch rein maritim gepr\u00e4gt, sondern wird von den Wirbelst\u00fcrmen des Nordatlantiks und der m\u00e4\u00dfigenden Ostsee gepr\u00e4gt. Die Winterschmelze setzt an den K\u00fcsten vorzeitig ein, w\u00e4hrend die sommerliche W\u00e4rme noch anh\u00e4lt, da westliche Brisen die Hitze im Landesinneren mildern. Die Durchschnittstemperaturen schwanken zwischen -3,8 \u00b0C im Februar und 17,8 \u00b0C im Juli, mit Extremwerten von -43,5 \u00b0C im Jahr 1940 und 35,6 \u00b0C im Jahr 1992. Die j\u00e4hrliche Niederschlagsmenge betr\u00e4gt durchschnittlich 662 mm; die Sonnenscheindauer reicht von knapp drei Dutzend Stunden im Dezember bis zu fast 300 Stunden im August. Die Tageslichtdauer betr\u00e4gt im Hochsommer 18 Stunden und 40 Minuten und schrumpft nach der Wintersonnenwende auf sechs Stunden, was von Mai bis Juli \u201ewei\u00dfe N\u00e4chte\u201c beschert.<\/p>\n<p>Das Mosaik aus W\u00e4ldern, Feldern, Inseln und Feuchtgebieten bildet die Grundlage f\u00fcr eine der reichsten Artenvielfalten Europas. Rund 19,4 Prozent der estnischen Landesfl\u00e4che stehen unter Naturschutz \u2013 sechs Nationalparks, \u00fcber zweihundert Naturschutzgebiete und mehr als hundert Landschaftsschutzgebiete. Zugkorridore leiten Millionen von Sperlings- und Wasserv\u00f6geln durch den Himmel und stellen europ\u00e4ische Rekorde in Vielfalt und Anzahl auf. Kiefern, Birken und Fichten dominieren die W\u00e4lder und bieten gro\u00dfen S\u00e4ugetieren Schutz, vom Luchs und Braunb\u00e4ren bis zum wiederangesiedelten europ\u00e4ischen Nerz auf Hiiumaa. Schnurrhaarreiche Reiche von Amphibien und Reptilien gedeihen inmitten von 330 landesweit registrierten Vogelarten, darunter die Rauchschwalbe, das nationale Vogelsymbol.<\/p>\n<p>Estland, eine parlamentarische Republik mit f\u00fcnfzehn Einwohnern, verf\u00fcgt \u00fcber eine der am wenigsten korrupten Regierungen Europas. Der Wandel von der Abh\u00e4ngigkeit vom Schiefer\u00f6l \u2013 einst verantwortlich f\u00fcr \u00fcber 85 Prozent der Energieproduktion \u2013 hin zu einem diversifizierten Mix erneuerbarer Energien unterstreicht die Anpassungsbereitschaft des Landes. Der finanzielle Tiefpunkt der Krise von 2008 wich 2012 dem einzigen Haushalts\u00fcberschuss der Eurozone und einer Staatsverschuldung von lediglich sechs Prozent des BIP. Heute bilden Telekommunikation, Bankwesen, Softwaredienstleistungen, Textil, Elektronik und Schiffbau die Grundlage f\u00fcr eine fortschrittliche Wirtschaft mit einem Pro-Kopf-BIP von rund 46.385 US-Dollar (Stand 2023). Estland belegt weltweit Spitzenpl\u00e4tze in den Bereichen menschliche Entwicklung, Pressefreiheit, Bildungsergebnisse \u2013 kostenlos von der Grundschule bis zur Hochschule \u2013 und E-Government-Dienste.<\/p>\n<p>Die Seeverkehrsadern laufen im Hafen von Tallinn und seinem eisfreien Satellitenhafen Muuga zusammen, wo Getreidesilos, K\u00fchlh\u00e4user und Tankerliegepl\u00e4tze den baltischen Handel bedienen. Die F\u00e4hren von Tallink verbinden Seewege nach Helsinki und Stockholm, w\u00e4hrend lokale Linien Passagiere nach Saaremaa und Hiiumaa bef\u00f6rdern. Auf dem Landweg sorgen mehr als sechzehntausend Kilometer Staatsstra\u00dfen, darunter die Hauptverkehrsadern E20, E263 und E67, f\u00fcr einen hohen Anteil an Privatwagenbesitzern. Das seit 2017 im Bau befindliche Eisenbahnnetz Rail Baltica verspricht eine Verbindung auf europ\u00e4ischer Spurweite von Tallinn \u00fcber Riga nach Warschau und erg\u00e4nzt damit das bestehende Netz der Eesti Raudtee und ihre historische Schmalspurbahn in der Hauptstadt. Die Flugh\u00e4fen in Tallinn, Tartu, P\u00e4rnu, Kuressaare und K\u00e4rdla verbinden Estland \u00fcber Fluggesellschaften wie AirBaltic und LOT mit Nord- und Mitteleuropa.<\/p>\n<p>Ethnisch gesehen ist Estland weitgehend homogen: Ethnische Esten machen fast siebzig Prozent der Bev\u00f6lkerung aus, w\u00e4hrend eine russischsprachige Minderheit von etwa 24 Prozent in Ida-Viru und der Umgebung von Tallinn lebt. Seit 1991 ist die Bev\u00f6lkerungszahl aufgrund von Migration und einem bescheidenen Geburten\u00fcberschuss auf 1.369.285 (Stand: 1. Januar 2025) gestiegen. Das Bildungsniveau ist au\u00dfergew\u00f6hnlich \u2013 43 Prozent der Erwachsenen im Alter zwischen 25 und 64 Jahren haben einen Universit\u00e4tsabschluss \u2013 und die Vielfalt hat zugenommen: Es gibt \u00fcber zweihundert Ethnien und fast ebenso viele Muttersprachen. Die deutschbaltische Gemeinschaft signalisierte bis Mitte des 20. Jahrhunderts die deutsche kulturelle Hegemonie; heute genie\u00dfen Ingermanische Finnen und Estl\u00e4ndische Schweden neben einer geringen Zahl an Roma kulturelle Autonomie.<\/p>\n<p>Die religi\u00f6se Zugeh\u00f6rigkeit ist zur\u00fcckgegangen, was Estland zu einem der s\u00e4kularsten Staaten Europas macht. Knapp ein Drittel der B\u00fcrger bekennt sich zu einem Glauben, die Mehrheit davon innerhalb christlicher Konfessionen. Die Ostorthodoxie, die von vielen innerhalb der russischen Minderheit und der indigenen Seto praktiziert wird, hat mittlerweile fast die gleiche Anh\u00e4ngerschaft wie der Lutheranismus. Rauchsaunen der V\u00f5ru-Tradition \u2013 seit 2014 UNESCO-Weltkulturerbe \u2013 erhalten das uralte Ritual ebenso aufrecht wie die Mittsommerfeuer und die Paraden zum Unabh\u00e4ngigkeitstag, die jeweils am 24. Juni bzw. 24. Februar das kollektive Gedenken feiern.<\/p>\n<p>Sprachlich dominiert Estnisch; rund 84 Prozent der Bev\u00f6lkerung sprechen es als Erst- oder Zweitsprache. S\u00fcdestnische Dialekte \u2013 V\u00f5ro, Seto, Mulgi und Tartu \u2013 sind unter fast hunderttausend Sprechern verbreitet. Englisch und Russisch sind verbreitete Fremdsprachen oder Muttersprachen, die durch das \u00f6ffentliche Schulwesen verst\u00e4rkt werden; Deutsch und Franz\u00f6sisch folgen. Die 2007 offiziell anerkannte estnische Geb\u00e4rdensprache unterst\u00fctzt rund 4.500 geh\u00f6rlose B\u00fcrger.<\/p>\n<p>Kulturelle Identit\u00e4t ist eng mit dem Land verbunden. Folkloristische Runenlieder erz\u00e4hlen von Kosmogonie und Giganten wie Kalevipoeg. Der Folklorist Jakob Hurt sammelte im 19. Jahrhundert \u00fcber zw\u00f6lftausend Seiten m\u00fcndlicher \u00dcberlieferung; Matthias Johann Eisen trug weitere neunzigtausend zusammen, die heute im estnischen Folklorearchiv aufbewahrt werden. Die Architektur umfasst h\u00f6lzerne Rehielamu-Geh\u00f6fte, mittelalterliche steinerne H\u00fcgelfestungen, romanische Kirchen und gotische Kaufmannshallen \u2013 am lebendigsten erhalten in Tallinns UNESCO-gesch\u00fctzter Altstadt. Das Parlamentsgeb\u00e4ude aus der Zwischenkriegszeit auf dem Domberg ist als weltweit einziger expressionistischer Parlamentssaal einzigartig, w\u00e4hrend die Trends des 20. Jahrhunderts vom reduzierten Klassizismus \u00fcber sowjetische Fertigbauweise bis hin zu glasverkleideten B\u00fcrot\u00fcrmen von Architekten wie Vilen K\u00fcnnapu reichten.<\/p>\n<p>Die estnische K\u00fcche, geboren aus Feldern, W\u00e4ldern und dem Meer, basiert nach wie vor auf Roggenbrot, Kartoffeln, Schweinefleisch und Milchprodukten, aufgepeppt durch saisonale Beeren, Kr\u00e4uter und Pilze. Belegte Brote mit Ostseehering oder Sprotten verk\u00f6rpern die Vorliebe des Landes f\u00fcr einfache und frische Gerichte. Bier, Obstwein und destilliertes Wein begleiten die Mahlzeiten, wie schon seit Jahrhunderten im Land- und K\u00fcstenleben.<\/p>\n<p>Estland pr\u00e4sentiert sich Reisenden in verschiedenen Regionen, jedoch ohne die Tyrannei der Entfernung: Vier Stunden trennen die s\u00fcdlichen H\u00fcgel von den n\u00f6rdlichen Str\u00e4nden, und zwei Stunden reichen zwischen Tallinn und jeder gr\u00f6\u00dferen Stadt. Nordestland pulsiert vor Industrie und urbanem Charme, die mittelalterliche Hauptstadt grenzt an Strandd\u00f6rfer und Herrenh\u00e4user in Lahemaa. Ostestland tr\u00e4gt seinen russischen Einfluss in Narvas Hermannsburg und den Kurorten entlang des Golfs. Die Inseln und die Westk\u00fcste bieten die windgepeitschten D\u00f6rfer Saaremaas, die sommerliche Pracht P\u00e4rnus und das wiederauflebende Erbe der K\u00fcstenschweden auf Ruhnu. Im S\u00fcden weicht Tartus akademisches Treiben den Gebetsh\u00e4usern Setomaas, der Gesangstradition Mulgimaas und den Skipisten Otep\u00e4\u00e4s.<\/p>\n<p>Estlands Reiz liegt in solchen Kontrasten: eine digitale Republik, die inmitten moosbedeckter W\u00e4lder, uralter Moore und hanseatischer W\u00e4lle gedeiht; ein Volk, das seine Unabh\u00e4ngigkeit ins Leben ruft und Besucher im selben Atemzug willkommen hei\u00dft. Dieses Land ist weniger von den Ketten gepr\u00e4gt, die es einst fesselten, als von der Widerstandsf\u00e4higkeit, die seine Vergangenheit mit jedem Klick, jedem Weihnachtslied und jedem Schritt auf seinem geschichtstr\u00e4chtigen Terrain verbindet.<\/p>","protected":false},"excerpt":{"rendered":"<p>Estland, in Nordeuropa an der malerischen Ostsee gelegen, steht f\u00fcr Ausdauer, Erfindungsreichtum und kulturelle Vielfalt. Die strategische Lage an der Schnittstelle zwischen Nord- und Osteuropa pr\u00e4gte Estlands Entwicklung historisch und pr\u00e4gt bis heute die aktuelle Lage. Trotz seiner Bev\u00f6lkerungszahl von rund 1,4 Millionen Menschen hat Estland einen bedeutenden Einfluss auf Technologie, digitale Governance und Umweltschutz.<\/p>","protected":false},"author":1,"featured_media":3347,"parent":24078,"menu_order":0,"comment_status":"closed","ping_status":"closed","template":"elementor_theme","meta":{"_eb_attr":"","footnotes":""},"class_list":["post-14240","page","type-page","status-publish","has-post-thumbnail"],"_links":{"self":[{"href":"https:\/\/travelshelper.com\/de\/wp-json\/wp\/v2\/pages\/14240","targetHints":{"allow":["GET"]}}],"collection":[{"href":"https:\/\/travelshelper.com\/de\/wp-json\/wp\/v2\/pages"}],"about":[{"href":"https:\/\/travelshelper.com\/de\/wp-json\/wp\/v2\/types\/page"}],"author":[{"embeddable":true,"href":"https:\/\/travelshelper.com\/de\/wp-json\/wp\/v2\/users\/1"}],"replies":[{"embeddable":true,"href":"https:\/\/travelshelper.com\/de\/wp-json\/wp\/v2\/comments?post=14240"}],"version-history":[{"count":0,"href":"https:\/\/travelshelper.com\/de\/wp-json\/wp\/v2\/pages\/14240\/revisions"}],"up":[{"embeddable":true,"href":"https:\/\/travelshelper.com\/de\/wp-json\/wp\/v2\/pages\/24078"}],"wp:featuredmedia":[{"embeddable":true,"href":"https:\/\/travelshelper.com\/de\/wp-json\/wp\/v2\/media\/3347"}],"wp:attachment":[{"href":"https:\/\/travelshelper.com\/de\/wp-json\/wp\/v2\/media?parent=14240"}],"curies":[{"name":"wp","href":"https:\/\/api.w.org\/{rel}","templated":true}]}}