{"id":14191,"date":"2024-09-18T21:59:59","date_gmt":"2024-09-18T21:59:59","guid":{"rendered":"https:\/\/travelshelper.com\/staging\/?page_id=14191"},"modified":"2026-03-11T23:49:09","modified_gmt":"2026-03-11T23:49:09","slug":"cannes","status":"publish","type":"page","link":"https:\/\/travelshelper.com\/de\/destinations\/europe\/france\/cannes\/","title":{"rendered":"Cannes"},"content":{"rendered":"<p>Cannes ist eine K\u00fcstengemeinde mit rund 73.000 Einwohnern und erstreckt sich \u00fcber rund 19,62 Quadratkilometer entlang des Ostufers der Baie de Cannes an der franz\u00f6sischen Riviera im franz\u00f6sischen D\u00e9partement Alpes-Maritimes. Als Austragungsort zahlreicher internationaler Veranstaltungen \u2013 der j\u00e4hrlichen Filmfestspiele von Cannes, der Musikkonferenz Midem und des Cannes Lions International Festival of Creativity \u2013 hat sich die Stadt von einem bescheidenen Fischerdorf zu einem Zentrum der Film-, Musik- und Werbebranche entwickelt. Luxushotels s\u00e4umen die ber\u00fchmte Uferpromenade, w\u00e4hrend die Wirtschaft der Stadt von einer Mischung aus Tourismus, Messen, Handel und einer starken Luft- und Raumfahrtpr\u00e4senz mit dem Cannes Mandelieu Space Center profitiert.<\/p>\n<p>Von Dezember bis Februar liegen die durchschnittlichen Tagestemperaturen knapp \u00fcber 10 \u00b0C, was den Wintermonaten ein mildes Klima verleiht, das im Gegensatz zur intensiven Sonne des Sommers steht, in der die Tagestemperaturen h\u00e4ufig 30 \u00b0C erreichen. Der Juli bietet durchschnittlich elf Stunden Sonnenlicht pro Tag, w\u00e4hrend die Niederschlagsmenge das ganze Jahr \u00fcber moderat bleibt und im Oktober und November ihren H\u00f6hepunkt erreicht, wenn die monatlichen Gesamtmengen 100 mm \u00fcbersteigen k\u00f6nnen. Die warmen Jahreszeiten erstrecken sich von Juni bis September. In dieser Zeit schwillt die Bev\u00f6lkerung durch Besucher an, die vom t\u00fcrkisfarbenen Glanz des Mittelmeers und den Festen, die den Kalender durchziehen, angezogen werden. Das lokale Klima ist von bemerkenswerten Extremen gepr\u00e4gt: Am 19. Juli 2023 stieg das Quecksilber auf 39,2 \u00b0C und fiel im tiefsten strengen Winter am 9. Januar 1985 auf \u201312,0 \u00b0C.<\/p>\n<p>Die Promenade de la Croisette, eine elegant geschwungene, palmenges\u00e4umte Allee, ist typisch f\u00fcr die Strandpromenade von Cannes. Ausgew\u00e4hlte \u00f6ffentliche und private Str\u00e4nde, Restaurantterrassen sowie die Fassaden luxuri\u00f6ser Boutiquen und stattlicher Hotels s\u00e4umen den Abschnitt. Jenseits der Allee erstreckt sich Le Suquet, das mittelalterliche Viertel der Stadt, mit seinem gepflasterten Netz enger Gassen, die hinauf zur Kapelle Notre-Dame d&#039;Esp\u00e9rance auf einem H\u00fcgel f\u00fchren. Von dort aus \u00fcberblickt man die geschwungene Corniche und die himmelblaue Bucht, w\u00e4hrend das Mus\u00e9e des Explorations du Monde \u2013 untergebracht in einem befestigten Turm und der Chapelle Sainte-Anne \u2013 Reliquien von fernen Reisen pr\u00e4sentiert. Die Silhouette der russisch-orthodoxen Kathedrale mit ihren vergoldeten Zwiebelt\u00fcrmen pr\u00e4gt diesen Hang.<\/p>\n<p>Das Erbe von Cannes zeigt sich in den pr\u00e4chtigen Villen des 19. Jahrhunderts, die noch heute als Zeugnisse des Reichtums stehen, der der Stadt einst ihre Bedeutung verlieh. Viele erinnern an die Formen r\u00f6mischer Villen oder mittelalterlicher Bergfriede, sind jedoch f\u00fcr die \u00d6ffentlichkeit nicht zug\u00e4nglich. Zu ihnen z\u00e4hlt Lord Broughams Villa \u00c9l\u00e9onore Louise, die zwischen 1835 und 1839 im Quartier des Anglais \u2013 heute das \u00e4lteste Wohnviertel der Stadt \u2013 errichtet wurde und einst britische Aristokraten beherbergte. Jean-Gabriel Domergues Villa Domergue, urspr\u00fcnglich bekannt als Villa Fi\u00e9sole, erinnert an die \u00fcppigen Formen von Fiesole bei Florenz und kann nach Vereinbarung besichtigt werden. Ihre G\u00e4rten und Innenr\u00e4ume zeugen vom erlesenen Geschmack fr\u00fcherer M\u00e4zene.<\/p>\n<p>Vor der K\u00fcste besteht der Archipel der \u00celes de L\u00e9rins aus zwei Hauptinseln. Die \u00cele Sainte-Marguerite, ein bewaldetes Refugium nur einen Kilometer vom Ufer entfernt, bewahrt die Zelle, in der der legend\u00e4re \u201eMann mit der eisernen Maske\u201c elf Jahre lang gefangen gehalten wurde. Diese Kammer befindet sich heute im Meeresmuseum, das auch aus antiken Schiffswracks geborgene Keramik ausstellt, von r\u00f6mischen Amphoren bis zu sarazenischen Fragmenten. S\u00fcdlich davon liegt die \u00cele Saint-Honorat, die seit 410 n. Chr. von Zisterzienserm\u00f6nchen bewohnt wird, deren Abtei einst die umliegende Region verwaltete. Besucher k\u00f6nnen die schlichte Kirche und die Ruinen des Klosters aus dem 11. Jahrhundert besichtigen, w\u00e4hrend die M\u00f6nche ihre jahrhundertealte Weinbaupraxis durch die Produktion von Rot- und Wei\u00dfweinen in kleinen Mengen aufrechterhalten.<\/p>\n<p>In der Stadt bieten mehrere Museen Einblicke in die Vorgeschichte der Provence, die Schifffahrt im Mittelmeerraum und die Kulturen der Welt. Das Mus\u00e9e d&#039;Art et d&#039;Histoire de Provence in einem Herrenhaus aus dem 18. Jahrhundert zeichnet das lokale Leben von den pr\u00e4historischen Anf\u00e4ngen bis zur Gegenwart anhand von Werkzeugen, Kost\u00fcmen und f\u00fcr Weihnachtskrippen geschnitzten Santons nach. Das Mus\u00e9e de la Castre pr\u00e4sentiert Artefakte von pazifischen Atollen, aus dem pr\u00e4kolumbianischen Peru und Mesoamerika und ist in den \u00dcberresten einer mittelalterlichen Burg auf dem Gipfel des Suquet untergebracht. Weitere Einrichtungen \u2013 wie das Mus\u00e9e de la Marine, das Mus\u00e9e de la Mer, das Mus\u00e9e de la Photographie und das Mus\u00e9e International de la Parfumerie \u2013 befassen sich mit Seefahrertraditionen, Unterwasserarch\u00e4ologie, Fotokunst und der Parf\u00fcmerien der Region.<\/p>\n<p>Das Theater- und Musikleben von Cannes entfaltet sich in intimen R\u00e4umen, wo das j\u00e4hrliche Internationale Schauspielfestival kurze Sketche inmitten lokaler Theater wie dem Th\u00e9\u00e2tre Debussy, dem Espace Miramar und dem Alexandre III. auff\u00fchrt. Die Zuschauer erleben Momente voller Humor und Drama abseits der Pracht des roten Teppichs und bekr\u00e4ftigen damit das Engagement der Stadt f\u00fcr die darstellenden K\u00fcnste \u00fcber ihre gro\u00dfen Veranstaltungen hinaus.<\/p>\n<p>Der Veranstaltungskalender von Cannes ist prall gef\u00fcllt mit Festivals und Branchentreffen. Neben den Filmfestspielen Mitte Mai findet im Juni das Lions Festival f\u00fcr kreative Werbung statt, w\u00e4hrend die Bucht von Cannes beim j\u00e4hrlichen Festival d&#039;art pyrotechnique im Sommer mit einem Feuerwerk erstrahlt. Die Midem bringt jedes Jahr im Juni F\u00fchrungskr\u00e4fte der Musikbranche zusammen; im April und Oktober finden MIPTV und MIPCOM statt, die wichtigsten Handelsm\u00e4rkte f\u00fcr Fernsehinhalte; die MIPIM bringt im M\u00e4rz Immobilienfachleute zusammen; und das Cannes Yachting Festival lockt im September maritime Liebhaber in den Vieux Port. Weitere H\u00f6hepunkte sind das Panafrikanische Filmfestival Anfang April, das Internationale Spielefestival jeden Februar und das Springreiten der Global Champions Tour im Hafen. Die NRJ Music Awards unterstreichen die Rolle der Stadt als Zentrum f\u00fcr Unterhaltung und Handel.<\/p>\n<p>Die Wirtschaft von Cannes ist eng mit dem Tourismus und einem wachsenden Hightech-Cluster verkn\u00fcpft. Jenseits des Glamours der Film- und Werbefestivals beherbergen die H\u00fcgel oberhalb der Stadt die Technopolis Sophia Antipolis, und das Cannes Mandelieu Space Center beherbergt die Satellitenproduktion von Thales Alenia Space in der N\u00e4he. Rund 6.500 Unternehmen sind innerhalb der Stadtgrenzen t\u00e4tig, darunter 3.000 H\u00e4ndler, Handwerker und Dienstleister. Das dynamische Umfeld f\u00f6rdert einen stetigen Zustrom neuer Unternehmen \u2013 2006 wurden 421 registriert \u2013 und unterstreicht Cannes\u2018 doppelte Identit\u00e4t als gesellschaftliche B\u00fchne und Innovationszentrum.<\/p>\n<p>Die Anbindung an die weitere Region erfolgt \u00fcber Luft-, Schienen-, Stra\u00dfen- und Seewege. Der 24 Kilometer nord\u00f6stlich gelegene Flughafen Nizza wickelt internationale Ank\u00fcnfte ab, w\u00e4hrend der nahegelegene Flughafen Cannes-Mandelieu kleinere Schiffe abfertigt. Der Hauptbahnhof bietet Verbindungen nach Paris mit dem TGV, nach Marseille mit dem TER und in italienische St\u00e4dte \u00fcber Verbindungen wie die fr\u00fcher von Thello betriebenen. F\u00fcnf weitere Haltestellen auf der Strecke nach Grasse bedienen Vororte, und am Bahnhof Cannes-la-Bocca besteht eine eigene Bahn-F\u00e4hr-Verbindung. Nationale und regionale Buslinien halten am Gare Routi\u00e8re de Cannes, w\u00e4hrend F\u00e4hren von Korsika \u00fcber Bastia und Calvi das Mittelmeer in zwei- bis vierst\u00fcndigen Fahrten durchqueren.<\/p>\n<p>Die Yachth\u00e4fen von Cannes \u2013 der Vieux Port de Cannes neben dem Palais des Festivals und der Port Pierre Canto an der Ostspitze der Croisette \u2013 bieten Platz f\u00fcr bis zu 800 Schiffe, vom Freizeitboot bis zum Transatlantikliner. Der Vieux Port dient auch regelm\u00e4\u00dfig als Zwischenstopp f\u00fcr Kreuzfahrten und unterstreicht so das maritime Erbe der Stadt.<\/p>\n<p>Zu Fu\u00df k\u00f6nnen Besucher ein breites Spektrum an Einkaufsm\u00f6glichkeiten erkunden. Zwischen La Croisette und der Rue d&#039;Antibes liegen die Luxusboutiquen internationaler Modeh\u00e4user neben leichter zug\u00e4nglichen Outlets, w\u00e4hrend die verwinkelten Gassen der Altstadt Kunsthandwerk anbieten. Der \u00fcberdachte Markt der Rue Meynadier, March\u00e9 Forville, pr\u00e4sentiert zwischen Reihen von St\u00e4nden ein buntes Bild provenzalischer Produkte \u2013 K\u00e4se, Oliven und frische Meeresfr\u00fcchte. Im historischen Viertel Le Cannet l\u00e4dt der Place Bellevue vor Fassaden aus dem 19. Jahrhundert zu einem Essen im Freien ein und beherbergt Ateliers, in denen Maler und Bildhauer regionale Traditionen fortf\u00fchren. Die \u00fcblichen \u00d6ffnungszeiten sind von 10:00 bis 12:00 Uhr und von 14:30 bis 19:30 Uhr, wobei viele Gesch\u00e4fte in der Hochsaison auch \u00fcber die Mittagszeit ge\u00f6ffnet bleiben.<\/p>\n<p>Die Gastronomieszene spiegelt sowohl lokale Zutaten als auch die kosmopolitischen Str\u00f6mungen wider, die Cannes gepr\u00e4gt haben. An den Tischen entlang des Quais werden Meeresfr\u00fcchteplatten aus dem Mittelmeerraum angeboten, w\u00e4hrend Bistros in Le Suquet provenzalisch inspirierte Gerichte mit Blick auf Terrakotta-D\u00e4cher servieren. In der Rue d&#039;Antibes finden sich Chocolatiers wie Maiffret und handwerklich hergestellte Delikatessen bei Chez Bruno, und Feinschmecker k\u00f6nnen bei regionalen Weinen im La Cave Forville verweilen. Obwohl im Zentrum von Cannes hohe Preise verlangt werden, bieten die Seitenstra\u00dfen und Vorstadtrestaurants in Le Cannet bescheidenere Optionen, deren Atmosph\u00e4re eher vom Rhythmus des Alltags als vom Festival-Glamour gepr\u00e4gt ist.<\/p>\n<p>Cannes ist ein Ort der Begegnung \u2013 wo sich das Licht des Mittelmeers in Palmwedeln bricht, wo Kunst und Handel auf einer B\u00fchne zusammentreffen und wo Jahrhunderte der Geschichte in Steinmauern und Klosterweinbergen widerhallen. Es bietet einen ebenso pr\u00e4zisen wie ungreifbaren Eindruck: das Kratzen von Bootskielen am Kai, das sanfte Echo von Filmrollen im dunklen Saal und der Duft von Jasmin in der Sommerbrise. Hier verschmelzen Moderne und Erinnerung und laden den Betrachter ein, \u00fcber das Drehbuch des Ruhms hinauszugehen und die Texturen allt\u00e4glicher Anmut zu entdecken.<\/p>","protected":false},"excerpt":{"rendered":"<p>Cannes, eine idyllische Gemeinde an der franz\u00f6sischen Riviera, ist ein Juwel des D\u00e9partements Alpes-Maritimes in der Region Provence-Alpes-C\u00f4te d&#039;Azur. Die ber\u00fchmte K\u00fcstenstadt liegt rund 45 Kilometer s\u00fcdwestlich von Nizza und hat \u00fcber 74.000 Einwohner. Sie wird auf Franz\u00f6sisch Cannois oder auf provenzalisch-okzitanisch canenc genannt. Die g\u00fcnstige Lage der Stadt an der Mittelmeerk\u00fcste hat ihre Geschichte, Kultur und Wirtschaft gepr\u00e4gt und sie von einem bescheidenen Fischerdorf zu einem prestigetr\u00e4chtigen Luxusresort und Kulturzentrum entwickelt.<\/p>","protected":false},"author":1,"featured_media":3017,"parent":13952,"menu_order":0,"comment_status":"closed","ping_status":"closed","template":"elementor_theme","meta":{"_eb_attr":"","footnotes":""},"class_list":["post-14191","page","type-page","status-publish","has-post-thumbnail"],"_links":{"self":[{"href":"https:\/\/travelshelper.com\/de\/wp-json\/wp\/v2\/pages\/14191","targetHints":{"allow":["GET"]}}],"collection":[{"href":"https:\/\/travelshelper.com\/de\/wp-json\/wp\/v2\/pages"}],"about":[{"href":"https:\/\/travelshelper.com\/de\/wp-json\/wp\/v2\/types\/page"}],"author":[{"embeddable":true,"href":"https:\/\/travelshelper.com\/de\/wp-json\/wp\/v2\/users\/1"}],"replies":[{"embeddable":true,"href":"https:\/\/travelshelper.com\/de\/wp-json\/wp\/v2\/comments?post=14191"}],"version-history":[{"count":0,"href":"https:\/\/travelshelper.com\/de\/wp-json\/wp\/v2\/pages\/14191\/revisions"}],"up":[{"embeddable":true,"href":"https:\/\/travelshelper.com\/de\/wp-json\/wp\/v2\/pages\/13952"}],"wp:featuredmedia":[{"embeddable":true,"href":"https:\/\/travelshelper.com\/de\/wp-json\/wp\/v2\/media\/3017"}],"wp:attachment":[{"href":"https:\/\/travelshelper.com\/de\/wp-json\/wp\/v2\/media?parent=14191"}],"curies":[{"name":"wp","href":"https:\/\/api.w.org\/{rel}","templated":true}]}}