{"id":14170,"date":"2024-09-18T20:33:32","date_gmt":"2024-09-18T20:33:32","guid":{"rendered":"https:\/\/travelshelper.com\/staging\/?page_id=14170"},"modified":"2026-03-11T23:57:03","modified_gmt":"2026-03-11T23:57:03","slug":"courchevel","status":"publish","type":"page","link":"https:\/\/travelshelper.com\/de\/destinations\/europe\/france\/courchevel\/","title":{"rendered":"Courchevel"},"content":{"rendered":"<p>Courchevel, eine Ansammlung von D\u00f6rfern auf 1.300 bis 1.850 Metern H\u00f6he im Tarentaise-Tal im franz\u00f6sischen D\u00e9partement Savoie, vereint eine alpine Bev\u00f6lkerung von knapp zweitausend st\u00e4ndigen Einwohnern mit einem rund 605 Hektar gro\u00dfen Skigebiet innerhalb des weltweit gr\u00f6\u00dften zusammenh\u00e4ngenden Skigebiets, Les Trois Vall\u00e9es. Der in der Region Auvergne-Rh\u00f4ne-Alpes gelegene Ferienort zieht mit seinen 493 Kilometern miteinander verbundenen Pisten, seiner steilen Altiport-Landebahn und seiner Vielzahl an Luxuspal\u00e4sten und mit Michelin-Sternen ausgezeichneten Restaurants vor allem ein internationales Publikum an. Hinter seiner exklusiven Fassade verbirgt sich eine Geschichte bewusster Nachkriegsplanung, eine Infrastruktur auf olympischem Niveau und ein sich wandelndes Profil, das heute auch Sommerkunstfestivals und Umweltschutz am Rande des Nationalparks Vanoise umfasst.<\/p>\n<p>Von den ersten Studien des Vichy-Regimes aus dem Jahr 1942 bis hin zur auf seiner Promotion basierenden Vision von Laurent Chappis entwickelte sich Courchevel zum ersten vollst\u00e4ndig eigens errichteten Bergresort Frankreichs. Chappis beschloss gemeinsam mit dem Ingenieur Maurice Michaud, das Modell der Anpassung bestehender D\u00f6rfer aufzugeben und stattdessen ein Netzwerk von Standorten in 1.300 (Le Praz), 1.550 (dem heutigen Courchevel Village), 1.650 (Moriond) und 1.850 Metern H\u00f6he \u2013 heute einfach \u201eCourchevel\u201c \u2013 zu errichten, jedes mit einem eigenen Charakter. Das 1946 er\u00f6ffnete Courchevel 1550 diente als Ausgangspunkt f\u00fcr die touristische Infrastruktur. Aus seinem urspr\u00fcnglichen Weiler entstanden Hotels wie das Roc Merlet. Zwei Jahre sp\u00e4ter beaufsichtigte Chappis die Entwicklung von Courchevel 1850 auf der weitl\u00e4ufigen Tovet-Weide. Seine eckigen Fassaden und flachen D\u00e4cher revolutionierten die alpine Architektur und brachten dem st\u00e4dtischen Ensemble 1998 eine Eintragung in das erg\u00e4nzende Inventar historischer Denkm\u00e4ler ein.<\/p>\n<p>Courchevels schnelles Wachstum in den 1950er- und 1960er-Jahren spiegelte Frankreichs Akzeptanz des Wintersports als Massenerholung wider. Und doch behielt die Stadt einen gemeinschaftlichen Charakter, der in Le Praz und dem Gemeindehauptort Saint-Bon-Tarentaise auf 1.100 Metern H\u00f6he verwurzelt ist, wo kostenlose Pendelbusse die traditionellen Steinh\u00e4user und die Kirche Saint-Bon aus dem 12. Jahrhundert mit der dar\u00fcber liegenden Schneegrenze verbinden. Bis 1952 hatte sich Morionds \u201eSonniger Balkon\u201c seinen Spitznamen nicht nur wegen der sonnenbeschienenen Pisten verdient, sondern auch wegen eines autonomen Skigebiets, das von der Soci\u00e9t\u00e9 des T\u00e9l\u00e9skis de Moriond verwaltet wurde \u2013 einem Vorl\u00e4ufer der Soci\u00e9t\u00e9 des Trois Vall\u00e9es (S3V), die 1946 gegr\u00fcndet wurde und heute f\u00fcr die Lifts in den Drei T\u00e4lern zust\u00e4ndig ist. Ein Dekret aus dem Jahr 1959 vereinigten die Gebiete von Moriond mit der Gerichtsbarkeit von Saint-Bon und festigten damit die lokale Verwaltung, auch wenn nationale Agenturen schon bald Investitionen in die olympischen Austragungsorte t\u00e4tigen w\u00fcrden.<\/p>\n<p>Die Er\u00f6ffnung der Skisprungschanzen von Tremplin du Praz im Januar 1991 war der Auftakt zu den Olympischen Winterspielen 1992 in Albertville, bei denen in Le Praz Skispringen und die Nordische Kombination ausgetragen wurden und La Tania \u2013 eigens f\u00fcr die Wettk\u00e4mpfer errichtet \u2013 sich in das Talmosaik einf\u00fcgte. Die \u00f6rtliche Eisbahn Forum, die im Dezember 1990 f\u00fcr 38 Millionen Francs er\u00f6ffnet wurde, diente als Trainingsort, bevor die Wettk\u00e4mpfe w\u00e4hrend der Spiele in Albertville, M\u00e9ribel und Pralognan-la-Vanoise ausgetragen wurden. Die Landebahn des Altiports, die urspr\u00fcnglich 1961 von Michel Ziegler angelegt und sp\u00e4ter f\u00fcr die Spiele f\u00fcr Dash-7-Flugzeuge erweitert wurde, unterstrich die strategische Bedeutung von Courchevel trotz ihres ber\u00fcchtigt steilen Gef\u00e4lles von 18,5 Prozent und ihrer L\u00e4nge von 525 Metern. Piloten ben\u00f6tigen eine spezielle Zertifizierung, um den Anflug auf das Tal zu bew\u00e4ltigen, und der Flughafen gilt nach wie vor als einer der gef\u00e4hrlichsten der Welt.<\/p>\n<p>Die Expansion des Resorts ins 21. Jahrhundert verband Opulenz mit betrieblicher Raffinesse. 2011 wurde in Frankreich ein sechster \u201ePalast\u201c-Stern in die Hotelklassifizierung aufgenommen; Courchevel konnte mit Jardin Alpin zwei der ersten acht derartigen Pal\u00e4ste des Landes f\u00fcr sich beanspruchen. Vierzehn Hotels des Resorts tragen jetzt F\u00fcnf-Sterne-Status und sieben Betriebe haben Michelin-Sterne \u2013 Le Chabichou darunter mit zwei Sternen und Yannick All\u00e9nos Cheval Blanc mit drei. Neben Couture-Boutiquen von Louis Vuitton, Herm\u00e8s, Chanel und anderen bietet das Resort die angeblich teuerste Apotheke Frankreichs. Seine Kundschaft stammt gr\u00f6\u00dftenteils aus den Golfstaaten und wohlhabenden Kreisen Russlands, die ihre Besuche so planen, dass sie mit Neujahr und dem russisch-orthodoxen Weihnachtsfest am 7. Januar zusammenfallen, was die erste Monatsh\u00e4lfte zur Hochsaison macht.<\/p>\n<p>Doch Luxus geht mit Herausforderungen einher, die die Widerstandsf\u00e4higkeit der Gemeinde auf die Probe stellen. In den fr\u00fchen Morgenstunden des 20. Januar 2019 w\u00fctete ein Feuer in den Unterk\u00fcnften der Saisonarbeiter in Courchevel 1850. Zwei Menschen starben, 22 wurden verletzt. 130 Feuerwehrleute r\u00fcckten aus. Ihr schnelles Eingreifen verhinderte eine noch gr\u00f6\u00dfere Trag\u00f6die und verdeutlichte, wie gering der Spielraum f\u00fcr Fehler inmitten steiler Stra\u00dfen und dicht gedr\u00e4ngter Chaletfassaden ist. Der Vorfall f\u00fchrte zu strengeren Sicherheitsvorkehrungen in den Arbeiterunterk\u00fcnften und erneuten Investitionen in die kommunale Feuerwehr.<\/p>\n<p>Courchevels Engagement f\u00fcr ganzj\u00e4hrige Vitalit\u00e4t hat zur Er\u00f6ffnung wichtiger Freizeit- und Kultureinrichtungen gef\u00fchrt. Im Dezember 2015 wurde Aquamotion er\u00f6ffnet, ein 15.000 Quadratmeter gro\u00dfer Wasserkomplex mit Innen- und Au\u00dfenpools, Sprunggruben, Rutschen, Spa-Einrichtungen und drei Restaurants, die das Angebot nach dem Skifahren abwechslungsreicher gestalten sollen. Im November 2013 bot das Sportzentrum L&#039;Envol\u00e9e in Le Praz eine 1.000 Quadratmeter gro\u00dfe Turnhalle, einen Fitnessbereich und einen Mehrzweckraum f\u00fcr Spitzensportler und Gelegenheitsbesucher. L&#039;Alpinium, das derzeit in Le Praz gebaut wird, soll die Anbindung an Courchevel 1850 verbessern und das Parkangebot erweitern. Dabei ist man sich bewusst, dass eine verbesserte Mobilit\u00e4t zwischen den D\u00f6rfern nach wie vor von entscheidender Bedeutung ist in einem Resort, das sich \u00fcber f\u00fcnf Siedlungen erstreckt, aber den Namen seines h\u00f6chstgelegenen Standorts tr\u00e4gt.<\/p>\n<p>Die Ernennung von Courchevel und M\u00e9ribel zu Co-Gastgebern der Alpinen Skiweltmeisterschaften 2023 bekr\u00e4ftigte das globale Ansehen des Tals. Die Rennen begannen auf der neu errichteten L&#039;\u00c9clipse-Strecke auf dem Gipfel des Saulire und endeten im Talboden in Courchevel Le Praz \u2013 ein Beweis jahrzehntelanger Pistentechnik und k\u00fcnstlicher Beschneiung. Seit der Inbetriebnahme des Lac de Ariondaz im Jahr 2007 sind im Resort bis zu 617 Schneekanonen im Einsatz, um 43 Prozent des Gel\u00e4ndes zu beschneien und so die saisonalen Schwankungen auszugleichen. Laut der F\u00e9d\u00e9ration Fran\u00e7aise des Stations de Montagne verf\u00fcgte das Gebiet zu Spitzenzeiten in den fr\u00fchen 1970er-Jahren \u00fcber rund 28.000 Touristenbetten. Heute bieten die Trois Vall\u00e9es insgesamt \u00fcber 126.000 Betten, wobei Courchevels Anteil bei etwa 32.000 liegt.<\/p>\n<p>Das architektonische Erbe pr\u00e4gt nach wie vor die Identit\u00e4t Courchevels. Die von Denys Pradelle und Chappis in Courchevel 1850 entworfenen Chalet-Geb\u00e4ude \u2013 Lang, Joliot-Curie, Petit Navire und andere \u2013 wurden zwischen 2005 und 2012 unter Denkmalschutz gestellt und verk\u00f6rpern die Fusion modernistischer Schlichtheit mit alpiner Architektur aus der Mitte des Jahrhunderts. Die Kapelle Unserer Lieben Frau von der Himmelfahrt, die 1959 fertiggestellt und 1970 erweitert wurde, geh\u00f6rt zu drei\u00dfig gesch\u00fctzten St\u00e4tten, die \u00fcber die Gemeinde verstreut sind. Diese Anerkennung best\u00e4tigt die Vision der fr\u00fchen Planer: ein Resort, das nicht einfach an die Bergh\u00e4nge angebaut wird, sondern dessen Bauform mit der Landschaft harmoniert.<\/p>\n<p>Die Erreichbarkeit, sowohl physisch als auch administrativ, spiegelt die vielschichtige Entwicklung von Courchevel wider. Obwohl die Gemeinde Courchevel 2017 durch den Zusammenschluss von Saint-Bon-Tarentaise und La Perri\u00e8re gegr\u00fcndet wurde, befindet sich das Rathaus weiterhin in Saint-Bon, wodurch die Kontinuit\u00e4t zur Zeit vor dem Resort gewahrt bleibt. Stra\u00dfenverbindungen f\u00fchren von Le Praz \u00fcber La Tania nach M\u00e9ribel \u00fcber den Col de la Loze und von Saulire ins Allues-Tal, sodass Skifahrer Paradiski und Espace Killy mit einer Wochenkarte befahren k\u00f6nnen. Pl\u00e4ne, alle Tarentaise-Systeme miteinander zu verbinden, wurden 1963 durch die Gr\u00fcndung des Nationalparks Vanoise gestoppt, um die alpine \u00d6kologie trotz des sprunghaft ansteigenden Tourismus zu sch\u00fctzen.<\/p>\n<p>Die Verwaltung des Resorts vereint \u00f6ffentliche Verwaltung und kommerzielles Unternehmertum. Courchevel Tourisme, ein nach dem EPIC-Prinzip strukturiertes und aus lokalen Steuern finanziertes Tourismusb\u00fcro, stellte 2015 ein Budget von 5,3 Millionen Euro f\u00fcr Werbung und Veranstaltungen bereit. S3V \u2013 urspr\u00fcnglich vom Conseil G\u00e9n\u00e9ral de Savoie finanziert \u2013 betreibt Skilifte und Pisten als gemischtwirtschaftliches Unternehmen, dessen Hauptanteilseigner der Conseil d\u2019\u00e9partemental, die Gemeinden Saint-Bon-Tarentaise, Les Allues und La Perri\u00e8re sowie die Mitarbeiter von S3V sind. Bis 2008 betrieb S3V 85 Lifte in den Drei T\u00e4lern \u2013 ein weiterer Hinweis auf Courchevels Rolle in einem Netzwerk mit einer Gesamtfl\u00e4che von \u00fcber 2.100 Hektar.<\/p>\n<p>Trotz seines Rufs und seiner Ressourcen steht Courchevel vor der Notwendigkeit der Modernisierung. In den letzten Jahrzehnten wurden die kuppelbaren Sessellifte von Poma durch historische \u201eEier\u201c \u200b\u200bersetzt, und die Grand-Jour-Seilbahn \u2013 einst die gr\u00f6\u00dfte der Welt \u2013 wurde durch schnellere Anlagen mit h\u00f6herer Kapazit\u00e4t ersetzt. Die k\u00fcnstliche Beschneiung ist nach wie vor energieintensiv, ein Problem, das der franz\u00f6sische Rechnungshof 2011 feststellte, als er j\u00e4hrliche Kosten von 5 Millionen Euro f\u00fcr die Produktion von 130.000 m\u00b3 Schnee feststellte. Angesichts der sich \u00e4ndernden Klimatrends balanciert das Resort die Reservoirbewirtschaftung und die Pistenausrichtung, um zuverl\u00e4ssige Bedingungen f\u00fcr Spitzenveranstaltungen und Freizeitskifahrer gleicherma\u00dfen zu gew\u00e4hrleisten.<\/p>\n<p>Eingebettet in diese kontinuierliche Anpassung ist Courchevels Expansion in Kultur und Sport \u00fcber den Winter hinaus. Das Internationale Festival f\u00fcr Pyrotechnik lockt seit 2003 jeden Sommer Besucher nach Courchevel 1850, w\u00e4hrend Ausstellungen zeitgen\u00f6ssischer Kunst die Galerien des Dorfes beleben. Mountainbike- und Wanderwege, obwohl weniger frequentiert als die im benachbarten M\u00e9ribel und Les Arcs, laden zur Erkundung bewaldeter Hochebenen und Gletschert\u00e4ler ein. Ein 9-Loch-Golfplatz im Jardin Alpin verbindet Alpenpanoramen mit Fairways und l\u00e4dt so zu ganzj\u00e4hriger Erholung ein. Die St\u00e4dtepartnerschaft mit Park City, Utah, unterstreicht die gemeinsame Expertise im Bergtourismus und hat Courchevel sogar eine rote Piste namens \u201ePark City\u201c beschert.<\/p>\n<p>Courchevel hat sich \u00fcber sieben Jahrzehnte hinweg eine doppelte Identit\u00e4t bewahrt: ein Schmelztiegel architektonischer Innovation und eine Bastion gehobener Gastfreundschaft, w\u00e4hrend in seinen ruhigeren D\u00f6rfern der Rhythmus des alpinen Lebens erhalten blieb. Seine H\u00e4nge \u2013 einst von Chappis auf Kriegskartografien kartiert \u2013 sind heute Austragungsort von Weltmeisterschaften, und seine einst hotellosen Gassen flie\u00dfen heute in den globalen Reichtum. Doch hinter der Fassade aus Pal\u00e4sten und Designerboutiquen verbirgt sich die Best\u00e4ndigkeit kleiner D\u00f6rfer, das Summen der Liftmotoren und die konsequente Pflege des nat\u00fcrlichen Gel\u00e4ndes, die sowohl den Ursprung als auch das Versprechen des Resorts gepr\u00e4gt haben. In einer Zeit, in der Bergdestinationen mit \u00f6kologischen, wirtschaftlichen und sozialen Zw\u00e4ngen konfrontiert sind, bleibt Courchevel ein Zeugnis bewusster Planung, architektonischen Ehrgeizes und der anhaltenden Faszination schneebedeckter Gipfel. Seine Geschichte, die sich noch immer entfaltet, verbindet Exklusivit\u00e4t mit Gemeinschaft, Spektakel mit Ruhe und Innovation mit Respekt vor dem Land \u2013 eine alpine Odyssee, geleitet von sorgf\u00e4ltiger Vision und menschlichem Einsatz.<\/p>","protected":false},"excerpt":{"rendered":"<p>Courchevel liegt in den franz\u00f6sischen Alpen und ist ein erstklassiges Skigebiet, das seine G\u00e4ste mit makellosen Pisten und luxuri\u00f6sen Einrichtungen verzaubert. Der weltweit bekannte Ort liegt im malerischen Tarentaise-Tal im D\u00e9partement Savoie der franz\u00f6sischen Region Auvergne-Rh\u00f4ne-Alpes. Courchevel unterliegt zyklischen Bev\u00f6lkerungsschwankungen und entwickelt sich vom charmanten Bergdorf zu einem pulsierenden Wintersportort, der j\u00e4hrlich Tausende von Skibegeisterten und Luxusreisenden anzieht. Dank seiner vorteilhaften Lage im Skigebiet Les Trois Vall\u00e9es befindet sich das Resort im Herzen des weltweit gr\u00f6\u00dften zusammenh\u00e4ngenden Skigebiets und bietet hervorragenden Zugang zu einer Vielzahl von Pisten und Off-Piste-Gel\u00e4nden.<\/p>","protected":false},"author":1,"featured_media":2960,"parent":13952,"menu_order":0,"comment_status":"closed","ping_status":"closed","template":"elementor_theme","meta":{"_eb_attr":"","footnotes":""},"class_list":["post-14170","page","type-page","status-publish","has-post-thumbnail"],"_links":{"self":[{"href":"https:\/\/travelshelper.com\/de\/wp-json\/wp\/v2\/pages\/14170","targetHints":{"allow":["GET"]}}],"collection":[{"href":"https:\/\/travelshelper.com\/de\/wp-json\/wp\/v2\/pages"}],"about":[{"href":"https:\/\/travelshelper.com\/de\/wp-json\/wp\/v2\/types\/page"}],"author":[{"embeddable":true,"href":"https:\/\/travelshelper.com\/de\/wp-json\/wp\/v2\/users\/1"}],"replies":[{"embeddable":true,"href":"https:\/\/travelshelper.com\/de\/wp-json\/wp\/v2\/comments?post=14170"}],"version-history":[{"count":0,"href":"https:\/\/travelshelper.com\/de\/wp-json\/wp\/v2\/pages\/14170\/revisions"}],"up":[{"embeddable":true,"href":"https:\/\/travelshelper.com\/de\/wp-json\/wp\/v2\/pages\/13952"}],"wp:featuredmedia":[{"embeddable":true,"href":"https:\/\/travelshelper.com\/de\/wp-json\/wp\/v2\/media\/2960"}],"wp:attachment":[{"href":"https:\/\/travelshelper.com\/de\/wp-json\/wp\/v2\/media?parent=14170"}],"curies":[{"name":"wp","href":"https:\/\/api.w.org\/{rel}","templated":true}]}}