{"id":14059,"date":"2024-09-18T17:29:07","date_gmt":"2024-09-18T17:29:07","guid":{"rendered":"https:\/\/travelshelper.com\/staging\/?page_id=14059"},"modified":"2026-03-12T00:10:24","modified_gmt":"2026-03-12T00:10:24","slug":"saint-tropez","status":"publish","type":"page","link":"https:\/\/travelshelper.com\/de\/destinations\/europe\/france\/saint-tropez\/","title":{"rendered":"Saint Tropez"},"content":{"rendered":"<p>Saint-Tropez liegt auf einer schmalen Landzunge an der franz\u00f6sischen Riviera, auf halbem Weg zwischen Nizza und Marseille. Sein offizieller Status als Gemeinde im D\u00e9partement Var t\u00e4uscht \u00fcber eine Fl\u00e4che von kaum mehr als f\u00fcnf Quadratkilometern hinweg, auf der 4.103 Einwohner leben (Volksz\u00e4hlung 2018). Am Ende einer schmalen Bucht \u2013 dem Golf von Saint-Tropez \u2013 liegt die Stadt am Fu\u00dfe des Maurenmassivs, dessen Konturen von Wind und Str\u00f6mung gepr\u00e4gt sind. Von hier aus erstreckt sich der kompakte Stadtkern f\u00e4cherartig nach au\u00dfen in Richtung der angrenzenden D\u00fcnen von Pampelonne, wodurch Saint-Tropez sowohl eine K\u00fcstenenklave als auch ein Tor zum provenzalischen Hinterland ist.<\/p>\n<p>Das Klima ist mediterran und sommerlich hei\u00df. Die Winter bleiben mild, die Tagestemperaturen fallen selten unter zehn Grad Celsius. Die Sommer sind hei\u00df, gemildert durch den K\u00fcstenwind des Mistrals, wodurch die Mittagstemperaturen ertr\u00e4glicher sind als im Landesinneren. Die j\u00e4hrlichen Niederschl\u00e4ge konzentrieren sich auf kurze Regenf\u00e4lle im Herbst und Fr\u00fchjahr, sodass der Hochsommer weitgehend trocken bleibt. Die Vegetation, getreu ihrer mediterranen Herkunft, besteht aus Olivenhainen, Kiefern, Buscheichen und mediterraner Macchia, deren ged\u00e4mpftes Gr\u00fcn durch Salz und Sonne gemildert wird.<\/p>\n<p>Die Stadt wurde in der Antike als befestigter Au\u00dfenposten gegr\u00fcndet und ihre fr\u00fche Wirtschaft basierte auf Fischerei und Schiffbau im kleinen Ma\u00dfstab. Der Hafen bot 1789 Platz f\u00fcr 80 Schiffe; die \u00f6rtlichen Werften produzierten Tartane und Dreimaster, von denen einige bis zu 12.000 F\u00e4sser transportieren konnten. In den folgenden Jahrzehnten entstanden damit verbundene Gewerbe \u2013 Korkeichenbau, Weinbau und Holzwirtschaft. Eine Hydrographieschule bildete Seeleute und Navigatoren aus. Mitte des 19. Jahrhunderts verk\u00f6rperten Flaggschiffe wie die La Reine des Anges das maritime Handwerk der Gemeinde.<\/p>\n<p>Das Kriegskapitel von Saint-Tropez endete im August 1944, als die alliierten Streitkr\u00e4fte im Rahmen der Operation Dragoon die Stadt vor den benachbarten Siedlungen an der C\u00f4te d&#039;Azur befreiten. Dieser einmalige Moment markierte sowohl ein Ende als auch einen Anfang. Im folgenden Jahrzehnt kamen Filmemacher und Musiker, die auf der Suche nach vom Massentourismus verschonten Landschaften waren. Die Autoren der Nouvelle Vague, darunter Roger Vadim \u2013 dessen 1956er Produktion \u201eUnd immer lockt das Weib\u201c Brigitte Bardot unter den steinernen Stadtmauern von Saint-Tropez platzierte \u2013 pr\u00e4gten das Bild der Stadt unausl\u00f6schlich. Gleichzeitig zog die Y\u00e9-y\u00e9-Bewegung junge K\u00fcnstler an, deren Leistungen die Stadt im kulturellen Bewusstsein Europas verankerten.<\/p>\n<p>In den 1960er Jahren eroberte der europ\u00e4ische und amerikanische Jetset Saint-Tropez als saisonales Refugium. Hotels wie das Byblos er\u00f6ffneten mit Zeremonien, die von Bardot und Gunter Sachs beehrt wurden. Das Nachtleben im Stadtzentrum, verk\u00f6rpert durch die Caves du Roy, spiegelte die globale Faszination f\u00fcr Glamour wider. Obwohl Immobilienpreise und Dienstleistungspreise entsprechend stiegen, bewahrte der Stadtkern sein Stadtbild aus dem 17. Jahrhundert: enge Gassen mit pastellfarbenen Fassaden, von Salz und Sonne verf\u00e4rbte Fensterl\u00e4den und ein von schlanken Masten ges\u00e4umter Hafen.<\/p>\n<p>S\u00fcdlich des Stadtzentrums liegt die Bucht von Pampelonne, deren f\u00fcnf Kilometer langer Sandstrand die Gemeinde Ramatuelle s\u00e4umt. Jeder Strand ist drei\u00dfig Meter breit und feink\u00f6rnig und beherbergt entweder \u00f6ffentliche Bereiche oder private Strandclubs. Ausr\u00fcstung f\u00fcr wind- und motorisierte Wassersportarten kann gemietet werden \u2013 Segel, Boards, Kanus, Motorboote, Jetskis und sogar Tauchausr\u00fcstung. Hinter den Sonnenschirmen spenden Pinienw\u00e4lder Schatten; davor offenbart das klare Wasser des Golfs Felsvorspr\u00fcnge und Seegras. Seit den sp\u00e4ten 1950er Jahren ist Oben-ohne-Sonnenbaden \u00fcblich, nachdem lokale Kontroversen in kommunalen Verordnungen gipfelten, die das Sonnenbaden am Ufer regelten.<\/p>\n<p>Der heutige Schiffsverkehr konzentriert sich auf einen Yachthafen mit zwei Becken, der bis zu 800 Boote aufnehmen kann. Besucher reisen mit den F\u00e4hren von Les Bateaux Verts an, die Saint-Tropez mit Sainte-Maxime, Port Grimaud und verschiedenen H\u00e4fen an der Riviera verbinden. Private Charterfahrten und Segelregatten pr\u00e4gen den Sommerkalender, w\u00e4hrend die Weite des Meeres, die im Marinemuseum der Stadt auf der Zitadelle eingefangen ist, an die Urspr\u00fcnge des Schiffbaus erinnert.<\/p>\n<p>Im Mittelpunkt des Kalenders von Saint-Tropez stehen die \u201eBravades de Saint-Tropez\u201c, eine dreit\u00e4gige Veranstaltung zu Ehren des Schutzpatrons der Gemeinde, des Heiligen Torpes. Die Feierlichkeiten gehen auf die k\u00f6nigliche Verleihung von Milizprivilegien vor etwa 450 Jahren zur\u00fcck und versammeln lokale Kompanien in historischen Uniformen. Musketen feuern zum zeremoniellen Salut, Musikkapellen marschieren durch die Hauptverkehrsstra\u00dfen, und die B\u00fcste von Torpes zieht an Kirchenfassaden vorbei. Die Teilnehmer tragen traditionelle provenzalische Trachten und treffen sich zu einem Gottesdienst und einem gemeinsamen Fest, das das heutige Leben mit der fr\u00fchneuzeitlichen Verteidigung gegen die Einf\u00e4lle der Barbaresken verbindet.<\/p>\n<p>Die Landverbindungen sind aufgrund der Geographie und des Verkehrs eingeschr\u00e4nkt. Keine Eisenbahnlinie erreicht das Zentrum; der n\u00e4chste Bahnhof liegt im 40 Kilometer entfernten Saint-Rapha\u00ebl mit Weiterverbindungen per Boot oder Bus. Der Stra\u00dfenzugang erfolgt \u00fcber drei Hauptrouten: die A8 \u00fcber Le Muy nach Sainte-Maxime und die ehemalige N98; die A57 \u00fcber Cannet des Maures nach Grimaud; und die K\u00fcstenstra\u00dfe N98, die der K\u00fcste von Toulon nach Monaco folgt und landeinw\u00e4rts nach Pampelonne f\u00fchrt. In der Hochsaison kommt es h\u00e4ufig zu Staus; die Einheimischen bevorzugen dann Motorroller, Fahrr\u00e4der und Sammeltaxis, die zwischen Stadt und Str\u00e4nden pendeln. Die Stadt selbst wird viel zu Fu\u00df zur\u00fcckgelegt, und die kompakte Bauweise der Stadt l\u00e4dt Fu\u00dfg\u00e4nger dazu ein, Gassen, Kaimauern und schattige Pl\u00e4tze zu erkunden.<\/p>\n<p>Saint-Tropez besitzt keinen eigenen Flughafen, dennoch transportieren Hubschrauber Besucher zwischen den Landepl\u00e4tzen, privaten Clubs und Charterfluggesellschaften. Zivile Fl\u00fcge starten vom Flughafen La M\u00f4le-Saint-Tropez f\u00fcnfzehn Kilometer s\u00fcdwestlich und vom Flughafen Toulon-Hy\u00e8res weiter westlich. Wichtige internationale Flugh\u00e4fen \u2013 Nizza an der C\u00f4te d&#039;Azur und Marseille in der Provence \u2013 sind mit dem Auto oder Bus in zwei Stunden erreichbar und bieten Reisenden, die Komfort und malerische Landschaften genie\u00dfen m\u00f6chten, optimale Bedingungen.<\/p>\n<p>Innerhalb der Gemeindegrenzen spiegeln die \u00f6ffentlichen Einrichtungen eine \u00fcberschaubare Bev\u00f6lkerungszahl wider. Ein Kino zeigt zeitgen\u00f6ssische franz\u00f6sische und internationale Filme; eine Bibliothek f\u00f6rdert lokales Wissen; und ein Jugendzentrum bietet Outdoor-Bildung und Sportprogramme an. Das Gesundheitsangebot umfasst eine Gemeindeklinik und niedergelassene \u00c4rzte. Das Bildungsangebot reicht vom Kindergarten bis zur Sekundarstufe: die Vorschule l&#039;Escouleto, zwei Grundschulen \u2013 Louis Blanc und Les Lauriers \u2013 und die Sekundarschule Moulin Blanc, die 2011 275 Sch\u00fcler z\u00e4hlte und von 51 Mitarbeitern betreut wurde.<\/p>\n<p>Die Bekanntheit von Saint-Tropez \u00fcbertrifft die Zahlen der Bev\u00f6lkerung. Musiker von Pink Floyd bis Taylor Swift haben die Stadt in ihren Liedern verewigt, w\u00e4hrend Rapper ihr Prestige als Symbol der Freizeitgestaltung beschw\u00f6ren. Das Broadway-St\u00fcck \u201eLa Cage aux Folles\u201c verortet seine Farce im tropezianischen Nachtleben. Jahrzehntelange kreative Verbindungen, von Modeikonen wie Coco Chanel in den 1920er-Jahren bis hin zu den ber\u00fchmtesten Stars des Kinos, haben Schichten kulturellen Ged\u00e4chtnisses in die Identit\u00e4t der Stadt eingewoben. Doch hinter all diesen Bez\u00fcgen verbirgt sich eine mediterrane Siedlung, die als maritime Hochburg, Fischereihafen und heute als globales Reiseziel Bestand hatte \u2013 ihre Gegenwart wurzelt in Jahrhunderten der Kontinuit\u00e4t.<\/p>\n<p>Saint-Tropez pr\u00e4sentiert sich heute wie ein lebendiges Palimpsest. Seine Stadtmauern und die Zitadelle erinnern an die Verteidigungsbed\u00fcrfnisse vergangener Epochen; sein Hafen und seine Werften zeugen von kommerziellen Bestrebungen; seine engen Gassen und der Marktplatz zeugen von provenzalischer Tradition; seine Str\u00e4nde und H\u00e4fen zeugen von einer sich entwickelnden Freizeitwirtschaft. F\u00fcr Reisende bietet die Stadt mehr als sonnenbeschienene Fassaden und Promi-Sichtungen. Sie bietet die Gelegenheit, den Einfluss der Zeit auf Stein, Meer und Br\u00e4uche zu sp\u00fcren \u2013 ein Ort, an dem Alltagsrhythmen und saisonale Spektakel nebeneinander existieren. In dieser Konvergenz offenbart sich Saint-Tropez nicht nur als Sinnbild des Glamours, sondern als eine Stadt, die von Geschichte, Geografie und menschlichem Streben kontinuierlich neu geformt wird.<\/p>","protected":false},"excerpt":{"rendered":"<p>Saint-Tropez, eine malerische Gemeinde im D\u00e9partement Var der Region Provence-Alpes-C\u00f4te d&#039;Azur in S\u00fcdfrankreich, hatte 2018 4.103 Einwohner. Der bezaubernde K\u00fcstenort, 68 Kilometer westlich von Nizza und 100 Kilometer \u00f6stlich von Marseille gelegen, gilt als Sinnbild f\u00fcr den Charme und die Eleganz der franz\u00f6sischen Riviera. Gelegen am blauen Wasser des Golfs von Saint-Tropez, der sich n\u00f6rdlich bis Sainte-Maxime hinter dem beeindruckenden Maurenmassiv erstreckt, hat sich Saint-Tropez von einem kleinen Fischerdorf zu einem weltweit bekannten Urlaubsziel entwickelt.<\/p>","protected":false},"author":1,"featured_media":4790,"parent":13952,"menu_order":0,"comment_status":"closed","ping_status":"closed","template":"elementor_theme","meta":{"_eb_attr":"","footnotes":""},"class_list":["post-14059","page","type-page","status-publish","has-post-thumbnail"],"_links":{"self":[{"href":"https:\/\/travelshelper.com\/de\/wp-json\/wp\/v2\/pages\/14059","targetHints":{"allow":["GET"]}}],"collection":[{"href":"https:\/\/travelshelper.com\/de\/wp-json\/wp\/v2\/pages"}],"about":[{"href":"https:\/\/travelshelper.com\/de\/wp-json\/wp\/v2\/types\/page"}],"author":[{"embeddable":true,"href":"https:\/\/travelshelper.com\/de\/wp-json\/wp\/v2\/users\/1"}],"replies":[{"embeddable":true,"href":"https:\/\/travelshelper.com\/de\/wp-json\/wp\/v2\/comments?post=14059"}],"version-history":[{"count":0,"href":"https:\/\/travelshelper.com\/de\/wp-json\/wp\/v2\/pages\/14059\/revisions"}],"up":[{"embeddable":true,"href":"https:\/\/travelshelper.com\/de\/wp-json\/wp\/v2\/pages\/13952"}],"wp:featuredmedia":[{"embeddable":true,"href":"https:\/\/travelshelper.com\/de\/wp-json\/wp\/v2\/media\/4790"}],"wp:attachment":[{"href":"https:\/\/travelshelper.com\/de\/wp-json\/wp\/v2\/media?parent=14059"}],"curies":[{"name":"wp","href":"https:\/\/api.w.org\/{rel}","templated":true}]}}