{"id":13934,"date":"2024-09-18T13:52:16","date_gmt":"2024-09-18T13:52:16","guid":{"rendered":"https:\/\/travelshelper.com\/staging\/?page_id=13934"},"modified":"2026-03-11T23:36:51","modified_gmt":"2026-03-11T23:36:51","slug":"lahti","status":"publish","type":"page","link":"https:\/\/travelshelper.com\/de\/destinations\/europe\/finland\/lahti\/","title":{"rendered":"Lahti"},"content":{"rendered":"<p>Lahti, am S\u00fcdufer des Vesij\u00e4rvi-Sees, etwa 100 Kilometer nord\u00f6stlich von Helsinki gelegen, ist eine Stadt der ausgewogenen Kontraste: ein industrielles Erbe, das durch bahnbrechenden Umweltschutz gemildert wird, ein regionales Zentrum mit 121.000 Einwohnern, das an der Kreuzung der wichtigsten Autobahnen und Eisenbahnlinien Finnlands pulsiert, und ein kulturelles Zentrum, dessen Symphonieorchester und innovative Architektur Besucher von jenseits der gr\u00fcnen Salpausselk\u00e4-Berge anziehen. In seinem kompakten st\u00e4dtischen Profil umfasst Lahti den ersten Salpausselk\u00e4-Esker, felsige H\u00fcgel, die im Norden in zersplitterte Seen \u00fcbergehen, und lehmreiche W\u00e4lder und m\u00e4andernde B\u00e4che im S\u00fcden. Seine Identit\u00e4t, verk\u00f6rpert durch ein Wappen, das ein flammendes Eisenbahnrad zeigt, zeugt von der Geburt der Stadt an der Kreuzung der Eisenbahnstrecke Riihim\u00e4ki\u2013Sankt Petersburg \u2013 einem Feuerwerk aus Industrie und Aufstieg, das seinen Charakter seit dem sp\u00e4ten 19. Jahrhundert gepr\u00e4gt hat.<\/p>\n<p>Lahti liegt an der Kreuzung von Autobahn 4 und Autobahn 12 und dient seit langem als logistischer Dreh- und Angelpunkt zwischen Helsinki und Jyv\u00e4skyl\u00e4, Tampere und Kouvola sowie weiter nach Russland und Mittelfinnland \u00fcber den P\u00e4ij\u00e4nne-See. Auf seinem Marktplatz und dem modernen Reisezentrum, das 2016 neben dem Bahnhof von 1935 fertiggestellt wurde, verkehren Nah- und Fernbusse, Pendler- und Intercityz\u00fcge und sogar automatisierte Parkpl\u00e4tze, wodurch Mobilit\u00e4t und Stadterneuerung eng miteinander verkn\u00fcpft werden. Der st\u00fcndlich verkehrende VR-Zug Z nach Helsinki, der G-Zug nach Riihim\u00e4ki und die dreimal t\u00e4glich verkehrenden Verbindungen nach Kouvola zeugen von Lahtis anhaltender Rolle als Verkehrsknotenpunkt. Vorschl\u00e4ge f\u00fcr neue Haltestellen in Hennala und Karisto spiegeln die Ambitionen wider, die Verbindungen innerhalb der Stadtgrenzen auszuweiten, w\u00e4hrend Pl\u00e4ne f\u00fcr eine direkte Verbindung nach Osten nach Heinola oder Jyv\u00e4skyl\u00e4 auf breitere finanzielle Mittel warten.<\/p>\n<p>Lahtis demografisches Profil ist so vielf\u00e4ltig wie seine Landschaft. Anfang 2025 machten die 121.386 Einwohner der Stadt etwa zwei Prozent der Bev\u00f6lkerung Finnlands aus; die gr\u00f6\u00dfere Unterregion z\u00e4hlt \u00fcber 204.000 Seelen. Es herrscht finnische Einsprachigkeit \u2013 89,2 Prozent sprechen Finnisch als Muttersprache, w\u00e4hrend weniger als 600 Menschen Schwedisch sprechen \u2013, doch funktionale Zwei- oder Dreisprachigkeit ist weit verbreitet und wird durch den Pflichtunterricht in Englisch und Schwedisch gef\u00f6rdert. Mindestens einhundert weitere Sprachen sind auf Lahtis Stra\u00dfen zu h\u00f6ren, angef\u00fchrt von Russisch (2,8 Prozent), Arabisch (1,1 Prozent), Estnisch und Ukrainisch. Dies zeugt von einer bescheidenen, aber dennoch sp\u00fcrbaren Vielfalt, die au\u00dferhalb des Gro\u00dfraums Helsinki dem nationalen Durchschnitt entspricht. In religi\u00f6ser Hinsicht stellt die Evangelisch-Lutherische Kirche eine Mehrheit von etwas \u00fcber 60 Prozent, w\u00e4hrend 36,5 Prozent keiner Kirche angeh\u00f6ren und kleinere Gemeinden den Rest ausmachen.<\/p>\n<p>Klimatisch ist Lahti gepr\u00e4gt von einem feuchten Kontinentalklima mit warmen Sommern \u2013 die Julitage \u00fcbersteigen regelm\u00e4\u00dfig die 23 \u00b0C-Marke und erreichten w\u00e4hrend der Hitzewelle 2010 H\u00f6chstwerte von 35,0 \u00b0C \u2013 und langen, oft schneereichen Wintern, die in den letzten Jahrzehnten aufgrund der globalen Erw\u00e4rmung milder geworden sind. Die Niederschl\u00e4ge sind das ganze Jahr \u00fcber relativ gleichm\u00e4\u00dfig, nehmen nur im Fr\u00fchjahr ab und im Herbst und Fr\u00fchwinter zu. Das ruhige Wasser des Vesij\u00e4rvi mildert die Temperaturschwankungen, w\u00e4hrend der kleinere Pikku-Vesij\u00e4rvi, der neben dem Lanu-puisto liegt, einen intimen Kontrast zu den Ausblicken des gr\u00f6\u00dferen Sees bietet.<\/p>\n<p>Die wirtschaftliche Lage in Lahti schwankte. Einst aufgrund seiner traditionsreichen Fleischverarbeitungsindustrie und der damit verbundenen st\u00e4dtischen Notlage als \u201eChicago Finnlands\u201c bezeichnet, erlebte Lahti Anfang der 1990er Jahre einen schweren Einbruch, als der Zusammenbruch des finnisch-sowjetischen Handels und die nationale Rezession rund 20.000 Arbeitspl\u00e4tze in der Fertigung, der Textil- und der M\u00f6belindustrie vernichteten. Nach einem Tiefpunkt von weniger als 70.000 regionalen Arbeitspl\u00e4tzen im Jahr 1993 erholte sich die Stadt allm\u00e4hlich \u2013 1999 lag die Zahl bei knapp 80.000. Doch diese Notlage f\u00fchrte zu einem Neuanfang: Umweltinitiativen aus den sp\u00e4ten 1980er Jahren m\u00fcndeten 2021 in der Auszeichnung \u201eGr\u00fcne Hauptstadt Europas\u201c \u2013 ein Zeichen f\u00fcr das Engagement f\u00fcr erneuerbare Energien, Abfallreduzierung und nachhaltigen Verkehr.<\/p>\n<p>Kultureller Ehrgeiz manifestiert sich in Holz und Glas. Die im Jahr 2000 fertiggestellte und von Kimmo Lintula und Hannu Tikka konzipierte Sibelius-Halle verwandelte eine ehemalige Tischlerei in Finnlands gr\u00f6\u00dftes Holzgeb\u00e4ude der letzten hundert Jahre. Der f\u00fcr seine warme Akustik ber\u00fchmte Hauptsaal teilt sich das Gel\u00e4nde mit einem Kongressfl\u00fcgel und der offen gestalteten Waldhalle, deren Fenster die Weite von Vesij\u00e4rvi einrahmen. Sinfonia Lahti, das Hausorchester der Halle, hat f\u00fcr seine Interpretationen von Jean Sibelius&#039; Werken und dar\u00fcber hinaus internationale Anerkennung erhalten und wurde von BBC Radio 3 und zu Wettbewerben weltweit eingeladen. Der Musikkalender der Stadt erweitert sich jedes Jahr um das Orgelfestival auf dem historischen Marktplatz, ein Jazz-Treffen, dessen Kl\u00e4nge durch die gepflasterten Stra\u00dfen schallen, und das Sibelius-Festival selbst, das Finnlands ber\u00fchmten Komponisten im verweilenden Licht des Sommers w\u00fcrdigt.<\/p>\n<p>Wahrzeichen b\u00fcrgerlichen Stolzes reichen \u00fcber die Sibelius-Halle hinaus. Eliel Saarinens Rathaus von 1911 wirft eine w\u00fcrdevolle Silhouette \u00fcber die Durchgangsstra\u00dfen, w\u00e4hrend Alvar Aaltos Kreuzkirche (1978) seinen strengen Modernismus in gew\u00f6lbtem Beton veranschaulicht. Die ehrw\u00fcrdige Nastola-Kirche von 1804 und die Joutj\u00e4rvi-Kirche erz\u00e4hlen von fr\u00fcheren Epochen und bilden einen Kontrast zu Pekka Salminens Stadttheater von 1983 und Arto Sipinens Bibliothek von 1990, wo Licht und Holz Regale umschlie\u00dfen und Leser in stiller Kontemplation verweilen lassen. Gert Wing\u00e5rdhs Klavierpavillon (2008) und das JKMM-Reisezentrum von 2016 setzen zeitgen\u00f6ssische Akzente, w\u00e4hrend kleine Interventionen der Spirit of Wood-Preistr\u00e4ger Kengo Kuma und Richard Leplastrier einen anhaltenden Dialog zwischen globalem Design und lokalen Materialien zum Ausdruck bringen.<\/p>\n<p>Neben Architektur und Transport bietet Lahti in jedem Viertel ein vielf\u00e4ltiges Freizeitangebot. Im Hafengebiet neben der Sibelius-Halle erstrecken sich Caf\u00e9s und Bars entlang der Promenaden und spiegeln das konzertierte Bem\u00fchen wider, die Uferpromenade als geselligen Treffpunkt neu zu positionieren. Von dort gleitet ein erhaltener Raddampfer \u00fcber den Vesij\u00e4rvi und bietet einen Blick auf Strandh\u00e4user und von Kiefern ges\u00e4umte Str\u00e4nde. Radiom\u00e4ki, der gleichnamige Radioh\u00fcgel der Stadt, zeigt ein Museum fr\u00fcher Rundfunkger\u00e4te neben zwei Langwellenmasten, die die Skyline pr\u00e4gen und an Lahtis Rolle in der l\u00e4ndlichen Elektrifizierung und Mediengeschichte Finnlands erinnern.<\/p>\n<p>Kunst und Geschichte liegen im Stadtzentrum nah beieinander: Das Historische Museum in der Lahdenkatu zeichnet die Stadtentwicklung anhand von Artefakten und Ausstellungen nach, w\u00e4hrend das Kunstmuseum in der Vesij\u00e4rvenkatu wechselnde Ausstellungen finnischer und internationaler Maler beherbergt. Motorradfans finden in der Veist\u00e4m\u00f6nkatu Finnlands einziges Motorradmuseum, wo gl\u00e4nzende Maschinen die Entwicklung der Zweir\u00e4der von Pioniermodellen bis hin zu modernen Klassikern nachzeichnen. Familien k\u00f6nnen sich auf die Stadtbahn von Puksu freuen, die durch den Hafen von Vesij\u00e4rvi, den Laune Park und einen 4H-Bauernhof mit Nutztieren f\u00e4hrt, wo l\u00e4ndliche Tiere einen idyllischen Kontrast zu den Stra\u00dfen der Stadt bilden.<\/p>\n<p>Im Sportzentrum gibt es zahlreiche M\u00f6glichkeiten f\u00fcr sportliche Bet\u00e4tigung. Skisprungschanzen dominieren den Horizont, und ein Museum dokumentiert Lahtis geschichtstr\u00e4chtige Wintersportgeschichte. Im Sommer befindet sich am Fu\u00dfe der Schanze ein Freibad, dessen tiefes Ende bis zu drei Meter unter der hoch aufragenden Rampe liegt. In der N\u00e4he spielt der FC Lahti im Lahden Stadion den Schlusspunkt der Ykk\u00f6sliiga-Saison, w\u00e4hrend der Sportpark Kisapuisto zu Tennis, Volleyball, Baseball und mehr \u2013 drinnen und drau\u00dfen \u2013 einl\u00e4dt. Das st\u00e4dtische Schwimmbad in der Svinhufvudinkatu bietet mit Therapiebecken, Dampfsaunen und Whirlpools ein erweitertes Wasser-Wellness-Angebot.<\/p>\n<p>F\u00fcr Ausfl\u00fcge \u00fcber die Stadtgrenzen hinaus bringt eine Dampflokomotive Besucher \u00fcber eine stillgelegte 37 Kilometer lange Strecke nach Heinola. Im Hafen von Niemi k\u00f6nnen G\u00e4ste Boote mieten \u2013 vom Ruderboot bis zum Stand-Up-Paddle-Board \u2013 und die ruhige Bucht von Vesij\u00e4rvi erkunden. Die Kreuzfahrten der P\u00e4ij\u00e4nneristeilyt f\u00fchren durch den V\u00e4\u00e4ksy-Kanal zum P\u00e4ij\u00e4nne-See und bieten Mittag- und Abendessen sowie ganzt\u00e4gige Fahrten nach Heinola oder Jyv\u00e4skyl\u00e4 am anderen Ende des Sees. Auch im Inland locken Wanderwege: Das Erholungsgebiet Salpausselk\u00e4 bietet Dutzende Kilometer an Wander-, Rad- und im Winter auch Langlaufloipen.<\/p>\n<p>Die st\u00e4dtischen Gr\u00fcnfl\u00e4chen erstrecken sich bis zum Familienpark Laune, wo Kinder auf Fahrr\u00e4dern Mini-Rundkurse fahren und Wasserspiele unter der Aufsicht der Eltern zum Erkunden einladen. In Pikku-Vesij\u00e4rvi choreografiert der Wasserorgelbrunnen jeden Nachmittag Musik und Wasserstrahlen und verspr\u00fcht Melodien \u00fcber einem kleinen Amphitheater aus Felsen. Der Ankkuri-Strand, einen Kilometer n\u00f6rdlich des Hafens, bietet Badem\u00f6glichkeiten inmitten von Umkleidekabinen und Ufergr\u00fcn. Seine Wasserqualit\u00e4t ist ein Sinnbild f\u00fcr die allm\u00e4hliche \u00f6kologische Wiederbelebung von Vesij\u00e4rvi.<\/p>\n<p>Festivals runden den Jahresrhythmus in Lahti ab. Im Winter finden die Salpaussel\u00e4n-Spiele statt, eine internationale Skisprung- und Nordische Meisterschaft, die Athleten und Zuschauer auf die hohen H\u00fcgel des Sportzentrums lockt. Die Classic Motor Show im Fr\u00fchling pr\u00e4sentiert Sammlerautos und Motorr\u00e4der aus dem goldenen Zeitalter des amerikanischen Designs. Ihr polierter Chrom und das Grollen des V8-Motors erf\u00fcllen die Lahti Hall mit nostalgischer Pracht. Das ganze Jahr \u00fcber spiegeln kleine Konzerte, Ausstellungen und Gemeindetreffen ein gesellschaftliches Leben wider, das besinnliche Ruhe mit gesch\u00e4ftiger Energie verbindet.<\/p>\n<p>Lahtis Entwicklung vom jungen Eisenbahnknotenpunkt zur regionalen Kultur- und Nachhaltigkeitshauptstadt zeugt von Widerstandsf\u00e4higkeit und Neuerfindung. Breite Alleen, ges\u00e4umt von modernistischen Stadtdenkm\u00e4lern, s\u00e4umen W\u00e4lder, wo sich die H\u00fcgelketten von Salpausselk\u00e4 bis zum Horizont w\u00f6lben. Die Seepromenaden, einst Schauerh\u00e4user und Packhallen, sind heute Schauplatz von Orchesterabenden und Sommeressen. Obwohl das Erbe der Not in den Fabriken der Vororte und die Erinnerung an wirtschaftliche Abschw\u00fcnge nachklingen, hat Lahti diese Geschichte in eine Geschichte der Erneuerung verwoben. Das stille Selbstbewusstsein der Stadt r\u00fchrt nicht von ungez\u00fcgeltem Spektakel her, sondern von einem authentischen Tenor: pr\u00e4zise im Detail, offen in der Beobachtung, menschlich im Fokus \u2013 ein Ort, an dem das Flackern der Eisenbahnr\u00e4der im Wappen noch immer unter den Kiefern widerhallt und Besucher einl\u00e4dt, \u00fcber die Bucht hinauszublicken.<\/p>","protected":false},"excerpt":{"rendered":"<p>Lahti, eine Stadt in Finnlands malerischer Seenlandschaft, ist ein Beispiel f\u00fcr das kulturelle Erbe und das moderne Stadtwachstum des Landes. Rund 100 Kilometer nord\u00f6stlich der Hauptstadt Helsinki gelegen, ist Lahti die Hauptstadt der Region P\u00e4ij\u00e4t-H\u00e4me. Mit rund 121.000 Einwohnern ist sie die neuntgr\u00f6\u00dfte Gemeinde Finnlands und das sechstgr\u00f6\u00dfte Stadtgebiet des Landes. Die gr\u00f6\u00dfere Unterregion, die Lahti umfasst, z\u00e4hlt \u00fcber 204.000 Einwohner und unterstreicht damit ihre Bedeutung als wichtiger Ballungsraum in S\u00fcdfinnland.<\/p>","protected":false},"author":1,"featured_media":2921,"parent":13916,"menu_order":0,"comment_status":"closed","ping_status":"closed","template":"elementor_theme","meta":{"_eb_attr":"","footnotes":""},"class_list":["post-13934","page","type-page","status-publish","has-post-thumbnail"],"_links":{"self":[{"href":"https:\/\/travelshelper.com\/de\/wp-json\/wp\/v2\/pages\/13934","targetHints":{"allow":["GET"]}}],"collection":[{"href":"https:\/\/travelshelper.com\/de\/wp-json\/wp\/v2\/pages"}],"about":[{"href":"https:\/\/travelshelper.com\/de\/wp-json\/wp\/v2\/types\/page"}],"author":[{"embeddable":true,"href":"https:\/\/travelshelper.com\/de\/wp-json\/wp\/v2\/users\/1"}],"replies":[{"embeddable":true,"href":"https:\/\/travelshelper.com\/de\/wp-json\/wp\/v2\/comments?post=13934"}],"version-history":[{"count":0,"href":"https:\/\/travelshelper.com\/de\/wp-json\/wp\/v2\/pages\/13934\/revisions"}],"up":[{"embeddable":true,"href":"https:\/\/travelshelper.com\/de\/wp-json\/wp\/v2\/pages\/13916"}],"wp:featuredmedia":[{"embeddable":true,"href":"https:\/\/travelshelper.com\/de\/wp-json\/wp\/v2\/media\/2921"}],"wp:attachment":[{"href":"https:\/\/travelshelper.com\/de\/wp-json\/wp\/v2\/media?parent=13934"}],"curies":[{"name":"wp","href":"https:\/\/api.w.org\/{rel}","templated":true}]}}