{"id":13736,"date":"2024-09-18T01:52:44","date_gmt":"2024-09-18T01:52:44","guid":{"rendered":"https:\/\/travelshelper.com\/staging\/?page_id=13736"},"modified":"2026-03-12T00:14:06","modified_gmt":"2026-03-12T00:14:06","slug":"deutschland","status":"publish","type":"page","link":"https:\/\/travelshelper.com\/de\/destinations\/europe\/germany\/","title":{"rendered":"Deutschland"},"content":{"rendered":"<p>Die Bundesrepublik Deutschland nimmt eine zentrale Lage in Europa ein. Sie erstreckt sich \u00fcber 357.596 Quadratkilometer zwischen Nord- und Ostsee im Norden und den Alpen im S\u00fcden und hat (Stand der Volksz\u00e4hlung 2023) rund 84,7 Millionen Einwohner. Sie grenzt an neun L\u00e4nder \u2013 D\u00e4nemark, Polen, Tschechien, \u00d6sterreich, die Schweiz, Frankreich, Luxemburg, Belgien und die Niederlande \u2013 und ist der bev\u00f6lkerungsreichste Mitgliedstaat der Europ\u00e4ischen Union. Ihr Gel\u00e4nde erstreckt sich von den schneebedeckten Gipfeln der Bayerischen Alpen, wo die Zugspitze 2.963 Meter hoch ist, \u00fcber bewaldete Mittelgebirge und fruchtbare Flusst\u00e4ler bis zu den niedrigen, windgepeitschten Ebenen entlang der Nord- und Ostsee. Berlin ist Hauptstadt und kulturelles Zentrum, Frankfurt Finanzzentrum und das Ruhrgebiet der gr\u00f6\u00dfte Ballungsraum.<\/p>\n<p>Die menschliche Pr\u00e4senz auf deutschem Boden reicht bis ins Altpal\u00e4olithikum zur\u00fcck, auf das die J\u00e4ger und Sammler zur\u00fcckgingen, gefolgt von keltischen und sp\u00e4ter germanischen St\u00e4mmen. Bereits im 1. Jahrhundert n. Chr. gaben r\u00f6mische Chronisten der Region den Namen Germania, einer Landschaft aus W\u00e4ldern und St\u00e4mmen jenseits ihrer Grenzen. Im Jahr 962 wurde das \u00f6stlich gelegene Reich der s\u00e4chsischen K\u00f6nige zum Kern des Heiligen R\u00f6mischen Reiches. Im 16. Jahrhundert entwickelten sich norddeutsche St\u00e4dte zu Zentren der protestantischen Reformation, deren Kanzeldebatten den Glauben in ganz Europa neu pr\u00e4gten. Die napoleonischen Umw\u00e4lzungen l\u00f6sten das mittelalterliche Reich 1806 auf; bis 1815 bildete sich ein loser Deutscher Bund aus 39 F\u00fcrstent\u00fcmern, der die Dynastien eher durch Abstammung als durch Sprache oder Recht vereinte.<\/p>\n<p>Die moderne Nation entstand nach dem Deutsch-\u00d6sterreichischen Krieg von 1866, als der Norddeutsche Bund unter preu\u00dfischer F\u00fchrung den Weg f\u00fcr die Ausrufung des Deutschen Kaiserreichs im Jahr 1871 ebnete. Dieses imperiale Unterfangen endete 1918 mit einer Niederlage. Aus der Asche von Krieg und Revolution erhob sich die Weimarer Republik, eine fragile Demokratie, die von politischen und wirtschaftlichen Turbulenzen heimgesucht wurde. Der Aufstieg von Adolf Hitlers NSDAP im Jahr 1933 f\u00fchrte zu einer brutalen Diktatur, globalen Konflikten und V\u00f6lkermord. 1949 wurde Deutschland in zwei Staaten geteilt: die demokratische, westorientierte Bundesrepublik Deutschland und die kommunistische Deutsche Demokratische Republik im Osten, wobei Berlin unter der Aufsicht der Vierm\u00e4chte verblieb. Der Fall des ostdeutschen Regimes im Jahr 1989 gipfelte in der Wiedervereinigung am 3. Oktober 1990, einem Datum, das heute als Tag der Deutschen Einheit gefeiert wird.<\/p>\n<p>Deutschland z\u00e4hlt heute zu den f\u00fchrenden Volkswirtschaften der Welt. Sein soziales Marktsystem verbindet eine robuste Industrie mit umfassender Sozialf\u00fcrsorge: allgemeine Krankenversicherung, Rentensysteme, Arbeitslosenunterst\u00fctzung und geb\u00fchrenfreie \u00f6ffentliche Universit\u00e4ten. Das nominale BIP Deutschlands ist das h\u00f6chste in Europa und das dritth\u00f6chste weltweit. Die kaufkraftbereinigte Pro-Kopf-Produktion liegt \u00fcber dem EU-Durchschnitt um \u00fcber 20 Prozent. Der Dienstleistungssektor tr\u00e4gt rund 72 Prozent zur Gesamtproduktion bei, die Industrie rund 27 Prozent \u2013 \u200b\u200bDeutschland ist damit Europas f\u00fchrender Hersteller \u2013 und die Landwirtschaft den Rest. Die Arbeitslosigkeit blieb historisch unter dem EU-Durchschnitt und erreichte im Januar 2020 3,2 Prozent.<\/p>\n<p>Als Handelsmacht liegt Deutschland sowohl bei Exporten als auch bei Importen weltweit an dritter Stelle und weist nach China den zweitgr\u00f6\u00dften Handels\u00fcberschuss auf. Zu den wichtigsten Handelspartnern z\u00e4hlten 2024 die USA, China und die Niederlande. Fahrzeuge, Maschinen und chemische Produkte bilden das R\u00fcckgrat der deutschen Exporte. Die Automobilindustrie, mit Herstellern wie dem Volkswagen-Konzern, BMW, Mercedes-Benz, Porsche und Audi, ist sowohl der wertm\u00e4\u00dfig gr\u00f6\u00dfte Produzent des Kontinents als auch ein globaler Innovator in den Bereichen Technik und Design. Als Sitz der Europ\u00e4ischen Zentralbank ist Frankfurt ein wichtiger Dreh- und Angelpunkt der europ\u00e4ischen Geldpolitik, w\u00e4hrend der Hamburger Hafen der drittgr\u00f6\u00dfte Containerumschlagplatz Europas ist.<\/p>\n<p>Deutschlands Landschaften lassen sich in f\u00fcnf Hauptnaturr\u00e4ume unterteilen. Die Norddeutsche Tiefebene erstreckt sich von den Friesischen Inseln bis zur Ostseek\u00fcste. Ihre niedrigen D\u00fcnen und Wattfl\u00e4chen werden von heftigen Westwinden geformt. Zweimal t\u00e4glich zieht sich das Watt zur\u00fcck und gibt weite Wattfl\u00e4chen frei, wo gef\u00fchrte Wattwanderungen eine au\u00dfergew\u00f6hnliche Welt voller Schalentiere und Watv\u00f6gel offenbaren. Vor der K\u00fcste liegen die Ost- und Nordfriesischen Inseln, autofreie R\u00fcckzugsorte, die bei einheimischen Touristen beliebt sind. Das Mittelgebirge \u2013 ein Flickenteppich aus bewaldeten Gebirgsz\u00fcgen wie dem Harz, dem Schwarzwald und dem Bayerischen Wald \u2013 verbindet idyllische T\u00e4ler mit kleinen St\u00e4dten, deren Fachwerkh\u00e4user an das Mittelalter erinnern. Im S\u00fcdwesten bringt das fruchtbare Rheintal ber\u00fchmte Weine von R\u00fcdesheim bis Koblenz hervor.<\/p>\n<p>Der \u00e4u\u00dferste S\u00fcden umfasst den n\u00f6rdlichen Rand der Alpen, wo ein Netz von Liftanlagen Besucher auf den Gipfel der Zugspitze bringt und alpine Wanderwege durch smaragdgr\u00fcne Weiden und Gletscherseen f\u00fchren. Der Bodensee, den wir mit \u00d6sterreich und der Schweiz teilen, spiegelt schneebedeckte Gipfel wider und bietet an seinen Ufern Wassersportm\u00f6glichkeiten und Obstg\u00e4rten. In diesen Regionen beherbergen f\u00fcnf terrestrische \u00d6koregionen eine reiche Artenvielfalt: von atlantischen und baltischen Mischw\u00e4ldern bis hin zu mitteleurop\u00e4ischen Laub- und alpinen Nadelw\u00e4ldern. \u00dcber die H\u00e4lfte der deutschen Landesfl\u00e4che wird landwirtschaftlich genutzt, fast ein Drittel ist bewaldet, und der Rest ist besiedelt. Zu den wichtigsten nat\u00fcrlichen Ressourcen z\u00e4hlen unter anderem Eisenerz, Kohle, Kali, Holz und Braunkohle.<\/p>\n<p>Die Flora Deutschlands umfasst Buchen, Eichen, Fichten und Kiefern sowie Farne, Pilze und Wildblumen wie die blaue Kornblume, einst ein Nationalsymbol. Die Fauna reicht von Rehen und Wildschweinen bis hin zum Europ\u00e4ischen Biber und gelegentlich auch Mufflons. Der Naturschutz hat sechzehn Nationalparks hervorgebracht \u2013 darunter Jasmund auf R\u00fcgen, der Bayerische Wald und Berchtesgaden \u2013 sowie siebzehn Biosph\u00e4renreservate und \u00fcber hundert Naturparks. Auch zoologische G\u00e4rten gibt es in H\u00fclle und F\u00fclle. Der 1844 gegr\u00fcndete Berliner Zoo verf\u00fcgt \u00fcber die weltweit umfangreichste Artensammlung und dient als Zentrum f\u00fcr die Zucht bedrohter Tiere.<\/p>\n<p>Deutschlands gem\u00e4\u00dfigtes Klima reicht vom ozeanisch gepr\u00e4gten Nordwesten, wo das Meer f\u00fcr gem\u00e4\u00dfigte Temperaturen sorgt, bis zum kontinental gepr\u00e4gten Osten und S\u00fcdosten mit st\u00e4rker ausgepr\u00e4gten jahreszeitlichen Extremen. Die durchschnittlichen Monatstemperaturen von Februar 2019 bis Februar 2020 lagen zwischen 3,3 \u00b0C im Januar 2020 und 19,8 \u00b0C im Juni 2019. Die Niederschlagsmenge schwankte zwischen 30 l\/m\u00b2 im Fr\u00fchjahr und 125 l\/m\u00b2 im Sp\u00e4twinter, w\u00e4hrend die Zahl der Sonnenstunden zwischen 45 Stunden (im November 2019) und 300 Stunden (im Juni 2019) lag. Der langfristige Klimawandel verst\u00e4rkt Hitzewellen und \u00dcberschwemmungen und bedroht die Wasserversorgung und die Landwirtschaft. Die prognostizierten wirtschaftlichen Sch\u00e4den werden sich bis Mitte des Jahrhunderts auf bis zu 900 Milliarden Euro belaufen.<\/p>\n<p>Die deutsche Kultur spiegelt Jahrhunderte philosophischer, wissenschaftlicher und k\u00fcnstlerischer Arbeit wider. Das Land verf\u00fcgt \u00fcber 54 UNESCO-Welterbest\u00e4tten \u2013 einige der h\u00f6chstgelegenen weltweit \u2013, darunter den K\u00f6lner Dom, die W\u00fcrzburger Residenz und die Messelgrube. Volkstraditionen wie das in M\u00fcnchen beheimatete Oktoberfest und Weihnachtsbr\u00e4uche wie Adventskranz- und Stollenbacken ziehen nach wie vor viele Menschen an. Die Feiertage variieren je nach Bundesland, doch der 3. Oktober vereint alle Deutschen im Fest der Wiedervereinigung. Das gesellschaftliche Gef\u00fcge besteht aus 49,7 Prozent Christen (Protestanten und Katholiken), sch\u00e4tzungsweise 6,7 Prozent Muslimen sowie kleineren j\u00fcdischen, buddhistischen und anderen Gemeinschaften, w\u00e4hrend der S\u00e4kularismus in den letzten Jahrzehnten deutlich zugenommen hat.<\/p>\n<p>Die deutsche K\u00fcche besticht durch regionale Vielfalt. B\u00e4ckereien produzieren \u00fcber 600 verschiedene Brotsorten und 1.200 verschiedene Geb\u00e4cksorten; K\u00e4se macht rund 22 Prozent der europ\u00e4ischen Produktion aus; Wurst gibt es in fast 1.500 Sorten, von herzhaften Bratw\u00fcrsten bis hin zu delikaten Wei\u00dfw\u00fcrsten. Bier, seit dem 16. Jahrhundert durch das Reinheitsgebot verehrt, ist mit \u00fcber 110 Litern pro Kopf und Jahr nach wie vor das Nationalgetr\u00e4nk, w\u00e4hrend die Weinproduktion weltweit den neunten Platz einnimmt. Auch internationale K\u00fcche ist in den St\u00e4dten beliebt, vom t\u00fcrkischen D\u00f6ner Kebab bis hin zu asiatischen und mediterranen Spezialit\u00e4ten.<\/p>\n<p>Sport, insbesondere Fu\u00dfball, fasziniert die Nation. Der Deutsche Fu\u00dfball-Bund ist mit \u00fcber sieben Millionen Mitgliedern der weltweit gr\u00f6\u00dfte Einzelsportverband. Die Bundesliga verzeichnet den zweith\u00f6chsten Zuschauerschnitt aller Profiligen weltweit, und die Herren-Nationalmannschaft hat vier FIFA-Weltmeisterschaften, drei UEFA-Europameisterschaften und den FIFA Konf\u00f6derationen-Pokal 2017 gewonnen.<\/p>\n<p>Trotz des Stereotyps von Genauigkeit und regelgebundenem Verhalten offenbart Deutschland eine F\u00fclle regionaler Vielfalt. Sechzehn Bundesl\u00e4nder \u2013 drei davon sind Stadtstaaten \u2013 gehen auf historische Herzogt\u00fcmer und F\u00fcrstent\u00fcmer zur\u00fcck. Die Einwohner des Nordens sprechen Plattdeutsch und genie\u00dfen die windumtosten K\u00fcsten; die Weinanbaugebiete im Westen sch\u00e4tzen die Weine von Mosel und Rhein; Mittelhessen und Th\u00fcringen beherbergen dichte W\u00e4lder und mittelalterliche St\u00e4dte; die \u00f6stlichen Bundesl\u00e4nder tragen den Stempel der DDR, w\u00e4hrend der S\u00fcden mit dem alpinen Charme Bayerns und schw\u00e4bischer kulinarischer Finesse aufwarten kann. Neun St\u00e4dte ragen heraus: Berlins kulturelle Renaissance nach seiner geteilten Vergangenheit; Bremens Seefahrerviertel; K\u00f6lns r\u00f6misches Erbe und sein hoch aufragender Dom; Dresdens sorgf\u00e4ltiger Wiederaufbau; D\u00fcsseldorfs Mode und Uferpromenaden; Frankfurts Skyline und Museen; Hamburgs Kan\u00e4le und Elbphilharmonie; M\u00fcnchens Bierhallen und Alpentor; und N\u00fcrnbergs mittelalterliche Mauern und d\u00fcstere Orte von Kriegsverbrechen.<\/p>\n<p>Dar\u00fcber hinaus interessieren sich Reisende f\u00fcr die Ostseek\u00fcste von Binz und Usedom, die m\u00e4rchenhaften Ausblicke auf Schloss Neuschwanstein, die Karstfelsen der Fr\u00e4nkischen Schweiz, die mystischen Pfade des Harzer Brockens, das ruhige Wasser des Bodensees und die Weinberge des Mittelrheintals. Historische Routen schl\u00e4ngeln sich an den Festungsmauern von Rothenburg ob der Tauber und dem hoch aufragenden Ulmer M\u00fcnster vorbei, w\u00e4hrend der Br\u00fcder-Grimm-Weg D\u00f6rfer verbindet, die zu den M\u00e4rchen von Rapunzel und Rumpelstilzchen inspirierten.<\/p>\n<p>Als moderne Industrienation findet Deutschlands \u201eWirtschaftswunder\u201c konkrete Gestalt im Kohle- und Stahlerbe des Ruhrgebiets, den globalen Schifffahrtsadern Hamburgs, den Finanzwolkenkratzern Frankfurts, den D\u00fcsseldorfer Modevierteln, den K\u00f6lner Medienunternehmen und den Stuttgarter Automobilmuseen. Berlin, zugleich zersplittert und vereint, pr\u00e4sentiert Bauhaust\u00fcrme und Barockpal\u00e4ste, Stra\u00dfenkunst und unterirdische Clubs, Holocaust-Gedenkst\u00e4tten und Symbole demokratischer Erneuerung.<\/p>\n<p>Der deutsche Alltag hat seine eigenen Verhaltensregeln: Eine rote Ampel gebietet zu jeder Tageszeit Respekt; die f\u00f6rmliche Anrede mit Nachnamen und \u201eSie\u201c unterstreicht die professionelle H\u00f6flichkeit; Offenheit wird mehr gesch\u00e4tzt als Smalltalk; der Humor tendiert zu Ironie und Wortspielen. In der \u00d6ffentlichkeit ist Anstand geboten: Aus einem Stein zu trinken ist \u00fcblich, doch r\u00fcpelhaftes Verhalten wird schnell ermahnt; an Denkm\u00e4lern und Gottesh\u00e4usern gibt es Hausregeln, die strikt eingehalten werden m\u00fcssen; Kinder bleiben in der Obhut der Eltern, damit der Spruch \u201eEltern haften f\u00fcr ihre Kinder\u201c nicht w\u00f6rtlich genommen wird. Oben-ohne-Sonnenbaden und Nacktheit zwischen Mann und Frau sind an Str\u00e4nden und in Saunen \u00fcblich; in Innenr\u00e4umen und Z\u00fcgen herrscht Rauchverbot und das Dampfen bewegt sich in einer rechtlichen Grauzone. Als Gast erwidert man die Gastfreundschaft mit Konsumgeschenken \u2013 einem erlesenen lokalen Wein oder einer handwerklich hergestellten Leckerei \u2013 die mehr gesch\u00e4tzt werden als Nippes.<\/p>","protected":false},"excerpt":{"rendered":"<p>Deutschland, die Bundesrepublik Deutschland, liegt in Mitteleuropa und hat \u00fcber 82 Millionen Einwohner auf einer Fl\u00e4che von 357.569 Quadratkilometern. Deutschland ist das bev\u00f6lkerungsreichste Mitgliedsland der Europ\u00e4ischen Union und ein bedeutender Akteur auf europ\u00e4ischer und globaler Ebene. Deutschlands wichtige Lage an der Schnittstelle des Kontinents hat seine Geschichte, Kultur und sein Wirtschaftswachstum \u00fcber Jahrtausende gepr\u00e4gt.<\/p>","protected":false},"author":1,"featured_media":3923,"parent":24078,"menu_order":0,"comment_status":"closed","ping_status":"closed","template":"elementor_theme","meta":{"_eb_attr":"","footnotes":""},"class_list":["post-13736","page","type-page","status-publish","has-post-thumbnail"],"_links":{"self":[{"href":"https:\/\/travelshelper.com\/de\/wp-json\/wp\/v2\/pages\/13736","targetHints":{"allow":["GET"]}}],"collection":[{"href":"https:\/\/travelshelper.com\/de\/wp-json\/wp\/v2\/pages"}],"about":[{"href":"https:\/\/travelshelper.com\/de\/wp-json\/wp\/v2\/types\/page"}],"author":[{"embeddable":true,"href":"https:\/\/travelshelper.com\/de\/wp-json\/wp\/v2\/users\/1"}],"replies":[{"embeddable":true,"href":"https:\/\/travelshelper.com\/de\/wp-json\/wp\/v2\/comments?post=13736"}],"version-history":[{"count":0,"href":"https:\/\/travelshelper.com\/de\/wp-json\/wp\/v2\/pages\/13736\/revisions"}],"up":[{"embeddable":true,"href":"https:\/\/travelshelper.com\/de\/wp-json\/wp\/v2\/pages\/24078"}],"wp:featuredmedia":[{"embeddable":true,"href":"https:\/\/travelshelper.com\/de\/wp-json\/wp\/v2\/media\/3923"}],"wp:attachment":[{"href":"https:\/\/travelshelper.com\/de\/wp-json\/wp\/v2\/media?parent=13736"}],"curies":[{"name":"wp","href":"https:\/\/api.w.org\/{rel}","templated":true}]}}