{"id":13671,"date":"2024-09-18T01:03:38","date_gmt":"2024-09-18T01:03:38","guid":{"rendered":"https:\/\/travelshelper.com\/staging\/?page_id=13671"},"modified":"2026-03-12T00:58:08","modified_gmt":"2026-03-12T00:58:08","slug":"wolos","status":"publish","type":"page","link":"https:\/\/travelshelper.com\/de\/destinations\/europe\/greece\/volos\/","title":{"rendered":"Wolos"},"content":{"rendered":"<p>Volos, die K\u00fcstenhafenstadt und das maritime Tor zu Thessalien, ist sowohl geografisch als auch historisch gleicherma\u00dfen beeindruckend. Mit 85.803 Einwohnern (Stand 2021) liegt sie am innersten Punkt des Pagas\u00e4ischen Golfs, wo sich die Ebene am Fu\u00dfe des Pilion nach Osten in Richtung Agria und nach S\u00fcdwesten in Richtung Nea Anchialos erstreckt. Als Hauptstadt der Region Magnesia fungiert Volos nicht nur als regionales Verwaltungszentrum, sondern auch als Thessaliens einziger Zugang zur \u00c4g\u00e4is und verbindet Griechenlands gr\u00f6\u00dftes landwirtschaftliches Hinterland mit den breiteren Handelsstr\u00f6men Europas und Asiens.<\/p>\n<p>Seit seinen mythischen Urspr\u00fcngen in der antiken Siedlung Iolkos \u2013 wo Jason und die Argonauten der Legende nach die Argo vom Stapel lie\u00dfen \u2013 hat sich Volos kontinuierlich neu erfunden. Die moderne Stadt entstand nach den verheerenden Erdbeben von 1955, die viele der neoklassizistischen Villen und die historische Uferpromenade dem Erdboden gleichmachten. An ihrer Stelle entstand ein Netzwerk zeitgen\u00f6ssischer Bauwerke, w\u00e4hrend einige restaurierte Villen heute \u00f6ffentlichen Zwecken dienen und die verblassenden Spuren eines vergangenen Handelsreichtums hinterlassen. Der Architekt Aristotelis Zachos pr\u00e4gte die Skyline mit den Kirchen des Heiligen Nikolaus und des Heiligen Konstantin und der Helena, diskrete Leuchtfeuer an der Strandpromenade, die vom maritimen Erbe und den spirituellen Grundlagen der Stadt zeugen.<\/p>\n<p>Geografisch wird Volos von drei Gebirgsb\u00e4chen gepr\u00e4gt \u2013 Anavros, Krafsidonas und Xirias \u2013, die jeweils vom 1.610 Meter hohen Gipfel des Pilion herabflie\u00dfen. Sie bilden nat\u00fcrliche Barrieren in der Stadtlandschaft, pr\u00e4gen die Grenzen der Stadtteile und schaffen gr\u00fcne Korridore, die das industrielle Herz der Stadt mildern. Insbesondere der Krafsidonas dient als gr\u00fcne Lunge der Metropole und trennt die Gemeinden Volos und Nea Ionia, w\u00e4hrend er gleichzeitig Parks und Fu\u00dfwege belebt. Das Pilion-Massiv, das sich unmittelbar s\u00fcdlich erhebt, wirft einen Regenschatten, der die Niederschl\u00e4ge mildert, w\u00e4hrend das ruhige Wasser des Golfs der Stadt ein Klima verleiht, das warme Sommer und milde Winter ausbalanciert und gelegentlichen Schneefall zul\u00e4sst, ohne das t\u00e4gliche Leben zu beeintr\u00e4chtigen.<\/p>\n<p>Die Wirtschaft von Volos zeugt von strategischer Geografie und industrieller Entwicklung. Gelegen am Knotenpunkt der Autobahn E75 (PATHE), mit Bahnverbindungen nach Athen, Thessaloniki und Larissa und verankert durch die Frachtterminals des Hafens \u2013 den drittgr\u00f6\u00dften Griechenlands \u2013 verf\u00fcgt Volos \u00fcber eine vielseitige Wirtschaft aus Fertigung, Handel, Dienstleistung und Tourismus. Die Schwerindustrie floriert in der Stahlproduktion \u2013 durch METKA, SIDENOR und Hellenic Steel \u2013 und in der Zementherstellung im AGET Heracles-Werk, das j\u00e4hrlich \u00fcber sieben Millionen Tonnen \u00fcber seinen privaten Pier verschifft. Forschungsinitiativen erg\u00e4nzen diese industriellen S\u00e4ulen: Das Institut f\u00fcr Bio\u00f6konomie und Agrartechnologie, Teil des Zentrums f\u00fcr Forschung und Technologie Hellas, unterstreicht Volos&#039; Rolle bei landwirtschaftlichen Innovationen und wissenschaftlicher Zusammenarbeit.<\/p>\n<p>Das akademische Leben pulsiert durch die Universit\u00e4t Thessalien, deren Konferenzr\u00e4ume und Ausstellungsr\u00e4ume internationale wissenschaftliche und kulturelle Veranstaltungen beherbergen. Die Teilnahme von Volos an den Olympischen Spielen 2004 begr\u00fcndete eine Tradition sportlicher Veranstaltungen, von den Leichtathletik-Europameisterschaften bis zur Internationalen Olympiade f\u00fcr Astronomie und Astrophysik 2013. Diese Anl\u00e4sse st\u00e4rken eine b\u00fcrgerliche Identit\u00e4t, die sowohl k\u00f6rperliche Anstrengung als auch intellektuelle Erkundung wertsch\u00e4tzt.<\/p>\n<p>Unter der modernen Fassade von Volos verbergen sich Schichten der Antike. Nord\u00f6stlich der Stadt belegen die arch\u00e4ologischen St\u00e4tten des antiken Dimini und Sesklo menschliche Pr\u00e4senz bis in die Jungsteinzeit und enth\u00fcllen befestigte Siedlungen, Opfergr\u00e4ber und Palastfundamente, die die mykenische Pracht vorwegnehmen. Diminis Haus N mit seinen ergreifenden \u00dcberresten von Brandopfern unter dem Boden und das imposante Grab Tombi laden zum Nachdenken \u00fcber fr\u00fche rituelle Praktiken ein. Sesklos Lage auf einem H\u00fcgel bietet einen herrlichen Blick auf den Golf, weist aber weniger erhaltene Strukturen auf, was auf eine komplexe Beziehung \u2013 vielleicht Rivalit\u00e4t oder Handel \u2013 zum Nachbarn hindeutet. Beide St\u00e4tten sind mit gef\u00fchrten Audiotouren auf Griechisch und Englisch zug\u00e4nglich, wobei der gemeinsame Eintritt Besucher berechtigt, beide St\u00e4tten nacheinander zu erkunden.<\/p>\n<p>In der Stadt selbst pr\u00e4sentiert das Arch\u00e4ologische Museum Athanasakeion eine kompakte, aber umfassende Chronik der Geschichte Magnesias, w\u00e4hrend das Ziegeleimuseum von N. &amp; S. Tsalapata einen Industriekomplex aus dem Jahr 1926 in ein lebendiges Tableau der Fertigung des fr\u00fchen 20. Jahrhunderts verwandelt. Seine Hoffmann-\u00d6fen, Tontanks und F\u00f6rdersysteme erinnern an den Rhythmus der Ziegel- und Fliesenproduktion, die einst Hunderte besch\u00e4ftigte und die bauliche Umgebung von Volos pr\u00e4gte. Das Stadtmuseum von Volos erg\u00e4nzt dieses Angebot mit Ausstellungen zum b\u00fcrgerlichen Leben, zu Arbeiterbewegungen \u2013 Volos war 1908 Sitz der ersten griechischen Gewerkschaft \u2013 und zum kulturellen Aufschwung nach der Kleinasiatischen Katastrophe von 1922, als Fl\u00fcchtlinge aus Anatolien die lokale K\u00fcche, Musik und gesellschaftlichen Gepflogenheiten ver\u00e4nderten.<\/p>\n<p>Ein Spaziergang durch die Innenstadt offenbart eine andere Facette des Charmes von Volos. Die Ermou-Stra\u00dfe, eine lange, gepflasterte Stra\u00dfe parallel zur Uferpromenade, geht in die Argonafton Avenue \u00fcber, wo Gesch\u00e4fte aller Art mit gem\u00fctlichen Bars und Caf\u00e9s rund um den Sankt-Nikolaus-Platz verschmelzen. Hier pr\u00e4gt die dem Schutzpatron der Seefahrer gewidmete Kathedrale den Alltag von Handel und Freizeit. Zwischen dem Papastratos-Geb\u00e4ude der Universit\u00e4t und der Konstantinskirche erstreckt sich ein K\u00fcstenpark, w\u00e4hrend sich der Anavros-Park, der hinter derselben Kirche beginnt, ostw\u00e4rts bis zu einem st\u00e4dtischen Strand erstreckt, an dem sich Schwimmer in den k\u00fchleren Monaten wagen.<\/p>\n<p>F\u00fcr alle, die Sonne und Meer suchen, bietet Volos sowohl urbane Str\u00e4nde als auch R\u00fcckzugsorte an der K\u00fcste. Der Strand von Anavros, fu\u00dfl\u00e4ufig von der Promenade aus erreichbar, bietet Badem\u00f6glichkeiten nahe dem Stadtrand. Eine kurze Fahrt \u2013 oder mit dem Stadtbus Nr. 6 vom Rathaus \u2013 f\u00fchrt nach Alykes, einem K\u00fcstenviertel, wo gegen eine geringe Eintrittsgeb\u00fchr Sonnenliegen, Rettungsschwimmer und Erfrischungen unter den n\u00e4chtlichen Lichtern der Strandbars zur Verf\u00fcgung stehen. Doch die Ortskenntnis weist noch weiter: Busse nach Agria und Platanidia bringen Reisende jenseits der Zementwerke zu kristallklarem Wasser, wo pinienges\u00e4umte Buchten an der Nordk\u00fcste des Golfs den geduldigen Reisenden belohnen.<\/p>\n<p>Dank der maritimen Verbindungen weitet Volos seinen Einfluss \u00fcber die \u00c4g\u00e4is aus. T\u00e4glich verbinden F\u00e4hren und Tragfl\u00fcgelboote die Stadt mit den Sporadeninseln Skiathos, Skopelos und Alonissos sowie mit Limnos, Lesbos, Chios und Skyros. In den Sommermonaten fahren Kreuzfahrtschiffe regelm\u00e4\u00dfig und lockten in den letzten Saisons \u00fcber hunderttausend Besucher an. An Land k\u00f6nnen Eisenbahnbegeisterte die historische Pilionbahn bewundern, deren dampfbetriebene Waggons zwischen Mitte April und Oktober und im Hochsommer t\u00e4glich f\u00fcr Touristen die Bergkurven befahren.<\/p>\n<p>Volos wird sein Landverkehrsnetz bald um den westlichen Abschnitt der Autobahn E65 erweitern und so einen neuen Korridor zum Hafen von Igoumenitsa schaffen. Der internationale Flughafen Mittelgriechenlands in Nea Anchialos mit der zweitl\u00e4ngsten kommerziellen Landebahn Griechenlands bietet Verbindungen zu nationalen und ausgew\u00e4hlten europ\u00e4ischen Zielen. Ein bahnbrechender Wasserflugzeugservice von Argo Airways macht Volos zur ersten europ\u00e4ischen Stadt mit planm\u00e4\u00dfigen Amphibienverbindungen nach Athen, Thessaloniki und zu den Sporaden \u2013 ein modernes Echo des argonautischen Erbes der Stadt.<\/p>\n<p>Dieses Zusammenspiel aus nat\u00fcrlicher Umgebung, arch\u00e4ologischer Tiefe, industrieller Dynamik und kultureller Vitalit\u00e4t macht Volos zu einem einzigartigen Bindeglied zwischen Vergangenheit und Gegenwart. Die von neoklassizistischen Fassaden und modernen Piers ges\u00e4umte K\u00fcstenlinie der Stadt trifft auf von Mythen und Maschinen gepr\u00e4gte Landschaften. Ihre Museen und antiken Ruinen, ihre Stahlwerke und Universit\u00e4tshallen zeugen von einem best\u00e4ndigen Zusammenspiel von Tradition und Innovation. Hier schl\u00e4gt der Puls Thessaliens seine maritime Stimme, und die menschliche Reise \u2013 von den neolithischen Bewohnern des Goritsa-H\u00fcgels bis zu den Gelehrten des 21. Jahrhunderts \u2013 entfaltet sich entlang des Pagas\u00e4ischen Golfs.<\/p>\n<p>In Volos begegnet der Reisende mehr als nur einer Hafenstadt: Er entdeckt ein Palimpsest menschlichen Schaffens, wo jeder Flusslauf und jeder Bergr\u00fccken des Pilion seine Geschichte in die darunterliegende Ebene schreibt. Das von Meeresbrisen und Bergschatten gemilderte Klima der Stadt l\u00e4dt zu jeder Jahreszeit zu Erkundungen ein. Ihre Verkehrsadern \u2013 See, Schiene, Stra\u00dfe und Luft \u2013 verbinden sie mit der Welt, w\u00e4hrend ihre Stra\u00dfen, Museen und arch\u00e4ologischen Parks ein einzigartiges Ortsgef\u00fchl vermitteln. Wer den Spuren von Geschichte und Industrie folgt oder einfach eine von Kircht\u00fcrmen beschattete Strandpromenade sucht, findet in Volos eine intensive Begegnung mit den Str\u00f6mungen, die diesen Argo-f\u00fchrenden Hafen seit jeher pr\u00e4gen.<\/p>","protected":false},"excerpt":{"rendered":"<p>Volos, eine dynamische Hafenstadt am Meer in Thessalien, Griechenland, liegt strategisch g\u00fcnstig in der Mitte des griechischen Festlands, etwa 330 Kilometer n\u00f6rdlich von Athen und 220 Kilometer s\u00fcdlich von Thessaloniki. 2021 ist Volos mit 85.803 Einwohnern die Hauptstadt der Region Magnesia in der Region Thessalien und bietet exklusiven Zugang zum Meer zu Thessalien, Griechenlands gr\u00f6\u00dftem landwirtschaftlichen Gebiet. Diese pulsierende Metropole, gelegen zwischen dem blauen Wasser des Pagasitischen Golfs und den \u00fcppigen H\u00e4ngen des Pilion, verk\u00f6rpert eine nahtlose Verbindung von historischer Bedeutung und zeitgen\u00f6ssischem Wachstum und etabliert sich als wichtiges Bindeglied zwischen Europa und Asien.<\/p>","protected":false},"author":1,"featured_media":4664,"parent":13510,"menu_order":0,"comment_status":"closed","ping_status":"closed","template":"elementor_theme","meta":{"_eb_attr":"","footnotes":""},"class_list":["post-13671","page","type-page","status-publish","has-post-thumbnail"],"_links":{"self":[{"href":"https:\/\/travelshelper.com\/de\/wp-json\/wp\/v2\/pages\/13671","targetHints":{"allow":["GET"]}}],"collection":[{"href":"https:\/\/travelshelper.com\/de\/wp-json\/wp\/v2\/pages"}],"about":[{"href":"https:\/\/travelshelper.com\/de\/wp-json\/wp\/v2\/types\/page"}],"author":[{"embeddable":true,"href":"https:\/\/travelshelper.com\/de\/wp-json\/wp\/v2\/users\/1"}],"replies":[{"embeddable":true,"href":"https:\/\/travelshelper.com\/de\/wp-json\/wp\/v2\/comments?post=13671"}],"version-history":[{"count":0,"href":"https:\/\/travelshelper.com\/de\/wp-json\/wp\/v2\/pages\/13671\/revisions"}],"up":[{"embeddable":true,"href":"https:\/\/travelshelper.com\/de\/wp-json\/wp\/v2\/pages\/13510"}],"wp:featuredmedia":[{"embeddable":true,"href":"https:\/\/travelshelper.com\/de\/wp-json\/wp\/v2\/media\/4664"}],"wp:attachment":[{"href":"https:\/\/travelshelper.com\/de\/wp-json\/wp\/v2\/media?parent=13671"}],"curies":[{"name":"wp","href":"https:\/\/api.w.org\/{rel}","templated":true}]}}