{"id":13570,"date":"2024-09-17T23:32:39","date_gmt":"2024-09-17T23:32:39","guid":{"rendered":"https:\/\/travelshelper.com\/staging\/?page_id=13570"},"modified":"2026-03-12T00:53:11","modified_gmt":"2026-03-12T00:53:11","slug":"larissa","status":"publish","type":"page","link":"https:\/\/travelshelper.com\/de\/destinations\/europe\/greece\/larissa\/","title":{"rendered":"Larissa"},"content":{"rendered":"<p>Larissa, die Hauptstadt der griechischen Region Thessalien, ist sowohl eine antike Festung als auch ein moderner Knotenpunkt von Handel und Kultur. Mit einer Stadtbev\u00f6lkerung von 148.562 (Volksz\u00e4hlung 2021) und einer Gemeindebev\u00f6lkerung von 164.095, die sich auf einer Fl\u00e4che von 335,98 km\u00b2 verteilen, nimmt Larissa eine zentrale Lage in der Thessalischen Ebene ein, etwa 120 km s\u00fcdwestlich von Thessaloniki und 210 km nordwestlich von Athen. Die Stadt liegt beiderseits des Flusses Pineios und ist eingebettet unter der im Nordnordosten aufragenden Pr\u00e4senz des Olymp und des Kissavos. Heute ist sie ein wichtiges landwirtschaftliches Zentrum, ein nationaler Verkehrsknotenpunkt und ein Aufbewahrungsort vielschichtiger Geschichte \u2013 von neolithischen Siedlungen \u00fcber hellenistische Theater, byzantinische Basiliken und osmanische B\u00e4der bis hin zu vielem mehr.<\/p>\n<p>Von der mythischen Gr\u00fcndung bis zur klassischen \u00dcberlieferung beginnt Larissas Geschichte im Dunkel griechischer Legenden. Die antike \u00dcberlieferung schreibt ihre Gr\u00fcndung Akrisios zu, der sp\u00e4ter von seinem Enkel Perseus ermordet wurde. Homers Ilias verortet die \u201efruchtbare Stadt Larissa\u201c unter den pelasgischen Verb\u00fcndeten Trojas, was auf eine gr\u00f6\u00dfere antike Geographie des Namens schlie\u00dfen l\u00e4sst. Der lokalen Legende zufolge wurde Achilles, der herausragende Held des Trojanischen Krieges, hier geboren, und Hippokrates, der \u201eVater der Medizin\u201c, hauchte in der Umgebung der Stadt seinen letzten Atemzug. In der orphischen Linie erscheint Larissa als Nymphentochter von Pelasgus, dem Urbewohner Thessaliens, und bindet den Ort unwiderruflich an die griechische Vorstellungswelt.<\/p>\n<p>Die Konturen der modernen Stadt spiegeln sowohl ihre mythische Vergangenheit als auch ihre klimatischen Bedingungen wider. Larissas kaltes, halbtrockenes Klima mit mediterranen Einfl\u00fcssen sorgt f\u00fcr hei\u00dfe, trockene Sommer \u2013 oft mit Temperaturen von \u00fcber 40 \u00b0C \u2013 und Winter, die zwar kalt sind, aber nur m\u00e4\u00dfigen Schneefall bringen. Die j\u00e4hrliche Niederschlagsmenge betr\u00e4gt durchschnittlich 413 mm, und die Durchschnittstemperatur der Stadt liegt bei 15,4 \u00b0C. Diese Bedingungen haben die Thessalische Ebene zu einem der produktivsten landwirtschaftlichen Gebiete Griechenlands gemacht, was sich in der anhaltenden Rolle der Stadt als Getreidespeicher und Marktzentrum seit der Antike widerspiegelt.<\/p>\n<p>Doch Larissas Wirtschaft hat sich weit \u00fcber Weizen und Baumwolle hinaus diversifiziert. Hier sind Produktionsunternehmen wie Biokarpet, bekannt f\u00fcr seine Teppichproduktion, und Orient Bikes ans\u00e4ssig, die beide zum industriellen Profil der Stadt beigetragen haben. Im Dienstleistungssektor weist Larissa die h\u00f6chste Pro-Kopf-Dichte an Bars, Tavernen und Restaurants in Griechenland auf und ist die Geburtsst\u00e4tte der nationalen Ketten Mikel Coffee Company und Bruno Coffee Stores. Verwaltungstechnisch ist die Stadt Sitz der Gemeinde Larissa \u2013 mit 164.381 Einwohnern auf 122,59 km\u00b2 \u2013, w\u00e4hrend das breitere Stadtgebiet 220.517 Einwohner z\u00e4hlt und sowohl die Hauptstadt der Regionaleinheit Larissa als auch der Region Thessalien ist. Zudem beherbergt sie die dezentrale Verwaltung von Thessalien-Mittelgriechenland.<\/p>\n<p>Besucher Larissas entdecken ein Palimpsest arch\u00e4ologischer und architektonischer Wunder. Der Festungsh\u00fcgel (Kastro), der Kern fr\u00fcher Besiedlung seit der Jungsteinzeit, beherbergt die \u00dcberreste der antiken Akropolis. An seinem S\u00fcdhang liegt das Erste Antike Theater, ein hellenistisches Bauwerk aus der ersten H\u00e4lfte des 3. Jahrhunderts v. Chr., das von Polydeukes von Larissa entworfen wurde. Urspr\u00fcnglich bot es rund 12.000 Zuschauern Platz und war Schauplatz von Theaterauff\u00fchrungen, Musikwettbewerben und den Versammlungen des Koinon von Thessalien. In der R\u00f6merzeit verlagerten sich die st\u00e4dtischen Dramen in das Zweite Antike Theater, das in den 1980er Jahren freigelegt wurde und f\u00fcr seine erhaltene Cavea und Orchestra mit einem Durchmesser von fast 30 Metern bekannt ist.<\/p>\n<p>Gleich hinter diesen Theatern ehrt eine vier Meter hohe Marmor-Votivstele Poseidon als Gott des Quellwassers. Sie wurde 1955 an der Kreuzung der Dimitras- und Nikis-Stra\u00dfen entdeckt. Ihre ach\u00e4isch-\u00e4olische Inschrift unterstreicht die kosmopolitischen Str\u00f6mungen der fr\u00fchen thessalischen Kultur. Heute steht eine originalgetreue Nachbildung im Stadtzentrum, w\u00e4hrend das Original in einem \u00f6rtlichen Museum aufbewahrt wird.<\/p>\n<p>Das byzantinische Larissa hinterlie\u00df seine Spuren in der Kirchen- und Milit\u00e4rarchitektur. Die Basilika des Heiligen Achilles, die erste Kirche der Stadt, die im 6. Jahrhundert n. Chr. auf dem Grab ihres Schutzheiligen erbaut wurde, bewahrt trotz laufender Restaurierung einen Mosaik-Narthex. In der N\u00e4he befinden sich die fr\u00fchchristlichen B\u00e4der \u2013 lokal Valaneia genannt \u2013 aus dem 5. und 6. Jahrhundert n. Chr. Ihre dreir\u00e4umigen Komplexe zeugen von der urbanen Raffinesse der Sp\u00e4tantike. Eine einschiffige byzantinische Kirche mit Peristyl, die im 10. Jahrhundert \u00fcber einer fr\u00fcheren Basilika erbaut wurde, weist Lehmplattenb\u00f6den und Kolonnadenfragmente auf, w\u00e4hrend ausgedehnte Friedh\u00f6fe und gew\u00f6lbte Ossuarien Bestattungsbr\u00e4uche \u00fcber Jahrhunderte hinweg offenbaren.<\/p>\n<p>Die Kaiser Justinian im 6. Jahrhundert zugeschriebenen Verteidigungsanlagen bestehen aus robusten Mauern von zwei bis 2,4 m Dicke, W\u00e4llen und T\u00fcrmen, die durch einen 15 m breiten Graben verbunden sind. Ausgrabungen auf dem Agamemnon-Blana-Platz und entlang der Stra\u00dfen Lapithon und Papanastasiou haben neben einer R\u00f6merstra\u00dfe und erhaltenen Fundamenten eines Portikus fast 30 m dieser Befestigungsanlagen freigelegt und bieten so einen lebendigen Querschnitt der st\u00e4dtischen Entwicklung von der sp\u00e4ten R\u00f6merzeit bis ins Mittelalter. Unter der Manolaki-Stra\u00dfe liegt die zentrale Zisterne des r\u00f6mischen und byzantinischen Larissa, ein technisches Wunderwerk aus drei Gew\u00f6lbekammern mit einem Fassungsverm\u00f6gen von insgesamt 2.350 m\u00b3 Wasser. Ihre marmorverkleidete Fassade war urspr\u00fcnglich mit Statuen in einem Nymph\u00e4um geschm\u00fcckt, das die Gaben der Natur feierte.<\/p>\n<p>Die osmanische \u00c4ra hinterlie\u00df weitere Wahrzeichen. Das Bezesteni, urspr\u00fcnglich ein \u00fcberdachter Stoffmarkt aus dem 15. Jahrhundert, steht auf dem Festungsh\u00fcgel als rechteckige Halle, gekr\u00f6nt von sechs Bleikuppeln, dessen Arkadenl\u00e4den einst das Herzst\u00fcck des Gesch\u00e4ftslebens von Larissa waren. Nach einem Brand im Jahr 1799 und der anschlie\u00dfenden Umwandlung in ein Pulvermagazin und eine Festung pr\u00e4sentiert sich das Geb\u00e4ude heute als robuste Bastion, in die vielleicht Marmorfragmente eines antiken Tempels der Athena Polias integriert wurden. Die Yeni-Moschee aus dem 19. Jahrhundert, einst das Arch\u00e4ologische Museum der Stadt, verf\u00fcgt \u00fcber eine quadratische Gebetshalle mit vier Satteldach, dreiteiligen Arkaden und erhaltenem Minarett; die st\u00e4dtischen Pl\u00e4ne sehen ihre Wiederverwendung als digitaler Ausstellungsraum vor. In der N\u00e4he befindet sich das Gro\u00dfe Hamam \u2013 ein Badehaus mit einer Kuppel und einem Durchmesser von 15 m \u2013, dessen Kuppel des M\u00e4nner-Hei\u00dfraums und die Reste eines Hypokausten erhalten sind, w\u00e4hrend in den Kammern im Erdgeschoss heute Werkst\u00e4tten und Gesch\u00e4fte untergebracht sind. Andernorts sind die Ostmauer und der Mihrab der Bayrakli-Moschee in einem modernen Geb\u00e4ude erhalten geblieben und erinnern an die rituellen Ges\u00e4nge, die einst durch die gleichnamige \u201eFlaggen\u201c-Tradition signalisiert wurden. Das k\u00fcrzlich restaurierte alte Pulvermagazin des Lagers am Pharsalos-Tor beherbergt heute das Nationale Widerstandsmuseum, das an die Widerstandsf\u00e4higkeit der Stadt im Krieg erinnert.<\/p>\n<p>In der Neuzeit erinnern st\u00e4dtische Skulpturen und Denkm\u00e4ler an Larissas kulturelles Erbe. Ein Grabmal und ein Denkmal f\u00fcr Hippokrates stehen gegen\u00fcber dem Alcazar-Park und markieren den Ort, an dem der Vater der Medizin starb. Dort befindet sich heute ein Kenotaph des Medizinischen Museums. Seine Marmorplatten sind mit hippokratischen Aphorismen und Reliefs mit Heilungsszenen versehen. Die \u201eFlussskulpturen\u201c-Brunnen von Nela Golanta auf dem Postplatz und dem zentralen Platz symbolisieren den unterirdischen Weg des Pinios durch den Stadtkern. Das Holocaust-Mahnmal auf dem Judenplatz w\u00fcrdigt das Schicksal der j\u00fcdischen Gemeinde von Larissa, w\u00e4hrend das Pferdedenkmal \u2013 Stadtwappen und ehemaliges Symbol des Fu\u00dfballvereins \u2013 unter der Achilles-Kirche und vor dem Alcazar-Stadion steht. Das Siegesdenkmal, eine 10 Meter hohe S\u00e4ule, die 1962 innerhalb der Festung errichtet wurde, erinnert an Griechenlands Triumph im Krieg von 1940\/41 und zollt mit ihrer erh\u00f6hten Statue dem nationalen Opfer Tribut. Im Alcazar-Park steht Philolaos Tloupas\u2018 Nationales Widerstandsdenkmal (1990) als letztes \u00f6ffentliches Werk des Bildhauers. Seine gebrochene Form spiegelt sowohl Tapferkeit als auch die Narben des Konflikts wider.<\/p>\n<p>Abseits des st\u00e4dtischen Gef\u00fcges liegt Larissa in unmittelbarer N\u00e4he zahlreicher Naturwunder. Im Norden laden der Olymp und Kissavos zum Wandern und Pilgern ein; im Westen und S\u00fcden locken die geschichtstr\u00e4chtigen Kl\u00f6ster von Meteora und das smaragdgr\u00fcne Wasser des Plastira-Sees; im Osten warten die gr\u00fcnen H\u00e4nge des Pilio und die blaue Weite der \u00c4g\u00e4isk\u00fcste darauf, erkundet zu werden. Sogar der Saturnmond Dione tr\u00e4gt im Larissa Chasma Larissas Namen \u2013 ein Beweis f\u00fcr die anhaltende Bedeutung der Stadt.<\/p>\n<p>Larissas Verkehrsinfrastruktur untermauert seine regionale Bedeutung. Die Autobahnen E75 und E65, die Umgehungsautobahn A1 und ein Ringstra\u00dfennetz verbinden die Stadt mit Athen, Thessaloniki, Volos und Westgriechenland. Der zentrale Fernbusbahnhof bietet t\u00e4gliche Verbindungen zu den wichtigsten griechischen Zielen, w\u00e4hrend zwei Nebenbahnh\u00f6fe die umliegenden Pr\u00e4fekturen bedienen. Die st\u00e4dtische Mobilit\u00e4t basiert auf einer Flotte moderner Busse auf siebzehn Linien, erg\u00e4nzt durch zehn Kilometer Fahrradwege \u2013 bald auf 54 km erweitert \u2013, die durch Alleen, Parks und Flussufer f\u00fchren.<\/p>\n<p>Bahnverbindungen auf der Nord-S\u00fcd-Achse Griechenlands bieten Vorortverbindungen nach Thessaloniki, Athen und Volos sowie Anschluss nach Kalambaka \u00fcber Paleofarsalos. Pl\u00e4ne zur Elektrifizierung der Strecke Larissa\u2013Volos zielen auf eine h\u00f6here Taktfrequenz und Nachhaltigkeit ab. Obwohl ein geplantes Stra\u00dfenbahnnetz zur Technischen Universit\u00e4t Thessalien und zum Alcazar-Stadion f\u00fcr die n\u00e4chsten zehn Jahre als finanziell nicht tragf\u00e4hig erachtet wurde, unterstreichen Machbarkeitsstudien das Engagement der Gemeinde f\u00fcr eine langfristige Mobilit\u00e4tsplanung. Der Flugverkehr erfolgt \u00fcber den 70 km entfernten staatlichen Flughafen Nea Anchialos, w\u00e4hrend der Milit\u00e4rflugplatz von Larissa gelegentlich nationale Fl\u00fcge abwickelt.<\/p>\n<p>Von seiner mythischen Entstehung bis zu seiner heutigen Rolle als Hauptstadt Thessaliens verk\u00f6rpert Larissa die Kontinuit\u00e4t der griechischen Zivilisation. Seine fruchtbaren Ebenen beherbergen Ernten und Gemeinschaften; seine steinernen Theater, B\u00e4der und Basiliken erz\u00e4hlen von Epochen der Kunst, des Glaubens und der Macht; seine Moscheen und M\u00e4rkte zeugen vom multikulturellen Austausch; seine Denkm\u00e4ler feiern Heilung, Kampf und Erneuerung. F\u00fcr den Reisenden bietet Larissa weder den L\u00e4rm einer Metropole noch die Einsamkeit einer vergessenen Ruine, sondern vielmehr ein lebendiges Mosaik \u2013 wo historische Schichten mit pulsierendem Stadtleben koexistieren und der Puls des Flusses Pineios Echos der Antike in die Zukunft tr\u00e4gt. In dieser Verbindung von Vergangenheit und Gegenwart ist Larissa nicht nur ein Wegpunkt in der thessalischen Ebene, sondern auch ein Zeugnis der Widerstandsf\u00e4higkeit und Anpassungsf\u00e4higkeit, die Griechenland selbst auszeichnen.<\/p>","protected":false},"excerpt":{"rendered":"<p>Larissa, die Hauptstadt und bev\u00f6lkerungsreichste Stadt der griechischen Region Thessalien, verk\u00f6rpert das tiefgreifende Erbe griechischer Geschichte und Kultur. Die dynamische Metropole im Zentrum des Landes hat laut Volksz\u00e4hlung von 2021 148.562 Einwohner und ist damit die f\u00fcnftgr\u00f6\u00dfte Stadt Griechenlands. Die Gemeinde Larissa z\u00e4hlt 164.095 Einwohner, die Regionaleinheit Larissa 268.963. Diese hohe Bev\u00f6lkerungsdichte unterstreicht Larissas Bedeutung als zentrale Metropole Griechenlands.<\/p>","protected":false},"author":1,"featured_media":4354,"parent":13510,"menu_order":0,"comment_status":"closed","ping_status":"closed","template":"elementor_header_footer","meta":{"_eb_attr":"","footnotes":""},"class_list":["post-13570","page","type-page","status-publish","has-post-thumbnail"],"_links":{"self":[{"href":"https:\/\/travelshelper.com\/de\/wp-json\/wp\/v2\/pages\/13570","targetHints":{"allow":["GET"]}}],"collection":[{"href":"https:\/\/travelshelper.com\/de\/wp-json\/wp\/v2\/pages"}],"about":[{"href":"https:\/\/travelshelper.com\/de\/wp-json\/wp\/v2\/types\/page"}],"author":[{"embeddable":true,"href":"https:\/\/travelshelper.com\/de\/wp-json\/wp\/v2\/users\/1"}],"replies":[{"embeddable":true,"href":"https:\/\/travelshelper.com\/de\/wp-json\/wp\/v2\/comments?post=13570"}],"version-history":[{"count":0,"href":"https:\/\/travelshelper.com\/de\/wp-json\/wp\/v2\/pages\/13570\/revisions"}],"up":[{"embeddable":true,"href":"https:\/\/travelshelper.com\/de\/wp-json\/wp\/v2\/pages\/13510"}],"wp:featuredmedia":[{"embeddable":true,"href":"https:\/\/travelshelper.com\/de\/wp-json\/wp\/v2\/media\/4354"}],"wp:attachment":[{"href":"https:\/\/travelshelper.com\/de\/wp-json\/wp\/v2\/media?parent=13570"}],"curies":[{"name":"wp","href":"https:\/\/api.w.org\/{rel}","templated":true}]}}