{"id":13558,"date":"2024-09-17T23:25:42","date_gmt":"2024-09-17T23:25:42","guid":{"rendered":"https:\/\/travelshelper.com\/staging\/?page_id=13558"},"modified":"2026-03-12T00:53:26","modified_gmt":"2026-03-12T00:53:26","slug":"kos","status":"publish","type":"page","link":"https:\/\/travelshelper.com\/de\/destinations\/europe\/greece\/kos\/","title":{"rendered":"Kos"},"content":{"rendered":"<p>Kos ist eine 42,1 mal 11,5 Kilometer gro\u00dfe Insel in der s\u00fcd\u00f6stlichen \u00c4g\u00e4is und Teil der griechischen Inselgruppe Dodekanes. Im Jahr 2021 hatte sie 37.089 Einwohner. Sie ist sowohl eine Gemeinde als auch der gleichnamige Hauptort gegen\u00fcber von Bodrum an der t\u00fcrkischen K\u00fcste. Kos geh\u00f6rt zur Region S\u00fcdliche \u00c4g\u00e4is und verf\u00fcgt \u00fcber eine 112 Kilometer lange K\u00fcste, vielf\u00e4ltige geologische Urspr\u00fcnge, eine vielschichtige historische Nomenklatur, die von homerischen Versen bis zu osmanischen Aufzeichnungen reicht, sowie eine Wirtschaft, die auf Tourismus und Landwirtschaft basiert.<\/p>\n<p>Der Ortsname von Kos taucht erstmals in Homers Ilias als \u039a\u1ff6\u03c2 auf, und arch\u00e4ologische und textliche Belege deuten auf eine kontinuierliche lokale Verwendung seit der Antike hin. Klassische Autoren bezeichneten die Insel auch als Meropis, Cea und Nymphaea. In mittelalterlichen romanischen Sprachen erschien sie als Stancho, Stanchio oder Stinco, was das griechische \u03b5\u03b9\u03c2 \u03c4\u03b7\u03bd \u039a\u03c9 (\u201enach Kos\u201c) widerspiegelt, w\u00e4hrend osmanisch-t\u00fcrkische Aufzeichnungen sie als \u0130stank\u00f6y bezeichnen. Unter den Johannitern wurde die Insel Lango genannt, wahrscheinlich eine Anspielung auf ihre l\u00e4ngliche Form, obwohl sp\u00e4tere Reisende wie Sir John Mandeville Lango f\u00e4lschlicherweise als von Kos verschieden interpretierten. Im modernen italienischen Sprachgebrauch ist sie als Coo bekannt. Einwohner und ihre Produkte werden mit dem Adjektiv \u201eKoan\u201c oder \u201eCoan\u201c bezeichnet, wie in Koan-Waren.<\/p>\n<p>Geografisch liegt Kos inmitten einer Kette untergetauchter und auftauchender Berge, die es einst mit Kalymnos, Kappari und dem Vulkan Nisyros verbanden. Erdbeben und Bodensenkungen in der Antike trennten diese Landbr\u00fccken und hinterlie\u00dfen einen etwa siebzig Meter tiefen Unterwasserabgrund zwischen Kos und Kalymnos. Die entstandene Insel weist eine reiche lithologische Palette auf: Quart\u00e4re Schichten entlang ihrer Mittelachse haben fossile \u00dcberreste pr\u00e4historischer S\u00e4ugetiere \u2013 darunter Pferde, Flusspferde und Riesenelefanten \u2013 freigelegt, von denen einer heute im Pal\u00e4ontologischen Museum der Universit\u00e4t Athen aufbewahrt wird. Ihre 112 Kilometer lange K\u00fcstenlinie besteht aus langen, sauberen Str\u00e4nden und felsigen Vorgebirgen wie dem Kap Skandari (dem antiken Scandarium) im Nordosten, dem Kap Lacter im S\u00fcden und dem Kap Drecanum im Westen.<\/p>\n<p>Die heutige Gemeinde Kos besteht aus dem gleichnamigen Hauptort und Hafen \u2013 Heimat der meisten Inselbewohner \u2013 sowie einer Reihe gr\u00f6\u00dferer D\u00f6rfer: Kardamena, Kefalos, Tingaki, Antimachia, Mastihari, Marmari und Pyli. Kleinere Siedlungen wie Zia, Zipari, Platani, Lagoudi und Asfendiou liegen verstreut im Landesinneren und an den H\u00e4ngen. Das Klima der Insel ist mediterran und hei\u00df, mit gem\u00e4\u00dfigten Wintern und langen, sonnigen Sommern, die sowohl die Landwirtschaft als auch den Tourismus beg\u00fcnstigen.<\/p>\n<p>Der Tourismus dominiert das Wirtschaftsleben von Kos. Die Str\u00e4nde der Insel locken Besucher an, darunter Cavo Paradiso, Saint Theologian, Agios Stefanos, Saint Fokas, Therma, Kamari, Kardamena, Shellfish, Lampi, Limionas, Marble, Mastichari, Paradise Beach, Lighthouse, Turtle, Shears und Tigaki. Kos-Stadt bietet wei\u00df get\u00fcnchte Stra\u00dfen mit Hotels, Tavernen und einer ber\u00fchmten \u201eBarstra\u00dfe\u201c, w\u00e4hrend sich Kardamena zu einem jugendorientierten Ferienort entwickelt hat, insbesondere f\u00fcr Besucher aus Gro\u00dfbritannien und Skandinavien. Die Zahl der Bars und Nachtclubs w\u00e4chst parallel zu den F\u00e4hr- und Flugank\u00fcnften. In den letzten zehn Jahren hat sich das Gastgewerbe deutlich in Richtung Luxus entwickelt: Von 2014 bis 2023 hat sich die Zahl der F\u00fcnf-Sterne-Hotels sowohl hinsichtlich der Anzahl der Betriebe (+95,8 Prozent) als auch der Gesamtzahl der Betten (+103,3 Prozent) fast verdoppelt, und die Zahl der Vier-Sterne-Hotels wuchs um 34,2 Prozent und ihre Kapazit\u00e4t um 8,5 Prozent. Dieser Wandel hat das Profil der K\u00fcsten und St\u00e4dte ver\u00e4ndert und die Infrastruktur und Dienstleistungen an gehobene Anspr\u00fcche angepasst, w\u00e4hrend Ein- und Zwei-Sterne-Unterk\u00fcnfte allm\u00e4hlich an Bedeutung verloren haben.<\/p>\n<p>Die Landwirtschaft bleibt die zweite Hauptbesch\u00e4ftigung. Weinberge, Olivenhaine und Feigenb\u00e4ume pr\u00e4gen die H\u00e4nge im Landesinneren, w\u00e4hrend auf den Feldern in K\u00fcstenn\u00e4he Trauben, Mandeln, Wassermelonen, Tomaten, Weizen und Mais angebaut werden. Obwohl R\u00f6mersalat \u2013 eine Anspielung auf seinen angeblichen Ursprung hier \u2013 den Beinamen \u201eCos-Salat\u201c tr\u00e4gt, hat der botanische Name keinen direkten etymologischen Bezug zur Insel. Bauernfamilien betreiben oft Mischkultur, was jahrtausendealte Landnutzungsgewohnheiten widerspiegelt und sowohl Grundnahrungsmittel als auch marktf\u00e4hige Nutzpflanzen f\u00fcr den Export hervorbringt.<\/p>\n<p>Das religi\u00f6se und kulturelle Gef\u00fcge von Kos ist ein Palimpsest seiner verschiedenen Herrscher. Das orthodoxe Christentum ist vorherrschend; eine der vier orthodoxen Kathedralen der Dodekanes befindet sich in Kos-Stadt. Eine r\u00f6misch-katholische Kirche dient einer kleineren Gemeinde, w\u00e4hrend eine Moschee die t\u00fcrkisch-muslimischen Bewohner der Insel versorgt. Die Synagoge, die bis zum Zweiten Weltkrieg in Betrieb war, als die lokale j\u00fcdische Gemeinde von den Besatzungstruppen tragisch dezimiert wurde, steht heute unter st\u00e4dtischer Obhut und wird als kultureller Ort restauriert. Ihre erhaltenen Symbole erinnern an eine verschwundene Gemeinde.<\/p>\n<p>Kos ist \u00fcber Luft- und Seewege leicht zu erreichen. Der internationale Flughafen Kos \u201eHippokrates\u201c (IATA KGS) wird von Charter- und Linienfl\u00fcgen haupts\u00e4chlich von europ\u00e4ischen Drehkreuzen aus angeflogen. T\u00e4gliche F\u00e4hrverbindungen verbinden Kos-Stadt mit Pir\u00e4us (Athen), Rhodos, Patmos und Leros; F\u00e4hren nach Kalymnos verkehren mehrmals t\u00e4glich von Mastichari; Verbindungen nach Santorin gibt es viermal w\u00f6chentlich; und Verbindungen nach Syros gibt es zweimal w\u00f6chentlich. Tilos Travel und Sky Marine bieten ganzj\u00e4hrige und saisonale \u00dcberfahrten ab Bodrum in der T\u00fcrkei an \u2013 Fahrten von etwa 25 Minuten f\u00fcr Fu\u00dfg\u00e4nger \u2013, wobei die Autof\u00e4hre ab Bodrum 2023 nicht mehr in Betrieb war. Nach der Landung bef\u00f6rdert ein \u00f6ffentliches Busnetz (KTEL) die Passagiere inselweit und verbindet den Flughafen mit Kos-Stadt, Mastichari und Kefalos. In der Hochsaison fahren regelm\u00e4\u00dfig Passagierf\u00e4hren nach Kalymnos, Nisyros und anderen Inseln. Taxis bieten feste Flughafentarife von etwa 15 Euro zu nahegelegenen D\u00f6rfern an. Autos, Motorroller und Gel\u00e4ndefahrzeuge k\u00f6nnen h\u00e4ufig gemietet werden. Mehrt\u00e4gige Rollertarife kosten nur 14 Euro pro Tag. Die Stra\u00dfen der Insel sind \u00fcberwiegend asphaltiert und gut gepflegt. Eine Fahrt von Kos-Stadt nach Kefalos dauert etwa 40 Minuten.<\/p>\n<p>Die Architektur auf Kos ist auf vielf\u00e4ltige Weise von ausl\u00e4ndischen Einfl\u00fcssen gepr\u00e4gt. Unter osmanischer Herrschaft formte sich der Stadtkern um einen \u00fcberdachten Basar am Platanos-Platz und eine von Gesch\u00e4ften ges\u00e4umte Gesch\u00e4ftsstra\u00dfe, unter deren Arkaden einst muslimische Bewohner lebten. Mehrere Moscheen und \u00f6ffentliche Quellen sind in verstreuten Vierteln erhalten geblieben. Die italienische Herrschaft, die 1912 begann und sich nach dem Erdbeben von 1933, das die Insel verw\u00fcstete, verfestigte, brachte eine strenge Stadtplanung mit sich. Italienische Architekten teilten die Stadt Kos in drei klassenbasierte Wohnviertel ein: die n\u00f6rdlichen Case Popolari (Arbeiterwohnungen), die zentralen Palazzine (zweist\u00f6ckige b\u00fcrgerliche H\u00e4user mit Gesch\u00e4ften im Erdgeschoss) und die \u00f6stlichen Villini (Villen mit G\u00e4rten f\u00fcr italienische Siedler). \u00d6ffentliche Geb\u00e4ude \u2013 st\u00e4dtische M\u00e4rkte, Casa del Fascio, Casa Balilla \u2013 verk\u00f6rpern rationalistische und faschistische Architektursprachen und stehen im Kontrast zu den fr\u00fcheren eklektischen Rathaus-, Krankenhaus- und Verwaltungsgeb\u00e4uden. Ausgedehnte Gr\u00fcnfl\u00e4chen mit tropischen Arten vervollst\u00e4ndigen den italienischen Stil und erstrecken sich bis nach Antimachia und Kardamena.<\/p>\n<p>Mit dem Anschluss der Dodekanes an Griechenland im Jahr 1948 begann eine neue Bauphase. Gro\u00dfe Hotels entstanden, um den steigenden Besucherzahlen gerecht zu werden, und ersetzten oder \u00fcberschatteten oft traditionelle Wohnh\u00e4user. Dennoch sind in D\u00f6rfern wie Asfendiou, Pyli, Kefalos und Antimachia noch Reste traditioneller Architektur erhalten: niedrige, wei\u00df gestrichene Einfamilienh\u00e4user mit flacher Fassade, bunten T\u00fcren und Fenstern, Flachd\u00e4chern und einfacher Wandkonstruktion. Die Innenr\u00e4ume, die dem l\u00e4ndlichen Familienleben entsprechen, zeichnen sich durch die Kaniotoichos aus \u2013 lange Innenw\u00e4nde, an denen Geschirr, Spiegel und praktische Gegenst\u00e4nde griffbereit h\u00e4ngen. Gepflasterte Gassen und die klassischen Windm\u00fchlen von Antimachia zeugen vom l\u00e4ndlichen Erbe, auch wenn die touristische Infrastruktur w\u00e4chst.<\/p>\n<p>\u00dcber Jahrtausende hinweg hat Kos gewaltige Ver\u00e4nderungen \u2013 geologisch, politisch und wirtschaftlich \u2013 \u00fcberstanden und dabei seine Identit\u00e4t bewahrt, die in den Rhythmen der \u00c4g\u00e4is und dem Licht des Mittelmeers verwurzelt ist. Die sanfte K\u00fcste, Oliven- und Weinfelder, die jahrhundertealte Baugeschichte und die moderne Gastfreundschaft vereinen sich auf einer Insel, die weder Museum noch blo\u00dfer Ferienort ist, sondern eine lebendige Synthese aus Vergangenheit und Gegenwart. An jeder Kurve der K\u00fcste und jedem Bogen eines venezianischen Tores l\u00e4dt Kos zum Nachdenken \u00fcber Kontinuit\u00e4t und Wandel ein und erinnert Besucher daran, dass jede K\u00fcste ihre eigene Geschichte von Best\u00e4ndigkeit und Erneuerung birgt.<\/p>","protected":false},"excerpt":{"rendered":"<p>Kos, eine malerische griechische Insel in der \u00c4g\u00e4is, hat laut der Volksz\u00e4hlung von 2021 37.089 Einwohner. Die bezaubernde Insel ist fl\u00e4chenm\u00e4\u00dfig die drittgr\u00f6\u00dfte des Dodekanes-Archipels, nur Rhodos und Karpathos \u00fcbertreffen sie. Nach Rhodos ist sie die zweitgr\u00f6\u00dfte Insel der Insel. Kos erstreckt sich \u00fcber eine Fl\u00e4che von 295,3 Quadratkilometern und hat eine 112 Kilometer lange K\u00fcste entlang der klaren \u00c4g\u00e4is. Kos-Stadt, die gleichnamige Stadt der Insel, fungiert als Verwaltungszentrum und wichtigster Hafen und liegt 200 Seemeilen vom gesch\u00e4ftigen Hafen Pir\u00e4us auf dem griechischen Festland entfernt.<\/p>","protected":false},"author":1,"featured_media":3239,"parent":13510,"menu_order":0,"comment_status":"closed","ping_status":"closed","template":"elementor_header_footer","meta":{"_eb_attr":"","footnotes":""},"class_list":["post-13558","page","type-page","status-publish","has-post-thumbnail"],"_links":{"self":[{"href":"https:\/\/travelshelper.com\/de\/wp-json\/wp\/v2\/pages\/13558","targetHints":{"allow":["GET"]}}],"collection":[{"href":"https:\/\/travelshelper.com\/de\/wp-json\/wp\/v2\/pages"}],"about":[{"href":"https:\/\/travelshelper.com\/de\/wp-json\/wp\/v2\/types\/page"}],"author":[{"embeddable":true,"href":"https:\/\/travelshelper.com\/de\/wp-json\/wp\/v2\/users\/1"}],"replies":[{"embeddable":true,"href":"https:\/\/travelshelper.com\/de\/wp-json\/wp\/v2\/comments?post=13558"}],"version-history":[{"count":0,"href":"https:\/\/travelshelper.com\/de\/wp-json\/wp\/v2\/pages\/13558\/revisions"}],"up":[{"embeddable":true,"href":"https:\/\/travelshelper.com\/de\/wp-json\/wp\/v2\/pages\/13510"}],"wp:featuredmedia":[{"embeddable":true,"href":"https:\/\/travelshelper.com\/de\/wp-json\/wp\/v2\/media\/3239"}],"wp:attachment":[{"href":"https:\/\/travelshelper.com\/de\/wp-json\/wp\/v2\/media?parent=13558"}],"curies":[{"name":"wp","href":"https:\/\/api.w.org\/{rel}","templated":true}]}}