{"id":13510,"date":"2024-09-17T22:20:29","date_gmt":"2024-09-17T22:20:29","guid":{"rendered":"https:\/\/travelshelper.com\/staging\/?page_id=13510"},"modified":"2026-03-12T00:49:43","modified_gmt":"2026-03-12T00:49:43","slug":"griechenland","status":"publish","type":"page","link":"https:\/\/travelshelper.com\/de\/destinations\/europe\/greece\/","title":{"rendered":"Griechenland"},"content":{"rendered":"<p>Griechenland, offiziell die Hellenische Republik, liegt am s\u00fcdlichen Ende der Balkanhalbinsel in S\u00fcdosteuropa. Mit einer Fl\u00e4che von rund 131.957 Quadratkilometern und mehr als 10 Millionen Einwohnern grenzt es im Nordwesten an Albanien, im Norden an Nordmazedonien und Bulgarien sowie im Osten an die T\u00fcrkei. Im Westen grenzt es an das Ionische Meer, im Osten an die \u00c4g\u00e4is und im S\u00fcden an das Mittelmeer (einschlie\u00dflich des Kretischen Meeres). Das griechische Territorium umfasst eine stark gegliederte Festlandk\u00fcste von rund 13.676 Kilometern und Tausende von Inseln, von denen 227 dauerhaft besiedelt sind. Die neun traditionellen geografischen Regionen des Landes erstrecken sich vom zerkl\u00fcfteten Pindos-Gebirge im Westen bis zu den fruchtbaren Ebenen Thessaliens und vom Rhodopen-Massiv im Nordosten bis zur Halbinsel Peloponnes im S\u00fcden. Athen, die Hauptstadt und gr\u00f6\u00dfte Stadt, ist der Mittelpunkt der Region Attika, gefolgt von Thessaloniki und Patras in Bezug auf Gr\u00f6\u00dfe und wirtschaftliche Bedeutung.<\/p>\n<p>Griechenlands charakteristische Halbinselform \u2013 die sich in Richtung des Mittelmeers erstreckt und Europa, Asien und Afrika verbindet \u2013 hat seine Natur- und Menschheitsgeschichte gepr\u00e4gt. Der Isthmus von Korinth trennt das Festland vom Peloponnes, w\u00e4hrend geografische Extrempunkte das Dorf Ormenio im Norden, die Insel Gavdos im S\u00fcden (den s\u00fcdlichsten Punkt Europas), Strongyli bei Kastellorizo \u200b\u200bim Osten und Othonoi im Ionischen Meer im Westen markieren. Rund 80 Prozent der griechischen Landschaft sind gebirgig oder h\u00fcgelig und z\u00e4hlen zu den h\u00f6chsten in Europa. Der Olymp, die mythische Heimat der olympischen Gottheiten, erreicht mit seinem Mytikas-Gipfel eine H\u00f6he von 2.918 Metern; das Pindos-Gebirge, eine westliche Verl\u00e4ngerung der Dinarischen Alpen, erreicht am Berg Smolikas eine H\u00f6he von 2.637 Metern und behinderte historisch die Ost-West-Passage. In Epirus gilt die Vikos-Schlucht im Pindos-Massiv als die tiefste Schlucht der Welt, w\u00e4hrend die hoch aufragenden Felspfeiler von Meteora jahrhundertealte orthodoxe Kl\u00f6ster st\u00fctzen. Das Rhodopengebirge dominiert Ostmakedonien und Thrakien, dessen uralte W\u00e4lder sich bis zum Dadia-Wald erstrecken. Im Gegensatz dazu bilden die Schwemmlandebenen Thessaliens, Zentralmakedoniens und Thrakiens die wichtigsten Ackerfl\u00e4chen des Landes.<\/p>\n<p>Inselgruppen pr\u00e4gen den maritimen Charakter Griechenlands. Kreta \u2013 die gr\u00f6\u00dfte und f\u00fcnftgr\u00f6\u00dfte Mittelmeerinsel \u2013 ist sowohl in Bezug auf Gr\u00f6\u00dfe als auch Bev\u00f6lkerung f\u00fchrend, gefolgt von Eub\u00f6a, Lesbos und Rhodos. Zu den traditionellen Inselgruppen z\u00e4hlen die Argo-Saronischen Inseln nahe Athen, die Kykladen im Herzen der \u00c4g\u00e4is, die Dodekanes s\u00fcd\u00f6stlich von Rhodos, die Sporaden vor Nordost-Eub\u00f6a, die Inseln der Nord\u00e4g\u00e4is nahe der t\u00fcrkischen Westk\u00fcste und die Ionischen Inseln an der Westflanke des Festlands. Je nach Kriterien liegen zwischen 1.200 und 6.000 Inseln in griechischen Gew\u00e4ssern, von denen jedoch weniger als 250 bewohnt sind.<\/p>\n<p>Griechenlands Klima ist \u00fcberwiegend mediterran (K\u00f6ppen Csa), gekennzeichnet durch milde, feuchte Winter und hei\u00dfe, trockene Sommer an den meisten K\u00fcsten, einschlie\u00dflich Athens, der Inseln Kreta und der Kykladen sowie des s\u00fcdlichen Festlandes. Die Pindos-Barriere erzeugt einen Regenschatteneffekt: Westliche H\u00e4nge erhalten h\u00f6here Niederschl\u00e4ge aus s\u00fcdwestlichen Systemen, w\u00e4hrend sich leeseitige \u00f6stliche Gebiete semiariden (BSh) Bedingungen n\u00e4hern k\u00f6nnen, insbesondere entlang der Athener Riviera und ausgew\u00e4hlter Kykladeninseln. N\u00f6rdliche Breitengrade um Thessaloniki und Larissa weisen ein kaltes semiarides (BSk) Klima auf. In den H\u00f6henlagen von Epirus, Thessalien und dem zentralen Peloponnes herrschen alpine (D\/E) Bedingungen mit starkem Schneefall im Winter, w\u00e4hrend sich feuchte subtropische (Cfa) Regime, gekennzeichnet durch kalte, feuchte Winter und hei\u00dfe, sturmgef\u00e4hrdete Sommer, \u00fcber das n\u00f6rdliche Tiefland erstrecken. Bei besonders starken K\u00e4lteperioden kann es sogar im Tiefland von Athen sporadisch schneien.<\/p>\n<p>Die Geschichte Griechenlands entfaltet sich als Wiege der westlichen Zivilisation. Zwischen dem 8. und 4. Jahrhundert v. Chr. bl\u00fchten unabh\u00e4ngige Stadtstaaten \u2013 oder Poleis \u2013 wie Athen, Sparta, Korinth und Theben und legten den Grundstein f\u00fcr Demokratie, Philosophie, Geschichtsschreibung, Theater, Politikwissenschaft und Mathematik. Mitte des 4. Jahrhunderts v. Chr. vereinigte Philipp II. von Mazedonien die unterschiedlichen griechischen Staaten; sein Sohn Alexander der Gro\u00dfe verbreitete die hellenische Kultur rasch vom \u00f6stlichen Mittelmeerraum \u00fcber Anatolien, \u00c4gypten, Persien bis nach Nordwestindien. Die darauffolgende hellenistische \u00c4ra markierte den H\u00f6hepunkt des griechischen kulturellen Einflusses. Mit der Annexion Roms im 2. Jahrhundert v. Chr. wurde Griechenland in das R\u00f6mische Reich und sp\u00e4ter in das Byzantinische Reich eingegliedert, dessen vorwiegend griechische Sprache und Traditionen das klassische Erbe bewahrten. Die im 1. Jahrhundert n. Chr. entstandene griechisch-orthodoxe Kirche wurde ein wesentlicher Bestandteil der nationalen Identit\u00e4t und verbreitete die byzantinische Kultur in allen orthodoxen L\u00e4ndern. Nach dem Vierten Kreuzzug im Jahr 1204 eroberten lateinische Staaten Teile der Halbinsel; ab Mitte des 15. Jahrhunderts herrschte dort bis ins fr\u00fche 19. Jahrhundert die osmanische Herrschaft.<\/p>\n<p>Der moderne griechische Staat ging aus einem langwierigen revolution\u00e4ren Kampf hervor, der 1821 begann und 1830 in der internationalen Anerkennung der Unabh\u00e4ngigkeit gipfelte. W\u00e4hrend der Balkankriege (1912\u20131913) dehnte das K\u00f6nigreich Griechenland sein Territorium bis nach Westanatolien aus, erlitt jedoch im Kleinasiatischen Feldzug 1922 eine verheerende Niederlage gegen t\u00fcrkische Streitkr\u00e4fte. 1924 etablierte sich kurzzeitig eine Republik, die jedoch 1936 dem Autoritarismus unterlag und so den Boden f\u00fcr die Besetzung durch die Achsenm\u00e4chte im Zweiten Weltkrieg, einen darauf folgenden B\u00fcrgerkrieg und eine Milit\u00e4rjunta von 1967 bis 1974 bereitete. Mit der Wiederherstellung der Zivilregierung 1974\u20131975 wurde die heutige parlamentarische Republik gegr\u00fcndet.<\/p>\n<p>Wirtschaftlich verzeichnete Griechenland von den 1950er bis in die 1970er Jahre ein anhaltendes Wachstum. Heute gilt es als einkommensstarke, fortschrittliche Volkswirtschaft \u2013 gemessen an der Kaufkraftparit\u00e4t (ca. 417 Milliarden US-Dollar) belegt es Platz 54 und innerhalb der Europ\u00e4ischen Union Platz 15. 1981 wurde Griechenland das zehnte Mitglied der heutigen Europ\u00e4ischen Union und ist Mitglied zahlreicher internationaler Organisationen. Tourismus und Seeverkehr bilden die tragenden S\u00e4ulen der Volkswirtschaft. 2023 belegte Griechenland mit \u00fcber 28 Millionen internationalen Besuchern den neunten Platz unter den meistbesuchten L\u00e4ndern der Welt. Das Land verf\u00fcgt \u00fcber 19 UNESCO-Welterbest\u00e4tten, weitere 13 stehen auf der vorl\u00e4ufigen Liste.<\/p>\n<p>Die griechische Schifffahrtsindustrie ist tief in ihrer Seefahrtstradition verwurzelt, tr\u00e4gt rund 5 Prozent zum BIP bei und besch\u00e4ftigt rund 160.000 Menschen. Die griechische Handelsmarine verf\u00fcgt \u00fcber 18 Prozent der weltweiten Kapazit\u00e4t und ist die Nummer eins hinsichtlich der Tonnage (384 Millionen Tonnen Tragf\u00e4higkeit), die Nummer zwei hinsichtlich der Schiffsanzahl (4.870), die Nummer eins hinsichtlich der Tanker und Massengutfrachter, die Nummer vier hinsichtlich der Containerschiffe und die Nummer f\u00fcnf hinsichtlich der sonstigen Schiffe. Die Flotte des griechischen Flaggenstaates umfasst 1.517 Schiffe, was 5 Prozent der Welttonnage entspricht. Schiffbau und -reparatur rund um Pir\u00e4us sind weiterhin stark, wo sechs der gr\u00f6\u00dften Werften Europas angesiedelt sind. Griechenland hat sich zu einem Zentrum f\u00fcr den Bau von Luxusyachten entwickelt.<\/p>\n<p>Die Landverkehrsinfrastruktur wurde seit den 1980er Jahren deutlich modernisiert. Im Jahr 2020 verf\u00fcgte Griechenland \u00fcber rund 2.320 Kilometer Autobahnen \u2013 das umfangreichste Autobahnnetz S\u00fcdosteuropas \u2013, darunter die A1 (Athen\u2013Thessaloniki), die Ost-West-Verbindung A2 (Egnatia Odos) und die A5 (Ionia Odos), die die Rio-Andirrio-H\u00e4ngebr\u00fccke (mit 2.250 Metern die l\u00e4ngste Europas) mit der Westk\u00fcste verbindet. Die privat betriebene Attiki Odos umschlie\u00dft den Gro\u00dfraum Athen und erg\u00e4nzt die erweiterte Athener Metro; die Metro von Thessaloniki nahm 2024 ihren Betrieb auf. Das Schienennetz von insgesamt rund 2.500 Kilometern unterst\u00fctzt den Intercity-, Vorort- und internationalen Verkehr. Zwischen Athen und Patras sowie anderen St\u00e4dten wird derzeit auf zweigleisige Normalspur umger\u00fcstet. Seeverbindungen bleiben von entscheidender Bedeutung: Pir\u00e4us war 2021 der drittgr\u00f6\u00dfte Passagierhafen Europas und im Jahr 2019 nutzten fast 37 Millionen Passagiere das griechische F\u00e4hrnetz. Parallel dazu ist der Flugverkehr gewachsen: Von den 39 aktiven Flugh\u00e4fen (15 davon international) fertigte der internationale Flughafen Athen im Jahr 2023 mehr als 28 Millionen Passagiere ab, w\u00e4hrend Aegean Airlines, Olympic Air und Sky Express die Hauptstadt mit Inseln und Zielen in aller Welt verbinden.<\/p>\n<p>Demografisch gesehen betrug die Bev\u00f6lkerung Griechenlands im Jahr 2022 sch\u00e4tzungsweise 10,6 Millionen. Die Geburtenrate ist von 5,5 Kindern pro Frau im Jahr 1900 auf heute etwa 1,4 gesunken und liegt damit weit unter der Reproduktionsschwelle von 2,1. Das Durchschnittsalter der Kinder ist damit auf 44,2 Jahre gestiegen \u2013 eines der h\u00f6chsten weltweit. Zwischen 1981 und 2016 sank die Geburtenrate von 14,5 auf 8,5 pro Tausend, w\u00e4hrend die Sterberate von 8,9 auf 11,2 pro Tausend stieg. Im Jahr 2016 machten Personen ab 65 Jahren 21 Prozent der Bev\u00f6lkerung aus, gegen\u00fcber etwa 14 Prozent unter 15 Jahren. Die Heiratsrate sank zwischen 1981 und 2004 von 71 auf 51 pro Tausend, und die Scheidungsrate stieg von 191 auf 240 pro Tausend Ehen. Der wirtschaftliche Abschwung seit 2010 zwang etwa 350.000 bis 450.000 vor allem junge Griechen zur Auswanderung.<\/p>\n<p>Die griechische Verfassung erkennt die Ostorthodoxie als vorherrschende Religion an. Obwohl die Religionszugeh\u00f6rigkeit bei Volksz\u00e4hlungen nicht erfasst wird, bezeichnen sich sch\u00e4tzungsweise 97 Prozent der B\u00fcrger als griechisch-orthodox und unterliegen der Jurisdiktion der autokephalen Kirche von Griechenland und des \u00d6kumenischen Patriarchats von Konstantinopel.<\/p>\n<p>Griechenlands kulturelles Erbe untermauert seine Attraktivit\u00e4t. In Athen zeugen Parthenon und Akropolis von den b\u00fcrgerlichen Errungenschaften des 5. Jahrhunderts v. Chr.; Delphis Apollonheiligtum diente einst als Orientierung f\u00fcr die griechische Zwiesprache mit Gott; und der Apollontempel von Bassae erhebt sich unauff\u00e4llig inmitten arkadischer H\u00fcgel. Die mittelalterliche Altstadt von Rhodos bewahrt das Erbe der Johanniter, w\u00e4hrend das Stadion von Olympia an die Geburtsstunde der Olympischen Spiele erinnert. In Nordgriechenland versetzen die Tumulusgr\u00e4ber von Vergina \u2013 darunter das von Philipp II. \u2013 Besucher in die Anf\u00e4nge der makedonischen Hegemonie. Mystras, auf dem Taygetos-Berg gelegen, erinnert an byzantinische Pracht in der N\u00e4he des antiken Sparta, und Delos, die heilige Geburtsst\u00e4tte von Apollo und Artemis, ist noch heute mit hellenistischen \u00dcberresten \u00fcbers\u00e4t.<\/p>\n<p>Inselst\u00e4tten vereinen arch\u00e4ologische Entdeckungen mit dem Reiz der K\u00fcste. Patmos bietet das Kloster des Heiligen Johannes und die H\u00f6hle der Apokalypse sowie Tavernen an einladenden Str\u00e4nden. Korfus venezianisch angehauchte Architektur erg\u00e4nzt die ionischen Str\u00e4nde; Samos bietet antike Weine, den Hera-Tempel und den Eupalinos-Tunnel; und der Berg Athos, eine M\u00f6nchsrepublik auf der Halbinsel Athos in Chalkidiki, beschr\u00e4nkt den Zugang f\u00fcr Touristen, belohnt Pilger jedoch mit byzantinischen Fresken. Zu den Sch\u00e4tzen des Festlands z\u00e4hlen das Asklepios-Heiligtum in Epidauros und die mykenischen Zitadellen von Mykene und Tiryns. Weitere zum Weltkulturerbe geh\u00f6rende Klosterst\u00e4tten \u2013 Daphni bei Athen, Hosios Loukas in B\u00f6otien und Nea Moni auf Chios \u2013 zeugen von byzantinischer Fr\u00f6mmigkeit.<\/p>\n<p>Natur- und Abenteuerreisen erfreuen sich gro\u00dfer Beliebtheit. Kretas Schluchten, die Nationalparks von Epirus und der Olymp ziehen Wanderer an; Segelboote steuern \u00fcber 1.400 Inseln an \u2013 von den gem\u00e4\u00dfigten ionischen Gew\u00e4ssern, die ideal f\u00fcr Anf\u00e4nger sind, bis zu den Meltemi-Winden der Kykladen, die selbst erfahrene Skipper herausfordern. Wei\u00dfe Sandstr\u00e4nde entlang der Festlandk\u00fcsten von Chalkidiki, Epirus und dem Peloponnes erg\u00e4nzen die Inselresorts auf Kreta, Rhodos, Kos und Zakynthos \u2013 wo der Nationale Meerespark Unechte Karettschildkr\u00f6ten sch\u00fctzt. Abenteuersportler k\u00f6nnen in den bergigen Flusst\u00e4lern Kitesurfen, Rafting und Canyoning betreiben. Pilger wandern entlang der Via Egnatia oder erklimmen mittelalterliche Kl\u00f6ster an Felsw\u00e4nden.<\/p>\n<p>Besucher begegnen der typischen Herzlichkeit und Ungezwungenheit der griechischen Gesellschaft. H\u00f6flichkeit zeigt sich eher im Verhalten als in \u00fcbertrieben zeremonieller Sprache; eine einfache Begr\u00fc\u00dfung signalisiert oft echte Gastfreundschaft. Griechen verwenden ausdrucksstarke Handgesten und unterhalten sich gerne, manchmal bei Raki in einem Dorfkafenion. Die gebotene Ehrerbietung in kirchlichen Zusammenk\u00fcnften \u2013 bedeckte Schultern oder Knie \u2013 entspricht den lokalen Gepflogenheiten, obwohl der Touristenansturm in der Hochsaison die Einhaltung lockert. Nudismus ist weitgehend auf ausgewiesene Str\u00e4nde auf Kreta, Rhodos, Kefalonia und Zakynthos beschr\u00e4nkt; andernorts kann Oben-ohne- oder Nacktbaden bei Einheimischen Unbehagen ausl\u00f6sen.<\/p>\n<p>Verwaltungstechnisch besteht Griechenland aus 13 Regionen \u2013 von der Peloponnes und Mittelgriechenland bis hin zu Thessalien, Nordgriechenland, Epirus, Kreta und den Inselgruppen \u2013 sowie 74 Regionaleinheiten. Zu den wichtigsten Ballungszentren neben Athen, Thessaloniki und Patras z\u00e4hlen Heraklion, Chania, Kavala, Volos und Rhodos, die jeweils eine Mischung aus historischen St\u00e4tten und modernen Annehmlichkeiten bieten. Besucher sind an den Euro gebunden, fahren im Rechtsverkehr und erreichen Notdienste \u00fcber europ\u00e4ische Standardnummern (112 f\u00fcr allgemeine Notf\u00e4lle) innerhalb der Zeitzone UTC +2.<\/p>\n<p>Als Geburtsort der Demokratie und des westlichen Denkens bewahrt Griechenland ein tiefgreifendes Erbe in Politik, Philosophie und Kunst. Seine Landschaften \u2013 von schneebedeckten Gipfeln und fruchtbaren Ebenen bis hin zu kristallklarem Meer und geschichtstr\u00e4chtigen Ruinen \u2013 inspirieren Reisende immer wieder. Ob beim Erkunden der antiken Monumente, beim Segeln durch azurblaue Archipele oder beim Erleben jahrhundertealter Br\u00e4uche in Bergd\u00f6rfern \u2013 Besucher begegnen einem Land, in dem Vergangenheit und Gegenwart in dauerhafter Harmonie verschmelzen.<\/p>\n<p>Zusammenfassend l\u00e4sst sich sagen, dass Griechenland eine unvergleichliche Synthese aus nat\u00fcrlicher Pracht, historischer Tiefe und kultureller Vitalit\u00e4t bietet. Es ist ein Land, in dem sich die Spuren antiker Philosophen mit den Rhythmen des modernen Lebens kreuzen und Reisende zu einer ebenso erhellenden wie unvergesslichen Reise durch Zeit und Land einladen.<\/p>","protected":false},"excerpt":{"rendered":"<p>Griechenland, offiziell Hellenische Republik, ist ein Land von gro\u00dfer historischer Bedeutung und landschaftlicher Sch\u00f6nheit in S\u00fcdosteuropa. Am s\u00fcdlichen Ende der Balkanhalbinsel gelegen, nimmt das Land mit \u00fcber 10,4 Millionen Einwohnern eine zentrale Position an der Schnittstelle zwischen Europa, Asien und Afrika ein. Die geografische Lage Griechenlands hat seine lange Geschichte und vielf\u00e4ltige Kultur ma\u00dfgeblich gepr\u00e4gt und es seit Jahrtausenden zu einem zentralen Zentrum der westlichen Zivilisation gemacht.<\/p>","protected":false},"author":1,"featured_media":3970,"parent":24078,"menu_order":0,"comment_status":"closed","ping_status":"closed","template":"elementor_theme","meta":{"_eb_attr":"","footnotes":""},"class_list":["post-13510","page","type-page","status-publish","has-post-thumbnail"],"_links":{"self":[{"href":"https:\/\/travelshelper.com\/de\/wp-json\/wp\/v2\/pages\/13510","targetHints":{"allow":["GET"]}}],"collection":[{"href":"https:\/\/travelshelper.com\/de\/wp-json\/wp\/v2\/pages"}],"about":[{"href":"https:\/\/travelshelper.com\/de\/wp-json\/wp\/v2\/types\/page"}],"author":[{"embeddable":true,"href":"https:\/\/travelshelper.com\/de\/wp-json\/wp\/v2\/users\/1"}],"replies":[{"embeddable":true,"href":"https:\/\/travelshelper.com\/de\/wp-json\/wp\/v2\/comments?post=13510"}],"version-history":[{"count":0,"href":"https:\/\/travelshelper.com\/de\/wp-json\/wp\/v2\/pages\/13510\/revisions"}],"up":[{"embeddable":true,"href":"https:\/\/travelshelper.com\/de\/wp-json\/wp\/v2\/pages\/24078"}],"wp:featuredmedia":[{"embeddable":true,"href":"https:\/\/travelshelper.com\/de\/wp-json\/wp\/v2\/media\/3970"}],"wp:attachment":[{"href":"https:\/\/travelshelper.com\/de\/wp-json\/wp\/v2\/media?parent=13510"}],"curies":[{"name":"wp","href":"https:\/\/api.w.org\/{rel}","templated":true}]}}