{"id":13445,"date":"2024-09-17T17:54:42","date_gmt":"2024-09-17T17:54:42","guid":{"rendered":"https:\/\/travelshelper.com\/staging\/?page_id=13445"},"modified":"2026-03-12T22:11:36","modified_gmt":"2026-03-12T22:11:36","slug":"serbien","status":"publish","type":"page","link":"https:\/\/travelshelper.com\/de\/destinations\/europe\/serbia\/","title":{"rendered":"Serbien"},"content":{"rendered":"<p>Serbien pr\u00e4sentiert sich als souver\u00e4ne Republik mit etwa 6,6 Millionen Einwohnern (ohne Kosovo) auf einer Fl\u00e4che von etwa 88.499 Quadratkilometern im Herzen der Balkanhalbinsel und grenzt im Norden an Ungarn, im Nordosten an Rum\u00e4nien, im S\u00fcdosten an Bulgarien, im S\u00fcden an Nordmazedonien, im Westen an Kroatien und Bosnien und Herzegowina und im S\u00fcdwesten an Montenegro. Dieser Binnenstaat liegt zwischen dem 41. und 47. Breitengrad und dem 18. und 23. L\u00e4ngengrad und befindet sich an einer Kreuzung zwischen Mittel- und S\u00fcdosteuropa. Sein komplexes Terrain reicht von den fruchtbaren Ebenen der Vojvodina im Norden bis zu den hohen Gipfeln der Dinarischen und Karpaten-Gebirgsketten im S\u00fcden.<\/p>\n<p>Das Gebiet des heutigen Serbiens war seit der Altsteinzeit ununterbrochen besiedelt und nahm im 6. Jahrhundert n. Chr. mehrere Wellen slawischer Siedler auf. Dies legte den Grundstein f\u00fcr ein slawisches Staatswesen, das sich in mittelalterlichen K\u00f6nigreichen und F\u00fcrstent\u00fcmern herauskristallisierte. 1217 wurde das serbische Reich durch die Anerkennung durch den Heiligen Stuhl und Konstantinopels zu einem K\u00f6nigreich erhoben, das unter Du\u0161an dem M\u00e4chtigen 1346 seinen H\u00f6hepunkt als Reich erreichte, das weite Teile des Balkans umfasste. Die osmanische Eroberung Mitte des 16. Jahrhunderts beendete diese Unabh\u00e4ngigkeit, doch vereinzelte habsburgische Einf\u00e4lle aus dem Westen bewahrten katholische Enklaven in der pannonischen Ebene der Vojvodina.<\/p>\n<p>Zu Beginn des 19. Jahrhunderts begr\u00fcndete die Serbische Revolution die erste moderne konstitutionelle Monarchie der Region. Deren Zust\u00e4ndigkeitsbereich dehnte sich stetig aus, bis nach dem Ersten Weltkrieg das K\u00f6nigreich Serbien mit benachbarten s\u00fcdslawischen L\u00e4ndern zum ersten jugoslawischen Staat fusionierte. Es folgten Jahrzehnte einheitlicher und sozialistischer F\u00f6derationen, die jedoch in den turbulenten 1990er Jahren wieder zerbrachen. Die endg\u00fcltige friedliche Trennung von Montenegro im Jahr 2006 stellte Serbiens volle Souver\u00e4nit\u00e4t wieder her. Die einseitige Unabh\u00e4ngigkeitserkl\u00e4rung der albanisch dominierten Versammlung des Kosovo im Jahr 2008 wird von Belgrad jedoch nicht anerkannt. Kosovo wird als Verwaltungsbezirk unter gemeinsamer Aufsicht betrachtet.<\/p>\n<p>Geografisch gesehen liegt Serbiens n\u00f6rdliches Drittel unter den himmelhohen Weiten der Pannonischen Tiefebene, deren lehmige B\u00f6den von den Fl\u00fcssen Donau, Thei\u00df und Begej durchzogen werden. Im S\u00fcden gehen sanfte H\u00fcgel in das Dinarische Gebirge an der Westgrenze \u00fcber, im Osten in die Karpaten und den Balkan und im S\u00fcdosten in das uralte Rhodopen-Hochland. Die Erhebungen reichen vom Mid\u017eor-Gipfel des Balkangebirges mit 2.169 Metern \u2013 Serbiens h\u00f6chster Punkt au\u00dferhalb des Kosovo \u2013 bis zu kaum 17 Metern \u00fcber dem Meeresspiegel bei Prahovo an der Donau. Der l\u00e4ngste Wasserlauf des Landes, die Donau, schl\u00e4ngelt sich 587 Kilometer durch Serbien und bildet Wirtschaftsadern, die Mitteleuropa mit dem Schwarzen Meer und dar\u00fcber hinaus verbinden. Der 163 Quadratkilometer gro\u00dfe \u0110erdap-See ist Serbiens gr\u00f6\u00dfter k\u00fcnstlicher Stausee und nimmt die Wassermenge der Donau in der Schlucht des Eisernen Tors auf.<\/p>\n<p>Klimatisch gesehen liegt Serbien in einer \u00dcbergangszone, die von eurasischer Kontinentalit\u00e4t, atlantischen Fronten und mediterranen Str\u00f6mungen gepr\u00e4gt ist. Die Durchschnittstemperaturen liegen im Januar nahe 0 \u00b0C und erreichen im Juli etwa 22 \u00b0C. Dies grenzt ein warm-feuchtes Kontinentalklima im Norden von einem eher subtropischen Klima mit trockeneren Sommern im S\u00fcden ab. Die zerkl\u00fcftete Topographie kanalisiert den Ko\u0161ava-Wind, einen heftigen Sturm, der durch das Eiserne Tor nach Belgrad beschleunigt, wo er die D\u00e4cher der Stadt und die Oberfl\u00e4che der Donau gleicherma\u00dfen aufw\u00fchlen kann. Hochplateaus wie Pe\u0161ter ertragen unter ihren umgebenden Gipfeln bitterkalte Winter, w\u00e4hrend der Einfluss der Adria die Bedingungen in den s\u00fcdlichen T\u00e4lern mildert.<\/p>\n<p>Demografisch verzeichnete die Volksz\u00e4hlung 2022 6.647.003 Einwohner (ohne Kosovo), was einer durchschnittlichen Bev\u00f6lkerungsdichte von 85,8 Einwohnern pro Quadratkilometer entspricht. Ein anhaltender Bev\u00f6lkerungsr\u00fcckgang seit den 1990er Jahren f\u00fchrte dazu, dass die Geburtenraten unter die Sterberaten fielen und die Bev\u00f6lkerung durch Auswanderung um Hunderttausende schrumpfte, insbesondere unter gebildeten jungen Erwachsenen. Mit einem Durchschnittsalter von 43,3 Jahren z\u00e4hlt Serbien zu den \u00e4ltesten Gesellschaften Europas. Einpersonenhaushalte machen ein F\u00fcnftel aller Wohnungen aus, die Lebenserwartung liegt bei 76,1 Jahren, und die Emigrantendiaspora pflegt enge Bindungen zu ihrem Heimatland.<\/p>\n<p>Die Verfassung verankert S\u00e4kularismus und Religionsfreiheit, doch Serbiens Identit\u00e4t ist weiterhin eng mit der serbisch-orthodoxen Kirche verbunden. Etwa 84,5 Prozent der Einwohner bezeichnen sich als orthodoxe Christen, darunter Serben, Rum\u00e4nen, Walachen und andere Minderheiten. Islamische, katholische und protestantische Gemeinden gehen auf osmanische, \u00f6sterreichisch-ungarische und moderne Migrationsbewegungen zur\u00fcck und bereichern das religi\u00f6se Mosaik des Landes.<\/p>\n<p>Sprachlich ist Serbisch die einzige Amtssprache, die von rund 88 Prozent der Bev\u00f6lkerung als Muttersprache gesprochen wird. Als einzige europ\u00e4ische Sprache verwendet Serbisch sowohl kyrillische als auch lateinische Schriftzeichen. Die Verfassung nennt Kyrillisch als \u201eoffizielle Schrift\u201c, obwohl die Bev\u00f6lkerung fast gleichm\u00e4\u00dfig verteilt ist.<\/p>\n<p>Wirtschaftlich gesehen gilt Serbien als Marktwirtschaft der gehobenen mittleren Einkommensklasse. Das nominale BIP wird im Jahr 2024 auf 81,9 Milliarden US-Dollar (ca. 12.385 US-Dollar pro Kopf) und das kaufkraftparit\u00e4tische BIP auf 185 Milliarden US-Dollar (27.985 US-Dollar pro Kopf) gesch\u00e4tzt. 67,9 Prozent der Produktion entfallen auf den Dienstleistungssektor, 26,1 Prozent auf die Industrie und etwa 6 Prozent auf die Landwirtschaft. Das Erbe an Forschung und Verteidigungsinvestitionen aus der jugoslawischen \u00c4ra \u2013 die R\u00fcstungsindustrie ist nach wie vor der gr\u00f6\u00dfte Exporteur des Westbalkans und der 25. der Welt und erwirtschaftete im Jahr 2023 \u00fcber 1,6 Milliarden US-Dollar \u2013 erg\u00e4nzt eine diversifizierte industrielle Basis, die von Automobilkomponenten \u00fcber Bergbau, Lebensmittelverarbeitung bis hin zu Pharmazeutika reicht. Der serbische Dinar, der von der Nationalbank Serbiens verwaltet wird, ist die Grundlage f\u00fcr die W\u00e4hrungsstabilit\u00e4t. Die Belgrader B\u00f6rse, obwohl bescheiden mit einer Marktkapitalisierung von 8,65 Milliarden US-Dollar, verankert die Kapitalm\u00e4rkte \u00fcber ihren BELEX15-Index. Auf der Grundlage internationaler Indikatoren belegt Serbien den 52. Platz im Social Progress Index und den 54. Platz im Global Peace Index.<\/p>\n<p>Serbiens Infrastruktur profitiert von seiner strategischen Lage an Europas Ost-West- und Nord-S\u00fcd-Kreuzung. Das Morava-Tal bildet einen nat\u00fcrlichen Landkorridor vom europ\u00e4ischen Festland nach Kleinasien. Das Stra\u00dfennetz erstreckt sich \u00fcber 45.419 Kilometer \u2013 davon 962 Kilometer Autobahnen \u2013, doch aufgrund mangelnder Instandhaltung \u00fcber zwei Jahrzehnte hinweg entsprechen viele Nebenstra\u00dfen nicht mehr westeurop\u00e4ischen Standards. Durch j\u00fcngste Investitionen sind \u00fcber 300 Kilometer Autobahnen hinzugekommen, und neue Abschnitte der A2 und A5 befinden sich im Bau. Buslinien verbinden selbst entlegenste D\u00f6rfer mit regionalen Knotenpunkten, und die Zahl der privaten Pkw liegt bei nur einem Auto pro 3,5 Einwohner.<\/p>\n<p>Serbiens 3.819 Kilometer langes Schienennetz, davon 1.279 Kilometer elektrifiziert, verbindet Belgrad und Ni\u0161 mit Budapest, Bar, Zagreb, Sofia und Thessaloniki entlang paneurop\u00e4ischer Korridore. Die 75 Kilometer lange Hochgeschwindigkeitsstrecke Belgrad\u2013Novi Sad, die 2022 er\u00f6ffnet wurde, f\u00fchrt nun bis Subotica. Bis Ende des Jahrzehnts ist ein weiterer Ausbau bis Ni\u0161 geplant, um die vier gr\u00f6\u00dften St\u00e4dte des Landes zu verbinden. Der Personenverkehr von Srbija Voz und der G\u00fcterverkehr von Srbija Kargo erg\u00e4nzen das Schienennetz.<\/p>\n<p>Der Flugverkehr l\u00e4uft \u00fcber drei internationale Flugh\u00e4fen, allen voran den Nikola-Tesla-Flughafen Belgrad, der 2022 2,75 Millionen Passagiere abfertigte. Die nationale Fluggesellschaft Air Serbia verbindet Belgrad mit rund 80 Zielen in 32 L\u00e4ndern, darunter Interkontinentalfl\u00fcge nach New York, Chicago und Tianjin. Die Binnenwasserstra\u00dfen, insbesondere die Donau, aber auch Save, Thei\u00df und Begej, umfassen \u00fcber 1.700 Kilometer schiffbare Kan\u00e4le, auf denen 2018 mehr als acht Millionen Tonnen Fracht transportiert wurden. Flussh\u00e4fen in Novi Sad, Belgrad, Pan\u010devo und anderen verbinden Serbien sowohl mit der Nordsee \u00fcber den Rhein-Main-Donau-Kanal als auch mit dem Schwarzen Meer \u00fcber das Eiserne Tor.<\/p>\n<p>Der Tourismus, obwohl im Vergleich zu den Nachbarl\u00e4ndern an der K\u00fcste von bescheidenem Volumen, bietet eine Vielfalt an Thermalb\u00e4dern, Bergresorts und pulsierenden Stadtzentren. 2019 haben \u00fcber 3,6 Millionen G\u00e4ste in registrierten Unterk\u00fcnften \u00fcbernachtet, die H\u00e4lfte davon kam aus dem Ausland und generierte rund 1,5 Milliarden US-Dollar an Devisen. Inl\u00e4ndische Besucher str\u00f6men zum Wintersport und zur Sommererholung nach Kopaonik, Stara Planina und Zlatibor, w\u00e4hrend Vrnja\u010dka Banja, Soko Banja und Banja Kovilja\u010da Kurg\u00e4ste mit ihren Thermalquellen anlocken. Belgrad und Novi Sad ziehen zwei Drittel der ausl\u00e4ndischen Touristen an, ihre Kulturfestivals \u2013 EXIT in Novi Sad und das Gu\u010da-Trompetenfestival \u2013 erregen internationale Aufmerksamkeit. Abgelegene Naturschauspiele wie die Felsformation \u0110avolja Varo\u0161, orthodoxe Pilgerwege zu mittelalterlichen Kl\u00f6stern und Donaukreuzfahrten entlang des Eisernen Tors runden das Angebot Serbiens zus\u00e4tzlich ab.<\/p>\n<p>Jahrhunderte abwechselnder hellenistischer, r\u00f6mischer, byzantinischer, osmanischer und habsburgischer Herrschaft haben einen kulturellen Dualismus gepr\u00e4gt: Die n\u00f6rdlichen Ebenen des Landes weisen mitteleurop\u00e4ische Einfl\u00fcsse auf, von der barocken Architektur bis zum multiethnischen Zusammenleben, w\u00e4hrend das s\u00fcdliche Hochland breitere balkanische und mediterrane Traditionen widerspiegelt. Venezianische Einfl\u00fcsse sickerten durch mittelalterlichen Handel und Literatur und hinterlie\u00dfen vereinzelte Spuren in der k\u00fcstennahen Kunst und Architektur.<\/p>\n<p>Die Anerkennung durch die UNESCO unterstreicht Serbiens Erbe. F\u00fcnf Welterbest\u00e4tten umfassen die fr\u00fchmittelalterliche Hauptstadt Stari Ras mit dem Kloster Sopo\u0107ani, den Studenica-Komplex aus dem 12. Jahrhundert, den r\u00f6mischen Palast Gamzigrad-Felix Romuliana, die mittelalterlichen Grabsteine \u200b\u200bvon Ste\u0107ci und die gef\u00e4hrdeten Kl\u00f6ster des Kosovo, darunter Visoki De\u010dani, Gra\u010danica und das Patriarchalkloster Pe\u0107. Das Weltdokumentenerbe bewahrt das Miroslav-Evangelium, die Archive von Nikola Tesla, das \u00f6sterreichisch-ungarische Kriegserkl\u00e4rungstelegramm und die Gr\u00fcndungsdokumente des Sekretariats der Bewegung der Blockfreien Staaten auf. Immaterielle Kulturg\u00fcter \u2013 die Verehrung des Schutzheiligen Slava, der Volkstanz Kolo, das Singen von Gusle-Balladen, die T\u00f6pferei Zlakusa, die Sliwowitz-Brennerei und die naiven Maler von Kova\u010dica \u2013 zeugen von fortbestehenden Gemeinschaftstraditionen.<\/p>\n<p>Serbien ist regional in Belgrad, Podunavlje, Podrinje und \u0160umadija unterteilt, das f\u00fcr seine \u00c4pfel, Trauben und Pflaumen bekannt ist. Die multiethnische Provinz Vojvodina beherbergt orthodoxe Kl\u00f6ster, \u00f6sterreichisch-ungarische Museen und das D\u00fcnenfeld Deliblatska Pe\u0161\u010dara. Obwohl Kosovo von Serbien beansprucht wird, ist es eine de facto unabh\u00e4ngige Republik mit eigenen Attraktionen \u2013 von Moscheen aus der osmanischen Zeit bis hin zu alpinen Wanderwegen.<\/p>\n<p>St\u00e4dtische Zentren bereichern das nationale Mosaik zus\u00e4tzlich. Belgrad, die Hauptstadt und gr\u00f6\u00dfte Stadt Serbiens, liegt am Zusammenfluss von Save und Donau. Ihre r\u00f6mischen, osmanischen und \u00f6sterreichisch-ungarischen Befestigungsanlagen werden von modernen Ausgehvierteln entlang der Flussufer unterbrochen. Kragujevac, Standort der ersten modernen Hauptstadt Serbiens, bietet ein ausgewogenes Verh\u00e4ltnis zwischen Industrieproduktion und kulturellen Einrichtungen. Der nahegelegene See Gru\u017eansko l\u00e4dt zum ruhigen Nachdenken ein. Kraljevo, eingebettet zwischen den Fl\u00fcssen Morava und Ibar, beherbergt das Kloster \u017di\u010da, eine mittelalterliche Kr\u00f6nungskirche und angrenzende Thermalquellen. Ni\u0161, Geburtsort Konstantins des Gro\u00dfen, nutzt seine strategische Lage als Verkehrsknotenpunkt und pflegt seine Universit\u00e4ts- und medizinischen Einrichtungen neben historischen St\u00e4tten wie dem Kurort Ni\u0161ka Banja und der alten Festung Ni\u0161. Novi Sad, das als \u201eserbisches Athen\u201c gepriesen wird, s\u00e4umt die Donau mit barocken Geb\u00e4uden, beherbergt das Festgel\u00e4nde der Festung Petrovaradin und grenzt an Fru\u0161ka Gora, dessen sanfte Weinberge und Klosteranlagen ihm den Beinamen \u201eZweiter Heiliger Berg\u201c eingebracht haben. Po\u017earevac, eine der \u00e4ltesten St\u00e4dte Serbiens, liegt neben der Velika Morava und nahe der r\u00f6mischen Grenzstadt Viminacium, w\u00e4hrend Suboticas Jugendstil-Rathaus die Sommerpromenaden des Pali\u0107-Sees \u00fcberblickt. Sremska Mitrovica erinnert als Sirmium, kaiserliche Residenz im 4. Jahrhundert, an seine r\u00f6mische Vergangenheit, und Vr\u0161ac liegt in weinbedeckten H\u00fcgeln nahe der rum\u00e4nischen Grenze.<\/p>\n<p>Au\u00dferhalb der St\u00e4dte locken Kurorte wie Sokobanja zwischen den Gipfeln von Rtanj und Ozren mit Mineralquellen und bewaldeten H\u00e4ngen Besucher an; die dichten W\u00e4lder, Kalksteinh\u00f6hlen und Schluchten des Flusses Drina im Tara-Nationalpark bieten Wildtiere und Wellness; die Weiden und Ethno-D\u00f6rfer von Zlatibor pr\u00e4sentieren das l\u00e4ndliche Leben auf dem 1.000 Meter hohen Plateau.<\/p>\n<p>Die serbische K\u00fcche spiegelt ihren kulturellen Zusammenfluss mit Gerichten wider, die sowohl aus der osmanischen als auch aus der \u00f6sterreichisch-ungarischen Herrschaft stammen. Fleisch ist das A und O: \u0107evap\u010di\u0107i, gegrillte Hackw\u00fcrste; Pljeskavica, gew\u00fcrzte Frikadellen; Sarma, Kohlrouladen; und die legend\u00e4re Kara\u0111or\u0111eva \u0161nicla. Burek-Geb\u00e4ck, Gibanica-K\u00e4sepasteten und Pasulj-Suppen auf Bohnenbasis spiegeln b\u00e4uerliche Traditionen wider, die noch heute an festlichen Tafeln genossen werden. Brot und Salz hei\u00dfen G\u00e4ste mit ritueller Gastfreundschaft willkommen, w\u00e4hrend Sliwowitz auf Aprikosenbasis \u2013 Serbiens stolzer Rakia \u2013 2021 zum UNESCO-Weltkulturerbe erkl\u00e4rt wurde. Die Weinberge erstrecken sich \u00fcber 22 Appellationen und bringen \u00fcberwiegend Wei\u00dfweine hervor, w\u00e4hrend in den Tavernen einheimische Biere wie Jelen und Lav sch\u00e4umen. Die aus den osmanischen Kaffeeh\u00e4usern stammende Kaffeekultur lebt in Form von starkem, ungefiltertem serbischem Kaffee fort, der in vielen Caf\u00e9s in kleinen Tassen serviert wird.<\/p>\n<p>Trotz der Wechself\u00e4lle von Kaiserreich und F\u00f6deration, des Auf und Ab von Eroberern und Revolutionen bleibt Serbien ein Land sanfter H\u00fcgel und hoher Gipfel, von Fl\u00fcssen, die Armeen und H\u00e4ndlern gleicherma\u00dfen den Weg wiesen, und eines Volkes, das Heiliges und Weltliches gleicherma\u00dfen verbindet. Die Lichter der Hauptstadt schimmern auf alten Mauern, w\u00e4hrend in den Bergorten das Ger\u00e4usch von Skiern auf dem Schnee widerhallt und Thermalquellen zu jeder Jahreszeit Erholung versprechen. Inmitten der wechselhaften Geschichte zeugen Serbiens gastfreundliches Wesen, sein ernsthaftes Engagement f\u00fcr Bildung und Gesundheitswesen sowie sein Streben nach europ\u00e4ischer Integration bis 2030 von einer Nation, die ihre Vergangenheit ehrt und gleichzeitig den Weg in eine stabile, friedliche Zukunft beschreitet.<\/p>","protected":false},"excerpt":{"rendered":"<p>Serbien, offiziell Republik Serbien, ist eine Binnenrepublik am Zusammenfluss S\u00fcdost- und Mitteleuropas, eingebettet zwischen dem Balkan und der Pannonischen Tiefebene. Mit rund 6,6 Millionen Einwohnern (ohne das umstrittene Kosovo) ist Serbien ein bedeutender Staat in der Region. Belgrad, die Hauptstadt und gr\u00f6\u00dfte Stadt Serbiens, ist das politische, wirtschaftliche und kulturelle Zentrum des Landes und blickt auf eine jahrtausendealte Geschichte zur\u00fcck.<\/p>","protected":false},"author":1,"featured_media":4507,"parent":24078,"menu_order":0,"comment_status":"closed","ping_status":"closed","template":"elementor_theme","meta":{"_eb_attr":"","footnotes":""},"class_list":["post-13445","page","type-page","status-publish","has-post-thumbnail"],"_links":{"self":[{"href":"https:\/\/travelshelper.com\/de\/wp-json\/wp\/v2\/pages\/13445","targetHints":{"allow":["GET"]}}],"collection":[{"href":"https:\/\/travelshelper.com\/de\/wp-json\/wp\/v2\/pages"}],"about":[{"href":"https:\/\/travelshelper.com\/de\/wp-json\/wp\/v2\/types\/page"}],"author":[{"embeddable":true,"href":"https:\/\/travelshelper.com\/de\/wp-json\/wp\/v2\/users\/1"}],"replies":[{"embeddable":true,"href":"https:\/\/travelshelper.com\/de\/wp-json\/wp\/v2\/comments?post=13445"}],"version-history":[{"count":1,"href":"https:\/\/travelshelper.com\/de\/wp-json\/wp\/v2\/pages\/13445\/revisions"}],"predecessor-version":[{"id":88936,"href":"https:\/\/travelshelper.com\/de\/wp-json\/wp\/v2\/pages\/13445\/revisions\/88936"}],"up":[{"embeddable":true,"href":"https:\/\/travelshelper.com\/de\/wp-json\/wp\/v2\/pages\/24078"}],"wp:featuredmedia":[{"embeddable":true,"href":"https:\/\/travelshelper.com\/de\/wp-json\/wp\/v2\/media\/4507"}],"wp:attachment":[{"href":"https:\/\/travelshelper.com\/de\/wp-json\/wp\/v2\/media?parent=13445"}],"curies":[{"name":"wp","href":"https:\/\/api.w.org\/{rel}","templated":true}]}}