{"id":13345,"date":"2024-09-17T16:25:54","date_gmt":"2024-09-17T16:25:54","guid":{"rendered":"https:\/\/travelshelper.com\/staging\/?page_id=13345"},"modified":"2026-03-12T22:41:04","modified_gmt":"2026-03-12T22:41:04","slug":"slowenien","status":"publish","type":"page","link":"https:\/\/travelshelper.com\/de\/destinations\/europe\/slovenia\/","title":{"rendered":"Slowenien"},"content":{"rendered":"<p>Slowenien, ein schmaler Korridor aus gr\u00fcnem Gel\u00e4nde und schroffen Gipfeln im Herzen des europ\u00e4ischen Kontinents, erstreckt sich \u00fcber eine Fl\u00e4che von 20.271 Quadratkilometern und ist die Heimat von etwa 2,1 Millionen Einwohnern. Es grenzt im Westen an Italien, im Norden an \u00d6sterreich, im Nordosten an Ungarn, im S\u00fcden und S\u00fcdosten an Kroatien und umfasst im S\u00fcdwesten einen kurzen Streifen der Adriak\u00fcste. Die strategische Lage dieser Republik am Zusammenfluss von Alpenh\u00f6hen, pannonischen Ebenen und mediterranen Einfl\u00fcssen unterstreicht ihren einzigartigen Charakter.<\/p>\n<p>Seit seiner fr\u00fchesten Zugeh\u00f6rigkeit zum Byzantinischen Reich und sp\u00e4ter zum Karolinger- und Heiligen R\u00f6mischen Reich, \u00fcber Jahrhunderte unter der Gerichtsbarkeit des K\u00f6nigreichs Ungarn, den Handelsmachtbereichen der Republik Venedig, den napoleonischen Illyrischen Provinzen und der ausgedehnten Habsburgermonarchie hat das Gebiet des heutigen Slowenien das Auf und Ab imperialer Str\u00f6mungen erlebt \u2013 jede Regierungsebene hat unausl\u00f6schliche Spuren in seiner kulturellen Topografie hinterlassen. Im Herbst 1918 bekr\u00e4ftigten die Slowenen ihre kollektive Handlungsf\u00e4higkeit, indem sie den Staat der Slowenen, Kroaten und Serben mitbegr\u00fcndeten, nur um Monate sp\u00e4ter im entstehenden K\u00f6nigreich der Serben, Kroaten und Slowenen (ab 1929 Jugoslawien) aufzugehen. Auf die Wirren des Zweiten Weltkriegs, in dem Deutschland, Italien und Ungarn das Land aufteilten und annektierten \u2013 erg\u00e4nzt durch einen Teil, der an den Unabh\u00e4ngigen Staat Kroatien abgetreten wurde \u2013, folgte die Wiedereingliederung in das sozialistische Jugoslawien. Mit der Befreiung Sloweniens von der Bevormundung durch andere L\u00e4nder im Juni 1991 begann f\u00fcr das Land mit seiner Souver\u00e4nit\u00e4tserkl\u00e4rung ein neues Kapitel: Slowenien sollte seinen Kurs als Mitglied der Europ\u00e4ischen Union, der NATO und anderer globaler Organisationen bestimmen und gleichzeitig eine Hocheinkommenswirtschaft f\u00f6rdern, die eine Balance zwischen traditionsreicher Produktion und Landwirtschaft und modernster Informationstechnologie und Finanzdienstleistungen herstellt.<\/p>\n<p>Geografisch erstreckt sich Slowenien zwischen dem 45. und 47. Breitengrad Nord sowie dem 13. und 17. L\u00e4ngengrad Ost, wird nahezu durch den 15. \u00f6stlichen L\u00e4ngengrad geteilt und hat seinen Mittelpunkt bei 46\u00b007\u203211,8\u2033 N und 14\u00b048\u203255,2\u2033 O, einem Punkt nahe Slivna in der Gemeinde Litija. Die topografische Vielfalt ist atemberaubend: Vier gro\u00dfe europ\u00e4ische Regionen \u2013 die Alpen, die Dinariden, die Pannonische Tiefebene und das Mittelmeerbecken \u2013 treffen innerhalb Sloweniens aufeinander. Die n\u00f6rdlichen Ausl\u00e4ufer werden von den Julischen Alpen, den Steiner Alpen und den Karawanken sowie dem Pohorje-Massiv dominiert; der h\u00f6chste Berg Sloweniens, der Berg Triglav, erreicht eine H\u00f6he von 2.864 Metern und ziert als starkes Symbol nationaler Identit\u00e4t sowohl Flagge als auch Wappen. Im S\u00fcdwesten erstreckt sich eine 47 Kilometer lange Adriafront \u2013 dort, wo sich das slowenische K\u00fcstenland in die Arme des Mittelmeers schmiegt \u2013 bis zum Karstplateau. Der l\u00f6sliche Kalkstein hat eine Unterwelt aus Fl\u00fcssen, Schluchten und H\u00f6hlen geformt, die in der H\u00f6hle von Postojna und den UNESCO-gesch\u00fctzten H\u00f6hlen von \u0160kocjan ber\u00fchmt sind. Im Gegensatz dazu flacht die \u00f6stliche Ebene zur Pannonischen Tiefebene ab, w\u00e4hrend \u00fcber 90 Prozent des Landes mehr als 200 Meter \u00fcber dem Meeresspiegel liegen.<\/p>\n<p>Klimatisch gesehen herrschen in Sloweniens gem\u00e4\u00dfigten Breiten drei verschiedene Klimazonen: ein kontinentales Klima im Nordosten mit ausgepr\u00e4gten jahreszeitlichen Temperaturschwankungen, submediterraner Einfluss entlang der K\u00fcste und im Unterlauf des So\u010da-Tals sowie alpines Klima in den H\u00f6henlagen. Die Niederschlagsmenge, die oft von den Str\u00f6mungen aus dem Golf von Genua herbeigetragen wird, schwankt zwischen \u00fcber 3.500 Millimetern in den westlichen Enklaven und rund 800 Millimetern in Prekmurje; die Rekordschneedecke in Ljubljana erreichte im Februar 1952 146 Zentimeter. Obwohl Slowenien relativ gut vor anhaltenden St\u00fcrmen gesch\u00fctzt ist, herrschen in Slowenien ausgepr\u00e4gte Winde \u2013 der feuchte Jugo aus S\u00fcd und die b\u00f6ige Bora aus Norden entlang der K\u00fcste sowie der F\u00f6hn in den Alpengebieten \u2013, w\u00e4hrend die t\u00e4glichen Temperaturschwankungen des zerkl\u00fcfteten Gel\u00e4ndes lokale vertikale Str\u00f6mungen hervorrufen.<\/p>\n<p>Unter der Oberfl\u00e4che ist die Geologie des Landes ebenso lebendig. Slowenien liegt auf der winzigen Adriatischen Platte, die sich zwischen der Afrikanischen und der Eurasischen Platte gegenl\u00e4ufig dreht, und befindet sich in einer seismisch aktiven Zone, in der historisch sechzig zerst\u00f6rerische Erdbeben verzeichnet wurden. Karstformationen erstrecken sich \u00fcber das Plateau hinaus und durchdringen einen Gro\u00dfteil des Grundgesteins mit Karbonat. Dadurch entsteht ein Labyrinth von H\u00f6hlen, das von der langsamen Kunstfertigkeit unterirdischer Gew\u00e4sser zeugt. Diese vielf\u00e4ltigen physiografischen Gegebenheiten wurden von Geographen in Makroregionen unterteilt \u2013 alpin, subalpin, submediterran, dinarisch und subpannonisch \u2013, w\u00e4hrend moderne naturgeografische Klassifizierungen sie zu vier \u00fcbergreifenden Landschaften zusammenfassen: alpin, mediterran, dinarisch und pannonisch, h\u00e4ufig durch \u00dcbergangsnischen miteinander verwoben.<\/p>\n<p>Fast 58 Prozent Sloweniens, das sich \u00fcber rund 11.823 Quadratkilometer erstreckt, sind von Wald bedeckt \u2013 haupts\u00e4chlich Buchen-, Tannen- und Buchen-Eichenbest\u00e4nden. Damit liegt Slowenien in Bezug auf die Waldfl\u00e4che nach Finnland und Schweden an dritter Stelle in Europa. In der Region Ko\u010devje sind noch Reste von Urw\u00e4ldern erhalten. Weitere Fl\u00e4chen sind Grasland, Felder, G\u00e4rten, Obstg\u00e4rten und Weinberge. 286 Natura-2000-Gebiete sch\u00fctzen 36 Prozent des Landes \u2013 das umfangreichste Netzwerk unter den EU-Staaten. Der Triglav-Nationalpark, der einzige Nationalpark Sloweniens, gilt als Hort der Flora und Fauna, und Sloweniens Umweltschutz wird in Indizes wie dem Yale Environmental Performance Index anerkannt.<\/p>\n<p>Hydrologisch gesehen m\u00fcnden etwa 81 Prozent des slowenischen Territoriums \u00fcber die Flusssysteme Mur, Drau und Save \u2013 zu denen auch die Kolpa geh\u00f6rt \u2013 in das Schwarzmeerbecken, w\u00e4hrend die restlichen 19 Prozent s\u00fcdw\u00e4rts in die Adria entw\u00e4ssern. Die Quellgew\u00e4sser aus den Bergen liefern au\u00dfergew\u00f6hnlich reines Wasser, wobei landwirtschaftliche Abfl\u00fcsse lokal Herausforderungen darstellen. Seen wie der Bohinjer See, Sloweniens gr\u00f6\u00dfter nat\u00fcrlicher See und Quelle der Save, durchziehen das Hochland und erg\u00e4nzen die kristallklaren Str\u00f6mungen der So\u010da, deren smaragdgr\u00fcnes Wasser durch das Trenta-Tal flie\u00dft.<\/p>\n<p>Wirtschaftlich hat Slowenien seit seiner Unabh\u00e4ngigkeit einen bemerkenswerten Wandel durchgemacht: Das Land verf\u00fcgt \u00fcber eine der am weitesten entwickelten Transformations\u00f6konomien, deren Pro-Kopf-BIP das der slawischen Nachbarl\u00e4nder \u00fcbertrifft. Traditionelle Wirtschaftszweige \u2013 Bergbau, Metallurgie, Chemieproduktion und Landwirtschaft \u2013 koexistieren mit aufstrebender Informationstechnologie, Finanzdienstleistungen und umweltbewusstem Tourismus. Der Au\u00dfenhandel macht einen erheblichen Teil der nationalen Produktion aus, was durch die Mitgliedschaft in der Europ\u00e4ischen Union, der Organisation f\u00fcr wirtschaftliche Zusammenarbeit und Entwicklung (OECD) und der Welthandelsorganisation (WTO) beg\u00fcnstigt wird. Der regionale Wohlstand ist unterschiedlich: Zentralslowenien (mit Ljubljana als Zentrum) und die K\u00fcsten- und Karstgebiete weisen die h\u00f6chsten Wohlstandsraten auf, w\u00e4hrend Mur, Mittelsava und K\u00fcsten- und Innerkrain niedrigere Indizes aufweisen.<\/p>\n<p>Der Tourismus in Slowenien entfaltet sich \u00fcber ein breites Spektrum an Natur- und Kulturg\u00fctern, die alle in das Gef\u00fcge nachhaltiger Praktiken eingebunden sind: 2017 ernannte National Geographic Traveller Slowenien zum nachhaltigsten Reiseziel der Welt, und nachfolgende Auszeichnungen best\u00e4tigten seine gr\u00fcne Referenz, darunter die Auszeichnung als Europ\u00e4ische Gastronomieregion im Jahr 2021. Das st\u00e4dtische architektonische Erbe \u2013 beispielhaft dargestellt durch Ljubljanas Barock- und Wiener Secessionsbauten, von denen viele vom einheimischen Architekten Jo\u017ee Ple\u010dnik entworfen wurden \u2013 koexistiert mit mittelalterlichen Kirchen, tausend verbliebenen Burgen, Herrenh\u00e4usern und traditionellen Heuharfen (Kozolci). Vier UNESCO-Welterbest\u00e4tten \u2013 die H\u00f6hlen von \u0160kocjan, die alten W\u00e4lder von Goteni\u0161ki Sne\u017enik und Ko\u010devski Rog, das Quecksilberbergwerk von Idrija und die pr\u00e4historischen Pfahlbauten des Laibacher Moors \u2013 unterstreichen das kulturelle und nat\u00fcrliche Erbe des Landes. Historische St\u00e4dte wie Ptuj und \u0160kofja Loka, die auf einer Klippe liegende Burg Predjama und die torfreichen Salinen von Se\u010dovlje bilden Kapitel in einer umfassenderen Erz\u00e4hlung \u00fcber menschliche Genialit\u00e4t und geologische Spektakel.<\/p>\n<p>Unter den K\u00fcstenst\u00e4dten zeugen die venezianisch-gotischen Fassaden der Lagune von Piran und die sommerliche Geselligkeit von Portoro\u017e von einem mediterranen Erbe; im Landesinneren zelebrieren die Weinberge rund um Maribor Weinbautraditionen, deren Symbol die 400 Jahre alte \u017dametovka-Rebe ist, die als die \u00e4lteste der Welt gilt. Kurorte wie Roga\u0161ka Slatina, Radenci, \u010cate\u017e ob Savi, Dobrna und Moravske Toplice bieten heilendes Wasser in idyllischer Umgebung, w\u00e4hrend Abenteuerlustige in den Julischen Alpen und im So\u010da-Einzugsgebiet auf die Probe gestellt werden: Canyoning, Rafting, Paragliding und Mountainbiken werden zu Preisen betrieben, die Anfang des 20. Jahrhunderts \u00fcblich waren und sich oft an den teureren Alpenresorts orientieren.<\/p>\n<p>Die K\u00fcche spiegelt das dreiteilige kulturelle Erbe Sloweniens \u2013 germanisch, lateinisch und slawisch \u2013 mit \u00fcber vierzig regionalen Varianten von Gerichten wider, die ihre Wurzeln in einfachen Gerichten haben: Eintopfgerichte wie Ri\u010det, Jota und Mine\u0161tra; Buchweizensterz; (in Prekmurje) Bujta Repa und geschichtete Prekmurska Gibanica; h\u00e4uslich ger\u00e4ucherter Pr\u0161ut aus dem K\u00fcstenland; und die emblematische Potica-Nussrolle, deren Diaspora-Symbolik in slowenischen Gemeinden im Ausland Anklang findet. Kulinarische Festivals \u2013 darunter das im Jahr 2000 ins Leben gerufene j\u00e4hrliche Bratkartoffelfestival \u2013 zelebrieren allt\u00e4gliche Traditionen, w\u00e4hrend die Kranjska Klobasa-Wurst und die ehrw\u00fcrdige Rebe \u017dametovka ein Gef\u00fchl f\u00fcr Terroir vermitteln, das sowohl Herkunft als auch saisonale Rhythmen sch\u00e4tzt.<\/p>\n<p>Die Konnektivit\u00e4t Sloweniens wird durch seine Physiognomie gepr\u00e4gt: Die paneurop\u00e4ischen Korridore V (die die n\u00f6rdliche Adria mit Mittel- und Osteuropa verbinden) und X (die Mitteleuropa mit dem Balkan verbinden) laufen auf slowenischem Gebiet zusammen und erleichtern den Stra\u00dfen-, Schienen-, Hafen- und Flugverkehr. Autobahnen, deren Ausbau sich nach 1994 beschleunigte, bilden heute ein dichtes Netz, das 80 Prozent des G\u00fcter- und Personenverkehrs abwickelt, w\u00e4hrend die Nebenstra\u00dfen aufgrund der gestiegenen Belastung in Mitleidenschaft gezogen wurden. Der Eisenbahnverkehr, der durch veraltete Infrastruktur und verstreute Siedlungsmuster beeintr\u00e4chtigt wird, befindet sich auf der Achse Koper\u2013Diva\u010da in der ersten Modernisierungsphase. Der Hafen von Koper hingegen fungiert als Containerumschlagplatz der n\u00f6rdlichen Adria \u2013 er schl\u00e4gt j\u00e4hrlich fast 590.000 20-Fu\u00df-Containercontainer um \u2013 und sichert den Seefracht- und Personenverkehr, erg\u00e4nzt durch Izola und Piran. Der Flugverkehr bleibt bescheiden, nimmt aber zu: Der Flughafen Ljubljana Jo\u017ee Pu\u010dnik dient neben Maribor Edvard Rusjan und Portoro\u017e als wichtigstes Tor, wobei Billigfluggesellschaften die L\u00fccke f\u00fcllen, die durch die Insolvenz von Adria Airways im Jahr 2019 entstanden ist.<\/p>\n<p>Demografisch gesehen verzeichnete die Volksz\u00e4hlung vom Oktober 2024 2.129.052 Einwohner, was einer Bev\u00f6lkerungsdichte von 105 Personen pro Quadratkilometer entspricht \u2013 winzig im Vergleich zu den Niederlanden oder Italien und ungleichm\u00e4\u00dfig \u00fcber die statistischen Regionen verteilt, vom Zentrum Zentralsloweniens bis zur d\u00fcnn besiedelten Region Innere Krain-Karst. Die Erhaltung des Slowenischen, das w\u00e4hrend der Germanisierung von katholischen M\u00f6nchen \u00fcber Generationen hinweg bewahrt wurde, untermauert eine sprachliche Einheit, die sich von den benachbarten serbokroatischen Sprachen unterscheidet.<\/p>\n<p>F\u00fcr den Reisenden, der Sloweniens wahre Essenz erfassen m\u00f6chte, bietet das rhythmische Tableau, das sich von den Drei Br\u00fccken \u00fcber Ljubljanica bis zur sagenumwobenen Insel im Bleder See entfaltet; von den unterirdischen Stalaktitenkathedralen bis zu den sonnenverw\u00f6hnten Terrassen des Karsts von \u0160kocjan; von der fl\u00fcsternden, bukolischen Ruhe der Almen bis zu den K\u00fcstenpromenaden, wo venezianische Zinnen die adriatische Brise einfangen \u2013 jedes dieser Gebiete bietet ein Kapitel in einem fortw\u00e4hrenden Dialog zwischen der Monumentalit\u00e4t der Natur und der menschlichen Sch\u00f6pfung. Ob man \u00fcber Autobahn, Schiene oder B\u00e4che reist, Slowenien offenbart sich als ein Reich sich \u00fcberschneidender Reiche, ein Ort, an dem kontinentale Impulse und mediterrane Kadenzen zusammentreffen, wo Erinnerung und Moderne einen st\u00e4ndigen Balanceakt vollf\u00fchren und wo der Blick des Reisenden eingeladen ist, auf dem komplexen Zusammenspiel von Erde, Geschichte und Kultur zu verweilen.<\/p>","protected":false},"excerpt":{"rendered":"<p>Slowenien, ein kleines, aber faszinierendes Land im s\u00fcdlichen Mitteleuropa, liegt strategisch g\u00fcnstig am Schnittpunkt wichtiger europ\u00e4ischer Kultur- und Handelsrouten. Es bietet eine besondere Mischung aus Natursch\u00f6nheit, reicher Geschichte und moderner Entwicklung. Die Bev\u00f6lkerung von rund 2,1 Millionen Menschen verteilt sich auf 20.271 Quadratkilometern (7.827 Quadratmeilen) mit abwechslungsreicher Topografie. Slowenien grenzt im Westen an Italien, im Norden an \u00d6sterreich, im Nordosten an Ungarn und im S\u00fcden und S\u00fcdosten an Kroatien. Die offizielle Bezeichnung \u201eRepublika Slovenija\u201c liegt bei Slowenien. Im S\u00fcdwesten besitzt Slowenien zudem einen Teil der Adriak\u00fcste.<\/p>","protected":false},"author":1,"featured_media":4335,"parent":24078,"menu_order":0,"comment_status":"closed","ping_status":"closed","template":"elementor_theme","meta":{"_eb_attr":"","footnotes":""},"class_list":["post-13345","page","type-page","status-publish","has-post-thumbnail"],"_links":{"self":[{"href":"https:\/\/travelshelper.com\/de\/wp-json\/wp\/v2\/pages\/13345","targetHints":{"allow":["GET"]}}],"collection":[{"href":"https:\/\/travelshelper.com\/de\/wp-json\/wp\/v2\/pages"}],"about":[{"href":"https:\/\/travelshelper.com\/de\/wp-json\/wp\/v2\/types\/page"}],"author":[{"embeddable":true,"href":"https:\/\/travelshelper.com\/de\/wp-json\/wp\/v2\/users\/1"}],"replies":[{"embeddable":true,"href":"https:\/\/travelshelper.com\/de\/wp-json\/wp\/v2\/comments?post=13345"}],"version-history":[{"count":0,"href":"https:\/\/travelshelper.com\/de\/wp-json\/wp\/v2\/pages\/13345\/revisions"}],"up":[{"embeddable":true,"href":"https:\/\/travelshelper.com\/de\/wp-json\/wp\/v2\/pages\/24078"}],"wp:featuredmedia":[{"embeddable":true,"href":"https:\/\/travelshelper.com\/de\/wp-json\/wp\/v2\/media\/4335"}],"wp:attachment":[{"href":"https:\/\/travelshelper.com\/de\/wp-json\/wp\/v2\/media?parent=13345"}],"curies":[{"name":"wp","href":"https:\/\/api.w.org\/{rel}","templated":true}]}}