{"id":13300,"date":"2024-09-17T15:52:09","date_gmt":"2024-09-17T15:52:09","guid":{"rendered":"https:\/\/travelshelper.com\/staging\/?page_id=13300"},"modified":"2026-03-12T22:35:25","modified_gmt":"2026-03-12T22:35:25","slug":"slowakei","status":"publish","type":"page","link":"https:\/\/travelshelper.com\/de\/destinations\/europe\/slovakia\/","title":{"rendered":"Slowakei"},"content":{"rendered":"<p>Die Slowakei, offiziell Slowakische Republik, ist ein 49.000 Quadratkilometer gro\u00dfer Binnenstaat in Mitteleuropa, der im Norden an Polen, im Osten an die Ukraine, im S\u00fcden an Ungarn, im Westen an \u00d6sterreich und im Nordwesten an die Tschechische Republik grenzt. Mit einer Bev\u00f6lkerung von \u00fcber 5,4 Millionen Einwohnern ist das Land durch ein \u00fcberwiegend gebirgiges Gel\u00e4nde gepr\u00e4gt, das mit fruchtbaren Tiefebenen durchzogen ist. Die Hauptstadt Bratislava liegt am s\u00fcdwestlichen Rand des Landes, w\u00e4hrend Ko\u0161ice als zweitgr\u00f6\u00dfte Stadt den Osten beherrscht. Diese kompakte Republik bietet ein komplexes Geschichtsspektrum \u2013 von der Ankunft der Westslawen im 6. Jahrhundert \u00fcber Jahrhunderte ungarischer und habsburgischer Herrschaft bis hin zu ihrer Entstehung als unabh\u00e4ngiger Staat im Jahr 1993 \u2013 vor der Kulisse hoch aufragender Karpatengipfel, alter Burgen, unterirdischer H\u00f6hlen und einer Wirtschaft, die sie zu einer der dynamischsten postkommunistischen Erfolgsgeschichten Europas macht.<\/p>\n<p>Eingebettet in die Nordkarpaten gilt die Hohe Tatra als alpines Juwel der Slowakei. Ihre zerkl\u00fcftete Silhouette, gepr\u00e4gt von 29 Gipfeln \u00fcber 2.500 Meter, gekr\u00f6nt vom Gerlachovsk\u00fd \u0161t\u00edt (2.655 Meter), bildet sowohl eine nat\u00fcrliche Grenze zu Polen als auch einen Magneten f\u00fcr Wanderer und Skifahrer. Kriv\u00e1\u0148, ein dreieckiger Gipfel mit kultureller Bedeutung, thront \u00fcber tiefen T\u00e4lern und Gletscherseen, w\u00e4hrend die Westliche und die Belaer Tatra die Erhabenheit des Gebirges in weite Panoramen erweitern. Unterhalb der eigentlichen Tatra erstreckt sich die Niedere Tatra in sanfteren H\u00fcgeln, gekr\u00f6nt vom \u010eumbier auf knapp \u00fcber 2.000 Metern. Im Norden des Landes bedecken neun Nationalparks 6,5 Prozent des Landes und bewahren ein au\u00dfergew\u00f6hnliches \u00f6kologisches Mosaik. Dazu geh\u00f6ren das Slowakische Paradies mit seinen Kalksteinschluchten und von Leitern durchzogenen Schluchten und das abgelegene Poloniny, wo noch urzeitliche Buchenw\u00e4lder wachsen.<\/p>\n<p>Unter diesen Bergen liegt ein verborgenes K\u00f6nigreich aus H\u00f6hlen. Rund 30 davon sind f\u00fcr die \u00d6ffentlichkeit zug\u00e4nglich und ihre Gew\u00f6lbe leuchten vor Stalaktiten und Stalagmiten \u2013 darunter die Dob\u0161in\u00e1-Eish\u00f6hle und die Ochtinsk\u00e1-Aragonith\u00f6hle, die beide unter UNESCO-Schutz stehen. Das Dem\u00e4novsk\u00e1-System bei Poprad hat labyrinthartige G\u00e4nge aus Alabasterkammern geformt, w\u00e4hrend die Domica in die Karstlandschaft der slowakisch-ungarischen Grenze reicht. Zwischen den Bergr\u00fccken eingebettete Fl\u00fcsse formen T\u00e4ler und Niederungen: Die Waag, mit 403 Kilometern der l\u00e4ngste Fluss der Slowakei, flie\u00dft westw\u00e4rts; die Donau schl\u00e4ngelt sich durch Bratislavas S\u00fcdrand; w\u00e4hrend Dunajec und Morava nat\u00fcrliche Grenzen markieren. \u00dcber 49.700 Kilometer Wasserwege m\u00fcnden in diese Arterien, die im Fr\u00fchjahr mit der Schneeschmelze in den Alpen anschwellen und im Fall der Donau im Sommer ihren H\u00f6chststand erreichen, wenn sich alpine Wildb\u00e4che mit dem gro\u00dfen europ\u00e4ischen Wasserlauf vereinen.<\/p>\n<p>Das gem\u00e4\u00dfigt-kontinentale Klima des Landes zeichnet sich durch vier ausgepr\u00e4gte Jahreszeiten aus. Die launischen Tauwetter im Fr\u00fchling folgen der Tagundnachtgleiche, wodurch die Tagesdurchschnittstemperaturen von 9 \u00b0C im M\u00e4rz auf 17 \u00b0C im Juni steigen. Der Sommer, der am 22. Juni beginnt, bringt im Donautiefland Tagesh\u00f6chsttemperaturen von meist \u00fcber 30 \u00b0C mit sich, wobei die Temperaturen in s\u00fcdlichen Regionen bei fast 40 \u00b0C liegen; in den Bergen bleiben die Temperaturen mit 25 \u00b0C angenehm. Ab Ende September herrschen im Herbst feuchte Winde, wobei ein Altweibersommer die ersten Wochen mit W\u00e4rme und Sonnenschein begl\u00fccken kann. Der Winter, der am 21. Dezember beginnt, bringt Schnee in die Hochebenen \u2013 wo er bis in den M\u00e4rz hinein anh\u00e4lt \u2013 und Temperaturen, die in h\u00f6heren Lagen auf bis zu \u201320 \u00b0C fallen, w\u00e4hrend in den Tieflandgebieten Frost und zeitweise Schneefall eine abwechslungsreichere Schneelandschaft bieten.<\/p>\n<p>Lange bevor sich die heutigen Grenzen herausbildeten, besiedelten westslawische St\u00e4mme diese T\u00e4ler im 5. und 6. Jahrhundert. Kurzzeitig geh\u00f6rten sie zum Awaren-Kaganat, erlangten aber um 631 n. Chr. im Samoischen Reich Bedeutung. Im 9. Jahrhundert entstand das F\u00fcrstentum Nitra, das bald von Gro\u00dfm\u00e4hren einverleibt wurde und ein literarisches und kirchliches Erbe hinterlie\u00df. Sein Untergang durch die magyarischen Einf\u00e4lle leitete zehn Jahrhunderte ungarischer Herrschaft ein, unterbrochen von osmanischen Vorst\u00f6\u00dfen, die im 16. und 17. Jahrhundert die s\u00fcdlichen Gebiete pl\u00fcnderten. Der Wiederaufbau unter K\u00f6nig B\u00e9la IV. nach der mongolischen Verw\u00fcstung von 1241\u20131242 legte den Grundstein f\u00fcr ein neues st\u00e4dtisches Leben und die Entwicklung von Befestigungsanlagen.<\/p>\n<p>Das nationale Erwachen des 19. Jahrhunderts fand auch bei den Slowaken Anklang. 1848 gr\u00fcndeten sie inmitten der sich in Europa ausbreitenden Revolutionen den Slowakischen Nationalrat. Obwohl ihr Aufstand keine Autonomie sicherte, erwies er sich als wegweisend f\u00fcr die Entwicklung einer eigenst\u00e4ndigen slowakischen Identit\u00e4t. Der Ausgleich von 1867 verband das K\u00f6nigreich mit \u00d6sterreich-Ungarn, doch kulturelle und sprachliche Str\u00f6mungen blieben bestehen. Nach dem Ende des Ersten Weltkriegs zerfielen die Imperien, und 1918 wurde die Tschechoslowakische Republik ausgerufen, die die Slowakei gem\u00e4\u00df den Vertr\u00e4gen von Saint-Germain und Trianon eingliederte. Ein kurzes Intermezzo des Klerikalfaschismus unter der Schirmherrschaft der Nazis wich 1945 der Wiederherstellung der Tschechoslowakei. Der von der Sowjetunion unterst\u00fctzte Putsch von 1948 festigte die kommunistische Herrschaft bis zur Niederschlagung des Prager Fr\u00fchlings im Jahr 1968. Es war die friedliche Revolution von 1989 \u2013 die Samtene Revolution \u2013, die die Demokratie zur\u00fcckeroberte und am 1. Januar 1993 in der n\u00fcchternen Geburt der Slowakischen Republik gipfelte.<\/p>\n<p>Die heutige Slowakei verbindet Marktwirtschaft mit einem umfassenden sozialen Sicherheitsnetz: allgemeine Gesundheitsversorgung, kostenlose Bildung, ein Renteneintrittsalter, das zu den niedrigsten des Kontinents z\u00e4hlt, und Elternzeit, die zu den gro\u00dfz\u00fcgigsten der OECD z\u00e4hlt. Im Jahr 2024 \u00fcberstieg das Pro-Kopf-BIP (kaufkraftparit\u00e4tisch) 44.000 US-Dollar, womit die Slowakei zu den europ\u00e4ischen Hocheinkommensl\u00e4ndern z\u00e4hlt. Exporte \u2013 haupts\u00e4chlich nach Deutschland, Tschechien und Polen \u2013 bilden die Grundlage der Industrieproduktion; allein die Automobilproduktion produzierte 2019 1,1 Millionen Fahrzeuge \u2013 der h\u00f6chste Pro-Kopf-Wert weltweit. Dennoch bestehen weiterhin wirtschaftliche Ungleichheiten: Die Region Bratislava verf\u00fcgt \u00fcber eine fast dreimal so hohe Kaufkraft wie die \u00f6stlichen Bezirke, obwohl die Wohneigentumsquote landesweit auf 90 Prozent gestiegen ist.<\/p>\n<p>Das Verwaltungsleben erstreckt sich \u00fcber acht selbstverwaltete Regionen, die jeweils nach ihrer Hauptstadt benannt sind und seit 2002 mit Gesetzgebungskompetenz ausgestattet sind. Ihnen unterstehen 79 Bezirke und 2.890 Gemeinden, die ein Gef\u00fcge bilden, das historische Siedlungsmuster mit moderner Verwaltung verbindet. Die Verkehrsadern spiegeln diese Integration wider: Die Autobahn D1 schl\u00e4ngelt sich 600 Kilometer von Bratislava durch Trnava, Nitra, Tren\u010d\u00edn und \u017dilina, w\u00e4hrend die D2 Prag und Budapest verbindet. Eisenbahnen verbinden Stadtzentren und D\u00f6rfer gleicherma\u00dfen, und die Flussh\u00e4fen in Bratislava und Kom\u00e1rno gew\u00e4hrleisten den G\u00fcter- und Personenverkehr entlang der Rhein-Main-Donau-Wasserstra\u00dfe. Drei Flugh\u00e4fen \u2013 Bratislava, Ko\u0161ice und der hochgelegene Poprad-Tatry \u2013 verbinden die Slowakei mit Europa und dar\u00fcber hinaus.<\/p>\n<p>Der Tourismus basiert auf Naturpanoramen, mittelalterlicher Architektur und lebendiger Volkstradition. Acht St\u00e4tten wurden in die UNESCO-Liste aufgenommen: von den Holzkirchen des Nordens, wie der Heilig-Geist-Kirche in \u017dehra, bis zum mittelalterlichen Stadtkern von Bardejov und von den beeindruckenden Ruinen der Zipser Burg bis zu den eiskalten Kammern der Dob\u0161in\u00e1-Eish\u00f6hle. Schloss Bojnice hat seine romantische Inneneinrichtung bewahrt; die Burg Tren\u010d\u00edn \u00fcberblickt von Basaltklippen aus den Fluss Waag; die Burg Dev\u00edn erinnert an die keltische und gro\u00dfm\u00e4hrische Vergangenheit oberhalb des Donauknies. Kurorte \u2013 allen voran Pie\u0161\u0165any \u2013 bieten heilende Mineralquellen, w\u00e4hrend Skigebiete in Jasn\u00e1 und der Hohen Tatra Wintersportler anziehen. Volkskunst lebt in den Filialen der \u00da\u013dUV fort: Fujaras, verzierte Beile, Puppen aus Maisstroh und Drahtskulpturen zeugen von einer l\u00e4ndlichen Kunstfertigkeit, die sowohl Form als auch Funktion sch\u00e4tzt.<\/p>\n<p>Die Demografie der Slowakei spiegelt sowohl Stabilit\u00e4t als auch Vielfalt wider. Die Volksz\u00e4hlung von 2021 ergab 83,8 Prozent Slowaken, 7,8 Prozent Ungarn und geringere Anteile an Roma, Tschechen, Rusinen und anderen Gruppen; 5,4 Prozent gaben keine ethnische Zugeh\u00f6rigkeit an. Bei einem Durchschnittsalter von 42,8 Jahren betr\u00e4gt die Bev\u00f6lkerungsdichte durchschnittlich 110 Einwohner pro Quadratkilometer \u2013 in st\u00e4dtischen Zentren steigt sie stark an und in abgelegenen Bergd\u00f6rfern sinkt sie. Slowakisch, eine westslawische Sprache, ist Amtssprache, w\u00e4hrend Ungarisch und Rusinen dort Amtssprachen sind, wo lokale Minderheiten die gesetzlichen Mindestanforderungen erf\u00fcllen. Slowaken sind sehr gut im Fremdsprachenunterricht: Fast alle Sch\u00fcler der Oberstufe lernen zwei oder mehr Sprachen, oft Tschechisch, Englisch, Deutsch oder Russisch.<\/p>\n<p>Kulinarische Traditionen basieren auf Produkten von Bergwiesen und Gerichten mit Schweinefleisch als Schwerpunkt: Bryndzov\u00e9 halu\u0161ky \u2013 Kartoffelkn\u00f6del mit Schafsk\u00e4se \u2013 genie\u00dfen neben Kohlsuppe, Blutwurst und Kartoffelpiroggen nationales Ansehen. In den Weinregionen entlang der Donauzufl\u00fcsse dominierten einst wei\u00dfe und s\u00fc\u00dfe Sorten; eine wachsende Craft-Brew-Kultur umfasst heute sowohl helle als auch dunkle Lagerbiere. Saisonale M\u00e4rkte auf den Burgpl\u00e4tzen bieten Besuchern die M\u00f6glichkeit, Honigkuchen, ger\u00e4ucherte Forellen aus Gebirgsb\u00e4chen und regionalen K\u00e4se zu probieren, w\u00e4hrend handwerklich hergestellte Speisen \u2013 von Lindenbl\u00fctenhonig bis Pflaumenschnaps \u2013 der kulinarischen Entdeckungsreise eine l\u00e4ndliche Note verleihen.<\/p>\n<p>Gastfreundschaft und Respekt pr\u00e4gen das Leben in der Stadt wie im Dorf. G\u00e4ste, die slowakische H\u00e4user betreten, ziehen Stra\u00dfenschuhe aus und tragen oft Hausschuhe; Gastgeber bieten oft mehrg\u00e4ngige Men\u00fcs an, insbesondere zum Mittagessen, der Hauptmahlzeit des Tages. Zu den H\u00f6flichkeitsgesten geh\u00f6ren Wangenk\u00fcsse \u2013 typischerweise unter Frauen \u2013 und kleine Gastgeschenke, Geldgeschenke sind jedoch nicht gern gesehen. H\u00f6flichkeit erstreckt sich auch auf historisches Empfinden: Hinweise auf die Abspaltung der Slowakei von der Tschechoslowakei im Jahr 1993 werden ohne Groll erwidert, doch Vermischungen mit Slowenien oder der ehemaligen \u00f6sterreichisch-ungarischen Vergangenheit k\u00f6nnen eine sanfte Korrektur nach sich ziehen. Diskussionen \u00fcber den slowakischen Staat nach dem Zweiten Weltkrieg oder die kommunistische \u00c4ra erfordern Fingerspitzengef\u00fchl, und offene Sympathie f\u00fcr Russland kann latente Ressentiments wecken, die in Jahrzehnten sowjetischer Herrschaft wurzeln.<\/p>\n<p>In den D\u00f6rfern der n\u00f6rdlichen Vorgebirge erheben sich Holzkirchen \u2013 katholische, lutherische und \u00f6stliche \u2013 inmitten bewaldeter H\u00e4nge. Ihre Blockw\u00e4nde und Schindeld\u00e4cher harmonieren mit den idyllischen Feldern. Die St.-Jakobs-Basilika in Levo\u010da beherbergt den h\u00f6chsten geschnitzten Holzaltar der Welt, w\u00e4hrend die zw\u00f6lf Kirchen Trnavas barocke Stra\u00dfen pr\u00e4gen. Volksfeste \u2013 insbesondere zur Erntezeit und zu Ostern \u2013 lassen traditionelle Musik, T\u00e4nze und Trachten wieder aufleben und gipfeln oft in abendlichen, weihnachtsliedartigen Serenaden, den sogenannten \u201eKoliedy\u201c. In den st\u00e4dtischen Zentren pr\u00e4sentieren Kunstfestivals und Galerien zeitgen\u00f6ssische slowakische Filme, bildende Kunst und Design und spiegeln eine Gesellschaft im dynamischen Dialog zwischen Tradition und Innovation wider.<\/p>\n<p>Diese Vielfalt an Erlebnissen macht die Slowakei zu einer Reise durch Kontraste: von der Stille der Bergseen unter sternenklarem Himmel bis zum urbanen Puls der Caf\u00e9s Bratislavas entlang der Donaupromenade; von der abgeschiedenen Ruhe der Thermalb\u00e4der bis zu den Touristench\u00f6ren, die mit den Seilbahnen von Tatransk\u00e1 Lomnica hinauffahren; von den feierlichen Krypten mittelalterlicher Burgen bis zu den spritzigen Geigenkl\u00e4ngen, die \u00fcber die M\u00e4rkte schallen. Trotz seiner kompakten Gr\u00f6\u00dfe bietet das Land ein riesiges Angebot, das Geographie und Geschichte zu einem intimen Mosaik verbindet.<\/p>\n<p>Wer die Slowakei betritt, durchquert Epochen und H\u00f6hen, sp\u00fcrt Jahrhunderte unter seinen F\u00fc\u00dfen und erklimmt innerhalb weniger Stunden Gipfel. Er betritt grenzenlose Wildnis, steht auf gemauerten Marktpl\u00e4tzen, deren Pflaster an kaiserliche Prozessionen und Bauernm\u00e4rkte erinnert. Er schmeckt das Salz und den w\u00fcrzigen Geschmack von Schafsk\u00e4se und h\u00f6rt Volkslieder, die die Jahreszeiten mit Ritualen und Sehns\u00fcchten markieren. Er entdeckt, dass in einer in friedlicher Eintracht geborenen Nation Entdeckungen nicht an Eroberung, sondern an Neugier gemessen werden \u2013 dem wahren Leitstern jeder Reise.<\/p>","protected":false},"excerpt":{"rendered":"<p>Die Slowakei ist ein Binnenstaat in Mitteleuropa mit \u00fcber 5,4 Millionen Einwohnern, verteilt auf eine \u00fcberwiegend gebirgige Landschaft mit einer Fl\u00e4che von rund 49.000 Quadratkilometern. Strategisch g\u00fcnstig in Europa gelegen, grenzt die Slowakische Republik im Norden an Polen, im Osten an die Ukraine, im S\u00fcden an Ungarn, im Westen an \u00d6sterreich und im Nordwesten an die Tschechische Republik. Ko\u0161ice gilt als zweitgr\u00f6\u00dfte Metropolregion, w\u00e4hrend Bratislava, die Hauptstadt und gr\u00f6\u00dfte Stadt, das politische, wirtschaftliche und kulturelle Zentrum des Landes bildet.<\/p>","protected":false},"author":1,"featured_media":4021,"parent":24078,"menu_order":0,"comment_status":"closed","ping_status":"closed","template":"elementor_theme","meta":{"_eb_attr":"","footnotes":""},"class_list":["post-13300","page","type-page","status-publish","has-post-thumbnail"],"_links":{"self":[{"href":"https:\/\/travelshelper.com\/de\/wp-json\/wp\/v2\/pages\/13300","targetHints":{"allow":["GET"]}}],"collection":[{"href":"https:\/\/travelshelper.com\/de\/wp-json\/wp\/v2\/pages"}],"about":[{"href":"https:\/\/travelshelper.com\/de\/wp-json\/wp\/v2\/types\/page"}],"author":[{"embeddable":true,"href":"https:\/\/travelshelper.com\/de\/wp-json\/wp\/v2\/users\/1"}],"replies":[{"embeddable":true,"href":"https:\/\/travelshelper.com\/de\/wp-json\/wp\/v2\/comments?post=13300"}],"version-history":[{"count":0,"href":"https:\/\/travelshelper.com\/de\/wp-json\/wp\/v2\/pages\/13300\/revisions"}],"up":[{"embeddable":true,"href":"https:\/\/travelshelper.com\/de\/wp-json\/wp\/v2\/pages\/24078"}],"wp:featuredmedia":[{"embeddable":true,"href":"https:\/\/travelshelper.com\/de\/wp-json\/wp\/v2\/media\/4021"}],"wp:attachment":[{"href":"https:\/\/travelshelper.com\/de\/wp-json\/wp\/v2\/media?parent=13300"}],"curies":[{"name":"wp","href":"https:\/\/api.w.org\/{rel}","templated":true}]}}