{"id":13276,"date":"2024-09-17T15:32:27","date_gmt":"2024-09-17T15:32:27","guid":{"rendered":"https:\/\/travelshelper.com\/staging\/?page_id=13276"},"modified":"2026-03-12T23:23:50","modified_gmt":"2026-03-12T23:23:50","slug":"bilbao","status":"publish","type":"page","link":"https:\/\/travelshelper.com\/de\/destinations\/europe\/spain\/bilbao\/","title":{"rendered":"Bilbao"},"content":{"rendered":"<p>Bilbao pr\u00e4sentiert sich als wichtigster urbaner Kern des Baskenlandes im Norden Spaniens und umfasst eine Fl\u00e4che von 40,65 Quadratkilometern \u2013 davon 17,35 Quadratkilometer die eigentliche Stadt und die restlichen 23,30 Quadratkilometer die umliegenden Bergfalten \u2013 und liegt etwa sechzehn Kilometer s\u00fcdlich der M\u00fcndung des Golfs von Biskaya. Mit einer Bev\u00f6lkerung von \u00fcber 347.000 (Stand 2023) und einem Ballungsraum von 1.037.847 Einwohnern ist es nicht nur die zehntgr\u00f6\u00dfte Gemeinde Spaniens, sondern auch der bev\u00f6lkerungsreichste Ballungsraum n\u00f6rdlich des Flusses Duero.<\/p>\n<p>Seit seiner mittelalterlichen Gr\u00fcndung im sp\u00e4ten 13. Jahrhundert unter der Schirmherrschaft von Diego L\u00f3pez V. de Haro \u2013 einem Spross der einflussreichen Familie Haro \u2013 erlangte Bilbao innerhalb der kastilischen Krone rasch Bedeutung. Sein Hafen florierte durch den Export von Wolle und Eisenerz aus Biskaya in verschiedene europ\u00e4ische M\u00e4rkte. Der gewundene Verlauf der M\u00fcndung, ges\u00e4umt von zwei bescheidenen, durchschnittlich 400 Meter hohen Gebirgsz\u00fcgen, pr\u00e4gte sowohl das Stadtbild als auch die maritime Wirtschaft der Stadt und sorgte daf\u00fcr, dass ihre Verkehrsadern und Werften die wirtschaftliche Grundlage der Region bildeten.<\/p>\n<p>Im 19. Jahrhundert erlebte Bilbaos Aufschwung parallel zur Industriellen Revolution einen rasanten Aufschwung und machte die Stadt nach Gro\u00df-Barcelona zur zweitgr\u00f6\u00dften Industrieregion Spaniens. Das Zusammentreffen von Eisenbergbau, Schmieden und Werften f\u00fchrte zu einem Bev\u00f6lkerungswachstum, das die Eingemeindung benachbarter Ortschaften \u2013 darunter Derio, Etxebarri und Galdakao \u2013 erforderlich machte. Dadurch vergr\u00f6\u00dferte sich das Stadtgebiet und die Bev\u00f6lkerungsdichte verdichtete sich. Zu Beginn des 20. Jahrhunderts war die Metropole zum Synonym f\u00fcr Schwerindustrie geworden, ihre Schornsteine \u200b\u200bund Trockendocks symbolisierten das Streben einer Nation nach Modernit\u00e4t.<\/p>\n<p>Die postindustrielle Epoche erlebte jedoch eine bewusste Neuinterpretation Bilbaos. Die Er\u00f6ffnung des Guggenheim-Museums Bilbao im Oktober 1997 \u2013 ein geschwungenes, titanverkleidetes Denkmal zeitgen\u00f6ssischer Kunst, entworfen von Frank Gehry \u2013 diente als katalytisches Symbol der Stadterneuerung. Dieses kulturelle Leuchtfeuer, errichtet auf den ehemaligen Docks und Lagerhallen des Arenal-Viertels, leitete eine Flut von Infrastrukturinvestitionen ein: ein neu gestaltetes Flughafenterminal von Santiago Calatrava; ein U-Bahn-Netz in Bilbao, gepr\u00e4gt von Norman Fosters gl\u00e4sernen \u201eFosteritos\u201c, die Wiedereinf\u00fchrung der Stra\u00dfenbahn entlang der Flussm\u00fcndung; und die Umgestaltung eines Weinlagers von 1909 in die multidisziplin\u00e4re Azkuna Zentroa von Philippe Starck. Dar\u00fcber hinaus werden die Sektoren Abandoibarra und Zorrozaurre weiterhin schrittweise saniert \u2013 einer davon mit dem Arata Isozaki-Hochhauskomplex, dem Konferenzzentrum und Konzertsaal Euskalduna sowie dem Iberdrola-Turm von C\u00e9sar Pelli; der andere soll aus einem von Zaha Hadid entworfenen Masterplan als Insel mit gemischter Wohn- und Gewerbenutzung entstehen, deren Mittelpunkt der Hauptsitz der BBK ist.<\/p>\n<p>Bilbaos geografische Lage an der Baskischen Schwelle \u2013 einem strukturellen Scharnier zwischen dem Kantabrischen Gebirge und den Pyren\u00e4en \u2013 verleiht der Stadt eine Bodenstratigraphie aus mesozoischen Sedimenten auf pal\u00e4ozoischem Untergrund und ein Relief, das durch eine Hauptsantklinale von Elorrio bis Galdames gekennzeichnet ist. Innerhalb der Stadtgrenzen gliedern sekund\u00e4re Falten das Gel\u00e4nde in zwei Gebirgsgruppen: im Nordosten die Berge Artxanda, Avril, Banderas, Pikota, San Bernab\u00e9 und Cabras; im S\u00fcden die Berge Kobetas, Restaleku, Pagasarri und Arraiz. Letztere erreichen H\u00f6hen von 673 bzw. 689 Metern (Pagasarri und Ganeta). Klimatisch gesehen mildern die Tiefdruckgebiete im Golf von Biskaya die jahreszeitlichen Extreme und sorgen f\u00fcr h\u00e4ufige Niederschl\u00e4ge (45 Prozent der Jahresniederschlagsmenge sind Regentage, 40 Prozent bew\u00f6lkte Tage), geringe Sommertrockenheit, die nicht ausreicht, um das Regime als mediterran einzustufen, und \u00fcber das Jahr hinweg ged\u00e4mpfte Temperaturschwankungen \u2013 die durchschnittlichen H\u00f6chsttemperaturen \u00fcbersteigen im Juli selten 26 \u00b0C und die durchschnittlichen Tiefsttemperaturen fallen im Januar selten unter 6 \u00b0C.<\/p>\n<p>Demografisch gesehen nimmt Bilbaos Bev\u00f6lkerung von 342.397 (Stand 2017) eine Landfl\u00e4che von 40,59 km\u00b2 ein. Der Ballungsraum, der fast 47 % der Gesamtbev\u00f6lkerung der Autonomen Gemeinschaft Baskenland ausmacht, tr\u00e4gt wesentlich zum regionalen BIP pro Kopf von 30.860 \u20ac bei \u2013 womit der nationale und EU-Durchschnitt \u00fcberschritten wird \u2013 und zu einem nominalen BIP der Metropolregion von 36,9 Milliarden US-Dollar. Das kaufm\u00e4nnische Erbe der Stadt geht auf die Gr\u00fcndung des Seekonsulats im 16. Jahrhundert zur\u00fcck, durch das kastilische Waren \u00fcber den Hafen transportiert wurden. Doch erst die Ausbeutung der nahegelegenen Eisenvorkommen im 19. Jahrhundert f\u00f6rderte den Seeumschlag und die Expansion der Werften, was in einer Schiffbauindustrie von herausragendem Ansehen gipfelte. Der urspr\u00fcngliche Hafen, der einst neben dem Arenal-Viertel der Altstadt lag, wurde 1902 einem Au\u00dfenhafen in Santurtzi weichen m\u00fcssen. Sp\u00e4tere Erweiterungen, die zusammen als \u201eSuperhafen\u201c bezeichnet wurden, f\u00fchrten bis in die 1970er Jahre zur Verlegung der zentralen Docks, mit Ausnahme der Restanlagen in Zorroza. Heute z\u00e4hlt Bilbao zu den f\u00fcnf gr\u00f6\u00dften Handelsh\u00e4fen Spaniens. Es bietet \u00fcber 200 Liniendienste zu 500 Zielen weltweit und schlug 2009 \u00fcber 31 Millionen Tonnen Fracht um \u2013 haupts\u00e4chlich f\u00fcr Russland, Gro\u00dfbritannien, die Niederlande und die nordischen M\u00e4rkte bestimmt. Damit sichert Bilbao fast 10.000 Menschen ihren Lebensunterhalt und tr\u00e4gt 419 Millionen Euro zum baskischen BIP bei.<\/p>\n<p>Der Tourismus, der urspr\u00fcnglich durch die Eisenbahnverbindung zum Strand Las Arenas in Getxo im Jahr 1872 ins Leben gerufen wurde, erhielt erst mit der Ankunft des Guggenheim einen echten Aufschwung. Die Besucherzahlen stiegen exponentiell von lediglich 25.000 im Jahr 1995 auf \u00fcber 932.000 im Jahr 2018, wodurch Bilbao \u2013 noch vor San Sebasti\u00e1n \u2013 zum beliebtesten Reiseziel des Baskenlandes wurde und 31 Prozent des regionalen Touristenaufkommens ausmacht. Es \u00fcberwiegen inl\u00e4ndische Reisende, die vor allem aus Madrid und Katalonien anreisen, w\u00e4hrend der internationale Tourismus haupts\u00e4chlich aus franz\u00f6sischen G\u00e4sten und in geringerem Ma\u00dfe aus Briten, Deutschen und Italienern besteht. Die j\u00e4hrlichen Einnahmen aus dem Tourismus belaufen sich auf ca. 300 Millionen Euro, aufgestockt durch ein florierendes Kongressgesch\u00e4ft, dessen tragende S\u00e4ulen das Euskalduna-Zentrum und das Bilbao Exhibition Centre in Barakaldo sind.<\/p>\n<p>Das Stadtbild von Bilbao offenbart ein Palimpsest architektonischer Epochen: gotische \u00dcberreste in der St.-Jakobs-Kathedrale und der Kirche San Ant\u00f3n in der Altstadt; neugotische und Art-d\u00e9co-Elemente; modernistische Jugendstillinien; und die charakteristischen zeitgen\u00f6ssischen Interventionen von Gehry, Foster, Starck, Isozaki, Pelli und Hadid. Innerhalb der Stadtgrenzen \u00fcberqueren siebzehn Br\u00fccken die M\u00fcndung des Nervi\u00f3n und jede einzelne verk\u00f6rpert ein eigenes St\u00fcck Ingenieurskunst: die von Calatrava entworfene Zubizuri (die \u201ewei\u00dfe Br\u00fccke\u201c, er\u00f6ffnet 1997); die Prinzen-von-Spanien-Br\u00fccke (\u201eLa Salve\u201c, 1972, sp\u00e4ter neu gestaltet von Daniel Buren); die Klappbr\u00fccke Deusto (1936), die der Michigan Avenue Bridge in Chicago nachempfunden ist; und die weltweit erste Schwebef\u00e4hre in Portugalete (1890\u20131893), die dem Einfallsreichtum von Alberto Palacio entsprang.<\/p>\n<p>Gr\u00fcnfl\u00e4chen bilden einen markanten Kontrapunkt zu den industriellen \u00dcberresten der Stadt: Achtzehn st\u00e4dtische Parks mit einer Fl\u00e4che von 200 Hektar, erg\u00e4nzt durch einen 1.025 Hektar gro\u00dfen Gr\u00fcng\u00fcrtel, von dem 119 Hektar urbanisiert sind. Der Do\u00f1a Casilda Iturrizar Park \u2013 ein 8,5 Hektar gro\u00dfer englischer Garten, der von Ricardo Bastida entworfen und 1907 er\u00f6ffnet wurde \u2013 verf\u00fcgt \u00fcber einen tanzenden Springbrunnen und eine Wasservogelfauna, die ihm den lokalen Spitznamen \u201eEntenpark\u201c eingebracht haben. Der Etxeberria Park in Ibaiondo hingegen erstreckt sich \u00fcber das Gel\u00e4nde eines ehemaligen Stahlwerks und bewahrt dessen Schornstein als Hommage an Bilbaos metallurgische Vergangenheit. Freifl\u00e4chen in der Umgebung wie der Berg Cobetas (18,5 ha), der Larreagaburu (12 ha), der Europa-Park, der Miribilla-Park und der drei Kilometer lange Memorial Walkway \u2013 eine von zw\u00f6lf Meter hohen Lampen beleuchtete Promenade entlang der Flussm\u00fcndung \u2013 unterstreichen das Engagement der Stadt f\u00fcr barrierefreie Freizeitgestaltung. Die Standseilbahn auf den Berg Artxanda bringt Besucher zu Panoramaaussichten und Freizeiteinrichtungen; s\u00fcdlich davon lockt der seit 2007 unter Naturschutz stehende Pagasarri Wanderer an, die seit den 1870er Jahren seine H\u00e4nge entlangwandern.<\/p>\n<p>In kultureller Hinsicht zeugen Bilbaos Ernennung zur UNESCO-\u201eStadt des Designs\u201c im Jahr 2014 und die Aufnahme in das Creative Cities Network von der Verschmelzung von Tradition und Innovation. Die Gastronomie dreht sich um die F\u00fclle der Flussm\u00fcndung \u2013 Aal, Kabeljau, Seehecht, Tintenfisch und Rinderschnauzen \u2013, die in typischen Gerichten wie Bacalao al Pil-Pil, Bacalao a la Vizca\u00edna, Merluza en Salsa Verde und Chipirones en su Tinta verarbeitet werden; s\u00fc\u00dfe Abschl\u00fcsse sind Canutillos de Bilbao, Pantxineta und Reiskuchen. Das gesellige Ritual der Pintxos \u2013 kleine, mit Zahnstochern auf Brotscheiben arrangierte Brotscheiben \u2013 ist neben Rabas, spanischen Tortillas, gef\u00fcllten Champignons (Txampis), Tri\u00e1ngulos und Gildas ein zentraler Bestandteil der baskischen Geselligkeit.<\/p>\n<p>Verkehrsadern verlaufen strahlenf\u00f6rmig vom Stadtkern Bilbaos aus, angefangen mit der Gran V\u00eda de Don Diego L\u00f3pez de Haro, die das Finanzviertel von Abando durchschneidet und Casco Viejo mit San Mam\u00e9s verbindet; die Avenida Sabino Arana und Juan Antonio Zunzunegui leiten den Verkehr zu den Randautobahnen; die Calle Autonom\u00eda verl\u00e4uft in Ost-West-Richtung durch die s\u00fcdlichen Bezirke; und vierzehn Br\u00fccken \u00fcberkreuzen die M\u00fcndung und den Lauf des Flusses Kadagua. Das Stra\u00dfennetz verbindet die Stadt mit der Iberischen Halbinsel und dar\u00fcber hinaus: die Autobahn A-8 (K\u00fcstenautobahn E70) nach Santander, Gij\u00f3n und Bordeaux; die mautpflichtige Stra\u00dfe AP-8 ostw\u00e4rts nach San Sebasti\u00e1n und an die franz\u00f6sische Grenze; \u200b\u200bdie AP-68 (E804) nach Vitoria-Gasteiz, Logro\u00f1o und Saragossa; Nebenverkehrsadern wie N-634, BI-631, BI-626, BI-625 und N-637 vervollst\u00e4ndigen das terrestrische Gitter.<\/p>\n<p>Der 1948 er\u00f6ffnete und im Jahr 2000 von Calatrava neu konzipierte Flughafen Bilbao (BIO) ist das wichtigste Drehkreuz der Nordk\u00fcste. 2018 fertigte er \u00fcber 5,4 Millionen Passagiere von zwanzig Fluggesellschaften ab \u2013 darunter Iberia, Lufthansa und TAP Portugal \u2013 und bietet Verbindungen nach London, Frankfurt, M\u00fcnchen, Madrid, Barcelona, \u200b\u200bM\u00e1laga, Paris, Br\u00fcssel und Amsterdam. Ein langwieriger Ausbauplan, der 2009 zur Verdoppelung der Kapazit\u00e4ten konzipiert wurde, wartete auf die wirtschaftliche Erholung, bevor der erste Spatenstich erfolgte. Billigflieger wie Ryanair sind auf den 59 Kilometer s\u00fcdlich gelegenen Flughafen Vitoria angewiesen.<\/p>\n<p>Das Schienennetz teilt sich auf in die von Adif betriebenen Renfe-Linien \u2013 mit Schwerpunkt Bilbao\u2013Abando, mit Fernz\u00fcgen der Alvia und Intercity-Z\u00fcgen nach Madrid, Barcelona und Vigo sowie f\u00fcnf Schmalspurverbindungen ab Bilbao\u2013Concordia \u2013 und die baskischen Euskotren-Strecken ab Bilbao\u2013Atxuri und Zazpikaleak\/Casco Viejo, die Durango, Eibar, San Sebasti\u00e1n und Bermeo bedienen. Der geplante Hochgeschwindigkeitskorridor Basque Y, dessen Fertigstellung nach 2023 geplant ist, wird die derzeitige Infrastruktur durch eine unterirdische Verbindung ersetzen. Die 1995 er\u00f6ffneten U-Bahn-Linien 1 und 2 verlaufen entlang der Flussm\u00fcndung und erstrecken sich von Etxebarri nach Plentzia und Santurtzi; Linie 3, die seit April 2017 zu Euskotren geh\u00f6rt, sieht eine Flughafenverl\u00e4ngerung vor; die Linien 4 und 5 werden noch gepr\u00fcft. Die Stra\u00dfenbahn, die 2002 nach vier Jahrzehnten wieder in Betrieb genommen wurde, verl\u00e4uft entlang der M\u00fcndung, w\u00e4hrend vier Cercan\u00edas-Linien und eine Renfe-Pendlerstrecke die Metropolregionen zus\u00e4tzlich anbinden. Die Flotten von Bilbobus und Bizkaibus decken das st\u00e4dtische und regionale Busnetz ab \u2013 28 Stadtlinien, acht Mikrobuslinien und acht n\u00e4chtliche Gautxori-Linien, erg\u00e4nzt durch \u00fcber hundert \u00dcberlandverbindungen \u2013 und sorgen so daf\u00fcr, dass selbst die entlegensten T\u00e4ler t\u00e4glich mit dem Herzschlag Bilbaos verbunden bleiben.<\/p>\n<p>Ein Service von Brittany Ferries von Santurtzi nach Portsmouth und die Bilbao-Abfahrten der MV Cap Finist\u00e8re zeugen von der anhaltenden maritimen Anbindung der Stadt, selbst als historische F\u00e4hren wie die Pride of Bilbao von P&amp;O im Jahr 2010 au\u00dfer Dienst gestellt wurden. Innerhalb dieses Verkehrsnetzes verbringt der Pendler in Bilbao durchschnittlich 35 Minuten t\u00e4glich mit \u00f6ffentlichen Verkehrsmitteln, wartet sieben Minuten an den Haltestellen und legt eine durchschnittliche Fahrstrecke von 6,9 Kilometern zur\u00fcck \u2013 Statistiken, die sowohl die Effizienz des Netzwerks als auch die Kompaktheit der Stadt unterstreichen.<\/p>\n<p>Der Athletic Club Bilbao verk\u00f6rpert mit seiner jahrhundertelangen Tradition, ausschlie\u00dflich baskische Spieler aufzustellen, regionale Identit\u00e4t und nationalistische Gef\u00fchle. Als eine der erfolgreichsten Fu\u00dfballinstitutionen Spaniens beheimatet er das San Mam\u00e9s-Stadion \u2013 die \u201eKathedrale\u201c des Fu\u00dfballs \u2013, wo Leidenschaft und Tradition verschmelzen.<\/p>\n<p>Bilbaos urbane Metamorphose hat internationale Anerkennung gefunden: den Lee Kuan Yew World City Prize im Mai 2010 (verliehen im Juni 2010), den World Mayor Prize 2012, der B\u00fcrgermeister I\u00f1aki Azkuna im Januar 2013 verliehen wurde, und die Auszeichnung als Beste Stadt Europas 2018 durch die Academy of Urbanism im November 2017. Diese Ehrungen unterstreichen eine Geschichte der Widerstandsf\u00e4higkeit und Erneuerung, die Bilbaos Stra\u00dfen, seine kulturellen Veranstaltungsorte, seine Ufer des Nervi\u00f3n und das allt\u00e4gliche Leben seiner B\u00fcrger weiterhin belebt \u2013 alles Zeugnisse einer Stadt, die, lange Zeit aus Eisen und Industrie geschmiedet, heute auf den beiden S\u00e4ulen Kreativit\u00e4t und Stadtpflege ruht.<\/p>","protected":false},"excerpt":{"rendered":"<p>Bilbao, die gr\u00f6\u00dfte Stadt in Biskaya und im Baskenland, ist ein bedeutendes urbanes Zentrum in Nordspanien. Die Stadt ist die neuntgr\u00f6\u00dfte Spaniens und die bev\u00f6lkerungsreichste im Norden; im Jahr 2023 hatte sie \u00fcber 347.000 Einwohner. Mit 1.037.847 Einwohnern ist die Metropolregion Bilbao die gr\u00f6\u00dfte st\u00e4dtische Ballungszone Nordspaniens. Mit 875.552 Einwohnern belegt die Comarca Gro\u00df-Bilbao den f\u00fcnften Platz unter den st\u00e4dtischen Gebieten des Landes. Als wichtigstes Ballungszentrum im Gro\u00dfbaskenland hat Bilbao eine gro\u00dfe Ausstrahlung \u00fcber sein unmittelbares Umland hinaus.<\/p>","protected":false},"author":1,"featured_media":2844,"parent":13090,"menu_order":0,"comment_status":"closed","ping_status":"closed","template":"elementor_theme","meta":{"_eb_attr":"","footnotes":""},"class_list":["post-13276","page","type-page","status-publish","has-post-thumbnail"],"_links":{"self":[{"href":"https:\/\/travelshelper.com\/de\/wp-json\/wp\/v2\/pages\/13276","targetHints":{"allow":["GET"]}}],"collection":[{"href":"https:\/\/travelshelper.com\/de\/wp-json\/wp\/v2\/pages"}],"about":[{"href":"https:\/\/travelshelper.com\/de\/wp-json\/wp\/v2\/types\/page"}],"author":[{"embeddable":true,"href":"https:\/\/travelshelper.com\/de\/wp-json\/wp\/v2\/users\/1"}],"replies":[{"embeddable":true,"href":"https:\/\/travelshelper.com\/de\/wp-json\/wp\/v2\/comments?post=13276"}],"version-history":[{"count":0,"href":"https:\/\/travelshelper.com\/de\/wp-json\/wp\/v2\/pages\/13276\/revisions"}],"up":[{"embeddable":true,"href":"https:\/\/travelshelper.com\/de\/wp-json\/wp\/v2\/pages\/13090"}],"wp:featuredmedia":[{"embeddable":true,"href":"https:\/\/travelshelper.com\/de\/wp-json\/wp\/v2\/media\/2844"}],"wp:attachment":[{"href":"https:\/\/travelshelper.com\/de\/wp-json\/wp\/v2\/media?parent=13276"}],"curies":[{"name":"wp","href":"https:\/\/api.w.org\/{rel}","templated":true}]}}