{"id":13266,"date":"2024-09-17T15:24:30","date_gmt":"2024-09-17T15:24:30","guid":{"rendered":"https:\/\/travelshelper.com\/staging\/?page_id=13266"},"modified":"2026-03-12T23:23:08","modified_gmt":"2026-03-12T23:23:08","slug":"cordoba","status":"publish","type":"page","link":"https:\/\/travelshelper.com\/de\/destinations\/europe\/spain\/cordoba\/","title":{"rendered":"C\u00f3rdoba"},"content":{"rendered":"<p>C\u00f3rdoba, die drittgr\u00f6\u00dfte Gemeinde Andalusiens, erstreckt sich \u00fcber eine Fl\u00e4che von 1.254,25 km\u00b2 am rechten Ufer des Guadalquivir im s\u00fcdlichen Teil der Iberischen Halbinsel. Die im fr\u00fchen 1. Jahrhundert v. Chr. als r\u00f6mische Kolonie gegr\u00fcndete Stadt ist von der westgotischen Hegemonie und danach \u2013 ab dem 8. Jahrhundert \u2013 vom Emirat und Kalifat der Umayyaden gepr\u00e4gt, die sie zu einem herausragenden Zentrum der Bildung und Regierung in ganz al-Andalus machten. Mit einer durchschnittlichen Sommertemperatur von 37 \u00b0C ist das Klima durch extreme Temperaturen gepr\u00e4gt. Die milden Winter, unterbrochen von Winterst\u00fcrmen vom Atlantik, erhalten jedoch ein gr\u00fcnes Mosaik entlang des Flusses und der umliegenden Campi\u00f1a, den steilen Abh\u00e4ngen der Sierra und den sanften H\u00fcgeln ihrer Flussterrassen.<\/p>\n<p>Die fr\u00fchesten \u00dcberreste C\u00f3rdobas sind die R\u00f6mische Br\u00fccke, die unter Augustus in Auftrag gegeben und im 8. Jahrhundert erneuert wurde. Diese 250 Meter lange Br\u00fccke mit sechzehn B\u00f6gen war zwei Jahrtausende lang der einzige \u00dcbergang der Stadt. In der N\u00e4he befinden sich das Mausoleum am Paseo de la Victoria, das Teatro Romano und die \u00dcberreste des Forum Adiectum und des Palastes von Maximian \u2013 stumme Zeugnisse imperialer Ambitionen. Die westgotische Herrschaft hinterlie\u00df weniger greifbare Relikte, doch der \u00dcbergang zur islamischen Souver\u00e4nit\u00e4t im Jahr 711 n. Chr. brachte ein architektonisches Meisterwerk hervor, das im Westen seinesgleichen sucht. Zwischen 784 und 786 n. Chr. legte Abd ar-Rahman I. den Grundstein f\u00fcr die Gro\u00dfe Moschee, die durch sukzessive umayyadische Erweiterungen \u2013 darunter eine Erweiterung im 10. Jahrhundert, bei der der ber\u00fchmte Mihrab und eine reich verzierte Gebetshalle hinzugef\u00fcgt wurden \u2013 jahrhundertelang die drittgr\u00f6\u00dfte Moschee der Welt war. Die Hufeisenb\u00f6gen und ineinander verschlungenen Arkaden, die von r\u00f6mischen und westgotischen Vorbildern durchzogen sind, st\u00fctzen heute das gew\u00f6lbte Mittelschiff der Kathedrale, ein Palimpsest, das im 16. Jahrhundert geweiht wurde, dessen gewaltige S\u00e4ulenhalle jedoch erhalten geblieben ist und das 1984 zum UNESCO-Weltkulturerbe erkl\u00e4rt wurde.<\/p>\n<p>Jenseits der Mezquita entfaltet sich C\u00f3rdobas islamisches Erbe im schlanken Minarett von San Juan \u2013 dessen doppelte Hufeisenbogenfenster den Standort einer verlorenen Moschee markieren \u2013 sowie entlang des Flussufers, wo Wasserm\u00fchlen wie Albolafia und Lope Garc\u00eda vom hydraulischen Einfallsreichtum aufeinanderfolgender Epochen zeugen. Der befestigte Calahorra-Turm, der den Almohaden zugeschrieben wird, umrahmt das s\u00fcdliche Ende der R\u00f6mischen Br\u00fccke und beherbergt heute das Museo Vivo de Al-Andalus, eine Schatzkammer des kulturellen Ged\u00e4chtnisses. Neben dem Alc\u00e1zar de los Reyes Cristianos, selbst ein Ort der Inquisition und einstige k\u00f6nigliche Residenz, liegen die Kalifenb\u00e4der, ein teilweise rekonstruiertes Hammam, dessen B\u00e4der aus dem 10. Jahrhundert heute die rituelle Pr\u00e4zision des islamischen Alltagslebens vermitteln.<\/p>\n<p>Am Stadtrand erhebt sich Madinat al-Zahra aus dem niedrigen Buschland \u2013 seine Palaststadt, die im 10. Jahrhundert begonnen und seit 1911 ausgegraben wurde \u2013 und die politischen und \u00e4sthetischen Ambitionen des Kalifenhofes widerspiegelt. Im historischen Zentrum laufen enge Gassen in der Juder\u00eda zusammen, dem ehemaligen j\u00fcdischen Viertel, dessen unregelm\u00e4\u00dfiger Grundriss die Synagoge von 1315 und die Casa de Sefarad beherbergt \u2013 Schaupl\u00e4tze des komplexen Zusammenlebens der Religionen bis zur Reconquista im 13. Jahrhundert. Nach der Eroberung durch K\u00f6nig Ferdinand III. im Jahr 1236 wurde C\u00f3rdoba als Oberhaupt des gleichnamigen K\u00f6nigreichs in die Krone von Kastilien eingegliedert, und die zw\u00f6lf in den zur\u00fcckeroberten Barrios in Auftrag gegebenen Kirchen \u2013 darunter Santa Marina de Aguas Santas, San Nicol\u00e1s de la Villa und San Miguel \u2013 dienten sowohl kirchlichen als auch kommunalen Funktionen. Ihre Fassaden vereinen romanische, Mud\u00e9jar- und gotische Motive.<\/p>\n<p>Der christliche Einfluss zeigt sich auch in den erhaltenen Toren der r\u00f6mischen Mauern: Puerta de Almod\u00f3var, Puerta de Sevilla und Puerta del Puente, flankiert vom Torre de la Malmuerta und dem Torre de Bel\u00e9n. Im s\u00fcdlichen Teil der Altstadt befindet sich auf der Plaza del Potro die Posada del Potro \u2013 verewigt in Cervantes&#039; Don Quijote \u2013, w\u00e4hrend sich der Arco del Portillo \u00fcber ein Portal aus dem 14. Jahrhundert w\u00f6lbt. Die G\u00e4rten des Alc\u00e1zar, die k\u00f6niglichen Stallungen mit andalusischen Stuten und die palastartigen Residenzen Viana und Merced erinnern an C\u00f3rdobas aristokratischen Prunk, w\u00e4hrend weniger bekannte Durchgangsstra\u00dfen wie die Cuesta del Bail\u00edo Einblicke in die vertikale Schichtung der Stadt gew\u00e4hren.<\/p>\n<p>Skulpturale Denkm\u00e4ler pr\u00e4gen \u00f6ffentliche R\u00e4ume: Zehn Triumphe des Heiligen Raphael erinnern auf Br\u00fccken und Pl\u00e4tzen an die Pr\u00e4senz des himmlischen Besch\u00fctzers; auf der Plaza de las Tendillas steht die Reiterstatue von Gonzalo Fern\u00e1ndez de C\u00f3rdoba; nahe der Puerta de la Luna und der Puerta de Almod\u00f3var zeugen Statuen von Averroes und Seneca von der intellektuellen Herkunft der Stadt; und in den G\u00e4rten des Alc\u00e1zar ehren Denkm\u00e4ler die Katholischen K\u00f6nige und Kolumbus. Entlang des Guadalquivir verk\u00f6rpern die Insel der Skulpturen und der \u201eHombre R\u00edo\u201c einen zeitgen\u00f6ssischen Dialog zwischen Kunst und Wasser und ver\u00e4ndern mit der Str\u00f6mung subtil ihre Ausrichtung.<\/p>\n<p>Dar\u00fcber hinaus sind die Br\u00fccken von C\u00f3rdoba ein Zeugnis moderner Ingenieurskunst: Die am 29. April 1953 eingeweihte Br\u00fccke San Rafael hat eine L\u00e4nge von 217 Metern in acht 25 Meter langen B\u00f6gen; die H\u00e4ngebr\u00fccke Ponte Andaluc\u00eda und die rostfarbene Puente de Miraflores (2003) trennen den Auto- und Fu\u00dfg\u00e4ngerverkehr; die Br\u00fccke Autov\u00eda del Sur und die Br\u00fccke Abbas Ibn Firnas \u2013 im Januar 2011 als Teil der Westumgehung er\u00f6ffnet \u2013 verbessern die Konnektivit\u00e4t; und die Puente del Arenal verbindet den Campo de la Verdad mit dem Recinto Ferial.<\/p>\n<p>Die Gr\u00fcnfl\u00e4chen der Stadt bringen den Dialog zwischen gebauter Form und Natur zum Ausdruck: Die Jardines de la Victoria grenzen an modernistische Brunnen und die Pergola des Duque de Rivas; die Jardines de la Agricultura liegen rund um den Ententeich und einen kunstvoll angelegten Rosengarten, obwohl es keine dichten Formschnitt-Labyrinthe gibt; der Parque de Miraflores f\u00e4llt terrassenf\u00f6rmig zu den Br\u00fccken Salam und Miraflores ab; der Parque Cruz Conde entfaltet sich als offene, barrierefreie Fl\u00e4che im Stil eines englischen Gartens; der Paseo de C\u00f3rdoba, der \u00fcber vergrabenen Gleisen verl\u00e4uft, erstreckt sich durch Brunnen \u2013 von denen einige \u00fcber mehrstufige Becken herabst\u00fcrzen \u2013 und bezieht den ehemaligen RENFE-Bahnhof mit ein; die Jardines Juan Carlos I und die Jardines del Conde de Vallellano umschlie\u00dfen Teiche, arch\u00e4ologische \u00dcberreste und r\u00f6mische Zisternen; der Parque de la Asomadilla ist mit 27 Hektar der zweitgr\u00f6\u00dfte Stadtpark Andalusiens; und die Sotos de la Albolafia, ein 21,36 Hektar gro\u00dfes Naturdenkmal, bieten der Zugvogelwelt entlang des Flusses Schutz.<\/p>\n<p>Zu den Museen C\u00f3rdobas z\u00e4hlt das Arch\u00e4ologische und Ethnologische Museum, das seit 1960 im Renaissance-Palast P\u00e1ez de Castillo untergebracht ist und die menschliche Pr\u00e4senz von der Bronzezeit bis zur islamischen Kultur verfolgt. Das Julio Romero de Torres-Museum bewahrt das Oeuvre des Malers in seinem Wohnsitz am Flussufer auf. Das Museum der Sch\u00f6nen K\u00fcnste, einst das Hospital der N\u00e4chstenliebe, pr\u00e4sentiert Werke vom Barock bis zur Moderne. Das Di\u00f6zesanmuseum, das im Bischofspalast untergebracht ist (der selbst auf einem umayyadischen Alc\u00e1zar errichtet wurde), stellt kirchliche Kunst und Mobiliar aus. Und der Komplex der Kalifenb\u00e4der bietet arch\u00e4ologische Einblicke in die Baderituale des 10. Jahrhunderts.<\/p>\n<p>Der kulturelle Rhythmus erreicht im Mai seinen H\u00f6hepunkt, wenn C\u00f3rdoba drei aufeinanderfolgende Festivals veranstaltet, die Pl\u00e4tze und Innenh\u00f6fe mit Blumen und Musik beleben: Las Cruces de Mayo, bei dem drei Meter hohe, mit Bl\u00fcten geschm\u00fcckte Kreuze den Mittelpunkt von Blumenwettbewerben und geselligen Zusammenk\u00fcnften bilden; Los Patios de C\u00f3rdoba, bei dem private Innenh\u00f6fe f\u00fcr die \u00d6ffentlichkeit zug\u00e4nglich gemacht werden und nach architektonischem Wert und Gartenkunst bewertet werden (eine Auszeichnung, die zum immateriellen Kulturerbe der UNESCO z\u00e4hlt); und La Feria de C\u00f3rdoba, ein Jahrmarkt, der seinem sevillanischen Pendant \u00e4hnelt, sich jedoch durch \u00fcberwiegend \u00f6ffentliche Casetas auszeichnet. Die Verf\u00fcgbarkeit von Unterk\u00fcnften nimmt dramatisch ab, was die Intensit\u00e4t der Pilgerfahrten \u2013 sowohl weltlicher als auch wissenschaftlicher \u2013 in diese Stadt mit ihrem reichen Kulturerbe widerspiegelt.<\/p>\n<p>Dank seiner modernen Verkehrsinfrastruktur bleibt C\u00f3rdoba ein zentraler Knotenpunkt: Der Hochgeschwindigkeitszug AVE verbindet die Stadt mit Madrid, Barcelona, \u200b\u200bSevilla, M\u00e1laga und Saragossa. Vom Bahnhof C\u00f3rdoba fahren t\u00e4glich \u00fcber zwanzig Z\u00fcge in 54 Minuten nach M\u00e1laga Mar\u00eda Zambrano und erleichtern so die Weiterreise entlang der Costa del Sol. Obwohl vom eigenen Flughafen keine kommerziellen Fl\u00fcge abgewickelt werden, ist die Stadt gut erreichbar \u2013 Sevilla ist 110 km, Granada 118 km und M\u00e1laga 136 km entfernt. Die Autobahnen A-45 und A-4 binden C\u00f3rdoba an das andalusische und portugiesische Verkehrsnetz an. Und der benachbarte Intercity-Busbahnhof erweitert die Reichweite weniger schneller, aber wirtschaftlicherer Verbindungen \u00fcber die ganze Halbinsel.<\/p>\n<p>C\u00f3rdoba ist eine vielschichtige Chronik \u2013 ihr r\u00f6misches Stadtbild ist durchdrungen von westgotischen Relikten, \u00fcberlagert von umayyadischer architektonischer K\u00fchnheit und gebrochen durch kastilische und moderne Formen. Die extremen Temperaturen der Stadt, gepr\u00e4gt durch ihre Lage in der Guadalquivir-Senke und ihre N\u00e4he zur Sierra Morena und zum Penib\u00e4tischen Gebirge, kontrastieren mit dem stetigen Flusslauf und der kultivierten Ruhe ihrer G\u00e4rten. Von den Kolonnaden der Gro\u00dfen Moschee bis zu den verstreuten Statuen von Dichtern, Philosophen und Heiligen; von den mit Fresken verzierten Pal\u00e4sten bis zum gelassenen Rhythmus ihrer Callejas; von den sonnenverbrannten Innenh\u00f6fen im Mai bis zur k\u00fchlenden Brise des Flusses \u2013 C\u00f3rdoba ist zugleich ein Zeugnis der longue dur\u00e9e der mediterranen Zivilisation und ein lebendiges Zeugnis kontinuierlicher kultureller Synthese. Seine Geschichte \u2013 verwurzelt in der Antike, neu aufgelegt unter Kalifen und christlichen Monarchen und in der Gegenwart mit neuem Leben erf\u00fcllt \u2013 ist eine dauerhafte Einladung zu wissenschaftlicher Beobachtung und subtilem Staunen.<\/p>","protected":false},"excerpt":{"rendered":"<p>C\u00f3rdoba, eine Stadt mit reichem historischen und kulturellen Erbe, liegt in der spanischen Zentralregion Andalusiens. Mit rund 325.000 Einwohnern ist sie die drittgr\u00f6\u00dfte Gemeinde Andalusiens und Sitz der gleichnamigen Provinz. Urspr\u00fcnglich gr\u00f6\u00dftenteils am rechten Ufer des Guadalquivir im S\u00fcden der Iberischen Halbinsel gelegen, hat diese historische Stadt den Aufstieg und Untergang vieler Zivilisationen miterlebt, die ihre Umgebung und ihren Charakter ma\u00dfgeblich gepr\u00e4gt haben.<\/p>","protected":false},"author":1,"featured_media":3242,"parent":13090,"menu_order":0,"comment_status":"closed","ping_status":"closed","template":"elementor_theme","meta":{"_eb_attr":"","footnotes":""},"class_list":["post-13266","page","type-page","status-publish","has-post-thumbnail"],"_links":{"self":[{"href":"https:\/\/travelshelper.com\/de\/wp-json\/wp\/v2\/pages\/13266","targetHints":{"allow":["GET"]}}],"collection":[{"href":"https:\/\/travelshelper.com\/de\/wp-json\/wp\/v2\/pages"}],"about":[{"href":"https:\/\/travelshelper.com\/de\/wp-json\/wp\/v2\/types\/page"}],"author":[{"embeddable":true,"href":"https:\/\/travelshelper.com\/de\/wp-json\/wp\/v2\/users\/1"}],"replies":[{"embeddable":true,"href":"https:\/\/travelshelper.com\/de\/wp-json\/wp\/v2\/comments?post=13266"}],"version-history":[{"count":0,"href":"https:\/\/travelshelper.com\/de\/wp-json\/wp\/v2\/pages\/13266\/revisions"}],"up":[{"embeddable":true,"href":"https:\/\/travelshelper.com\/de\/wp-json\/wp\/v2\/pages\/13090"}],"wp:featuredmedia":[{"embeddable":true,"href":"https:\/\/travelshelper.com\/de\/wp-json\/wp\/v2\/media\/3242"}],"wp:attachment":[{"href":"https:\/\/travelshelper.com\/de\/wp-json\/wp\/v2\/media?parent=13266"}],"curies":[{"name":"wp","href":"https:\/\/api.w.org\/{rel}","templated":true}]}}