{"id":13214,"date":"2024-09-17T14:44:43","date_gmt":"2024-09-17T14:44:43","guid":{"rendered":"https:\/\/travelshelper.com\/staging\/?page_id=13214"},"modified":"2026-03-12T23:40:22","modified_gmt":"2026-03-12T23:40:22","slug":"teneriffa","status":"publish","type":"page","link":"https:\/\/travelshelper.com\/de\/destinations\/europe\/spain\/tenerife\/","title":{"rendered":"Teneriffa"},"content":{"rendered":"<p>Teneriffa, die gr\u00f6\u00dfte Landmasse der spanischen Region Makaronesien, umfasst 2.034,38 Quadratkilometer vulkanischen Terrains und beherbergte im April 2025 eine Wohnbev\u00f6lkerung von 965.575 Personen. Als westlichste Insel des Kanarischen Archipels und etwa 300 Kilometer westlich der marokkanischen Atlantikk\u00fcste gelegen, verf\u00fcgt sie unter ihren Nachbarinseln sowohl \u00fcber die gr\u00f6\u00dfte Bev\u00f6lkerungsdichte als auch Landfl\u00e4che und fungiert zugleich als Dreh- und Angelpunkt des spanischen \u00dcberseegebiets.<\/p>\n<p>Von dem Moment an, in dem man den Hafen von Santa Cruz de Tenerife \u00fcberquert, wird die doppelte Identit\u00e4t der Insel \u2013 teils Metropole, teils raues geologisches Wunder \u2013 deutlich. Santa Cruz ist seit einem k\u00f6niglichen Erlass aus dem Jahr 1927 gemeinsam mit Las Palmas de Gran Canaria die Hauptstadt der Kanarischen Inseln und beherbergt heute das Cabildo Insular, regionale Ministerien und das symboltr\u00e4chtige Auditorio de Tenerife. Dieses wellenf\u00f6rmige Bauwerk, dessen geschwungene Silhouette sowohl an die brechende Flut als auch an die Vulkankuppel des Teide erinnert, ist zu einer architektonischen Chiffre f\u00fcr die modernen Ambitionen des Archipels geworden. Im Gegensatz dazu ist die benachbarte Stadt San Crist\u00f3bal de La Laguna, die 1496 gegr\u00fcndet und aufgrund ihres vollst\u00e4ndig erhaltenen Netzes aus Durchgangsstra\u00dfen aus der Kolonialzeit zum UNESCO-Weltkulturerbe erkl\u00e4rt wurde, ein Beweis f\u00fcr die fr\u00fcheste Sesshaftwerdung der Insel. Dort offenbaren sich bei n\u00e4herem Hinsehen auf den Kopfsteinpflasterstra\u00dfen Fassaden aus behauenem Vulkangestein \u2013 darunter auch die Casa Salazar, ein Geb\u00e4ude, dessen Syntax aus behauenem Felsgestein so beredt ist, dass man meinen k\u00f6nnte, in jedem T\u00fcrsturz und Schlussstein schwingen die Einfl\u00fcsterungen der Konquistadoren des 16. Jahrhunderts mit.<\/p>\n<p>Die akademische Berufung der Insel findet ihren Anker in der Universit\u00e4t von La Laguna, die 1792 als erste Hochschule der Kanaren gegr\u00fcndet wurde. In einer H\u00f6he, wo Passatwolken durch Lorbeerbl\u00e4tter treiben, erklingt ihr Glockenturm \u00fcber dem Rinconada-Tal, und seine Silben hallen durch H\u00f6rs\u00e4le und in die gr\u00fcnen Innenh\u00f6fe. Hier erforschen Wissenschaftler die Komplexit\u00e4t der atlantischen Biogeographie und der vulkanischen Geomorphologie und verbinden jahrhundertealtes lokales Wissen mit moderner Forschung. Obwohl die Studentenschaft \u2013 die zweitgr\u00f6\u00dfte der st\u00e4dtischen Zentren der Insel \u2013 die Stra\u00dfen La Lagunas tags\u00fcber in einen Strom aus Rucks\u00e4cken und Lehrb\u00fcchern verwandelt, zerstreuen sie sich mit der D\u00e4mmerung und hinterlassen auf den ruhigen Pl\u00e4tzen und in den barocken Kirchen der Stadt den ged\u00e4mpften Klang der Antike.<\/p>\n<p>Im Herzen Teneriffas liegt der \u00fcber 2.000 Meter hohe Teide-Nationalpark, der seit 2007 zum UNESCO-Welterbe geh\u00f6rt. Der Teide selbst, ein Schichtvulkan, dessen Fu\u00df bis unter den Atlantik reicht und ihn zum drittgr\u00f6\u00dften Vulkan der Welt macht, erhebt sich 3.715 Meter \u00fcber dem Meeresspiegel \u2013 Spaniens h\u00f6chster Gipfel. Seine mit dunklen Pahoehoe-Str\u00f6men und zersplitterten Schlackenkegeln bedeckten Flanken erstrecken sich in konzentrischen B\u00e4ndern aus Obsidian und Tuffstein \u00fcber Hochebenen, auf denen sich Nachthimmelbeobachter an den f\u00fcr ihre kosmische Sch\u00e4rfe bekannten Observatorien treffen. Hier wird das Sternenlicht nur gelegentlich durch Linsenwolken gefiltert und erm\u00f6glicht Ausblicke auf Jupitermonde, die irdische Sorgen im Vergleich verschwinden lassen.<\/p>\n<p>Am nord\u00f6stlichen Ende der Insel ist das Anaga-Massiv sowohl ein geologisches Relikt als auch ein \u00f6kologischer Schmelztiegel. Seit 2015 UNESCO-Biosph\u00e4renreservat, beherbergt es Europas gr\u00f6\u00dfte Konzentration endemischer Flora und Fauna. Es zeigt Mikrohabitate aus Lorbeerw\u00e4ldern, in denen moosbedeckte Baumst\u00e4mme sich unter ihrem eigenen Gr\u00fcn neigen, und botanische Rarit\u00e4ten \u2013 bunte Orchideen und Farne \u2013 flackern wie gl\u00fchende Glut unter den Wolkenb\u00e4nken in niedrigeren H\u00f6hen. Wer die schmalen Stra\u00dfen des Anaga-Massivs durchquert, nimmt an einer zeitlichen Stratigraphie teil: Felsvorspr\u00fcnge, \u00e4lter als die Salzkrise des Mittelmeers im Messinischen Meer, weichen \u00fcppigen Schluchten, die von B\u00e4chen geformt wurden, die in atlantische Buchten m\u00fcnden, deren Kieselbetten mit H\u00e4matit gef\u00e4rbt sind.<\/p>\n<p>Geologisch entstand Teneriffa vor etwa zw\u00f6lf Millionen Jahren durch unterseeische Eruptionen, seine heutige Form nahm es jedoch erst fast drei Millionen Jahre sp\u00e4ter an, als die drei Protoinseln Anaga, Teno und Valle de San Lorenzo durch erneute vulkanische Eruptionen zusammenwuchsen. Das Gel\u00e4nde tr\u00e4gt noch immer diesen dreigliedrigen Ursprung in seinem strahlenf\u00f6rmigen Netzwerk aus Schluchten und Gebirgsr\u00fccken, die sich oft klimatisch unterschiedlich zwischen Nord und S\u00fcd unterscheiden. Das K\u00fcstengebiet von Santa Cruz beispielsweise sonnt sich unter einem hei\u00dfen, halbtrockenen Regime mit Winterdurchschnittstemperaturen von 18\u201320 \u00b0C und Sommerh\u00f6chsttemperaturen von 24\u201326 \u00b0C; doch nur Dutzende Kilometer landeinw\u00e4rts, an der 600-Meter-Schwelle von La Laguna, verdoppelt sich der j\u00e4hrliche Niederschlag nahezu, und die Durchschnittstemperaturen schwanken zwischen 13 \u00b0C im Januar und 21 \u00b0C im August, gepr\u00e4gt durch die orografischen Konturen der Insel.<\/p>\n<p>Diese klimatischen Unterschiede, die von Passatwinden und dem kalten Kanarenstrom bestimmt werden, f\u00fchren zu einem einzigartigen Ph\u00e4nomen: Man kann auf dem Gipfel des Teide in der schneebedeckten Kruste stehen und am selben Morgen unter der unersch\u00fctterlichen Sonne zum goldenen Sandstrand Playa Fa\u00f1ab\u00e9 hinabsteigen. Die nordwestlichen H\u00e4nge erhalten 73 Prozent des j\u00e4hrlichen Niederschlags \u2013 am intensivsten zwischen 1.000 und 1.200 Metern \u2013 und n\u00e4hren kanarische Kiefernw\u00e4lder, die in Nebelwald-Lorbeerwald \u00fcbergehen. Die s\u00fcd\u00f6stlichen Steilh\u00e4nge hingegen bleiben trocken und beherbergen Buschland und Kakteen, die in der Trockenheit gedeihen.<\/p>\n<p>Demografisch gesehen beherbergt Teneriffa 42,7 Prozent der Bev\u00f6lkerung des Archipels, haupts\u00e4chlich konzentriert auf die Metropolachse Santa Cruz\u2013La Laguna, die einschlie\u00dflich Tegueste und El Rosario 581.947 Einwohner umfasst. Das urbane Kontinuum \u2013 zusammengehalten durch die Tranv\u00eda de Tenerife, eine 2007 er\u00f6ffnete Stadtbahnlinie \u2013 erm\u00f6glicht einen nahtlosen Transit zwischen Hauptstadt und Universit\u00e4tsstadt. Ihre 20 Stationen f\u00fchren durch Vororte und Kultureinrichtungen gleicherma\u00dfen. Erg\u00e4nzt wird dies durch zwei Flugh\u00e4fen: Teneriffa Nord, nahe dem Stadtkern gelegen und haupts\u00e4chlich f\u00fcr Verbindungen zwischen den Inseln und Europa zust\u00e4ndig, und Teneriffa S\u00fcd, gemessen am Passagieraufkommen in Spanien an siebter Stelle, mit Charter- und Linienfl\u00fcgen vom europ\u00e4ischen Festland. Im Jahr 2024 verzeichneten diese Flugh\u00e4fen zusammen 18.457.794 Passagiere und \u00fcbertrafen damit alle anderen Kanarischen Inseln.<\/p>\n<p>Teneriffas Wirtschaftsstruktur mit einem BIP von fast 25 Milliarden Euro und einer Pro-Kopf-Produktion von 26.000 Euro ist \u00fcberwiegend auf Dienstleistungen ausgerichtet \u2013 78 Prozent der Gesamtwertsch\u00f6pfung \u2013, dennoch gibt es noch einen rudiment\u00e4ren Prim\u00e4rsektor (1,98 Prozent), einen aufstrebenden Energiesektor (2,85 Prozent) mit Schwerpunkt auf erneuerbaren Energien, eine wachsende Industriebasis (5,80 Prozent) und eine robuste Bauwirtschaft (11,29 Prozent). Letzterer Sektor finanziert sowohl den Ausbau der Infrastruktur als auch des Gastgewerbes, obwohl ein Moratorium den Bau neuer Hotels auf F\u00fcnf-Sterne-Hotels mit Golf- oder Kongresseinrichtungen beschr\u00e4nkt, um den Massentourismus auf h\u00f6here Standards und Umweltbewusstsein auszurichten.<\/p>\n<p>Der Tourismus selbst bleibt die Lebensader der Insel \u2013 7.384.707 Besucher im Jahr 2024, darunter die meisten aus Gro\u00dfbritannien, Deutschland und den nordischen L\u00e4ndern. Die Resorts im S\u00fcden Teneriffas \u2013 Playa de las Am\u00e9ricas, Los Cristianos und Costa Adeje \u2013 bieten ein abwechslungsreiches, sonnenverw\u00f6hntes Angebot an gro\u00dfz\u00fcgigen Unterk\u00fcnften, Wasserparks wie dem Siam Park, Golfpl\u00e4tzen und Yachth\u00e4fen, die Grindwal-Exkursionen im tiefen Atlantik anbieten. Costa Adeje verf\u00fcgt insbesondere \u00fcber die gr\u00f6\u00dfte Anzahl an F\u00fcnf-Sterne-Hotels Europas und wurde von den World Travel Awards f\u00fcr die Beherbergung Spaniens f\u00fchrender Luxusimmobilie ausgezeichnet. Weiter n\u00f6rdlich pr\u00e4sentiert sich Puerto de la Cruz \u2013 dessen Winterkulisse vom Schnee des Teide bedeckt ist \u2013 noch immer gr\u00fcner und zieht Besucher in den Loro Parque, einen weitl\u00e4ufigen zoologischen Komplex, dessen Ruf durch Vorw\u00fcrfe der Misshandlung von Walen getr\u00fcbt wurde, was zu Boykotten durch gro\u00dfe Reiseb\u00fcros f\u00fchrte.<\/p>\n<p>Der Seeweg zwischen Teneriffa und den Nachbarinseln sowie dem spanischen Festland bleibt \u00fcber F\u00e4hrverbindungen ab Santa Cruz und Los Cristianos m\u00f6glich. Der 2017 er\u00f6ffnete Hafen von Granadilla und der geplante Hafen von Fonsal\u00eda werden die Seekapazit\u00e4t der Insel erweitern. Die Stra\u00dfeninfrastruktur besteht aus zwei radial verlaufenden Autobahnen, der TF1 und der TF5, die die Inselperipherie umrunden, sowie Nebenstra\u00dfen, die durch abgelegene Schluchten f\u00fchren. Eine geplante 20 Kilometer lange Umgehungsstra\u00dfe n\u00f6rdlich des Stadtgebiets, deren Kosten auf 190 Millionen Euro gesch\u00e4tzt werden, hat eine Debatte zwischen Umweltsch\u00fctzern und Wirtschaftsvertretern ausgel\u00f6st.<\/p>\n<p>Innerhalb des \u00f6ffentlichen Nahverkehrsnetzes bedient die moderne Flotte klimatisierter Busse der TITSA st\u00e4dtische Hauptverkehrsstra\u00dfen und Bergp\u00e4sse \u2013 die Linien 355 nach Masca, 247 nach Anaga und saisonale Anstiege (342, 348) zur Teide-Seilbahnstation. Die kontaktlose TenM\u00e1s-Karte erm\u00f6glicht den Anwohnern Fahrpreiserm\u00e4\u00dfigungen und unbegrenzte Fahrten. Taxis verkehren zu regulierten Tarifen, und an beiden Flugh\u00e4fen gibt es Autovermietungen, die es erm\u00f6glichen, abgelegene Bergd\u00f6rfer abseits der Linienverkehre zu erkunden.<\/p>\n<p>Jenseits seiner infrastrukturellen Konturen tr\u00e4gt das kulturelle Mosaik Teneriffas die Spuren seiner Vorfahren, der Guanchen \u2013 ein indigenes H\u00f6hlenvolk, dessen Stufenpyramiden in G\u00fc\u00edmar noch immer stehen, umrahmt von erkl\u00e4renden Ausstellungen, die ihre umstrittene Herkunft erforschen. Ausgrabungen im Barranco de Badajoz haben mumifizierte \u00dcberreste freigelegt, von denen einige im Museum f\u00fcr Natur und Arch\u00e4ologie ruhen, neben Artefakten, die vorspanische Bestattungsriten erhellen. Die spanische Kolonisierung begann 1496 und brachte barocke und koloniale Architekturmotive mit sich, die am deutlichsten in der Fu\u00dfg\u00e4ngerzone von San Crist\u00f3bal de La Laguna zu sehen sind, wo die Kathedrale heute als Aufbewahrungsort religi\u00f6ser Kunst dient und Terrassen wie die Calle San Agust\u00edn den Rhythmus einer l\u00e4ngst verschwundenen Urbanit\u00e4t heraufbeschw\u00f6ren.<\/p>\n<p>Weiter s\u00fcdlich thront die Basilika von Candelaria \u00fcber dem gleichnamigen K\u00fcstenort und zieht j\u00e4hrlich rund 2,5 Millionen Pilger an, die die Schwarze Madonna verehren und im Februar die kunstvollen Prozessionen miterleben \u2013 anl\u00e4sslich der Statuen der neun Guanchen-Menceyes \u2013, die zu den umfangreichsten karnevalesken Spektakeln der Welt z\u00e4hlen. Am Fu\u00dfe des Teide entfaltet La Orotava ein Panorama kolonialer Herrenh\u00e4user, allen voran die Casa de los Balcones, deren geschnitzte Holzgalerien an uralte h\u00e4usliche Rituale erinnern; in der N\u00e4he werden in den Lounges der Casa Lercaro Barraquitos ausgeschenkt, ein mehrschichtiges Kaffeegetr\u00e4nk, das Teneriffas Synkretismus europ\u00e4ischer und lokaler Geschm\u00e4cker verk\u00f6rpert.<\/p>\n<p>Die Freizeitgestaltung auf Teneriffa ist so geplant, dass sie Sto\u00dfzeiten vermeidet. Denn an Wochenenden und Feiertagen tummeln sich Einheimische und Besucher gleicherma\u00dfen an Str\u00e4nden und Hochlandstra\u00dfen und belasten so sowohl die Verkehrs- als auch die Besucherinfrastruktur. Umsichtige Reisende nutzen daher solche Gelegenheiten, um sich in ruhigeren Enklaven auszuruhen, bevor sie sich am Montag wieder den Str\u00f6mungen der Insel anschlie\u00dfen. Die K\u00fcste der Insel verf\u00fcgt zwar nicht \u00fcber reichlich nat\u00fcrlichen Sand, gleicht dies aber mit gepflegten Ufern aus: Playa de las Teresitas in Santa Cruz, erbaut auf goldenen K\u00f6rnern aus der Sahara; Fa\u00f1ab\u00e9 und Torviscas mit ihren Mietliegen und Kies-Sand-\u00dcberg\u00e4ngen; und die abgelegenen Buchten von Los Gigantes, deren Basaltklippen direkt in kristalline Tiefen abfallen.<\/p>\n<p>Unterwasserliebhaber k\u00f6nnen das ganze Jahr \u00fcber Tauchausfl\u00fcge \u2013 lokal als Meereserkundungen bezeichnet \u2013 unternehmen, da die Temperaturen zwischen 18 \u00b0C im Januar und 25 \u00b0C im August schwanken. Das Wrack der El Condesito, das in einer Tiefe zwischen sechs und einundzwanzig Metern vor Las Galletas liegt, ist ein beliebter Ort f\u00fcr Begegnungen mit Trompetenfischen, Rochen und Kraken. In den nahegelegenen Abh\u00e4ngen tummeln sich schwarze Korallen und gro\u00dfe pelagische Fische. Die Sichtweite betr\u00e4gt oft \u00fcber f\u00fcnfunddrei\u00dfig Meter und erm\u00f6glicht so die Beobachtung des Maschinenraums und des Rumpfes des Schiffes, der unter endemischen Sardinenschw\u00e4rmen verborgen liegt.<\/p>\n<p>Zusammenfassend l\u00e4sst sich sagen, dass Teneriffa durch die Kombination aus geologischer Gr\u00f6\u00dfe, klimatischer Heterogenit\u00e4t, kulturellem Palimpsest und infrastruktureller Raffinesse ein Musterbeispiel f\u00fcr Inseldynamik ist. Ob man die pinienbewachsenen H\u00e4nge der Corona Forestal erkundet, Guanchen-Relikte inmitten der Pyramiden eines Ethnoparks verfolgt oder sich der stillen Erhabenheit des Gipfelpanoramas des Teide hingibt, man entdeckt eine Insel, deren Schichten \u2013 vulkanische, pflanzliche, historische und zeitgen\u00f6ssische \u2013 st\u00e4ndig im Dialog stehen und sich gegenseitig in einer fortlaufenden Chronik des Wandels und der Kontinuit\u00e4t beeinflussen.<\/p>","protected":false},"excerpt":{"rendered":"<p>Teneriffa, das Kronjuwel der Kanarischen Inseln, zeugt von menschlichem Erfindungsreichtum und der Erhabenheit der Natur. Die gr\u00f6\u00dfte und bev\u00f6lkerungsreichste Insel Spaniens liegt vor der Nordwestk\u00fcste Afrikas. Mit 948.815 Einwohnern im Januar 2023 machte Teneriffa 42,9 % der Gesamtbev\u00f6lkerung der Kanarischen Inseln aus. Teneriffa ist nicht nur die gr\u00f6\u00dfte Insel der Kanarischen Inseln, sondern mit 2.034,38 Quadratkilometern auch die bev\u00f6lkerungsreichste Insel Spaniens und ganz Makaronesiens.<\/p>","protected":false},"author":1,"featured_media":3311,"parent":13090,"menu_order":0,"comment_status":"closed","ping_status":"closed","template":"elementor_theme","meta":{"_eb_attr":"","footnotes":""},"class_list":["post-13214","page","type-page","status-publish","has-post-thumbnail"],"_links":{"self":[{"href":"https:\/\/travelshelper.com\/de\/wp-json\/wp\/v2\/pages\/13214","targetHints":{"allow":["GET"]}}],"collection":[{"href":"https:\/\/travelshelper.com\/de\/wp-json\/wp\/v2\/pages"}],"about":[{"href":"https:\/\/travelshelper.com\/de\/wp-json\/wp\/v2\/types\/page"}],"author":[{"embeddable":true,"href":"https:\/\/travelshelper.com\/de\/wp-json\/wp\/v2\/users\/1"}],"replies":[{"embeddable":true,"href":"https:\/\/travelshelper.com\/de\/wp-json\/wp\/v2\/comments?post=13214"}],"version-history":[{"count":0,"href":"https:\/\/travelshelper.com\/de\/wp-json\/wp\/v2\/pages\/13214\/revisions"}],"up":[{"embeddable":true,"href":"https:\/\/travelshelper.com\/de\/wp-json\/wp\/v2\/pages\/13090"}],"wp:featuredmedia":[{"embeddable":true,"href":"https:\/\/travelshelper.com\/de\/wp-json\/wp\/v2\/media\/3311"}],"wp:attachment":[{"href":"https:\/\/travelshelper.com\/de\/wp-json\/wp\/v2\/media?parent=13214"}],"curies":[{"name":"wp","href":"https:\/\/api.w.org\/{rel}","templated":true}]}}