{"id":13177,"date":"2024-09-17T13:51:22","date_gmt":"2024-09-17T13:51:22","guid":{"rendered":"https:\/\/travelshelper.com\/staging\/?page_id=13177"},"modified":"2026-03-12T23:41:20","modified_gmt":"2026-03-12T23:41:20","slug":"sierra-nevada","status":"publish","type":"page","link":"https:\/\/travelshelper.com\/de\/destinations\/europe\/spain\/sierra-nevada\/","title":{"rendered":"Sierra Nevada"},"content":{"rendered":"<p>Die Sierra Nevada nimmt eine einzigartige Stellung im S\u00fcden der Iberischen Halbinsel ein: ein ausgedehntes Massiv mit einer L\u00e4nge von fast 80 Kilometern und einer Breite zwischen 15 und 30 Kilometern, das eine Fl\u00e4che von \u00fcber 2.000 Quadratkilometern umfasst. Diese sagenumwobene Bergkette, die sich in den andalusischen Provinzen Granada und Almer\u00eda erhebt, weist ein ununterbrochenes Profil von Gipfeln auf, die \u2013 \u00fcber einen markanten west-s\u00fcdwestlichen bis ost-nord\u00f6stlichen Grat \u2013 den gr\u00f6\u00dften Teil des Jahres schneebedeckt bleiben. Ihren H\u00f6hepunkt erreicht der Mulhac\u00e9n mit 3.479 Metern \u2013 der h\u00f6chste Punkt Spaniens und der Iberischen Halbinsel zugleich. Die h\u00f6chsten Ausl\u00e4ufer der Bergkette bilden einen markanten Kontrapunkt zur sonnenverw\u00f6hnten Mittelmeerk\u00fcste, die nur wenige Dutzend Kilometer entfernt liegt. Dadurch ist die Sierra Nevada ein Reich klimatischer, geologischer und historischer Kontraste, das sowohl wissenschaftliche Aufmerksamkeit als auch poetische Reflexion erfordert.<\/p>\n<p>Von der Antike bis zur Gegenwart waren die H\u00e4nge der Sierra Nevada Zeugen tektonischer Ersch\u00fctterungen und Gletscherbildung. Das Gebirgszugsystem entstand im Terti\u00e4r durch die alpine Orogenese und ist haupts\u00e4chlich durch weiche, glimmerhaltige Schiefer gekennzeichnet, die steil nach Norden abfallen, nach S\u00fcden und S\u00fcdosten jedoch sanfter abfallen. Oberhalb von etwa 2.400 Metern \u2013 einst die Grenze des ganzj\u00e4hrigen Eises bis zum Holoz\u00e4n \u2013 haben uralte Gletscher U-f\u00f6rmige T\u00e4ler geformt und eine Reihe hochgelegener Lagunen hinterlassen, darunter die Laguna de Aguas Verdes und die bescheidenere Laguna de la Mosca. Diese in den s\u00fcdlichen Karen gelegenen Bergseen leiten Schmelzwasser in das Guadalfeo-System, ebenso wie die ehrw\u00fcrdigen Flussadern, die sowohl die Mittelmeer- als auch die Atlantikh\u00e4nge durchqueren: der Genil, der nahe Mulhac\u00e9n entspringt und f\u00fcr das Becken des Guadalquivir von grundlegender Bedeutung ist; die Fl\u00fcsse D\u00farcal und \u00cdzbor, Trev\u00e9lez und Poqueira sowie die Nebenfl\u00fcsse der Fl\u00fcsse Andarax und Adra.<\/p>\n<p>Geografisch wird die Sierra Nevada im Westen durch das Lecr\u00edn-Tal, im S\u00fcden durch das Guadalfeo-Tal, im Norden durch die B\u00e9tica-Senke, im Osten durch den Fluss Nacimiento und im S\u00fcdosten durch das Andarax-Tal begrenzt. Ihre geografischen Koordinaten \u2013 etwa 36\u00b055\u2032 bis 37\u00b015\u2032 n\u00f6rdlicher Breite und 2\u00b056\u2032 bis 3\u00b038\u2032 westlicher L\u00e4nge \u2013 verankern sie fest in der geschichtstr\u00e4chtigen Landschaft Andalusiens. An ihren s\u00fcdlichen Ausl\u00e4ufern liegen die geschichtstr\u00e4chtige Stadt Granada und weiter \u00f6stlich die K\u00fcstenenklaven Motril und Almer\u00eda, deren mediterranes Klima einen dramatischen thermischen Kontrast zu den schneebedeckten H\u00f6hen dar\u00fcber bildet.<\/p>\n<p>Das klimatologische Profil der Sierra Nevada l\u00e4sst sich nicht einfach klassifizieren. Nach dem K\u00f6ppen-System f\u00e4llt das Massiv \u00fcberwiegend in die mediterranen Klimakategorien Csa\/Csb; oberhalb von 2.500 Metern liegen die mittleren Sommertemperaturen jedoch um die 10-\u00b0C-Grenze, was den hohen H\u00e4ngen einen subarktischen Dsc-Charakter verleiht. In etwas niedrigeren Lagen f\u00fchren die kurzen, k\u00fchlen Sommer und geringen Niederschl\u00e4ge zu einem feuchten kontinentalen Dsa\/Dsb-Regime, w\u00e4hrend in noch tieferen Lagen die k\u00fchl-sommerliche mediterrane Form entsteht, die allm\u00e4hlich in die sommerlich-hei\u00dfe Variante der umliegenden Tiefebenen \u00fcbergeht. Die ganzj\u00e4hrige Temperatur in Pradollano \u2013 durchschnittlich 3,9 \u00b0C \u2013 steht in starkem Kontrast zu den 15,7 \u00b0C in Granada und den 18,5 \u00b0C an der K\u00fcste M\u00e1lagas. Die Tagestemperaturen im Sommer und Winter liegen im Resort typischerweise um etwa 12 \u00b0C unter denen der Stadt darunter. Besonders sp\u00e4t beginnt der Fr\u00fchling, da die Tagesh\u00f6chsttemperaturen im Mai im Hochland bei etwa 4 \u00b0C liegen, w\u00e4hrend in Granada Durchschnittstemperaturen von 24 \u00b0C herrschen.<\/p>\n<p>Die wissenschaftliche Forschung hat in diesen H\u00f6henlagen einen bemerkenswerten Zufluchtsort gefunden. Das Sierra-Nevada-Observatorium, das Calar-Alto-Observatorium und das 30-Meter-Teleskop des Instituts f\u00fcr Radioastronomie Millim\u00e9trique (IRAM) liegen an den Nordh\u00e4ngen auf rund 2.800 Metern \u00fcber dem Meeresspiegel. Ihre Teleskop\u00f6ffnungen blicken in kosmische Tiefen, ungehindert vom st\u00e4dtischen Licht und dank der hohen, trockenen Hochebene. Die \u00f6kologische Bedeutung des Massivs ist l\u00e4ngst anerkannt: 1986 erkl\u00e4rte die UNESCO es zum Biosph\u00e4renreservat, und 1989 und 1999 erkl\u00e4rte die spanische Regierung weite Teile zun\u00e4chst zum Naturpark und sp\u00e4ter zum Nationalpark, wodurch insgesamt rund 169.239 Hektar Land gesch\u00fctzt sind.<\/p>\n<p>In diesem Naturschutzgebiet findet sich eine au\u00dfergew\u00f6hnliche Artenvielfalt, die teilweise auf die Isolation des Gebirges und die postglazialen Refugien zur\u00fcckzuf\u00fchren ist. Das spanische Umweltministerium verzeichnet 66 endemische Gef\u00e4\u00dfpflanzenarten \u2013 das entspricht fast einem F\u00fcnftel aller endemischen Arten Europas in diesem Gebirge \u2013 sowie etwa 80 einheimische Tierarten. Die gesamte Gef\u00e4\u00dfflora umfasst etwa 2.100 h\u00f6here Pflanzen und repr\u00e4sentiert ein Viertel des botanischen Reichtums Spaniens. Zum Schutz dieses botanischen Erbes wurden eine Reihe von Schutzeinrichtungen errichtet: der Botanische Garten Cortijuela am Unterhang des Monte Trevenque in 1.600 Metern H\u00f6he, dessen Aufgabe die Vermehrung und Erforschung von etwa 100 gef\u00e4hrdeten oder vom Aussterben bedrohten Arten ist, darunter Pinus sylvestris nevadensis; das Zentrum Hoya de Pedraza (gegr\u00fcndet 2007) auf 1.980 Metern; und der Botanische Universit\u00e4tsgarten Hoya de la Mora, der 1965 auf etwa 2.500 Metern H\u00f6he angelegt wurde und sich ganz der endemischen Flora der Sierra Nevada widmet.<\/p>\n<p>Die menschliche Kultur rund um die Berge offenbart einen Rhythmus aus traditioneller Lebensweise und moderner Erholung. Generationen von Einheimischen bewirtschafteten Terrassenfelder \u2013 Borreguiles-Weidefl\u00e4chen, die sogar \u00fcber 2.000 Meter hoch liegen \u2013 und h\u00fcteten Herden in transhumanten Weiden, die sich an saisonale Almwiesen schmiegten. Landwirtschaftliche Mechanisierung erwies sich an steilen H\u00e4ngen als unm\u00f6glich, sodass das uralte Wissen \u00fcber Bew\u00e4sserungskan\u00e4le sowie Oliven-, Pfirsich- und Mandelhaine erhalten blieb. Dennoch hat in den letzten Jahrzehnten ein sp\u00fcrbarer Wandel hin zum Tourismus stattgefunden, der durch die Schaffung des s\u00fcdlichsten Skigebiets Europas und des h\u00f6chstgelegenen der Iberischen Halbinsel katalysiert wurde. Pradollano, die Urbanisation auf 2.100 Metern H\u00f6he, ist neben den Pyren\u00e4en-Enklaven Andalusiens h\u00f6chstgelegene Siedlung. Seine Skilifte und Pisten ziehen Wintersportler an, die sich auf der Suche nach zuverl\u00e4ssigem Schnee und viel Sonnenschein befinden.<\/p>\n<p>Die Verkehrsgeschichte in den Hochgebirgen ist ebenso bemerkenswert. 1935 wurde eine Autostra\u00dfe zum Gipfel des Veleta er\u00f6ffnet, die als h\u00f6chste befahrbare Stra\u00dfe Spaniens \u2013 und zeitweise auch Europas \u2013 galt, bis der obere Abschnitt von Hoya de la Mora zum Gipfel 1999 f\u00fcr den Autoverkehr gesperrt wurde. Gleichzeitig ist zwischen Juni und Oktober bei sch\u00f6nem Wetter ein saisonaler Hochgebirgs-Interpretationsdienst in Betrieb. Dieser setzt Kleinbusse und F\u00fchrer ein, um Besucher von einem Universit\u00e4tshostel auf 2.500 Metern zur Veleta-Plattform auf 3.100 Metern H\u00f6he zu bringen und Wanderer am S\u00fcdhang von Capileira zum Alto del Chorrillo auf 2.740 Metern H\u00f6he zu bef\u00f6rdern.<\/p>\n<p>Erg\u00e4nzend zum alpinen Skisport bietet Puerto de la Ragua \u2013 auf 2.000 Metern H\u00f6he zwischen den Provinzen Granada und Almer\u00eda gelegen \u2013 Langlaufanlagen, ebenso wie der weniger bekannte Ragua-Korridor an der Autobahn A-337. Wanderfreunde k\u00f6nnen die Vereda de la Estrella entlang der Quellgew\u00e4sser des R\u00edo Genil durchqueren oder die Dreitausender-Tour unternehmen, eine anstrengende \u00dcberquerung von J\u00e9rez del Marquesado \u00fcber fast alle Gipfel \u00fcber 3.000 Metern, die selbst im Hochsommer inmitten von Restschneefeldern sowohl Ausdauer als auch Umsicht erfordert. Die Sulayr-Route, ein 340 Kilometer langer Rundweg um das Massiv, belebt historische Viehpfade und Fu\u00dfwege auf einer von \u00f6ffentlichen Einrichtungen konzipierten Route, die sowohl Natur als auch Kulturerbe w\u00fcrdigt.<\/p>\n<p>F\u00fcr diejenigen, die Zuflucht unter den Sternen suchen, bietet das Gebirge drei bewachte Schutzh\u00fctten: die Poqueira-Schutzh\u00fctte auf 2.500 Metern H\u00f6he mit 87 Pl\u00e4tzen am Zusammenfluss von Mulhac\u00e9n und R\u00edo Seco; Postero Alto auf 1.880 Metern H\u00f6he mit 68 Pl\u00e4tzen auf Loma de Enmedio; und die Herberge Puerto de la Ragua auf 2.000 Metern H\u00f6he mit 32 Schlafpl\u00e4tzen. Verstreute Unterst\u00e4nde und Biwaks \u2013 unter anderem La Carihuela, Elorrieta, Pe\u00f1a Partida \u2013 sind in unterschiedlichem Zustand erhalten, w\u00e4hrend nat\u00fcrliche H\u00f6hlen wie die Cueva Secreta und die Siete Lagunas-Nische von der geologischen Faszination des Berges zeugen.<\/p>\n<p>Auch Radfahrer finden in den schwindelerregenden Anstiegen der Sierra Nevada Herausforderung und Reiz. Der ber\u00fchmte Anstieg von Monachil \u2013 2.627 H\u00f6henmeter auf 45,3 Kilometern mit einer durchschnittlichen Steigung von 5,8 Prozent, mit Steigungen von bis zu 15 Prozent \u2013 \u200b\u200bstellt eine anspruchsvolle Herausforderung dar, bevor er entweder in Pradollano oder am Pico Veleta (3.367 Meter) endet. Die Route der G\u00fc\u00e9jar Sierra erstreckt sich \u00fcber 44,3 Kilometer bis nach Veleta und \u00fcberwindet dabei 2.557 H\u00f6henmeter bei einer durchschnittlichen Steigung von 5,77 Prozent. Zwischenziele sind der Botanische Universit\u00e4tsgarten Hoya de la Mora und das IRAM-Observatorium auf 2.850 Metern H\u00f6he \u2013 beides Zeugnisse der wissenschaftlichen und \u00e4sthetischen Anziehungskraft des Gebirges.<\/p>\n<p>Mythen und Legenden sind ebenso vielf\u00e4ltig wie die Bergpanoramen. Die Geschichte vom Teufelsbesen beschw\u00f6rt eine Lawine herauf, die durch eine teuflische Gabe ausgel\u00f6st wurde und noch heute in schneewei\u00dfen Str\u00f6men \u00fcber die H\u00e4nge des Alcazaba-Gipfels fegt. Die \u00dcberlieferungen der Lagune von Vacares erz\u00e4hlen vom Verbrechen eines maurischen Prinzen und den in Felsen verewigten Tr\u00e4nen einer Prinzessin, deren Klagen angeblich aus den eisigen Tiefen widerhallen. Solche Erz\u00e4hlungen \u2013 \u00fcberliefert von Hirten, Dorfbewohnern und Pilgern \u2013 verleihen einer Landschaft, die bereits seit Jahrtausenden von geologischen und kulturellen Kr\u00e4ften gepr\u00e4gt ist, eine \u00fcberirdische Dimension.<\/p>\n<p>Letztlich umfasst die Sierra Nevada weit mehr als kartografische Ausdehnungen und \u00f6kologische Register. Sie ist ein Ort, an dem Klimagradienten, biotische Refugien und menschliches Streben aufeinandertreffen. Von den uralten, durch Kontinentalkollisionen verformten Schiefern bis zur leuchtenden Klarheit \u00fcber 2.800 Metern, von den endemischen Kiefern, die sich an Felsen klammern, bis zum Labyrinth der Pfade, die sich \u00fcber Bergr\u00fccken und T\u00e4ler schl\u00e4ngeln, bietet die Bergkette ein breites Spektrum an geographischen, wissenschaftlichen und humanistischen Fragen. Hier liegt eine Anh\u00f6he nicht nur aus Fels und Eis, sondern auch aus Intellekt und Fantasie: ein Gipfel der Naturgeschichte und des menschlichen Strebens, verwoben unter andalusischem Himmel.<\/p>","protected":false},"excerpt":{"rendered":"<p>Das Skigebiet Sierra Nevada im S\u00fcdosten Spaniens liegt im Gebirge Sierra Nevada und zeugt von der harmonischen Verbindung menschlicher Kreativit\u00e4t und nat\u00fcrlicher Sch\u00f6nheit. Dieses bekannte Skigebiet in der Provinz Granada genie\u00dft eine beeindruckende Lage an den Nordwesth\u00e4ngen des Veleta, dem dritth\u00f6chsten Berg der spanischen Halbinsel. Der Ferienort Pradollano ist das pulsierende Zentrum dieser alpinen Region und beherbergt trotz saisonaler Belegung das ganze Jahr \u00fcber Hunderte von Wintersportlern und Naturliebhabern.<\/p>","protected":false},"author":1,"featured_media":4260,"parent":13090,"menu_order":0,"comment_status":"closed","ping_status":"closed","template":"elementor_theme","meta":{"_eb_attr":"","footnotes":""},"class_list":["post-13177","page","type-page","status-publish","has-post-thumbnail"],"_links":{"self":[{"href":"https:\/\/travelshelper.com\/de\/wp-json\/wp\/v2\/pages\/13177","targetHints":{"allow":["GET"]}}],"collection":[{"href":"https:\/\/travelshelper.com\/de\/wp-json\/wp\/v2\/pages"}],"about":[{"href":"https:\/\/travelshelper.com\/de\/wp-json\/wp\/v2\/types\/page"}],"author":[{"embeddable":true,"href":"https:\/\/travelshelper.com\/de\/wp-json\/wp\/v2\/users\/1"}],"replies":[{"embeddable":true,"href":"https:\/\/travelshelper.com\/de\/wp-json\/wp\/v2\/comments?post=13177"}],"version-history":[{"count":0,"href":"https:\/\/travelshelper.com\/de\/wp-json\/wp\/v2\/pages\/13177\/revisions"}],"up":[{"embeddable":true,"href":"https:\/\/travelshelper.com\/de\/wp-json\/wp\/v2\/pages\/13090"}],"wp:featuredmedia":[{"embeddable":true,"href":"https:\/\/travelshelper.com\/de\/wp-json\/wp\/v2\/media\/4260"}],"wp:attachment":[{"href":"https:\/\/travelshelper.com\/de\/wp-json\/wp\/v2\/media?parent=13177"}],"curies":[{"name":"wp","href":"https:\/\/api.w.org\/{rel}","templated":true}]}}