{"id":13108,"date":"2024-09-17T12:53:58","date_gmt":"2024-09-17T12:53:58","guid":{"rendered":"https:\/\/travelshelper.com\/staging\/?page_id=13108"},"modified":"2026-03-12T23:34:08","modified_gmt":"2026-03-12T23:34:08","slug":"la-coruna","status":"publish","type":"page","link":"https:\/\/travelshelper.com\/de\/destinations\/europe\/spain\/la-coruna\/","title":{"rendered":"La Coru\u00f1a"},"content":{"rendered":"<p>A Coru\u00f1a, mit rund 246.000 Einwohnern die zweitgr\u00f6\u00dfte Gemeinde Galiciens, liegt auf einem Vorgebirge am westlichen Rand des Golfo \u00c1rtabro an der spanischen Atlantikk\u00fcste \u2013 einer Landform, deren schmale Landenge, einst nur ein Sandband, sich im Laufe der Jahrhunderte gebildet hat und die heutige Halbinsel der Stadt bildet.<\/p>\n<p>In seiner heutigen Inkarnation ist A Coru\u00f1a der wichtigste Industrie- und Finanzknotenpunkt Nordgaliciens. Seine Skyline, gepr\u00e4gt von der h\u00f6chsten durchschnittlichen Geb\u00e4udeh\u00f6he des Landes, zeichnet sich durch eine ma\u00dfvolle Silhouette vor dem stets wechselnden Wellengang des Atlantiks aus. Die Universidade da Coru\u00f1a thront \u00fcber diesem urbanen Tableau, ihre Campusse sind in das Stadtbild verwoben, w\u00e4hrend in den Hafenanlagen gesch\u00e4ftiges Treiben herrscht, bei dem Fisch, Roh\u00f6l und Masseng\u00fcter umgeschlagen werden \u2013 G\u00fcter, die zusammen drei Viertel des regionalen Seeverkehrs ausmachen. Doch unter dieser modernen Fassade verbirgt sich ein Kontinuum menschlicher Besiedlung und Widerstandsf\u00e4higkeit, das von einem Castro aus dem 3. Jahrhundert v. Chr., dessen \u00dcberreste s\u00fcdlich des Stadtkerns liegen, \u00fcber den Bau des Herkulesturms durch r\u00f6mische Ingenieure im 2. Jahrhundert n. Chr. bis hin zum trotzigen Widerstand der galicischen Stadtbewohner gegen Angreifer vom Meer im 16. Jahrhundert und der dramatischen Evakuierung durch britische Truppen im Jahr 1809 reicht.<\/p>\n<p>Obwohl die Temperaturunterschiede zwischen Winter und Sommer selten neun Grad Celsius \u00fcberschreiten, sind die jahreszeitlichen Rhythmen von A Coru\u00f1a alles andere als langweilig. Das mediterran gepr\u00e4gte Klima, gemildert durch den mildernden Einfluss des Atlantiks, macht den Herbst mild und den Fr\u00fchling erneuerungsfreudig; der Winter beginnt mit Regen und Wind, aber selten mit Frost; der letzte nennenswerte Schneefall schm\u00fcckte das Stadtbild im Januar 1987. Der Sommer hingegen pr\u00e4sentiert sich in sonnigen Abschnitten, unterbrochen von gelegentlichem Nieselregen \u2013 die Temperaturen liegen von Juli bis September bei etwa 22 \u00b0C, Tage \u00fcber 30 \u00b0C sind selten.<\/p>\n<p>Der alte Stadtkern, die Cidade Vella, bewahrt die \u00dcberreste der mittelalterlichen Stadtmauer aus dem 14. Jahrhundert und die Steinb\u00f6gen, die einst drei verschiedene H\u00e4fen umg\u00fcrteten. In den engen Gassen stehen edle Herrenh\u00e4user und kirchliche Bauwerke: die romanischen Kirchen Santiago und Santa Mar\u00eda, der Klosterkomplex As B\u00e1rbaras und die K\u00f6nigliche Akademie Galiciens, deren Mission, die galizische Sprache und Kultur zu bewahren, den unverg\u00e4nglichen Geist der Region widerspiegelt. In der Abendd\u00e4mmerung k\u00f6nnen Besucher eine d\u00fcstere Pilgerreise zum Garten von San Carlos unternehmen, wo die Alte Festung das Grab von Sir John Moore beherbergt \u2013 ein Zeugnis des Blutvergie\u00dfens im Spanischen Halbinselkrieg und des tapferen R\u00fcckzugs der britischen Armee an diese K\u00fcste am 16. Januar 1809.<\/p>\n<p>Der Herkulesturm dominiert die n\u00f6rdliche Skyline und ist bis heute ein Leuchtturm der Navigation und Symbol f\u00fcr die jahrhundertealte Geschichte A Coru\u00f1as. Seit der Antike ununterbrochen in Betrieb, erhebt sich seine zylindrische Form aus einer Rasenfl\u00e4che und maritimem Buschland, gekr\u00f6nt von einem 18-Loch-Golfplatz und dem sogenannten Maurenfriedhof \u2013 eine ironische Bezeichnung f\u00fcr ein Geb\u00e4ude, das nie als Bestattungsst\u00e4tte genutzt, sondern heute zum Museum Casa das Palabras umgebaut wurde, wo Worte an die vielschichtigen Geschichten der Stadt erinnern. Die Ernennung des Turms zum Weltkulturerbe durch die UNESCO unterstreicht die Verbindung von funktionaler Ingenieurskunst und mythischer Resonanz, die dieses Wahrzeichen ausmacht.<\/p>\n<p>Im Laufe des 18. Jahrhunderts, als Schiffsarchitekten aus Ferrol die geschwungenen Konturen des Kriegsschiffrumpfs auf verglaste Balkone \u00fcbertrugen, entstanden in A Coru\u00f1as Stra\u00dfen immer mehr Galer\u00edas \u2013 lichtdurchflutete Vorhallen aus Holz und Glas, die die Fassaden unz\u00e4hliger H\u00e4user gliederten und Schutz vor den unerbittlichen Regenf\u00e4llen des Atlantiks boten, gleichzeitig aber diffuses Licht hereinlie\u00dfen. Durch die \u00dcbernahme maritimer Designprinzipien f\u00fcr die Wohnarchitektur schuf die Stadt ein Stadtbild aus sonnendurchfluteten Korridoren, die sich \u00fcber Pflaster und Gischt erhoben \u2013 eine stille Hommage an ihre untrennbare Verbindung mit dem Meer.<\/p>\n<p>Der Paseo Mar\u00edtimo, der sich fast neun Kilometer um die Landzunge erstreckt, verbindet st\u00e4dtisches und Freizeitleben: das Aquarium und das Sportstadion im Osten, den Herkulesturm im Westen und an Sommerabenden die Str\u00e4nde von Orz\u00e1n und Riazor mit ihren breiten, hellen Sandstr\u00e4nden und Gezeitent\u00fcmpeln. Im August, w\u00e4hrend des Festes zu Ehren von Mar\u00eda Pita \u2013 benannt nach der Heldin aus dem 16. Jahrhundert, deren Tapferkeit einen englischen Angriff abwehrte \u2013 wird Riazor zur B\u00fchne des Noroeste Pop Rock Festivals, einem Open-Air-Kongress musikalischer Darbietungen, bei dem schon K\u00fcnstler von David Bisbal bis Status Quo auftraten.<\/p>\n<p>Doch Freizeit in A Coru\u00f1a beschr\u00e4nkt sich nicht nur auf Sonne und Gesang. Im Juni, in der Nacht des Heiligen Xo\u00e1n (Johannis), lodern Freudenfeuer und Feuerwerke in den Morgengrauen, w\u00e4hrend Strandbesucher an verlassenen Sandb\u00e4nken Reinigungs- und Erneuerungsrituale durchf\u00fchren. Ebenso umfasst das kulturelle Programm der Stadt jedes Jahr im Juli den Mittelaltermarkt in der Altstadt, bei dem kost\u00fcmierte Kunsthandwerker Handwerk und Kampf nachstellen, sowie eine Reihe von Museen: Das Museum der Sch\u00f6nen K\u00fcnste bewahrt Werke auf, die die k\u00fcnstlerische Tradition Galiciens dokumentieren; das Castillo de San Ant\u00f3n gibt unter seinen Zinnen arch\u00e4ologische Funde preis; und das Netzwerk wissenschaftlicher Einrichtungen \u2013 vom Planetarium im Casa das Ciencias bis zu Arata Isozakis Skulptur DOMUS \u2013 positioniert A Coru\u00f1a an der Spitze der \u00f6ffentlichen Auseinandersetzung mit der Wissenschaft.<\/p>\n<p>Die wirtschaftliche Dynamik, die einst auf Textilien und transatlantische Schifffahrt zur\u00fcckzuf\u00fchren war, hat sich auf Finanzen, Kommunikation, Fertigung und technische Dienstleistungen ausgeweitet. Die Hauptsitze gro\u00dfer Unternehmen dr\u00e4ngen sich in neu errichteten B\u00fcrot\u00fcrmen, w\u00e4hrend der Hafen weiterhin frischen Fisch ausspuckt, ein Grundnahrungsmittel, das die lokale Gastronomie st\u00fctzt. Auch der Tourismus hat stark zugenommen: Kreuzfahrtschiffe legen saisonal an und spucken Passagiere aus, die den englischen Jakobsweg erkunden oder in den neueren Ausstellungshallen der Stadt verweilen m\u00f6chten \u2013 dem PALEXCO mit einer Kapazit\u00e4t von 2.500 Teilnehmern und der EXPOCORU\u00d1A, deren Galerien alles von S\u00f3nar bis hin zu Handelsmessen beherbergen.<\/p>\n<p>Verkehrsadern durchziehen die Stadt: Die Autov\u00eda A-6 bef\u00f6rdert Reisende aus dem Herzen Madrids, die AP-9 verbindet Ferrol mit der portugiesischen Grenze, und Regionalstra\u00dfen f\u00fchren bis nach Carballo und Costa da Morte. Der Flughafen A Coru\u00f1a in Alvedro, vier Kilometer n\u00f6rdlich des Stadtzentrums, bietet ganzj\u00e4hrig Fl\u00fcge nach Lissabon und London sowie saisonale Verbindungen nach Paris und Amsterdam. Seit 2021 endet die Hochgeschwindigkeitsstrecke Madrid\u2013Galicien am Bahnhof San Cristovo, wodurch die Fahrt nach Madrid auf unter vier Stunden verk\u00fcrzt wird. \u00dcberlandbusse von ALSA, Monbus und FlixBus bedienen internationale Verbindungen nach Genf, Paris und M\u00fcnchen.<\/p>\n<p>Die lokale Mobilit\u00e4t, einst gepr\u00e4gt durch die 1903 eingeweihten und sp\u00e4ter elektrifizierten Pferdebahnen, wurde 1962 von den Schienen abgel\u00f6st; Oberleitungsbusse folgten bis 1979; von 1995 bis 2011 gab es kurzzeitig wieder eine historische Stra\u00dfenbahn; und heute verkehren rund 90 Busse auf 24 Linien unter der Schirmherrschaft der Compa\u00f1\u00eda de Tranv\u00edas de La Coru\u00f1a. Aufz\u00fcge und Rolltreppen erklimmen steile H\u00e4nge \u2013 am bemerkenswertesten ist der Panoramaaufzug zum San Pedro Park, wo Artilleriegesch\u00fctze und G\u00e4rten die Ria \u00fcberblicken \u2013 und bekr\u00e4ftigen das Engagement der Stadt f\u00fcr Barrierefreiheit trotz ihrer topografischen Kontraste.<\/p>\n<p>Im Spannungsfeld von altem Stein und modernem Stahl, von st\u00fcrmischem Regen und schwindender Sonne offenbart sich A Coru\u00f1a als Ort der Kontinuit\u00e4t und Metamorphose. Seine mit Castros bewachsenen H\u00fcgel erinnern an vorr\u00f6mische Clans, deren Erbe im Geflecht der Galer\u00edas und den emporragenden Handelsturbinen versinkt; seine mittelalterlichen Stra\u00dfen gehen in Strandpromenaden \u00fcber, die von Familien und Festivalbesuchern belebt werden; sein alter Leuchtturm thront \u00fcber einem Hafen, in dem sich Fischernetze mit Anlegestellen von Ozeandampfern verflechten. Das Wesen der Stadt liegt in dieser Spannung zwischen Pilgerfahrt und Alltag, zwischen der Erinnerung an Wikinger\u00fcberf\u00e4lle und dem Rhythmus stra\u00dfenbahn\u00e4hnlicher Busse entlang der Avenida de la Marina.<\/p>\n<p>F\u00fcr Reisende, die weder erobern noch romantisieren, sondern mit ma\u00dfvoller Neugier beobachten wollen, bietet A Coru\u00f1a eine Geschichte, die Jahrtausende umspannt \u2013 eine Synthese aus topografischer Einzigartigkeit, architektonischer Innovation und b\u00fcrgerlicher Beharrlichkeit. Auf jedem vergoldeten Balkon, in jedem Museumskorridor, an jedem windumtosten Strand erz\u00e4hlt die Stadt eine Geschichte, in der Geschichte und Moderne nicht als Gegner, sondern als aufeinanderfolgende Schichten in einem sich st\u00e4ndig weiterentwickelnden Palimpsest auf Granit und Glas aufeinandertreffen. Hier, auf dieser Halbinsel am Rande Europas, ist das Zusammentreffen von Land und Meer auch ein Zusammentreffen von Epochen, wobei jede Welle die Fragmente einer Vergangenheit zur\u00fcckgibt, die im geduldigen Pulsieren von Stein und Flut A Coru\u00f1as fortbesteht.<\/p>","protected":false},"excerpt":{"rendered":"<p>A Coru\u00f1a, eine dynamische K\u00fcstenstadt im Nordwesten Spaniens, verk\u00f6rpert das kulturelle Erbe und die heutige Wirtschaftskraft Galiciens. Das auf einer Landzunge im Golf von \u00c1rtabro gelegene Stadtzentrum hat rund 245.000 Einwohner und ist damit nach Vigo die zweitgr\u00f6\u00dfte Stadt Galiciens. Als Provinzhauptstadt der Provinz A Coru\u00f1a spielte die Stadt eine bedeutende Rolle in der Geschichte der Region. Vom 16. bis zum 19. Jahrhundert war sie die politische Hauptstadt des K\u00f6nigreichs Galicien und bis 1982 das regionale Verwaltungszentrum.<\/p>","protected":false},"author":1,"featured_media":3330,"parent":13090,"menu_order":0,"comment_status":"closed","ping_status":"closed","template":"elementor_theme","meta":{"_eb_attr":"","footnotes":""},"class_list":["post-13108","page","type-page","status-publish","has-post-thumbnail"],"_links":{"self":[{"href":"https:\/\/travelshelper.com\/de\/wp-json\/wp\/v2\/pages\/13108","targetHints":{"allow":["GET"]}}],"collection":[{"href":"https:\/\/travelshelper.com\/de\/wp-json\/wp\/v2\/pages"}],"about":[{"href":"https:\/\/travelshelper.com\/de\/wp-json\/wp\/v2\/types\/page"}],"author":[{"embeddable":true,"href":"https:\/\/travelshelper.com\/de\/wp-json\/wp\/v2\/users\/1"}],"replies":[{"embeddable":true,"href":"https:\/\/travelshelper.com\/de\/wp-json\/wp\/v2\/comments?post=13108"}],"version-history":[{"count":0,"href":"https:\/\/travelshelper.com\/de\/wp-json\/wp\/v2\/pages\/13108\/revisions"}],"up":[{"embeddable":true,"href":"https:\/\/travelshelper.com\/de\/wp-json\/wp\/v2\/pages\/13090"}],"wp:featuredmedia":[{"embeddable":true,"href":"https:\/\/travelshelper.com\/de\/wp-json\/wp\/v2\/media\/3330"}],"wp:attachment":[{"href":"https:\/\/travelshelper.com\/de\/wp-json\/wp\/v2\/media?parent=13108"}],"curies":[{"name":"wp","href":"https:\/\/api.w.org\/{rel}","templated":true}]}}