{"id":13090,"date":"2024-09-17T12:22:17","date_gmt":"2024-09-17T12:22:17","guid":{"rendered":"https:\/\/travelshelper.com\/staging\/?page_id=13090"},"modified":"2026-03-12T23:26:32","modified_gmt":"2026-03-12T23:26:32","slug":"spanien","status":"publish","type":"page","link":"https:\/\/travelshelper.com\/de\/destinations\/europe\/spain\/","title":{"rendered":"Spanien"},"content":{"rendered":"<p>Spanien erstreckt sich \u00fcber eine Fl\u00e4che von 505.992 Quadratkilometern in S\u00fcd- und Westeuropa und erstreckt seine Souver\u00e4nit\u00e4t \u00fcber den Gro\u00dfteil der Iberischen Halbinsel, die Balearen und Kanarischen Inseln sowie die autonomen Enklaven Ceuta und Melilla in Nordafrika. Mit einer gesch\u00e4tzten Bev\u00f6lkerung von 49.153.849 Einwohnern im Jahr 2025 ist es der viertbev\u00f6lkerungsreichste Mitgliedstaat der Europ\u00e4ischen Union. Seine Hauptstadt Madrid ist der Mittelpunkt einer Konstellation von Gro\u00dfst\u00e4dten wie Barcelona, \u200b\u200bValencia, Sevilla, Saragossa, M\u00e1laga, Murcia und Palma de Mallorca, die alle zum dynamischen demografischen Gef\u00fcge des Landes beitragen.<\/p>\n<p>Seit seiner fr\u00fchesten Kartierung als transkontinentales Gemeinwesen zwischen Europa und Afrika \u00fcbt die Topografie Spaniens eine anhaltende Faszination auf Kartografen und Reisende gleicherma\u00dfen aus. Die Pyren\u00e4en bilden im Nordosten eine beeindruckende Grenze zu Frankreich und Andorra, w\u00e4hrend im Westen eine lange, ununterbrochene Grenze von 1.214 Kilometern die gemeinsame Grenze mit Portugal bildet. Das Iberische Massiv mit seinen Hochplateaus \u2013 der Meseta Central \u2013, das durch das Sistema Central geteilt wird, geht im Norden allm\u00e4hlich in das Kantabrische Gebirge und im S\u00fcden in das Betische Gebirge \u00fcber, wo der 3.478 Meter hohe Gipfel des Mulhac\u00e9n und der aktive Vulkan Teide mit 3.718 Metern monumentale Zeugnisse geologischer Kr\u00e4fte darstellen. Fl\u00fcsse wie der Tejo, der Ebro, der Guadiana und der Guadalquivir haben fruchtbare T\u00e4ler und Schwemmlandebenen geformt \u2013 der gr\u00f6\u00dfte davon verl\u00e4uft in Andalusien \u2013 und das Land in ein Netzwerk aus Wasserstra\u00dfen eingebunden, die schon mehrere Zivilisationen hervorgebracht haben. Dahinter liegen die verstreuten Inseln der Balearen und des Atlantiks \u2013 darunter Mallorca, Menorca, Teneriffa, Gran Canaria, Lanzarote und Fuerteventura \u2013, die alle \u00fcber autonome Regierungsstrukturen verf\u00fcgen, die die Anerkennung der Inselbesonderheiten in der spanischen Verfassung widerspiegeln.<\/p>\n<p>Klimatisch gesehen weist Spanien eine bemerkenswerte Vielfalt an Zonen auf. Der vorherrschende mediterrane Typ manifestiert sich sowohl in den sommerhei\u00dfen Regionen Andalusiens, der Extremadura und im Landesinneren Kastiliens als auch in den sommerwarmen Enklaven der n\u00f6rdlichen Hochebenen und der regenreichen Gebiete Galiciens. Halbtrockene Gebiete erstrecken sich \u00fcber den S\u00fcdosten Murcias und Valencias, w\u00e4hrend das ozeanische Cfb-Regime das gr\u00fcne Baskenland, Kantabrien, Asturien sowie Teile Galiciens und Navarras gem\u00e4\u00dfigt. In h\u00f6heren Lagen setzen sich alpine und kontinentale Varianten durch, und die trockenen Tiefebenen der Kanarischen Inseln, deren k\u00fchlste Monate durchschnittlich \u00fcber 18 \u00b0C erreichen, n\u00e4hern sich zwar einem tropischen Klima an, bleiben aber aufgrund der vorherrschenden Trockenheit weiterhin als arid eingestuft. Zunehmende Sorgen \u00fcber den Klimawandel haben Spanien zu einer Energiewende hin zu Solar- und Windenergie veranlasst. Hintergrund sind Prognosen \u00fcber h\u00e4ufigere Hitzewellen, verst\u00e4rkte D\u00fcrreperioden und eine damit einhergehende Belastung der Wasserressourcen, die zu einer Neudefinition landwirtschaftlicher Strukturen und des Wasserhaushalts f\u00fchren k\u00f6nnte.<\/p>\n<p>Seit der Verk\u00fcndung seiner Verfassung von 1978 hat sich Spanien zu einer s\u00e4kularen parlamentarischen Demokratie unter einer konstitutionellen Monarchie unter K\u00f6nig Felipe VI. entwickelt. Dieser \u201eStaat der Autonomien\u201c gew\u00e4hrt siebzehn autonomen Gemeinschaften und zwei autonomen St\u00e4dten weitreichende legislative und exekutive Autonomie, wobei einige \u2013 n\u00e4mlich das Baskenland und Navarra \u2013 aufgrund ihrer offiziellen Chartas ihre vollen Steuerhoheiten behalten. Jede Gemeinschaft, die in Provinzen und weiter in Gemeinden gegliedert ist, verwaltet das Gesundheits- und Bildungswesen und verf\u00fcgt in einigen F\u00e4llen \u00fcber eigene Polizeikr\u00e4fte \u2013 darunter die Ertzaintza des Baskenlandes, die Mossos d&#039;Esquadra von Katalonien und die Polic\u00eda Canaria. Dies unterstreicht die asymmetrische Dezentralisierung, die Spaniens stark dezentralisierte Regierungsf\u00fchrung kennzeichnet. Dennoch bleiben nationale Kompetenzen bestehen, gest\u00fctzt durch einen robusten Verfassungsrahmen, der Einheit und regionale Vielfalt in Einklang bringen soll.<\/p>\n<p>Wirtschaftlich gesehen belegt Spanien gemessen am nominalen Bruttoinlandsprodukt \u2013 mit \u00fcber einer Billion Dollar j\u00e4hrlich \u2013 den zw\u00f6lften Platz weltweit und ist die viertgr\u00f6\u00dfte Volkswirtschaft innerhalb der Eurozone. Ein gemischtes Marktparadigma, das Sozialleistungen und strategische staatliche Interventionen umfasst, bildet die Grundlage f\u00fcr eine vielf\u00e4ltige industrielle Basis, wobei der Automobilsektor seine Exportorientierung verk\u00f6rpert: Im Jahr 2023 produzierte Spanien 2,45 Millionen Fahrzeuge, exportierte \u00fcber 2,1 Millionen Einheiten und machte 18 Prozent der nationalen Exporte aus; der daraus resultierende Zahlungsbilanz\u00fcberschuss von 18,8 Milliarden Euro st\u00e4rkte die Unterst\u00fctzung des Sektors f\u00fcr fast zwei Millionen Arbeitspl\u00e4tze oder rund 9 Prozent der Erwerbsbev\u00f6lkerung. Gleichzeitig spiegeln die Einstufung Spaniens als fortgeschrittene Volkswirtschaft durch den Internationalen W\u00e4hrungsfonds und die Bezeichnung als Hocheinkommenswirtschaft durch die Weltbank ein stetiges Wachstum wider; tats\u00e4chlich erwies es sich im Jahr 2024 als die am schnellsten wachsende gro\u00dfe fortgeschrittene Volkswirtschaft weltweit, mit Wachstumsraten, die fast viermal so hoch waren wie die der Eurozone insgesamt.<\/p>\n<p>Der Tourismus ist eine wichtige S\u00e4ule der nationalen Einnahmen. Spanien begr\u00fc\u00dfte im Jahr 2024 erstaunliche 94 Millionen Besucher und erwirtschaftete rund 126 Milliarden Euro an internationalen Tourismuseinnahmen. Seine vielf\u00e4ltigen Attraktionen \u2013 sonnenverw\u00f6hnte K\u00fcsten entlang des Mittelmeers und des Atlantiks, geschichtstr\u00e4chtige St\u00e4dte voller architektonischem Erbe und eine gut ausgebaute Verkehrsinfrastruktur \u2013 haben Spanien bei den weltweiten Touristenank\u00fcnften auf den zweiten Platz katapultiert, nur \u00fcbertroffen von Frankreich. Die Welttourismusorganisation mit Hauptsitz in Madrid ist ein Beleg f\u00fcr die zentrale Rolle Spaniens im globalen Reisediskurs. Obwohl die Sommermonate die meisten Menschen zu andalusischen Monumenten wie der Alhambra in Granada und der Mezquita in C\u00f3rdoba ziehen, lohnen sich Aufenthalte au\u00dferhalb der Saison auch f\u00fcr diejenigen, die ein milderes Klima und geringere Besucherzahlen suchen und so die monumentalen St\u00e4tten und die sanften Weinberge im Landesinneren in aller Ruhe genie\u00dfen k\u00f6nnen.<\/p>\n<p>Spaniens Verkehrsnetz ist nach wie vor f\u00fchrend in Europa und verf\u00fcgt \u00fcber die l\u00e4ngsten Hochgeschwindigkeitsstrecken des Kontinents \u2013 3.973 Kilometer (Stand: Februar 2025) \u2013, die Madrid, Barcelona, \u200b\u200bValencia, Sevilla, M\u00e1laga und Saragossa mit Betriebsgeschwindigkeiten von fast 330 km\/h verbinden. Unter den globalen Vergleichsl\u00e4ndern \u00fcbertrifft nur Chinas Netz das spanische, und die ber\u00fchmte P\u00fcnktlichkeit des spanischen Hochgeschwindigkeitsdienstes \u2013 98,5 Prozent P\u00fcnktlichkeit \u2013 wird nur vom japanischen Shinkansen \u00fcbertroffen. Das zentral koordinierte Stra\u00dfennetz verl\u00e4uft strahlenf\u00f6rmig von Madrid aus \u00fcber sechs Hauptautobahnen, erg\u00e4nzt durch Durchgangsstra\u00dfen entlang der Atlantik-, Kantabrischen und Mittelmeerk\u00fcste. Die Luftfahrtinfrastruktur umfasst 47 \u00f6ffentliche Flugh\u00e4fen, wobei Madrid-Barajas im Jahr 2023 60 Millionen Passagiere abfertigte \u2013 weltweit Platz 15 und innerhalb der Europ\u00e4ischen Union Platz 3 \u2013 und Barcelona-El Prat 50 Millionen Reisende beherbergt.<\/p>\n<p>Demografisch gesehen liegt Spaniens Bev\u00f6lkerungsdichte von 97 Einwohnern pro Quadratkilometer hinter der der meisten westeurop\u00e4ischen L\u00e4nder zur\u00fcck, wobei die Bev\u00f6lkerungsdichte stark auf die K\u00fcstenkorridore und den Ballungsraum Madrid ausgerichtet ist. Die Geburtenrate ist jedoch im Jahr 2023 auf 1,12 Kinder pro Frau gesunken \u2013 weit unter das Reproduktionsniveau \u2013 und beschert Spanien mit einem Durchschnittsalter von 43,1 Jahren eine der \u00e4ltesten Bev\u00f6lkerungen der Welt. Einheimische Spanier machen etwa 80,7 Prozent der Einwohner aus, w\u00e4hrend Einwanderer \u2013 \u00fcber 19 Prozent der Bev\u00f6lkerung \u2013 haupts\u00e4chlich aus Lateinamerika (39 Prozent), Nordafrika (16 Prozent) und Osteuropa (15 Prozent) stammen, hinzu kommen Zuwanderer aus Afrika s\u00fcdlich der Sahara und Asien. Dieses demografische Mosaik, bereichert durch langj\u00e4hrige Diaspora-Bindungen und kulturellen Pluralismus, hat den st\u00e4dtischen Zentren Spaniens eine sprachliche, kulinarische und soziale Heterogenit\u00e4t verliehen.<\/p>\n<p>Spaniens kulturelles Gef\u00fcge ist \u00fcber Jahrtausende hinweg von religi\u00f6sen, imperialen und k\u00fcnstlerischen Str\u00f6mungen gepr\u00e4gt. Die katholische Kirche, zentral f\u00fcr die mittelalterliche und moderne Identit\u00e4t der Halbinsel, hat ein architektonisches Erbe an Kathedralen, Kl\u00f6stern und Prozessionstraditionen hinterlassen. Maurische Einfl\u00fcsse leben in stuckverzierten Pal\u00e4sten \u2013 vor allem der Alhambra \u2013 und im Mud\u00e9jar-Stil fort, der islamische, christliche und j\u00fcdische \u00e4sthetische Prinzipien vereint. Der sukzessive Aufstieg von Renaissance- und Barockformen brachte prachtvolle Kirchenbauten in Salamanca, Sevilla und \u00dabeda hervor, w\u00e4hrend der Modernismus im Barcelona des fr\u00fchen 20. Jahrhunderts unter dem Vision\u00e4r Antoni Gaud\u00ed florierte. Zeitgen\u00f6ssische spanische Architekten \u2013 darunter Rafael Moneo, Ricardo Bofill und Santiago Calatrava \u2013 erlangten internationale Anerkennung und werteten Spaniens architektonisches Profil weiter auf.<\/p>\n<p>Die spanische K\u00fcche l\u00e4sst sich in drei regionale Haupttraditionen unterteilen: die Mittelmeerk\u00fcste, wo Meeresfr\u00fcchte und Reisgerichte wie Paella und Arr\u00f2s Negre vorherrschen; Innerkastilien, das durch herzhafte Eint\u00f6pfe wie Cocido Madrile\u00f1o und eingelegte Wurstwaren wie Jam\u00f3n Ib\u00e9rico gekennzeichnet ist; und die Nordatlantikregion, wo Fischgerichte wie Caldo Gallego und Marmitako sowie leicht ger\u00e4ucherter Lac\u00f3n-Schinken die F\u00fclle des Ozeans zelebrieren. Das in den sonnenbeschienenen Hainen Andalusiens angebaute Oliven\u00f6l des Landes dient als grundlegendes Medium zum Kochen und W\u00fcrzen. Auch Festivals pr\u00e4gen den kulturellen Kalender: Die j\u00e4hrliche Prozession von San Ferm\u00edn in Pamplona, \u200b\u200bdas Tomatenschleuderfest La Tomatina, die Fallas-Pyrotechnik in Valencia und die Prozessionen in der Karwoche in Andalusien veranschaulichen die Tiefe gemeinschaftlicher Rituale und Prachtentfaltung.<\/p>\n<p>Spaniens urbane Zentren sind voller historischer St\u00e4dte, deren monumentale Stadtkerne die Geschichte von Eroberung, Handel und Kreativit\u00e4t widerspiegeln. C\u00f3rdobas rot-wei\u00dfe B\u00f6gen zeugen von der Pracht der Kalifen; Sevillas Kathedrale und Alc\u00e1zar erinnern an die Hafenverbindungen mit Amerika im goldenen Zeitalter; Toledos verwinkelte Gassen auf den H\u00fcgeln erinnern an seine mittelalterliche Rolle als ehemalige westgotische und sp\u00e4ter kastilische Hauptstadt; und Santiago de Compostela bleibt der H\u00f6hepunkt des Jakobswegs, dessen romanische Fassaden heilige W\u00fcrde ausstrahlen. Im Norden grenzt das Guggenheim-Museum in Bilbao \u2013 ein titanverkleidetes Symbol der postindustriellen Renaissance \u2013 an das mittelalterliche Viertel Vitoria-Gasteiz; Barcelonas Barri G\u00f2tic bietet gotische Kreuzg\u00e4nge und modernistische Fassaden in einem einzigen urbanen Tableau.<\/p>\n<p>Spaniens Museen, die das k\u00fcnstlerische Erbe des K\u00fcnstlers bewahren, decken verschiedene Epochen ab \u2013 von El Grecos l\u00e4nglichen Figuren \u00fcber Picassos kubistische Br\u00fcche bis hin zu Dal\u00eds surrealen Verzerrungen. Der Prado in Madrid beherbergt k\u00f6nigliche Sammlungen und beherbergt Meisterwerke von Vel\u00e1zquez, Goya und Rubens, w\u00e4hrend das benachbarte Reina Sof\u00eda Meisterwerke des 20. Jahrhunderts zeigt, allen voran Picassos Guernica. Das Picasso-Museum in Barcelona zeichnet die pr\u00e4genden Jahre des Malers nach, und M\u00e1laga \u2013 Picassos Geburtsort \u2013 ehrt sein Erbe mit eigenen Einrichtungen. Figueres beansprucht Dal\u00eds gleichnamiges, vom K\u00fcnstler selbst konzipiertes Museum f\u00fcr sich, und das Guggenheim in Bilbao sind zu Ikonen der zeitgen\u00f6ssischen Kunst und Architektur geworden.<\/p>\n<p>Spanien l\u00e4sst sich mit seiner territorialen Weite und seinem reichen Traditionsreichtum nicht vereinfachend zusammenfassen. Seine vielschichtige Identit\u00e4t \u2013 gepr\u00e4gt von r\u00f6mischen Stra\u00dfen, westgotischen K\u00f6nigreichen, islamischen Emiraten und habsburgischen H\u00f6fen \u2013 entwickelt sich durch die zentrifugalen Kr\u00e4fte regionaler Autonomie und die zentripetale Anziehungskraft nationaler Einheit kontinuierlich weiter. Der Wechsel der Jahreszeiten offenbart neue Facetten: den Winternebel \u00fcber der Sierra Nevada, die Mandelbl\u00fcte im Fr\u00fchling auf Mallorca, das kristallklare Wasser des Sommers an der Costa Brava und die herbstliche Farbverwandlung der Weinberge in La Rioja. In jeder Provinz und Gemeinde ist Spaniens vielf\u00e4ltiges Erbe lebendig und l\u00e4dt den Reisenden ein, nicht nach mythischen Geheimnissen zu suchen, sondern mit informiertem Blick das best\u00e4ndige Zusammenspiel von Vergangenheit und Gegenwart in einem Land zu beobachten, das sein eigenes geschichtstr\u00e4chtiges Erbe stets lebendig h\u00e4lt.<\/p>","protected":false},"excerpt":{"rendered":"<p>Spanien, offiziell K\u00f6nigreich Spanien, ist ein Land im S\u00fcdwesten Europas, das sich durch bemerkenswerte Vielfalt und historische Bedeutung auszeichnet. Der Gro\u00dfteil der Iberischen Halbinsel wird von Spanien eingenommen, dessen strategische Lage an der Schnittstelle zwischen Europa und Afrika die Entwicklung des Landes ma\u00dfgeblich beeinflusst hat. Mit einer Bev\u00f6lkerung von rund 47 Millionen Menschen (Stand 2023) ist Spanien das viertbev\u00f6lkerungsreichste Land S\u00fcdeuropas und Mitgliedsstaat der Europ\u00e4ischen Union. Das Gebiet umfasst das Festland, die Balearen im Mittelmeer, die Kanarischen Inseln im Atlantik sowie die St\u00e4dte Ceuta und Melilla an der K\u00fcste Nordafrikas.<\/p>","protected":false},"author":1,"featured_media":3935,"parent":24078,"menu_order":0,"comment_status":"closed","ping_status":"closed","template":"elementor_theme","meta":{"_eb_attr":"","footnotes":""},"class_list":["post-13090","page","type-page","status-publish","has-post-thumbnail"],"_links":{"self":[{"href":"https:\/\/travelshelper.com\/de\/wp-json\/wp\/v2\/pages\/13090","targetHints":{"allow":["GET"]}}],"collection":[{"href":"https:\/\/travelshelper.com\/de\/wp-json\/wp\/v2\/pages"}],"about":[{"href":"https:\/\/travelshelper.com\/de\/wp-json\/wp\/v2\/types\/page"}],"author":[{"embeddable":true,"href":"https:\/\/travelshelper.com\/de\/wp-json\/wp\/v2\/users\/1"}],"replies":[{"embeddable":true,"href":"https:\/\/travelshelper.com\/de\/wp-json\/wp\/v2\/comments?post=13090"}],"version-history":[{"count":0,"href":"https:\/\/travelshelper.com\/de\/wp-json\/wp\/v2\/pages\/13090\/revisions"}],"up":[{"embeddable":true,"href":"https:\/\/travelshelper.com\/de\/wp-json\/wp\/v2\/pages\/24078"}],"wp:featuredmedia":[{"embeddable":true,"href":"https:\/\/travelshelper.com\/de\/wp-json\/wp\/v2\/media\/3935"}],"wp:attachment":[{"href":"https:\/\/travelshelper.com\/de\/wp-json\/wp\/v2\/media?parent=13090"}],"curies":[{"name":"wp","href":"https:\/\/api.w.org\/{rel}","templated":true}]}}