{"id":13072,"date":"2024-09-17T12:09:27","date_gmt":"2024-09-17T12:09:27","guid":{"rendered":"https:\/\/travelshelper.com\/staging\/?page_id=13072"},"modified":"2026-03-12T23:47:06","modified_gmt":"2026-03-12T23:47:06","slug":"andermatt","status":"publish","type":"page","link":"https:\/\/travelshelper.com\/de\/destinations\/europe\/switzerland\/andermatt\/","title":{"rendered":"Andermatt"},"content":{"rendered":"<p>Andermatt, ein Bergdorf und eine Gemeinde auf 1.437 Metern \u00fcber dem Meeresspiegel, nimmt eine zentrale Lage im Gotthardmassiv ein und dient als historischer Knotenpunkt der Nord-S\u00fcd- und Ost-West-Ausrichtung der Schweiz. Mit einer Bev\u00f6lkerung von 1.527 Einwohnern (Stand 2020) und einer Fl\u00e4che von 62,2 Quadratkilometern liegt es etwa 28 Kilometer s\u00fcdlich von Altdorf, der Kantonshauptstadt von Uri, und verankert die Quellgew\u00e4sser der Reuss im Urserental.<\/p>\n<p>Umgeben von den Gipfeln der Adula-Alpen pr\u00e4sentiert Andermatt ein Tableau alpinen Terrains, in dem 40,8 Prozent der Landesfl\u00e4che landwirtschaftlich genutzt werden, 5,5 Prozent mit Wald bedeckt sind und 52 Prozent unproduktiv sind und von Fl\u00fcssen, Gletschern und steilen H\u00e4ngen gepr\u00e4gt werden. Diese Zusammensetzung, gemessen in der Erhebung von 2006, spiegelt ein von Gletscheraktivit\u00e4ten und Jahrhunderten der Weidewirtschaft geformtes Tal wider, in dem alpine Wiesen in f\u00fcr Vegetation zu raue Felsvorspr\u00fcnge \u00fcbergehen und schmale Korridore die Reuss in Richtung der Sch\u00f6llenenschlucht leiten, einem steilen Abstieg, der das Dorf mit G\u00f6schenen und schlie\u00dflich mit dem Urnersee am Vierwaldst\u00e4ttersee verbindet.<\/p>\n<p>Von seiner Entstehung als Korridor, der \u00f6stliche Kantone wie Graub\u00fcnden (\u00fcber den Oberalppass auf 2.044 Metern) und westliche Regionen wie das Wallis (\u00fcber den Furkapass auf 2.436 Metern) verband, bis zu seiner Rolle als Anbindung an das Tessin \u00fcber den Gotthardpass auf 2.106 Metern hat Andermatt seine Funktion als Knotenpunkt seit dem fr\u00fchen 13. Jahrhundert bewahrt, als mit der Er\u00f6ffnung der Sch\u00f6llenenroute die Gotthardverbindung formalisiert wurde. Diese Bergpassagen \u2013 zusammen mit der gewaltigen Sch\u00f6llenenschlucht mit der Teufelsbr\u00fccke \u2013 haben das Dorf sowohl als Wegpunkt als auch als W\u00e4chter des Alpentransits gepr\u00e4gt.<\/p>\n<p>Arch\u00e4ologische Funde deuten auf menschliche Pr\u00e4senz im Urserental bereits 4000 v. Chr. hin. Neolithische Artefakte zeugen von der Ansiedlung von J\u00e4gern und Sammlern. W\u00e4hrend der r\u00f6mischen Herrschaft beherbergte das Hochtal wahrscheinlich helvetisch-keltische St\u00e4mme, obwohl die Fundamente des heutigen Andermatt auf alemannische Walser-Einwanderer zur\u00fcckgehen, die auf der Suche nach Weideland und Zuflucht in gro\u00dfer H\u00f6he Weiler gr\u00fcndeten, die sich um eine bescheidene Pfarrei herum ansiedelten, die 1203 als \u201ede Prato\u201c und sp\u00e4ter, 1290, als \u201eA der Matte\u201c erw\u00e4hnt wurde.<\/p>\n<p>Die Zugeh\u00f6rigkeit zum Benediktinerkloster Disentis bestimmte das Leben vor Ort jahrhundertelang; die kirchliche Aufsicht blieb bis 1649 bestehen, als die junge Schweizerische Eidgenossenschaft die geistliche Gerichtsbarkeit in zivile H\u00e4nde \u00fcbertrug, was umfassendere Ver\u00e4nderungen in der Schweizer Regierung widerspiegelte. Die strategische Bedeutung des Tals ging jedoch \u00fcber kirchliche Angelegenheiten hinaus: Am St. Patrick\u2019s Day 1608 verloren irische Grafen auf ihrer Reise \u00fcber den Gotthardpass Berichten zufolge einen Goldschatz an der Teufelsbr\u00fccke. Dieser Vorfall ist in der lokalen \u00dcberlieferung als \u201eVerlorener Schatz vom Gotthardpass\u201c verewigt, obwohl nie ein Fund dokumentiert wurde.<\/p>\n<p>Die Topographie der Sch\u00f6llenen ist mehr als nur ein Mythos. 1799 f\u00fchrte der russische General Alexander Suworow w\u00e4hrend seines Alpenfeldzugs Truppen durch die Schlucht. Ein Gedenkstein bei Andermatt erinnert an die beschwerliche \u00dcberquerung. Der polierte Stein tr\u00e4gt Inschriften mit Inschriften an die Soldaten, die den Strapazen des Berges standhielten. Zwei Jahrzehnte sp\u00e4ter, von 1818 bis 1831, wurde die Gotthardroute f\u00fcr Postkutschen nutzbar. Als letztes Refugium vor dem Gipfel profitierte Andermatt von einer florierenden Kurlandschaft, die Besucher mit Thermalbehandlungen und der Aussicht auf heilsame Luft anzog.<\/p>\n<p>Die Er\u00f6ffnung des Gotthardtunnels 1881 verlegte den Verkehr unter dem Talboden neu und beraubte Andermatt seiner Rolle als wichtigste Alpenverkehrsader. Die Bauarbeiten forderten Todesopfer unter den einheimischen Arbeitern und f\u00fchrten zu Unruhen, die durch milit\u00e4rische Interventionen niedergeschlagen wurden. Sie l\u00e4uteten eine \u00c4ra ein, in der Z\u00fcge das Dorf oberhalb umfuhren. Dennoch passte sich Andermatt an: 1885 ernannte die Eidgen\u00f6ssische Armee die Stadt zur Garnisonsstadt. Sie errichtete unterirdische Kommandogeb\u00e4ude, die f\u00fcr den Kriegsfall ausgelegt waren, und sp\u00e4ter ein Ausbildungszentrum, das bis heute als Ort der milit\u00e4rischen Ausbildung dient.<\/p>\n<p>Im Jahr 1946 wurden Pl\u00e4ne geschmiedet, das Urserental f\u00fcr Stauseen zur Wasserkraft zu stauen. Dies stie\u00df auf heftigen Widerstand, der 1950 die Entwicklung in Andermatt stoppte und das Projekt ins benachbarte G\u00f6schenertal verlegte. Diese Episode unterstreicht das Engagement der Einheimischen f\u00fcr den Landschaftsschutz, auch wenn das Tal durch die Unberechenbarkeit der Natur auf die Probe gestellt wurde, insbesondere in den Wintern 1951 und 1975, als Lawinen auf Wohngebiete niedergingen, Sch\u00e4den anrichteten und Menschenleben forderten.<\/p>\n<p>In den 1930er Jahren lie\u00df die wirtschaftliche Lage nach, als sich der Alpentourismus zunehmend den etablierten Ferienorten zuwandte und viele Hotels im Ursental \u2013 darunter jene, die von der Familie M\u00fcller, den Eigent\u00fcmern des Grand Hotel Bellevue und anderer einst im Tal verstreuter Einrichtungen, erbaut worden waren \u2013 verstummten oder \u00e4nderten ihren Zweck. Das Bellevue selbst wurde in den 1970er Jahren in Wohnungen umgewandelt und stand 1990 leer, bevor es kontrolliert abgerissen wurde.<\/p>\n<p>Gegen Ende des 20. Jahrhunderts erlebte Andermatt einen Aufschwung, als sich das Skigebiet als Alternative zu den Luxus-Skigebieten neu positionierte. Die Entwicklungsstrategie bestand darin, die H\u00e4nge des N\u00e4tschens mit dem Gemsstock an der S\u00fcdseite zu verbinden und \u00fcber den Glacier Express Sedrun und Disentis zu einem zusammenh\u00e4ngenden Ganzjahres-Resortnetz zu verbinden. Die Allianz Andermatt-Sedrun-Disentis, vereint unter der Schirmherrschaft der Matterhorn Gotthard Bahn, spiegelt die Ambitionen des 21. Jahrhunderts wider. Sie wird durch die Bahnanbindung unterst\u00fctzt, die den N\u00e4tschen noch besser mit den Pisten des Oberalps verbindet \u2013 derzeit nur mit der Bahn erreichbar \u2013 und ein erweitertes Skigebietsangebot verspricht.<\/p>\n<p>Dieser Wandel wurde von Anreizen f\u00fcr den Immobiliensektor begleitet. Durch einen Bundesbeschluss aus dem Jahr 2006 wurde Andermatt Swiss Alps von den Beschr\u00e4nkungen der Lex Koller ausgenommen und erm\u00f6glichte Ausl\u00e4ndern bis 2040 den Immobilienerwerb ohne Sondergenehmigung. Dies erm\u00f6glichte eine Investition von 1,8 Milliarden Franken unter der Leitung des Unternehmers Samih Sawiris und zog internationale K\u00e4ufer an, insbesondere amerikanische Investoren, die mit dem Kauf von Wohnungen im Wert von 14,2 Millionen Franken Anfang 2025 auf die geopolitischen Unsicherheiten im Ausland reagierten.<\/p>\n<p>Demographisch hat das Dorf Schwankungen unterworfen: Von 605 Einwohnern im Jahr 1799 auf 1.589 im Jahr 1970, schrumpfte die Einwohnerzahl bis 2000 auf 1.282 und lag Ende 2020 bei 1.527. Die vorherrschende Sprache ist Deutsch (95,2 Prozent im Jahr 2000), daneben gibt es kleinere portugiesische und italienische Gemeinden, und ein Zehntel der Einwohner besitzt die nicht-schweizerische Staatsb\u00fcrgerschaft; das Bildungsniveau ist beachtlich: Drei Viertel der 25- bis 64-J\u00e4hrigen haben einen Sekundar- oder Hochschulabschluss, und die Arbeitslosenquote liegt unter einem Prozent. Wirtschaftlich gesehen besch\u00e4ftigt der Prim\u00e4rsektor 51 Arbeitnehmer in 22 Unternehmen, der Sekund\u00e4rsektor 90 Personen in 13 Unternehmen und der Terti\u00e4rsektor 599 Arbeitnehmer in 78 Unternehmen.<\/p>\n<p>Klimatisch gesehen herrscht in Andermatt ein subarktisches Regime (\u201edfc\u201c laut K\u00f6ppen) mit durchschnittlich 139,4 Regentagen im Jahr und 1.423 Millimetern Niederschlag zwischen 1991 und 2020. Der November verzeichnet mit 142 Millimetern an 11,8 Tagen die h\u00f6chsten Niederschlagsmengen, der Juni verzeichnet mit 13,2 Tagen und 131 Millimetern die meisten Niederschlagsereignisse und der Februar bleibt mit 91 Millimetern an 11,4 Tagen der trockenste.<\/p>\n<p>Die Wintersportaktivit\u00e4ten konzentrieren sich auf zwei gro\u00dfe Skigebiete: den N\u00e4tschen, der sich im Nordosten erhebt und mit der Bahn erreichbar ist, und den Gemsstock im S\u00fcden. Beide bieten Pisten mit Liftanschluss und Talabfahrten, die bis Mitte M\u00e4rz befahrbar sind. Skibegeisterte sch\u00e4tzen die Abfahrten abseits der Pisten und den Tiefschnee, der diese Berge auszeichnet, und strategische Pl\u00e4ne sehen einheitliche Skikarusselle vor, in die auch die Pisten des Oberalps integriert werden.<\/p>\n<p>In kultureller Hinsicht pr\u00e4sentierte Andermatt einen eigens errichteten Konzertsaal, den ersten Veranstaltungsort f\u00fcr Kunst, der speziell f\u00fcr ein Alpendorf konzipiert wurde. Er wurde unter der Leitung von Constantinos Carydis an der Spitze der Berliner Philharmoniker er\u00f6ffnet. Der von Christina Seilern entworfene und von Sawiris finanzierte Saal symbolisiert Andermatts Entwicklung vom Verkehrsknotenpunkt zum Zentrum alpiner Kunst und bekr\u00e4ftigt die F\u00e4higkeit des Ortes, in seiner Bergkulisse Auff\u00fchrungen von internationalem Format zu veranstalten.<\/p>\n<p>Andermatt hat im Laufe seiner Geschichte wechselnde Str\u00f6mungen von Transit, Konflikten und Handel gemeistert und dabei seinen ausgepr\u00e4gten alpinen Charakter bewahrt, auch wenn sich Wirtschaft und Gesellschaft an moderne Anforderungen anpassen. Das von alten Routen und modernen Eisenbahnen durchzogene Tal, das sich zwischen Ackerbau und rauem Gel\u00e4nde bewegt, ist nach wie vor ein Sinnbild f\u00fcr das komplexe Zusammenspiel von Topografie und menschlichem Handeln in der Schweiz und l\u00e4dt zu Betrachtungen ein, die \u00fcber den blo\u00dfen Tourismus hinausgehen und die Widerstandsf\u00e4higkeit hochgelegener Gemeinden reflektieren.<\/p>\n<table>\n<thead>\n<tr>\n<th>Kategorie<\/th>\n<th>Information<\/th>\n<\/tr>\n<\/thead>\n<tbody>\n<tr>\n<td>Standort<\/td>\n<td>Andermatt, Schweiz (Zentralschweiz, Uri)<\/td>\n<\/tr>\n<tr>\n<td>H\u00f6he des Resorts<\/td>\n<td>1.444 m \u2013 2.600 m (4.738 ft \u2013 8.530 ft)<\/td>\n<\/tr>\n<tr>\n<td>Skisaison<\/td>\n<td>Mitte Dezember bis Anfang April<\/td>\n<\/tr>\n<tr>\n<td>Skipasspreise<\/td>\n<td>Erwachsene: CHF 89 (\u20ac95), Jugendliche: CHF 63 (\u20ac67), Kinder: CHF 45 (\u20ac48)<\/td>\n<\/tr>\n<tr>\n<td>\u00d6ffnungszeiten<\/td>\n<td>08:45 &#8211; 16:45<\/td>\n<\/tr>\n<tr>\n<td>Anzahl der Pisten<\/td>\n<td>70 km (43,5 Meilen) insgesamt<\/td>\n<\/tr>\n<tr>\n<td>Gesamte Pistenl\u00e4nge<\/td>\n<td>70 km (43,5 Meilen)<\/td>\n<\/tr>\n<tr>\n<td>L\u00e4ngster Lauf<\/td>\n<td>Nicht in den Daten angegeben<\/td>\n<\/tr>\n<tr>\n<td>Leichte Pisten<\/td>\n<td>18 km (26%)<\/td>\n<\/tr>\n<tr>\n<td>Moderate Steigungen<\/td>\n<td>40 km (57 %)<\/td>\n<\/tr>\n<tr>\n<td>Fortgeschrittene Pisten<\/td>\n<td>12 km (17%)<\/td>\n<\/tr>\n<tr>\n<td>Pistenrichtungen<\/td>\n<td>\/<\/td>\n<\/tr>\n<tr>\n<td>Nachtskifahren<\/td>\n<td>Verf\u00fcgbar (SnowNight Sedrun)<\/td>\n<\/tr>\n<tr>\n<td>Beschneiung<\/td>\n<td>Verf\u00fcgbar<\/td>\n<\/tr>\n<tr>\n<td>Gesamtaufz\u00fcge<\/td>\n<td>13<\/td>\n<\/tr>\n<tr>\n<td>Steigf\u00e4higkeit<\/td>\n<td>\/<\/td>\n<\/tr>\n<tr>\n<td>H\u00f6chster Lift<\/td>\n<td>2.600 m (8.530 Fu\u00df)<\/td>\n<\/tr>\n<tr>\n<td>Gondeln\/Seilbahnen<\/td>\n<td>1<\/td>\n<\/tr>\n<tr>\n<td>Sessellifte<\/td>\n<td>3<\/td>\n<\/tr>\n<tr>\n<td>Schlepplifte<\/td>\n<td>8<\/td>\n<\/tr>\n<tr>\n<td>Snowparks<\/td>\n<td>Verf\u00fcgbar<\/td>\n<\/tr>\n<tr>\n<td>Skiverleih<\/td>\n<td>Verf\u00fcgbar<\/td>\n<\/tr>\n<tr>\n<td>Apr\u00e8s-Ski<\/td>\n<td>Verf\u00fcgbar (als Top-Feature bewertet)<\/td>\n<\/tr>\n<\/tbody>\n<\/table>\n<article>\n<\/article>","protected":false},"excerpt":{"rendered":"<p>Andermatt, in den Schweizer Alpen gelegen, ist ein Beweis f\u00fcr die anhaltende Faszination der Schweizer Bergd\u00f6rfer. Die im Kanton Uri gelegene, sch\u00f6ne Stadt hat fast 1.500 Einwohner und ist ein wichtiger Knotenpunkt im komplexen Gef\u00fcge der Schweizer Geographie. Mit einer H\u00f6he von 1.437 Metern (4.715 Fu\u00df) \u00fcber dem Meeresspiegel ist Andermatt das Epizentrum des Gotthardmassivs, einer geologischen Formation, die nicht nur das physische Relief, sondern auch den historischen und kulturellen Wert der Region gepr\u00e4gt hat.<\/p>","protected":false},"author":1,"featured_media":2748,"parent":12907,"menu_order":0,"comment_status":"closed","ping_status":"closed","template":"elementor_theme","meta":{"_eb_attr":"","footnotes":""},"class_list":["post-13072","page","type-page","status-publish","has-post-thumbnail"],"_links":{"self":[{"href":"https:\/\/travelshelper.com\/de\/wp-json\/wp\/v2\/pages\/13072","targetHints":{"allow":["GET"]}}],"collection":[{"href":"https:\/\/travelshelper.com\/de\/wp-json\/wp\/v2\/pages"}],"about":[{"href":"https:\/\/travelshelper.com\/de\/wp-json\/wp\/v2\/types\/page"}],"author":[{"embeddable":true,"href":"https:\/\/travelshelper.com\/de\/wp-json\/wp\/v2\/users\/1"}],"replies":[{"embeddable":true,"href":"https:\/\/travelshelper.com\/de\/wp-json\/wp\/v2\/comments?post=13072"}],"version-history":[{"count":0,"href":"https:\/\/travelshelper.com\/de\/wp-json\/wp\/v2\/pages\/13072\/revisions"}],"up":[{"embeddable":true,"href":"https:\/\/travelshelper.com\/de\/wp-json\/wp\/v2\/pages\/12907"}],"wp:featuredmedia":[{"embeddable":true,"href":"https:\/\/travelshelper.com\/de\/wp-json\/wp\/v2\/media\/2748"}],"wp:attachment":[{"href":"https:\/\/travelshelper.com\/de\/wp-json\/wp\/v2\/media?parent=13072"}],"curies":[{"name":"wp","href":"https:\/\/api.w.org\/{rel}","templated":true}]}}