{"id":13039,"date":"2024-09-17T11:32:58","date_gmt":"2024-09-17T11:32:58","guid":{"rendered":"https:\/\/travelshelper.com\/staging\/?page_id=13039"},"modified":"2026-03-12T23:58:19","modified_gmt":"2026-03-12T23:58:19","slug":"champery","status":"publish","type":"page","link":"https:\/\/travelshelper.com\/de\/destinations\/europe\/switzerland\/champery\/","title":{"rendered":"Champ\u00e9ry"},"content":{"rendered":"<p>Im Kanton Wallis, genau dort, wo Schweizer in franz\u00f6sisches Gebiet \u00fcbergehen, liegt die Gemeinde Champ\u00e9ry, eine lineare Siedlung im Val-d&#039;Illiez, die seit 1839 als unabh\u00e4ngiges Gemeinwesen, getrennt von ihrer Muttergemeinde Val-d&#039;Illiez, verwaltet wird. Sie erstreckt sich \u00fcber eine Fl\u00e4che von genau 39 Quadratkilometern \u2013 davon sind 32,7 Prozent landwirtschaftlich genutzt, 33,4 Prozent bewaldet, 3,6 Prozent bebaut oder befahrbar und die restlichen 30,3 Prozent sind durch alpines Ger\u00f6ll und Fels unproduktiv. Im Dezember 2020 hatte Champ\u00e9ry 1.371 Einwohner, eine Zahl, die sowohl von seiner bescheidenen Gr\u00f6\u00dfe als auch von seiner anhaltenden Anziehungskraft auf Besucher und langj\u00e4hrige Bewohner gleicherma\u00dfen zeugt.<\/p>\n<p>Seit seiner ersten Erw\u00e4hnung im Jahr 1286 unter dem Namen Champery hat Champ\u00e9ry Zeiten des Wandels erlebt, die seine st\u00e4dtische Identit\u00e4t gepr\u00e4gt haben. Die Er\u00f6ffnung des Hotels Dent-du-Midi im Jahr 1857 kennzeichnete den ersten Vorsto\u00df des Dorfes in die strukturierte Gastfreundschaft und k\u00fcndigte seine Entwicklung zu einem Ferienort von internationalem Ruf an. \u00dcber ein Jahrhundert sp\u00e4ter, im Jahr 1969, wurde Champ\u00e9ry eines der Gr\u00fcnderd\u00f6rfer des Skigebiets Portes du Soleil \u2013 eines Gebiets, das sich zum weltweit gr\u00f6\u00dften transnationalen Skigebiet mit 194 Lifts und \u00fcber 650 Pistenkilometern zwischen der Schweiz und Frankreich entwickelte. Dieses doppelte Erbe aus mittelalterlichem Ursprung und moderner Erholung verleiht dem Dorf eine doppelte Sensibilit\u00e4t: die einer Gemeinde, die sich ihrer traditionellen Wurzeln bewusst ist, und die eines Reiseziels, das auf die Erfordernisse des modernen Alpentourismus eingestellt ist.<\/p>\n<p>Champ\u00e9ry liegt auf einer H\u00f6he von 1.050 Metern in einem schmalen Tal, das im S\u00fcdosten von den gezackten Bergketten der Dents-du-Midi und im Nordwesten von den Dents Blanches begrenzt wird. Seine Lage an der Grenze zu Frankreich macht es zu einer Schwelle zwischen Kulturen und Geografien, und seine Lage an der Eisenbahnlinie Aigle\u2013Ollon\u2013Monthey\u2013Champ\u00e9ry (AOMC) bietet eine schnelle Verbindung zum Knotenpunkt der Schweizerischen Bundesbahnen in Aigle \u2013 und von dort nach Genf, Bern und Basel. Die Hauptverkehrsstra\u00dfe des Dorfes wird ges\u00e4umt von traditionellen Holzchalets, die alle mit ihren verzierten Balkonen und steilen, \u00fcberh\u00e4ngenden D\u00e4chern die Handschrift Walliser Zimmermannskunst tragen, w\u00e4hrend die Stra\u00dfenebene durch sanft proportionierte Gesch\u00e4fte, gesellige Bars und Restaurants belebt wird, deren Fassaden sowohl lokalen Charakter als auch kosmopolitische Einfl\u00fcsse verraten. Auf seinem Gel\u00e4nde befindet sich noch immer eine der wenigen noch existierenden Glockengie\u00dfereien der Schweiz, ein \u00dcberbleibsel handwerklichen Unternehmertums, das an Epochen vor dem Aufstieg des Wintersports erinnert.<\/p>\n<p>Demografisch pr\u00e4sentiert sich Champ\u00e9ry wie ein Wandteppich aus einheimischen und ausl\u00e4ndischen Einfl\u00fcssen. Im Jahr 2008 machten Ausl\u00e4nder 23,0 Prozent der Bev\u00f6lkerung aus, was zu einem Bev\u00f6lkerungswachstum von 12,8 Prozent in den letzten zehn Jahren (2000\u20132010) beitrug \u2013 wovon 11,7 Prozent auf die Nettomigration zur\u00fcckzuf\u00fchren sind, w\u00e4hrend der nat\u00fcrliche Wandel unver\u00e4ndert blieb. Das sprachliche Profil wird von Franz\u00f6sisch dominiert, das von 90,0 Prozent der Einwohner als Muttersprache gesprochen wird; Deutsch und Englisch folgen mit Abstand mit 2,3 Prozent bzw. 2,2 Prozent, w\u00e4hrend Italienisch nur mit neun Personen vertreten ist. Die Geschlechterverteilung tendiert im selben Jahr leicht in Richtung M\u00e4nner (51,9 Prozent), und fast die H\u00e4lfte der derzeitigen Einwohner \u2013 46,0 Prozent \u2013 \u200b\u200bsind in Champ\u00e9ry geboren, w\u00e4hrend 15,2 Prozent aus anderen Teilen des Wallis, 17,3 Prozent aus anderen Schweizer Kantonen und 18,2 Prozent von au\u00dferhalb der Schweizer Grenzen stammen.<\/p>\n<p>Die Altersstruktur zeigt, dass 22,4 Prozent der Einwohner zwischen 0 und 19 Jahre alt sind, 60 Prozent zwischen 20 und 64 und 17,6 Prozent 65 Jahre und \u00e4lter \u2013 eine Verteilung, die sowohl eine starke Erwerbsbev\u00f6lkerung sichert als auch die Anwesenheit einer ehrw\u00fcrdigen Rentnerkohorte ber\u00fccksichtigt. Die Angaben zum Familienstand aus dem Jahr 2000 zeigen 436 ledige Personen, 551 verheiratete Personen, 62 Witwen oder Witwer und 58 Geschiedene. Die Haushaltszusammensetzung unterstreicht die abwechslungsreiche soziale Geometrie des Dorfes weiter: Die durchschnittliche Belegung der 458 Privathaushalte betr\u00e4gt 2,3 Personen, mit 160 Einpersonenwohnungen und 31 Wohnungen mit f\u00fcnf oder mehr Personen. Die Wohnbelegungsmuster unterstreichen den saisonalen Reiz von Champ\u00e9ry; Im Jahr 2000 waren 28,3 Prozent der 1.532 Wohnungen dauerhaft bewohnt, 65,8 Prozent dienten als Saisonwohnungen und 5,9 Prozent standen leer. Bis 2010 sank die Leerstandsquote jedoch auf 1,68 Prozent. Die Baut\u00e4tigkeit ist weiterhin rege; 2009 wurden 23,5 neue Wohneinheiten pro 1.000 Einwohner gebaut.<\/p>\n<p>Champ\u00e9ry weist eine niedrige Arbeitslosenquote von 2,8 Prozent im Jahr 2010 auf und wird von 525 Einwohnern unterst\u00fctzt, von denen 41 Prozent weiblich sind. Im prim\u00e4ren Sektor sind 36 Personen in 16 landwirtschaftlichen Betrieben besch\u00e4ftigt, w\u00e4hrend im sekund\u00e4ren Sektor 43 Arbeitnehmer in 14 Unternehmen arbeiten, die sich auf das verarbeitende Gewerbe (37,5 Prozent) und das Baugewerbe (32,5 Prozent) verteilen. Der terti\u00e4re Sektor ist mit 400 Besch\u00e4ftigten in 69 Betrieben am umfangreichsten; seine 314 Vollzeitstellen umfassen Gro\u00df- und Einzelhandel sowie Kfz-Reparatur (15,9 Prozent), Warenverkehr und -lagerung (3,2 Prozent), Gastgewerbe (36,9 Prozent), Versicherungen und Finanzen (0,6 Prozent), technische Berufe und Wissenschaften (0,6 Prozent), Bildung (18,2 Prozent) und Gesundheitswesen (eine Stelle). Champ\u00e9ry ist ein Nettoexporteur von Arbeitskr\u00e4ften: Im Jahr 2000 kamen 103 Arbeitnehmer in die Gemeinde, w\u00e4hrend 196 sie wieder verlie\u00dfen. 4,9 Prozent der Zuwanderer \u00fcberquerten dabei eine internationale Grenze. 61,0 Prozent der Pendler nutzen private Pkw als prim\u00e4res Verkehrsmittel, w\u00e4hrend 4,2 Prozent \u00f6ffentliche Verkehrsmittel nutzen.<\/p>\n<p>Die Religionszugeh\u00f6rigkeit spiegelt laut Volksz\u00e4hlung von 2000 eine \u00fcberwiegend r\u00f6misch-katholische Orientierung (73,9 Prozent) wider, erg\u00e4nzt durch eine Minderheit von 9,3 Prozent reformierter Schweizer Konfessionen. Andere christliche Konfessionen machen insgesamt etwa 3,3 Prozent aus, w\u00e4hrend der Islam mit 0,63 Prozent vertreten ist. Kleinere Gruppen bekennen sich zum Buddhismus oder anderen Glaubensrichtungen, 8,67 Prozent bezeichnen sich als konfessionslos oder agnostisch, und 4,97 Prozent enthielten sich der Angabe ihrer Religionszugeh\u00f6rigkeit.<\/p>\n<p>Im Winter entwickelt sich Champ\u00e9ry zum Epizentrum des Alpensports. Die Seilbahn Champ\u00e9ry\u2013Planachaux, die 125 Passagiere pro Kabine bef\u00f6rdern kann, und der Sechsersessellift in Grand-Paradis \u00fcberwinden unterschiedliche H\u00f6hen und erreichen das 2.000 Meter hohe Plateau der Portes du Soleil. Von dort haben Skifahrer und Snowboarder Zugang zu einem zusammenh\u00e4ngenden Skigebiet mit 194 Liften und \u00fcber 650 Pistenkilometern \u2013 das weltweit gr\u00f6\u00dfte internationale Skigebiet. Das Gel\u00e4nde des Resorts bietet f\u00fcr jeden K\u00f6nnergrad etwas: Der Sektor Borreguiles bietet sanfte, einfache Pisten, die ideal f\u00fcr Anf\u00e4nger sind; die mittelschweren roten und blauen Pisten, insbesondere die weitl\u00e4ufigen entlang des Grand-Paradis, f\u00fchren \u00fcber wellige Wiesen und durch L\u00e4rchenhaine; Und die Swiss Wall \u2013 eine ber\u00fcchtigte, unpr\u00e4parierte, von Buckeln \u00fcbers\u00e4te Rinne \u2013 stellt selbst absolute Profis vor eine enorme Herausforderung. Auch Snowboarder finden Herausforderung und Abwechslung: von den Spr\u00fcngen und der Halfpipe des Superparks bis hin zu Boardercross-Wettbewerben und Nightboarding-Sessions, die mittwochs und samstags unter eiskaltem Winterhimmel stattfinden. Abseits der Pisten pflegt Champ\u00e9ry seine Wintertradition mit Institutionen wie der Skating School of Switzerland, die von St\u00e9phane Lambiel gegr\u00fcndet wurde, und saisonalen Angeboten wie Schneeschuhwanderungen und Hundeschlittenfahrten.<\/p>\n<p>Wenn der Schnee schmilzt, erstrahlt das Dorf in seinem sommerlichen Glanz. 24 Sessellifte bef\u00f6rdern Wanderer und Mountainbiker \u00fcber mehr als 600 Kilometer Wanderwege. Die zerkl\u00fcfteten Bergr\u00fccken der Dents-du-Midi und Dents Blanches bieten Spazierwege mit unterschiedlichen Steigungen \u2013 jeder Weg bietet einen einzigartigen Ausblick auf Gletscherkare, Almen und subalpine W\u00e4lder. Das Palladium, das Schweizer Eissportzentrum, nutzt seine Anlagen f\u00fcr saisonale Camps und Wettk\u00e4mpfe, w\u00e4hrend in den angrenzenden Arenen Inlineskaten und Indoor-Klettern angeboten werden. Pferdekutschenfahrten f\u00fchren gem\u00fctlich durch das Tal, und Thermalb\u00e4der laden zur Erholung der beanspruchten Muskeln ein.<\/p>\n<p>F\u00fcr Familien legt Champ\u00e9ry besonderen Wert auf generationen\u00fcbergreifende Attraktivit\u00e4t. Der ESS Kids Club \u2013 in der N\u00e4he des Palladiums gelegen \u2013 bietet ein umfassendes Programm an Kinderbetreuung und Skikursen. Zauberteppiche und klimatisierte Spielzimmer erm\u00f6glichen es Eltern, anspruchsvollere Pisten sicher zu erkunden. Abseits der Pisten finden sich M\u00f6glichkeiten zum Curling, Rodeln und Reiten. Wer Geselligkeit sucht, trifft sich in lokalen Lokalen wie der Bar des Guides \u2013 einer gem\u00fctlichen Oase f\u00fcr geselliges Beisammensein nach dem Sport \u2013, bevor es abends in die Crevasse zieht, wo Musik und Tanz die Nacht beleben.<\/p>\n<p>Das kulinarische Angebot in Champ\u00e9ry spiegelt das Erbe der Walliser Tradition und des internationalen Einflusses wider. Dorfgastst\u00e4tten bieten typische alpine Gerichte \u2013 Fondue und Raclette aus lokalem K\u00e4se, kr\u00e4ftige Fleischeint\u00f6pfe mit regionalen Kr\u00e4utern \u2013 sowie Gerichte kosmopolitischer Herkunft. In der H\u00f6he beherbergt das Gebiet Portes du Soleil \u00fcber 90 Bergrestaurants, deren sonnenbeschienene Terrassen \u00fcber weiten T\u00e4lern thronen und wo G\u00e4ste bei einem gem\u00fctlichen Abendessen mit Panoramablick entspannen k\u00f6nnen.<\/p>\n<p>Durch Jahrhunderte landwirtschaftlicher Aktivit\u00e4ten, Perioden des Handwerks und Wellen touristisch getriebener Entwicklung hat Champ\u00e9ry die Integrit\u00e4t seines Bergmilieu bewahrt und sich gleichzeitig vom mittelalterlichen Weiler zu einem Sinnbild transnationaler Alpenkultur entwickelt. Seine Chalets \u2013 aus Holz und geteertem Stein gehauen \u2013 sind stille Zeugnisse der Generationenkontinuit\u00e4t, auch wenn Skifahrer und Wanderer dieselben H\u00e4nge und Grate befahren, die einst die Grenze zwischen feudalen Herrschaftsgebieten markierten. In dieser Verschmelzung von Vergangenheit und Gegenwart geht das Dorf \u00fcber die blo\u00dfe Erholung hinaus; es bleibt ein Ort, an dem sich Geographie, Geschichte und Gemeinschaftsleben im Schatten der Dents-du-Midi verflechten.<\/p>","protected":false},"excerpt":{"rendered":"<p>Champ\u00e9ry ist eine malerische Gemeinde im Bezirk Monthey des Schweizer Kantons Wallis, eingebettet in die Schweizer Alpen. Auf einer H\u00f6he von rund 1.050 Metern bietet das kleine Alpenst\u00e4dtchen mit seinen rund 1.300 Einwohnern einen atemberaubenden Blick auf die umliegenden Berge und T\u00e4ler. Champ\u00e9rys strategische Lage an der franz\u00f6sischen Grenze, seine reiche Vergangenheit und seine modernen Annehmlichkeiten machen es zu einem begehrten Ziel f\u00fcr Sommerentdecker und Wintersportler.<\/p>","protected":false},"author":1,"featured_media":3047,"parent":12907,"menu_order":0,"comment_status":"closed","ping_status":"closed","template":"elementor_theme","meta":{"_eb_attr":"","footnotes":""},"class_list":["post-13039","page","type-page","status-publish","has-post-thumbnail"],"_links":{"self":[{"href":"https:\/\/travelshelper.com\/de\/wp-json\/wp\/v2\/pages\/13039","targetHints":{"allow":["GET"]}}],"collection":[{"href":"https:\/\/travelshelper.com\/de\/wp-json\/wp\/v2\/pages"}],"about":[{"href":"https:\/\/travelshelper.com\/de\/wp-json\/wp\/v2\/types\/page"}],"author":[{"embeddable":true,"href":"https:\/\/travelshelper.com\/de\/wp-json\/wp\/v2\/users\/1"}],"replies":[{"embeddable":true,"href":"https:\/\/travelshelper.com\/de\/wp-json\/wp\/v2\/comments?post=13039"}],"version-history":[{"count":0,"href":"https:\/\/travelshelper.com\/de\/wp-json\/wp\/v2\/pages\/13039\/revisions"}],"up":[{"embeddable":true,"href":"https:\/\/travelshelper.com\/de\/wp-json\/wp\/v2\/pages\/12907"}],"wp:featuredmedia":[{"embeddable":true,"href":"https:\/\/travelshelper.com\/de\/wp-json\/wp\/v2\/media\/3047"}],"wp:attachment":[{"href":"https:\/\/travelshelper.com\/de\/wp-json\/wp\/v2\/media?parent=13039"}],"curies":[{"name":"wp","href":"https:\/\/api.w.org\/{rel}","templated":true}]}}