{"id":12907,"date":"2024-09-17T00:26:15","date_gmt":"2024-09-17T00:26:15","guid":{"rendered":"https:\/\/travelshelper.com\/staging\/?page_id=12907"},"modified":"2026-03-12T23:47:53","modified_gmt":"2026-03-12T23:47:53","slug":"schweiz","status":"publish","type":"page","link":"https:\/\/travelshelper.com\/de\/destinations\/europe\/switzerland\/","title":{"rendered":"Schweiz"},"content":{"rendered":"<p>Die Schweiz pr\u00e4sentiert sich als kompaktes Gemeinwesen mit einer Fl\u00e4che von 41.285 Quadratkilometern in Mittelwesteuropa. Sie grenzt im S\u00fcden an Italien, im Westen an Frankreich, im Norden an Deutschland sowie im Osten an \u00d6sterreich und Liechtenstein. Die Schweizerische Eidgenossenschaft mit rund neun Millionen Einwohnern vereint verschiedene Sprach- und Kulturregionen \u2013 Deutsch, Franz\u00f6sisch, Italienisch und R\u00e4toromanisch \u2013 in einer f\u00f6deralen Struktur mit 26 Kantonen, wobei Bern der Sitz der Bundesbeh\u00f6rde ist. Geografisch aufgeteilt in das Schweizer Mittelland, die Alpen und den Jura, konzentriert sich die Bev\u00f6lkerung des Landes mit den wichtigsten st\u00e4dtischen Zentren \u2013 Z\u00fcrich, Genf und Lausanne \u2013 auf dem Mittelland, w\u00e4hrend die Hochalpen den gr\u00f6\u00dferen Fl\u00e4chenanteil einnehmen.<\/p>\n<p>Seit ihren Anf\u00e4ngen im sp\u00e4ten 13. Jahrhundert als Verteidigungs- und Handelsb\u00fcndnis, gegr\u00fcndet durch die Bundesurkunde von 1291, hat sich die Schweiz durch Zyklen externer Herausforderungen und innerer Transformationen zu einer Republik entwickelt, die sich durch die Prinzipien des F\u00f6deralismus und der direkten Demokratie auszeichnet. Der Westf\u00e4lische Friede von 1648 erkannte die Unabh\u00e4ngigkeit der Eidgenossenschaft vom Heiligen R\u00f6mischen Reich an und machte sie zu einer der wenigen dauerhaften Republiken der Fr\u00fchen Neuzeit. Die Umw\u00e4lzungen des sp\u00e4ten 18. und fr\u00fchen 19. Jahrhunderts \u2013 gepr\u00e4gt von der Einf\u00fchrung und sp\u00e4teren Aufl\u00f6sung der Helvetischen Republik unter napoleonischer Schirmherrschaft \u2013 gipfelten in der Verfassung von 1848, die individuelle Rechte, Gewaltenteilung und ein Zweikammerparlament verankerte und damit den Grundstein f\u00fcr den modernen Bundesstaat legte.<\/p>\n<p>Die seit dem 16. Jahrhundert bestehende und seit 1815 durch keine internationalen Konflikte unterbrochene Politik der bewaffneten Neutralit\u00e4t der Schweiz hat ihre Rolle in der globalen Diplomatie untermauert. Obwohl die Eidgenossenschaft erst 2002 den Vereinten Nationen beitrat, betreibt sie eine aktive Aussenpolitik durch die Beteiligung an Friedensbem\u00fchungen und der globalen Governance. Das 1863 in Genf gegr\u00fcndete Rote Kreuz und die Pr\u00e4senz wichtiger internationaler Institutionen \u2013 darunter die Welthandelsorganisation, die Weltgesundheitsorganisation, die Internationale Arbeitsorganisation, die FIFA, das Weltwirtschaftsforum und die Vertretungen der Vereinten Nationen \u2013 belegen den Status der Schweiz als Zentrum multilateralen Engagements. Als Gr\u00fcndungsmitglied der Europ\u00e4ischen Freihandelsassoziation geh\u00f6rt die Schweiz zwar nicht zur Europ\u00e4ischen Union, zum Europ\u00e4ischen Wirtschaftsraum und zur Eurozone, nimmt jedoch \u00fcber bilaterale Abkommen am europ\u00e4ischen Binnenmarkt und am Schengen-Raum teil.<\/p>\n<p>Wirtschaftlich z\u00e4hlt die Schweiz zu den am weitesten entwickelten L\u00e4ndern der Welt. Sie verzeichnet den h\u00f6chsten nominalen Wohlstand pro Erwachsenem und geh\u00f6rt gemessen am Bruttoinlandsprodukt zu den f\u00fchrenden Volkswirtschaften pro Kopf. Wettbewerbsf\u00e4higkeitsindizes, Kennzahlen zur demokratischen Regierungsf\u00fchrung und Bewertungen der Pressefreiheit platzieren die Schweiz allesamt in der Spitzengruppe der Nationen. Z\u00fcrich, Genf und Basel rangieren konstant in Rankings zur Lebensqualit\u00e4t, obwohl diese Zentren gleichzeitig zu den Weltst\u00e4dten mit hohen Lebenshaltungskosten z\u00e4hlen. Der Bankensektor und die spezialisierten Industrien des Landes \u2013 insbesondere die Pr\u00e4zisionsuhrmacherei und die Schokoladenherstellung \u2013 pr\u00e4gen seit langem seinen internationalen Ruf und trugen zu seiner Position als dreizehntgr\u00f6\u00dfter Exporteur weltweit und f\u00fcnftgr\u00f6\u00dfter Exporteur pro Kopf bei.<\/p>\n<p>Topographisch erstreckt sich die Schweiz zwischen dem 45. und 48. Breitengrad und dem 5. und 11. L\u00e4ngengrad und umfasst drei Hauptregionen. Im S\u00fcden nehmen die Schweizer Alpen fast 60 Prozent des Staatsgebiets ein und erreichen mit 48 Gipfeln eine H\u00f6he von \u00fcber 4000 Metern. Der Monte Rosa ist 4634 Meter hoch, w\u00e4hrend das Matterhorn mit 4478 Metern ein Wahrzeichen ist. In den Walliser Alpen entspringen auch die gro\u00dfen Fl\u00fcsse Rhein, Inn, Ticino und Rhone, die in alle Himmelsrichtungen flie\u00dfen, Europas hydrografisches Netz bilden und den Genfersee (Lac L\u00e9man), den Bodensee und den Lago Maggiore speisen. Gletscher bedecken rund 1063 Quadratkilometer und die 1500 Seen des Landes stellen 6 Prozent der europ\u00e4ischen S\u00fc\u00dfwasservorr\u00e4te dar. Umfangreiche Flussregulierungen \u2013 Kanalisierung, Staud\u00e4mme und unterirdische Leitungen \u2013 mindern das Risiko von \u00dcberschwemmungen, Erdrutschen und Lawinen, w\u00e4hrend das Grundwasser 80 Prozent des Trinkwassers liefert.<\/p>\n<p>N\u00f6rdlich der Hochalpen erstreckt sich das Schweizer Mittelland mit seinen h\u00fcgeligen Weiden, Obstg\u00e4rten und W\u00e4ldern. Auf seinen B\u00f6den werden Ackerbau und Viehzucht betrieben. Das Mittelland beherbergt die wichtigsten st\u00e4dtischen Ballungsr\u00e4ume und den Gro\u00dfteil der neun Millionen Einwohner. Im Nordwesten bildet das Juragebirge eine niedrigere, teilweise bewaldete Gebirgskette. In diese Regionen eingebettet liegen zwei Enklaven \u2013 B\u00fcsingen, verwaltet von Deutschland, und Campione d&#039;Italia, verwaltet von Italien \u2013, die jeweils vollst\u00e4ndig von Schweizer Gebiet umgeben sind.<\/p>\n<p>Klimatisch variiert das gem\u00e4\u00dfigte Klima der Eidgenossenschaft stark mit der H\u00f6he. Die alpinen H\u00f6henlagen sind ganzj\u00e4hrig von Gletschern gepr\u00e4gt, w\u00e4hrend die tiefer gelegenen s\u00fcdlichen T\u00e4ler nahezu mediterrane W\u00e4rme aufweisen und in abgelegenen Senken k\u00e4lteresistente Palmen wachsen lassen. Die Sommermonate bringen W\u00e4rme und gelegentliche Niederschl\u00e4ge, die den Weidefl\u00e4chen zugutekommen, w\u00e4hrend stabile winterliche Hochdruckgebiete in den Bergen k\u00e4ltere Luft darunter einschlie\u00dfen k\u00f6nnen und Inversionsschichten bilden, die die Sonneneinstrahlung in den T\u00e4lern verdecken. Das F\u00f6hnph\u00e4nomen \u2013 ein ungew\u00f6hnlich warmer, trockener Wind, der bei s\u00fcdw\u00e4rts gerichteten Niederschl\u00e4gen die Nordh\u00e4nge herabweht \u2013 kann das ganze Jahr \u00fcber auftreten und ist in T\u00e4lern, die entlang von S\u00fcd-Nord-Korridoren verlaufen, am st\u00e4rksten ausgepr\u00e4gt. Inneralpine Becken, wie die in Graub\u00fcnden und im Wallis, weisen geringere Niederschl\u00e4ge auf, Bedingungen, die den Weinbau seit der R\u00f6merzeit beg\u00fcnstigen und weiterhin Weine hervorbringen \u2013 haupts\u00e4chlich Chasselas in nach Fendant benannten Lagen und Pinot Noir, wobei Merlot im italienischsprachigen Kanton Tessin dominiert. Die feuchtesten Gebiete liegen in den Hochalpen und im Tessin, wo sporadische, heftige St\u00fcrme lange Sonnenscheinperioden unterbrechen.<\/p>\n<p>Die politische Struktur beruht auf der F\u00f6deration der 26 Kantone, die jeweils \u00fcber eine eigene Verfassung, ein eigenes Parlament, eine eigene Regierung, eine eigene Justiz und eine eigene Polizei verf\u00fcgen. Die Bev\u00f6lkerungszahl der Kantone reicht von knapp \u00fcber 16.000 in Appenzell Innerrhoden bis zu fast 1,5 Millionen in Z\u00fcrich, w\u00e4hrend ihre territoriale Ausdehnung zwischen 37 Quadratkilometern in Basel-Stadt und 7.105 Quadratkilometern in Graub\u00fcnden variiert. Gem\u00e4\u00df der Bundesverfassung ist jeder Kanton parit\u00e4tisch, mit Ausnahme von sechs \u201eHalbkantonen\u201c, deren Vertretung im St\u00e4nderat halbiert ist.<\/p>\n<p>Die Verkehrsinfrastruktur spiegelt das Engagement des Bundes f\u00fcr Konnektivit\u00e4t und Nachhaltigkeit wider. Sein 5.250 Kilometer langes und nahezu vollst\u00e4ndig elektrifiziertes Schienennetz bef\u00f6rdert j\u00e4hrlich \u00fcber 600 Millionen Fahrg\u00e4ste. 2015 legten die Einwohner der Schweiz durchschnittlich 2.550 Kilometer pro Jahr mit der Bahn zur\u00fcck \u2013 ein europ\u00e4ischer Rekord. Die staatlichen Schweizerischen Bundesbahnen betreiben 60 Prozent des Normalspurnetzes, und Unternehmen wie die BLS AG, die Rh\u00e4tische Bahn und die Matterhorn Gotthard Bahn bedienen zus\u00e4tzliche Strecken, darunter UNESCO-gesch\u00fctzte Linien und den Glacier Express. Der Gotthard-Basistunnel ist f\u00fcr den Alpentransit von zentraler Bedeutung. Er f\u00fchrt \u00fcber 57,1 Kilometer unter den Alpen hindurch und ist damit der l\u00e4ngste und tiefste Eisenbahntunnel der Welt. Er bildet das Herzst\u00fcck der Neuen Eisenbahn-Alpentransversale. Die mautfreien, aber an eine Jahresvignette gebundenen Autobahnen sind 1.638 Kilometer lang und geh\u00f6ren damit zu den dichtesten Autobahnnetzen der Welt.<\/p>\n<p>Der Flugverkehr wird haupts\u00e4chlich vom Flughafen Z\u00fcrich bedient, der 2012 22,8 Millionen Passagiere abfertigte, gefolgt von Genf, dem EuroAirport Basel-M\u00fclhausen-Freiburg, den Flugh\u00e4fen Bern, Lugano, St. Gallen-Altenrhein und Sion. Swiss International Air Lines \u2013 mit Sitz in Basel und Drehkreuz Z\u00fcrich \u2013 fungiert als nationale Fluggesellschaft.<\/p>\n<p>Demografisch gesehen hat sich die Bev\u00f6lkerung der Schweiz zwischen 1800 und 1990 vervierfacht, angetrieben durch Industrialisierung und Einwanderung. Aktuelle Prognosen gehen von weiterem Wachstum bis 2035 aus, das vor allem durch Zuz\u00fcge getrieben wird. Die Geburtenrate liegt nahe dem Reproduktionsniveau, und das Durchschnittsalter von 44,5 Jahren markiert eine der \u00e4ltesten Bev\u00f6lkerungen der Welt. Ethnisch betrachtet machen Schweizer Staatsangeh\u00f6rige rund 69 Prozent der Bev\u00f6lkerung aus. Der Rest setzt sich aus Deutschen, Italienern, Portugiesen, Franzosen, Kosovaren, T\u00fcrken und anderen Gemeinschaften zusammen, neben einer Roma-Minderheit von sch\u00e4tzungsweise 30.000. Ausl\u00e4nder machen ein Viertel der fast neun Millionen Einwohner aus und repr\u00e4sentieren eine ungew\u00f6hnlich breite Vielfalt globaler Herkunft.<\/p>\n<p>Das kulturelle Leben erw\u00e4chst aus der Verflechtung der Sprachregionen und dem gemeinsamen alpinen Erbe. Vier Landessprachen pr\u00e4gen lokale Br\u00e4uche und k\u00fcnstlerische Ausdrucksformen, w\u00e4hrend die romanischsprachigen Enklaven Graub\u00fcndens im Oberrhein- und Inntal einzigartige Sprachtraditionen bewahren. Kreative Pers\u00f6nlichkeiten \u2013 vom Schriftsteller bis zum Komponisten \u2013 sind sowohl in der Schweiz entstanden als auch von dort angezogen worden, insbesondere in Zeiten kontinentaler Konflikte. Rund tausend Museen zeugen von der Hingabe an Kunst, Geschichte und Wissenschaft, und j\u00e4hrliche Veranstaltungen \u2013 das Paleo Festival, das Lucerne Festival, das Montreux Jazz Festival, das Internationale Filmfestival Locarno und die Art Basel \u2013 ziehen ein internationales Publikum an. Die Eidgenossenschaft hat den Eurovision Song Contest dreimal ausgerichtet: die Premiere 1956 in Lugano, die Austragung 1989 in Lausanne und die Austragung 2025 in Basel; zu den Schweizer Siegern z\u00e4hlen Lys Assia 1956, C\u00e9line Dion 1988 und Nemo 2024.<\/p>\n<p>Die alpine Symbolik pr\u00e4gt die Schweizer Identit\u00e4t und wird in Musik, Tanz, Holzschnitzerei, Poesie und Stickereien zum Ausdruck gebracht. Volkskunstinstitutionen pflegen Traditionen, die vom Alphornspiel \u2013 dessen klangvolle Holzr\u00f6hren an Bergt\u00e4ler erinnern \u2013 bis hin zu Jodeln und Akkordeonmusik reichen. In den Berggemeinden ist das Hirtenleben nach wie vor allgegenw\u00e4rtig, wo bescheidene Bauernh\u00f6fe und weidendes Vieh die Kontinuit\u00e4t jahrhundertealter Br\u00e4uche symbolisieren.<\/p>\n<p>Die K\u00fcche spiegelt regionale Gegebenheiten und kulturelle Affinit\u00e4ten wider. Universelle Gerichte \u2013 Fondue, Raclette und R\u00f6sti \u2013 stehen neben lokalen Spezialit\u00e4ten wie Z\u00fcrcher Geschnetzeltem, die jeweils mit regionalen Milchprodukten und bekannten K\u00e4sesorten wie Gruy\u00e8re und Emmentaler zubereitet werden. In der Westschweiz gibt es zahlreiche gehobene Restaurants, und die Schokoladenherstellung \u2013 deren Urspr\u00fcnge bis ins 18. Jahrhundert zur\u00fcckreichen \u2013 erreichte im sp\u00e4ten 19. Jahrhundert durch Erfinder wie Daniel Peter eine technische Weiterentwicklung. Mit seiner Erfindung von Vollmilchschokolade aus dem Jahr 1875 wurde die Schweiz zum weltweit f\u00fchrenden Pro-Kopf-Schokoladenkonsumeur.<\/p>\n<p>Die Weinbautradition reicht bis ins antike Rom zur\u00fcck und floriert heute noch in den Weinbergen des Wallis, der Waadt, Genf und des Tessins. Chasselas und Pinot Noir dominieren die wei\u00dfen bzw. roten Sorten. Ihr Anbau ist gepr\u00e4gt von unterschiedlichen B\u00f6den und Mikroklimata.<\/p>\n<p>Outdoor-Freizeitaktivit\u00e4ten verschmelzen mit Verkehrskorridoren, sodass die Reise selbst zu einem integralen Bestandteil des Erlebnisses wird. Skifahren genie\u00dft weltweite Anerkennung, w\u00e4hrend Wandern und Mountainbiken alpine Pfade durchziehen, die von zug\u00e4nglichen T\u00e4lern bis zur beeindruckenden Eiger-Nordwand reichen, deren Besteigungen \u2013 mit historischen Opfern verbunden \u2013 einen nahezu mythischen Status erlangt haben. Eisenbahnen und Stra\u00dfen, die sich durch Bergp\u00e4sse schl\u00e4ngeln, geben den Blick frei auf Gipfel, Gletscher und Seen und sorgen daf\u00fcr, dass die topografischen Reicht\u00fcmer der Schweiz nicht nur als Gegenstand der Betrachtung, sondern auch als Fortbewegungsmittel wahrgenommen werden.<\/p>\n<p>Dank der Kombination aus f\u00f6deraler Staatsf\u00fchrung, geografischer Vielfalt, wirtschaftlicher Vitalit\u00e4t und kulturellem Pluralismus bewahrt die Schweiz eine einheitliche nationale Identit\u00e4t, die auf gemeinsamen Werten der direkten Demokratie und der alpinen Symbolik wurzelt. Ihre Entwicklung vom mittelalterlichen Kantonsbund zum modernen Staat veranschaulicht die Synthese aus lokaler Autonomie und kollektivem Willen \u2013 ein Modell, das das Leben in der Schweiz auch angesichts der Herausforderungen einer sich wandelnden Welt pr\u00e4gt.<\/p>\n<p>Als Zeugin jahrhundertelanger politischer Innovation, ingenieurstechnischer Meisterleistungen und k\u00fcnstlerischer Bem\u00fchungen erweist sich die Schweiz nicht nur als Reiseziel, sondern auch als Beispiel daf\u00fcr, wie eine ma\u00dfvolle Regierungsf\u00fchrung, der Respekt vor regionaler Heterogenit\u00e4t und eine entschlossene Haltung zur Neutralit\u00e4t zu einer wohlhabenden und stabilen Gesellschaft zusammenwachsen k\u00f6nnen, deren nat\u00fcrliche Gr\u00f6\u00dfe und gesellschaftliche Errungenschaften untrennbar miteinander verbunden bleiben.<\/p>","protected":false},"excerpt":{"rendered":"<p>Die Schweiz, ein Binnenstaat im Zentrum Westeuropas, z\u00e4hlte im Jahr 2023 rund 8,7 Millionen Einwohner. Strategisch g\u00fcnstig am Schnittpunkt mehrerer bedeutender europ\u00e4ischer Nationen gelegen, grenzt dieses kleine, aber m\u00e4chtige Land im Norden an Deutschland, im Westen an Frankreich, im S\u00fcden an Italien und im Osten an \u00d6sterreich und Liechtenstein. Obwohl die meisten Menschen im Schweizer Mittelland leben, wo sich die gr\u00f6\u00dften St\u00e4dte und Wirtschaftszentren wie Z\u00fcrich, Genf und Basel befinden, dominieren die pr\u00e4chtigen Alpen die Schweizer Landschaft und nehmen einen betr\u00e4chtlichen Teil der Landesfl\u00e4che ein.<\/p>","protected":false},"author":1,"featured_media":3506,"parent":24078,"menu_order":0,"comment_status":"closed","ping_status":"closed","template":"elementor_theme","meta":{"_eb_attr":"","footnotes":""},"class_list":["post-12907","page","type-page","status-publish","has-post-thumbnail"],"_links":{"self":[{"href":"https:\/\/travelshelper.com\/de\/wp-json\/wp\/v2\/pages\/12907","targetHints":{"allow":["GET"]}}],"collection":[{"href":"https:\/\/travelshelper.com\/de\/wp-json\/wp\/v2\/pages"}],"about":[{"href":"https:\/\/travelshelper.com\/de\/wp-json\/wp\/v2\/types\/page"}],"author":[{"embeddable":true,"href":"https:\/\/travelshelper.com\/de\/wp-json\/wp\/v2\/users\/1"}],"replies":[{"embeddable":true,"href":"https:\/\/travelshelper.com\/de\/wp-json\/wp\/v2\/comments?post=12907"}],"version-history":[{"count":0,"href":"https:\/\/travelshelper.com\/de\/wp-json\/wp\/v2\/pages\/12907\/revisions"}],"up":[{"embeddable":true,"href":"https:\/\/travelshelper.com\/de\/wp-json\/wp\/v2\/pages\/24078"}],"wp:featuredmedia":[{"embeddable":true,"href":"https:\/\/travelshelper.com\/de\/wp-json\/wp\/v2\/media\/3506"}],"wp:attachment":[{"href":"https:\/\/travelshelper.com\/de\/wp-json\/wp\/v2\/media?parent=12907"}],"curies":[{"name":"wp","href":"https:\/\/api.w.org\/{rel}","templated":true}]}}