{"id":12865,"date":"2024-09-17T00:02:43","date_gmt":"2024-09-17T00:02:43","guid":{"rendered":"https:\/\/travelshelper.com\/staging\/?page_id=12865"},"modified":"2026-03-12T23:49:44","modified_gmt":"2026-03-12T23:49:44","slug":"schweden","status":"publish","type":"page","link":"https:\/\/travelshelper.com\/de\/destinations\/europe\/sweden\/","title":{"rendered":"Schweden"},"content":{"rendered":"<p>Schweden, offiziell das K\u00f6nigreich Schweden, nimmt den \u00f6stlichen Teil der skandinavischen Halbinsel in Nordeuropa ein. Es umfasst eine Fl\u00e4che von 450.295 Quadratkilometern und hat rund 10,6 Millionen Einwohner, von denen 88 Prozent in st\u00e4dtischen Zentren leben, die gr\u00f6\u00dftenteils in der mittleren und s\u00fcdlichen H\u00e4lfte des Landes konzentriert sind. Im Westen und Norden an Norwegen und im Osten an Finnland grenzt Schweden und ist sowohl nach Landmasse und Bev\u00f6lkerungszahl der gr\u00f6\u00dfte nordische Staat als auch der f\u00fcnftgr\u00f6\u00dfte auf dem europ\u00e4ischen Kontinent. Seine Hauptstadt Stockholm erstreckt sich \u00fcber eine Inselgruppe an der Schnittstelle von M\u00e4larsee und Ostsee und ist Mittelpunkt des politischen, wirtschaftlichen und kulturellen Lebens eines Staates, der seit seiner Gr\u00fcndung im sp\u00e4ten 10. Jahrhundert eine bleibende Geschichte maritimer St\u00e4rke, territorialer Vorherrschaft und fortschrittlicher Sozialpolitik geschrieben hat.<\/p>\n<p>Die ersten menschlichen Pr\u00e4senzen im heutigen Schweden datieren auf etwa 12.000 v. Chr. zur\u00fcck, als Pionierj\u00e4ger und Sammler im Zuge des R\u00fcckzugs der Eismassen nordw\u00e4rts vordrangen. Im Laufe der folgenden Jahrtausende schlossen sich diese unterschiedlichen Gruppen zu den Gaten und Svear zusammen \u2013 V\u00f6lkern, deren maritime Geschick ihnen mit der Zeit einen Platz unter den nordischen Seefahrern sicherte, die den Nordatlantik kartierten. Gegen Ende des 10. Jahrhunderts begann sich ein einheitliches schwedisches Staatswesen zu entwickeln, dessen Autorit\u00e4t unter einer Monarchie gefestigt wurde, die das Land sp\u00e4ter durch die Kalmarer Union (1397\u20131523) an der Seite D\u00e4nemarks und Norwegens und anschlie\u00dfend durch die Wirren des Drei\u00dfigj\u00e4hrigen Krieges f\u00fchrte. Dieser Konflikt leitete eine \u00c4ra imperialer Ambitionen ein; schwedische Banner wehten \u00fcber weiten Teilen der Ostseek\u00fcste, w\u00e4hrend sich das entstehende Reich bis ins fr\u00fche 18. Jahrhundert als europ\u00e4ische Gro\u00dfmacht behauptete. Obwohl die \u00f6stliche Provinz Finnlands 1809 an das kaiserliche Russland abgetreten wurde und Schwedens letztes kriegerisches Unternehmen \u2013 eine erzwungene Union mit Norwegen im Jahr 1814 \u2013 sich als kurzlebig erwies, schlug das Land danach einen Kurs der Neutralit\u00e4t und der sozialen Reformen ein, der seine moderne Identit\u00e4t vorwegnahm.<\/p>\n<p>In der heutigen konstitutionellen Monarchie und parlamentarischen Demokratie liegt die gesetzgebende Gewalt beim Einkammerparlament, dem Reichstag. Dieser besteht aus 349 gew\u00e4hlten Abgeordneten, die einen Einheitsstaat mit 21 Landkreisen und 290 Gemeinden vertreten. Ein Kennzeichen schwedischer Regierungsf\u00fchrung seit dem 19. Jahrhundert ist der Ausbau der allgemeinen sozialen Wohlfahrt: Gesundheitsversorgung und Hochschulbildung werden \u00f6ffentlich finanziert. Dies st\u00fctzt eine Gesellschaft, die im Index der menschlichen Entwicklung weltweit den f\u00fcnften Platz belegt und f\u00fcr Exzellenz in so unterschiedlichen Bereichen wie Geschlechtergleichstellung, Einkommensparit\u00e4t und b\u00fcrgerlichen Freiheiten bekannt ist. Nach dem Beitritt zur Europ\u00e4ischen Union am 1. Januar 1995 und zur NATO am 7. M\u00e4rz 2024 ist Schweden aktives Mitglied der Vereinten Nationen, des Schengen-Raums, des Europarats, des Nordischen Rates, der WTO und der OECD, bewahrt sich aber gleichzeitig seine historische Ambivalenz gegen\u00fcber bewaffneten Konflikten.<\/p>\n<p>Geografisch erstreckt sich Schweden vom 55. bis 69. Breitengrad und haupts\u00e4chlich vom 11. bis 25. L\u00e4ngengrad und bildet damit ein Land von bemerkenswerter topografischer Vielfalt. Die skandinavische Gebirgskette bildet die westliche Grenze zu Norwegen und bringt gewaltige Fl\u00fcsse hervor \u2013 die lokal als \u00c4lvar bekannt sind \u2013, deren l\u00e4ngster Lauf, das System Klar\u00e4lven-G\u00f6ta \u00e4lv, in Mittelnorwegen entspringt und sich \u00fcber 1.160 Kilometer erstreckt, bevor es bei G\u00f6teborg das Meer erreicht. Im Gegensatz dazu nutzen die M\u00fchlen der s\u00fcdlichen H\u00e4lfte schmalere \u00c4r, um ein dichtes Netz st\u00e4dtischer und landwirtschaftlicher Siedlungen zu versorgen. Im Landesinneren bedecken W\u00e4lder etwa 65 Prozent des Landes und liefern Holzressourcen, die neben Wasserkraft und Eisenerz die Grundlage einer exportorientierten Wirtschaft bilden, in der der Maschinenbau die H\u00e4lfte der Produktion und des Auslandsabsatzes ausmacht. V\u00e4nern \u2013 der drittgr\u00f6\u00dfte See Europas \u2013 pr\u00e4gt zusammen mit V\u00e4ttern, M\u00e4laren und Hj\u00e4lmaren die Tiefebenen von G\u00f6taland und Svealand, w\u00e4hrend n\u00f6rdlich des Polarkreises Fj\u00e4ll und boreale Wildnis in weite Gebiete \u00fcbergehen, in denen Rentierherden umherziehen und das Nordlicht \u00fcber den Mitternachtshimmel tanzt.<\/p>\n<p>Klimatologisch widerspricht Schweden den einfachen Erwartungen an n\u00f6rdliche Breitengrade. Seine gem\u00e4\u00dfigten Zonen werden vom Golfstrom und den vorherrschenden Westwinden gemildert. Im Sommer herrschen Tagesh\u00f6chsttemperaturen von 19 bis 24 \u00b0C, im Winter Durchschnittstemperaturen zwischen -9 und 3 \u00b0C, und im \u00e4u\u00dfersten S\u00fcden kann es mitunter gar keine durchgehende Schneedecke geben. Die Tageslichtstunden schwanken stark: Stockholm genie\u00dft mehr als 18 Stunden Hochsommersonne, hat im Dezember jedoch nur sechs Stunden Tageslicht. Die j\u00e4hrlichen Niederschlagsmengen liegen in den meisten Regionen zwischen 500 und 800 Millimetern, steigen im S\u00fcdwesten auf 1.200 Millimeter an und \u00fcbersteigen in ausgew\u00e4hlten Bergregionen 2.000 Millimeter. Langfristige Trends deuten darauf hin, dass der R\u00fcckgang des Meereises in der Barentssee die k\u00fcnftigen Schneef\u00e4lle in Skandinavien verst\u00e4rken k\u00f6nnte.<\/p>\n<p>Das kulturelle Erbe Schwedens ist ebenso vielf\u00e4ltig. Seine architektonische Tradition reicht von Holzbauten des fr\u00fchen Mittelalters \u00fcber romanische und gotische Steinkirchen \u2013 beispielhaft daf\u00fcr sind der Dom zu Lund (11. Jahrhundert) und der Backsteindom zu Skara (14. Jahrhundert) \u2013 bis hin zu den Barockschl\u00f6ssern und Rokoko-Stadtansichten des 18. Jahrhunderts, darunter die Marinebastion Karlskrona (UNESCO-Weltkulturerbe) und das k\u00f6nigliche Schloss Drottningholm auf Eker\u00f6. Die funktionalistische \u201eStockholmer Ausstellung\u201c von 1930 l\u00f6ste eine modernistische Welle namens \u201eFunkis\u201c aus, die sich in den folgenden Jahrzehnten in den expansiven Wohnsiedlungen des Millionenprogramms manifestierte. Unter den zeitgen\u00f6ssischen Wahrzeichen f\u00e4llt die Avicii Arena in Stockholm als gr\u00f6\u00dftes halbkugelf\u00f6rmiges Bauwerk der Welt mit einer Kuppelspannweite von 110 Metern auf.<\/p>\n<p>Die schwedische K\u00fcche, historisch schlicht und gepr\u00e4gt von Fisch, Fleisch, Kartoffeln und Milchprodukten, hat sich zu einer raffinierten Tradition entwickelt. Kultige Gerichte \u2013 Fleischb\u00e4llchen mit So\u00dfe und Preiselbeerkonfit\u00fcre, Pyttipanna-Hasch und das saisonale Surstr\u00f6mming-Ferment \u2013 \u200b\u200bstehen neben dem geselligen Sm\u00f6rg\u00e5sbord und den zeremoniellen Toasts mit Schnaps und Aquavit. Kn\u00e4ckebrote k\u00f6nnen es heute in ihrer Vielfalt mit ihren traditionellen flachen Formen aufnehmen, und regionale Spezialit\u00e4ten wie Aal im S\u00fcden und fermentierter Hering im Norden zeugen von einer anhaltenden Verbindung zwischen Geografie und Gastronomie.<\/p>\n<p>Die Verkehrsinfrastruktur des Landes spiegelt Schwedens doppeltes Engagement f\u00fcr Konnektivit\u00e4t und Umweltschutz wider. \u00dcber 162.000 Kilometer befestigte Stra\u00dfen, 1.428 Kilometer Schnellstra\u00dfen und die \u00d6resundbr\u00fccke verbinden Schweden sowohl innerhalb Schwedens als auch mit D\u00e4nemark. Die Eisenbahnlinien werden zwar privat betrieben, befinden sich aber gr\u00f6\u00dftenteils in staatlicher Hand (Trafikverket), und die Stockholmer U-Bahn \u2013 das einzige U-Bahn-System \u2013 bedient 100 Stationen. Die gro\u00dfen Flugh\u00e4fen Arlanda, Landvetter und Skavsta erleichtern den internationalen Reiseverkehr, w\u00e4hrend ein ausgedehntes Netz von Autof\u00e4hren und Schifffahrtswegen Schweden mit seinen baltischen Nachbarn und der Nordsee verbindet. Allein im Stockholmer Sch\u00e4rengarten k\u00f6nnen Besucher das Jedermannsrecht nutzen, um Inseln und Wasserwege zu erkunden, an ausgewiesenen Pl\u00e4tzen zu campen und die maritime Umgebung, die die schwedische Identit\u00e4t seit Jahrhunderten pr\u00e4gt, hautnah zu erleben.<\/p>\n<p>Schweden besteht administrativ und kulturell aus drei historischen L\u00e4ndern: Norrland im Norden, Svealand in der Mitte und G\u00f6taland im S\u00fcden. Jedes dieser L\u00e4nder besteht aus Provinzen, die trotz fehlender formaler Regierungsgewalt in der \u00f6ffentlichen Vorstellung bestehen bleiben. Norrland \u2013 bestehend aus f\u00fcnf Provinzen \u2013 umfasst fast 60 Prozent der Landesfl\u00e4che, ist aber dennoch d\u00fcnn besiedelt. Seine W\u00e4lder, Fl\u00fcsse und Hochplateaus bieten sowohl Wintersport als auch \u00d6kotourismus. Svealand, Sitz der politischen und religi\u00f6sen Institutionen des Landes, umfasst Stockholm, Uppsala und \u00d6rebro und geht auf fr\u00fche metallurgische Zentren zur\u00fcck, die Schwedens Feldz\u00fcge im Drei\u00dfigj\u00e4hrigen Krieg vorantrieben. G\u00f6taland, das angestammte Reich der Gauten, zeugt von mittelalterlichen Kathedralen, Ahnengr\u00e4bern und modernen Freizeiteinrichtungen. Seine fruchtbaren B\u00f6den und ausgedehnten Wasserwege st\u00fctzten Handelsnetzwerke, die den industriellen Aufstieg von St\u00e4dten wie G\u00f6teborg und Malm\u00f6 vorwegnahmen.<\/p>\n<p>Das st\u00e4dtische Leben Schwedens konzentriert sich um seine wichtigsten St\u00e4dte. Stockholms Barockpal\u00e4ste und Museen f\u00fcr zeitgen\u00f6ssische Kunst pr\u00e4gen den historischen Kern. G\u00f6teborg, einst der bedeutendste Hafen des Landes, verbindet industrielles Erbe mit einem ber\u00fchmten botanischen Garten. Malm\u00f6, durch eine Br\u00fccke mit Kopenhagen verbunden, ist ein Beispiel f\u00fcr kosmopolitischen Aufschwung. Uppsala, der ehemalige Sitz der schwedischen Erzbisch\u00f6fe, besitzt die gr\u00f6\u00dfte mittelalterliche Kathedrale des Kontinents. Lund pulsiert mit der Dynamik seiner Universit\u00e4t und den Ankl\u00e4ngen an die Gr\u00fcndungen der Wikinger. Visbys ummauerter Bezirk erinnert an den Reichtum der Hanse. Und Ume\u00e5, die n\u00f6rdlichste Stadt, floriert inmitten von Birkenw\u00e4ldern und innovativer Bildung. Dar\u00fcber hinaus tragen der Luft- und Raumfahrtcampus von Link\u00f6ping, die Holzwerften von Karlskrona sowie das Eisenerzbergwerk und das Eishotel von Kiruna jeweils eigene Kapitel zur Geschichte Schwedens bei.<\/p>\n<p>Schwedens Kulturlandschaften erstrecken sich \u00fcber die st\u00e4dtischen Grenzen hinaus in Gebiete rauer Wildnis und folkloristischer Tradition. 29 Nationalparks, von den subarktischen Weiten des Sarek \u2013 lange als Europas letzte Wildnis gepriesen \u2013 bis zu den unter Wasser liegenden Riffen des Kosterhavet, sch\u00fctzen Lebensr\u00e4ume, in denen Elche und Vielfra\u00dfe frei umherstreifen und Meereslebewesen unter den Wellen florieren. Die F\u00fclle des Landes erm\u00f6glicht saisonale Freizeitaktivit\u00e4ten: Langlauf und der traditionsreiche Vasaloppet-Marathon im Winter; Wandern auf dem Kungsleden im Sommer; Kanufahren durch Flusskorridore; Segeln zwischen Sch\u00e4reninseln; und die uralte Jagd nach Beeren und Pilzen. Der Swedish Classic Circuit, ein Ausdauer-Quadrathlon mit Skifahren, Laufen, Radfahren und Schwimmen, verk\u00f6rpert den Geist der Outdoor-B\u00fcrgerschaft, der das nationale Leben durchdringt.<\/p>\n<p>Im zivilgesellschaftlichen Bereich spiegeln Schwedens Institutionen seinen Ethos des kollektiven Wohlergehens und seines egalit\u00e4ren Versprechens wider. Mit einem der weltweit h\u00f6chsten Pro-Kopf-BIP und dem Status als zw\u00f6lftreichstes Land verbindet Schweden industrielle St\u00e4rke \u2013 beispielhaft dargestellt durch Volvo, Ericsson, Saab und IKEA \u2013 mit der Verantwortung der Zivilgesellschaft durch Vereine, die Volkskultur, Handwerk und Gemeinschaftsleben bewahren. Freilichtmuseen wie Skansen bewahren traditionelle Architektur und traditionelles Handwerk; Hembygdsf\u00f6reningar (lokale Heimatvereine) verankern kulturelle Kontinuit\u00e4t; und das Jedermannsrecht (Allemansr\u00e4tten) verankert die gemeinsame Verantwortung f\u00fcr Natursch\u00e4tze.<\/p>\n<p>Wer Schweden bereist, erlebt eine Welt, in der Gletscherlandschaften auf das pulsierende Gro\u00dfstadtleben treffen, jahrhundertealte Steint\u00fcrme Kiefernw\u00e4lder durchbrechen und ein Ethos der Offenheit jeden Aspekt \u00f6ffentlichen und privaten Handelns pr\u00e4gt. Von den gefrorenen Fjells Lapplands bis zu den gepflasterten Kais Malm\u00f6s ist die vielschichtige Geschichte des Landes \u2013 von Wikingerh\u00e4uptlingen und Reichsgr\u00fcndern, von industriellen Innovatoren und Sozialreformern \u2013 sowohl in der physischen Umgebung als auch in der kollektiven Vorstellungswelt sp\u00fcrbar. Schweden ist ein Land, das von Kontinuit\u00e4t und Wandel gepr\u00e4gt ist, in dem die elementaren Kr\u00e4fte der Natur mit den raffinierten Ausdrucksformen von Literatur, Design und b\u00fcrgerlicher Ordnung koexistieren und so eine bleibende Geschichte von kultureller und \u00f6kologischer Resonanz schaffen.<\/p>","protected":false},"excerpt":{"rendered":"<p>Schweden, offiziell K\u00f6nigreich Schweden, ist ein nordischer Staat auf der skandinavischen Halbinsel in Nordeuropa mit rund 10,6 Millionen Einwohnern. Strategisch g\u00fcnstig zwischen Norwegen im Westen und Norden und Finnland im Osten gelegen, erstreckt sich Schweden \u00fcber eine Fl\u00e4che von 450.295 Quadratkilometern (173.656 Quadratmeilen) und abwechslungsreichem Gel\u00e4nde. Es ist das gr\u00f6\u00dfte nordische Land und das f\u00fcnftgr\u00f6\u00dfte Land Europas. Die geringe Bev\u00f6lkerungsdichte von etwa 25,5 Einwohnern pro Quadratkilometer, die sich aus der enormen Ausdehnung des Landes und der relativ geringen Bev\u00f6lkerungszahl ergibt, kennzeichnet die nordische Region.<\/p>","protected":false},"author":1,"featured_media":3377,"parent":24078,"menu_order":0,"comment_status":"closed","ping_status":"closed","template":"elementor_theme","meta":{"_eb_attr":"","footnotes":""},"class_list":["post-12865","page","type-page","status-publish","has-post-thumbnail"],"_links":{"self":[{"href":"https:\/\/travelshelper.com\/de\/wp-json\/wp\/v2\/pages\/12865","targetHints":{"allow":["GET"]}}],"collection":[{"href":"https:\/\/travelshelper.com\/de\/wp-json\/wp\/v2\/pages"}],"about":[{"href":"https:\/\/travelshelper.com\/de\/wp-json\/wp\/v2\/types\/page"}],"author":[{"embeddable":true,"href":"https:\/\/travelshelper.com\/de\/wp-json\/wp\/v2\/users\/1"}],"replies":[{"embeddable":true,"href":"https:\/\/travelshelper.com\/de\/wp-json\/wp\/v2\/comments?post=12865"}],"version-history":[{"count":0,"href":"https:\/\/travelshelper.com\/de\/wp-json\/wp\/v2\/pages\/12865\/revisions"}],"up":[{"embeddable":true,"href":"https:\/\/travelshelper.com\/de\/wp-json\/wp\/v2\/pages\/24078"}],"wp:featuredmedia":[{"embeddable":true,"href":"https:\/\/travelshelper.com\/de\/wp-json\/wp\/v2\/media\/3377"}],"wp:attachment":[{"href":"https:\/\/travelshelper.com\/de\/wp-json\/wp\/v2\/media?parent=12865"}],"curies":[{"name":"wp","href":"https:\/\/api.w.org\/{rel}","templated":true}]}}