{"id":12648,"date":"2024-09-16T18:01:50","date_gmt":"2024-09-16T18:01:50","guid":{"rendered":"https:\/\/travelshelper.com\/staging\/?page_id=12648"},"modified":"2026-03-13T00:14:59","modified_gmt":"2026-03-13T00:14:59","slug":"vereinigtes-konigreich","status":"publish","type":"page","link":"https:\/\/travelshelper.com\/de\/destinations\/europe\/united-kingdom\/","title":{"rendered":"Vereinigtes K\u00f6nigreich"},"content":{"rendered":"<p>Das Vereinigte K\u00f6nigreich von Gro\u00dfbritannien und Nordirland, ein Archipel mit einer Fl\u00e4che von 94.354 Quadratmeilen (244.376 km\u00b2) vor der nordwestlichen Grenze des europ\u00e4ischen Kontinents, beherbergt im Jahr 2023 \u00fcber 68,2 Millionen Einwohner. Es umfasst die Hauptinsel Gro\u00dfbritannien, das nord\u00f6stliche Sechstel Irlands und eine Reihe kleinerer Inseln, die zwischen Atlantik, Nordsee, \u00c4rmelkanal, Keltischer See und Irischer See verstreut sind. Dieser Zusammenschluss der vier Nationen England, Schottland, Wales und Nordirland stellt sowohl geographisch als auch politisch ein komplexes Ganzes dar. Seine \u00e4u\u00dfersten Enden sind von Nordfrankreich nur durch 22 Meilen unter dem \u00c4rmelkanal getrennt, jedoch durch den 31 Meilen langen Eurotunnel mit Europa verbunden.<\/p>\n<p>Von den ersten Fu\u00dfabdr\u00fccken im neolithischen Boden bis zum Einmarsch der r\u00f6mischen Legionen im Jahr 43 n. Chr. waren die Britischen Inseln Zeugen unaufh\u00f6rlichen menschlichen Strebens. Nach zwei Jahrhunderten r\u00f6mischer Herrschaft wichen die abziehenden Legionen angels\u00e4chsischen Siedlungen, die \u00fcber Jahrhunderte hinweg unterschiedliche K\u00f6nigreiche zusammenf\u00fcgten. Die normannische Eroberung im Jahr 1066 gab Englands Kurs eine neue Richtung und schuf eine feudale Ordnung, die bis zum Ende der Rosenkriege im sp\u00e4ten 15. Jahrhundert eine zentralisierte englische Monarchie hervorbrachte, die bereit zur Expansion war. Im 16. Jahrhundert wurde Wales annektiert; in den folgenden Jahrhunderten m\u00fcndete der imperiale Ehrgeiz in das Britische Empire, dessen Herrschaft sich auf ihrem H\u00f6hepunkt in den 1920er Jahren \u00fcber ein Viertel der Landmasse und Bev\u00f6lkerung des Planeten erstreckte. Doch die Folgen zweier Weltkriege und die unaufhaltsame Flut der Entkolonialisierung lie\u00dfen diese globale Reichweite schwinden und lie\u00dfen einen modernen Commonwealth unabh\u00e4ngiger Staaten und das heutige Vereinigte K\u00f6nigreich zur\u00fcck, das durch den Royal and Parliamentary Titles Act von 1927 gegr\u00fcndet wurde.<\/p>\n<p>Die Residenz der Krone im Westminster Palace, einst eine monolithische Macht, wurde im 17. Jahrhundert \u2013 vor allem durch den Englischen B\u00fcrgerkrieg \u2013 eingeschr\u00e4nkt und f\u00fchrte w\u00e4hrend der georgianischen \u00c4ra allm\u00e4hlich zum Amt des Premierministers. Die Acts of Union von 1707 schlossen England und Schottland zu Gro\u00dfbritannien zusammen, w\u00e4hrend die Acts of Union von 1800 Irland zum Vereinigten K\u00f6nigreich von Gro\u00dfbritannien und Irland vereinten. Die Abspaltung des gr\u00f6\u00dften Teils Irlands im Jahr 1922 formte das K\u00f6nigreich zu seiner heutigen Form um und umfasste vier eigenst\u00e4ndige Jurisdiktionen: England und Wales, Schottland und Nordirland. Seit 1999 \u00fcben Schottland, Wales und Nordirland dezentrale Autorit\u00e4t in Angelegenheiten von Bildung bis Gesundheit aus, w\u00e4hrend Westminster weiterhin die Aufsicht \u00fcber Verteidigung, Au\u00dfenpolitik und makro\u00f6konomische Politik beh\u00e4lt.<\/p>\n<p>Geografisch erstreckt sich das Vereinigte K\u00f6nigreich \u00fcber die Breitengrade 49\u00b0 bis 61\u00b0 N und 9\u00b0 W bis 2\u00b0 O. Die 17.820 km lange K\u00fcste der Hauptinsel tr\u00e4gt zu einer Gesamtk\u00fcstenl\u00e4nge von fast 31.368 km bei \u2013 die genaue Zahl schwankt jedoch aufgrund der schwankenden K\u00fcstenl\u00e4nge. Nordirlands 499 km lange Landesgrenze zur Republik Irland zeugt von der komplexen Teilung der Insel, w\u00e4hrend die 650 km lange K\u00fcste des Landes die sanften H\u00fcgel und verstreuten Seen einrahmt. Im gem\u00e4\u00dfigten Seeklima, das von milden, feuchten S\u00fcdwestwinden dominiert wird, die vom Golfstrom erw\u00e4rmt werden, kommt es im Vereinigten K\u00f6nigreich selten zu extremen Temperaturen \u2013 der Winterfrost f\u00e4llt selten weit unter 0 \u00b0C (32 \u00b0F), und die Sommertemperaturen \u00fcbersteigen im Sommer selten 30 \u00b0C (86 \u00b0F) \u2013, selbst wenn die Hochlandgebiete Schottlands subarktische und tundraartige Bedingungen erreichen. Die j\u00e4hrliche Sonnenscheindauer betr\u00e4gt durchschnittlich etwa 1.340 Stunden, wobei regionale Schwankungen zwischen 1.200 und 1.580 Stunden liegen, eine Zahl, die seit Ende der 1990er Jahre einen Aufw\u00e4rtstrend aufweist.<\/p>\n<p>Unter diesem klimatischen Schirm liegen vier terrestrische \u00d6koregionen: Keltische Laubw\u00e4lder, Buchenw\u00e4lder des englischen Tieflands, feuchte Mischw\u00e4lder des Nordatlantiks und kaledonische Nadelw\u00e4lder. Rund 3,25 Millionen Hektar \u2013 etwa 13 Prozent der Landesfl\u00e4che \u2013 sind von W\u00e4ldern bedeckt, ein Beweis f\u00fcr nat\u00fcrliche Best\u00e4ndigkeit und gezielten Naturschutz. Im belgischen Netz der Autobahnen und Eisenbahnlinien verl\u00e4uft der Meridian des Royal Greenwich Observatory am L\u00e4ngengrad Null \u2013 ein bleibender Hinweis auf Gro\u00dfbritanniens zentrale Rolle bei der Erdvermessung.<\/p>\n<p>Als erste Industrienation der Welt verhalfen Gro\u00dfbritannien seine Fortschritte in Technologie, mechanisierter Landwirtschaft und Fabrikproduktion im 18. und 19. Jahrhundert zu wirtschaftlicher Vormachtstellung. London entwickelte sich zum weltweit f\u00fchrenden Finanzzentrum und orchestrierte t\u00e4glich Devisentransaktionen, die heute 38,1 Prozent eines 7,5 Billionen US-Dollar schweren Marktes ausmachen. Auch als das auf robusten Handelsnetzwerken und einer riesigen Handelsflotte basierende Imperium nach zwei globalen Konflikten und Entkolonialisierungswellen schrumpfte, behielt das Vereinigte K\u00f6nigreich einen Gro\u00dfteil seiner Finanzkraft. Heute z\u00e4hlt es gemessen am nominalen BIP zu den gr\u00f6\u00dften Volkswirtschaften, seine W\u00e4hrung \u2013 das Pfund Sterling \u2013 ist die viertmeistgehandelte und viertgr\u00f6\u00dfte Reservew\u00e4hrung weltweit, und seine historische Bindung an den Euro wurde durch keine Umstellung beeintr\u00e4chtigt.<\/p>\n<p>Doch hinter dieser Fassade des Wohlstands verbergen sich deutliche Ungleichheiten. Die soziale Marktwirtschaft Gro\u00dfbritanniens weist zwar einen hohen Index der menschlichen Entwicklung auf, z\u00e4hlt aber gleichzeitig zu den L\u00e4ndern mit den h\u00f6chsten Einkommensunterschieden innerhalb der OECD. Die Finanzpolitik versucht seit langem, Marktdynamik und soziale Wohlfahrt in Einklang zu bringen, auch wenn in Parlament und Bev\u00f6lkerung weiterhin Debatten \u00fcber dieses Gleichgewicht toben. Trotz dieser Spannungen beh\u00e4lt die britische Soft Power ihren enormen Einfluss: Rechtsrahmen nach dem Vorbild des englischen Common Law, die Allgegenw\u00e4rtigkeit der englischen Sprache \u2013 heute die meistgesprochene und dritth\u00e4ufigste Muttersprache weltweit \u2013 und die globale Verbreitung kultureller Exporte von Shakespeare bis zu den Beatles zeugen von einer kulturellen Resonanz, die weit \u00fcber diese Inseln hinausreicht.<\/p>\n<p>England, der fl\u00e4chen- und bev\u00f6lkerungsreichste Teil Englands \u2013 mit 53 Prozent der Landesfl\u00e4che (130.395 km\u00b2) \u2013 ist gepr\u00e4gt von einer ausgepr\u00e4gten Dichotomie zwischen Tiefland und Hochland. Unterhalb der diagonalen Linie Tees\u2013Exe liegen idyllische Ebenen: die Norfolk Broads, die South Downs, der New Forest und die sanften H\u00fcgel Cornwalls. Im Nordwesten erheben sich die Berge und T\u00e4ler des Lake District zum 978 Meter hohen Scafell Pike; andernorts pr\u00e4gen die Pennines und die Yorkshire Dales eine raue Silhouette, w\u00e4hrend Exmoor und Dartmoor an urzeitliche Moorlandschaften erinnern.<\/p>\n<p>Schottland, das mit 78.772 km\u00b2 32 Prozent des Landes umfasst, ist ein Land der Kontraste. Vor der K\u00fcste liegen fast 800 Inseln \u2013 die Hebriden, Orkney und Shetland \u2013, w\u00e4hrend die Highlands den Gro\u00dfteil des bergigen Gebiets einnehmen. Im Landesinneren bieten Loch Lomond und die Trossachs kristallklares Wasser, umrahmt von uralten W\u00e4ldern; weiter n\u00f6rdlich thront der Ben Nevis mit 1.345 Metern (4.413 Fu\u00df) als h\u00f6chster Gipfel der Britischen Inseln. Jenseits der rauen Landschaften pulsieren die kosmopolitischen St\u00e4dte Edinburgh und Glasgow mit Architektur, Festivals und Industrie.<\/p>\n<p>Wales, das fl\u00e4chenm\u00e4\u00dfig weniger als 9 Prozent der britischen Fl\u00e4che (20.779 km\u00b2) einnimmt, zeigt seinen gebirgigen Charakter in Snowdonia, der Heimat des 1.085 Meter hohen Snowdon. Die K\u00fcste von Pembrokeshire mit \u00fcber 2.704 km K\u00fcstenlinie l\u00e4dt zu ausgiebigen Erkundungen ein. Anglesey ist die gr\u00f6\u00dfte von mehreren vorgelagerten Inseln und bewahrt alte keltische Traditionen neben modernem Leben.<\/p>\n<p>Nordirland erstreckt sich \u00fcber 14.160 km\u00b2 und ist gepr\u00e4gt von sanften H\u00fcgeln, dem ausgedehnten Lough Neagh (388 km\u00b2), dem gr\u00f6\u00dften See der Britischen Inseln, und den sagenumwobenen Basalts\u00e4ulen des Giant\u2019s Causeway, einem UNESCO-Weltkulturerbe. Der h\u00f6chste Gipfel, der Slieve Donard in den Mournes, erreicht 852 Meter und ist ein stiller W\u00e4chter jahrhundertelanger kultureller Begegnungen und Konflikte.<\/p>\n<p>Au\u00dferhalb des eigentlichen Vereinigten K\u00f6nigreichs liegen die Kronbesitzungen \u2013 Guernsey und seine Satelliteninseln Alderney, Herm und Sark sowie Jersey \u2013, die alle Spuren anglonormannischen Erbes und mitunter unerwartete, durch die N\u00e4he zum franz\u00f6sischen Festland gepr\u00e4gte Klimazonen aufweisen. Die Isle of Man in der Mitte des \u00c4rmelkanals bewahrt ihre keltischen Br\u00e4uche, veranstaltet j\u00e4hrlich ein TT-Motorradrennen und beherbergt das \u00e4lteste Parlament der Welt. Weiter entfernt erstrecken sich vierzehn \u00dcberseegebiete \u2013 von der subtropischen Sch\u00f6nheit Bermudas und der Kaimaninseln bis zu den windgepeitschten Weiten der Britisch-Antarktis \u2013 \u00fcber den Einflussbereich der Krone. Jedes dieser Gebiete wird durch eigene Gesetze und geografisch abgelegene Wege regiert.<\/p>\n<p>Innerhalb der vier Nationen erz\u00e4hlen die St\u00e4dte und Gemeinden ein Mosaik aus Geschichten. London, eine Metropole von un\u00fcbertroffenem globalen Einfluss, ist voller Wahrzeichen \u2013 Westminster, der Tower, das British Museum \u2013 jedes ein roter Faden in einer sich st\u00e4ndig entfaltenden Erz\u00e4hlung. Belfast, das aus der Stadterneuerung hervorgeht, pulsiert vor kreativer Energie, w\u00e4hrend Bristol georgianische Fassaden und moderne Kunst mit maritimem Erbe in Einklang bringt. Cardiffs kohlebetriebene Vergangenheit weicht einer lebendigen Kunstszene an der Bucht; Edinburgh, nach London die zweitgr\u00f6\u00dfte Stadt der Welt, veranstaltet jeden August inmitten mittelalterlicher Gassen und vulkanischer Klippen das gr\u00f6\u00dfte Kunstfestival der Welt. Glasgow verbindet viktorianische Pracht mit k\u00fcnstlerischer Innovation, Liverpool l\u00e4sst sein Hafenstadterbe durch Musik und Sport wieder aufleben und Manchester hat sich \u00fcber Jahrzehnte vom industriellen Epizentrum zum kulturellen Schmelztiegel gewandelt. Yorks alte Stadtmauern und r\u00f6mischen \u00dcberreste zeugen von Jahrtausenden menschlicher Einfl\u00fcsse, die in sein Stra\u00dfenbild eingewoben sind.<\/p>\n<p>Doch auch jenseits dieser urbanen Begegnungen entfaltet sich das Vereinigte K\u00f6nigreich an einzigartigen Orten elementarer Dramatik. Die polygonalen S\u00e4ulen des Giant\u2019s Causeway ragen aus dem Atlantik, die Klippen der Gower-Halbinsel rahmen die salzige Brise der Swansea Bay ein, und die br\u00f6ckelnden Steine \u200b\u200bdes Hadrianswalls zeugen von Roms fernsten Ambitionen. Die Isle of Arran, oft als \u201eMiniatur-Schottland\u201c beschrieben, vereint Berge, W\u00e4lder und K\u00fcste zu einem einzigen Ausflugsziel, w\u00e4hrend die Wasserbecken des Lake District Wordsworths klagende Verse widerspiegeln. In den Tiefen von Loch Ness erwachen Folklore entlang uralter K\u00fcstenlinien, und der Peak District lockt Millionen in seine zug\u00e4nglichen H\u00f6hen. Die schieferbedeckten Gipfel Snowdonias fordern sowohl Muskeln als auch Geist heraus, und die monolithischen Steine \u200b\u200bvon Stonehenge, 4.500 Jahre lang verwittert, faszinieren noch heute Gelehrte und Pilger gleicherma\u00dfen.<\/p>\n<p>Kulturell reich und \u00f6kologisch vielf\u00e4ltig, politisch differenziert und doch durch gemeinsame Institutionen vereint, steht das Vereinigte K\u00f6nigreich heute an einem Scheideweg zwischen Geschichte und Moderne. Seine konstitutionelle Monarchie und parlamentarische Demokratie \u2013 aufgeteilt auf drei unterschiedliche Rechtssysteme, doch unter einer Krone vereint \u2013 schaffen ein Gleichgewicht zwischen alten Traditionen und zeitgen\u00f6ssischer Regierungsf\u00fchrung. Seine Wirtschaft, zugleich marktorientiert und sozial bewusst, k\u00e4mpft mit Ungleichheit, obwohl es die globalen Finanz- und Handelsm\u00e4rkte beherrscht. Seine Sprache, Literatur, Musik und sein Sport strahlen eine sanfte Macht aus, die weit \u00fcber seine physischen Grenzen hinausgeht und den globalen Diskurs und die Identit\u00e4t pr\u00e4gt. F\u00fcr Reisende, Wissenschaftler und Einheimische bieten diese Inseln kein statisches Tableau, sondern eine sich st\u00e4ndig entfaltende Erz\u00e4hlung \u2013 eine Erz\u00e4hlung, in der Vergangenheit und Gegenwart kontinuierlich miteinander kommunizieren und sich gegenseitig in einem Dialog beeinflussen, der zugleich intim und umfassend ist.<\/p>","protected":false},"excerpt":{"rendered":"<p>Das Vereinigte K\u00f6nigreich Gro\u00dfbritannien und Nordirland, oft auch als Vereinigtes K\u00f6nigreich (UK) oder Britannien bezeichnet, ist ein souver\u00e4ner Staat vor der Nordwestk\u00fcste Kontinentaleuropas. Mit einer Bev\u00f6lkerung von rund 67,6 Millionen Menschen (Stand 2022) erstreckt sich Gro\u00dfbritannien \u00fcber den \u00c4rmelkanal im S\u00fcden und die Nordsee im Osten und nimmt damit eine strategische Position im Nordatlantik ein. Der Inselstaat besteht aus vier eigenst\u00e4ndigen L\u00e4ndern \u2013 England, Schottland, Wales und Nordirland \u2013 und erstreckt sich \u00fcber eine Gesamtfl\u00e4che von 244.376 km\u00b2.<\/p>","protected":false},"author":1,"featured_media":4691,"parent":24078,"menu_order":0,"comment_status":"closed","ping_status":"closed","template":"elementor_theme","meta":{"_eb_attr":"","footnotes":""},"class_list":["post-12648","page","type-page","status-publish","has-post-thumbnail"],"_links":{"self":[{"href":"https:\/\/travelshelper.com\/de\/wp-json\/wp\/v2\/pages\/12648","targetHints":{"allow":["GET"]}}],"collection":[{"href":"https:\/\/travelshelper.com\/de\/wp-json\/wp\/v2\/pages"}],"about":[{"href":"https:\/\/travelshelper.com\/de\/wp-json\/wp\/v2\/types\/page"}],"author":[{"embeddable":true,"href":"https:\/\/travelshelper.com\/de\/wp-json\/wp\/v2\/users\/1"}],"replies":[{"embeddable":true,"href":"https:\/\/travelshelper.com\/de\/wp-json\/wp\/v2\/comments?post=12648"}],"version-history":[{"count":0,"href":"https:\/\/travelshelper.com\/de\/wp-json\/wp\/v2\/pages\/12648\/revisions"}],"up":[{"embeddable":true,"href":"https:\/\/travelshelper.com\/de\/wp-json\/wp\/v2\/pages\/24078"}],"wp:featuredmedia":[{"embeddable":true,"href":"https:\/\/travelshelper.com\/de\/wp-json\/wp\/v2\/media\/4691"}],"wp:attachment":[{"href":"https:\/\/travelshelper.com\/de\/wp-json\/wp\/v2\/media?parent=12648"}],"curies":[{"name":"wp","href":"https:\/\/api.w.org\/{rel}","templated":true}]}}